{"id":26769,"date":"2021-11-05T01:38:07","date_gmt":"2021-11-05T01:38:07","guid":{"rendered":"https:\/\/mouldking.store\/?post_type=product&#038;p=26769"},"modified":"2023-12-12T10:13:56","modified_gmt":"2023-12-12T03:13:56","slug":"mould-king-21022-trooper-bust-with-1516-pieces","status":"publish","type":"product","link":"https:\/\/mouldking.store\/vi\/shop\/mould-king-21022-trooper-bust-with-1516-pieces\/","title":{"rendered":"T\u01b0\u1ee3ng b\u00e1n th\u00e2n qu\u00e2n nh\u00e2n Mold King 21022 v\u1edbi 1516 m\u1ea3nh gh\u00e9p"},"content":{"rendered":"<p>Th\u00f4ng tin s\u1ea3n ph\u1ea9m:<\/p>\n<ol>\n<li>Th\u01b0\u01a1ng hi\u1ec7u: Khu\u00f4n Vua<\/li>\n<li>Gi\u1edbi t\u00ednh: Unisex<\/li>\n<li>T\u00ean: B\u1ee9c t\u01b0\u1ee3ng b\u00e1n th\u00e2n qu\u00e2n nh\u00e2n<\/li>\n<li>\u0110\u1ed9 tu\u1ed5i: &gt; 14 tu\u1ed5i<\/li>\n<li>S\u1ed1 m\u00f4 h\u00ecnh: 21022<\/li>\n<li>Ph\u00e2n lo\u1ea1i: T\u1eadp h\u1ee3p<\/li>\n<li>H\u00ecnh d\u1ea1ng kh\u1ed1i nh\u1ef1a: G\u1ea1ch t\u1ef1 kh\u00f3a<\/li>\n<li>Ch\u1ea5t li\u1ec7u: Nh\u1ef1a<\/li>\n<li>Lo\u1ea1i nh\u1ef1a: ABS<\/li>\n<li>Kh\u1ed1i g\u1ea1ch: 1516 C\u00c1I<\/li>\n<li>Ch\u1ee9a h\u01b0\u1edbng d\u1eabn l\u1eafp r\u00e1p chi ti\u1ebft.<\/li>\n<\/ol>\n<p>\u0110\u1ec3 \u00fd:<br \/>\n1. Kh\u00f4ng c\u00f3 h\u1ed9p ban \u0111\u1ea7u, nh\u01b0ng ch\u00fang t\u00f4i \u0111\u1ea3m b\u1ea3o s\u1ea3n ph\u1ea9m c\u1ee7a ch\u00fang t\u00f4i c\u00f3 ch\u1ea5t l\u01b0\u1ee3ng \u0111\u1ea3m b\u1ea3o v\u00e0 bao b\u00ec \u0111\u1eb9p.<br \/>\n2. V\u00ec t\u1ea5t c\u1ea3 c\u00e1c b\u1ed9 ph\u1eadn ch\u00fang t\u00f4i \u0111\u00e3 ki\u1ec3m tra tr\u01b0\u1edbc khi v\u1eadn chuy\u1ec3n, v\u00ec v\u1eady n\u1ebfu b\u1ea1n th\u1ea5y m\u1ed9t s\u1ed1 b\u1ed9 ph\u1eadn b\u1ecb thi\u1ebfu ho\u1eb7c h\u01b0 h\u1ecfng, \u0111\u1eebng lo l\u1eafng v\u00e0 ch\u1ec9 c\u1ea7n vui l\u00f2ng li\u00ean h\u1ec7 v\u1edbi ch\u00fang t\u00f4i v\u00e0 ch\u00fang t\u00f4i c\u00f3 th\u1ec3 g\u1eedi l\u1ea1i mi\u1ec5n ph\u00ed cho b\u1ea1n ngay l\u1eadp t\u1ee9c.<\/p>\n<figure id=\"attachment_26771\" aria-describedby=\"caption-attachment-26771\" style=\"width: 800px\" class=\"wp-caption aligncenter\"><img fetchpriority=\"high\" decoding=\"async\" class=\"wp-image-26771 size-full\" src=\"https:\/\/mouldking.store\/wp-content\/uploads\/2021\/11\/Mould-King-21022-Trooper-Bust-with-1516-pieces-1.jpg\" alt=\"Mould King 21022 Trooper Bust with 1516 pieces\" width=\"800\" height=\"800\" title=\"-\" srcset=\"https:\/\/mouldking.store\/wp-content\/uploads\/2021\/11\/Mould-King-21022-Trooper-Bust-with-1516-pieces-1.jpg 800w, https:\/\/mouldking.store\/wp-content\/uploads\/2021\/11\/Mould-King-21022-Trooper-Bust-with-1516-pieces-1-300x300.jpg 300w, https:\/\/mouldking.store\/wp-content\/uploads\/2021\/11\/Mould-King-21022-Trooper-Bust-with-1516-pieces-1-768x768.jpg 768w, https:\/\/mouldking.store\/wp-content\/uploads\/2021\/11\/Mould-King-21022-Trooper-Bust-with-1516-pieces-1-600x600.jpg 600w, https:\/\/mouldking.store\/wp-content\/uploads\/2021\/11\/Mould-King-21022-Trooper-Bust-with-1516-pieces-1-150x150.jpg 150w\" sizes=\"(max-width: 800px) 100vw, 800px\" \/><figcaption id=\"caption-attachment-26771\" class=\"wp-caption-text\">T\u01b0\u1ee3ng b\u00e1n th\u00e2n qu\u00e2n nh\u00e2n Mold King 21022 v\u1edbi 1516 m\u1ea3nh gh\u00e9p<\/figcaption><\/figure>\n<figure id=\"attachment_26775\" aria-describedby=\"caption-attachment-26775\" style=\"width: 647px\" class=\"wp-caption aligncenter\"><img decoding=\"async\" class=\"wp-image-26775 size-full\" src=\"https:\/\/mouldking.store\/wp-content\/uploads\/2021\/11\/Mould-King-21022-Trooper-Bust-with-1516-pieces-5.jpg\" alt=\"Mould King 21022 Trooper Bust with 1516 pieces\" width=\"647\" height=\"1024\" title=\"-\" srcset=\"https:\/\/mouldking.store\/wp-content\/uploads\/2021\/11\/Mould-King-21022-Trooper-Bust-with-1516-pieces-5.jpg 647w, https:\/\/mouldking.store\/wp-content\/uploads\/2021\/11\/Mould-King-21022-Trooper-Bust-with-1516-pieces-5-190x300.jpg 190w, https:\/\/mouldking.store\/wp-content\/uploads\/2021\/11\/Mould-King-21022-Trooper-Bust-with-1516-pieces-5-300x475.jpg 300w, https:\/\/mouldking.store\/wp-content\/uploads\/2021\/11\/Mould-King-21022-Trooper-Bust-with-1516-pieces-5-600x950.jpg 600w, https:\/\/mouldking.store\/wp-content\/uploads\/2021\/11\/Mould-King-21022-Trooper-Bust-with-1516-pieces-5-95x150.jpg 95w\" sizes=\"(max-width: 647px) 100vw, 647px\" \/><figcaption id=\"caption-attachment-26775\" class=\"wp-caption-text\">T\u01b0\u1ee3ng b\u00e1n th\u00e2n qu\u00e2n nh\u00e2n Mold King 21022 v\u1edbi 1516 m\u1ea3nh gh\u00e9p<\/figcaption><\/figure>\n<figure id=\"attachment_26774\" aria-describedby=\"caption-attachment-26774\" style=\"width: 800px\" class=\"wp-caption aligncenter\"><img decoding=\"async\" class=\"wp-image-26774\" src=\"https:\/\/mouldking.store\/wp-content\/uploads\/2021\/11\/Mould-King-21022-Trooper-Bust-with-1516-pieces-4-297x300.jpg\" alt=\"Mould King 21022 Trooper Bust with 1516 pieces\" width=\"800\" height=\"809\" title=\"-\" srcset=\"https:\/\/mouldking.store\/wp-content\/uploads\/2021\/11\/Mould-King-21022-Trooper-Bust-with-1516-pieces-4-297x300.jpg 297w, https:\/\/mouldking.store\/wp-content\/uploads\/2021\/11\/Mould-King-21022-Trooper-Bust-with-1516-pieces-4-768x776.jpg 768w, https:\/\/mouldking.store\/wp-content\/uploads\/2021\/11\/Mould-King-21022-Trooper-Bust-with-1516-pieces-4-300x303.jpg 300w, https:\/\/mouldking.store\/wp-content\/uploads\/2021\/11\/Mould-King-21022-Trooper-Bust-with-1516-pieces-4-600x607.jpg 600w, https:\/\/mouldking.store\/wp-content\/uploads\/2021\/11\/Mould-King-21022-Trooper-Bust-with-1516-pieces-4-148x150.jpg 148w, https:\/\/mouldking.store\/wp-content\/uploads\/2021\/11\/Mould-King-21022-Trooper-Bust-with-1516-pieces-4.jpg 1013w\" sizes=\"(max-width: 800px) 100vw, 800px\" \/><figcaption id=\"caption-attachment-26774\" class=\"wp-caption-text\">T\u01b0\u1ee3ng b\u00e1n th\u00e2n qu\u00e2n nh\u00e2n Mold King 21022 v\u1edbi 1516 m\u1ea3nh gh\u00e9p<\/figcaption><\/figure>\n<figure id=\"attachment_26773\" aria-describedby=\"caption-attachment-26773\" style=\"width: 800px\" class=\"wp-caption aligncenter\"><img loading=\"lazy\" decoding=\"async\" class=\"wp-image-26773\" src=\"https:\/\/mouldking.store\/wp-content\/uploads\/2021\/11\/Mould-King-21022-Trooper-Bust-with-1516-pieces-3-287x300.jpg\" alt=\"Mould King 21022 Trooper Bust with 1516 pieces\" width=\"800\" height=\"837\" title=\"-\" srcset=\"https:\/\/mouldking.store\/wp-content\/uploads\/2021\/11\/Mould-King-21022-Trooper-Bust-with-1516-pieces-3-287x300.jpg 287w, https:\/\/mouldking.store\/wp-content\/uploads\/2021\/11\/Mould-King-21022-Trooper-Bust-with-1516-pieces-3-768x803.jpg 768w, https:\/\/mouldking.store\/wp-content\/uploads\/2021\/11\/Mould-King-21022-Trooper-Bust-with-1516-pieces-3-300x314.jpg 300w, https:\/\/mouldking.store\/wp-content\/uploads\/2021\/11\/Mould-King-21022-Trooper-Bust-with-1516-pieces-3-600x628.jpg 600w, https:\/\/mouldking.store\/wp-content\/uploads\/2021\/11\/Mould-King-21022-Trooper-Bust-with-1516-pieces-3-143x150.jpg 143w, https:\/\/mouldking.store\/wp-content\/uploads\/2021\/11\/Mould-King-21022-Trooper-Bust-with-1516-pieces-3.jpg 979w\" sizes=\"(max-width: 800px) 100vw, 800px\" \/><figcaption id=\"caption-attachment-26773\" class=\"wp-caption-text\">T\u01b0\u1ee3ng b\u00e1n th\u00e2n qu\u00e2n nh\u00e2n Mold King 21022 v\u1edbi 1516 m\u1ea3nh gh\u00e9p<\/figcaption><\/figure>\n<figure id=\"attachment_26772\" aria-describedby=\"caption-attachment-26772\" style=\"width: 847px\" class=\"wp-caption aligncenter\"><img loading=\"lazy\" decoding=\"async\" class=\"wp-image-26772 size-full\" src=\"https:\/\/mouldking.store\/wp-content\/uploads\/2021\/11\/Mould-King-21022-Trooper-Bust-with-1516-pieces-2.jpg\" alt=\"Mould King 21022 Trooper Bust with 1516 pieces\" width=\"847\" height=\"1024\" title=\"-\" srcset=\"https:\/\/mouldking.store\/wp-content\/uploads\/2021\/11\/Mould-King-21022-Trooper-Bust-with-1516-pieces-2.jpg 847w, https:\/\/mouldking.store\/wp-content\/uploads\/2021\/11\/Mould-King-21022-Trooper-Bust-with-1516-pieces-2-248x300.jpg 248w, https:\/\/mouldking.store\/wp-content\/uploads\/2021\/11\/Mould-King-21022-Trooper-Bust-with-1516-pieces-2-768x928.jpg 768w, https:\/\/mouldking.store\/wp-content\/uploads\/2021\/11\/Mould-King-21022-Trooper-Bust-with-1516-pieces-2-300x363.jpg 300w, https:\/\/mouldking.store\/wp-content\/uploads\/2021\/11\/Mould-King-21022-Trooper-Bust-with-1516-pieces-2-600x725.jpg 600w, https:\/\/mouldking.store\/wp-content\/uploads\/2021\/11\/Mould-King-21022-Trooper-Bust-with-1516-pieces-2-124x150.jpg 124w\" sizes=\"(max-width: 847px) 100vw, 847px\" \/><figcaption id=\"caption-attachment-26772\" class=\"wp-caption-text\">T\u01b0\u1ee3ng b\u00e1n th\u00e2n qu\u00e2n nh\u00e2n Mold King 21022 v\u1edbi 1516 m\u1ea3nh gh\u00e9p<\/figcaption><\/figure>","protected":false},"excerpt":{"rendered":"<p>Product information: Brand: Mould King Gender: Unisex Name: Trooper Bust Age Range: &gt; 14 years old Model Number: 21022 Classification: Assemblage Plastic Block Shape: Self-Locking Bricks Material: Plastic Plastic Type: ABS Bricks Blocks: 1516 PCS Contains detailed assembly instructions. Notice: 1. Without an original box, but we guarantee our products have quality assurance and nice [&hellip;]<\/p>","protected":false},"featured_media":26771,"comment_status":"open","ping_status":"closed","template":"","meta":{"_acf_changed":false},"product_cat":[415],"product_tag":[1753,3219,3218,3221,3222,3220],"class_list":["product","first","outofstock","shipping-taxable","purchasable","product-type-simple"],"acf":[],"_links":{"self":[{"href":"https:\/\/mouldking.store\/vi\/wp-json\/wp\/v2\/product\/26769","targetHints":{"allow":["GET"]}}],"collection":[{"href":"https:\/\/mouldking.store\/vi\/wp-json\/wp\/v2\/product"}],"about":[{"href":"https:\/\/mouldking.store\/vi\/wp-json\/wp\/v2\/types\/product"}],"replies":[{"embeddable":true,"href":"https:\/\/mouldking.store\/vi\/wp-json\/wp\/v2\/comments?post=26769"}],"wp:featuredmedia":[{"embeddable":true,"href":"https:\/\/mouldking.store\/vi\/wp-json\/wp\/v2\/media\/26771"}],"wp:attachment":[{"href":"https:\/\/mouldking.store\/vi\/wp-json\/wp\/v2\/media?parent=26769"}],"wp:term":[{"taxonomy":"product_cat","embeddable":true,"href":"https:\/\/mouldking.store\/vi\/wp-json\/wp\/v2\/product_cat?post=26769"},{"taxonomy":"product_tag","embeddable":true,"href":"https:\/\/mouldking.store\/vi\/wp-json\/wp\/v2\/product_tag?post=26769"}],"curies":[{"name":"wp","href":"https:\/\/api.w.org\/{rel}","templated":true}]}}