{"id":26770,"date":"2021-11-05T01:41:24","date_gmt":"2021-11-05T01:41:24","guid":{"rendered":"https:\/\/mouldking.store\/?post_type=product&#038;p=26770"},"modified":"2021-12-23T09:40:49","modified_gmt":"2021-12-23T09:40:49","slug":"mj-13002-princess-ice-castle-with-lights-with-2247-pieces","status":"publish","type":"product","link":"https:\/\/mouldking.store\/vi\/shop\/mj-13002-princess-ice-castle-with-lights-with-2247-pieces\/","title":{"rendered":"MJ 13002 L\u00e2u \u0111\u00e0i b\u0103ng c\u00f4ng ch\u00faa c\u00f3 \u0111\u00e8n g\u1ed3m 2247 m\u1ea3nh gh\u00e9p"},"content":{"rendered":"<p>Th\u00f4ng tin s\u1ea3n ph\u1ea9m:<\/p>\n<ol>\n<li>Th\u01b0\u01a1ng hi\u1ec7u: MJ<\/li>\n<li>Gi\u1edbi t\u00ednh: Unisex<\/li>\n<li>Name: Princess Ice Castle with Lights<\/li>\n<li>\u0110\u1ed9 tu\u1ed5i: &gt; 12 tu\u1ed5i<\/li>\n<li>Model Number: 13002<\/li>\n<li>Ph\u00e2n lo\u1ea1i: T\u1eadp h\u1ee3p<\/li>\n<li>H\u00ecnh d\u1ea1ng kh\u1ed1i nh\u1ef1a: G\u1ea1ch t\u1ef1 kh\u00f3a<\/li>\n<li>Ch\u1ea5t li\u1ec7u: Nh\u1ef1a<\/li>\n<li>Lo\u1ea1i nh\u1ef1a: ABS<\/li>\n<li>Bricks Blocks: 2247 PCS<\/li>\n<li>Ch\u1ee9a h\u01b0\u1edbng d\u1eabn l\u1eafp r\u00e1p chi ti\u1ebft.<\/li>\n<\/ol>\n<p>\u0110\u1ec3 \u00fd:<br \/>\n1. Kh\u00f4ng c\u00f3 h\u1ed9p ban \u0111\u1ea7u, nh\u01b0ng ch\u00fang t\u00f4i \u0111\u1ea3m b\u1ea3o s\u1ea3n ph\u1ea9m c\u1ee7a ch\u00fang t\u00f4i c\u00f3 ch\u1ea5t l\u01b0\u1ee3ng \u0111\u1ea3m b\u1ea3o v\u00e0 bao b\u00ec \u0111\u1eb9p.<br \/>\n2. V\u00ec t\u1ea5t c\u1ea3 c\u00e1c b\u1ed9 ph\u1eadn ch\u00fang t\u00f4i \u0111\u00e3 ki\u1ec3m tra tr\u01b0\u1edbc khi v\u1eadn chuy\u1ec3n, v\u00ec v\u1eady n\u1ebfu b\u1ea1n th\u1ea5y m\u1ed9t s\u1ed1 b\u1ed9 ph\u1eadn b\u1ecb thi\u1ebfu ho\u1eb7c h\u01b0 h\u1ecfng, \u0111\u1eebng lo l\u1eafng v\u00e0 ch\u1ec9 c\u1ea7n vui l\u00f2ng li\u00ean h\u1ec7 v\u1edbi ch\u00fang t\u00f4i v\u00e0 ch\u00fang t\u00f4i c\u00f3 th\u1ec3 g\u1eedi l\u1ea1i mi\u1ec5n ph\u00ed cho b\u1ea1n ngay l\u1eadp t\u1ee9c.<\/p>\n<figure id=\"attachment_26776\" aria-describedby=\"caption-attachment-26776\" style=\"width: 800px\" class=\"wp-caption aligncenter\"><img fetchpriority=\"high\" decoding=\"async\" class=\"wp-image-26776 size-full\" src=\"https:\/\/mouldking.store\/wp-content\/uploads\/2021\/11\/MJ-13002-Princess-Ice-Castle-with-Lights-with-2247-pieces-1.jpg\" alt=\"MJ 13002 Princess Ice Castle with Lights with 2247 pieces\" width=\"800\" height=\"800\" title=\"-\" srcset=\"https:\/\/mouldking.store\/wp-content\/uploads\/2021\/11\/MJ-13002-Princess-Ice-Castle-with-Lights-with-2247-pieces-1.jpg 800w, https:\/\/mouldking.store\/wp-content\/uploads\/2021\/11\/MJ-13002-Princess-Ice-Castle-with-Lights-with-2247-pieces-1-300x300.jpg 300w, https:\/\/mouldking.store\/wp-content\/uploads\/2021\/11\/MJ-13002-Princess-Ice-Castle-with-Lights-with-2247-pieces-1-768x768.jpg 768w, https:\/\/mouldking.store\/wp-content\/uploads\/2021\/11\/MJ-13002-Princess-Ice-Castle-with-Lights-with-2247-pieces-1-600x600.jpg 600w, https:\/\/mouldking.store\/wp-content\/uploads\/2021\/11\/MJ-13002-Princess-Ice-Castle-with-Lights-with-2247-pieces-1-150x150.jpg 150w\" sizes=\"(max-width: 800px) 100vw, 800px\" \/><figcaption id=\"caption-attachment-26776\" class=\"wp-caption-text\">MJ 13002 L\u00e2u \u0111\u00e0i b\u0103ng c\u00f4ng ch\u00faa c\u00f3 \u0111\u00e8n g\u1ed3m 2247 m\u1ea3nh gh\u00e9p<\/figcaption><\/figure>\n<figure id=\"attachment_26780\" aria-describedby=\"caption-attachment-26780\" style=\"width: 750px\" class=\"wp-caption aligncenter\"><img decoding=\"async\" class=\"wp-image-26780 size-full\" src=\"https:\/\/mouldking.store\/wp-content\/uploads\/2021\/11\/MJ-13002-Princess-Ice-Castle-with-Lights-with-2247-pieces-5.jpg\" alt=\"MJ 13002 Princess Ice Castle with Lights with 2247 pieces\" width=\"750\" height=\"750\" title=\"-\" srcset=\"https:\/\/mouldking.store\/wp-content\/uploads\/2021\/11\/MJ-13002-Princess-Ice-Castle-with-Lights-with-2247-pieces-5.jpg 750w, https:\/\/mouldking.store\/wp-content\/uploads\/2021\/11\/MJ-13002-Princess-Ice-Castle-with-Lights-with-2247-pieces-5-300x300.jpg 300w, https:\/\/mouldking.store\/wp-content\/uploads\/2021\/11\/MJ-13002-Princess-Ice-Castle-with-Lights-with-2247-pieces-5-600x600.jpg 600w, https:\/\/mouldking.store\/wp-content\/uploads\/2021\/11\/MJ-13002-Princess-Ice-Castle-with-Lights-with-2247-pieces-5-150x150.jpg 150w\" sizes=\"(max-width: 750px) 100vw, 750px\" \/><figcaption id=\"caption-attachment-26780\" class=\"wp-caption-text\">MJ 13002 L\u00e2u \u0111\u00e0i b\u0103ng c\u00f4ng ch\u00faa c\u00f3 \u0111\u00e8n g\u1ed3m 2247 m\u1ea3nh gh\u00e9p<\/figcaption><\/figure>\n<figure id=\"attachment_26779\" aria-describedby=\"caption-attachment-26779\" style=\"width: 750px\" class=\"wp-caption aligncenter\"><img decoding=\"async\" class=\"wp-image-26779 size-full\" src=\"https:\/\/mouldking.store\/wp-content\/uploads\/2021\/11\/MJ-13002-Princess-Ice-Castle-with-Lights-with-2247-pieces-4.jpg\" alt=\"MJ 13002 Princess Ice Castle with Lights with 2247 pieces\" width=\"750\" height=\"750\" title=\"-\" srcset=\"https:\/\/mouldking.store\/wp-content\/uploads\/2021\/11\/MJ-13002-Princess-Ice-Castle-with-Lights-with-2247-pieces-4.jpg 750w, https:\/\/mouldking.store\/wp-content\/uploads\/2021\/11\/MJ-13002-Princess-Ice-Castle-with-Lights-with-2247-pieces-4-300x300.jpg 300w, https:\/\/mouldking.store\/wp-content\/uploads\/2021\/11\/MJ-13002-Princess-Ice-Castle-with-Lights-with-2247-pieces-4-600x600.jpg 600w, https:\/\/mouldking.store\/wp-content\/uploads\/2021\/11\/MJ-13002-Princess-Ice-Castle-with-Lights-with-2247-pieces-4-150x150.jpg 150w\" sizes=\"(max-width: 750px) 100vw, 750px\" \/><figcaption id=\"caption-attachment-26779\" class=\"wp-caption-text\">MJ 13002 L\u00e2u \u0111\u00e0i b\u0103ng c\u00f4ng ch\u00faa c\u00f3 \u0111\u00e8n g\u1ed3m 2247 m\u1ea3nh gh\u00e9p<\/figcaption><\/figure>\n<figure id=\"attachment_26777\" aria-describedby=\"caption-attachment-26777\" style=\"width: 750px\" class=\"wp-caption aligncenter\"><img loading=\"lazy\" decoding=\"async\" class=\"wp-image-26777 size-full\" src=\"https:\/\/mouldking.store\/wp-content\/uploads\/2021\/11\/MJ-13002-Princess-Ice-Castle-with-Lights-with-2247-pieces-2.jpg\" alt=\"MJ 13002 Princess Ice Castle with Lights with 2247 pieces\" width=\"750\" height=\"834\" title=\"-\" srcset=\"https:\/\/mouldking.store\/wp-content\/uploads\/2021\/11\/MJ-13002-Princess-Ice-Castle-with-Lights-with-2247-pieces-2.jpg 750w, https:\/\/mouldking.store\/wp-content\/uploads\/2021\/11\/MJ-13002-Princess-Ice-Castle-with-Lights-with-2247-pieces-2-270x300.jpg 270w, https:\/\/mouldking.store\/wp-content\/uploads\/2021\/11\/MJ-13002-Princess-Ice-Castle-with-Lights-with-2247-pieces-2-300x334.jpg 300w, https:\/\/mouldking.store\/wp-content\/uploads\/2021\/11\/MJ-13002-Princess-Ice-Castle-with-Lights-with-2247-pieces-2-600x667.jpg 600w, https:\/\/mouldking.store\/wp-content\/uploads\/2021\/11\/MJ-13002-Princess-Ice-Castle-with-Lights-with-2247-pieces-2-135x150.jpg 135w\" sizes=\"(max-width: 750px) 100vw, 750px\" \/><figcaption id=\"caption-attachment-26777\" class=\"wp-caption-text\">MJ 13002 L\u00e2u \u0111\u00e0i b\u0103ng c\u00f4ng ch\u00faa c\u00f3 \u0111\u00e8n g\u1ed3m 2247 m\u1ea3nh gh\u00e9p<\/figcaption><\/figure>\n<figure id=\"attachment_26778\" aria-describedby=\"caption-attachment-26778\" style=\"width: 750px\" class=\"wp-caption aligncenter\"><img loading=\"lazy\" decoding=\"async\" class=\"wp-image-26778 size-full\" src=\"https:\/\/mouldking.store\/wp-content\/uploads\/2021\/11\/MJ-13002-Princess-Ice-Castle-with-Lights-with-2247-pieces-3.jpg\" alt=\"MJ 13002 Princess Ice Castle with Lights with 2247 pieces\" width=\"750\" height=\"750\" title=\"-\" srcset=\"https:\/\/mouldking.store\/wp-content\/uploads\/2021\/11\/MJ-13002-Princess-Ice-Castle-with-Lights-with-2247-pieces-3.jpg 750w, https:\/\/mouldking.store\/wp-content\/uploads\/2021\/11\/MJ-13002-Princess-Ice-Castle-with-Lights-with-2247-pieces-3-300x300.jpg 300w, https:\/\/mouldking.store\/wp-content\/uploads\/2021\/11\/MJ-13002-Princess-Ice-Castle-with-Lights-with-2247-pieces-3-600x600.jpg 600w, https:\/\/mouldking.store\/wp-content\/uploads\/2021\/11\/MJ-13002-Princess-Ice-Castle-with-Lights-with-2247-pieces-3-150x150.jpg 150w\" sizes=\"(max-width: 750px) 100vw, 750px\" \/><figcaption id=\"caption-attachment-26778\" class=\"wp-caption-text\">MJ 13002 L\u00e2u \u0111\u00e0i b\u0103ng c\u00f4ng ch\u00faa c\u00f3 \u0111\u00e8n g\u1ed3m 2247 m\u1ea3nh gh\u00e9p<\/figcaption><\/figure>","protected":false},"excerpt":{"rendered":"<p>Product information: Brand: MJ Gender: Unisex Name: Princess Ice Castle with Lights Age Range: &gt; 12 years old Model Number: 13002 Classification: Assemblage Plastic Block Shape: Self-Locking Bricks Material: Plastic Plastic Type: ABS Bricks Blocks: 2247 PCS Contains detailed assembly instructions. Notice: 1. Without an original box, but we guarantee our products have quality assurance [&hellip;]<\/p>","protected":false},"featured_media":26776,"comment_status":"open","ping_status":"closed","template":"","meta":{"_acf_changed":false},"product_cat":[390],"product_tag":[2824,3224,3223,3226,3225],"class_list":["product","first","instock","shipping-taxable","purchasable","product-type-simple"],"acf":[],"_links":{"self":[{"href":"https:\/\/mouldking.store\/vi\/wp-json\/wp\/v2\/product\/26770","targetHints":{"allow":["GET"]}}],"collection":[{"href":"https:\/\/mouldking.store\/vi\/wp-json\/wp\/v2\/product"}],"about":[{"href":"https:\/\/mouldking.store\/vi\/wp-json\/wp\/v2\/types\/product"}],"replies":[{"embeddable":true,"href":"https:\/\/mouldking.store\/vi\/wp-json\/wp\/v2\/comments?post=26770"}],"wp:featuredmedia":[{"embeddable":true,"href":"https:\/\/mouldking.store\/vi\/wp-json\/wp\/v2\/media\/26776"}],"wp:attachment":[{"href":"https:\/\/mouldking.store\/vi\/wp-json\/wp\/v2\/media?parent=26770"}],"wp:term":[{"taxonomy":"product_cat","embeddable":true,"href":"https:\/\/mouldking.store\/vi\/wp-json\/wp\/v2\/product_cat?post=26770"},{"taxonomy":"product_tag","embeddable":true,"href":"https:\/\/mouldking.store\/vi\/wp-json\/wp\/v2\/product_tag?post=26770"}],"curies":[{"name":"wp","href":"https:\/\/api.w.org\/{rel}","templated":true}]}}