{"id":26811,"date":"2021-11-05T02:20:19","date_gmt":"2021-11-05T02:20:19","guid":{"rendered":"https:\/\/mouldking.store\/?post_type=product&#038;p=26811"},"modified":"2021-12-23T09:40:46","modified_gmt":"2021-12-23T09:40:46","slug":"jie-star-89126-the-post-office-with-4560-pieces","status":"publish","type":"product","link":"https:\/\/mouldking.store\/vi\/shop\/jie-star-89126-the-post-office-with-4560-pieces\/","title":{"rendered":"JIE STAR 89126 B\u01b0u \u0111i\u1ec7n v\u1edbi 4560 mi\u1ebfng gh\u00e9p"},"content":{"rendered":"<p>Th\u00f4ng tin s\u1ea3n ph\u1ea9m:<\/p>\n<ol>\n<li>Th\u01b0\u01a1ng hi\u1ec7u: JIE SAO<\/li>\n<li>Gi\u1edbi t\u00ednh: Unisex<\/li>\n<li>T\u00ean: B\u01b0u \u0111i\u1ec7n<\/li>\n<li>\u0110\u1ed9 tu\u1ed5i: &gt; 6 tu\u1ed5i<\/li>\n<li>M\u00e3 s\u1ed1 s\u1ea3n ph\u1ea9m: 89126<\/li>\n<li>Ph\u00e2n lo\u1ea1i: T\u1eadp h\u1ee3p<\/li>\n<li>H\u00ecnh d\u1ea1ng kh\u1ed1i nh\u1ef1a: G\u1ea1ch t\u1ef1 kh\u00f3a<\/li>\n<li>Ch\u1ea5t li\u1ec7u: Nh\u1ef1a<\/li>\n<li>Lo\u1ea1i nh\u1ef1a: ABS<\/li>\n<li>Kh\u1ed1i x\u1ebfp h\u00ecnh: 4560 m\u1ea3nh<\/li>\n<li>Ch\u1ee9a h\u01b0\u1edbng d\u1eabn l\u1eafp r\u00e1p chi ti\u1ebft.<\/li>\n<\/ol>\n<p>\u0110\u1ec3 \u00fd:<br \/>\n1. Kh\u00f4ng c\u00f3 h\u1ed9p ban \u0111\u1ea7u, nh\u01b0ng ch\u00fang t\u00f4i \u0111\u1ea3m b\u1ea3o s\u1ea3n ph\u1ea9m c\u1ee7a ch\u00fang t\u00f4i c\u00f3 ch\u1ea5t l\u01b0\u1ee3ng \u0111\u1ea3m b\u1ea3o v\u00e0 bao b\u00ec \u0111\u1eb9p.<br \/>\n2. V\u00ec t\u1ea5t c\u1ea3 c\u00e1c b\u1ed9 ph\u1eadn ch\u00fang t\u00f4i \u0111\u00e3 ki\u1ec3m tra tr\u01b0\u1edbc khi v\u1eadn chuy\u1ec3n, v\u00ec v\u1eady n\u1ebfu b\u1ea1n th\u1ea5y m\u1ed9t s\u1ed1 b\u1ed9 ph\u1eadn b\u1ecb thi\u1ebfu ho\u1eb7c h\u01b0 h\u1ecfng, \u0111\u1eebng lo l\u1eafng v\u00e0 ch\u1ec9 c\u1ea7n vui l\u00f2ng li\u00ean h\u1ec7 v\u1edbi ch\u00fang t\u00f4i v\u00e0 ch\u00fang t\u00f4i c\u00f3 th\u1ec3 g\u1eedi l\u1ea1i mi\u1ec5n ph\u00ed cho b\u1ea1n ngay l\u1eadp t\u1ee9c.<\/p>\n<figure id=\"attachment_26812\" aria-describedby=\"caption-attachment-26812\" style=\"width: 800px\" class=\"wp-caption aligncenter\"><img fetchpriority=\"high\" decoding=\"async\" class=\"wp-image-26812 size-full\" src=\"https:\/\/mouldking.store\/wp-content\/uploads\/2021\/11\/JIE-STAR-89126-The-Post-Office-with-4560-pieces-1.jpg\" alt=\"JIE STAR 89126 The Post Office with 4560 pieces\" width=\"800\" height=\"800\" title=\"-\" srcset=\"https:\/\/mouldking.store\/wp-content\/uploads\/2021\/11\/JIE-STAR-89126-The-Post-Office-with-4560-pieces-1.jpg 800w, https:\/\/mouldking.store\/wp-content\/uploads\/2021\/11\/JIE-STAR-89126-The-Post-Office-with-4560-pieces-1-300x300.jpg 300w, https:\/\/mouldking.store\/wp-content\/uploads\/2021\/11\/JIE-STAR-89126-The-Post-Office-with-4560-pieces-1-768x768.jpg 768w, https:\/\/mouldking.store\/wp-content\/uploads\/2021\/11\/JIE-STAR-89126-The-Post-Office-with-4560-pieces-1-600x600.jpg 600w, https:\/\/mouldking.store\/wp-content\/uploads\/2021\/11\/JIE-STAR-89126-The-Post-Office-with-4560-pieces-1-150x150.jpg 150w\" sizes=\"(max-width: 800px) 100vw, 800px\" \/><figcaption id=\"caption-attachment-26812\" class=\"wp-caption-text\">JIE STAR 89126 B\u01b0u \u0111i\u1ec7n v\u1edbi 4560 mi\u1ebfng gh\u00e9p<\/figcaption><\/figure>\n<figure id=\"attachment_26817\" aria-describedby=\"caption-attachment-26817\" style=\"width: 707px\" class=\"wp-caption aligncenter\"><img decoding=\"async\" class=\"wp-image-26817 size-full\" src=\"https:\/\/mouldking.store\/wp-content\/uploads\/2021\/11\/JIE-STAR-89126-The-Post-Office-with-4560-pieces-6.jpg\" alt=\"JIE STAR 89126 The Post Office with 4560 pieces\" width=\"707\" height=\"1024\" title=\"-\" srcset=\"https:\/\/mouldking.store\/wp-content\/uploads\/2021\/11\/JIE-STAR-89126-The-Post-Office-with-4560-pieces-6.jpg 707w, https:\/\/mouldking.store\/wp-content\/uploads\/2021\/11\/JIE-STAR-89126-The-Post-Office-with-4560-pieces-6-207x300.jpg 207w, https:\/\/mouldking.store\/wp-content\/uploads\/2021\/11\/JIE-STAR-89126-The-Post-Office-with-4560-pieces-6-300x435.jpg 300w, https:\/\/mouldking.store\/wp-content\/uploads\/2021\/11\/JIE-STAR-89126-The-Post-Office-with-4560-pieces-6-600x869.jpg 600w, https:\/\/mouldking.store\/wp-content\/uploads\/2021\/11\/JIE-STAR-89126-The-Post-Office-with-4560-pieces-6-104x150.jpg 104w\" sizes=\"(max-width: 707px) 100vw, 707px\" \/><figcaption id=\"caption-attachment-26817\" class=\"wp-caption-text\">JIE STAR 89126 B\u01b0u \u0111i\u1ec7n v\u1edbi 4560 mi\u1ebfng gh\u00e9p<\/figcaption><\/figure>\n<figure id=\"attachment_26814\" aria-describedby=\"caption-attachment-26814\" style=\"width: 557px\" class=\"wp-caption aligncenter\"><img decoding=\"async\" class=\"wp-image-26814 size-full\" src=\"https:\/\/mouldking.store\/wp-content\/uploads\/2021\/11\/JIE-STAR-89126-The-Post-Office-with-4560-pieces-3.jpg\" alt=\"JIE STAR 89126 The Post Office with 4560 pieces\" width=\"557\" height=\"1024\" title=\"-\" srcset=\"https:\/\/mouldking.store\/wp-content\/uploads\/2021\/11\/JIE-STAR-89126-The-Post-Office-with-4560-pieces-3.jpg 557w, https:\/\/mouldking.store\/wp-content\/uploads\/2021\/11\/JIE-STAR-89126-The-Post-Office-with-4560-pieces-3-163x300.jpg 163w, https:\/\/mouldking.store\/wp-content\/uploads\/2021\/11\/JIE-STAR-89126-The-Post-Office-with-4560-pieces-3-300x552.jpg 300w, https:\/\/mouldking.store\/wp-content\/uploads\/2021\/11\/JIE-STAR-89126-The-Post-Office-with-4560-pieces-3-82x150.jpg 82w\" sizes=\"(max-width: 557px) 100vw, 557px\" \/><figcaption id=\"caption-attachment-26814\" class=\"wp-caption-text\">JIE STAR 89126 B\u01b0u \u0111i\u1ec7n v\u1edbi 4560 mi\u1ebfng gh\u00e9p<\/figcaption><\/figure>\n<figure id=\"attachment_26816\" aria-describedby=\"caption-attachment-26816\" style=\"width: 800px\" class=\"wp-caption aligncenter\"><img loading=\"lazy\" decoding=\"async\" class=\"wp-image-26816 size-full\" src=\"https:\/\/mouldking.store\/wp-content\/uploads\/2021\/11\/JIE-STAR-89126-The-Post-Office-with-4560-pieces-5.jpg\" alt=\"JIE STAR 89126 The Post Office with 4560 pieces\" width=\"800\" height=\"800\" title=\"-\" srcset=\"https:\/\/mouldking.store\/wp-content\/uploads\/2021\/11\/JIE-STAR-89126-The-Post-Office-with-4560-pieces-5.jpg 800w, https:\/\/mouldking.store\/wp-content\/uploads\/2021\/11\/JIE-STAR-89126-The-Post-Office-with-4560-pieces-5-300x300.jpg 300w, https:\/\/mouldking.store\/wp-content\/uploads\/2021\/11\/JIE-STAR-89126-The-Post-Office-with-4560-pieces-5-768x768.jpg 768w, https:\/\/mouldking.store\/wp-content\/uploads\/2021\/11\/JIE-STAR-89126-The-Post-Office-with-4560-pieces-5-600x600.jpg 600w, https:\/\/mouldking.store\/wp-content\/uploads\/2021\/11\/JIE-STAR-89126-The-Post-Office-with-4560-pieces-5-150x150.jpg 150w\" sizes=\"(max-width: 800px) 100vw, 800px\" \/><figcaption id=\"caption-attachment-26816\" class=\"wp-caption-text\">JIE STAR 89126 B\u01b0u \u0111i\u1ec7n v\u1edbi 4560 mi\u1ebfng gh\u00e9p<\/figcaption><\/figure>\n<figure id=\"attachment_26815\" aria-describedby=\"caption-attachment-26815\" style=\"width: 481px\" class=\"wp-caption aligncenter\"><img loading=\"lazy\" decoding=\"async\" class=\"wp-image-26815 size-full\" src=\"https:\/\/mouldking.store\/wp-content\/uploads\/2021\/11\/JIE-STAR-89126-The-Post-Office-with-4560-pieces-4.jpg\" alt=\"JIE STAR 89126 The Post Office with 4560 pieces\" width=\"481\" height=\"1023\" title=\"-\" srcset=\"https:\/\/mouldking.store\/wp-content\/uploads\/2021\/11\/JIE-STAR-89126-The-Post-Office-with-4560-pieces-4.jpg 481w, https:\/\/mouldking.store\/wp-content\/uploads\/2021\/11\/JIE-STAR-89126-The-Post-Office-with-4560-pieces-4-141x300.jpg 141w, https:\/\/mouldking.store\/wp-content\/uploads\/2021\/11\/JIE-STAR-89126-The-Post-Office-with-4560-pieces-4-300x638.jpg 300w, https:\/\/mouldking.store\/wp-content\/uploads\/2021\/11\/JIE-STAR-89126-The-Post-Office-with-4560-pieces-4-71x150.jpg 71w\" sizes=\"(max-width: 481px) 100vw, 481px\" \/><figcaption id=\"caption-attachment-26815\" class=\"wp-caption-text\">JIE STAR 89126 B\u01b0u \u0111i\u1ec7n v\u1edbi 4560 mi\u1ebfng gh\u00e9p<\/figcaption><\/figure>\n<figure id=\"attachment_26813\" aria-describedby=\"caption-attachment-26813\" style=\"width: 493px\" class=\"wp-caption aligncenter\"><img loading=\"lazy\" decoding=\"async\" class=\"wp-image-26813 size-full\" src=\"https:\/\/mouldking.store\/wp-content\/uploads\/2021\/11\/JIE-STAR-89126-The-Post-Office-with-4560-pieces-2.jpg\" alt=\"JIE STAR 89126 The Post Office with 4560 pieces\" width=\"493\" height=\"1024\" title=\"-\" srcset=\"https:\/\/mouldking.store\/wp-content\/uploads\/2021\/11\/JIE-STAR-89126-The-Post-Office-with-4560-pieces-2.jpg 493w, https:\/\/mouldking.store\/wp-content\/uploads\/2021\/11\/JIE-STAR-89126-The-Post-Office-with-4560-pieces-2-144x300.jpg 144w, https:\/\/mouldking.store\/wp-content\/uploads\/2021\/11\/JIE-STAR-89126-The-Post-Office-with-4560-pieces-2-300x623.jpg 300w, https:\/\/mouldking.store\/wp-content\/uploads\/2021\/11\/JIE-STAR-89126-The-Post-Office-with-4560-pieces-2-72x150.jpg 72w\" sizes=\"(max-width: 493px) 100vw, 493px\" \/><figcaption id=\"caption-attachment-26813\" class=\"wp-caption-text\">JIE STAR 89126 B\u01b0u \u0111i\u1ec7n v\u1edbi 4560 mi\u1ebfng gh\u00e9p<\/figcaption><\/figure>","protected":false},"excerpt":{"rendered":"<p>Product information: Brand: JIE STAR Gender: Unisex Name: The Post Office Age Range: &gt; 6 years old Model Number: 89126 Classification: Assemblage Plastic Block Shape: Self-Locking Bricks Material: Plastic Plastic Type: ABS Bricks Blocks: 4560 PCS Contains detailed assembly instructions. Notice: 1. Without an original box, but we guarantee our products have quality assurance and [&hellip;]<\/p>","protected":false},"featured_media":26812,"comment_status":"open","ping_status":"closed","template":"","meta":{"_acf_changed":false},"product_cat":[390],"product_tag":[3246,3248,3245,3250,3249,3251,769,3247],"class_list":["product","first","instock","shipping-taxable","purchasable","product-type-simple"],"acf":[],"_links":{"self":[{"href":"https:\/\/mouldking.store\/vi\/wp-json\/wp\/v2\/product\/26811","targetHints":{"allow":["GET"]}}],"collection":[{"href":"https:\/\/mouldking.store\/vi\/wp-json\/wp\/v2\/product"}],"about":[{"href":"https:\/\/mouldking.store\/vi\/wp-json\/wp\/v2\/types\/product"}],"replies":[{"embeddable":true,"href":"https:\/\/mouldking.store\/vi\/wp-json\/wp\/v2\/comments?post=26811"}],"wp:featuredmedia":[{"embeddable":true,"href":"https:\/\/mouldking.store\/vi\/wp-json\/wp\/v2\/media\/26812"}],"wp:attachment":[{"href":"https:\/\/mouldking.store\/vi\/wp-json\/wp\/v2\/media?parent=26811"}],"wp:term":[{"taxonomy":"product_cat","embeddable":true,"href":"https:\/\/mouldking.store\/vi\/wp-json\/wp\/v2\/product_cat?post=26811"},{"taxonomy":"product_tag","embeddable":true,"href":"https:\/\/mouldking.store\/vi\/wp-json\/wp\/v2\/product_tag?post=26811"}],"curies":[{"name":"wp","href":"https:\/\/api.w.org\/{rel}","templated":true}]}}