{"id":26949,"date":"2021-11-09T10:51:49","date_gmt":"2021-11-09T10:51:49","guid":{"rendered":"https:\/\/mouldking.store\/?post_type=product&#038;p=26949"},"modified":"2021-12-23T09:40:45","modified_gmt":"2021-12-23T09:40:45","slug":"mould-king-17023-rc-pneumatic-bulldozer-with-3963-pieces","status":"publish","type":"product","link":"https:\/\/mouldking.store\/vi\/shop\/mould-king-17023-rc-pneumatic-bulldozer-with-3963-pieces\/","title":{"rendered":"M\u00e1y \u1ee7i kh\u00ed n\u00e9n RC Mold King 17023 v\u1edbi 3963 chi ti\u1ebft"},"content":{"rendered":"<p>Th\u00f4ng tin s\u1ea3n ph\u1ea9m:<\/p>\n<ol>\n<li>Th\u01b0\u01a1ng hi\u1ec7u: Khu\u00f4n Vua<\/li>\n<li>Gi\u1edbi t\u00ednh: Unisex<\/li>\n<li>T\u00ean: M\u00e1y \u1ee7i kh\u00ed n\u00e9n RC<\/li>\n<li>\u0110\u1ed9 tu\u1ed5i: &gt; 14 tu\u1ed5i<\/li>\n<li>S\u1ed1 m\u00f4 h\u00ecnh: 17023<\/li>\n<li>Ph\u00e2n lo\u1ea1i: T\u1eadp h\u1ee3p<\/li>\n<li>H\u00ecnh d\u1ea1ng kh\u1ed1i nh\u1ef1a: G\u1ea1ch t\u1ef1 kh\u00f3a<\/li>\n<li>Ch\u1ea5t li\u1ec7u: Nh\u1ef1a<\/li>\n<li>Lo\u1ea1i nh\u1ef1a: ABS<\/li>\n<li>Kh\u1ed1i g\u1ea1ch: 3963 C\u00c1I<\/li>\n<li>Ch\u1ee9a h\u01b0\u1edbng d\u1eabn l\u1eafp r\u00e1p chi ti\u1ebft.<\/li>\n<\/ol>\n<p>\u0110\u1ec3 \u00fd:<br \/>\n1. Kh\u00f4ng c\u00f3 h\u1ed9p ban \u0111\u1ea7u, nh\u01b0ng ch\u00fang t\u00f4i \u0111\u1ea3m b\u1ea3o s\u1ea3n ph\u1ea9m c\u1ee7a ch\u00fang t\u00f4i c\u00f3 ch\u1ea5t l\u01b0\u1ee3ng \u0111\u1ea3m b\u1ea3o v\u00e0 bao b\u00ec \u0111\u1eb9p.<br \/>\n2. V\u00ec t\u1ea5t c\u1ea3 c\u00e1c b\u1ed9 ph\u1eadn ch\u00fang t\u00f4i \u0111\u00e3 ki\u1ec3m tra tr\u01b0\u1edbc khi v\u1eadn chuy\u1ec3n, v\u00ec v\u1eady n\u1ebfu b\u1ea1n th\u1ea5y m\u1ed9t s\u1ed1 b\u1ed9 ph\u1eadn b\u1ecb thi\u1ebfu ho\u1eb7c h\u01b0 h\u1ecfng, \u0111\u1eebng lo l\u1eafng v\u00e0 ch\u1ec9 c\u1ea7n vui l\u00f2ng li\u00ean h\u1ec7 v\u1edbi ch\u00fang t\u00f4i v\u00e0 ch\u00fang t\u00f4i c\u00f3 th\u1ec3 g\u1eedi l\u1ea1i mi\u1ec5n ph\u00ed cho b\u1ea1n ngay l\u1eadp t\u1ee9c.<\/p>\n<figure id=\"attachment_26950\" aria-describedby=\"caption-attachment-26950\" style=\"width: 800px\" class=\"wp-caption aligncenter\"><img fetchpriority=\"high\" decoding=\"async\" class=\"wp-image-26950 size-full\" src=\"https:\/\/mouldking.store\/wp-content\/uploads\/2021\/11\/Mould-King-17023-RC-Pneumatic-Bulldozer-with-3963-pieces-1.jpg\" alt=\"Mould King 17023 RC Pneumatic Bulldozer with 3963 pieces\" width=\"800\" height=\"800\" title=\"-\" srcset=\"https:\/\/mouldking.store\/wp-content\/uploads\/2021\/11\/Mould-King-17023-RC-Pneumatic-Bulldozer-with-3963-pieces-1.jpg 800w, https:\/\/mouldking.store\/wp-content\/uploads\/2021\/11\/Mould-King-17023-RC-Pneumatic-Bulldozer-with-3963-pieces-1-300x300.jpg 300w, https:\/\/mouldking.store\/wp-content\/uploads\/2021\/11\/Mould-King-17023-RC-Pneumatic-Bulldozer-with-3963-pieces-1-768x768.jpg 768w, https:\/\/mouldking.store\/wp-content\/uploads\/2021\/11\/Mould-King-17023-RC-Pneumatic-Bulldozer-with-3963-pieces-1-600x600.jpg 600w, https:\/\/mouldking.store\/wp-content\/uploads\/2021\/11\/Mould-King-17023-RC-Pneumatic-Bulldozer-with-3963-pieces-1-150x150.jpg 150w\" sizes=\"(max-width: 800px) 100vw, 800px\" \/><figcaption id=\"caption-attachment-26950\" class=\"wp-caption-text\">M\u00e1y \u1ee7i kh\u00ed n\u00e9n RC Mold King 17023 v\u1edbi 3963 chi ti\u1ebft<\/figcaption><\/figure>\n<figure id=\"attachment_26955\" aria-describedby=\"caption-attachment-26955\" style=\"width: 800px\" class=\"wp-caption aligncenter\"><img decoding=\"async\" class=\"wp-image-26955 size-full\" src=\"https:\/\/mouldking.store\/wp-content\/uploads\/2021\/11\/Mould-King-17023-RC-Pneumatic-Bulldozer-with-3963-pieces-6.jpg\" alt=\"Mould King 17023 RC Pneumatic Bulldozer with 3963 pieces\" width=\"800\" height=\"800\" title=\"-\" srcset=\"https:\/\/mouldking.store\/wp-content\/uploads\/2021\/11\/Mould-King-17023-RC-Pneumatic-Bulldozer-with-3963-pieces-6.jpg 800w, https:\/\/mouldking.store\/wp-content\/uploads\/2021\/11\/Mould-King-17023-RC-Pneumatic-Bulldozer-with-3963-pieces-6-300x300.jpg 300w, https:\/\/mouldking.store\/wp-content\/uploads\/2021\/11\/Mould-King-17023-RC-Pneumatic-Bulldozer-with-3963-pieces-6-768x768.jpg 768w, https:\/\/mouldking.store\/wp-content\/uploads\/2021\/11\/Mould-King-17023-RC-Pneumatic-Bulldozer-with-3963-pieces-6-600x600.jpg 600w, https:\/\/mouldking.store\/wp-content\/uploads\/2021\/11\/Mould-King-17023-RC-Pneumatic-Bulldozer-with-3963-pieces-6-150x150.jpg 150w\" sizes=\"(max-width: 800px) 100vw, 800px\" \/><figcaption id=\"caption-attachment-26955\" class=\"wp-caption-text\">M\u00e1y \u1ee7i kh\u00ed n\u00e9n RC Mold King 17023 v\u1edbi 3963 chi ti\u1ebft<\/figcaption><\/figure>\n<figure id=\"attachment_26953\" aria-describedby=\"caption-attachment-26953\" style=\"width: 780px\" class=\"wp-caption aligncenter\"><img decoding=\"async\" class=\"wp-image-26953 size-full\" src=\"https:\/\/mouldking.store\/wp-content\/uploads\/2021\/11\/Mould-King-17023-RC-Pneumatic-Bulldozer-with-3963-pieces-4.jpg\" alt=\"Mould King 17023 RC Pneumatic Bulldozer with 3963 pieces\" width=\"780\" height=\"1024\" title=\"-\" srcset=\"https:\/\/mouldking.store\/wp-content\/uploads\/2021\/11\/Mould-King-17023-RC-Pneumatic-Bulldozer-with-3963-pieces-4.jpg 780w, https:\/\/mouldking.store\/wp-content\/uploads\/2021\/11\/Mould-King-17023-RC-Pneumatic-Bulldozer-with-3963-pieces-4-229x300.jpg 229w, https:\/\/mouldking.store\/wp-content\/uploads\/2021\/11\/Mould-King-17023-RC-Pneumatic-Bulldozer-with-3963-pieces-4-768x1008.jpg 768w, https:\/\/mouldking.store\/wp-content\/uploads\/2021\/11\/Mould-King-17023-RC-Pneumatic-Bulldozer-with-3963-pieces-4-300x394.jpg 300w, https:\/\/mouldking.store\/wp-content\/uploads\/2021\/11\/Mould-King-17023-RC-Pneumatic-Bulldozer-with-3963-pieces-4-600x788.jpg 600w, https:\/\/mouldking.store\/wp-content\/uploads\/2021\/11\/Mould-King-17023-RC-Pneumatic-Bulldozer-with-3963-pieces-4-114x150.jpg 114w\" sizes=\"(max-width: 780px) 100vw, 780px\" \/><figcaption id=\"caption-attachment-26953\" class=\"wp-caption-text\">M\u00e1y \u1ee7i kh\u00ed n\u00e9n RC Mold King 17023 v\u1edbi 3963 chi ti\u1ebft<\/figcaption><\/figure>\n<figure id=\"attachment_26952\" aria-describedby=\"caption-attachment-26952\" style=\"width: 790px\" class=\"wp-caption aligncenter\"><img loading=\"lazy\" decoding=\"async\" class=\"wp-image-26952 size-full\" src=\"https:\/\/mouldking.store\/wp-content\/uploads\/2021\/11\/Mould-King-17023-RC-Pneumatic-Bulldozer-with-3963-pieces-3.jpg\" alt=\"Mould King 17023 RC Pneumatic Bulldozer with 3963 pieces\" width=\"790\" height=\"949\" title=\"-\" srcset=\"https:\/\/mouldking.store\/wp-content\/uploads\/2021\/11\/Mould-King-17023-RC-Pneumatic-Bulldozer-with-3963-pieces-3.jpg 790w, https:\/\/mouldking.store\/wp-content\/uploads\/2021\/11\/Mould-King-17023-RC-Pneumatic-Bulldozer-with-3963-pieces-3-250x300.jpg 250w, https:\/\/mouldking.store\/wp-content\/uploads\/2021\/11\/Mould-King-17023-RC-Pneumatic-Bulldozer-with-3963-pieces-3-768x923.jpg 768w, https:\/\/mouldking.store\/wp-content\/uploads\/2021\/11\/Mould-King-17023-RC-Pneumatic-Bulldozer-with-3963-pieces-3-300x360.jpg 300w, https:\/\/mouldking.store\/wp-content\/uploads\/2021\/11\/Mould-King-17023-RC-Pneumatic-Bulldozer-with-3963-pieces-3-600x721.jpg 600w, https:\/\/mouldking.store\/wp-content\/uploads\/2021\/11\/Mould-King-17023-RC-Pneumatic-Bulldozer-with-3963-pieces-3-125x150.jpg 125w\" sizes=\"(max-width: 790px) 100vw, 790px\" \/><figcaption id=\"caption-attachment-26952\" class=\"wp-caption-text\">M\u00e1y \u1ee7i kh\u00ed n\u00e9n RC Mold King 17023 v\u1edbi 3963 chi ti\u1ebft<\/figcaption><\/figure>\n<figure id=\"attachment_26954\" aria-describedby=\"caption-attachment-26954\" style=\"width: 800px\" class=\"wp-caption aligncenter\"><img loading=\"lazy\" decoding=\"async\" class=\"wp-image-26954 size-full\" src=\"https:\/\/mouldking.store\/wp-content\/uploads\/2021\/11\/Mould-King-17023-RC-Pneumatic-Bulldozer-with-3963-pieces-5.jpg\" alt=\"Mould King 17023 RC Pneumatic Bulldozer with 3963 pieces\" width=\"800\" height=\"800\" title=\"-\" srcset=\"https:\/\/mouldking.store\/wp-content\/uploads\/2021\/11\/Mould-King-17023-RC-Pneumatic-Bulldozer-with-3963-pieces-5.jpg 800w, https:\/\/mouldking.store\/wp-content\/uploads\/2021\/11\/Mould-King-17023-RC-Pneumatic-Bulldozer-with-3963-pieces-5-300x300.jpg 300w, https:\/\/mouldking.store\/wp-content\/uploads\/2021\/11\/Mould-King-17023-RC-Pneumatic-Bulldozer-with-3963-pieces-5-768x768.jpg 768w, https:\/\/mouldking.store\/wp-content\/uploads\/2021\/11\/Mould-King-17023-RC-Pneumatic-Bulldozer-with-3963-pieces-5-600x600.jpg 600w, https:\/\/mouldking.store\/wp-content\/uploads\/2021\/11\/Mould-King-17023-RC-Pneumatic-Bulldozer-with-3963-pieces-5-150x150.jpg 150w\" sizes=\"(max-width: 800px) 100vw, 800px\" \/><figcaption id=\"caption-attachment-26954\" class=\"wp-caption-text\">M\u00e1y \u1ee7i kh\u00ed n\u00e9n RC Mold King 17023 v\u1edbi 3963 chi ti\u1ebft<\/figcaption><\/figure>\n<figure id=\"attachment_26951\" aria-describedby=\"caption-attachment-26951\" style=\"width: 790px\" class=\"wp-caption aligncenter\"><img loading=\"lazy\" decoding=\"async\" class=\"wp-image-26951 size-full\" src=\"https:\/\/mouldking.store\/wp-content\/uploads\/2021\/11\/Mould-King-17023-RC-Pneumatic-Bulldozer-with-3963-pieces-2.jpg\" alt=\"Mould King 17023 RC Pneumatic Bulldozer with 3963 pieces\" width=\"790\" height=\"965\" title=\"-\" srcset=\"https:\/\/mouldking.store\/wp-content\/uploads\/2021\/11\/Mould-King-17023-RC-Pneumatic-Bulldozer-with-3963-pieces-2.jpg 790w, https:\/\/mouldking.store\/wp-content\/uploads\/2021\/11\/Mould-King-17023-RC-Pneumatic-Bulldozer-with-3963-pieces-2-246x300.jpg 246w, https:\/\/mouldking.store\/wp-content\/uploads\/2021\/11\/Mould-King-17023-RC-Pneumatic-Bulldozer-with-3963-pieces-2-768x938.jpg 768w, https:\/\/mouldking.store\/wp-content\/uploads\/2021\/11\/Mould-King-17023-RC-Pneumatic-Bulldozer-with-3963-pieces-2-300x366.jpg 300w, https:\/\/mouldking.store\/wp-content\/uploads\/2021\/11\/Mould-King-17023-RC-Pneumatic-Bulldozer-with-3963-pieces-2-600x733.jpg 600w, https:\/\/mouldking.store\/wp-content\/uploads\/2021\/11\/Mould-King-17023-RC-Pneumatic-Bulldozer-with-3963-pieces-2-123x150.jpg 123w\" sizes=\"(max-width: 790px) 100vw, 790px\" \/><figcaption id=\"caption-attachment-26951\" class=\"wp-caption-text\">M\u00e1y \u1ee7i kh\u00ed n\u00e9n RC Mold King 17023 v\u1edbi 3963 chi ti\u1ebft<\/figcaption><\/figure>","protected":false},"excerpt":{"rendered":"<p>Product information: Brand: Mould King Gender: Unisex Name: RC Pneumatic Bulldozer Age Range: &gt; 14 years old Model Number: 17023 Classification: Assemblage Plastic Block Shape: Self-Locking Bricks Material: Plastic Plastic Type: ABS Bricks Blocks: 3963 PCS Contains detailed assembly instructions. Notice: 1. Without an original box, but we guarantee our products have quality assurance and [&hellip;]<\/p>","protected":false},"featured_media":26950,"comment_status":"open","ping_status":"closed","template":"","meta":{"_acf_changed":false},"product_cat":[364],"product_tag":[3310,3309,3315,3314,3312,3313,481,3311],"class_list":["product","first","instock","shipping-taxable","purchasable","product-type-simple"],"acf":[],"_links":{"self":[{"href":"https:\/\/mouldking.store\/vi\/wp-json\/wp\/v2\/product\/26949","targetHints":{"allow":["GET"]}}],"collection":[{"href":"https:\/\/mouldking.store\/vi\/wp-json\/wp\/v2\/product"}],"about":[{"href":"https:\/\/mouldking.store\/vi\/wp-json\/wp\/v2\/types\/product"}],"replies":[{"embeddable":true,"href":"https:\/\/mouldking.store\/vi\/wp-json\/wp\/v2\/comments?post=26949"}],"wp:featuredmedia":[{"embeddable":true,"href":"https:\/\/mouldking.store\/vi\/wp-json\/wp\/v2\/media\/26950"}],"wp:attachment":[{"href":"https:\/\/mouldking.store\/vi\/wp-json\/wp\/v2\/media?parent=26949"}],"wp:term":[{"taxonomy":"product_cat","embeddable":true,"href":"https:\/\/mouldking.store\/vi\/wp-json\/wp\/v2\/product_cat?post=26949"},{"taxonomy":"product_tag","embeddable":true,"href":"https:\/\/mouldking.store\/vi\/wp-json\/wp\/v2\/product_tag?post=26949"}],"curies":[{"name":"wp","href":"https:\/\/api.w.org\/{rel}","templated":true}]}}