{"id":27012,"date":"2021-11-09T11:29:13","date_gmt":"2021-11-09T11:29:13","guid":{"rendered":"https:\/\/mouldking.store\/?post_type=product&#038;p=27012"},"modified":"2022-11-18T18:35:06","modified_gmt":"2022-11-18T11:35:06","slug":"mork-022016-1-offroad-with-3218-pieces","status":"publish","type":"product","link":"https:\/\/mouldking.store\/vi\/shop\/mork-022016-1-offroad-with-3218-pieces\/","title":{"rendered":"Mork 022016-1 Offroad g\u1ed3m 3218 chi ti\u1ebft"},"content":{"rendered":"<p>Th\u00f4ng tin s\u1ea3n ph\u1ea9m:<\/p>\n<ol>\n<li>Th\u01b0\u01a1ng hi\u1ec7u: Morks<\/li>\n<li>Gi\u1edbi t\u00ednh: Unisex<\/li>\n<li>T\u00ean: Offroad<\/li>\n<li>\u0110\u1ed9 tu\u1ed5i: &gt; 6 tu\u1ed5i<\/li>\n<li>S\u1ed1 m\u00f4 h\u00ecnh: 022016-1<\/li>\n<li>Ph\u00e2n lo\u1ea1i: T\u1eadp h\u1ee3p<\/li>\n<li>H\u00ecnh d\u1ea1ng kh\u1ed1i nh\u1ef1a: G\u1ea1ch t\u1ef1 kh\u00f3a<\/li>\n<li>Ch\u1ea5t li\u1ec7u: Nh\u1ef1a<\/li>\n<li>Lo\u1ea1i nh\u1ef1a: ABS<\/li>\n<li>Kh\u1ed1i g\u1ea1ch: 3218 C\u00c1I<\/li>\n<li>Ch\u1ee9a h\u01b0\u1edbng d\u1eabn l\u1eafp r\u00e1p chi ti\u1ebft.<\/li>\n<\/ol>\n<p>\u0110\u1ec3 \u00fd:<br \/>\n1. Kh\u00f4ng c\u00f3 h\u1ed9p ban \u0111\u1ea7u, nh\u01b0ng ch\u00fang t\u00f4i \u0111\u1ea3m b\u1ea3o s\u1ea3n ph\u1ea9m c\u1ee7a ch\u00fang t\u00f4i c\u00f3 ch\u1ea5t l\u01b0\u1ee3ng \u0111\u1ea3m b\u1ea3o v\u00e0 bao b\u00ec \u0111\u1eb9p.<br \/>\n2. V\u00ec t\u1ea5t c\u1ea3 c\u00e1c b\u1ed9 ph\u1eadn ch\u00fang t\u00f4i \u0111\u00e3 ki\u1ec3m tra tr\u01b0\u1edbc khi v\u1eadn chuy\u1ec3n, v\u00ec v\u1eady n\u1ebfu b\u1ea1n th\u1ea5y m\u1ed9t s\u1ed1 b\u1ed9 ph\u1eadn b\u1ecb thi\u1ebfu ho\u1eb7c h\u01b0 h\u1ecfng, \u0111\u1eebng lo l\u1eafng v\u00e0 ch\u1ec9 c\u1ea7n vui l\u00f2ng li\u00ean h\u1ec7 v\u1edbi ch\u00fang t\u00f4i v\u00e0 ch\u00fang t\u00f4i c\u00f3 th\u1ec3 g\u1eedi l\u1ea1i mi\u1ec5n ph\u00ed cho b\u1ea1n ngay l\u1eadp t\u1ee9c.<\/p>\n<figure id=\"attachment_27013\" aria-describedby=\"caption-attachment-27013\" style=\"width: 800px\" class=\"wp-caption aligncenter\"><img fetchpriority=\"high\" decoding=\"async\" class=\"wp-image-27013 size-full\" src=\"https:\/\/mouldking.store\/wp-content\/uploads\/2021\/11\/Mork-022016-1-Offroad-with-3218-pieces-1.jpg\" alt=\"Mork 022016-1 Offroad with 3218 pieces\" width=\"800\" height=\"800\" title=\"-\" srcset=\"https:\/\/mouldking.store\/wp-content\/uploads\/2021\/11\/Mork-022016-1-Offroad-with-3218-pieces-1.jpg 800w, https:\/\/mouldking.store\/wp-content\/uploads\/2021\/11\/Mork-022016-1-Offroad-with-3218-pieces-1-300x300.jpg 300w, https:\/\/mouldking.store\/wp-content\/uploads\/2021\/11\/Mork-022016-1-Offroad-with-3218-pieces-1-768x768.jpg 768w, https:\/\/mouldking.store\/wp-content\/uploads\/2021\/11\/Mork-022016-1-Offroad-with-3218-pieces-1-600x600.jpg 600w, https:\/\/mouldking.store\/wp-content\/uploads\/2021\/11\/Mork-022016-1-Offroad-with-3218-pieces-1-150x150.jpg 150w\" sizes=\"(max-width: 800px) 100vw, 800px\" \/><figcaption id=\"caption-attachment-27013\" class=\"wp-caption-text\">Mork 022016-1 Offroad g\u1ed3m 3218 chi ti\u1ebft<\/figcaption><\/figure>\n<figure id=\"attachment_27024\" aria-describedby=\"caption-attachment-27024\" style=\"width: 620px\" class=\"wp-caption aligncenter\"><img decoding=\"async\" class=\"wp-image-27024 size-full\" src=\"https:\/\/mouldking.store\/wp-content\/uploads\/2021\/11\/Mork-022016-1-Offroad-with-3218-pieces-9.jpg\" alt=\"Mork 022016-1 Offroad with 3218 pieces\" width=\"620\" height=\"1024\" title=\"-\" srcset=\"https:\/\/mouldking.store\/wp-content\/uploads\/2021\/11\/Mork-022016-1-Offroad-with-3218-pieces-9.jpg 620w, https:\/\/mouldking.store\/wp-content\/uploads\/2021\/11\/Mork-022016-1-Offroad-with-3218-pieces-9-182x300.jpg 182w, https:\/\/mouldking.store\/wp-content\/uploads\/2021\/11\/Mork-022016-1-Offroad-with-3218-pieces-9-300x495.jpg 300w, https:\/\/mouldking.store\/wp-content\/uploads\/2021\/11\/Mork-022016-1-Offroad-with-3218-pieces-9-600x991.jpg 600w, https:\/\/mouldking.store\/wp-content\/uploads\/2021\/11\/Mork-022016-1-Offroad-with-3218-pieces-9-91x150.jpg 91w\" sizes=\"(max-width: 620px) 100vw, 620px\" \/><figcaption id=\"caption-attachment-27024\" class=\"wp-caption-text\">Mork 022016-1 Offroad g\u1ed3m 3218 chi ti\u1ebft<\/figcaption><\/figure>\n<figure id=\"attachment_27025\" aria-describedby=\"caption-attachment-27025\" style=\"width: 614px\" class=\"wp-caption aligncenter\"><img decoding=\"async\" class=\"wp-image-27025 size-full\" src=\"https:\/\/mouldking.store\/wp-content\/uploads\/2021\/11\/Mork-022016-1-Offroad-with-3218-pieces-10.jpg\" alt=\"Mork 022016-1 Offroad with 3218 pieces\" width=\"614\" height=\"1024\" title=\"-\" srcset=\"https:\/\/mouldking.store\/wp-content\/uploads\/2021\/11\/Mork-022016-1-Offroad-with-3218-pieces-10.jpg 614w, https:\/\/mouldking.store\/wp-content\/uploads\/2021\/11\/Mork-022016-1-Offroad-with-3218-pieces-10-180x300.jpg 180w, https:\/\/mouldking.store\/wp-content\/uploads\/2021\/11\/Mork-022016-1-Offroad-with-3218-pieces-10-300x500.jpg 300w, https:\/\/mouldking.store\/wp-content\/uploads\/2021\/11\/Mork-022016-1-Offroad-with-3218-pieces-10-600x1001.jpg 600w, https:\/\/mouldking.store\/wp-content\/uploads\/2021\/11\/Mork-022016-1-Offroad-with-3218-pieces-10-90x150.jpg 90w\" sizes=\"(max-width: 614px) 100vw, 614px\" \/><figcaption id=\"caption-attachment-27025\" class=\"wp-caption-text\">Mork 022016-1 Offroad g\u1ed3m 3218 chi ti\u1ebft<\/figcaption><\/figure>\n<figure id=\"attachment_27023\" aria-describedby=\"caption-attachment-27023\" style=\"width: 750px\" class=\"wp-caption aligncenter\"><img loading=\"lazy\" decoding=\"async\" class=\"wp-image-27023 size-full\" src=\"https:\/\/mouldking.store\/wp-content\/uploads\/2021\/11\/Mork-022016-1-Offroad-with-3218-pieces-8.jpg\" alt=\"Mork 022016-1 Offroad with 3218 pieces\" width=\"750\" height=\"980\" title=\"-\" srcset=\"https:\/\/mouldking.store\/wp-content\/uploads\/2021\/11\/Mork-022016-1-Offroad-with-3218-pieces-8.jpg 750w, https:\/\/mouldking.store\/wp-content\/uploads\/2021\/11\/Mork-022016-1-Offroad-with-3218-pieces-8-230x300.jpg 230w, https:\/\/mouldking.store\/wp-content\/uploads\/2021\/11\/Mork-022016-1-Offroad-with-3218-pieces-8-300x392.jpg 300w, https:\/\/mouldking.store\/wp-content\/uploads\/2021\/11\/Mork-022016-1-Offroad-with-3218-pieces-8-600x784.jpg 600w, https:\/\/mouldking.store\/wp-content\/uploads\/2021\/11\/Mork-022016-1-Offroad-with-3218-pieces-8-115x150.jpg 115w\" sizes=\"(max-width: 750px) 100vw, 750px\" \/><figcaption id=\"caption-attachment-27023\" class=\"wp-caption-text\">Mork 022016-1 Offroad g\u1ed3m 3218 chi ti\u1ebft<\/figcaption><\/figure>\n<figure id=\"attachment_27022\" aria-describedby=\"caption-attachment-27022\" style=\"width: 686px\" class=\"wp-caption aligncenter\"><img loading=\"lazy\" decoding=\"async\" class=\"wp-image-27022 size-full\" src=\"https:\/\/mouldking.store\/wp-content\/uploads\/2021\/11\/Mork-022016-1-Offroad-with-3218-pieces-7.jpg\" alt=\"Mork 022016-1 Offroad with 3218 pieces\" width=\"686\" height=\"1024\" title=\"-\" srcset=\"https:\/\/mouldking.store\/wp-content\/uploads\/2021\/11\/Mork-022016-1-Offroad-with-3218-pieces-7.jpg 686w, https:\/\/mouldking.store\/wp-content\/uploads\/2021\/11\/Mork-022016-1-Offroad-with-3218-pieces-7-201x300.jpg 201w, https:\/\/mouldking.store\/wp-content\/uploads\/2021\/11\/Mork-022016-1-Offroad-with-3218-pieces-7-300x448.jpg 300w, https:\/\/mouldking.store\/wp-content\/uploads\/2021\/11\/Mork-022016-1-Offroad-with-3218-pieces-7-600x896.jpg 600w, https:\/\/mouldking.store\/wp-content\/uploads\/2021\/11\/Mork-022016-1-Offroad-with-3218-pieces-7-100x150.jpg 100w\" sizes=\"(max-width: 686px) 100vw, 686px\" \/><figcaption id=\"caption-attachment-27022\" class=\"wp-caption-text\">Mork 022016-1 Offroad g\u1ed3m 3218 chi ti\u1ebft<\/figcaption><\/figure>\n<figure id=\"attachment_27020\" aria-describedby=\"caption-attachment-27020\" style=\"width: 527px\" class=\"wp-caption aligncenter\"><img loading=\"lazy\" decoding=\"async\" class=\"wp-image-27020 size-full\" src=\"https:\/\/mouldking.store\/wp-content\/uploads\/2021\/11\/Mork-022016-1-Offroad-with-3218-pieces-6.jpg\" alt=\"Mork 022016-1 Offroad with 3218 pieces\" width=\"527\" height=\"1024\" title=\"-\" srcset=\"https:\/\/mouldking.store\/wp-content\/uploads\/2021\/11\/Mork-022016-1-Offroad-with-3218-pieces-6.jpg 527w, https:\/\/mouldking.store\/wp-content\/uploads\/2021\/11\/Mork-022016-1-Offroad-with-3218-pieces-6-154x300.jpg 154w, https:\/\/mouldking.store\/wp-content\/uploads\/2021\/11\/Mork-022016-1-Offroad-with-3218-pieces-6-300x583.jpg 300w, https:\/\/mouldking.store\/wp-content\/uploads\/2021\/11\/Mork-022016-1-Offroad-with-3218-pieces-6-77x150.jpg 77w\" sizes=\"(max-width: 527px) 100vw, 527px\" \/><figcaption id=\"caption-attachment-27020\" class=\"wp-caption-text\">Mork 022016-1 Offroad g\u1ed3m 3218 chi ti\u1ebft<\/figcaption><\/figure>\n<figure id=\"attachment_27018\" aria-describedby=\"caption-attachment-27018\" style=\"width: 610px\" class=\"wp-caption aligncenter\"><img loading=\"lazy\" decoding=\"async\" class=\"wp-image-27018 size-full\" src=\"https:\/\/mouldking.store\/wp-content\/uploads\/2021\/11\/Mork-022016-1-Offroad-with-3218-pieces-5.jpg\" alt=\"Mork 022016-1 Offroad with 3218 pieces\" width=\"610\" height=\"1024\" title=\"-\" srcset=\"https:\/\/mouldking.store\/wp-content\/uploads\/2021\/11\/Mork-022016-1-Offroad-with-3218-pieces-5.jpg 610w, https:\/\/mouldking.store\/wp-content\/uploads\/2021\/11\/Mork-022016-1-Offroad-with-3218-pieces-5-179x300.jpg 179w, https:\/\/mouldking.store\/wp-content\/uploads\/2021\/11\/Mork-022016-1-Offroad-with-3218-pieces-5-300x504.jpg 300w, https:\/\/mouldking.store\/wp-content\/uploads\/2021\/11\/Mork-022016-1-Offroad-with-3218-pieces-5-600x1007.jpg 600w, https:\/\/mouldking.store\/wp-content\/uploads\/2021\/11\/Mork-022016-1-Offroad-with-3218-pieces-5-89x150.jpg 89w\" sizes=\"(max-width: 610px) 100vw, 610px\" \/><figcaption id=\"caption-attachment-27018\" class=\"wp-caption-text\">Mork 022016-1 Offroad g\u1ed3m 3218 chi ti\u1ebft<\/figcaption><\/figure>\n<figure id=\"attachment_27017\" aria-describedby=\"caption-attachment-27017\" style=\"width: 553px\" class=\"wp-caption aligncenter\"><img loading=\"lazy\" decoding=\"async\" class=\"wp-image-27017 size-full\" src=\"https:\/\/mouldking.store\/wp-content\/uploads\/2021\/11\/Mork-022016-1-Offroad-with-3218-pieces-1.gif\" alt=\"Mork 022016-1 Offroad with 3218 pieces\" width=\"553\" height=\"1024\" title=\"-\" srcset=\"https:\/\/mouldking.store\/wp-content\/uploads\/2021\/11\/Mork-022016-1-Offroad-with-3218-pieces-1.gif 553w, https:\/\/mouldking.store\/wp-content\/uploads\/2021\/11\/Mork-022016-1-Offroad-with-3218-pieces-1-162x300.gif 162w, https:\/\/mouldking.store\/wp-content\/uploads\/2021\/11\/Mork-022016-1-Offroad-with-3218-pieces-1-300x556.gif 300w, https:\/\/mouldking.store\/wp-content\/uploads\/2021\/11\/Mork-022016-1-Offroad-with-3218-pieces-1-81x150.gif 81w\" sizes=\"(max-width: 553px) 100vw, 553px\" \/><figcaption id=\"caption-attachment-27017\" class=\"wp-caption-text\">Mork 022016-1 Offroad g\u1ed3m 3218 chi ti\u1ebft<\/figcaption><\/figure>\n<figure id=\"attachment_27016\" aria-describedby=\"caption-attachment-27016\" style=\"width: 635px\" class=\"wp-caption aligncenter\"><img loading=\"lazy\" decoding=\"async\" class=\"wp-image-27016 size-full\" src=\"https:\/\/mouldking.store\/wp-content\/uploads\/2021\/11\/Mork-022016-1-Offroad-with-3218-pieces-4.jpg\" alt=\"Mork 022016-1 Offroad with 3218 pieces\" width=\"635\" height=\"1024\" title=\"-\" srcset=\"https:\/\/mouldking.store\/wp-content\/uploads\/2021\/11\/Mork-022016-1-Offroad-with-3218-pieces-4.jpg 635w, https:\/\/mouldking.store\/wp-content\/uploads\/2021\/11\/Mork-022016-1-Offroad-with-3218-pieces-4-186x300.jpg 186w, https:\/\/mouldking.store\/wp-content\/uploads\/2021\/11\/Mork-022016-1-Offroad-with-3218-pieces-4-300x484.jpg 300w, https:\/\/mouldking.store\/wp-content\/uploads\/2021\/11\/Mork-022016-1-Offroad-with-3218-pieces-4-600x968.jpg 600w, https:\/\/mouldking.store\/wp-content\/uploads\/2021\/11\/Mork-022016-1-Offroad-with-3218-pieces-4-93x150.jpg 93w\" sizes=\"(max-width: 635px) 100vw, 635px\" \/><figcaption id=\"caption-attachment-27016\" class=\"wp-caption-text\">Mork 022016-1 Offroad g\u1ed3m 3218 chi ti\u1ebft<\/figcaption><\/figure>\n<figure id=\"attachment_27015\" aria-describedby=\"caption-attachment-27015\" style=\"width: 742px\" class=\"wp-caption aligncenter\"><img loading=\"lazy\" decoding=\"async\" class=\"wp-image-27015 size-full\" src=\"https:\/\/mouldking.store\/wp-content\/uploads\/2021\/11\/Mork-022016-1-Offroad-with-3218-pieces-3.jpg\" alt=\"Mork 022016-1 Offroad with 3218 pieces\" width=\"742\" height=\"1024\" title=\"-\" srcset=\"https:\/\/mouldking.store\/wp-content\/uploads\/2021\/11\/Mork-022016-1-Offroad-with-3218-pieces-3.jpg 742w, https:\/\/mouldking.store\/wp-content\/uploads\/2021\/11\/Mork-022016-1-Offroad-with-3218-pieces-3-217x300.jpg 217w, https:\/\/mouldking.store\/wp-content\/uploads\/2021\/11\/Mork-022016-1-Offroad-with-3218-pieces-3-300x414.jpg 300w, https:\/\/mouldking.store\/wp-content\/uploads\/2021\/11\/Mork-022016-1-Offroad-with-3218-pieces-3-600x828.jpg 600w, https:\/\/mouldking.store\/wp-content\/uploads\/2021\/11\/Mork-022016-1-Offroad-with-3218-pieces-3-109x150.jpg 109w\" sizes=\"(max-width: 742px) 100vw, 742px\" \/><figcaption id=\"caption-attachment-27015\" class=\"wp-caption-text\">Mork 022016-1 Offroad g\u1ed3m 3218 chi ti\u1ebft<\/figcaption><\/figure>\n<figure id=\"attachment_27021\" aria-describedby=\"caption-attachment-27021\" style=\"width: 450px\" class=\"wp-caption aligncenter\"><img loading=\"lazy\" decoding=\"async\" class=\"wp-image-27021 size-full\" src=\"https:\/\/mouldking.store\/wp-content\/uploads\/2021\/11\/Mork-022016-1-Offroad-with-3218-pieces-2.gif\" alt=\"Mork 022016-1 Offroad with 3218 pieces\" width=\"450\" height=\"1024\" title=\"-\" srcset=\"https:\/\/mouldking.store\/wp-content\/uploads\/2021\/11\/Mork-022016-1-Offroad-with-3218-pieces-2.gif 450w, https:\/\/mouldking.store\/wp-content\/uploads\/2021\/11\/Mork-022016-1-Offroad-with-3218-pieces-2-132x300.gif 132w, https:\/\/mouldking.store\/wp-content\/uploads\/2021\/11\/Mork-022016-1-Offroad-with-3218-pieces-2-300x683.gif 300w, https:\/\/mouldking.store\/wp-content\/uploads\/2021\/11\/Mork-022016-1-Offroad-with-3218-pieces-2-66x150.gif 66w\" sizes=\"(max-width: 450px) 100vw, 450px\" \/><figcaption id=\"caption-attachment-27021\" class=\"wp-caption-text\">Mork 022016-1 Offroad g\u1ed3m 3218 chi ti\u1ebft<\/figcaption><\/figure>\n<figure id=\"attachment_27014\" aria-describedby=\"caption-attachment-27014\" style=\"width: 750px\" class=\"wp-caption aligncenter\"><img loading=\"lazy\" decoding=\"async\" class=\"wp-image-27014 size-full\" src=\"https:\/\/mouldking.store\/wp-content\/uploads\/2021\/11\/Mork-022016-1-Offroad-with-3218-pieces-2.jpg\" alt=\"Mork 022016-1 Offroad with 3218 pieces\" width=\"750\" height=\"803\" title=\"-\" srcset=\"https:\/\/mouldking.store\/wp-content\/uploads\/2021\/11\/Mork-022016-1-Offroad-with-3218-pieces-2.jpg 750w, https:\/\/mouldking.store\/wp-content\/uploads\/2021\/11\/Mork-022016-1-Offroad-with-3218-pieces-2-280x300.jpg 280w, https:\/\/mouldking.store\/wp-content\/uploads\/2021\/11\/Mork-022016-1-Offroad-with-3218-pieces-2-300x321.jpg 300w, https:\/\/mouldking.store\/wp-content\/uploads\/2021\/11\/Mork-022016-1-Offroad-with-3218-pieces-2-600x642.jpg 600w, https:\/\/mouldking.store\/wp-content\/uploads\/2021\/11\/Mork-022016-1-Offroad-with-3218-pieces-2-140x150.jpg 140w\" sizes=\"(max-width: 750px) 100vw, 750px\" \/><figcaption id=\"caption-attachment-27014\" class=\"wp-caption-text\">Mork 022016-1 Offroad g\u1ed3m 3218 chi ti\u1ebft<\/figcaption><\/figure>","protected":false},"excerpt":{"rendered":"<p>Product information: Brand: Mork Gender: Unisex Name: Offroad Age Range: &gt; 6 years old Model Number: 022016-1 Classification: Assemblage Plastic Block Shape: Self-Locking Bricks Material: Plastic Plastic Type: ABS Bricks Blocks: 3218 PCS Contains detailed assembly instructions. Notice: 1. Without an original box, but we guarantee our products have quality assurance and nice packaging. 2. [&hellip;]<\/p>","protected":false},"featured_media":27013,"comment_status":"open","ping_status":"closed","template":"","meta":{"_acf_changed":false},"product_cat":[364],"product_tag":[3369,2352,3368,3367,3366,3370,464],"class_list":["product","first","instock","shipping-taxable","purchasable","product-type-variable"],"acf":[],"_links":{"self":[{"href":"https:\/\/mouldking.store\/vi\/wp-json\/wp\/v2\/product\/27012","targetHints":{"allow":["GET"]}}],"collection":[{"href":"https:\/\/mouldking.store\/vi\/wp-json\/wp\/v2\/product"}],"about":[{"href":"https:\/\/mouldking.store\/vi\/wp-json\/wp\/v2\/types\/product"}],"replies":[{"embeddable":true,"href":"https:\/\/mouldking.store\/vi\/wp-json\/wp\/v2\/comments?post=27012"}],"wp:featuredmedia":[{"embeddable":true,"href":"https:\/\/mouldking.store\/vi\/wp-json\/wp\/v2\/media\/27013"}],"wp:attachment":[{"href":"https:\/\/mouldking.store\/vi\/wp-json\/wp\/v2\/media?parent=27012"}],"wp:term":[{"taxonomy":"product_cat","embeddable":true,"href":"https:\/\/mouldking.store\/vi\/wp-json\/wp\/v2\/product_cat?post=27012"},{"taxonomy":"product_tag","embeddable":true,"href":"https:\/\/mouldking.store\/vi\/wp-json\/wp\/v2\/product_tag?post=27012"}],"curies":[{"name":"wp","href":"https:\/\/api.w.org\/{rel}","templated":true}]}}