{"id":27019,"date":"2021-11-09T11:34:46","date_gmt":"2021-11-09T11:34:46","guid":{"rendered":"https:\/\/mouldking.store\/?post_type=product&#038;p=27019"},"modified":"2021-12-23T09:40:45","modified_gmt":"2021-12-23T09:40:45","slug":"kazi-ky10009-surf-music-box-with-818-pieces","status":"publish","type":"product","link":"https:\/\/mouldking.store\/vi\/shop\/kazi-ky10009-surf-music-box-with-818-pieces\/","title":{"rendered":"H\u1ed9p nh\u1ea1c Surf KAZI KY10009 818 c\u00e1i"},"content":{"rendered":"<p>Th\u00f4ng tin s\u1ea3n ph\u1ea9m:<\/p>\n<ol>\n<li>Th\u01b0\u01a1ng hi\u1ec7u: KAZI<\/li>\n<li>Gi\u1edbi t\u00ednh: Unisex<\/li>\n<li>Name: Surf Music Box<\/li>\n<li>\u0110\u1ed9 tu\u1ed5i: &gt; 6 tu\u1ed5i<\/li>\n<li>Model Number: KY10009<\/li>\n<li>Ph\u00e2n lo\u1ea1i: T\u1eadp h\u1ee3p<\/li>\n<li>H\u00ecnh d\u1ea1ng kh\u1ed1i nh\u1ef1a: G\u1ea1ch t\u1ef1 kh\u00f3a<\/li>\n<li>Ch\u1ea5t li\u1ec7u: Nh\u1ef1a<\/li>\n<li>Lo\u1ea1i nh\u1ef1a: ABS<\/li>\n<li>Kh\u1ed1i g\u1ea1ch: 818 C\u00c1I<\/li>\n<li>Ch\u1ee9a h\u01b0\u1edbng d\u1eabn l\u1eafp r\u00e1p chi ti\u1ebft.<\/li>\n<\/ol>\n<p>\u0110\u1ec3 \u00fd:<br \/>\n1. Kh\u00f4ng c\u00f3 h\u1ed9p ban \u0111\u1ea7u, nh\u01b0ng ch\u00fang t\u00f4i \u0111\u1ea3m b\u1ea3o s\u1ea3n ph\u1ea9m c\u1ee7a ch\u00fang t\u00f4i c\u00f3 ch\u1ea5t l\u01b0\u1ee3ng \u0111\u1ea3m b\u1ea3o v\u00e0 bao b\u00ec \u0111\u1eb9p.<br \/>\n2. V\u00ec t\u1ea5t c\u1ea3 c\u00e1c b\u1ed9 ph\u1eadn ch\u00fang t\u00f4i \u0111\u00e3 ki\u1ec3m tra tr\u01b0\u1edbc khi v\u1eadn chuy\u1ec3n, v\u00ec v\u1eady n\u1ebfu b\u1ea1n th\u1ea5y m\u1ed9t s\u1ed1 b\u1ed9 ph\u1eadn b\u1ecb thi\u1ebfu ho\u1eb7c h\u01b0 h\u1ecfng, \u0111\u1eebng lo l\u1eafng v\u00e0 ch\u1ec9 c\u1ea7n vui l\u00f2ng li\u00ean h\u1ec7 v\u1edbi ch\u00fang t\u00f4i v\u00e0 ch\u00fang t\u00f4i c\u00f3 th\u1ec3 g\u1eedi l\u1ea1i mi\u1ec5n ph\u00ed cho b\u1ea1n ngay l\u1eadp t\u1ee9c.<\/p>\n<figure id=\"attachment_27026\" aria-describedby=\"caption-attachment-27026\" style=\"width: 800px\" class=\"wp-caption aligncenter\"><img fetchpriority=\"high\" decoding=\"async\" class=\"wp-image-27026 size-full\" src=\"https:\/\/mouldking.store\/wp-content\/uploads\/2021\/11\/KAZI-KY10009-Surf-Music-Box-with-818-pieces-1.jpg\" alt=\"KAZI KY10009 Surf Music Box with 818 pieces\" width=\"800\" height=\"800\" title=\"-\" srcset=\"https:\/\/mouldking.store\/wp-content\/uploads\/2021\/11\/KAZI-KY10009-Surf-Music-Box-with-818-pieces-1.jpg 800w, https:\/\/mouldking.store\/wp-content\/uploads\/2021\/11\/KAZI-KY10009-Surf-Music-Box-with-818-pieces-1-300x300.jpg 300w, https:\/\/mouldking.store\/wp-content\/uploads\/2021\/11\/KAZI-KY10009-Surf-Music-Box-with-818-pieces-1-768x768.jpg 768w, https:\/\/mouldking.store\/wp-content\/uploads\/2021\/11\/KAZI-KY10009-Surf-Music-Box-with-818-pieces-1-600x600.jpg 600w, https:\/\/mouldking.store\/wp-content\/uploads\/2021\/11\/KAZI-KY10009-Surf-Music-Box-with-818-pieces-1-150x150.jpg 150w\" sizes=\"(max-width: 800px) 100vw, 800px\" \/><figcaption id=\"caption-attachment-27026\" class=\"wp-caption-text\">H\u1ed9p nh\u1ea1c Surf KAZI KY10009 818 c\u00e1i<\/figcaption><\/figure>\n<figure id=\"attachment_27036\" aria-describedby=\"caption-attachment-27036\" style=\"width: 680px\" class=\"wp-caption aligncenter\"><img decoding=\"async\" class=\"wp-image-27036 size-full\" src=\"https:\/\/mouldking.store\/wp-content\/uploads\/2021\/11\/KAZI-KY10009-Surf-Music-Box-with-818-pieces-11.jpg\" alt=\"KAZI KY10009 Surf Music Box with 818 pieces\" width=\"680\" height=\"1024\" title=\"-\" srcset=\"https:\/\/mouldking.store\/wp-content\/uploads\/2021\/11\/KAZI-KY10009-Surf-Music-Box-with-818-pieces-11.jpg 680w, https:\/\/mouldking.store\/wp-content\/uploads\/2021\/11\/KAZI-KY10009-Surf-Music-Box-with-818-pieces-11-199x300.jpg 199w, https:\/\/mouldking.store\/wp-content\/uploads\/2021\/11\/KAZI-KY10009-Surf-Music-Box-with-818-pieces-11-300x452.jpg 300w, https:\/\/mouldking.store\/wp-content\/uploads\/2021\/11\/KAZI-KY10009-Surf-Music-Box-with-818-pieces-11-600x904.jpg 600w, https:\/\/mouldking.store\/wp-content\/uploads\/2021\/11\/KAZI-KY10009-Surf-Music-Box-with-818-pieces-11-100x150.jpg 100w\" sizes=\"(max-width: 680px) 100vw, 680px\" \/><figcaption id=\"caption-attachment-27036\" class=\"wp-caption-text\">H\u1ed9p nh\u1ea1c Surf KAZI KY10009 818 c\u00e1i<\/figcaption><\/figure>\n<figure id=\"attachment_27028\" aria-describedby=\"caption-attachment-27028\" style=\"width: 790px\" class=\"wp-caption aligncenter\"><img decoding=\"async\" class=\"wp-image-27028 size-full\" src=\"https:\/\/mouldking.store\/wp-content\/uploads\/2021\/11\/KAZI-KY10009-Surf-Music-Box-with-818-pieces-3.jpg\" alt=\"KAZI KY10009 Surf Music Box with 818 pieces\" width=\"790\" height=\"951\" title=\"-\" srcset=\"https:\/\/mouldking.store\/wp-content\/uploads\/2021\/11\/KAZI-KY10009-Surf-Music-Box-with-818-pieces-3.jpg 790w, https:\/\/mouldking.store\/wp-content\/uploads\/2021\/11\/KAZI-KY10009-Surf-Music-Box-with-818-pieces-3-249x300.jpg 249w, https:\/\/mouldking.store\/wp-content\/uploads\/2021\/11\/KAZI-KY10009-Surf-Music-Box-with-818-pieces-3-768x925.jpg 768w, https:\/\/mouldking.store\/wp-content\/uploads\/2021\/11\/KAZI-KY10009-Surf-Music-Box-with-818-pieces-3-300x361.jpg 300w, https:\/\/mouldking.store\/wp-content\/uploads\/2021\/11\/KAZI-KY10009-Surf-Music-Box-with-818-pieces-3-600x722.jpg 600w, https:\/\/mouldking.store\/wp-content\/uploads\/2021\/11\/KAZI-KY10009-Surf-Music-Box-with-818-pieces-3-125x150.jpg 125w\" sizes=\"(max-width: 790px) 100vw, 790px\" \/><figcaption id=\"caption-attachment-27028\" class=\"wp-caption-text\">H\u1ed9p nh\u1ea1c Surf KAZI KY10009 818 c\u00e1i<\/figcaption><\/figure>\n<figure id=\"attachment_27032\" aria-describedby=\"caption-attachment-27032\" style=\"width: 790px\" class=\"wp-caption aligncenter\"><img loading=\"lazy\" decoding=\"async\" class=\"wp-image-27032 size-full\" src=\"https:\/\/mouldking.store\/wp-content\/uploads\/2021\/11\/KAZI-KY10009-Surf-Music-Box-with-818-pieces-7.jpg\" alt=\"KAZI KY10009 Surf Music Box with 818 pieces\" width=\"790\" height=\"629\" title=\"-\" srcset=\"https:\/\/mouldking.store\/wp-content\/uploads\/2021\/11\/KAZI-KY10009-Surf-Music-Box-with-818-pieces-7.jpg 790w, https:\/\/mouldking.store\/wp-content\/uploads\/2021\/11\/KAZI-KY10009-Surf-Music-Box-with-818-pieces-7-300x239.jpg 300w, https:\/\/mouldking.store\/wp-content\/uploads\/2021\/11\/KAZI-KY10009-Surf-Music-Box-with-818-pieces-7-768x611.jpg 768w, https:\/\/mouldking.store\/wp-content\/uploads\/2021\/11\/KAZI-KY10009-Surf-Music-Box-with-818-pieces-7-600x478.jpg 600w, https:\/\/mouldking.store\/wp-content\/uploads\/2021\/11\/KAZI-KY10009-Surf-Music-Box-with-818-pieces-7-150x119.jpg 150w\" sizes=\"(max-width: 790px) 100vw, 790px\" \/><figcaption id=\"caption-attachment-27032\" class=\"wp-caption-text\">H\u1ed9p nh\u1ea1c Surf KAZI KY10009 818 c\u00e1i<\/figcaption><\/figure>\n<figure id=\"attachment_27030\" aria-describedby=\"caption-attachment-27030\" style=\"width: 736px\" class=\"wp-caption aligncenter\"><img loading=\"lazy\" decoding=\"async\" class=\"wp-image-27030 size-full\" src=\"https:\/\/mouldking.store\/wp-content\/uploads\/2021\/11\/KAZI-KY10009-Surf-Music-Box-with-818-pieces-5.jpg\" alt=\"KAZI KY10009 Surf Music Box with 818 pieces\" width=\"736\" height=\"1024\" title=\"-\" srcset=\"https:\/\/mouldking.store\/wp-content\/uploads\/2021\/11\/KAZI-KY10009-Surf-Music-Box-with-818-pieces-5.jpg 736w, https:\/\/mouldking.store\/wp-content\/uploads\/2021\/11\/KAZI-KY10009-Surf-Music-Box-with-818-pieces-5-216x300.jpg 216w, https:\/\/mouldking.store\/wp-content\/uploads\/2021\/11\/KAZI-KY10009-Surf-Music-Box-with-818-pieces-5-300x417.jpg 300w, https:\/\/mouldking.store\/wp-content\/uploads\/2021\/11\/KAZI-KY10009-Surf-Music-Box-with-818-pieces-5-600x835.jpg 600w, https:\/\/mouldking.store\/wp-content\/uploads\/2021\/11\/KAZI-KY10009-Surf-Music-Box-with-818-pieces-5-108x150.jpg 108w\" sizes=\"(max-width: 736px) 100vw, 736px\" \/><figcaption id=\"caption-attachment-27030\" class=\"wp-caption-text\">H\u1ed9p nh\u1ea1c Surf KAZI KY10009 818 c\u00e1i<\/figcaption><\/figure>\n<figure id=\"attachment_27035\" aria-describedby=\"caption-attachment-27035\" style=\"width: 790px\" class=\"wp-caption aligncenter\"><img loading=\"lazy\" decoding=\"async\" class=\"wp-image-27035 size-full\" src=\"https:\/\/mouldking.store\/wp-content\/uploads\/2021\/11\/KAZI-KY10009-Surf-Music-Box-with-818-pieces-10.jpg\" alt=\"KAZI KY10009 Surf Music Box with 818 pieces\" width=\"790\" height=\"852\" title=\"-\" srcset=\"https:\/\/mouldking.store\/wp-content\/uploads\/2021\/11\/KAZI-KY10009-Surf-Music-Box-with-818-pieces-10.jpg 790w, https:\/\/mouldking.store\/wp-content\/uploads\/2021\/11\/KAZI-KY10009-Surf-Music-Box-with-818-pieces-10-278x300.jpg 278w, https:\/\/mouldking.store\/wp-content\/uploads\/2021\/11\/KAZI-KY10009-Surf-Music-Box-with-818-pieces-10-768x828.jpg 768w, https:\/\/mouldking.store\/wp-content\/uploads\/2021\/11\/KAZI-KY10009-Surf-Music-Box-with-818-pieces-10-300x324.jpg 300w, https:\/\/mouldking.store\/wp-content\/uploads\/2021\/11\/KAZI-KY10009-Surf-Music-Box-with-818-pieces-10-600x647.jpg 600w, https:\/\/mouldking.store\/wp-content\/uploads\/2021\/11\/KAZI-KY10009-Surf-Music-Box-with-818-pieces-10-139x150.jpg 139w\" sizes=\"(max-width: 790px) 100vw, 790px\" \/><figcaption id=\"caption-attachment-27035\" class=\"wp-caption-text\">H\u1ed9p nh\u1ea1c Surf KAZI KY10009 818 c\u00e1i<\/figcaption><\/figure>\n<figure id=\"attachment_27029\" aria-describedby=\"caption-attachment-27029\" style=\"width: 638px\" class=\"wp-caption aligncenter\"><img loading=\"lazy\" decoding=\"async\" class=\"wp-image-27029 size-full\" src=\"https:\/\/mouldking.store\/wp-content\/uploads\/2021\/11\/KAZI-KY10009-Surf-Music-Box-with-818-pieces-4.jpg\" alt=\"KAZI KY10009 Surf Music Box with 818 pieces\" width=\"638\" height=\"1024\" title=\"-\" srcset=\"https:\/\/mouldking.store\/wp-content\/uploads\/2021\/11\/KAZI-KY10009-Surf-Music-Box-with-818-pieces-4.jpg 638w, https:\/\/mouldking.store\/wp-content\/uploads\/2021\/11\/KAZI-KY10009-Surf-Music-Box-with-818-pieces-4-187x300.jpg 187w, https:\/\/mouldking.store\/wp-content\/uploads\/2021\/11\/KAZI-KY10009-Surf-Music-Box-with-818-pieces-4-300x482.jpg 300w, https:\/\/mouldking.store\/wp-content\/uploads\/2021\/11\/KAZI-KY10009-Surf-Music-Box-with-818-pieces-4-600x963.jpg 600w, https:\/\/mouldking.store\/wp-content\/uploads\/2021\/11\/KAZI-KY10009-Surf-Music-Box-with-818-pieces-4-93x150.jpg 93w\" sizes=\"(max-width: 638px) 100vw, 638px\" \/><figcaption id=\"caption-attachment-27029\" class=\"wp-caption-text\">H\u1ed9p nh\u1ea1c Surf KAZI KY10009 818 c\u00e1i<\/figcaption><\/figure>\n<figure id=\"attachment_27034\" aria-describedby=\"caption-attachment-27034\" style=\"width: 790px\" class=\"wp-caption aligncenter\"><img loading=\"lazy\" decoding=\"async\" class=\"wp-image-27034 size-full\" src=\"https:\/\/mouldking.store\/wp-content\/uploads\/2021\/11\/KAZI-KY10009-Surf-Music-Box-with-818-pieces-9.jpg\" alt=\"KAZI KY10009 Surf Music Box with 818 pieces\" width=\"790\" height=\"887\" title=\"-\" srcset=\"https:\/\/mouldking.store\/wp-content\/uploads\/2021\/11\/KAZI-KY10009-Surf-Music-Box-with-818-pieces-9.jpg 790w, https:\/\/mouldking.store\/wp-content\/uploads\/2021\/11\/KAZI-KY10009-Surf-Music-Box-with-818-pieces-9-267x300.jpg 267w, https:\/\/mouldking.store\/wp-content\/uploads\/2021\/11\/KAZI-KY10009-Surf-Music-Box-with-818-pieces-9-768x862.jpg 768w, https:\/\/mouldking.store\/wp-content\/uploads\/2021\/11\/KAZI-KY10009-Surf-Music-Box-with-818-pieces-9-300x337.jpg 300w, https:\/\/mouldking.store\/wp-content\/uploads\/2021\/11\/KAZI-KY10009-Surf-Music-Box-with-818-pieces-9-600x674.jpg 600w, https:\/\/mouldking.store\/wp-content\/uploads\/2021\/11\/KAZI-KY10009-Surf-Music-Box-with-818-pieces-9-134x150.jpg 134w\" sizes=\"(max-width: 790px) 100vw, 790px\" \/><figcaption id=\"caption-attachment-27034\" class=\"wp-caption-text\">H\u1ed9p nh\u1ea1c Surf KAZI KY10009 818 c\u00e1i<\/figcaption><\/figure>\n<figure id=\"attachment_27033\" aria-describedby=\"caption-attachment-27033\" style=\"width: 790px\" class=\"wp-caption aligncenter\"><img loading=\"lazy\" decoding=\"async\" class=\"wp-image-27033 size-full\" src=\"https:\/\/mouldking.store\/wp-content\/uploads\/2021\/11\/KAZI-KY10009-Surf-Music-Box-with-818-pieces-8.jpg\" alt=\"KAZI KY10009 Surf Music Box with 818 pieces\" width=\"790\" height=\"782\" title=\"-\" srcset=\"https:\/\/mouldking.store\/wp-content\/uploads\/2021\/11\/KAZI-KY10009-Surf-Music-Box-with-818-pieces-8.jpg 790w, https:\/\/mouldking.store\/wp-content\/uploads\/2021\/11\/KAZI-KY10009-Surf-Music-Box-with-818-pieces-8-300x297.jpg 300w, https:\/\/mouldking.store\/wp-content\/uploads\/2021\/11\/KAZI-KY10009-Surf-Music-Box-with-818-pieces-8-768x760.jpg 768w, https:\/\/mouldking.store\/wp-content\/uploads\/2021\/11\/KAZI-KY10009-Surf-Music-Box-with-818-pieces-8-600x594.jpg 600w, https:\/\/mouldking.store\/wp-content\/uploads\/2021\/11\/KAZI-KY10009-Surf-Music-Box-with-818-pieces-8-150x148.jpg 150w\" sizes=\"(max-width: 790px) 100vw, 790px\" \/><figcaption id=\"caption-attachment-27033\" class=\"wp-caption-text\">H\u1ed9p nh\u1ea1c Surf KAZI KY10009 818 c\u00e1i<\/figcaption><\/figure>\n<figure id=\"attachment_27031\" aria-describedby=\"caption-attachment-27031\" style=\"width: 790px\" class=\"wp-caption aligncenter\"><img loading=\"lazy\" decoding=\"async\" class=\"wp-image-27031 size-full\" src=\"https:\/\/mouldking.store\/wp-content\/uploads\/2021\/11\/KAZI-KY10009-Surf-Music-Box-with-818-pieces-6.jpg\" alt=\"KAZI KY10009 Surf Music Box with 818 pieces\" width=\"790\" height=\"771\" title=\"-\" srcset=\"https:\/\/mouldking.store\/wp-content\/uploads\/2021\/11\/KAZI-KY10009-Surf-Music-Box-with-818-pieces-6.jpg 790w, https:\/\/mouldking.store\/wp-content\/uploads\/2021\/11\/KAZI-KY10009-Surf-Music-Box-with-818-pieces-6-300x293.jpg 300w, https:\/\/mouldking.store\/wp-content\/uploads\/2021\/11\/KAZI-KY10009-Surf-Music-Box-with-818-pieces-6-768x750.jpg 768w, https:\/\/mouldking.store\/wp-content\/uploads\/2021\/11\/KAZI-KY10009-Surf-Music-Box-with-818-pieces-6-600x586.jpg 600w, https:\/\/mouldking.store\/wp-content\/uploads\/2021\/11\/KAZI-KY10009-Surf-Music-Box-with-818-pieces-6-150x146.jpg 150w\" sizes=\"(max-width: 790px) 100vw, 790px\" \/><figcaption id=\"caption-attachment-27031\" class=\"wp-caption-text\">H\u1ed9p nh\u1ea1c Surf KAZI KY10009 818 c\u00e1i<\/figcaption><\/figure>\n<figure id=\"attachment_27027\" aria-describedby=\"caption-attachment-27027\" style=\"width: 790px\" class=\"wp-caption aligncenter\"><img loading=\"lazy\" decoding=\"async\" class=\"wp-image-27027 size-full\" src=\"https:\/\/mouldking.store\/wp-content\/uploads\/2021\/11\/KAZI-KY10009-Surf-Music-Box-with-818-pieces-2.jpg\" alt=\"KAZI KY10009 Surf Music Box with 818 pieces\" width=\"790\" height=\"561\" title=\"-\" srcset=\"https:\/\/mouldking.store\/wp-content\/uploads\/2021\/11\/KAZI-KY10009-Surf-Music-Box-with-818-pieces-2.jpg 790w, https:\/\/mouldking.store\/wp-content\/uploads\/2021\/11\/KAZI-KY10009-Surf-Music-Box-with-818-pieces-2-300x213.jpg 300w, https:\/\/mouldking.store\/wp-content\/uploads\/2021\/11\/KAZI-KY10009-Surf-Music-Box-with-818-pieces-2-768x545.jpg 768w, https:\/\/mouldking.store\/wp-content\/uploads\/2021\/11\/KAZI-KY10009-Surf-Music-Box-with-818-pieces-2-600x426.jpg 600w, https:\/\/mouldking.store\/wp-content\/uploads\/2021\/11\/KAZI-KY10009-Surf-Music-Box-with-818-pieces-2-150x107.jpg 150w\" sizes=\"(max-width: 790px) 100vw, 790px\" \/><figcaption id=\"caption-attachment-27027\" class=\"wp-caption-text\">H\u1ed9p nh\u1ea1c Surf KAZI KY10009 818 c\u00e1i<\/figcaption><\/figure>","protected":false},"excerpt":{"rendered":"<p>Product information: Brand: KAZI Gender: Unisex Name: Surf Music Box Age Range: &gt; 6 years old Model Number: KY10009 Classification: Assemblage Plastic Block Shape: Self-Locking Bricks Material: Plastic Plastic Type: ABS Bricks Blocks: 818 PCS Contains detailed assembly instructions. Notice: 1. Without an original box, but we guarantee our products have quality assurance and nice [&hellip;]<\/p>","protected":false},"featured_media":27026,"comment_status":"open","ping_status":"closed","template":"","meta":{"_acf_changed":false},"product_cat":[371],"product_tag":[3373,3372,3371,3375,1370,3374],"class_list":["product","first","instock","shipping-taxable","purchasable","product-type-simple"],"acf":[],"_links":{"self":[{"href":"https:\/\/mouldking.store\/vi\/wp-json\/wp\/v2\/product\/27019","targetHints":{"allow":["GET"]}}],"collection":[{"href":"https:\/\/mouldking.store\/vi\/wp-json\/wp\/v2\/product"}],"about":[{"href":"https:\/\/mouldking.store\/vi\/wp-json\/wp\/v2\/types\/product"}],"replies":[{"embeddable":true,"href":"https:\/\/mouldking.store\/vi\/wp-json\/wp\/v2\/comments?post=27019"}],"wp:featuredmedia":[{"embeddable":true,"href":"https:\/\/mouldking.store\/vi\/wp-json\/wp\/v2\/media\/27026"}],"wp:attachment":[{"href":"https:\/\/mouldking.store\/vi\/wp-json\/wp\/v2\/media?parent=27019"}],"wp:term":[{"taxonomy":"product_cat","embeddable":true,"href":"https:\/\/mouldking.store\/vi\/wp-json\/wp\/v2\/product_cat?post=27019"},{"taxonomy":"product_tag","embeddable":true,"href":"https:\/\/mouldking.store\/vi\/wp-json\/wp\/v2\/product_tag?post=27019"}],"curies":[{"name":"wp","href":"https:\/\/api.w.org\/{rel}","templated":true}]}}