{"id":27168,"date":"2021-11-12T02:33:51","date_gmt":"2021-11-12T02:33:51","guid":{"rendered":"https:\/\/mouldking.store\/?post_type=product&#038;p=27168"},"modified":"2021-12-23T09:40:43","modified_gmt":"2021-12-23T09:40:43","slug":"urge-50101-medievaltown-market-with-1724-pieces","status":"publish","type":"product","link":"https:\/\/mouldking.store\/vi\/shop\/urge-50101-medievaltown-market-with-1724-pieces\/","title":{"rendered":"URGE 50101 Ch\u1ee3 Medievaltown v\u1edbi 1724 mi\u1ebfng"},"content":{"rendered":"<p>Th\u00f4ng tin s\u1ea3n ph\u1ea9m:<\/p>\n<ol>\n<li>Th\u01b0\u01a1ng hi\u1ec7u: URGE<\/li>\n<li>Gi\u1edbi t\u00ednh: Unisex<\/li>\n<li>Name: Medievaltown Market<\/li>\n<li>\u0110\u1ed9 tu\u1ed5i: &gt; 6 tu\u1ed5i<\/li>\n<li>Model Number: 50101<\/li>\n<li>Ph\u00e2n lo\u1ea1i: T\u1eadp h\u1ee3p<\/li>\n<li>H\u00ecnh d\u1ea1ng kh\u1ed1i nh\u1ef1a: G\u1ea1ch t\u1ef1 kh\u00f3a<\/li>\n<li>Ch\u1ea5t li\u1ec7u: Nh\u1ef1a<\/li>\n<li>Lo\u1ea1i nh\u1ef1a: ABS<\/li>\n<li>Bricks Blocks: 1724 PCS<\/li>\n<li>Ch\u1ee9a h\u01b0\u1edbng d\u1eabn l\u1eafp r\u00e1p chi ti\u1ebft.<\/li>\n<\/ol>\n<p>\u0110\u1ec3 \u00fd:<br \/>\n1. Kh\u00f4ng c\u00f3 h\u1ed9p ban \u0111\u1ea7u, nh\u01b0ng ch\u00fang t\u00f4i \u0111\u1ea3m b\u1ea3o s\u1ea3n ph\u1ea9m c\u1ee7a ch\u00fang t\u00f4i c\u00f3 ch\u1ea5t l\u01b0\u1ee3ng \u0111\u1ea3m b\u1ea3o v\u00e0 bao b\u00ec \u0111\u1eb9p.<br \/>\n2. V\u00ec t\u1ea5t c\u1ea3 c\u00e1c b\u1ed9 ph\u1eadn ch\u00fang t\u00f4i \u0111\u00e3 ki\u1ec3m tra tr\u01b0\u1edbc khi v\u1eadn chuy\u1ec3n, v\u00ec v\u1eady n\u1ebfu b\u1ea1n th\u1ea5y m\u1ed9t s\u1ed1 b\u1ed9 ph\u1eadn b\u1ecb thi\u1ebfu ho\u1eb7c h\u01b0 h\u1ecfng, \u0111\u1eebng lo l\u1eafng v\u00e0 ch\u1ec9 c\u1ea7n vui l\u00f2ng li\u00ean h\u1ec7 v\u1edbi ch\u00fang t\u00f4i v\u00e0 ch\u00fang t\u00f4i c\u00f3 th\u1ec3 g\u1eedi l\u1ea1i mi\u1ec5n ph\u00ed cho b\u1ea1n ngay l\u1eadp t\u1ee9c.<\/p>\n<figure id=\"attachment_27176\" aria-describedby=\"caption-attachment-27176\" style=\"width: 580px\" class=\"wp-caption aligncenter\"><img fetchpriority=\"high\" decoding=\"async\" class=\"wp-image-27176 size-full\" src=\"https:\/\/mouldking.store\/wp-content\/uploads\/2021\/11\/URGE-50101-Medievaltown-Market-with-1724-pieces-8.jpg\" alt=\"URGE 50101 Medievaltown Market with 1724 pieces\" width=\"580\" height=\"1023\" title=\"-\" srcset=\"https:\/\/mouldking.store\/wp-content\/uploads\/2021\/11\/URGE-50101-Medievaltown-Market-with-1724-pieces-8.jpg 580w, https:\/\/mouldking.store\/wp-content\/uploads\/2021\/11\/URGE-50101-Medievaltown-Market-with-1724-pieces-8-170x300.jpg 170w, https:\/\/mouldking.store\/wp-content\/uploads\/2021\/11\/URGE-50101-Medievaltown-Market-with-1724-pieces-8-300x529.jpg 300w, https:\/\/mouldking.store\/wp-content\/uploads\/2021\/11\/URGE-50101-Medievaltown-Market-with-1724-pieces-8-85x150.jpg 85w\" sizes=\"(max-width: 580px) 100vw, 580px\" \/><figcaption id=\"caption-attachment-27176\" class=\"wp-caption-text\">URGE 50101 Ch\u1ee3 Medievaltown v\u1edbi 1724 mi\u1ebfng<\/figcaption><\/figure>\n<figure id=\"attachment_27177\" aria-describedby=\"caption-attachment-27177\" style=\"width: 750px\" class=\"wp-caption aligncenter\"><img decoding=\"async\" class=\"wp-image-27177 size-full\" src=\"https:\/\/mouldking.store\/wp-content\/uploads\/2021\/11\/URGE-50101-Medievaltown-Market-with-1724-pieces-9.jpg\" alt=\"URGE 50101 Medievaltown Market with 1724 pieces\" width=\"750\" height=\"750\" title=\"-\" srcset=\"https:\/\/mouldking.store\/wp-content\/uploads\/2021\/11\/URGE-50101-Medievaltown-Market-with-1724-pieces-9.jpg 750w, https:\/\/mouldking.store\/wp-content\/uploads\/2021\/11\/URGE-50101-Medievaltown-Market-with-1724-pieces-9-300x300.jpg 300w, https:\/\/mouldking.store\/wp-content\/uploads\/2021\/11\/URGE-50101-Medievaltown-Market-with-1724-pieces-9-600x600.jpg 600w, https:\/\/mouldking.store\/wp-content\/uploads\/2021\/11\/URGE-50101-Medievaltown-Market-with-1724-pieces-9-150x150.jpg 150w\" sizes=\"(max-width: 750px) 100vw, 750px\" \/><figcaption id=\"caption-attachment-27177\" class=\"wp-caption-text\">URGE 50101 Ch\u1ee3 Medievaltown v\u1edbi 1724 mi\u1ebfng<\/figcaption><\/figure>\n<figure id=\"attachment_27175\" aria-describedby=\"caption-attachment-27175\" style=\"width: 584px\" class=\"wp-caption aligncenter\"><img decoding=\"async\" class=\"wp-image-27175 size-full\" src=\"https:\/\/mouldking.store\/wp-content\/uploads\/2021\/11\/URGE-50101-Medievaltown-Market-with-1724-pieces-7.jpg\" alt=\"URGE 50101 Medievaltown Market with 1724 pieces\" width=\"584\" height=\"1023\" title=\"-\" srcset=\"https:\/\/mouldking.store\/wp-content\/uploads\/2021\/11\/URGE-50101-Medievaltown-Market-with-1724-pieces-7.jpg 584w, https:\/\/mouldking.store\/wp-content\/uploads\/2021\/11\/URGE-50101-Medievaltown-Market-with-1724-pieces-7-171x300.jpg 171w, https:\/\/mouldking.store\/wp-content\/uploads\/2021\/11\/URGE-50101-Medievaltown-Market-with-1724-pieces-7-300x526.jpg 300w, https:\/\/mouldking.store\/wp-content\/uploads\/2021\/11\/URGE-50101-Medievaltown-Market-with-1724-pieces-7-86x150.jpg 86w\" sizes=\"(max-width: 584px) 100vw, 584px\" \/><figcaption id=\"caption-attachment-27175\" class=\"wp-caption-text\">URGE 50101 Ch\u1ee3 Medievaltown v\u1edbi 1724 mi\u1ebfng<\/figcaption><\/figure>\n<figure id=\"attachment_27170\" aria-describedby=\"caption-attachment-27170\" style=\"width: 750px\" class=\"wp-caption aligncenter\"><img loading=\"lazy\" decoding=\"async\" class=\"wp-image-27170 size-full\" src=\"https:\/\/mouldking.store\/wp-content\/uploads\/2021\/11\/URGE-50101-Medievaltown-Market-with-1724-pieces-2.jpg\" alt=\"URGE 50101 Medievaltown Market with 1724 pieces\" width=\"750\" height=\"815\" title=\"-\" srcset=\"https:\/\/mouldking.store\/wp-content\/uploads\/2021\/11\/URGE-50101-Medievaltown-Market-with-1724-pieces-2.jpg 750w, https:\/\/mouldking.store\/wp-content\/uploads\/2021\/11\/URGE-50101-Medievaltown-Market-with-1724-pieces-2-276x300.jpg 276w, https:\/\/mouldking.store\/wp-content\/uploads\/2021\/11\/URGE-50101-Medievaltown-Market-with-1724-pieces-2-300x326.jpg 300w, https:\/\/mouldking.store\/wp-content\/uploads\/2021\/11\/URGE-50101-Medievaltown-Market-with-1724-pieces-2-600x652.jpg 600w, https:\/\/mouldking.store\/wp-content\/uploads\/2021\/11\/URGE-50101-Medievaltown-Market-with-1724-pieces-2-138x150.jpg 138w\" sizes=\"(max-width: 750px) 100vw, 750px\" \/><figcaption id=\"caption-attachment-27170\" class=\"wp-caption-text\">URGE 50101 Ch\u1ee3 Medievaltown v\u1edbi 1724 mi\u1ebfng<\/figcaption><\/figure>\n<figure id=\"attachment_27171\" aria-describedby=\"caption-attachment-27171\" style=\"width: 750px\" class=\"wp-caption aligncenter\"><img loading=\"lazy\" decoding=\"async\" class=\"wp-image-27171 size-full\" src=\"https:\/\/mouldking.store\/wp-content\/uploads\/2021\/11\/URGE-50101-Medievaltown-Market-with-1724-pieces-3.jpg\" alt=\"URGE 50101 Medievaltown Market with 1724 pieces\" width=\"750\" height=\"795\" title=\"-\" srcset=\"https:\/\/mouldking.store\/wp-content\/uploads\/2021\/11\/URGE-50101-Medievaltown-Market-with-1724-pieces-3.jpg 750w, https:\/\/mouldking.store\/wp-content\/uploads\/2021\/11\/URGE-50101-Medievaltown-Market-with-1724-pieces-3-283x300.jpg 283w, https:\/\/mouldking.store\/wp-content\/uploads\/2021\/11\/URGE-50101-Medievaltown-Market-with-1724-pieces-3-300x318.jpg 300w, https:\/\/mouldking.store\/wp-content\/uploads\/2021\/11\/URGE-50101-Medievaltown-Market-with-1724-pieces-3-600x636.jpg 600w, https:\/\/mouldking.store\/wp-content\/uploads\/2021\/11\/URGE-50101-Medievaltown-Market-with-1724-pieces-3-142x150.jpg 142w\" sizes=\"(max-width: 750px) 100vw, 750px\" \/><figcaption id=\"caption-attachment-27171\" class=\"wp-caption-text\">URGE 50101 Ch\u1ee3 Medievaltown v\u1edbi 1724 mi\u1ebfng<\/figcaption><\/figure>\n<figure id=\"attachment_27172\" aria-describedby=\"caption-attachment-27172\" style=\"width: 750px\" class=\"wp-caption aligncenter\"><img loading=\"lazy\" decoding=\"async\" class=\"wp-image-27172 size-full\" src=\"https:\/\/mouldking.store\/wp-content\/uploads\/2021\/11\/URGE-50101-Medievaltown-Market-with-1724-pieces-4.jpg\" alt=\"URGE 50101 Medievaltown Market with 1724 pieces\" width=\"750\" height=\"943\" title=\"-\" srcset=\"https:\/\/mouldking.store\/wp-content\/uploads\/2021\/11\/URGE-50101-Medievaltown-Market-with-1724-pieces-4.jpg 750w, https:\/\/mouldking.store\/wp-content\/uploads\/2021\/11\/URGE-50101-Medievaltown-Market-with-1724-pieces-4-239x300.jpg 239w, https:\/\/mouldking.store\/wp-content\/uploads\/2021\/11\/URGE-50101-Medievaltown-Market-with-1724-pieces-4-300x377.jpg 300w, https:\/\/mouldking.store\/wp-content\/uploads\/2021\/11\/URGE-50101-Medievaltown-Market-with-1724-pieces-4-600x754.jpg 600w, https:\/\/mouldking.store\/wp-content\/uploads\/2021\/11\/URGE-50101-Medievaltown-Market-with-1724-pieces-4-119x150.jpg 119w\" sizes=\"(max-width: 750px) 100vw, 750px\" \/><figcaption id=\"caption-attachment-27172\" class=\"wp-caption-text\">URGE 50101 Ch\u1ee3 Medievaltown v\u1edbi 1724 mi\u1ebfng<\/figcaption><\/figure>\n<figure id=\"attachment_27173\" aria-describedby=\"caption-attachment-27173\" style=\"width: 675px\" class=\"wp-caption aligncenter\"><img loading=\"lazy\" decoding=\"async\" class=\"wp-image-27173 size-full\" src=\"https:\/\/mouldking.store\/wp-content\/uploads\/2021\/11\/URGE-50101-Medievaltown-Market-with-1724-pieces-5.jpg\" alt=\"URGE 50101 Medievaltown Market with 1724 pieces\" width=\"675\" height=\"1024\" title=\"-\" srcset=\"https:\/\/mouldking.store\/wp-content\/uploads\/2021\/11\/URGE-50101-Medievaltown-Market-with-1724-pieces-5.jpg 675w, https:\/\/mouldking.store\/wp-content\/uploads\/2021\/11\/URGE-50101-Medievaltown-Market-with-1724-pieces-5-198x300.jpg 198w, https:\/\/mouldking.store\/wp-content\/uploads\/2021\/11\/URGE-50101-Medievaltown-Market-with-1724-pieces-5-300x455.jpg 300w, https:\/\/mouldking.store\/wp-content\/uploads\/2021\/11\/URGE-50101-Medievaltown-Market-with-1724-pieces-5-600x910.jpg 600w, https:\/\/mouldking.store\/wp-content\/uploads\/2021\/11\/URGE-50101-Medievaltown-Market-with-1724-pieces-5-99x150.jpg 99w\" sizes=\"(max-width: 675px) 100vw, 675px\" \/><figcaption id=\"caption-attachment-27173\" class=\"wp-caption-text\">URGE 50101 Ch\u1ee3 Medievaltown v\u1edbi 1724 mi\u1ebfng<\/figcaption><\/figure>\n<figure id=\"attachment_27174\" aria-describedby=\"caption-attachment-27174\" style=\"width: 553px\" class=\"wp-caption aligncenter\"><img loading=\"lazy\" decoding=\"async\" class=\"wp-image-27174 size-full\" src=\"https:\/\/mouldking.store\/wp-content\/uploads\/2021\/11\/URGE-50101-Medievaltown-Market-with-1724-pieces-6.jpg\" alt=\"URGE 50101 Medievaltown Market with 1724 pieces\" width=\"553\" height=\"1023\" title=\"-\" srcset=\"https:\/\/mouldking.store\/wp-content\/uploads\/2021\/11\/URGE-50101-Medievaltown-Market-with-1724-pieces-6.jpg 553w, https:\/\/mouldking.store\/wp-content\/uploads\/2021\/11\/URGE-50101-Medievaltown-Market-with-1724-pieces-6-162x300.jpg 162w, https:\/\/mouldking.store\/wp-content\/uploads\/2021\/11\/URGE-50101-Medievaltown-Market-with-1724-pieces-6-300x555.jpg 300w, https:\/\/mouldking.store\/wp-content\/uploads\/2021\/11\/URGE-50101-Medievaltown-Market-with-1724-pieces-6-81x150.jpg 81w\" sizes=\"(max-width: 553px) 100vw, 553px\" \/><figcaption id=\"caption-attachment-27174\" class=\"wp-caption-text\">URGE 50101 Ch\u1ee3 Medievaltown v\u1edbi 1724 mi\u1ebfng<\/figcaption><\/figure>","protected":false},"excerpt":{"rendered":"<p>Product information: Brand: URGE Gender: Unisex Name: Medievaltown Market Age Range: &gt; 6 years old Model Number: 50101 Classification: Assemblage Plastic Block Shape: Self-Locking Bricks Material: Plastic Plastic Type: ABS Bricks Blocks: 1724 PCS Contains detailed assembly instructions. Notice: 1. Without an original box, but we guarantee our products have quality assurance and nice packaging. [&hellip;]<\/p>","protected":false},"featured_media":27169,"comment_status":"open","ping_status":"closed","template":"","meta":{"_acf_changed":false},"product_cat":[390],"product_tag":[3449,3450,3451,2763,3448,1912,3447,3446,3445],"class_list":["product","first","instock","shipping-taxable","purchasable","product-type-simple"],"acf":[],"_links":{"self":[{"href":"https:\/\/mouldking.store\/vi\/wp-json\/wp\/v2\/product\/27168","targetHints":{"allow":["GET"]}}],"collection":[{"href":"https:\/\/mouldking.store\/vi\/wp-json\/wp\/v2\/product"}],"about":[{"href":"https:\/\/mouldking.store\/vi\/wp-json\/wp\/v2\/types\/product"}],"replies":[{"embeddable":true,"href":"https:\/\/mouldking.store\/vi\/wp-json\/wp\/v2\/comments?post=27168"}],"wp:featuredmedia":[{"embeddable":true,"href":"https:\/\/mouldking.store\/vi\/wp-json\/wp\/v2\/media\/27169"}],"wp:attachment":[{"href":"https:\/\/mouldking.store\/vi\/wp-json\/wp\/v2\/media?parent=27168"}],"wp:term":[{"taxonomy":"product_cat","embeddable":true,"href":"https:\/\/mouldking.store\/vi\/wp-json\/wp\/v2\/product_cat?post=27168"},{"taxonomy":"product_tag","embeddable":true,"href":"https:\/\/mouldking.store\/vi\/wp-json\/wp\/v2\/product_tag?post=27168"}],"curies":[{"name":"wp","href":"https:\/\/api.w.org\/{rel}","templated":true}]}}