{"id":27192,"date":"2021-11-12T02:52:42","date_gmt":"2021-11-12T02:52:42","guid":{"rendered":"https:\/\/mouldking.store\/?post_type=product&#038;p=27192"},"modified":"2023-02-07T17:51:18","modified_gmt":"2023-02-07T10:51:18","slug":"18k-k93-k93b-rolls-royce-cullinan-with-3161-pieces","status":"publish","type":"product","link":"https:\/\/mouldking.store\/vi\/shop\/18k-k93-k93b-rolls-royce-cullinan-with-3161-pieces\/","title":{"rendered":"Rolls-Royce Cullinan 18K K93 K93B v\u1edbi 3161 mi\u1ebfng"},"content":{"rendered":"<p>Th\u00f4ng tin s\u1ea3n ph\u1ea9m:<\/p>\n<ol>\n<li>Th\u01b0\u01a1ng hi\u1ec7u: 18K<\/li>\n<li>Gi\u1edbi t\u00ednh: Unisex<\/li>\n<li>T\u00ean: Rolls-Royce Cullinan<\/li>\n<li>\u0110\u1ed9 tu\u1ed5i: &gt; 6 tu\u1ed5i<\/li>\n<li>S\u1ed1 m\u00f4 h\u00ecnh: K93 K93B<\/li>\n<li>Ph\u00e2n lo\u1ea1i: T\u1eadp h\u1ee3p<\/li>\n<li>H\u00ecnh d\u1ea1ng kh\u1ed1i nh\u1ef1a: G\u1ea1ch t\u1ef1 kh\u00f3a<\/li>\n<li>Ch\u1ea5t li\u1ec7u: Nh\u1ef1a<\/li>\n<li>Lo\u1ea1i nh\u1ef1a: ABS<\/li>\n<li>Kh\u1ed1i g\u1ea1ch: 3161 C\u00c1I<\/li>\n<li>Ch\u1ee9a h\u01b0\u1edbng d\u1eabn l\u1eafp r\u00e1p chi ti\u1ebft.<\/li>\n<\/ol>\n<p>\u0110\u1ec3 \u00fd:<br \/>\n1. Kh\u00f4ng c\u00f3 h\u1ed9p ban \u0111\u1ea7u, nh\u01b0ng ch\u00fang t\u00f4i \u0111\u1ea3m b\u1ea3o s\u1ea3n ph\u1ea9m c\u1ee7a ch\u00fang t\u00f4i c\u00f3 ch\u1ea5t l\u01b0\u1ee3ng \u0111\u1ea3m b\u1ea3o v\u00e0 bao b\u00ec \u0111\u1eb9p.<br \/>\n2. V\u00ec t\u1ea5t c\u1ea3 c\u00e1c b\u1ed9 ph\u1eadn ch\u00fang t\u00f4i \u0111\u00e3 ki\u1ec3m tra tr\u01b0\u1edbc khi v\u1eadn chuy\u1ec3n, v\u00ec v\u1eady n\u1ebfu b\u1ea1n th\u1ea5y m\u1ed9t s\u1ed1 b\u1ed9 ph\u1eadn b\u1ecb thi\u1ebfu ho\u1eb7c h\u01b0 h\u1ecfng, \u0111\u1eebng lo l\u1eafng v\u00e0 ch\u1ec9 c\u1ea7n vui l\u00f2ng li\u00ean h\u1ec7 v\u1edbi ch\u00fang t\u00f4i v\u00e0 ch\u00fang t\u00f4i c\u00f3 th\u1ec3 g\u1eedi l\u1ea1i mi\u1ec5n ph\u00ed cho b\u1ea1n ngay l\u1eadp t\u1ee9c.<\/p>\n<figure id=\"attachment_27193\" aria-describedby=\"caption-attachment-27193\" style=\"width: 800px\" class=\"wp-caption aligncenter\"><img fetchpriority=\"high\" decoding=\"async\" class=\"wp-image-27193 size-full\" src=\"https:\/\/mouldking.store\/wp-content\/uploads\/2021\/11\/18K-K93-K93B-Rolls-Royce-Cullinan-1.jpg\" alt=\"18K K93 K93B Rolls-Royce Cullinan\" width=\"800\" height=\"800\" title=\"-\" srcset=\"https:\/\/mouldking.store\/wp-content\/uploads\/2021\/11\/18K-K93-K93B-Rolls-Royce-Cullinan-1.jpg 800w, https:\/\/mouldking.store\/wp-content\/uploads\/2021\/11\/18K-K93-K93B-Rolls-Royce-Cullinan-1-300x300.jpg 300w, https:\/\/mouldking.store\/wp-content\/uploads\/2021\/11\/18K-K93-K93B-Rolls-Royce-Cullinan-1-768x768.jpg 768w, https:\/\/mouldking.store\/wp-content\/uploads\/2021\/11\/18K-K93-K93B-Rolls-Royce-Cullinan-1-600x600.jpg 600w, https:\/\/mouldking.store\/wp-content\/uploads\/2021\/11\/18K-K93-K93B-Rolls-Royce-Cullinan-1-150x150.jpg 150w\" sizes=\"(max-width: 800px) 100vw, 800px\" \/><figcaption id=\"caption-attachment-27193\" class=\"wp-caption-text\">Rolls-Royce Cullinan 18K K93 K93B<\/figcaption><\/figure>\n<figure id=\"attachment_27194\" aria-describedby=\"caption-attachment-27194\" style=\"width: 800px\" class=\"wp-caption aligncenter\"><img decoding=\"async\" class=\"wp-image-27194 size-full\" src=\"https:\/\/mouldking.store\/wp-content\/uploads\/2021\/11\/18K-K93-K93B-Rolls-Royce-Cullinan-2.jpg\" alt=\"18K K93 K93B Rolls-Royce Cullinan\" width=\"800\" height=\"800\" title=\"-\" srcset=\"https:\/\/mouldking.store\/wp-content\/uploads\/2021\/11\/18K-K93-K93B-Rolls-Royce-Cullinan-2.jpg 800w, https:\/\/mouldking.store\/wp-content\/uploads\/2021\/11\/18K-K93-K93B-Rolls-Royce-Cullinan-2-300x300.jpg 300w, https:\/\/mouldking.store\/wp-content\/uploads\/2021\/11\/18K-K93-K93B-Rolls-Royce-Cullinan-2-768x768.jpg 768w, https:\/\/mouldking.store\/wp-content\/uploads\/2021\/11\/18K-K93-K93B-Rolls-Royce-Cullinan-2-600x600.jpg 600w, https:\/\/mouldking.store\/wp-content\/uploads\/2021\/11\/18K-K93-K93B-Rolls-Royce-Cullinan-2-150x150.jpg 150w\" sizes=\"(max-width: 800px) 100vw, 800px\" \/><figcaption id=\"caption-attachment-27194\" class=\"wp-caption-text\">Rolls-Royce Cullinan 18K K93 K93B<\/figcaption><\/figure>\n<figure id=\"attachment_27196\" aria-describedby=\"caption-attachment-27196\" style=\"width: 800px\" class=\"wp-caption aligncenter\"><img decoding=\"async\" class=\"wp-image-27196 size-full\" src=\"https:\/\/mouldking.store\/wp-content\/uploads\/2021\/11\/18K-K93-K93B-Rolls-Royce-Cullinan-4.jpg\" alt=\"18K K93 K93B Rolls-Royce Cullinan\" width=\"800\" height=\"800\" title=\"-\" srcset=\"https:\/\/mouldking.store\/wp-content\/uploads\/2021\/11\/18K-K93-K93B-Rolls-Royce-Cullinan-4.jpg 800w, https:\/\/mouldking.store\/wp-content\/uploads\/2021\/11\/18K-K93-K93B-Rolls-Royce-Cullinan-4-300x300.jpg 300w, https:\/\/mouldking.store\/wp-content\/uploads\/2021\/11\/18K-K93-K93B-Rolls-Royce-Cullinan-4-768x768.jpg 768w, https:\/\/mouldking.store\/wp-content\/uploads\/2021\/11\/18K-K93-K93B-Rolls-Royce-Cullinan-4-600x600.jpg 600w, https:\/\/mouldking.store\/wp-content\/uploads\/2021\/11\/18K-K93-K93B-Rolls-Royce-Cullinan-4-150x150.jpg 150w\" sizes=\"(max-width: 800px) 100vw, 800px\" \/><figcaption id=\"caption-attachment-27196\" class=\"wp-caption-text\">Rolls-Royce Cullinan 18K K93 K93B<\/figcaption><\/figure>\n<figure id=\"attachment_27203\" aria-describedby=\"caption-attachment-27203\" style=\"width: 790px\" class=\"wp-caption aligncenter\"><img loading=\"lazy\" decoding=\"async\" class=\"wp-image-27203 size-full\" src=\"https:\/\/mouldking.store\/wp-content\/uploads\/2021\/11\/18K-K93-K93B-Rolls-Royce-Cullinan-11.jpg\" alt=\"18K K93 K93B Rolls-Royce Cullinan\" width=\"790\" height=\"783\" title=\"-\" srcset=\"https:\/\/mouldking.store\/wp-content\/uploads\/2021\/11\/18K-K93-K93B-Rolls-Royce-Cullinan-11.jpg 790w, https:\/\/mouldking.store\/wp-content\/uploads\/2021\/11\/18K-K93-K93B-Rolls-Royce-Cullinan-11-300x297.jpg 300w, https:\/\/mouldking.store\/wp-content\/uploads\/2021\/11\/18K-K93-K93B-Rolls-Royce-Cullinan-11-768x761.jpg 768w, https:\/\/mouldking.store\/wp-content\/uploads\/2021\/11\/18K-K93-K93B-Rolls-Royce-Cullinan-11-600x595.jpg 600w, https:\/\/mouldking.store\/wp-content\/uploads\/2021\/11\/18K-K93-K93B-Rolls-Royce-Cullinan-11-150x150.jpg 150w\" sizes=\"(max-width: 790px) 100vw, 790px\" \/><figcaption id=\"caption-attachment-27203\" class=\"wp-caption-text\">Rolls-Royce Cullinan 18K K93 K93B<\/figcaption><\/figure>\n<figure id=\"attachment_27204\" aria-describedby=\"caption-attachment-27204\" style=\"width: 790px\" class=\"wp-caption aligncenter\"><img loading=\"lazy\" decoding=\"async\" class=\"wp-image-27204 size-full\" src=\"https:\/\/mouldking.store\/wp-content\/uploads\/2021\/11\/18K-K93-K93B-Rolls-Royce-Cullinan-12.jpg\" alt=\"18K K93 K93B Rolls-Royce Cullinan\" width=\"790\" height=\"817\" title=\"-\" srcset=\"https:\/\/mouldking.store\/wp-content\/uploads\/2021\/11\/18K-K93-K93B-Rolls-Royce-Cullinan-12.jpg 790w, https:\/\/mouldking.store\/wp-content\/uploads\/2021\/11\/18K-K93-K93B-Rolls-Royce-Cullinan-12-290x300.jpg 290w, https:\/\/mouldking.store\/wp-content\/uploads\/2021\/11\/18K-K93-K93B-Rolls-Royce-Cullinan-12-768x794.jpg 768w, https:\/\/mouldking.store\/wp-content\/uploads\/2021\/11\/18K-K93-K93B-Rolls-Royce-Cullinan-12-300x310.jpg 300w, https:\/\/mouldking.store\/wp-content\/uploads\/2021\/11\/18K-K93-K93B-Rolls-Royce-Cullinan-12-600x621.jpg 600w, https:\/\/mouldking.store\/wp-content\/uploads\/2021\/11\/18K-K93-K93B-Rolls-Royce-Cullinan-12-145x150.jpg 145w\" sizes=\"(max-width: 790px) 100vw, 790px\" \/><figcaption id=\"caption-attachment-27204\" class=\"wp-caption-text\">Rolls-Royce Cullinan 18K K93 K93B<\/figcaption><\/figure>\n<figure id=\"attachment_27202\" aria-describedby=\"caption-attachment-27202\" style=\"width: 800px\" class=\"wp-caption aligncenter\"><img loading=\"lazy\" decoding=\"async\" class=\"wp-image-27202 size-full\" src=\"https:\/\/mouldking.store\/wp-content\/uploads\/2021\/11\/18K-K93-K93B-Rolls-Royce-Cullinan-10.jpg\" alt=\"18K K93 K93B Rolls-Royce Cullinan\" width=\"800\" height=\"800\" title=\"-\" srcset=\"https:\/\/mouldking.store\/wp-content\/uploads\/2021\/11\/18K-K93-K93B-Rolls-Royce-Cullinan-10.jpg 800w, https:\/\/mouldking.store\/wp-content\/uploads\/2021\/11\/18K-K93-K93B-Rolls-Royce-Cullinan-10-300x300.jpg 300w, https:\/\/mouldking.store\/wp-content\/uploads\/2021\/11\/18K-K93-K93B-Rolls-Royce-Cullinan-10-768x768.jpg 768w, https:\/\/mouldking.store\/wp-content\/uploads\/2021\/11\/18K-K93-K93B-Rolls-Royce-Cullinan-10-600x600.jpg 600w, https:\/\/mouldking.store\/wp-content\/uploads\/2021\/11\/18K-K93-K93B-Rolls-Royce-Cullinan-10-150x150.jpg 150w\" sizes=\"(max-width: 800px) 100vw, 800px\" \/><figcaption id=\"caption-attachment-27202\" class=\"wp-caption-text\">Rolls-Royce Cullinan 18K K93 K93B<\/figcaption><\/figure>\n<figure id=\"attachment_27201\" aria-describedby=\"caption-attachment-27201\" style=\"width: 800px\" class=\"wp-caption aligncenter\"><img loading=\"lazy\" decoding=\"async\" class=\"wp-image-27201 size-full\" src=\"https:\/\/mouldking.store\/wp-content\/uploads\/2021\/11\/18K-K93-K93B-Rolls-Royce-Cullinan-9.jpg\" alt=\"18K K93 K93B Rolls-Royce Cullinan\" width=\"800\" height=\"800\" title=\"-\" srcset=\"https:\/\/mouldking.store\/wp-content\/uploads\/2021\/11\/18K-K93-K93B-Rolls-Royce-Cullinan-9.jpg 800w, https:\/\/mouldking.store\/wp-content\/uploads\/2021\/11\/18K-K93-K93B-Rolls-Royce-Cullinan-9-300x300.jpg 300w, https:\/\/mouldking.store\/wp-content\/uploads\/2021\/11\/18K-K93-K93B-Rolls-Royce-Cullinan-9-768x768.jpg 768w, https:\/\/mouldking.store\/wp-content\/uploads\/2021\/11\/18K-K93-K93B-Rolls-Royce-Cullinan-9-600x600.jpg 600w, https:\/\/mouldking.store\/wp-content\/uploads\/2021\/11\/18K-K93-K93B-Rolls-Royce-Cullinan-9-150x150.jpg 150w\" sizes=\"(max-width: 800px) 100vw, 800px\" \/><figcaption id=\"caption-attachment-27201\" class=\"wp-caption-text\">Rolls-Royce Cullinan 18K K93 K93B<\/figcaption><\/figure>\n<figure id=\"attachment_27200\" aria-describedby=\"caption-attachment-27200\" style=\"width: 800px\" class=\"wp-caption aligncenter\"><img loading=\"lazy\" decoding=\"async\" class=\"wp-image-27200 size-full\" src=\"https:\/\/mouldking.store\/wp-content\/uploads\/2021\/11\/18K-K93-K93B-Rolls-Royce-Cullinan-8.jpg\" alt=\"18K K93 K93B Rolls-Royce Cullinan\" width=\"800\" height=\"800\" title=\"-\" srcset=\"https:\/\/mouldking.store\/wp-content\/uploads\/2021\/11\/18K-K93-K93B-Rolls-Royce-Cullinan-8.jpg 800w, https:\/\/mouldking.store\/wp-content\/uploads\/2021\/11\/18K-K93-K93B-Rolls-Royce-Cullinan-8-300x300.jpg 300w, https:\/\/mouldking.store\/wp-content\/uploads\/2021\/11\/18K-K93-K93B-Rolls-Royce-Cullinan-8-768x768.jpg 768w, https:\/\/mouldking.store\/wp-content\/uploads\/2021\/11\/18K-K93-K93B-Rolls-Royce-Cullinan-8-600x600.jpg 600w, https:\/\/mouldking.store\/wp-content\/uploads\/2021\/11\/18K-K93-K93B-Rolls-Royce-Cullinan-8-150x150.jpg 150w\" sizes=\"(max-width: 800px) 100vw, 800px\" \/><figcaption id=\"caption-attachment-27200\" class=\"wp-caption-text\">Rolls-Royce Cullinan 18K K93 K93B<\/figcaption><\/figure>\n<figure id=\"attachment_27195\" aria-describedby=\"caption-attachment-27195\" style=\"width: 640px\" class=\"wp-caption aligncenter\"><img loading=\"lazy\" decoding=\"async\" class=\"wp-image-27195 size-full\" src=\"https:\/\/mouldking.store\/wp-content\/uploads\/2021\/11\/18K-K93-K93B-Rolls-Royce-Cullinan-3.jpg\" alt=\"18K K93 K93B Rolls-Royce Cullinan\" width=\"640\" height=\"640\" title=\"-\" srcset=\"https:\/\/mouldking.store\/wp-content\/uploads\/2021\/11\/18K-K93-K93B-Rolls-Royce-Cullinan-3.jpg 640w, https:\/\/mouldking.store\/wp-content\/uploads\/2021\/11\/18K-K93-K93B-Rolls-Royce-Cullinan-3-300x300.jpg 300w, https:\/\/mouldking.store\/wp-content\/uploads\/2021\/11\/18K-K93-K93B-Rolls-Royce-Cullinan-3-600x600.jpg 600w, https:\/\/mouldking.store\/wp-content\/uploads\/2021\/11\/18K-K93-K93B-Rolls-Royce-Cullinan-3-150x150.jpg 150w\" sizes=\"(max-width: 640px) 100vw, 640px\" \/><figcaption id=\"caption-attachment-27195\" class=\"wp-caption-text\">Rolls-Royce Cullinan 18K K93 K93B<\/figcaption><\/figure>\n<figure id=\"attachment_27199\" aria-describedby=\"caption-attachment-27199\" style=\"width: 800px\" class=\"wp-caption aligncenter\"><img loading=\"lazy\" decoding=\"async\" class=\"wp-image-27199\" src=\"https:\/\/mouldking.store\/wp-content\/uploads\/2021\/11\/18K-K93-K93B-Rolls-Royce-Cullinan-7-300x300.jpg\" alt=\"18K K93 K93B Rolls-Royce Cullinan\" width=\"800\" height=\"800\" title=\"-\" srcset=\"https:\/\/mouldking.store\/wp-content\/uploads\/2021\/11\/18K-K93-K93B-Rolls-Royce-Cullinan-7-300x300.jpg 300w, https:\/\/mouldking.store\/wp-content\/uploads\/2021\/11\/18K-K93-K93B-Rolls-Royce-Cullinan-7-768x768.jpg 768w, https:\/\/mouldking.store\/wp-content\/uploads\/2021\/11\/18K-K93-K93B-Rolls-Royce-Cullinan-7-600x600.jpg 600w, https:\/\/mouldking.store\/wp-content\/uploads\/2021\/11\/18K-K93-K93B-Rolls-Royce-Cullinan-7-150x150.jpg 150w, https:\/\/mouldking.store\/wp-content\/uploads\/2021\/11\/18K-K93-K93B-Rolls-Royce-Cullinan-7.jpg 1024w\" sizes=\"(max-width: 800px) 100vw, 800px\" \/><figcaption id=\"caption-attachment-27199\" class=\"wp-caption-text\">Rolls-Royce Cullinan 18K K93 K93B<\/figcaption><\/figure>\n<figure id=\"attachment_27198\" aria-describedby=\"caption-attachment-27198\" style=\"width: 801px\" class=\"wp-caption aligncenter\"><img loading=\"lazy\" decoding=\"async\" class=\"wp-image-27198 size-full\" src=\"https:\/\/mouldking.store\/wp-content\/uploads\/2021\/11\/18K-K93-K93B-Rolls-Royce-Cullinan-6.jpg\" alt=\"18K K93 K93B Rolls-Royce Cullinan\" width=\"801\" height=\"800\" title=\"-\" srcset=\"https:\/\/mouldking.store\/wp-content\/uploads\/2021\/11\/18K-K93-K93B-Rolls-Royce-Cullinan-6.jpg 801w, https:\/\/mouldking.store\/wp-content\/uploads\/2021\/11\/18K-K93-K93B-Rolls-Royce-Cullinan-6-300x300.jpg 300w, https:\/\/mouldking.store\/wp-content\/uploads\/2021\/11\/18K-K93-K93B-Rolls-Royce-Cullinan-6-768x767.jpg 768w, https:\/\/mouldking.store\/wp-content\/uploads\/2021\/11\/18K-K93-K93B-Rolls-Royce-Cullinan-6-600x599.jpg 600w, https:\/\/mouldking.store\/wp-content\/uploads\/2021\/11\/18K-K93-K93B-Rolls-Royce-Cullinan-6-150x150.jpg 150w\" sizes=\"(max-width: 801px) 100vw, 801px\" \/><figcaption id=\"caption-attachment-27198\" class=\"wp-caption-text\">Rolls-Royce Cullinan 18K K93 K93B<\/figcaption><\/figure>\n<figure id=\"attachment_27197\" aria-describedby=\"caption-attachment-27197\" style=\"width: 790px\" class=\"wp-caption aligncenter\"><img loading=\"lazy\" decoding=\"async\" class=\"wp-image-27197 size-full\" src=\"https:\/\/mouldking.store\/wp-content\/uploads\/2021\/11\/18K-K93-K93B-Rolls-Royce-Cullinan-5.jpg\" alt=\"18K K93 K93B Rolls-Royce Cullinan\" width=\"790\" height=\"512\" title=\"-\" srcset=\"https:\/\/mouldking.store\/wp-content\/uploads\/2021\/11\/18K-K93-K93B-Rolls-Royce-Cullinan-5.jpg 790w, https:\/\/mouldking.store\/wp-content\/uploads\/2021\/11\/18K-K93-K93B-Rolls-Royce-Cullinan-5-300x194.jpg 300w, https:\/\/mouldking.store\/wp-content\/uploads\/2021\/11\/18K-K93-K93B-Rolls-Royce-Cullinan-5-768x498.jpg 768w, https:\/\/mouldking.store\/wp-content\/uploads\/2021\/11\/18K-K93-K93B-Rolls-Royce-Cullinan-5-600x389.jpg 600w, https:\/\/mouldking.store\/wp-content\/uploads\/2021\/11\/18K-K93-K93B-Rolls-Royce-Cullinan-5-150x97.jpg 150w\" sizes=\"(max-width: 790px) 100vw, 790px\" \/><figcaption id=\"caption-attachment-27197\" class=\"wp-caption-text\">Rolls-Royce Cullinan 18K K93 K93B<\/figcaption><\/figure>","protected":false},"excerpt":{"rendered":"<p>Product information: Brand: 18K Gender: Unisex Name: Rolls-Royce Cullinan Age Range: &gt; 6 years old Model Number: K93 K93B Classification: Assemblage Plastic Block Shape: Self-Locking Bricks Material: Plastic Plastic Type: ABS Bricks Blocks: 3161 PCS Contains detailed assembly instructions. Notice: 1. Without an original box, but we guarantee our products have quality assurance and nice [&hellip;]<\/p>","protected":false},"featured_media":27193,"comment_status":"open","ping_status":"closed","template":"","meta":{"_acf_changed":false},"product_cat":[364],"product_tag":[1770,3469,3468,3467,2942,3473,3471,3474,3472,3470],"class_list":["product","first","instock","shipping-taxable","purchasable","product-type-variable"],"acf":[],"_links":{"self":[{"href":"https:\/\/mouldking.store\/vi\/wp-json\/wp\/v2\/product\/27192","targetHints":{"allow":["GET"]}}],"collection":[{"href":"https:\/\/mouldking.store\/vi\/wp-json\/wp\/v2\/product"}],"about":[{"href":"https:\/\/mouldking.store\/vi\/wp-json\/wp\/v2\/types\/product"}],"replies":[{"embeddable":true,"href":"https:\/\/mouldking.store\/vi\/wp-json\/wp\/v2\/comments?post=27192"}],"wp:featuredmedia":[{"embeddable":true,"href":"https:\/\/mouldking.store\/vi\/wp-json\/wp\/v2\/media\/27193"}],"wp:attachment":[{"href":"https:\/\/mouldking.store\/vi\/wp-json\/wp\/v2\/media?parent=27192"}],"wp:term":[{"taxonomy":"product_cat","embeddable":true,"href":"https:\/\/mouldking.store\/vi\/wp-json\/wp\/v2\/product_cat?post=27192"},{"taxonomy":"product_tag","embeddable":true,"href":"https:\/\/mouldking.store\/vi\/wp-json\/wp\/v2\/product_tag?post=27192"}],"curies":[{"name":"wp","href":"https:\/\/api.w.org\/{rel}","templated":true}]}}