{"id":27418,"date":"2021-11-16T10:13:41","date_gmt":"2021-11-16T10:13:41","guid":{"rendered":"https:\/\/mouldking.store\/?post_type=product&#038;p=27418"},"modified":"2021-12-23T09:40:38","modified_gmt":"2021-12-23T09:40:38","slug":"mould-king-11001-post-office-with-2179-pieces","status":"publish","type":"product","link":"https:\/\/mouldking.store\/vi\/shop\/mould-king-11001-post-office-with-2179-pieces\/","title":{"rendered":"Khu\u00f4n King 11001 Post Office g\u1ed3m 2179 m\u1ea3nh gh\u00e9p"},"content":{"rendered":"<p>Th\u00f4ng tin s\u1ea3n ph\u1ea9m:<\/p>\n<ol>\n<li>Th\u01b0\u01a1ng hi\u1ec7u: Khu\u00f4n Vua<\/li>\n<li>Gi\u1edbi t\u00ednh: Unisex<\/li>\n<li>T\u00ean: B\u01b0u \u0110i\u1ec7n<\/li>\n<li>\u0110\u1ed9 tu\u1ed5i: &gt; 14 tu\u1ed5i<\/li>\n<li>S\u1ed1 m\u00f4 h\u00ecnh: 11001<\/li>\n<li>Ph\u00e2n lo\u1ea1i: T\u1eadp h\u1ee3p<\/li>\n<li>H\u00ecnh d\u1ea1ng kh\u1ed1i nh\u1ef1a: G\u1ea1ch t\u1ef1 kh\u00f3a<\/li>\n<li>Ch\u1ea5t li\u1ec7u: Nh\u1ef1a<\/li>\n<li>Lo\u1ea1i nh\u1ef1a: ABS<\/li>\n<li>Kh\u1ed1i g\u1ea1ch: 2179 C\u00c1I<\/li>\n<li>Ch\u1ee9a h\u01b0\u1edbng d\u1eabn l\u1eafp r\u00e1p chi ti\u1ebft.<\/li>\n<\/ol>\n<p>\u0110\u1ec3 \u00fd:<br \/>\n1. Kh\u00f4ng c\u00f3 h\u1ed9p ban \u0111\u1ea7u, nh\u01b0ng ch\u00fang t\u00f4i \u0111\u1ea3m b\u1ea3o s\u1ea3n ph\u1ea9m c\u1ee7a ch\u00fang t\u00f4i c\u00f3 ch\u1ea5t l\u01b0\u1ee3ng \u0111\u1ea3m b\u1ea3o v\u00e0 bao b\u00ec \u0111\u1eb9p.<br \/>\n2. V\u00ec t\u1ea5t c\u1ea3 c\u00e1c b\u1ed9 ph\u1eadn ch\u00fang t\u00f4i \u0111\u00e3 ki\u1ec3m tra tr\u01b0\u1edbc khi v\u1eadn chuy\u1ec3n, v\u00ec v\u1eady n\u1ebfu b\u1ea1n th\u1ea5y m\u1ed9t s\u1ed1 b\u1ed9 ph\u1eadn b\u1ecb thi\u1ebfu ho\u1eb7c h\u01b0 h\u1ecfng, \u0111\u1eebng lo l\u1eafng v\u00e0 ch\u1ec9 c\u1ea7n vui l\u00f2ng li\u00ean h\u1ec7 v\u1edbi ch\u00fang t\u00f4i v\u00e0 ch\u00fang t\u00f4i c\u00f3 th\u1ec3 g\u1eedi l\u1ea1i mi\u1ec5n ph\u00ed cho b\u1ea1n ngay l\u1eadp t\u1ee9c.<\/p>\n<figure id=\"attachment_27419\" aria-describedby=\"caption-attachment-27419\" style=\"width: 800px\" class=\"wp-caption aligncenter\"><img fetchpriority=\"high\" decoding=\"async\" class=\"wp-image-27419 size-full\" src=\"https:\/\/mouldking.store\/wp-content\/uploads\/2021\/11\/Mould-King-11001-Post-Office-with-2179-pieces-1.jpg\" alt=\"Mould King 11001 Post Office with 2179 pieces\" width=\"800\" height=\"800\" title=\"-\" srcset=\"https:\/\/mouldking.store\/wp-content\/uploads\/2021\/11\/Mould-King-11001-Post-Office-with-2179-pieces-1.jpg 800w, https:\/\/mouldking.store\/wp-content\/uploads\/2021\/11\/Mould-King-11001-Post-Office-with-2179-pieces-1-300x300.jpg 300w, https:\/\/mouldking.store\/wp-content\/uploads\/2021\/11\/Mould-King-11001-Post-Office-with-2179-pieces-1-768x768.jpg 768w, https:\/\/mouldking.store\/wp-content\/uploads\/2021\/11\/Mould-King-11001-Post-Office-with-2179-pieces-1-600x600.jpg 600w, https:\/\/mouldking.store\/wp-content\/uploads\/2021\/11\/Mould-King-11001-Post-Office-with-2179-pieces-1-150x150.jpg 150w\" sizes=\"(max-width: 800px) 100vw, 800px\" \/><figcaption id=\"caption-attachment-27419\" class=\"wp-caption-text\">Khu\u00f4n King 11001 Post Office g\u1ed3m 2179 m\u1ea3nh gh\u00e9p<\/figcaption><\/figure>\n<figure id=\"attachment_27423\" aria-describedby=\"caption-attachment-27423\" style=\"width: 800px\" class=\"wp-caption aligncenter\"><img decoding=\"async\" class=\"wp-image-27423\" src=\"https:\/\/mouldking.store\/wp-content\/uploads\/2021\/11\/Mould-King-11001-Post-Office-with-2179-pieces-5.jpg\" alt=\"Mould King 11001 Post Office with 2179 pieces\" width=\"800\" height=\"933\" title=\"-\" srcset=\"https:\/\/mouldking.store\/wp-content\/uploads\/2021\/11\/Mould-King-11001-Post-Office-with-2179-pieces-5.jpg 878w, https:\/\/mouldking.store\/wp-content\/uploads\/2021\/11\/Mould-King-11001-Post-Office-with-2179-pieces-5-257x300.jpg 257w, https:\/\/mouldking.store\/wp-content\/uploads\/2021\/11\/Mould-King-11001-Post-Office-with-2179-pieces-5-768x896.jpg 768w, https:\/\/mouldking.store\/wp-content\/uploads\/2021\/11\/Mould-King-11001-Post-Office-with-2179-pieces-5-300x350.jpg 300w, https:\/\/mouldking.store\/wp-content\/uploads\/2021\/11\/Mould-King-11001-Post-Office-with-2179-pieces-5-600x700.jpg 600w, https:\/\/mouldking.store\/wp-content\/uploads\/2021\/11\/Mould-King-11001-Post-Office-with-2179-pieces-5-129x150.jpg 129w\" sizes=\"(max-width: 800px) 100vw, 800px\" \/><figcaption id=\"caption-attachment-27423\" class=\"wp-caption-text\">Khu\u00f4n King 11001 Post Office g\u1ed3m 2179 m\u1ea3nh gh\u00e9p<\/figcaption><\/figure>\n<figure id=\"attachment_27422\" aria-describedby=\"caption-attachment-27422\" style=\"width: 800px\" class=\"wp-caption aligncenter\"><img decoding=\"async\" class=\"wp-image-27422\" src=\"https:\/\/mouldking.store\/wp-content\/uploads\/2021\/11\/Mould-King-11001-Post-Office-with-2179-pieces-4-300x258.jpg\" alt=\"Mould King 11001 Post Office with 2179 pieces\" width=\"800\" height=\"689\" title=\"-\" srcset=\"https:\/\/mouldking.store\/wp-content\/uploads\/2021\/11\/Mould-King-11001-Post-Office-with-2179-pieces-4-300x258.jpg 300w, https:\/\/mouldking.store\/wp-content\/uploads\/2021\/11\/Mould-King-11001-Post-Office-with-2179-pieces-4-768x661.jpg 768w, https:\/\/mouldking.store\/wp-content\/uploads\/2021\/11\/Mould-King-11001-Post-Office-with-2179-pieces-4-600x517.jpg 600w, https:\/\/mouldking.store\/wp-content\/uploads\/2021\/11\/Mould-King-11001-Post-Office-with-2179-pieces-4-150x129.jpg 150w, https:\/\/mouldking.store\/wp-content\/uploads\/2021\/11\/Mould-King-11001-Post-Office-with-2179-pieces-4.jpg 1023w\" sizes=\"(max-width: 800px) 100vw, 800px\" \/><figcaption id=\"caption-attachment-27422\" class=\"wp-caption-text\">Khu\u00f4n King 11001 Post Office g\u1ed3m 2179 m\u1ea3nh gh\u00e9p<\/figcaption><\/figure>\n<figure id=\"attachment_27421\" aria-describedby=\"caption-attachment-27421\" style=\"width: 788px\" class=\"wp-caption aligncenter\"><img loading=\"lazy\" decoding=\"async\" class=\"wp-image-27421 size-full\" src=\"https:\/\/mouldking.store\/wp-content\/uploads\/2021\/11\/Mould-King-11001-Post-Office-with-2179-pieces-3.jpg\" alt=\"Mould King 11001 Post Office with 2179 pieces\" width=\"788\" height=\"1024\" title=\"-\" srcset=\"https:\/\/mouldking.store\/wp-content\/uploads\/2021\/11\/Mould-King-11001-Post-Office-with-2179-pieces-3.jpg 788w, https:\/\/mouldking.store\/wp-content\/uploads\/2021\/11\/Mould-King-11001-Post-Office-with-2179-pieces-3-231x300.jpg 231w, https:\/\/mouldking.store\/wp-content\/uploads\/2021\/11\/Mould-King-11001-Post-Office-with-2179-pieces-3-768x998.jpg 768w, https:\/\/mouldking.store\/wp-content\/uploads\/2021\/11\/Mould-King-11001-Post-Office-with-2179-pieces-3-300x390.jpg 300w, https:\/\/mouldking.store\/wp-content\/uploads\/2021\/11\/Mould-King-11001-Post-Office-with-2179-pieces-3-600x780.jpg 600w, https:\/\/mouldking.store\/wp-content\/uploads\/2021\/11\/Mould-King-11001-Post-Office-with-2179-pieces-3-115x150.jpg 115w\" sizes=\"(max-width: 788px) 100vw, 788px\" \/><figcaption id=\"caption-attachment-27421\" class=\"wp-caption-text\">Khu\u00f4n King 11001 Post Office g\u1ed3m 2179 m\u1ea3nh gh\u00e9p<\/figcaption><\/figure>\n<figure id=\"attachment_27420\" aria-describedby=\"caption-attachment-27420\" style=\"width: 800px\" class=\"wp-caption aligncenter\"><img loading=\"lazy\" decoding=\"async\" class=\"wp-image-27420\" src=\"https:\/\/mouldking.store\/wp-content\/uploads\/2021\/11\/Mould-King-11001-Post-Office-with-2179-pieces-2-300x269.jpg\" alt=\"Mould King 11001 Post Office with 2179 pieces\" width=\"800\" height=\"717\" title=\"-\" srcset=\"https:\/\/mouldking.store\/wp-content\/uploads\/2021\/11\/Mould-King-11001-Post-Office-with-2179-pieces-2-300x269.jpg 300w, https:\/\/mouldking.store\/wp-content\/uploads\/2021\/11\/Mould-King-11001-Post-Office-with-2179-pieces-2-768x689.jpg 768w, https:\/\/mouldking.store\/wp-content\/uploads\/2021\/11\/Mould-King-11001-Post-Office-with-2179-pieces-2-600x538.jpg 600w, https:\/\/mouldking.store\/wp-content\/uploads\/2021\/11\/Mould-King-11001-Post-Office-with-2179-pieces-2-150x134.jpg 150w, https:\/\/mouldking.store\/wp-content\/uploads\/2021\/11\/Mould-King-11001-Post-Office-with-2179-pieces-2.jpg 1024w\" sizes=\"(max-width: 800px) 100vw, 800px\" \/><figcaption id=\"caption-attachment-27420\" class=\"wp-caption-text\">Khu\u00f4n King 11001 Post Office g\u1ed3m 2179 m\u1ea3nh gh\u00e9p<\/figcaption><\/figure>","protected":false},"excerpt":{"rendered":"<p>Product information: Brand: Mould King Gender: Unisex Name: Post Office Age Range: &gt; 14 years old Model Number: 11001 Classification: Assemblage Plastic Block Shape: Self-Locking Bricks Material: Plastic Plastic Type: ABS Bricks Blocks: 2179 PCS Contains detailed assembly instructions. Notice: 1. Without an original box, but we guarantee our products have quality assurance and nice [&hellip;]<\/p>","protected":false},"featured_media":27419,"comment_status":"open","ping_status":"closed","template":"","meta":{"_acf_changed":false},"product_cat":[390],"product_tag":[2390,3581,3582,3580,3579,3583,366,3585,3584,3586,769],"class_list":["product","first","instock","shipping-taxable","purchasable","product-type-simple"],"acf":[],"_links":{"self":[{"href":"https:\/\/mouldking.store\/vi\/wp-json\/wp\/v2\/product\/27418","targetHints":{"allow":["GET"]}}],"collection":[{"href":"https:\/\/mouldking.store\/vi\/wp-json\/wp\/v2\/product"}],"about":[{"href":"https:\/\/mouldking.store\/vi\/wp-json\/wp\/v2\/types\/product"}],"replies":[{"embeddable":true,"href":"https:\/\/mouldking.store\/vi\/wp-json\/wp\/v2\/comments?post=27418"}],"wp:featuredmedia":[{"embeddable":true,"href":"https:\/\/mouldking.store\/vi\/wp-json\/wp\/v2\/media\/27419"}],"wp:attachment":[{"href":"https:\/\/mouldking.store\/vi\/wp-json\/wp\/v2\/media?parent=27418"}],"wp:term":[{"taxonomy":"product_cat","embeddable":true,"href":"https:\/\/mouldking.store\/vi\/wp-json\/wp\/v2\/product_cat?post=27418"},{"taxonomy":"product_tag","embeddable":true,"href":"https:\/\/mouldking.store\/vi\/wp-json\/wp\/v2\/product_tag?post=27418"}],"curies":[{"name":"wp","href":"https:\/\/api.w.org\/{rel}","templated":true}]}}