{"id":27429,"date":"2021-11-16T10:19:30","date_gmt":"2021-11-16T10:19:30","guid":{"rendered":"https:\/\/mouldking.store\/?post_type=product&#038;p=27429"},"modified":"2021-12-23T09:40:38","modified_gmt":"2021-12-23T09:40:38","slug":"mould-king-17001-rc-crawler-crane-with-1205-pieces","status":"publish","type":"product","link":"https:\/\/mouldking.store\/vi\/shop\/mould-king-17001-rc-crawler-crane-with-1205-pieces\/","title":{"rendered":"C\u1ea9u b\u00e1nh x\u00edch RC Mold King 17001 1205 chi ti\u1ebft"},"content":{"rendered":"<p>Th\u00f4ng tin s\u1ea3n ph\u1ea9m:<\/p>\n<ol>\n<li>Th\u01b0\u01a1ng hi\u1ec7u: Khu\u00f4n Vua<\/li>\n<li>Gi\u1edbi t\u00ednh: Unisex<\/li>\n<li>T\u00ean: C\u1ea7n c\u1ea9u b\u00e1nh x\u00edch RC<\/li>\n<li>\u0110\u1ed9 tu\u1ed5i: &gt; 14 tu\u1ed5i<\/li>\n<li>S\u1ed1 m\u00f4 h\u00ecnh: 17001<\/li>\n<li>Ph\u00e2n lo\u1ea1i: T\u1eadp h\u1ee3p<\/li>\n<li>H\u00ecnh d\u1ea1ng kh\u1ed1i nh\u1ef1a: G\u1ea1ch t\u1ef1 kh\u00f3a<\/li>\n<li>Ch\u1ea5t li\u1ec7u: Nh\u1ef1a<\/li>\n<li>Lo\u1ea1i nh\u1ef1a: ABS<\/li>\n<li>Kh\u1ed1i g\u1ea1ch: 1205 C\u00c1I<\/li>\n<li>Ch\u1ee9a h\u01b0\u1edbng d\u1eabn l\u1eafp r\u00e1p chi ti\u1ebft.<\/li>\n<\/ol>\n<p>\u0110\u1ec3 \u00fd:<br \/>\n1. Kh\u00f4ng c\u00f3 h\u1ed9p ban \u0111\u1ea7u, nh\u01b0ng ch\u00fang t\u00f4i \u0111\u1ea3m b\u1ea3o s\u1ea3n ph\u1ea9m c\u1ee7a ch\u00fang t\u00f4i c\u00f3 ch\u1ea5t l\u01b0\u1ee3ng \u0111\u1ea3m b\u1ea3o v\u00e0 bao b\u00ec \u0111\u1eb9p.<br \/>\n2. V\u00ec t\u1ea5t c\u1ea3 c\u00e1c b\u1ed9 ph\u1eadn ch\u00fang t\u00f4i \u0111\u00e3 ki\u1ec3m tra tr\u01b0\u1edbc khi v\u1eadn chuy\u1ec3n, v\u00ec v\u1eady n\u1ebfu b\u1ea1n th\u1ea5y m\u1ed9t s\u1ed1 b\u1ed9 ph\u1eadn b\u1ecb thi\u1ebfu ho\u1eb7c h\u01b0 h\u1ecfng, \u0111\u1eebng lo l\u1eafng v\u00e0 ch\u1ec9 c\u1ea7n vui l\u00f2ng li\u00ean h\u1ec7 v\u1edbi ch\u00fang t\u00f4i v\u00e0 ch\u00fang t\u00f4i c\u00f3 th\u1ec3 g\u1eedi l\u1ea1i mi\u1ec5n ph\u00ed cho b\u1ea1n ngay l\u1eadp t\u1ee9c.<\/p>\n<figure id=\"attachment_27430\" aria-describedby=\"caption-attachment-27430\" style=\"width: 800px\" class=\"wp-caption aligncenter\"><img fetchpriority=\"high\" decoding=\"async\" class=\"wp-image-27430 size-full\" src=\"https:\/\/mouldking.store\/wp-content\/uploads\/2021\/11\/Mould-King-17001-RC-Crawler-Crane-with-1205-pieces-1.jpg\" alt=\"Mould King 17001 RC Crawler Crane with 1205 pieces\" width=\"800\" height=\"800\" title=\"-\" srcset=\"https:\/\/mouldking.store\/wp-content\/uploads\/2021\/11\/Mould-King-17001-RC-Crawler-Crane-with-1205-pieces-1.jpg 800w, https:\/\/mouldking.store\/wp-content\/uploads\/2021\/11\/Mould-King-17001-RC-Crawler-Crane-with-1205-pieces-1-300x300.jpg 300w, https:\/\/mouldking.store\/wp-content\/uploads\/2021\/11\/Mould-King-17001-RC-Crawler-Crane-with-1205-pieces-1-768x768.jpg 768w, https:\/\/mouldking.store\/wp-content\/uploads\/2021\/11\/Mould-King-17001-RC-Crawler-Crane-with-1205-pieces-1-600x600.jpg 600w, https:\/\/mouldking.store\/wp-content\/uploads\/2021\/11\/Mould-King-17001-RC-Crawler-Crane-with-1205-pieces-1-150x150.jpg 150w\" sizes=\"(max-width: 800px) 100vw, 800px\" \/><figcaption id=\"caption-attachment-27430\" class=\"wp-caption-text\">C\u1ea9u b\u00e1nh x\u00edch RC Mold King 17001 1205 chi ti\u1ebft<\/figcaption><\/figure>\n<figure id=\"attachment_27435\" aria-describedby=\"caption-attachment-27435\" style=\"width: 743px\" class=\"wp-caption aligncenter\"><img decoding=\"async\" class=\"wp-image-27435 size-full\" src=\"https:\/\/mouldking.store\/wp-content\/uploads\/2021\/11\/Mould-King-17001-RC-Crawler-Crane-with-1205-pieces-6.jpg\" alt=\"Mould King 17001 RC Crawler Crane with 1205 pieces\" width=\"743\" height=\"578\" title=\"-\" srcset=\"https:\/\/mouldking.store\/wp-content\/uploads\/2021\/11\/Mould-King-17001-RC-Crawler-Crane-with-1205-pieces-6.jpg 743w, https:\/\/mouldking.store\/wp-content\/uploads\/2021\/11\/Mould-King-17001-RC-Crawler-Crane-with-1205-pieces-6-300x233.jpg 300w, https:\/\/mouldking.store\/wp-content\/uploads\/2021\/11\/Mould-King-17001-RC-Crawler-Crane-with-1205-pieces-6-600x467.jpg 600w, https:\/\/mouldking.store\/wp-content\/uploads\/2021\/11\/Mould-King-17001-RC-Crawler-Crane-with-1205-pieces-6-150x117.jpg 150w\" sizes=\"(max-width: 743px) 100vw, 743px\" \/><figcaption id=\"caption-attachment-27435\" class=\"wp-caption-text\">C\u1ea9u b\u00e1nh x\u00edch RC Mold King 17001 1205 chi ti\u1ebft<\/figcaption><\/figure>\n<figure id=\"attachment_27436\" aria-describedby=\"caption-attachment-27436\" style=\"width: 743px\" class=\"wp-caption aligncenter\"><img decoding=\"async\" class=\"wp-image-27436 size-full\" src=\"https:\/\/mouldking.store\/wp-content\/uploads\/2021\/11\/Mould-King-17001-RC-Crawler-Crane-with-1205-pieces-7.jpg\" alt=\"Mould King 17001 RC Crawler Crane with 1205 pieces\" width=\"743\" height=\"584\" title=\"-\" srcset=\"https:\/\/mouldking.store\/wp-content\/uploads\/2021\/11\/Mould-King-17001-RC-Crawler-Crane-with-1205-pieces-7.jpg 743w, https:\/\/mouldking.store\/wp-content\/uploads\/2021\/11\/Mould-King-17001-RC-Crawler-Crane-with-1205-pieces-7-300x236.jpg 300w, https:\/\/mouldking.store\/wp-content\/uploads\/2021\/11\/Mould-King-17001-RC-Crawler-Crane-with-1205-pieces-7-600x472.jpg 600w, https:\/\/mouldking.store\/wp-content\/uploads\/2021\/11\/Mould-King-17001-RC-Crawler-Crane-with-1205-pieces-7-150x118.jpg 150w\" sizes=\"(max-width: 743px) 100vw, 743px\" \/><figcaption id=\"caption-attachment-27436\" class=\"wp-caption-text\">C\u1ea9u b\u00e1nh x\u00edch RC Mold King 17001 1205 chi ti\u1ebft<\/figcaption><\/figure>\n<figure id=\"attachment_27437\" aria-describedby=\"caption-attachment-27437\" style=\"width: 743px\" class=\"wp-caption aligncenter\"><img loading=\"lazy\" decoding=\"async\" class=\"wp-image-27437 size-full\" src=\"https:\/\/mouldking.store\/wp-content\/uploads\/2021\/11\/Mould-King-17001-RC-Crawler-Crane-with-1205-pieces-8.jpg\" alt=\"Mould King 17001 RC Crawler Crane with 1205 pieces\" width=\"743\" height=\"679\" title=\"-\" srcset=\"https:\/\/mouldking.store\/wp-content\/uploads\/2021\/11\/Mould-King-17001-RC-Crawler-Crane-with-1205-pieces-8.jpg 743w, https:\/\/mouldking.store\/wp-content\/uploads\/2021\/11\/Mould-King-17001-RC-Crawler-Crane-with-1205-pieces-8-300x274.jpg 300w, https:\/\/mouldking.store\/wp-content\/uploads\/2021\/11\/Mould-King-17001-RC-Crawler-Crane-with-1205-pieces-8-600x548.jpg 600w, https:\/\/mouldking.store\/wp-content\/uploads\/2021\/11\/Mould-King-17001-RC-Crawler-Crane-with-1205-pieces-8-150x137.jpg 150w\" sizes=\"(max-width: 743px) 100vw, 743px\" \/><figcaption id=\"caption-attachment-27437\" class=\"wp-caption-text\">C\u1ea9u b\u00e1nh x\u00edch RC Mold King 17001 1205 chi ti\u1ebft<\/figcaption><\/figure>\n<figure id=\"attachment_27434\" aria-describedby=\"caption-attachment-27434\" style=\"width: 743px\" class=\"wp-caption aligncenter\"><img loading=\"lazy\" decoding=\"async\" class=\"wp-image-27434 size-full\" src=\"https:\/\/mouldking.store\/wp-content\/uploads\/2021\/11\/Mould-King-17001-RC-Crawler-Crane-with-1205-pieces-5.jpg\" alt=\"Mould King 17001 RC Crawler Crane with 1205 pieces\" width=\"743\" height=\"604\" title=\"-\" srcset=\"https:\/\/mouldking.store\/wp-content\/uploads\/2021\/11\/Mould-King-17001-RC-Crawler-Crane-with-1205-pieces-5.jpg 743w, https:\/\/mouldking.store\/wp-content\/uploads\/2021\/11\/Mould-King-17001-RC-Crawler-Crane-with-1205-pieces-5-300x244.jpg 300w, https:\/\/mouldking.store\/wp-content\/uploads\/2021\/11\/Mould-King-17001-RC-Crawler-Crane-with-1205-pieces-5-600x488.jpg 600w, https:\/\/mouldking.store\/wp-content\/uploads\/2021\/11\/Mould-King-17001-RC-Crawler-Crane-with-1205-pieces-5-150x122.jpg 150w\" sizes=\"(max-width: 743px) 100vw, 743px\" \/><figcaption id=\"caption-attachment-27434\" class=\"wp-caption-text\">C\u1ea9u b\u00e1nh x\u00edch RC Mold King 17001 1205 chi ti\u1ebft<\/figcaption><\/figure>\n<figure id=\"attachment_27433\" aria-describedby=\"caption-attachment-27433\" style=\"width: 743px\" class=\"wp-caption aligncenter\"><img loading=\"lazy\" decoding=\"async\" class=\"wp-image-27433 size-full\" src=\"https:\/\/mouldking.store\/wp-content\/uploads\/2021\/11\/Mould-King-17001-RC-Crawler-Crane-with-1205-pieces-4.jpg\" alt=\"Mould King 17001 RC Crawler Crane with 1205 pieces\" width=\"743\" height=\"587\" title=\"-\" srcset=\"https:\/\/mouldking.store\/wp-content\/uploads\/2021\/11\/Mould-King-17001-RC-Crawler-Crane-with-1205-pieces-4.jpg 743w, https:\/\/mouldking.store\/wp-content\/uploads\/2021\/11\/Mould-King-17001-RC-Crawler-Crane-with-1205-pieces-4-300x237.jpg 300w, https:\/\/mouldking.store\/wp-content\/uploads\/2021\/11\/Mould-King-17001-RC-Crawler-Crane-with-1205-pieces-4-600x474.jpg 600w, https:\/\/mouldking.store\/wp-content\/uploads\/2021\/11\/Mould-King-17001-RC-Crawler-Crane-with-1205-pieces-4-150x119.jpg 150w\" sizes=\"(max-width: 743px) 100vw, 743px\" \/><figcaption id=\"caption-attachment-27433\" class=\"wp-caption-text\">C\u1ea9u b\u00e1nh x\u00edch RC Mold King 17001 1205 chi ti\u1ebft<\/figcaption><\/figure>\n<figure id=\"attachment_27438\" aria-describedby=\"caption-attachment-27438\" style=\"width: 743px\" class=\"wp-caption aligncenter\"><img loading=\"lazy\" decoding=\"async\" class=\"wp-image-27438 size-full\" src=\"https:\/\/mouldking.store\/wp-content\/uploads\/2021\/11\/Mould-King-17001-RC-Crawler-Crane-with-1205-pieces-9.jpg\" alt=\"Mould King 17001 RC Crawler Crane with 1205 pieces\" width=\"743\" height=\"670\" title=\"-\" srcset=\"https:\/\/mouldking.store\/wp-content\/uploads\/2021\/11\/Mould-King-17001-RC-Crawler-Crane-with-1205-pieces-9.jpg 743w, https:\/\/mouldking.store\/wp-content\/uploads\/2021\/11\/Mould-King-17001-RC-Crawler-Crane-with-1205-pieces-9-300x271.jpg 300w, https:\/\/mouldking.store\/wp-content\/uploads\/2021\/11\/Mould-King-17001-RC-Crawler-Crane-with-1205-pieces-9-600x541.jpg 600w, https:\/\/mouldking.store\/wp-content\/uploads\/2021\/11\/Mould-King-17001-RC-Crawler-Crane-with-1205-pieces-9-150x135.jpg 150w\" sizes=\"(max-width: 743px) 100vw, 743px\" \/><figcaption id=\"caption-attachment-27438\" class=\"wp-caption-text\">C\u1ea9u b\u00e1nh x\u00edch RC Mold King 17001 1205 chi ti\u1ebft<\/figcaption><\/figure>\n<figure id=\"attachment_27432\" aria-describedby=\"caption-attachment-27432\" style=\"width: 743px\" class=\"wp-caption aligncenter\"><img loading=\"lazy\" decoding=\"async\" class=\"wp-image-27432 size-full\" src=\"https:\/\/mouldking.store\/wp-content\/uploads\/2021\/11\/Mould-King-17001-RC-Crawler-Crane-with-1205-pieces-3.jpg\" alt=\"Mould King 17001 RC Crawler Crane with 1205 pieces\" width=\"743\" height=\"826\" title=\"-\" srcset=\"https:\/\/mouldking.store\/wp-content\/uploads\/2021\/11\/Mould-King-17001-RC-Crawler-Crane-with-1205-pieces-3.jpg 743w, https:\/\/mouldking.store\/wp-content\/uploads\/2021\/11\/Mould-King-17001-RC-Crawler-Crane-with-1205-pieces-3-270x300.jpg 270w, https:\/\/mouldking.store\/wp-content\/uploads\/2021\/11\/Mould-King-17001-RC-Crawler-Crane-with-1205-pieces-3-300x334.jpg 300w, https:\/\/mouldking.store\/wp-content\/uploads\/2021\/11\/Mould-King-17001-RC-Crawler-Crane-with-1205-pieces-3-600x667.jpg 600w, https:\/\/mouldking.store\/wp-content\/uploads\/2021\/11\/Mould-King-17001-RC-Crawler-Crane-with-1205-pieces-3-135x150.jpg 135w\" sizes=\"(max-width: 743px) 100vw, 743px\" \/><figcaption id=\"caption-attachment-27432\" class=\"wp-caption-text\">C\u1ea9u b\u00e1nh x\u00edch RC Mold King 17001 1205 chi ti\u1ebft<\/figcaption><\/figure>\n<figure id=\"attachment_27431\" aria-describedby=\"caption-attachment-27431\" style=\"width: 743px\" class=\"wp-caption aligncenter\"><img loading=\"lazy\" decoding=\"async\" class=\"wp-image-27431 size-full\" src=\"https:\/\/mouldking.store\/wp-content\/uploads\/2021\/11\/Mould-King-17001-RC-Crawler-Crane-with-1205-pieces-2.jpg\" alt=\"Mould King 17001 RC Crawler Crane with 1205 pieces\" width=\"743\" height=\"315\" title=\"-\" srcset=\"https:\/\/mouldking.store\/wp-content\/uploads\/2021\/11\/Mould-King-17001-RC-Crawler-Crane-with-1205-pieces-2.jpg 743w, https:\/\/mouldking.store\/wp-content\/uploads\/2021\/11\/Mould-King-17001-RC-Crawler-Crane-with-1205-pieces-2-300x127.jpg 300w, https:\/\/mouldking.store\/wp-content\/uploads\/2021\/11\/Mould-King-17001-RC-Crawler-Crane-with-1205-pieces-2-600x254.jpg 600w, https:\/\/mouldking.store\/wp-content\/uploads\/2021\/11\/Mould-King-17001-RC-Crawler-Crane-with-1205-pieces-2-150x64.jpg 150w\" sizes=\"(max-width: 743px) 100vw, 743px\" \/><figcaption id=\"caption-attachment-27431\" class=\"wp-caption-text\">C\u1ea9u b\u00e1nh x\u00edch RC Mold King 17001 1205 chi ti\u1ebft<\/figcaption><\/figure>","protected":false},"excerpt":{"rendered":"<p>Product information: Brand: Mould King Gender: Unisex Name: RC Crawler Crane Age Range: &gt; 14 years old Model Number: 17001 Classification: Assemblage Plastic Block Shape: Self-Locking Bricks Material: Plastic Plastic Type: ABS Bricks Blocks: 1205 PCS Contains detailed assembly instructions. Notice: 1. Without an original box, but we guarantee our products have quality assurance and [&hellip;]<\/p>","protected":false},"featured_media":27430,"comment_status":"open","ping_status":"closed","template":"","meta":{"_acf_changed":false},"product_cat":[364],"product_tag":[3589,3593,3594,615,3590,3588,3587,3596,3595,481,3592,3591],"class_list":["product","first","instock","shipping-taxable","purchasable","product-type-simple"],"acf":[],"_links":{"self":[{"href":"https:\/\/mouldking.store\/vi\/wp-json\/wp\/v2\/product\/27429","targetHints":{"allow":["GET"]}}],"collection":[{"href":"https:\/\/mouldking.store\/vi\/wp-json\/wp\/v2\/product"}],"about":[{"href":"https:\/\/mouldking.store\/vi\/wp-json\/wp\/v2\/types\/product"}],"replies":[{"embeddable":true,"href":"https:\/\/mouldking.store\/vi\/wp-json\/wp\/v2\/comments?post=27429"}],"wp:featuredmedia":[{"embeddable":true,"href":"https:\/\/mouldking.store\/vi\/wp-json\/wp\/v2\/media\/27430"}],"wp:attachment":[{"href":"https:\/\/mouldking.store\/vi\/wp-json\/wp\/v2\/media?parent=27429"}],"wp:term":[{"taxonomy":"product_cat","embeddable":true,"href":"https:\/\/mouldking.store\/vi\/wp-json\/wp\/v2\/product_cat?post=27429"},{"taxonomy":"product_tag","embeddable":true,"href":"https:\/\/mouldking.store\/vi\/wp-json\/wp\/v2\/product_tag?post=27429"}],"curies":[{"name":"wp","href":"https:\/\/api.w.org\/{rel}","templated":true}]}}