{"id":27681,"date":"2021-11-22T08:59:44","date_gmt":"2021-11-22T08:59:44","guid":{"rendered":"https:\/\/mouldking.store\/?post_type=product&#038;p=27681"},"modified":"2021-12-23T09:40:34","modified_gmt":"2021-12-23T09:40:34","slug":"reobrix-66008-tree-house-with-2566-pieces","status":"publish","type":"product","link":"https:\/\/mouldking.store\/vi\/shop\/reobrix-66008-tree-house-with-2566-pieces\/","title":{"rendered":"Reobrix 66008 Ng\u00f4i nh\u00e0 tr\u00ean c\u00e2y v\u1edbi 2566 mi\u1ebfng gh\u00e9p"},"content":{"rendered":"<p>Th\u00f4ng tin s\u1ea3n ph\u1ea9m:<\/p>\n<ol>\n<li>Th\u01b0\u01a1ng hi\u1ec7u: Reobrix<\/li>\n<li>Gi\u1edbi t\u00ednh: Unisex<\/li>\n<li>Name: Tree House<\/li>\n<li>\u0110\u1ed9 tu\u1ed5i: &gt; 6 tu\u1ed5i<\/li>\n<li>Model Number: 66008<\/li>\n<li>Ph\u00e2n lo\u1ea1i: T\u1eadp h\u1ee3p<\/li>\n<li>H\u00ecnh d\u1ea1ng kh\u1ed1i nh\u1ef1a: G\u1ea1ch t\u1ef1 kh\u00f3a<\/li>\n<li>Ch\u1ea5t li\u1ec7u: Nh\u1ef1a<\/li>\n<li>Lo\u1ea1i nh\u1ef1a: ABS<\/li>\n<li>Bricks Blocks: 2566 PCS<\/li>\n<li>Ch\u1ee9a h\u01b0\u1edbng d\u1eabn l\u1eafp r\u00e1p chi ti\u1ebft.<\/li>\n<\/ol>\n<p>\u0110\u1ec3 \u00fd:<br \/>\n1. Kh\u00f4ng c\u00f3 h\u1ed9p ban \u0111\u1ea7u, nh\u01b0ng ch\u00fang t\u00f4i \u0111\u1ea3m b\u1ea3o s\u1ea3n ph\u1ea9m c\u1ee7a ch\u00fang t\u00f4i c\u00f3 ch\u1ea5t l\u01b0\u1ee3ng \u0111\u1ea3m b\u1ea3o v\u00e0 bao b\u00ec \u0111\u1eb9p.<br \/>\n2. V\u00ec t\u1ea5t c\u1ea3 c\u00e1c b\u1ed9 ph\u1eadn ch\u00fang t\u00f4i \u0111\u00e3 ki\u1ec3m tra tr\u01b0\u1edbc khi v\u1eadn chuy\u1ec3n, v\u00ec v\u1eady n\u1ebfu b\u1ea1n th\u1ea5y m\u1ed9t s\u1ed1 b\u1ed9 ph\u1eadn b\u1ecb thi\u1ebfu ho\u1eb7c h\u01b0 h\u1ecfng, \u0111\u1eebng lo l\u1eafng v\u00e0 ch\u1ec9 c\u1ea7n vui l\u00f2ng li\u00ean h\u1ec7 v\u1edbi ch\u00fang t\u00f4i v\u00e0 ch\u00fang t\u00f4i c\u00f3 th\u1ec3 g\u1eedi l\u1ea1i mi\u1ec5n ph\u00ed cho b\u1ea1n ngay l\u1eadp t\u1ee9c.<\/p>\n<figure id=\"attachment_27682\" aria-describedby=\"caption-attachment-27682\" style=\"width: 800px\" class=\"wp-caption aligncenter\"><img fetchpriority=\"high\" decoding=\"async\" class=\"wp-image-27682 size-full\" src=\"https:\/\/mouldking.store\/wp-content\/uploads\/2021\/11\/CREATOR-Reobrix-66008-Tree-House-1.jpg\" alt=\"Reobrix 66008 Tree House with 2566 pieces\" width=\"800\" height=\"800\" title=\"-\" srcset=\"https:\/\/mouldking.store\/wp-content\/uploads\/2021\/11\/CREATOR-Reobrix-66008-Tree-House-1.jpg 800w, https:\/\/mouldking.store\/wp-content\/uploads\/2021\/11\/CREATOR-Reobrix-66008-Tree-House-1-300x300.jpg 300w, https:\/\/mouldking.store\/wp-content\/uploads\/2021\/11\/CREATOR-Reobrix-66008-Tree-House-1-768x768.jpg 768w, https:\/\/mouldking.store\/wp-content\/uploads\/2021\/11\/CREATOR-Reobrix-66008-Tree-House-1-600x600.jpg 600w, https:\/\/mouldking.store\/wp-content\/uploads\/2021\/11\/CREATOR-Reobrix-66008-Tree-House-1-150x150.jpg 150w\" sizes=\"(max-width: 800px) 100vw, 800px\" \/><figcaption id=\"caption-attachment-27682\" class=\"wp-caption-text\">Reobrix 66008 Ng\u00f4i nh\u00e0 tr\u00ean c\u00e2y v\u1edbi 2566 mi\u1ebfng gh\u00e9p<\/figcaption><\/figure>\n<figure id=\"attachment_27689\" aria-describedby=\"caption-attachment-27689\" style=\"width: 469px\" class=\"wp-caption aligncenter\"><img decoding=\"async\" class=\"wp-image-27689 size-full\" src=\"https:\/\/mouldking.store\/wp-content\/uploads\/2021\/11\/CREATOR-Reobrix-66008-Tree-House-7.jpg\" alt=\"Reobrix 66008 Tree House with 2566 pieces\" width=\"469\" height=\"1024\" title=\"-\" srcset=\"https:\/\/mouldking.store\/wp-content\/uploads\/2021\/11\/CREATOR-Reobrix-66008-Tree-House-7.jpg 469w, https:\/\/mouldking.store\/wp-content\/uploads\/2021\/11\/CREATOR-Reobrix-66008-Tree-House-7-137x300.jpg 137w, https:\/\/mouldking.store\/wp-content\/uploads\/2021\/11\/CREATOR-Reobrix-66008-Tree-House-7-300x655.jpg 300w, https:\/\/mouldking.store\/wp-content\/uploads\/2021\/11\/CREATOR-Reobrix-66008-Tree-House-7-69x150.jpg 69w\" sizes=\"(max-width: 469px) 100vw, 469px\" \/><figcaption id=\"caption-attachment-27689\" class=\"wp-caption-text\">Reobrix 66008 Ng\u00f4i nh\u00e0 tr\u00ean c\u00e2y v\u1edbi 2566 mi\u1ebfng gh\u00e9p<\/figcaption><\/figure>\n<figure id=\"attachment_27688\" aria-describedby=\"caption-attachment-27688\" style=\"width: 616px\" class=\"wp-caption aligncenter\"><img decoding=\"async\" class=\"wp-image-27688 size-full\" src=\"https:\/\/mouldking.store\/wp-content\/uploads\/2021\/11\/CREATOR-Reobrix-66008-Tree-House-6.jpg\" alt=\"Reobrix 66008 Tree House with 2566 pieces\" width=\"616\" height=\"1024\" title=\"-\" srcset=\"https:\/\/mouldking.store\/wp-content\/uploads\/2021\/11\/CREATOR-Reobrix-66008-Tree-House-6.jpg 616w, https:\/\/mouldking.store\/wp-content\/uploads\/2021\/11\/CREATOR-Reobrix-66008-Tree-House-6-180x300.jpg 180w, https:\/\/mouldking.store\/wp-content\/uploads\/2021\/11\/CREATOR-Reobrix-66008-Tree-House-6-300x499.jpg 300w, https:\/\/mouldking.store\/wp-content\/uploads\/2021\/11\/CREATOR-Reobrix-66008-Tree-House-6-600x997.jpg 600w, https:\/\/mouldking.store\/wp-content\/uploads\/2021\/11\/CREATOR-Reobrix-66008-Tree-House-6-90x150.jpg 90w\" sizes=\"(max-width: 616px) 100vw, 616px\" \/><figcaption id=\"caption-attachment-27688\" class=\"wp-caption-text\">Reobrix 66008 Ng\u00f4i nh\u00e0 tr\u00ean c\u00e2y v\u1edbi 2566 mi\u1ebfng gh\u00e9p<\/figcaption><\/figure>\n<figure id=\"attachment_27686\" aria-describedby=\"caption-attachment-27686\" style=\"width: 433px\" class=\"wp-caption aligncenter\"><img loading=\"lazy\" decoding=\"async\" class=\"wp-image-27686 size-full\" src=\"https:\/\/mouldking.store\/wp-content\/uploads\/2021\/11\/CREATOR-Reobrix-66008-Tree-House-4.jpg\" alt=\"Reobrix 66008 Tree House with 2566 pieces\" width=\"433\" height=\"1023\" title=\"-\" srcset=\"https:\/\/mouldking.store\/wp-content\/uploads\/2021\/11\/CREATOR-Reobrix-66008-Tree-House-4.jpg 433w, https:\/\/mouldking.store\/wp-content\/uploads\/2021\/11\/CREATOR-Reobrix-66008-Tree-House-4-127x300.jpg 127w, https:\/\/mouldking.store\/wp-content\/uploads\/2021\/11\/CREATOR-Reobrix-66008-Tree-House-4-300x709.jpg 300w, https:\/\/mouldking.store\/wp-content\/uploads\/2021\/11\/CREATOR-Reobrix-66008-Tree-House-4-63x150.jpg 63w\" sizes=\"(max-width: 433px) 100vw, 433px\" \/><figcaption id=\"caption-attachment-27686\" class=\"wp-caption-text\">Reobrix 66008 Ng\u00f4i nh\u00e0 tr\u00ean c\u00e2y v\u1edbi 2566 mi\u1ebfng gh\u00e9p<\/figcaption><\/figure>\n<figure id=\"attachment_27685\" aria-describedby=\"caption-attachment-27685\" style=\"width: 546px\" class=\"wp-caption aligncenter\"><img loading=\"lazy\" decoding=\"async\" class=\"wp-image-27685 size-full\" src=\"https:\/\/mouldking.store\/wp-content\/uploads\/2021\/11\/CREATOR-Reobrix-66008-Tree-House-3.jpg\" alt=\"Reobrix 66008 Tree House with 2566 pieces\" width=\"546\" height=\"1024\" title=\"-\" srcset=\"https:\/\/mouldking.store\/wp-content\/uploads\/2021\/11\/CREATOR-Reobrix-66008-Tree-House-3.jpg 546w, https:\/\/mouldking.store\/wp-content\/uploads\/2021\/11\/CREATOR-Reobrix-66008-Tree-House-3-160x300.jpg 160w, https:\/\/mouldking.store\/wp-content\/uploads\/2021\/11\/CREATOR-Reobrix-66008-Tree-House-3-300x563.jpg 300w, https:\/\/mouldking.store\/wp-content\/uploads\/2021\/11\/CREATOR-Reobrix-66008-Tree-House-3-80x150.jpg 80w\" sizes=\"(max-width: 546px) 100vw, 546px\" \/><figcaption id=\"caption-attachment-27685\" class=\"wp-caption-text\">Reobrix 66008 Ng\u00f4i nh\u00e0 tr\u00ean c\u00e2y v\u1edbi 2566 mi\u1ebfng gh\u00e9p<\/figcaption><\/figure>\n<figure id=\"attachment_27687\" aria-describedby=\"caption-attachment-27687\" style=\"width: 618px\" class=\"wp-caption aligncenter\"><img loading=\"lazy\" decoding=\"async\" class=\"wp-image-27687 size-full\" src=\"https:\/\/mouldking.store\/wp-content\/uploads\/2021\/11\/CREATOR-Reobrix-66008-Tree-House-5.jpg\" alt=\"Reobrix 66008 Tree House with 2566 pieces\" width=\"618\" height=\"1023\" title=\"-\" srcset=\"https:\/\/mouldking.store\/wp-content\/uploads\/2021\/11\/CREATOR-Reobrix-66008-Tree-House-5.jpg 618w, https:\/\/mouldking.store\/wp-content\/uploads\/2021\/11\/CREATOR-Reobrix-66008-Tree-House-5-181x300.jpg 181w, https:\/\/mouldking.store\/wp-content\/uploads\/2021\/11\/CREATOR-Reobrix-66008-Tree-House-5-300x497.jpg 300w, https:\/\/mouldking.store\/wp-content\/uploads\/2021\/11\/CREATOR-Reobrix-66008-Tree-House-5-600x993.jpg 600w, https:\/\/mouldking.store\/wp-content\/uploads\/2021\/11\/CREATOR-Reobrix-66008-Tree-House-5-91x150.jpg 91w\" sizes=\"(max-width: 618px) 100vw, 618px\" \/><figcaption id=\"caption-attachment-27687\" class=\"wp-caption-text\">Reobrix 66008 Ng\u00f4i nh\u00e0 tr\u00ean c\u00e2y v\u1edbi 2566 mi\u1ebfng gh\u00e9p<\/figcaption><\/figure>\n<figure id=\"attachment_27683\" aria-describedby=\"caption-attachment-27683\" style=\"width: 469px\" class=\"wp-caption aligncenter\"><img loading=\"lazy\" decoding=\"async\" class=\"wp-image-27683 size-full\" src=\"https:\/\/mouldking.store\/wp-content\/uploads\/2021\/11\/Reobrix-66008-Tree-House.jpg\" alt=\"Reobrix 66008 Tree House with 2566 pieces\" width=\"469\" height=\"517\" title=\"-\" srcset=\"https:\/\/mouldking.store\/wp-content\/uploads\/2021\/11\/Reobrix-66008-Tree-House.jpg 469w, https:\/\/mouldking.store\/wp-content\/uploads\/2021\/11\/Reobrix-66008-Tree-House-272x300.jpg 272w, https:\/\/mouldking.store\/wp-content\/uploads\/2021\/11\/Reobrix-66008-Tree-House-300x331.jpg 300w, https:\/\/mouldking.store\/wp-content\/uploads\/2021\/11\/Reobrix-66008-Tree-House-136x150.jpg 136w\" sizes=\"(max-width: 469px) 100vw, 469px\" \/><figcaption id=\"caption-attachment-27683\" class=\"wp-caption-text\">Reobrix 66008 Ng\u00f4i nh\u00e0 tr\u00ean c\u00e2y v\u1edbi 2566 mi\u1ebfng gh\u00e9p<\/figcaption><\/figure>\n<figure id=\"attachment_27684\" aria-describedby=\"caption-attachment-27684\" style=\"width: 800px\" class=\"wp-caption aligncenter\"><img loading=\"lazy\" decoding=\"async\" class=\"wp-image-27684\" src=\"https:\/\/mouldking.store\/wp-content\/uploads\/2021\/11\/CREATOR-Reobrix-66008-Tree-House-2-300x300.jpg\" alt=\"Reobrix 66008 Tree House with 2566 pieces\" width=\"800\" height=\"800\" title=\"-\" srcset=\"https:\/\/mouldking.store\/wp-content\/uploads\/2021\/11\/CREATOR-Reobrix-66008-Tree-House-2-300x300.jpg 300w, https:\/\/mouldking.store\/wp-content\/uploads\/2021\/11\/CREATOR-Reobrix-66008-Tree-House-2-768x768.jpg 768w, https:\/\/mouldking.store\/wp-content\/uploads\/2021\/11\/CREATOR-Reobrix-66008-Tree-House-2-600x600.jpg 600w, https:\/\/mouldking.store\/wp-content\/uploads\/2021\/11\/CREATOR-Reobrix-66008-Tree-House-2-150x150.jpg 150w, https:\/\/mouldking.store\/wp-content\/uploads\/2021\/11\/CREATOR-Reobrix-66008-Tree-House-2.jpg 1024w\" sizes=\"(max-width: 800px) 100vw, 800px\" \/><figcaption id=\"caption-attachment-27684\" class=\"wp-caption-text\">Reobrix 66008 Ng\u00f4i nh\u00e0 tr\u00ean c\u00e2y v\u1edbi 2566 mi\u1ebfng gh\u00e9p<\/figcaption><\/figure>","protected":false},"excerpt":{"rendered":"<p>Product information: Brand: Reobrix Gender: Unisex Name: Tree House Age Range: &gt; 6 years old Model Number: 66008 Classification: Assemblage Plastic Block Shape: Self-Locking Bricks Material: Plastic Plastic Type: ABS Bricks Blocks: 2566 PCS Contains detailed assembly instructions. Notice: 1. Without an original box, but we guarantee our products have quality assurance and nice packaging. [&hellip;]<\/p>","protected":false},"featured_media":27682,"comment_status":"open","ping_status":"closed","template":"","meta":{"_acf_changed":false},"product_cat":[390],"product_tag":[3708,3710,3707,3706,3709,548],"class_list":["product","first","instock","shipping-taxable","purchasable","product-type-simple"],"acf":[],"_links":{"self":[{"href":"https:\/\/mouldking.store\/vi\/wp-json\/wp\/v2\/product\/27681","targetHints":{"allow":["GET"]}}],"collection":[{"href":"https:\/\/mouldking.store\/vi\/wp-json\/wp\/v2\/product"}],"about":[{"href":"https:\/\/mouldking.store\/vi\/wp-json\/wp\/v2\/types\/product"}],"replies":[{"embeddable":true,"href":"https:\/\/mouldking.store\/vi\/wp-json\/wp\/v2\/comments?post=27681"}],"wp:featuredmedia":[{"embeddable":true,"href":"https:\/\/mouldking.store\/vi\/wp-json\/wp\/v2\/media\/27682"}],"wp:attachment":[{"href":"https:\/\/mouldking.store\/vi\/wp-json\/wp\/v2\/media?parent=27681"}],"wp:term":[{"taxonomy":"product_cat","embeddable":true,"href":"https:\/\/mouldking.store\/vi\/wp-json\/wp\/v2\/product_cat?post=27681"},{"taxonomy":"product_tag","embeddable":true,"href":"https:\/\/mouldking.store\/vi\/wp-json\/wp\/v2\/product_tag?post=27681"}],"curies":[{"name":"wp","href":"https:\/\/api.w.org\/{rel}","templated":true}]}}