{"id":27690,"date":"2021-11-22T09:06:50","date_gmt":"2021-11-22T09:06:50","guid":{"rendered":"https:\/\/mouldking.store\/?post_type=product&#038;p=27690"},"modified":"2021-12-23T09:40:34","modified_gmt":"2021-12-23T09:40:34","slug":"reobrix-66007-fishing-store-with-2450-pieces","status":"publish","type":"product","link":"https:\/\/mouldking.store\/vi\/shop\/reobrix-66007-fishing-store-with-2450-pieces\/","title":{"rendered":"C\u1eeda h\u00e0ng c\u00e2u c\u00e1 Reobrix 66007 v\u1edbi 2450 mi\u1ebfng"},"content":{"rendered":"<p>Th\u00f4ng tin s\u1ea3n ph\u1ea9m:<\/p>\n<ol>\n<li>Th\u01b0\u01a1ng hi\u1ec7u: Reobrix<\/li>\n<li>Gi\u1edbi t\u00ednh: Unisex<\/li>\n<li>T\u00ean: Ti\u1ec7m C\u00e2u C\u00e1<\/li>\n<li>\u0110\u1ed9 tu\u1ed5i: &gt; 6 tu\u1ed5i<\/li>\n<li>S\u1ed1 m\u00f4 h\u00ecnh: 66007<\/li>\n<li>Ph\u00e2n lo\u1ea1i: T\u1eadp h\u1ee3p<\/li>\n<li>H\u00ecnh d\u1ea1ng kh\u1ed1i nh\u1ef1a: G\u1ea1ch t\u1ef1 kh\u00f3a<\/li>\n<li>Ch\u1ea5t li\u1ec7u: Nh\u1ef1a<\/li>\n<li>Lo\u1ea1i nh\u1ef1a: ABS<\/li>\n<li>Kh\u1ed1i g\u1ea1ch: 2450 chi\u1ebfc<\/li>\n<li>Ch\u1ee9a h\u01b0\u1edbng d\u1eabn l\u1eafp r\u00e1p chi ti\u1ebft.<\/li>\n<\/ol>\n<p>\u0110\u1ec3 \u00fd:<br \/>\n1. Kh\u00f4ng c\u00f3 h\u1ed9p ban \u0111\u1ea7u, nh\u01b0ng ch\u00fang t\u00f4i \u0111\u1ea3m b\u1ea3o s\u1ea3n ph\u1ea9m c\u1ee7a ch\u00fang t\u00f4i c\u00f3 ch\u1ea5t l\u01b0\u1ee3ng \u0111\u1ea3m b\u1ea3o v\u00e0 bao b\u00ec \u0111\u1eb9p.<br \/>\n2. V\u00ec t\u1ea5t c\u1ea3 c\u00e1c b\u1ed9 ph\u1eadn ch\u00fang t\u00f4i \u0111\u00e3 ki\u1ec3m tra tr\u01b0\u1edbc khi v\u1eadn chuy\u1ec3n, v\u00ec v\u1eady n\u1ebfu b\u1ea1n th\u1ea5y m\u1ed9t s\u1ed1 b\u1ed9 ph\u1eadn b\u1ecb thi\u1ebfu ho\u1eb7c h\u01b0 h\u1ecfng, \u0111\u1eebng lo l\u1eafng v\u00e0 ch\u1ec9 c\u1ea7n vui l\u00f2ng li\u00ean h\u1ec7 v\u1edbi ch\u00fang t\u00f4i v\u00e0 ch\u00fang t\u00f4i c\u00f3 th\u1ec3 g\u1eedi l\u1ea1i mi\u1ec5n ph\u00ed cho b\u1ea1n ngay l\u1eadp t\u1ee9c.<\/p>\n<figure id=\"attachment_27691\" aria-describedby=\"caption-attachment-27691\" style=\"width: 800px\" class=\"wp-caption aligncenter\"><img fetchpriority=\"high\" decoding=\"async\" class=\"wp-image-27691 size-full\" src=\"https:\/\/mouldking.store\/wp-content\/uploads\/2021\/11\/Reobrix-66007-Fishing-Store-with-2450-pieces-1.jpg\" alt=\"Reobrix 66007 Fishing Store with 2450 pieces\" width=\"800\" height=\"800\" title=\"-\" srcset=\"https:\/\/mouldking.store\/wp-content\/uploads\/2021\/11\/Reobrix-66007-Fishing-Store-with-2450-pieces-1.jpg 800w, https:\/\/mouldking.store\/wp-content\/uploads\/2021\/11\/Reobrix-66007-Fishing-Store-with-2450-pieces-1-300x300.jpg 300w, https:\/\/mouldking.store\/wp-content\/uploads\/2021\/11\/Reobrix-66007-Fishing-Store-with-2450-pieces-1-768x768.jpg 768w, https:\/\/mouldking.store\/wp-content\/uploads\/2021\/11\/Reobrix-66007-Fishing-Store-with-2450-pieces-1-600x600.jpg 600w, https:\/\/mouldking.store\/wp-content\/uploads\/2021\/11\/Reobrix-66007-Fishing-Store-with-2450-pieces-1-150x150.jpg 150w\" sizes=\"(max-width: 800px) 100vw, 800px\" \/><figcaption id=\"caption-attachment-27691\" class=\"wp-caption-text\">C\u1eeda h\u00e0ng c\u00e2u c\u00e1 Reobrix 66007 v\u1edbi 2450 mi\u1ebfng<\/figcaption><\/figure>\n<figure id=\"attachment_27697\" aria-describedby=\"caption-attachment-27697\" style=\"width: 469px\" class=\"wp-caption aligncenter\"><img decoding=\"async\" class=\"wp-image-27697 size-full\" src=\"https:\/\/mouldking.store\/wp-content\/uploads\/2021\/11\/Reobrix-66007-Fishing-Store-with-2450-pieces-7.jpg\" alt=\"Reobrix 66007 Fishing Store with 2450 pieces\" width=\"469\" height=\"1023\" title=\"-\" srcset=\"https:\/\/mouldking.store\/wp-content\/uploads\/2021\/11\/Reobrix-66007-Fishing-Store-with-2450-pieces-7.jpg 469w, https:\/\/mouldking.store\/wp-content\/uploads\/2021\/11\/Reobrix-66007-Fishing-Store-with-2450-pieces-7-138x300.jpg 138w, https:\/\/mouldking.store\/wp-content\/uploads\/2021\/11\/Reobrix-66007-Fishing-Store-with-2450-pieces-7-300x654.jpg 300w, https:\/\/mouldking.store\/wp-content\/uploads\/2021\/11\/Reobrix-66007-Fishing-Store-with-2450-pieces-7-69x150.jpg 69w\" sizes=\"(max-width: 469px) 100vw, 469px\" \/><figcaption id=\"caption-attachment-27697\" class=\"wp-caption-text\">C\u1eeda h\u00e0ng c\u00e2u c\u00e1 Reobrix 66007 v\u1edbi 2450 mi\u1ebfng<\/figcaption><\/figure>\n<figure id=\"attachment_27696\" aria-describedby=\"caption-attachment-27696\" style=\"width: 615px\" class=\"wp-caption aligncenter\"><img decoding=\"async\" class=\"wp-image-27696 size-full\" src=\"https:\/\/mouldking.store\/wp-content\/uploads\/2021\/11\/Reobrix-66007-Fishing-Store-with-2450-pieces-6.jpg\" alt=\"Reobrix 66007 Fishing Store with 2450 pieces\" width=\"615\" height=\"1024\" title=\"-\" srcset=\"https:\/\/mouldking.store\/wp-content\/uploads\/2021\/11\/Reobrix-66007-Fishing-Store-with-2450-pieces-6.jpg 615w, https:\/\/mouldking.store\/wp-content\/uploads\/2021\/11\/Reobrix-66007-Fishing-Store-with-2450-pieces-6-180x300.jpg 180w, https:\/\/mouldking.store\/wp-content\/uploads\/2021\/11\/Reobrix-66007-Fishing-Store-with-2450-pieces-6-300x500.jpg 300w, https:\/\/mouldking.store\/wp-content\/uploads\/2021\/11\/Reobrix-66007-Fishing-Store-with-2450-pieces-6-600x999.jpg 600w, https:\/\/mouldking.store\/wp-content\/uploads\/2021\/11\/Reobrix-66007-Fishing-Store-with-2450-pieces-6-90x150.jpg 90w\" sizes=\"(max-width: 615px) 100vw, 615px\" \/><figcaption id=\"caption-attachment-27696\" class=\"wp-caption-text\">C\u1eeda h\u00e0ng c\u00e2u c\u00e1 Reobrix 66007 v\u1edbi 2450 mi\u1ebfng<\/figcaption><\/figure>\n<figure id=\"attachment_27695\" aria-describedby=\"caption-attachment-27695\" style=\"width: 613px\" class=\"wp-caption aligncenter\"><img loading=\"lazy\" decoding=\"async\" class=\"wp-image-27695 size-full\" src=\"https:\/\/mouldking.store\/wp-content\/uploads\/2021\/11\/Reobrix-66007-Fishing-Store-with-2450-pieces-5.jpg\" alt=\"Reobrix 66007 Fishing Store with 2450 pieces\" width=\"613\" height=\"1024\" title=\"-\" srcset=\"https:\/\/mouldking.store\/wp-content\/uploads\/2021\/11\/Reobrix-66007-Fishing-Store-with-2450-pieces-5.jpg 613w, https:\/\/mouldking.store\/wp-content\/uploads\/2021\/11\/Reobrix-66007-Fishing-Store-with-2450-pieces-5-180x300.jpg 180w, https:\/\/mouldking.store\/wp-content\/uploads\/2021\/11\/Reobrix-66007-Fishing-Store-with-2450-pieces-5-300x501.jpg 300w, https:\/\/mouldking.store\/wp-content\/uploads\/2021\/11\/Reobrix-66007-Fishing-Store-with-2450-pieces-5-600x1002.jpg 600w, https:\/\/mouldking.store\/wp-content\/uploads\/2021\/11\/Reobrix-66007-Fishing-Store-with-2450-pieces-5-90x150.jpg 90w\" sizes=\"(max-width: 613px) 100vw, 613px\" \/><figcaption id=\"caption-attachment-27695\" class=\"wp-caption-text\">C\u1eeda h\u00e0ng c\u00e2u c\u00e1 Reobrix 66007 v\u1edbi 2450 mi\u1ebfng<\/figcaption><\/figure>\n<figure id=\"attachment_27694\" aria-describedby=\"caption-attachment-27694\" style=\"width: 434px\" class=\"wp-caption aligncenter\"><img loading=\"lazy\" decoding=\"async\" class=\"wp-image-27694 size-full\" src=\"https:\/\/mouldking.store\/wp-content\/uploads\/2021\/11\/Reobrix-66007-Fishing-Store-with-2450-pieces-4.jpg\" alt=\"Reobrix 66007 Fishing Store with 2450 pieces\" width=\"434\" height=\"1024\" title=\"-\" srcset=\"https:\/\/mouldking.store\/wp-content\/uploads\/2021\/11\/Reobrix-66007-Fishing-Store-with-2450-pieces-4.jpg 434w, https:\/\/mouldking.store\/wp-content\/uploads\/2021\/11\/Reobrix-66007-Fishing-Store-with-2450-pieces-4-127x300.jpg 127w, https:\/\/mouldking.store\/wp-content\/uploads\/2021\/11\/Reobrix-66007-Fishing-Store-with-2450-pieces-4-300x708.jpg 300w, https:\/\/mouldking.store\/wp-content\/uploads\/2021\/11\/Reobrix-66007-Fishing-Store-with-2450-pieces-4-64x150.jpg 64w\" sizes=\"(max-width: 434px) 100vw, 434px\" \/><figcaption id=\"caption-attachment-27694\" class=\"wp-caption-text\">C\u1eeda h\u00e0ng c\u00e2u c\u00e1 Reobrix 66007 v\u1edbi 2450 mi\u1ebfng<\/figcaption><\/figure>\n<figure id=\"attachment_27693\" aria-describedby=\"caption-attachment-27693\" style=\"width: 632px\" class=\"wp-caption aligncenter\"><img loading=\"lazy\" decoding=\"async\" class=\"wp-image-27693 size-full\" src=\"https:\/\/mouldking.store\/wp-content\/uploads\/2021\/11\/Reobrix-66007-Fishing-Store-with-2450-pieces-3.jpg\" alt=\"Reobrix 66007 Fishing Store with 2450 pieces\" width=\"632\" height=\"1024\" title=\"-\" srcset=\"https:\/\/mouldking.store\/wp-content\/uploads\/2021\/11\/Reobrix-66007-Fishing-Store-with-2450-pieces-3.jpg 632w, https:\/\/mouldking.store\/wp-content\/uploads\/2021\/11\/Reobrix-66007-Fishing-Store-with-2450-pieces-3-185x300.jpg 185w, https:\/\/mouldking.store\/wp-content\/uploads\/2021\/11\/Reobrix-66007-Fishing-Store-with-2450-pieces-3-300x486.jpg 300w, https:\/\/mouldking.store\/wp-content\/uploads\/2021\/11\/Reobrix-66007-Fishing-Store-with-2450-pieces-3-600x972.jpg 600w, https:\/\/mouldking.store\/wp-content\/uploads\/2021\/11\/Reobrix-66007-Fishing-Store-with-2450-pieces-3-93x150.jpg 93w\" sizes=\"(max-width: 632px) 100vw, 632px\" \/><figcaption id=\"caption-attachment-27693\" class=\"wp-caption-text\">C\u1eeda h\u00e0ng c\u00e2u c\u00e1 Reobrix 66007 v\u1edbi 2450 mi\u1ebfng<\/figcaption><\/figure>\n<figure id=\"attachment_27692\" aria-describedby=\"caption-attachment-27692\" style=\"width: 800px\" class=\"wp-caption aligncenter\"><img loading=\"lazy\" decoding=\"async\" class=\"wp-image-27692 size-full\" src=\"https:\/\/mouldking.store\/wp-content\/uploads\/2021\/11\/Reobrix-66007-Fishing-Store-with-2450-pieces-2.jpg\" alt=\"Reobrix 66007 Fishing Store with 2450 pieces\" width=\"800\" height=\"800\" title=\"-\" srcset=\"https:\/\/mouldking.store\/wp-content\/uploads\/2021\/11\/Reobrix-66007-Fishing-Store-with-2450-pieces-2.jpg 800w, https:\/\/mouldking.store\/wp-content\/uploads\/2021\/11\/Reobrix-66007-Fishing-Store-with-2450-pieces-2-300x300.jpg 300w, https:\/\/mouldking.store\/wp-content\/uploads\/2021\/11\/Reobrix-66007-Fishing-Store-with-2450-pieces-2-768x768.jpg 768w, https:\/\/mouldking.store\/wp-content\/uploads\/2021\/11\/Reobrix-66007-Fishing-Store-with-2450-pieces-2-600x600.jpg 600w, https:\/\/mouldking.store\/wp-content\/uploads\/2021\/11\/Reobrix-66007-Fishing-Store-with-2450-pieces-2-150x150.jpg 150w\" sizes=\"(max-width: 800px) 100vw, 800px\" \/><figcaption id=\"caption-attachment-27692\" class=\"wp-caption-text\">C\u1eeda h\u00e0ng c\u00e2u c\u00e1 Reobrix 66007 v\u1edbi 2450 mi\u1ebfng<\/figcaption><\/figure>","protected":false},"excerpt":{"rendered":"<p>Product information: Brand: Reobrix Gender: Unisex Name: Fishing Store Age Range: &gt; 6 years old Model Number: 66007 Classification: Assemblage Plastic Block Shape: Self-Locking Bricks Material: Plastic Plastic Type: ABS Bricks Blocks: 2450 PCS Contains detailed assembly instructions. Notice: 1. Without an original box, but we guarantee our products have quality assurance and nice packaging. [&hellip;]<\/p>","protected":false},"featured_media":27691,"comment_status":"open","ping_status":"closed","template":"","meta":{"_acf_changed":false},"product_cat":[390],"product_tag":[3713,3715,3714,3712,3711,3716],"class_list":["product","first","instock","shipping-taxable","purchasable","product-type-simple"],"acf":[],"_links":{"self":[{"href":"https:\/\/mouldking.store\/vi\/wp-json\/wp\/v2\/product\/27690","targetHints":{"allow":["GET"]}}],"collection":[{"href":"https:\/\/mouldking.store\/vi\/wp-json\/wp\/v2\/product"}],"about":[{"href":"https:\/\/mouldking.store\/vi\/wp-json\/wp\/v2\/types\/product"}],"replies":[{"embeddable":true,"href":"https:\/\/mouldking.store\/vi\/wp-json\/wp\/v2\/comments?post=27690"}],"wp:featuredmedia":[{"embeddable":true,"href":"https:\/\/mouldking.store\/vi\/wp-json\/wp\/v2\/media\/27691"}],"wp:attachment":[{"href":"https:\/\/mouldking.store\/vi\/wp-json\/wp\/v2\/media?parent=27690"}],"wp:term":[{"taxonomy":"product_cat","embeddable":true,"href":"https:\/\/mouldking.store\/vi\/wp-json\/wp\/v2\/product_cat?post=27690"},{"taxonomy":"product_tag","embeddable":true,"href":"https:\/\/mouldking.store\/vi\/wp-json\/wp\/v2\/product_tag?post=27690"}],"curies":[{"name":"wp","href":"https:\/\/api.w.org\/{rel}","templated":true}]}}