{"id":27719,"date":"2021-11-22T09:29:34","date_gmt":"2021-11-22T09:29:34","guid":{"rendered":"https:\/\/mouldking.store\/?post_type=product&#038;p=27719"},"modified":"2021-12-23T09:40:32","modified_gmt":"2021-12-23T09:40:32","slug":"loz-1237-christmas-tree-music-box-with-506-pieces","status":"publish","type":"product","link":"https:\/\/mouldking.store\/vi\/shop\/loz-1237-christmas-tree-music-box-with-506-pieces\/","title":{"rendered":"H\u1ed9p Nh\u1ea1c C\u00e2y Th\u00f4ng Noel LOZ 1237 506 mi\u1ebfng"},"content":{"rendered":"<p>Th\u00f4ng tin s\u1ea3n ph\u1ea9m:<\/p>\n<ol>\n<li>Th\u01b0\u01a1ng hi\u1ec7u: LOZ<\/li>\n<li>Gi\u1edbi t\u00ednh: Unisex<\/li>\n<li>T\u00ean: C\u00e2y Th\u00f4ng Noel H\u1ed9p Nh\u1ea1c<\/li>\n<li>\u0110\u1ed9 tu\u1ed5i: &gt; 6 tu\u1ed5i<\/li>\n<li>S\u1ed1 m\u00f4 h\u00ecnh: 1237<\/li>\n<li>Ph\u00e2n lo\u1ea1i: T\u1eadp h\u1ee3p<\/li>\n<li>H\u00ecnh d\u1ea1ng kh\u1ed1i nh\u1ef1a: G\u1ea1ch t\u1ef1 kh\u00f3a<\/li>\n<li>Ch\u1ea5t li\u1ec7u: Nh\u1ef1a<\/li>\n<li>Lo\u1ea1i nh\u1ef1a: ABS<\/li>\n<li>Kh\u1ed1i g\u1ea1ch: 506 C\u00c1I<\/li>\n<li>Ch\u1ee9a h\u01b0\u1edbng d\u1eabn l\u1eafp r\u00e1p chi ti\u1ebft.<\/li>\n<\/ol>\n<p>\u0110\u1ec3 \u00fd:<br \/>\n1. Kh\u00f4ng c\u00f3 h\u1ed9p ban \u0111\u1ea7u, nh\u01b0ng ch\u00fang t\u00f4i \u0111\u1ea3m b\u1ea3o s\u1ea3n ph\u1ea9m c\u1ee7a ch\u00fang t\u00f4i c\u00f3 ch\u1ea5t l\u01b0\u1ee3ng \u0111\u1ea3m b\u1ea3o v\u00e0 bao b\u00ec \u0111\u1eb9p.<br \/>\n2. V\u00ec t\u1ea5t c\u1ea3 c\u00e1c b\u1ed9 ph\u1eadn ch\u00fang t\u00f4i \u0111\u00e3 ki\u1ec3m tra tr\u01b0\u1edbc khi v\u1eadn chuy\u1ec3n, v\u00ec v\u1eady n\u1ebfu b\u1ea1n th\u1ea5y m\u1ed9t s\u1ed1 b\u1ed9 ph\u1eadn b\u1ecb thi\u1ebfu ho\u1eb7c h\u01b0 h\u1ecfng, \u0111\u1eebng lo l\u1eafng v\u00e0 ch\u1ec9 c\u1ea7n vui l\u00f2ng li\u00ean h\u1ec7 v\u1edbi ch\u00fang t\u00f4i v\u00e0 ch\u00fang t\u00f4i c\u00f3 th\u1ec3 g\u1eedi l\u1ea1i mi\u1ec5n ph\u00ed cho b\u1ea1n ngay l\u1eadp t\u1ee9c.<\/p>\n<figure id=\"attachment_27720\" aria-describedby=\"caption-attachment-27720\" style=\"width: 800px\" class=\"wp-caption aligncenter\"><img fetchpriority=\"high\" decoding=\"async\" class=\"wp-image-27720 size-full\" src=\"https:\/\/mouldking.store\/wp-content\/uploads\/2021\/11\/LOZ-1237-Christmas-Tree-Music-Box-with-506-pieces-1.jpg\" alt=\"LOZ 1237 Christmas Tree Music Box with 506 pieces\" width=\"800\" height=\"800\" title=\"-\" srcset=\"https:\/\/mouldking.store\/wp-content\/uploads\/2021\/11\/LOZ-1237-Christmas-Tree-Music-Box-with-506-pieces-1.jpg 800w, https:\/\/mouldking.store\/wp-content\/uploads\/2021\/11\/LOZ-1237-Christmas-Tree-Music-Box-with-506-pieces-1-300x300.jpg 300w, https:\/\/mouldking.store\/wp-content\/uploads\/2021\/11\/LOZ-1237-Christmas-Tree-Music-Box-with-506-pieces-1-768x768.jpg 768w, https:\/\/mouldking.store\/wp-content\/uploads\/2021\/11\/LOZ-1237-Christmas-Tree-Music-Box-with-506-pieces-1-600x600.jpg 600w, https:\/\/mouldking.store\/wp-content\/uploads\/2021\/11\/LOZ-1237-Christmas-Tree-Music-Box-with-506-pieces-1-150x150.jpg 150w\" sizes=\"(max-width: 800px) 100vw, 800px\" \/><figcaption id=\"caption-attachment-27720\" class=\"wp-caption-text\">H\u1ed9p Nh\u1ea1c C\u00e2y Th\u00f4ng Noel LOZ 1237 506 mi\u1ebfng<\/figcaption><\/figure>\n<figure id=\"attachment_27721\" aria-describedby=\"caption-attachment-27721\" style=\"width: 800px\" class=\"wp-caption aligncenter\"><img decoding=\"async\" class=\"wp-image-27721\" src=\"https:\/\/mouldking.store\/wp-content\/uploads\/2021\/11\/LOZ-1237-Christmas-Tree-Music-Box-with-506-pieces-2-300x244.jpg\" alt=\"LOZ 1237 Christmas Tree Music Box with 506 pieces\" width=\"800\" height=\"651\" title=\"-\" srcset=\"https:\/\/mouldking.store\/wp-content\/uploads\/2021\/11\/LOZ-1237-Christmas-Tree-Music-Box-with-506-pieces-2-300x244.jpg 300w, https:\/\/mouldking.store\/wp-content\/uploads\/2021\/11\/LOZ-1237-Christmas-Tree-Music-Box-with-506-pieces-2-768x625.jpg 768w, https:\/\/mouldking.store\/wp-content\/uploads\/2021\/11\/LOZ-1237-Christmas-Tree-Music-Box-with-506-pieces-2-600x488.jpg 600w, https:\/\/mouldking.store\/wp-content\/uploads\/2021\/11\/LOZ-1237-Christmas-Tree-Music-Box-with-506-pieces-2-150x122.jpg 150w, https:\/\/mouldking.store\/wp-content\/uploads\/2021\/11\/LOZ-1237-Christmas-Tree-Music-Box-with-506-pieces-2.jpg 1024w\" sizes=\"(max-width: 800px) 100vw, 800px\" \/><figcaption id=\"caption-attachment-27721\" class=\"wp-caption-text\">H\u1ed9p Nh\u1ea1c C\u00e2y Th\u00f4ng Noel LOZ 1237 506 mi\u1ebfng<\/figcaption><\/figure>\n<figure id=\"attachment_27722\" aria-describedby=\"caption-attachment-27722\" style=\"width: 800px\" class=\"wp-caption aligncenter\"><img decoding=\"async\" class=\"wp-image-27722\" src=\"https:\/\/mouldking.store\/wp-content\/uploads\/2021\/11\/LOZ-1237-Christmas-Tree-Music-Box-with-506-pieces-3-300x244.jpg\" alt=\"LOZ 1237 Christmas Tree Music Box with 506 pieces\" width=\"800\" height=\"651\" title=\"-\" srcset=\"https:\/\/mouldking.store\/wp-content\/uploads\/2021\/11\/LOZ-1237-Christmas-Tree-Music-Box-with-506-pieces-3-300x244.jpg 300w, https:\/\/mouldking.store\/wp-content\/uploads\/2021\/11\/LOZ-1237-Christmas-Tree-Music-Box-with-506-pieces-3-768x625.jpg 768w, https:\/\/mouldking.store\/wp-content\/uploads\/2021\/11\/LOZ-1237-Christmas-Tree-Music-Box-with-506-pieces-3-600x488.jpg 600w, https:\/\/mouldking.store\/wp-content\/uploads\/2021\/11\/LOZ-1237-Christmas-Tree-Music-Box-with-506-pieces-3-150x122.jpg 150w, https:\/\/mouldking.store\/wp-content\/uploads\/2021\/11\/LOZ-1237-Christmas-Tree-Music-Box-with-506-pieces-3.jpg 1024w\" sizes=\"(max-width: 800px) 100vw, 800px\" \/><figcaption id=\"caption-attachment-27722\" class=\"wp-caption-text\">H\u1ed9p Nh\u1ea1c C\u00e2y Th\u00f4ng Noel LOZ 1237 506 mi\u1ebfng<\/figcaption><\/figure>\n<figure id=\"attachment_27726\" aria-describedby=\"caption-attachment-27726\" style=\"width: 679px\" class=\"wp-caption aligncenter\"><img loading=\"lazy\" decoding=\"async\" class=\"wp-image-27726 size-full\" src=\"https:\/\/mouldking.store\/wp-content\/uploads\/2021\/11\/LOZ-1237-Christmas-Tree-Music-Box-with-506-pieces-7.jpg\" alt=\"LOZ 1237 Christmas Tree Music Box with 506 pieces\" width=\"679\" height=\"1024\" title=\"-\" srcset=\"https:\/\/mouldking.store\/wp-content\/uploads\/2021\/11\/LOZ-1237-Christmas-Tree-Music-Box-with-506-pieces-7.jpg 679w, https:\/\/mouldking.store\/wp-content\/uploads\/2021\/11\/LOZ-1237-Christmas-Tree-Music-Box-with-506-pieces-7-199x300.jpg 199w, https:\/\/mouldking.store\/wp-content\/uploads\/2021\/11\/LOZ-1237-Christmas-Tree-Music-Box-with-506-pieces-7-300x452.jpg 300w, https:\/\/mouldking.store\/wp-content\/uploads\/2021\/11\/LOZ-1237-Christmas-Tree-Music-Box-with-506-pieces-7-600x905.jpg 600w, https:\/\/mouldking.store\/wp-content\/uploads\/2021\/11\/LOZ-1237-Christmas-Tree-Music-Box-with-506-pieces-7-99x150.jpg 99w\" sizes=\"(max-width: 679px) 100vw, 679px\" \/><figcaption id=\"caption-attachment-27726\" class=\"wp-caption-text\">H\u1ed9p Nh\u1ea1c C\u00e2y Th\u00f4ng Noel LOZ 1237 506 mi\u1ebfng<\/figcaption><\/figure>\n<figure id=\"attachment_27725\" aria-describedby=\"caption-attachment-27725\" style=\"width: 790px\" class=\"wp-caption aligncenter\"><img loading=\"lazy\" decoding=\"async\" class=\"wp-image-27725 size-full\" src=\"https:\/\/mouldking.store\/wp-content\/uploads\/2021\/11\/LOZ-1237-Christmas-Tree-Music-Box-with-506-pieces-6.jpg\" alt=\"LOZ 1237 Christmas Tree Music Box with 506 pieces\" width=\"790\" height=\"986\" title=\"-\" srcset=\"https:\/\/mouldking.store\/wp-content\/uploads\/2021\/11\/LOZ-1237-Christmas-Tree-Music-Box-with-506-pieces-6.jpg 790w, https:\/\/mouldking.store\/wp-content\/uploads\/2021\/11\/LOZ-1237-Christmas-Tree-Music-Box-with-506-pieces-6-240x300.jpg 240w, https:\/\/mouldking.store\/wp-content\/uploads\/2021\/11\/LOZ-1237-Christmas-Tree-Music-Box-with-506-pieces-6-768x959.jpg 768w, https:\/\/mouldking.store\/wp-content\/uploads\/2021\/11\/LOZ-1237-Christmas-Tree-Music-Box-with-506-pieces-6-300x374.jpg 300w, https:\/\/mouldking.store\/wp-content\/uploads\/2021\/11\/LOZ-1237-Christmas-Tree-Music-Box-with-506-pieces-6-600x749.jpg 600w, https:\/\/mouldking.store\/wp-content\/uploads\/2021\/11\/LOZ-1237-Christmas-Tree-Music-Box-with-506-pieces-6-120x150.jpg 120w\" sizes=\"(max-width: 790px) 100vw, 790px\" \/><figcaption id=\"caption-attachment-27725\" class=\"wp-caption-text\">H\u1ed9p Nh\u1ea1c C\u00e2y Th\u00f4ng Noel LOZ 1237 506 mi\u1ebfng<\/figcaption><\/figure>\n<figure id=\"attachment_27724\" aria-describedby=\"caption-attachment-27724\" style=\"width: 703px\" class=\"wp-caption aligncenter\"><img loading=\"lazy\" decoding=\"async\" class=\"wp-image-27724 size-full\" src=\"https:\/\/mouldking.store\/wp-content\/uploads\/2021\/11\/LOZ-1237-Christmas-Tree-Music-Box-with-506-pieces-5.jpg\" alt=\"LOZ 1237 Christmas Tree Music Box with 506 pieces\" width=\"703\" height=\"1023\" title=\"-\" srcset=\"https:\/\/mouldking.store\/wp-content\/uploads\/2021\/11\/LOZ-1237-Christmas-Tree-Music-Box-with-506-pieces-5.jpg 703w, https:\/\/mouldking.store\/wp-content\/uploads\/2021\/11\/LOZ-1237-Christmas-Tree-Music-Box-with-506-pieces-5-206x300.jpg 206w, https:\/\/mouldking.store\/wp-content\/uploads\/2021\/11\/LOZ-1237-Christmas-Tree-Music-Box-with-506-pieces-5-300x437.jpg 300w, https:\/\/mouldking.store\/wp-content\/uploads\/2021\/11\/LOZ-1237-Christmas-Tree-Music-Box-with-506-pieces-5-600x873.jpg 600w, https:\/\/mouldking.store\/wp-content\/uploads\/2021\/11\/LOZ-1237-Christmas-Tree-Music-Box-with-506-pieces-5-103x150.jpg 103w\" sizes=\"(max-width: 703px) 100vw, 703px\" \/><figcaption id=\"caption-attachment-27724\" class=\"wp-caption-text\">H\u1ed9p Nh\u1ea1c C\u00e2y Th\u00f4ng Noel LOZ 1237 506 mi\u1ebfng<\/figcaption><\/figure>\n<figure id=\"attachment_27723\" aria-describedby=\"caption-attachment-27723\" style=\"width: 790px\" class=\"wp-caption aligncenter\"><img loading=\"lazy\" decoding=\"async\" class=\"wp-image-27723 size-full\" src=\"https:\/\/mouldking.store\/wp-content\/uploads\/2021\/11\/LOZ-1237-Christmas-Tree-Music-Box-with-506-pieces-4.jpg\" alt=\"LOZ 1237 Christmas Tree Music Box with 506 pieces\" width=\"790\" height=\"876\" title=\"-\" srcset=\"https:\/\/mouldking.store\/wp-content\/uploads\/2021\/11\/LOZ-1237-Christmas-Tree-Music-Box-with-506-pieces-4.jpg 790w, https:\/\/mouldking.store\/wp-content\/uploads\/2021\/11\/LOZ-1237-Christmas-Tree-Music-Box-with-506-pieces-4-271x300.jpg 271w, https:\/\/mouldking.store\/wp-content\/uploads\/2021\/11\/LOZ-1237-Christmas-Tree-Music-Box-with-506-pieces-4-768x852.jpg 768w, https:\/\/mouldking.store\/wp-content\/uploads\/2021\/11\/LOZ-1237-Christmas-Tree-Music-Box-with-506-pieces-4-300x333.jpg 300w, https:\/\/mouldking.store\/wp-content\/uploads\/2021\/11\/LOZ-1237-Christmas-Tree-Music-Box-with-506-pieces-4-600x665.jpg 600w, https:\/\/mouldking.store\/wp-content\/uploads\/2021\/11\/LOZ-1237-Christmas-Tree-Music-Box-with-506-pieces-4-135x150.jpg 135w\" sizes=\"(max-width: 790px) 100vw, 790px\" \/><figcaption id=\"caption-attachment-27723\" class=\"wp-caption-text\">H\u1ed9p Nh\u1ea1c C\u00e2y Th\u00f4ng Noel LOZ 1237 506 mi\u1ebfng<\/figcaption><\/figure>","protected":false},"excerpt":{"rendered":"<p>Product information: Brand: LOZ Gender: Unisex Name: Christmas Tree Music Box Age Range: &gt; 6 years old Model Number: 1237 Classification: Assemblage Plastic Block Shape: Self-Locking Bricks Material: Plastic Plastic Type: ABS Bricks Blocks: 506 PCS Contains detailed assembly instructions. Notice: 1. Without an original box, but we guarantee our products have quality assurance and [&hellip;]<\/p>","protected":false},"featured_media":27720,"comment_status":"open","ping_status":"closed","template":"","meta":{"_acf_changed":false},"product_cat":[371],"product_tag":[3747,3743,3381,3745,2202,3744,3748,3742,3741,3749,3746,1370],"class_list":["product","first","instock","shipping-taxable","purchasable","product-type-simple"],"acf":[],"_links":{"self":[{"href":"https:\/\/mouldking.store\/vi\/wp-json\/wp\/v2\/product\/27719","targetHints":{"allow":["GET"]}}],"collection":[{"href":"https:\/\/mouldking.store\/vi\/wp-json\/wp\/v2\/product"}],"about":[{"href":"https:\/\/mouldking.store\/vi\/wp-json\/wp\/v2\/types\/product"}],"replies":[{"embeddable":true,"href":"https:\/\/mouldking.store\/vi\/wp-json\/wp\/v2\/comments?post=27719"}],"wp:featuredmedia":[{"embeddable":true,"href":"https:\/\/mouldking.store\/vi\/wp-json\/wp\/v2\/media\/27720"}],"wp:attachment":[{"href":"https:\/\/mouldking.store\/vi\/wp-json\/wp\/v2\/media?parent=27719"}],"wp:term":[{"taxonomy":"product_cat","embeddable":true,"href":"https:\/\/mouldking.store\/vi\/wp-json\/wp\/v2\/product_cat?post=27719"},{"taxonomy":"product_tag","embeddable":true,"href":"https:\/\/mouldking.store\/vi\/wp-json\/wp\/v2\/product_tag?post=27719"}],"curies":[{"name":"wp","href":"https:\/\/api.w.org\/{rel}","templated":true}]}}