{"id":27740,"date":"2021-11-22T09:48:01","date_gmt":"2021-11-22T09:48:01","guid":{"rendered":"https:\/\/mouldking.store\/?post_type=product&#038;p=27740"},"modified":"2021-12-23T09:40:33","modified_gmt":"2021-12-23T09:40:33","slug":"zhegao-qj5002-5005-sci-fi-fighter","status":"publish","type":"product","link":"https:\/\/mouldking.store\/vi\/shop\/zhegao-qj5002-5005-sci-fi-fighter\/","title":{"rendered":"M\u00e1y bay chi\u1ebfn \u0111\u1ea5u khoa h\u1ecdc vi\u1ec5n t\u01b0\u1edfng ZHEGAO QJ5002-5005"},"content":{"rendered":"<p>Th\u00f4ng tin s\u1ea3n ph\u1ea9m:<\/p>\n<ol>\n<li>Th\u01b0\u01a1ng hi\u1ec7u: ZHEGAO<\/li>\n<li>Gi\u1edbi t\u00ednh: Unisex<\/li>\n<li>T\u00ean: M\u00e1y bay chi\u1ebfn \u0111\u1ea5u khoa h\u1ecdc vi\u1ec5n t\u01b0\u1edfng<\/li>\n<li>\u0110\u1ed9 tu\u1ed5i: &gt; 6 tu\u1ed5i<\/li>\n<li>S\u1ed1 m\u00f4 h\u00ecnh: QJ5002-5005<\/li>\n<li>Ph\u00e2n lo\u1ea1i: T\u1eadp h\u1ee3p<\/li>\n<li>H\u00ecnh d\u1ea1ng kh\u1ed1i nh\u1ef1a: G\u1ea1ch t\u1ef1 kh\u00f3a<\/li>\n<li>Ch\u1ea5t li\u1ec7u: Nh\u1ef1a<\/li>\n<li>Lo\u1ea1i nh\u1ef1a: ABS<\/li>\n<li>Ch\u1ee9a h\u01b0\u1edbng d\u1eabn l\u1eafp r\u00e1p chi ti\u1ebft.<\/li>\n<\/ol>\n<p>\u0110\u1ec3 \u00fd:<br \/>\n1. Kh\u00f4ng c\u00f3 h\u1ed9p ban \u0111\u1ea7u, nh\u01b0ng ch\u00fang t\u00f4i \u0111\u1ea3m b\u1ea3o s\u1ea3n ph\u1ea9m c\u1ee7a ch\u00fang t\u00f4i c\u00f3 ch\u1ea5t l\u01b0\u1ee3ng \u0111\u1ea3m b\u1ea3o v\u00e0 bao b\u00ec \u0111\u1eb9p.<br \/>\n2. V\u00ec t\u1ea5t c\u1ea3 c\u00e1c b\u1ed9 ph\u1eadn ch\u00fang t\u00f4i \u0111\u00e3 ki\u1ec3m tra tr\u01b0\u1edbc khi v\u1eadn chuy\u1ec3n, v\u00ec v\u1eady n\u1ebfu b\u1ea1n th\u1ea5y m\u1ed9t s\u1ed1 b\u1ed9 ph\u1eadn b\u1ecb thi\u1ebfu ho\u1eb7c h\u01b0 h\u1ecfng, \u0111\u1eebng lo l\u1eafng v\u00e0 ch\u1ec9 c\u1ea7n vui l\u00f2ng li\u00ean h\u1ec7 v\u1edbi ch\u00fang t\u00f4i v\u00e0 ch\u00fang t\u00f4i c\u00f3 th\u1ec3 g\u1eedi l\u1ea1i mi\u1ec5n ph\u00ed cho b\u1ea1n ngay l\u1eadp t\u1ee9c.<\/p>\n<figure id=\"attachment_27749\" aria-describedby=\"caption-attachment-27749\" style=\"width: 800px\" class=\"wp-caption aligncenter\"><img fetchpriority=\"high\" decoding=\"async\" class=\"wp-image-27749 size-full\" src=\"https:\/\/mouldking.store\/wp-content\/uploads\/2021\/11\/ZHEGAO-QJ5002-5005-Sci-Fi-Fighter-1.jpg\" alt=\"ZHEGAO QJ5002-5005 Sci-Fi Fighter\" width=\"800\" height=\"800\" title=\"-\" srcset=\"https:\/\/mouldking.store\/wp-content\/uploads\/2021\/11\/ZHEGAO-QJ5002-5005-Sci-Fi-Fighter-1.jpg 800w, https:\/\/mouldking.store\/wp-content\/uploads\/2021\/11\/ZHEGAO-QJ5002-5005-Sci-Fi-Fighter-1-300x300.jpg 300w, https:\/\/mouldking.store\/wp-content\/uploads\/2021\/11\/ZHEGAO-QJ5002-5005-Sci-Fi-Fighter-1-768x768.jpg 768w, https:\/\/mouldking.store\/wp-content\/uploads\/2021\/11\/ZHEGAO-QJ5002-5005-Sci-Fi-Fighter-1-600x600.jpg 600w, https:\/\/mouldking.store\/wp-content\/uploads\/2021\/11\/ZHEGAO-QJ5002-5005-Sci-Fi-Fighter-1-150x150.jpg 150w\" sizes=\"(max-width: 800px) 100vw, 800px\" \/><figcaption id=\"caption-attachment-27749\" class=\"wp-caption-text\">M\u00e1y bay chi\u1ebfn \u0111\u1ea5u khoa h\u1ecdc vi\u1ec5n t\u01b0\u1edfng ZHEGAO QJ5002-5005<\/figcaption><\/figure>\n<figure id=\"attachment_27748\" aria-describedby=\"caption-attachment-27748\" style=\"width: 800px\" class=\"wp-caption aligncenter\"><img decoding=\"async\" class=\"wp-image-27748 size-full\" src=\"https:\/\/mouldking.store\/wp-content\/uploads\/2021\/11\/ZHEGAO-QJ5002-5005-Sci-Fi-Fighter-9.jpg\" alt=\"ZHEGAO QJ5002-5005 Sci-Fi Fighter\" width=\"800\" height=\"800\" title=\"-\" srcset=\"https:\/\/mouldking.store\/wp-content\/uploads\/2021\/11\/ZHEGAO-QJ5002-5005-Sci-Fi-Fighter-9.jpg 800w, https:\/\/mouldking.store\/wp-content\/uploads\/2021\/11\/ZHEGAO-QJ5002-5005-Sci-Fi-Fighter-9-300x300.jpg 300w, https:\/\/mouldking.store\/wp-content\/uploads\/2021\/11\/ZHEGAO-QJ5002-5005-Sci-Fi-Fighter-9-768x768.jpg 768w, https:\/\/mouldking.store\/wp-content\/uploads\/2021\/11\/ZHEGAO-QJ5002-5005-Sci-Fi-Fighter-9-600x600.jpg 600w, https:\/\/mouldking.store\/wp-content\/uploads\/2021\/11\/ZHEGAO-QJ5002-5005-Sci-Fi-Fighter-9-150x150.jpg 150w\" sizes=\"(max-width: 800px) 100vw, 800px\" \/><figcaption id=\"caption-attachment-27748\" class=\"wp-caption-text\">M\u00e1y bay chi\u1ebfn \u0111\u1ea5u khoa h\u1ecdc vi\u1ec5n t\u01b0\u1edfng ZHEGAO QJ5002-5005<\/figcaption><\/figure>\n<figure id=\"attachment_27747\" aria-describedby=\"caption-attachment-27747\" style=\"width: 800px\" class=\"wp-caption aligncenter\"><img decoding=\"async\" class=\"wp-image-27747 size-full\" src=\"https:\/\/mouldking.store\/wp-content\/uploads\/2021\/11\/ZHEGAO-QJ5002-5005-Sci-Fi-Fighter-8.jpg\" alt=\"ZHEGAO QJ5002-5005 Sci-Fi Fighter\" width=\"800\" height=\"800\" title=\"-\" srcset=\"https:\/\/mouldking.store\/wp-content\/uploads\/2021\/11\/ZHEGAO-QJ5002-5005-Sci-Fi-Fighter-8.jpg 800w, https:\/\/mouldking.store\/wp-content\/uploads\/2021\/11\/ZHEGAO-QJ5002-5005-Sci-Fi-Fighter-8-300x300.jpg 300w, https:\/\/mouldking.store\/wp-content\/uploads\/2021\/11\/ZHEGAO-QJ5002-5005-Sci-Fi-Fighter-8-768x768.jpg 768w, https:\/\/mouldking.store\/wp-content\/uploads\/2021\/11\/ZHEGAO-QJ5002-5005-Sci-Fi-Fighter-8-600x600.jpg 600w, https:\/\/mouldking.store\/wp-content\/uploads\/2021\/11\/ZHEGAO-QJ5002-5005-Sci-Fi-Fighter-8-150x150.jpg 150w\" sizes=\"(max-width: 800px) 100vw, 800px\" \/><figcaption id=\"caption-attachment-27747\" class=\"wp-caption-text\">M\u00e1y bay chi\u1ebfn \u0111\u1ea5u khoa h\u1ecdc vi\u1ec5n t\u01b0\u1edfng ZHEGAO QJ5002-5005<\/figcaption><\/figure>\n<figure id=\"attachment_27746\" aria-describedby=\"caption-attachment-27746\" style=\"width: 800px\" class=\"wp-caption aligncenter\"><img loading=\"lazy\" decoding=\"async\" class=\"wp-image-27746 size-full\" src=\"https:\/\/mouldking.store\/wp-content\/uploads\/2021\/11\/ZHEGAO-QJ5002-5005-Sci-Fi-Fighter-7.jpg\" alt=\"ZHEGAO QJ5002-5005 Sci-Fi Fighter\" width=\"800\" height=\"800\" title=\"-\" srcset=\"https:\/\/mouldking.store\/wp-content\/uploads\/2021\/11\/ZHEGAO-QJ5002-5005-Sci-Fi-Fighter-7.jpg 800w, https:\/\/mouldking.store\/wp-content\/uploads\/2021\/11\/ZHEGAO-QJ5002-5005-Sci-Fi-Fighter-7-300x300.jpg 300w, https:\/\/mouldking.store\/wp-content\/uploads\/2021\/11\/ZHEGAO-QJ5002-5005-Sci-Fi-Fighter-7-768x768.jpg 768w, https:\/\/mouldking.store\/wp-content\/uploads\/2021\/11\/ZHEGAO-QJ5002-5005-Sci-Fi-Fighter-7-600x600.jpg 600w, https:\/\/mouldking.store\/wp-content\/uploads\/2021\/11\/ZHEGAO-QJ5002-5005-Sci-Fi-Fighter-7-150x150.jpg 150w\" sizes=\"(max-width: 800px) 100vw, 800px\" \/><figcaption id=\"caption-attachment-27746\" class=\"wp-caption-text\">M\u00e1y bay chi\u1ebfn \u0111\u1ea5u khoa h\u1ecdc vi\u1ec5n t\u01b0\u1edfng ZHEGAO QJ5002-5005<\/figcaption><\/figure>\n<figure id=\"attachment_27745\" aria-describedby=\"caption-attachment-27745\" style=\"width: 800px\" class=\"wp-caption aligncenter\"><img loading=\"lazy\" decoding=\"async\" class=\"wp-image-27745 size-full\" src=\"https:\/\/mouldking.store\/wp-content\/uploads\/2021\/11\/ZHEGAO-QJ5002-5005-Sci-Fi-Fighter-6.jpg\" alt=\"ZHEGAO QJ5002-5005 Sci-Fi Fighter\" width=\"800\" height=\"800\" title=\"-\" srcset=\"https:\/\/mouldking.store\/wp-content\/uploads\/2021\/11\/ZHEGAO-QJ5002-5005-Sci-Fi-Fighter-6.jpg 800w, https:\/\/mouldking.store\/wp-content\/uploads\/2021\/11\/ZHEGAO-QJ5002-5005-Sci-Fi-Fighter-6-300x300.jpg 300w, https:\/\/mouldking.store\/wp-content\/uploads\/2021\/11\/ZHEGAO-QJ5002-5005-Sci-Fi-Fighter-6-768x768.jpg 768w, https:\/\/mouldking.store\/wp-content\/uploads\/2021\/11\/ZHEGAO-QJ5002-5005-Sci-Fi-Fighter-6-600x600.jpg 600w, https:\/\/mouldking.store\/wp-content\/uploads\/2021\/11\/ZHEGAO-QJ5002-5005-Sci-Fi-Fighter-6-150x150.jpg 150w\" sizes=\"(max-width: 800px) 100vw, 800px\" \/><figcaption id=\"caption-attachment-27745\" class=\"wp-caption-text\">M\u00e1y bay chi\u1ebfn \u0111\u1ea5u khoa h\u1ecdc vi\u1ec5n t\u01b0\u1edfng ZHEGAO QJ5002-5005<\/figcaption><\/figure>\n<figure id=\"attachment_27744\" aria-describedby=\"caption-attachment-27744\" style=\"width: 800px\" class=\"wp-caption aligncenter\"><img loading=\"lazy\" decoding=\"async\" class=\"wp-image-27744 size-full\" src=\"https:\/\/mouldking.store\/wp-content\/uploads\/2021\/11\/ZHEGAO-QJ5002-5005-Sci-Fi-Fighter-5.jpg\" alt=\"ZHEGAO QJ5002-5005 Sci-Fi Fighter\" width=\"800\" height=\"800\" title=\"-\" srcset=\"https:\/\/mouldking.store\/wp-content\/uploads\/2021\/11\/ZHEGAO-QJ5002-5005-Sci-Fi-Fighter-5.jpg 800w, https:\/\/mouldking.store\/wp-content\/uploads\/2021\/11\/ZHEGAO-QJ5002-5005-Sci-Fi-Fighter-5-300x300.jpg 300w, https:\/\/mouldking.store\/wp-content\/uploads\/2021\/11\/ZHEGAO-QJ5002-5005-Sci-Fi-Fighter-5-768x768.jpg 768w, https:\/\/mouldking.store\/wp-content\/uploads\/2021\/11\/ZHEGAO-QJ5002-5005-Sci-Fi-Fighter-5-600x600.jpg 600w, https:\/\/mouldking.store\/wp-content\/uploads\/2021\/11\/ZHEGAO-QJ5002-5005-Sci-Fi-Fighter-5-150x150.jpg 150w\" sizes=\"(max-width: 800px) 100vw, 800px\" \/><figcaption id=\"caption-attachment-27744\" class=\"wp-caption-text\">M\u00e1y bay chi\u1ebfn \u0111\u1ea5u khoa h\u1ecdc vi\u1ec5n t\u01b0\u1edfng ZHEGAO QJ5002-5005<\/figcaption><\/figure>\n<figure id=\"attachment_27741\" aria-describedby=\"caption-attachment-27741\" style=\"width: 800px\" class=\"wp-caption aligncenter\"><img loading=\"lazy\" decoding=\"async\" class=\"wp-image-27741 size-full\" src=\"https:\/\/mouldking.store\/wp-content\/uploads\/2021\/11\/ZHEGAO-QJ5002-5005-Sci-Fi-Fighter-2.jpg\" alt=\"ZHEGAO QJ5002-5005 Sci-Fi Fighter\" width=\"800\" height=\"800\" title=\"-\" srcset=\"https:\/\/mouldking.store\/wp-content\/uploads\/2021\/11\/ZHEGAO-QJ5002-5005-Sci-Fi-Fighter-2.jpg 800w, https:\/\/mouldking.store\/wp-content\/uploads\/2021\/11\/ZHEGAO-QJ5002-5005-Sci-Fi-Fighter-2-300x300.jpg 300w, https:\/\/mouldking.store\/wp-content\/uploads\/2021\/11\/ZHEGAO-QJ5002-5005-Sci-Fi-Fighter-2-768x768.jpg 768w, https:\/\/mouldking.store\/wp-content\/uploads\/2021\/11\/ZHEGAO-QJ5002-5005-Sci-Fi-Fighter-2-600x600.jpg 600w, https:\/\/mouldking.store\/wp-content\/uploads\/2021\/11\/ZHEGAO-QJ5002-5005-Sci-Fi-Fighter-2-150x150.jpg 150w\" sizes=\"(max-width: 800px) 100vw, 800px\" \/><figcaption id=\"caption-attachment-27741\" class=\"wp-caption-text\">M\u00e1y bay chi\u1ebfn \u0111\u1ea5u khoa h\u1ecdc vi\u1ec5n t\u01b0\u1edfng ZHEGAO QJ5002-5005<\/figcaption><\/figure>\n<figure id=\"attachment_27742\" aria-describedby=\"caption-attachment-27742\" style=\"width: 800px\" class=\"wp-caption aligncenter\"><img loading=\"lazy\" decoding=\"async\" class=\"wp-image-27742 size-full\" src=\"https:\/\/mouldking.store\/wp-content\/uploads\/2021\/11\/ZHEGAO-QJ5002-5005-Sci-Fi-Fighter-3.jpg\" alt=\"ZHEGAO QJ5002-5005 Sci-Fi Fighter\" width=\"800\" height=\"800\" title=\"-\" srcset=\"https:\/\/mouldking.store\/wp-content\/uploads\/2021\/11\/ZHEGAO-QJ5002-5005-Sci-Fi-Fighter-3.jpg 800w, https:\/\/mouldking.store\/wp-content\/uploads\/2021\/11\/ZHEGAO-QJ5002-5005-Sci-Fi-Fighter-3-300x300.jpg 300w, https:\/\/mouldking.store\/wp-content\/uploads\/2021\/11\/ZHEGAO-QJ5002-5005-Sci-Fi-Fighter-3-768x768.jpg 768w, https:\/\/mouldking.store\/wp-content\/uploads\/2021\/11\/ZHEGAO-QJ5002-5005-Sci-Fi-Fighter-3-600x600.jpg 600w, https:\/\/mouldking.store\/wp-content\/uploads\/2021\/11\/ZHEGAO-QJ5002-5005-Sci-Fi-Fighter-3-150x150.jpg 150w\" sizes=\"(max-width: 800px) 100vw, 800px\" \/><figcaption id=\"caption-attachment-27742\" class=\"wp-caption-text\">M\u00e1y bay chi\u1ebfn \u0111\u1ea5u khoa h\u1ecdc vi\u1ec5n t\u01b0\u1edfng ZHEGAO QJ5002-5005<\/figcaption><\/figure>\n<figure id=\"attachment_27743\" aria-describedby=\"caption-attachment-27743\" style=\"width: 800px\" class=\"wp-caption aligncenter\"><img loading=\"lazy\" decoding=\"async\" class=\"wp-image-27743 size-full\" src=\"https:\/\/mouldking.store\/wp-content\/uploads\/2021\/11\/ZHEGAO-QJ5002-5005-Sci-Fi-Fighter-4.jpg\" alt=\"ZHEGAO QJ5002-5005 Sci-Fi Fighter\" width=\"800\" height=\"800\" title=\"-\" srcset=\"https:\/\/mouldking.store\/wp-content\/uploads\/2021\/11\/ZHEGAO-QJ5002-5005-Sci-Fi-Fighter-4.jpg 800w, https:\/\/mouldking.store\/wp-content\/uploads\/2021\/11\/ZHEGAO-QJ5002-5005-Sci-Fi-Fighter-4-300x300.jpg 300w, https:\/\/mouldking.store\/wp-content\/uploads\/2021\/11\/ZHEGAO-QJ5002-5005-Sci-Fi-Fighter-4-768x768.jpg 768w, https:\/\/mouldking.store\/wp-content\/uploads\/2021\/11\/ZHEGAO-QJ5002-5005-Sci-Fi-Fighter-4-600x600.jpg 600w, https:\/\/mouldking.store\/wp-content\/uploads\/2021\/11\/ZHEGAO-QJ5002-5005-Sci-Fi-Fighter-4-150x150.jpg 150w\" sizes=\"(max-width: 800px) 100vw, 800px\" \/><figcaption id=\"caption-attachment-27743\" class=\"wp-caption-text\">M\u00e1y bay chi\u1ebfn \u0111\u1ea5u khoa h\u1ecdc vi\u1ec5n t\u01b0\u1edfng ZHEGAO QJ5002-5005<\/figcaption><\/figure>","protected":false},"excerpt":{"rendered":"<p>Product information: Brand: ZHEGAO Gender: Unisex Name: Sci-Fi Fighter Age Range: &gt; 6 years old Model Number: QJ5002-5005 Classification: Assemblage Plastic Block Shape: Self-Locking Bricks Material: Plastic Plastic Type: ABS Contains detailed assembly instructions. Notice: 1. Without an original box, but we guarantee our products have quality assurance and nice packaging. 2. As all the [&hellip;]<\/p>","protected":false},"featured_media":27749,"comment_status":"open","ping_status":"closed","template":"","meta":{"_acf_changed":false},"product_cat":[581],"product_tag":[3761,3763,3760,3759,3764,3765,3762],"class_list":["product","first","instock","shipping-taxable","purchasable","product-type-variable"],"acf":[],"_links":{"self":[{"href":"https:\/\/mouldking.store\/vi\/wp-json\/wp\/v2\/product\/27740","targetHints":{"allow":["GET"]}}],"collection":[{"href":"https:\/\/mouldking.store\/vi\/wp-json\/wp\/v2\/product"}],"about":[{"href":"https:\/\/mouldking.store\/vi\/wp-json\/wp\/v2\/types\/product"}],"replies":[{"embeddable":true,"href":"https:\/\/mouldking.store\/vi\/wp-json\/wp\/v2\/comments?post=27740"}],"wp:featuredmedia":[{"embeddable":true,"href":"https:\/\/mouldking.store\/vi\/wp-json\/wp\/v2\/media\/27749"}],"wp:attachment":[{"href":"https:\/\/mouldking.store\/vi\/wp-json\/wp\/v2\/media?parent=27740"}],"wp:term":[{"taxonomy":"product_cat","embeddable":true,"href":"https:\/\/mouldking.store\/vi\/wp-json\/wp\/v2\/product_cat?post=27740"},{"taxonomy":"product_tag","embeddable":true,"href":"https:\/\/mouldking.store\/vi\/wp-json\/wp\/v2\/product_tag?post=27740"}],"curies":[{"name":"wp","href":"https:\/\/api.w.org\/{rel}","templated":true}]}}