{"id":27754,"date":"2021-11-22T09:53:00","date_gmt":"2021-11-22T09:53:00","guid":{"rendered":"https:\/\/mouldking.store\/?post_type=product&#038;p=27754"},"modified":"2021-12-23T09:40:32","modified_gmt":"2021-12-23T09:40:32","slug":"urge-50103-medievaltown-windmill-with-1824-pieces","status":"publish","type":"product","link":"https:\/\/mouldking.store\/vi\/shop\/urge-50103-medievaltown-windmill-with-1824-pieces\/","title":{"rendered":"URGE 50103 C\u1ed1i xay gi\u00f3 Medievaltown v\u1edbi 1824 chi ti\u1ebft"},"content":{"rendered":"<p>Th\u00f4ng tin s\u1ea3n ph\u1ea9m:<\/p>\n<ol>\n<li>Th\u01b0\u01a1ng hi\u1ec7u: URGE<\/li>\n<li>Gi\u1edbi t\u00ednh: Unisex<\/li>\n<li>Name: Medievaltown Windmill<\/li>\n<li>\u0110\u1ed9 tu\u1ed5i: &gt; 6 tu\u1ed5i<\/li>\n<li>Model Number: 50103<\/li>\n<li>Ph\u00e2n lo\u1ea1i: T\u1eadp h\u1ee3p<\/li>\n<li>H\u00ecnh d\u1ea1ng kh\u1ed1i nh\u1ef1a: G\u1ea1ch t\u1ef1 kh\u00f3a<\/li>\n<li>Ch\u1ea5t li\u1ec7u: Nh\u1ef1a<\/li>\n<li>Lo\u1ea1i nh\u1ef1a: ABS<\/li>\n<li>Bricks Blocks: 1824 PCS<\/li>\n<li>Ch\u1ee9a h\u01b0\u1edbng d\u1eabn l\u1eafp r\u00e1p chi ti\u1ebft.<\/li>\n<\/ol>\n<p>\u0110\u1ec3 \u00fd:<br \/>\n1. Kh\u00f4ng c\u00f3 h\u1ed9p ban \u0111\u1ea7u, nh\u01b0ng ch\u00fang t\u00f4i \u0111\u1ea3m b\u1ea3o s\u1ea3n ph\u1ea9m c\u1ee7a ch\u00fang t\u00f4i c\u00f3 ch\u1ea5t l\u01b0\u1ee3ng \u0111\u1ea3m b\u1ea3o v\u00e0 bao b\u00ec \u0111\u1eb9p.<br \/>\n2. V\u00ec t\u1ea5t c\u1ea3 c\u00e1c b\u1ed9 ph\u1eadn ch\u00fang t\u00f4i \u0111\u00e3 ki\u1ec3m tra tr\u01b0\u1edbc khi v\u1eadn chuy\u1ec3n, v\u00ec v\u1eady n\u1ebfu b\u1ea1n th\u1ea5y m\u1ed9t s\u1ed1 b\u1ed9 ph\u1eadn b\u1ecb thi\u1ebfu ho\u1eb7c h\u01b0 h\u1ecfng, \u0111\u1eebng lo l\u1eafng v\u00e0 ch\u1ec9 c\u1ea7n vui l\u00f2ng li\u00ean h\u1ec7 v\u1edbi ch\u00fang t\u00f4i v\u00e0 ch\u00fang t\u00f4i c\u00f3 th\u1ec3 g\u1eedi l\u1ea1i mi\u1ec5n ph\u00ed cho b\u1ea1n ngay l\u1eadp t\u1ee9c.<\/p>\n<figure id=\"attachment_27755\" aria-describedby=\"caption-attachment-27755\" style=\"width: 580px\" class=\"wp-caption aligncenter\"><img fetchpriority=\"high\" decoding=\"async\" class=\"wp-image-27755 size-full\" src=\"https:\/\/mouldking.store\/wp-content\/uploads\/2021\/11\/URGE-50103-Medievaltown-Windmill-with-1824-pieces-8.jpg\" alt=\"URGE 50103 Medievaltown Windmill with 1824 pieces\" width=\"580\" height=\"1023\" title=\"-\" srcset=\"https:\/\/mouldking.store\/wp-content\/uploads\/2021\/11\/URGE-50103-Medievaltown-Windmill-with-1824-pieces-8.jpg 580w, https:\/\/mouldking.store\/wp-content\/uploads\/2021\/11\/URGE-50103-Medievaltown-Windmill-with-1824-pieces-8-170x300.jpg 170w, https:\/\/mouldking.store\/wp-content\/uploads\/2021\/11\/URGE-50103-Medievaltown-Windmill-with-1824-pieces-8-300x529.jpg 300w, https:\/\/mouldking.store\/wp-content\/uploads\/2021\/11\/URGE-50103-Medievaltown-Windmill-with-1824-pieces-8-85x150.jpg 85w\" sizes=\"(max-width: 580px) 100vw, 580px\" \/><figcaption id=\"caption-attachment-27755\" class=\"wp-caption-text\">URGE 50103 C\u1ed1i xay gi\u00f3 Medievaltown v\u1edbi 1824 chi ti\u1ebft<\/figcaption><\/figure>\n<figure id=\"attachment_27761\" aria-describedby=\"caption-attachment-27761\" style=\"width: 620px\" class=\"wp-caption aligncenter\"><img decoding=\"async\" class=\"wp-image-27761 size-full\" src=\"https:\/\/mouldking.store\/wp-content\/uploads\/2021\/11\/URGE-50103-Medievaltown-Windmill-with-1824-pieces-6.jpg\" alt=\"URGE 50103 Medievaltown Windmill with 1824 pieces\" width=\"620\" height=\"982\" title=\"-\" srcset=\"https:\/\/mouldking.store\/wp-content\/uploads\/2021\/11\/URGE-50103-Medievaltown-Windmill-with-1824-pieces-6.jpg 620w, https:\/\/mouldking.store\/wp-content\/uploads\/2021\/11\/URGE-50103-Medievaltown-Windmill-with-1824-pieces-6-189x300.jpg 189w, https:\/\/mouldking.store\/wp-content\/uploads\/2021\/11\/URGE-50103-Medievaltown-Windmill-with-1824-pieces-6-300x475.jpg 300w, https:\/\/mouldking.store\/wp-content\/uploads\/2021\/11\/URGE-50103-Medievaltown-Windmill-with-1824-pieces-6-600x950.jpg 600w, https:\/\/mouldking.store\/wp-content\/uploads\/2021\/11\/URGE-50103-Medievaltown-Windmill-with-1824-pieces-6-95x150.jpg 95w\" sizes=\"(max-width: 620px) 100vw, 620px\" \/><figcaption id=\"caption-attachment-27761\" class=\"wp-caption-text\">URGE 50103 C\u1ed1i xay gi\u00f3 Medievaltown v\u1edbi 1824 chi ti\u1ebft<\/figcaption><\/figure>\n<figure id=\"attachment_27762\" aria-describedby=\"caption-attachment-27762\" style=\"width: 620px\" class=\"wp-caption aligncenter\"><img decoding=\"async\" class=\"wp-image-27762 size-full\" src=\"https:\/\/mouldking.store\/wp-content\/uploads\/2021\/11\/URGE-50103-Medievaltown-Windmill-with-1824-pieces-7.jpg\" alt=\"URGE 50103 Medievaltown Windmill with 1824 pieces\" width=\"620\" height=\"928\" title=\"-\" srcset=\"https:\/\/mouldking.store\/wp-content\/uploads\/2021\/11\/URGE-50103-Medievaltown-Windmill-with-1824-pieces-7.jpg 620w, https:\/\/mouldking.store\/wp-content\/uploads\/2021\/11\/URGE-50103-Medievaltown-Windmill-with-1824-pieces-7-200x300.jpg 200w, https:\/\/mouldking.store\/wp-content\/uploads\/2021\/11\/URGE-50103-Medievaltown-Windmill-with-1824-pieces-7-300x449.jpg 300w, https:\/\/mouldking.store\/wp-content\/uploads\/2021\/11\/URGE-50103-Medievaltown-Windmill-with-1824-pieces-7-600x898.jpg 600w, https:\/\/mouldking.store\/wp-content\/uploads\/2021\/11\/URGE-50103-Medievaltown-Windmill-with-1824-pieces-7-100x150.jpg 100w\" sizes=\"(max-width: 620px) 100vw, 620px\" \/><figcaption id=\"caption-attachment-27762\" class=\"wp-caption-text\">URGE 50103 C\u1ed1i xay gi\u00f3 Medievaltown v\u1edbi 1824 chi ti\u1ebft<\/figcaption><\/figure>\n<figure id=\"attachment_27759\" aria-describedby=\"caption-attachment-27759\" style=\"width: 620px\" class=\"wp-caption aligncenter\"><img loading=\"lazy\" decoding=\"async\" class=\"wp-image-27759 size-full\" src=\"https:\/\/mouldking.store\/wp-content\/uploads\/2021\/11\/URGE-50103-Medievaltown-Windmill-with-1824-pieces-4.jpg\" alt=\"URGE 50103 Medievaltown Windmill with 1824 pieces\" width=\"620\" height=\"929\" title=\"-\" srcset=\"https:\/\/mouldking.store\/wp-content\/uploads\/2021\/11\/URGE-50103-Medievaltown-Windmill-with-1824-pieces-4.jpg 620w, https:\/\/mouldking.store\/wp-content\/uploads\/2021\/11\/URGE-50103-Medievaltown-Windmill-with-1824-pieces-4-200x300.jpg 200w, https:\/\/mouldking.store\/wp-content\/uploads\/2021\/11\/URGE-50103-Medievaltown-Windmill-with-1824-pieces-4-300x450.jpg 300w, https:\/\/mouldking.store\/wp-content\/uploads\/2021\/11\/URGE-50103-Medievaltown-Windmill-with-1824-pieces-4-600x899.jpg 600w, https:\/\/mouldking.store\/wp-content\/uploads\/2021\/11\/URGE-50103-Medievaltown-Windmill-with-1824-pieces-4-100x150.jpg 100w\" sizes=\"(max-width: 620px) 100vw, 620px\" \/><figcaption id=\"caption-attachment-27759\" class=\"wp-caption-text\">URGE 50103 C\u1ed1i xay gi\u00f3 Medievaltown v\u1edbi 1824 chi ti\u1ebft<\/figcaption><\/figure>\n<figure id=\"attachment_27760\" aria-describedby=\"caption-attachment-27760\" style=\"width: 539px\" class=\"wp-caption aligncenter\"><img loading=\"lazy\" decoding=\"async\" class=\"wp-image-27760 size-full\" src=\"https:\/\/mouldking.store\/wp-content\/uploads\/2021\/11\/URGE-50103-Medievaltown-Windmill-with-1824-pieces-5.jpg\" alt=\"URGE 50103 Medievaltown Windmill with 1824 pieces\" width=\"539\" height=\"1023\" title=\"-\" srcset=\"https:\/\/mouldking.store\/wp-content\/uploads\/2021\/11\/URGE-50103-Medievaltown-Windmill-with-1824-pieces-5.jpg 539w, https:\/\/mouldking.store\/wp-content\/uploads\/2021\/11\/URGE-50103-Medievaltown-Windmill-with-1824-pieces-5-158x300.jpg 158w, https:\/\/mouldking.store\/wp-content\/uploads\/2021\/11\/URGE-50103-Medievaltown-Windmill-with-1824-pieces-5-300x569.jpg 300w, https:\/\/mouldking.store\/wp-content\/uploads\/2021\/11\/URGE-50103-Medievaltown-Windmill-with-1824-pieces-5-79x150.jpg 79w\" sizes=\"(max-width: 539px) 100vw, 539px\" \/><figcaption id=\"caption-attachment-27760\" class=\"wp-caption-text\">URGE 50103 C\u1ed1i xay gi\u00f3 Medievaltown v\u1edbi 1824 chi ti\u1ebft<\/figcaption><\/figure>\n<figure id=\"attachment_27758\" aria-describedby=\"caption-attachment-27758\" style=\"width: 429px\" class=\"wp-caption aligncenter\"><img loading=\"lazy\" decoding=\"async\" class=\"wp-image-27758 size-full\" src=\"https:\/\/mouldking.store\/wp-content\/uploads\/2021\/11\/URGE-50103-Medievaltown-Windmill-with-1824-pieces-3.jpg\" alt=\"URGE 50103 Medievaltown Windmill with 1824 pieces\" width=\"429\" height=\"1023\" title=\"-\" srcset=\"https:\/\/mouldking.store\/wp-content\/uploads\/2021\/11\/URGE-50103-Medievaltown-Windmill-with-1824-pieces-3.jpg 429w, https:\/\/mouldking.store\/wp-content\/uploads\/2021\/11\/URGE-50103-Medievaltown-Windmill-with-1824-pieces-3-126x300.jpg 126w, https:\/\/mouldking.store\/wp-content\/uploads\/2021\/11\/URGE-50103-Medievaltown-Windmill-with-1824-pieces-3-300x715.jpg 300w, https:\/\/mouldking.store\/wp-content\/uploads\/2021\/11\/URGE-50103-Medievaltown-Windmill-with-1824-pieces-3-63x150.jpg 63w\" sizes=\"(max-width: 429px) 100vw, 429px\" \/><figcaption id=\"caption-attachment-27758\" class=\"wp-caption-text\">URGE 50103 C\u1ed1i xay gi\u00f3 Medievaltown v\u1edbi 1824 chi ti\u1ebft<\/figcaption><\/figure>\n<figure id=\"attachment_27756\" aria-describedby=\"caption-attachment-27756\" style=\"width: 800px\" class=\"wp-caption aligncenter\"><img loading=\"lazy\" decoding=\"async\" class=\"wp-image-27756 size-full\" src=\"https:\/\/mouldking.store\/wp-content\/uploads\/2021\/11\/URGE-50103-Medievaltown-Windmill-with-1824-pieces-1.jpg\" alt=\"URGE 50103 Medievaltown Windmill with 1824 pieces\" width=\"800\" height=\"800\" title=\"-\" srcset=\"https:\/\/mouldking.store\/wp-content\/uploads\/2021\/11\/URGE-50103-Medievaltown-Windmill-with-1824-pieces-1.jpg 800w, https:\/\/mouldking.store\/wp-content\/uploads\/2021\/11\/URGE-50103-Medievaltown-Windmill-with-1824-pieces-1-300x300.jpg 300w, https:\/\/mouldking.store\/wp-content\/uploads\/2021\/11\/URGE-50103-Medievaltown-Windmill-with-1824-pieces-1-768x768.jpg 768w, https:\/\/mouldking.store\/wp-content\/uploads\/2021\/11\/URGE-50103-Medievaltown-Windmill-with-1824-pieces-1-600x600.jpg 600w, https:\/\/mouldking.store\/wp-content\/uploads\/2021\/11\/URGE-50103-Medievaltown-Windmill-with-1824-pieces-1-150x150.jpg 150w\" sizes=\"(max-width: 800px) 100vw, 800px\" \/><figcaption id=\"caption-attachment-27756\" class=\"wp-caption-text\">URGE 50103 C\u1ed1i xay gi\u00f3 Medievaltown v\u1edbi 1824 chi ti\u1ebft<\/figcaption><\/figure>\n<figure id=\"attachment_27757\" aria-describedby=\"caption-attachment-27757\" style=\"width: 620px\" class=\"wp-caption aligncenter\"><img loading=\"lazy\" decoding=\"async\" class=\"wp-image-27757 size-full\" src=\"https:\/\/mouldking.store\/wp-content\/uploads\/2021\/11\/URGE-50103-Medievaltown-Windmill-with-1824-pieces-2.jpg\" alt=\"URGE 50103 Medievaltown Windmill with 1824 pieces\" width=\"620\" height=\"593\" title=\"-\" srcset=\"https:\/\/mouldking.store\/wp-content\/uploads\/2021\/11\/URGE-50103-Medievaltown-Windmill-with-1824-pieces-2.jpg 620w, https:\/\/mouldking.store\/wp-content\/uploads\/2021\/11\/URGE-50103-Medievaltown-Windmill-with-1824-pieces-2-300x287.jpg 300w, https:\/\/mouldking.store\/wp-content\/uploads\/2021\/11\/URGE-50103-Medievaltown-Windmill-with-1824-pieces-2-600x574.jpg 600w, https:\/\/mouldking.store\/wp-content\/uploads\/2021\/11\/URGE-50103-Medievaltown-Windmill-with-1824-pieces-2-150x143.jpg 150w\" sizes=\"(max-width: 620px) 100vw, 620px\" \/><figcaption id=\"caption-attachment-27757\" class=\"wp-caption-text\">URGE 50103 C\u1ed1i xay gi\u00f3 Medievaltown v\u1edbi 1824 chi ti\u1ebft<\/figcaption><\/figure>","protected":false},"excerpt":{"rendered":"<p>Product information: Brand: URGE Gender: Unisex Name: Medievaltown Windmill Age Range: &gt; 6 years old Model Number: 50103 Classification: Assemblage Plastic Block Shape: Self-Locking Bricks Material: Plastic Plastic Type: ABS Bricks Blocks: 1824 PCS Contains detailed assembly instructions. Notice: 1. Without an original box, but we guarantee our products have quality assurance and nice packaging. [&hellip;]<\/p>","protected":false},"featured_media":27756,"comment_status":"open","ping_status":"closed","template":"","meta":{"_acf_changed":false},"product_cat":[390],"product_tag":[3768,3772,2763,3770,1912,3769,3767,3766,3771,3773],"class_list":["product","first","instock","shipping-taxable","purchasable","product-type-simple"],"acf":[],"_links":{"self":[{"href":"https:\/\/mouldking.store\/vi\/wp-json\/wp\/v2\/product\/27754","targetHints":{"allow":["GET"]}}],"collection":[{"href":"https:\/\/mouldking.store\/vi\/wp-json\/wp\/v2\/product"}],"about":[{"href":"https:\/\/mouldking.store\/vi\/wp-json\/wp\/v2\/types\/product"}],"replies":[{"embeddable":true,"href":"https:\/\/mouldking.store\/vi\/wp-json\/wp\/v2\/comments?post=27754"}],"wp:featuredmedia":[{"embeddable":true,"href":"https:\/\/mouldking.store\/vi\/wp-json\/wp\/v2\/media\/27756"}],"wp:attachment":[{"href":"https:\/\/mouldking.store\/vi\/wp-json\/wp\/v2\/media?parent=27754"}],"wp:term":[{"taxonomy":"product_cat","embeddable":true,"href":"https:\/\/mouldking.store\/vi\/wp-json\/wp\/v2\/product_cat?post=27754"},{"taxonomy":"product_tag","embeddable":true,"href":"https:\/\/mouldking.store\/vi\/wp-json\/wp\/v2\/product_tag?post=27754"}],"curies":[{"name":"wp","href":"https:\/\/api.w.org\/{rel}","templated":true}]}}