{"id":27798,"date":"2021-11-24T12:32:08","date_gmt":"2021-11-24T12:32:08","guid":{"rendered":"https:\/\/mouldking.store\/?post_type=product&#038;p=27798"},"modified":"2021-12-23T09:40:31","modified_gmt":"2021-12-23T09:40:31","slug":"xinyu-yc-qc-013-container-with-3565-pieces","status":"publish","type":"product","link":"https:\/\/mouldking.store\/vi\/shop\/xinyu-yc-qc-013-container-with-3565-pieces\/","title":{"rendered":"XINYU YC-QC 013 Container c\u00f3 3565 chi ti\u1ebft"},"content":{"rendered":"<p>Th\u00f4ng tin s\u1ea3n ph\u1ea9m:<\/p>\n<ol>\n<li>Brand: XINYU<\/li>\n<li>Gi\u1edbi t\u00ednh: Unisex<\/li>\n<li>Name: Container<\/li>\n<li>\u0110\u1ed9 tu\u1ed5i: &gt; 6 tu\u1ed5i<\/li>\n<li>Model Number: YC-QC 013<\/li>\n<li>Ph\u00e2n lo\u1ea1i: T\u1eadp h\u1ee3p<\/li>\n<li>H\u00ecnh d\u1ea1ng kh\u1ed1i nh\u1ef1a: G\u1ea1ch t\u1ef1 kh\u00f3a<\/li>\n<li>Ch\u1ea5t li\u1ec7u: Nh\u1ef1a<\/li>\n<li>Lo\u1ea1i nh\u1ef1a: ABS<\/li>\n<li>Bricks Blocks: 3565 PCS<\/li>\n<li>Ch\u1ee9a h\u01b0\u1edbng d\u1eabn l\u1eafp r\u00e1p chi ti\u1ebft.<\/li>\n<\/ol>\n<p>\u0110\u1ec3 \u00fd:<br \/>\n1. Kh\u00f4ng c\u00f3 h\u1ed9p ban \u0111\u1ea7u, nh\u01b0ng ch\u00fang t\u00f4i \u0111\u1ea3m b\u1ea3o s\u1ea3n ph\u1ea9m c\u1ee7a ch\u00fang t\u00f4i c\u00f3 ch\u1ea5t l\u01b0\u1ee3ng \u0111\u1ea3m b\u1ea3o v\u00e0 bao b\u00ec \u0111\u1eb9p.<br \/>\n2. V\u00ec t\u1ea5t c\u1ea3 c\u00e1c b\u1ed9 ph\u1eadn ch\u00fang t\u00f4i \u0111\u00e3 ki\u1ec3m tra tr\u01b0\u1edbc khi v\u1eadn chuy\u1ec3n, v\u00ec v\u1eady n\u1ebfu b\u1ea1n th\u1ea5y m\u1ed9t s\u1ed1 b\u1ed9 ph\u1eadn b\u1ecb thi\u1ebfu ho\u1eb7c h\u01b0 h\u1ecfng, \u0111\u1eebng lo l\u1eafng v\u00e0 ch\u1ec9 c\u1ea7n vui l\u00f2ng li\u00ean h\u1ec7 v\u1edbi ch\u00fang t\u00f4i v\u00e0 ch\u00fang t\u00f4i c\u00f3 th\u1ec3 g\u1eedi l\u1ea1i mi\u1ec5n ph\u00ed cho b\u1ea1n ngay l\u1eadp t\u1ee9c.<\/p>\n<p>&nbsp;<\/p>\n<figure id=\"attachment_27799\" aria-describedby=\"caption-attachment-27799\" style=\"width: 800px\" class=\"wp-caption aligncenter\"><img fetchpriority=\"high\" decoding=\"async\" class=\"wp-image-27799 size-full\" src=\"https:\/\/mouldking.store\/wp-content\/uploads\/2021\/11\/TECHNICIAN-XINYU-YC-QC-013-Container-5.jpg\" alt=\"XINYU YC-QC 013 Container with 3565 pieces\" width=\"800\" height=\"800\" title=\"-\" srcset=\"https:\/\/mouldking.store\/wp-content\/uploads\/2021\/11\/TECHNICIAN-XINYU-YC-QC-013-Container-5.jpg 800w, https:\/\/mouldking.store\/wp-content\/uploads\/2021\/11\/TECHNICIAN-XINYU-YC-QC-013-Container-5-300x300.jpg 300w, https:\/\/mouldking.store\/wp-content\/uploads\/2021\/11\/TECHNICIAN-XINYU-YC-QC-013-Container-5-768x768.jpg 768w, https:\/\/mouldking.store\/wp-content\/uploads\/2021\/11\/TECHNICIAN-XINYU-YC-QC-013-Container-5-600x600.jpg 600w, https:\/\/mouldking.store\/wp-content\/uploads\/2021\/11\/TECHNICIAN-XINYU-YC-QC-013-Container-5-150x150.jpg 150w\" sizes=\"(max-width: 800px) 100vw, 800px\" \/><figcaption id=\"caption-attachment-27799\" class=\"wp-caption-text\">XINYU YC-QC 013 Container c\u00f3 3565 chi ti\u1ebft<\/figcaption><\/figure>\n<figure id=\"attachment_27801\" aria-describedby=\"caption-attachment-27801\" style=\"width: 790px\" class=\"wp-caption aligncenter\"><img decoding=\"async\" class=\"wp-image-27801 size-full\" src=\"https:\/\/mouldking.store\/wp-content\/uploads\/2021\/11\/TECHNICIAN-XINYU-YC-QC-013-Container-7.jpg\" alt=\"XINYU YC-QC 013 Container with 3565 pieces\" width=\"790\" height=\"792\" title=\"-\" srcset=\"https:\/\/mouldking.store\/wp-content\/uploads\/2021\/11\/TECHNICIAN-XINYU-YC-QC-013-Container-7.jpg 790w, https:\/\/mouldking.store\/wp-content\/uploads\/2021\/11\/TECHNICIAN-XINYU-YC-QC-013-Container-7-300x301.jpg 300w, https:\/\/mouldking.store\/wp-content\/uploads\/2021\/11\/TECHNICIAN-XINYU-YC-QC-013-Container-7-768x770.jpg 768w, https:\/\/mouldking.store\/wp-content\/uploads\/2021\/11\/TECHNICIAN-XINYU-YC-QC-013-Container-7-600x602.jpg 600w, https:\/\/mouldking.store\/wp-content\/uploads\/2021\/11\/TECHNICIAN-XINYU-YC-QC-013-Container-7-150x150.jpg 150w\" sizes=\"(max-width: 790px) 100vw, 790px\" \/><figcaption id=\"caption-attachment-27801\" class=\"wp-caption-text\">XINYU YC-QC 013 Container c\u00f3 3565 chi ti\u1ebft<\/figcaption><\/figure>\n<figure id=\"attachment_27803\" aria-describedby=\"caption-attachment-27803\" style=\"width: 790px\" class=\"wp-caption aligncenter\"><img decoding=\"async\" class=\"wp-image-27803 size-full\" src=\"https:\/\/mouldking.store\/wp-content\/uploads\/2021\/11\/TECHNICIAN-XINYU-YC-QC-013-Container-9.jpg\" alt=\"XINYU YC-QC 013 Container with 3565 pieces\" width=\"790\" height=\"982\" title=\"-\" srcset=\"https:\/\/mouldking.store\/wp-content\/uploads\/2021\/11\/TECHNICIAN-XINYU-YC-QC-013-Container-9.jpg 790w, https:\/\/mouldking.store\/wp-content\/uploads\/2021\/11\/TECHNICIAN-XINYU-YC-QC-013-Container-9-241x300.jpg 241w, https:\/\/mouldking.store\/wp-content\/uploads\/2021\/11\/TECHNICIAN-XINYU-YC-QC-013-Container-9-768x955.jpg 768w, https:\/\/mouldking.store\/wp-content\/uploads\/2021\/11\/TECHNICIAN-XINYU-YC-QC-013-Container-9-300x373.jpg 300w, https:\/\/mouldking.store\/wp-content\/uploads\/2021\/11\/TECHNICIAN-XINYU-YC-QC-013-Container-9-600x746.jpg 600w, https:\/\/mouldking.store\/wp-content\/uploads\/2021\/11\/TECHNICIAN-XINYU-YC-QC-013-Container-9-121x150.jpg 121w\" sizes=\"(max-width: 790px) 100vw, 790px\" \/><figcaption id=\"caption-attachment-27803\" class=\"wp-caption-text\">XINYU YC-QC 013 Container c\u00f3 3565 chi ti\u1ebft<\/figcaption><\/figure>\n<figure id=\"attachment_27806\" aria-describedby=\"caption-attachment-27806\" style=\"width: 800px\" class=\"wp-caption aligncenter\"><img loading=\"lazy\" decoding=\"async\" class=\"wp-image-27806 size-full\" src=\"https:\/\/mouldking.store\/wp-content\/uploads\/2021\/11\/TECHNICIAN-XINYU-YC-QC-013-Container-3.jpg\" alt=\"XINYU YC-QC 013 Container with 3565 pieces\" width=\"800\" height=\"800\" title=\"-\" srcset=\"https:\/\/mouldking.store\/wp-content\/uploads\/2021\/11\/TECHNICIAN-XINYU-YC-QC-013-Container-3.jpg 800w, https:\/\/mouldking.store\/wp-content\/uploads\/2021\/11\/TECHNICIAN-XINYU-YC-QC-013-Container-3-300x300.jpg 300w, https:\/\/mouldking.store\/wp-content\/uploads\/2021\/11\/TECHNICIAN-XINYU-YC-QC-013-Container-3-768x768.jpg 768w, https:\/\/mouldking.store\/wp-content\/uploads\/2021\/11\/TECHNICIAN-XINYU-YC-QC-013-Container-3-600x600.jpg 600w, https:\/\/mouldking.store\/wp-content\/uploads\/2021\/11\/TECHNICIAN-XINYU-YC-QC-013-Container-3-150x150.jpg 150w\" sizes=\"(max-width: 800px) 100vw, 800px\" \/><figcaption id=\"caption-attachment-27806\" class=\"wp-caption-text\">XINYU YC-QC 013 Container c\u00f3 3565 chi ti\u1ebft<\/figcaption><\/figure>\n<figure id=\"attachment_27807\" aria-describedby=\"caption-attachment-27807\" style=\"width: 800px\" class=\"wp-caption aligncenter\"><img loading=\"lazy\" decoding=\"async\" class=\"wp-image-27807 size-full\" src=\"https:\/\/mouldking.store\/wp-content\/uploads\/2021\/11\/TECHNICIAN-XINYU-YC-QC-013-Container-4.jpg\" alt=\"XINYU YC-QC 013 Container with 3565 pieces\" width=\"800\" height=\"800\" title=\"-\" srcset=\"https:\/\/mouldking.store\/wp-content\/uploads\/2021\/11\/TECHNICIAN-XINYU-YC-QC-013-Container-4.jpg 800w, https:\/\/mouldking.store\/wp-content\/uploads\/2021\/11\/TECHNICIAN-XINYU-YC-QC-013-Container-4-300x300.jpg 300w, https:\/\/mouldking.store\/wp-content\/uploads\/2021\/11\/TECHNICIAN-XINYU-YC-QC-013-Container-4-768x768.jpg 768w, https:\/\/mouldking.store\/wp-content\/uploads\/2021\/11\/TECHNICIAN-XINYU-YC-QC-013-Container-4-600x600.jpg 600w, https:\/\/mouldking.store\/wp-content\/uploads\/2021\/11\/TECHNICIAN-XINYU-YC-QC-013-Container-4-150x150.jpg 150w\" sizes=\"(max-width: 800px) 100vw, 800px\" \/><figcaption id=\"caption-attachment-27807\" class=\"wp-caption-text\">XINYU YC-QC 013 Container c\u00f3 3565 chi ti\u1ebft<\/figcaption><\/figure>\n<figure id=\"attachment_27804\" aria-describedby=\"caption-attachment-27804\" style=\"width: 754px\" class=\"wp-caption aligncenter\"><img loading=\"lazy\" decoding=\"async\" class=\"wp-image-27804 size-full\" src=\"https:\/\/mouldking.store\/wp-content\/uploads\/2021\/11\/TECHNICIAN-XINYU-YC-QC-013-Container-1.jpg\" alt=\"XINYU YC-QC 013 Container with 3565 pieces\" width=\"754\" height=\"1024\" title=\"-\" srcset=\"https:\/\/mouldking.store\/wp-content\/uploads\/2021\/11\/TECHNICIAN-XINYU-YC-QC-013-Container-1.jpg 754w, https:\/\/mouldking.store\/wp-content\/uploads\/2021\/11\/TECHNICIAN-XINYU-YC-QC-013-Container-1-221x300.jpg 221w, https:\/\/mouldking.store\/wp-content\/uploads\/2021\/11\/TECHNICIAN-XINYU-YC-QC-013-Container-1-300x407.jpg 300w, https:\/\/mouldking.store\/wp-content\/uploads\/2021\/11\/TECHNICIAN-XINYU-YC-QC-013-Container-1-600x815.jpg 600w, https:\/\/mouldking.store\/wp-content\/uploads\/2021\/11\/TECHNICIAN-XINYU-YC-QC-013-Container-1-110x150.jpg 110w\" sizes=\"(max-width: 754px) 100vw, 754px\" \/><figcaption id=\"caption-attachment-27804\" class=\"wp-caption-text\">XINYU YC-QC 013 Container c\u00f3 3565 chi ti\u1ebft<\/figcaption><\/figure>\n<figure id=\"attachment_27805\" aria-describedby=\"caption-attachment-27805\" style=\"width: 790px\" class=\"wp-caption aligncenter\"><img loading=\"lazy\" decoding=\"async\" class=\"wp-image-27805 size-full\" src=\"https:\/\/mouldking.store\/wp-content\/uploads\/2021\/11\/TECHNICIAN-XINYU-YC-QC-013-Container-2.jpg\" alt=\"XINYU YC-QC 013 Container with 3565 pieces\" width=\"790\" height=\"644\" title=\"-\" srcset=\"https:\/\/mouldking.store\/wp-content\/uploads\/2021\/11\/TECHNICIAN-XINYU-YC-QC-013-Container-2.jpg 790w, https:\/\/mouldking.store\/wp-content\/uploads\/2021\/11\/TECHNICIAN-XINYU-YC-QC-013-Container-2-300x245.jpg 300w, https:\/\/mouldking.store\/wp-content\/uploads\/2021\/11\/TECHNICIAN-XINYU-YC-QC-013-Container-2-768x626.jpg 768w, https:\/\/mouldking.store\/wp-content\/uploads\/2021\/11\/TECHNICIAN-XINYU-YC-QC-013-Container-2-600x489.jpg 600w, https:\/\/mouldking.store\/wp-content\/uploads\/2021\/11\/TECHNICIAN-XINYU-YC-QC-013-Container-2-150x122.jpg 150w\" sizes=\"(max-width: 790px) 100vw, 790px\" \/><figcaption id=\"caption-attachment-27805\" class=\"wp-caption-text\">XINYU YC-QC 013 Container c\u00f3 3565 chi ti\u1ebft<\/figcaption><\/figure>\n<figure id=\"attachment_27802\" aria-describedby=\"caption-attachment-27802\" style=\"width: 790px\" class=\"wp-caption aligncenter\"><img loading=\"lazy\" decoding=\"async\" class=\"wp-image-27802 size-full\" src=\"https:\/\/mouldking.store\/wp-content\/uploads\/2021\/11\/TECHNICIAN-XINYU-YC-QC-013-Container-8.jpg\" alt=\"XINYU YC-QC 013 Container with 3565 pieces\" width=\"790\" height=\"370\" title=\"-\" srcset=\"https:\/\/mouldking.store\/wp-content\/uploads\/2021\/11\/TECHNICIAN-XINYU-YC-QC-013-Container-8.jpg 790w, https:\/\/mouldking.store\/wp-content\/uploads\/2021\/11\/TECHNICIAN-XINYU-YC-QC-013-Container-8-300x141.jpg 300w, https:\/\/mouldking.store\/wp-content\/uploads\/2021\/11\/TECHNICIAN-XINYU-YC-QC-013-Container-8-768x360.jpg 768w, https:\/\/mouldking.store\/wp-content\/uploads\/2021\/11\/TECHNICIAN-XINYU-YC-QC-013-Container-8-600x281.jpg 600w, https:\/\/mouldking.store\/wp-content\/uploads\/2021\/11\/TECHNICIAN-XINYU-YC-QC-013-Container-8-150x70.jpg 150w\" sizes=\"(max-width: 790px) 100vw, 790px\" \/><figcaption id=\"caption-attachment-27802\" class=\"wp-caption-text\">XINYU YC-QC 013 Container c\u00f3 3565 chi ti\u1ebft<\/figcaption><\/figure>\n<figure id=\"attachment_27800\" aria-describedby=\"caption-attachment-27800\" style=\"width: 790px\" class=\"wp-caption aligncenter\"><img loading=\"lazy\" decoding=\"async\" class=\"wp-image-27800 size-full\" src=\"https:\/\/mouldking.store\/wp-content\/uploads\/2021\/11\/TECHNICIAN-XINYU-YC-QC-013-Container-6.jpg\" alt=\"XINYU YC-QC 013 Container with 3565 pieces\" width=\"790\" height=\"664\" title=\"-\" srcset=\"https:\/\/mouldking.store\/wp-content\/uploads\/2021\/11\/TECHNICIAN-XINYU-YC-QC-013-Container-6.jpg 790w, https:\/\/mouldking.store\/wp-content\/uploads\/2021\/11\/TECHNICIAN-XINYU-YC-QC-013-Container-6-300x252.jpg 300w, https:\/\/mouldking.store\/wp-content\/uploads\/2021\/11\/TECHNICIAN-XINYU-YC-QC-013-Container-6-768x646.jpg 768w, https:\/\/mouldking.store\/wp-content\/uploads\/2021\/11\/TECHNICIAN-XINYU-YC-QC-013-Container-6-600x504.jpg 600w, https:\/\/mouldking.store\/wp-content\/uploads\/2021\/11\/TECHNICIAN-XINYU-YC-QC-013-Container-6-150x126.jpg 150w\" sizes=\"(max-width: 790px) 100vw, 790px\" \/><figcaption id=\"caption-attachment-27800\" class=\"wp-caption-text\">XINYU YC-QC 013 Container c\u00f3 3565 chi ti\u1ebft<\/figcaption><\/figure>\n<p>&nbsp;<\/p>","protected":false},"excerpt":{"rendered":"<p>Product information: Brand: XINYU Gender: Unisex Name: Container Age Range: &gt; 6 years old Model Number: YC-QC 013 Classification: Assemblage Plastic Block Shape: Self-Locking Bricks Material: Plastic Plastic Type: ABS Bricks Blocks: 3565 PCS Contains detailed assembly instructions. Notice: 1. Without an original box, but we guarantee our products have quality assurance and nice packaging. [&hellip;]<\/p>","protected":false},"featured_media":27799,"comment_status":"open","ping_status":"closed","template":"","meta":{"_acf_changed":false},"product_cat":[364],"product_tag":[3786,1841,2209,3787,3785,3784,3788],"class_list":["product","first","instock","shipping-taxable","purchasable","product-type-simple"],"acf":[],"_links":{"self":[{"href":"https:\/\/mouldking.store\/vi\/wp-json\/wp\/v2\/product\/27798","targetHints":{"allow":["GET"]}}],"collection":[{"href":"https:\/\/mouldking.store\/vi\/wp-json\/wp\/v2\/product"}],"about":[{"href":"https:\/\/mouldking.store\/vi\/wp-json\/wp\/v2\/types\/product"}],"replies":[{"embeddable":true,"href":"https:\/\/mouldking.store\/vi\/wp-json\/wp\/v2\/comments?post=27798"}],"wp:featuredmedia":[{"embeddable":true,"href":"https:\/\/mouldking.store\/vi\/wp-json\/wp\/v2\/media\/27799"}],"wp:attachment":[{"href":"https:\/\/mouldking.store\/vi\/wp-json\/wp\/v2\/media?parent=27798"}],"wp:term":[{"taxonomy":"product_cat","embeddable":true,"href":"https:\/\/mouldking.store\/vi\/wp-json\/wp\/v2\/product_cat?post=27798"},{"taxonomy":"product_tag","embeddable":true,"href":"https:\/\/mouldking.store\/vi\/wp-json\/wp\/v2\/product_tag?post=27798"}],"curies":[{"name":"wp","href":"https:\/\/api.w.org\/{rel}","templated":true}]}}