{"id":27845,"date":"2021-11-24T13:13:07","date_gmt":"2021-11-24T13:13:07","guid":{"rendered":"https:\/\/mouldking.store\/?post_type=product&#038;p=27845"},"modified":"2021-12-23T09:40:33","modified_gmt":"2021-12-23T09:40:33","slug":"kazi-ky82042-82047-wwii-tanks","status":"publish","type":"product","link":"https:\/\/mouldking.store\/vi\/shop\/kazi-ky82042-82047-wwii-tanks\/","title":{"rendered":"Xe t\u0103ng Th\u1ebf chi\u1ebfn th\u1ee9 hai KAZI KY82042-82047"},"content":{"rendered":"<p>Th\u00f4ng tin s\u1ea3n ph\u1ea9m:<\/p>\n<ol>\n<li>Th\u01b0\u01a1ng hi\u1ec7u: KAZI<\/li>\n<li>Gi\u1edbi t\u00ednh: Unisex<\/li>\n<li>Name: WWII Tanks<\/li>\n<li>\u0110\u1ed9 tu\u1ed5i: &gt; 6 tu\u1ed5i<\/li>\n<li>Model Number: KY82042-82047<\/li>\n<li>Ph\u00e2n lo\u1ea1i: T\u1eadp h\u1ee3p<\/li>\n<li>H\u00ecnh d\u1ea1ng kh\u1ed1i nh\u1ef1a: G\u1ea1ch t\u1ef1 kh\u00f3a<\/li>\n<li>Ch\u1ea5t li\u1ec7u: Nh\u1ef1a<\/li>\n<li>Lo\u1ea1i nh\u1ef1a: ABS<\/li>\n<li>Ch\u1ee9a h\u01b0\u1edbng d\u1eabn l\u1eafp r\u00e1p chi ti\u1ebft.<\/li>\n<\/ol>\n<p>\u0110\u1ec3 \u00fd:<br \/>\n1. Kh\u00f4ng c\u00f3 h\u1ed9p ban \u0111\u1ea7u, nh\u01b0ng ch\u00fang t\u00f4i \u0111\u1ea3m b\u1ea3o s\u1ea3n ph\u1ea9m c\u1ee7a ch\u00fang t\u00f4i c\u00f3 ch\u1ea5t l\u01b0\u1ee3ng \u0111\u1ea3m b\u1ea3o v\u00e0 bao b\u00ec \u0111\u1eb9p.<br \/>\n2. V\u00ec t\u1ea5t c\u1ea3 c\u00e1c b\u1ed9 ph\u1eadn ch\u00fang t\u00f4i \u0111\u00e3 ki\u1ec3m tra tr\u01b0\u1edbc khi v\u1eadn chuy\u1ec3n, v\u00ec v\u1eady n\u1ebfu b\u1ea1n th\u1ea5y m\u1ed9t s\u1ed1 b\u1ed9 ph\u1eadn b\u1ecb thi\u1ebfu ho\u1eb7c h\u01b0 h\u1ecfng, \u0111\u1eebng lo l\u1eafng v\u00e0 ch\u1ec9 c\u1ea7n vui l\u00f2ng li\u00ean h\u1ec7 v\u1edbi ch\u00fang t\u00f4i v\u00e0 ch\u00fang t\u00f4i c\u00f3 th\u1ec3 g\u1eedi l\u1ea1i mi\u1ec5n ph\u00ed cho b\u1ea1n ngay l\u1eadp t\u1ee9c.<\/p>\n<figure id=\"attachment_27846\" aria-describedby=\"caption-attachment-27846\" style=\"width: 800px\" class=\"wp-caption aligncenter\"><img fetchpriority=\"high\" decoding=\"async\" class=\"wp-image-27846 size-full\" src=\"https:\/\/mouldking.store\/wp-content\/uploads\/2021\/11\/MILITARY-KAZI-KY82042-82047-WWII-Tanks-2.jpg\" alt=\"KAZI KY82042-82047 WWII Tanks\" width=\"800\" height=\"800\" title=\"-\" srcset=\"https:\/\/mouldking.store\/wp-content\/uploads\/2021\/11\/MILITARY-KAZI-KY82042-82047-WWII-Tanks-2.jpg 800w, https:\/\/mouldking.store\/wp-content\/uploads\/2021\/11\/MILITARY-KAZI-KY82042-82047-WWII-Tanks-2-300x300.jpg 300w, https:\/\/mouldking.store\/wp-content\/uploads\/2021\/11\/MILITARY-KAZI-KY82042-82047-WWII-Tanks-2-768x768.jpg 768w, https:\/\/mouldking.store\/wp-content\/uploads\/2021\/11\/MILITARY-KAZI-KY82042-82047-WWII-Tanks-2-600x600.jpg 600w, https:\/\/mouldking.store\/wp-content\/uploads\/2021\/11\/MILITARY-KAZI-KY82042-82047-WWII-Tanks-2-150x150.jpg 150w\" sizes=\"(max-width: 800px) 100vw, 800px\" \/><figcaption id=\"caption-attachment-27846\" class=\"wp-caption-text\">Xe t\u0103ng Th\u1ebf chi\u1ebfn th\u1ee9 hai KAZI KY82042-82047<\/figcaption><\/figure>\n<figure id=\"attachment_27847\" aria-describedby=\"caption-attachment-27847\" style=\"width: 800px\" class=\"wp-caption aligncenter\"><img decoding=\"async\" class=\"wp-image-27847 size-full\" src=\"https:\/\/mouldking.store\/wp-content\/uploads\/2021\/11\/MILITARY-KAZI-KY82042-82047-WWII-Tanks-3.jpg\" alt=\"KAZI KY82042-82047 WWII Tanks\" width=\"800\" height=\"800\" title=\"-\" srcset=\"https:\/\/mouldking.store\/wp-content\/uploads\/2021\/11\/MILITARY-KAZI-KY82042-82047-WWII-Tanks-3.jpg 800w, https:\/\/mouldking.store\/wp-content\/uploads\/2021\/11\/MILITARY-KAZI-KY82042-82047-WWII-Tanks-3-300x300.jpg 300w, https:\/\/mouldking.store\/wp-content\/uploads\/2021\/11\/MILITARY-KAZI-KY82042-82047-WWII-Tanks-3-768x768.jpg 768w, https:\/\/mouldking.store\/wp-content\/uploads\/2021\/11\/MILITARY-KAZI-KY82042-82047-WWII-Tanks-3-600x600.jpg 600w, https:\/\/mouldking.store\/wp-content\/uploads\/2021\/11\/MILITARY-KAZI-KY82042-82047-WWII-Tanks-3-150x150.jpg 150w\" sizes=\"(max-width: 800px) 100vw, 800px\" \/><figcaption id=\"caption-attachment-27847\" class=\"wp-caption-text\">Xe t\u0103ng Th\u1ebf chi\u1ebfn th\u1ee9 hai KAZI KY82042-82047<\/figcaption><\/figure>\n<figure id=\"attachment_27848\" aria-describedby=\"caption-attachment-27848\" style=\"width: 800px\" class=\"wp-caption aligncenter\"><img decoding=\"async\" class=\"wp-image-27848 size-full\" src=\"https:\/\/mouldking.store\/wp-content\/uploads\/2021\/11\/MILITARY-KAZI-KY82042-82047-WWII-Tanks-4.jpg\" alt=\"KAZI KY82042-82047 WWII Tanks\" width=\"800\" height=\"800\" title=\"-\" srcset=\"https:\/\/mouldking.store\/wp-content\/uploads\/2021\/11\/MILITARY-KAZI-KY82042-82047-WWII-Tanks-4.jpg 800w, https:\/\/mouldking.store\/wp-content\/uploads\/2021\/11\/MILITARY-KAZI-KY82042-82047-WWII-Tanks-4-300x300.jpg 300w, https:\/\/mouldking.store\/wp-content\/uploads\/2021\/11\/MILITARY-KAZI-KY82042-82047-WWII-Tanks-4-768x768.jpg 768w, https:\/\/mouldking.store\/wp-content\/uploads\/2021\/11\/MILITARY-KAZI-KY82042-82047-WWII-Tanks-4-600x600.jpg 600w, https:\/\/mouldking.store\/wp-content\/uploads\/2021\/11\/MILITARY-KAZI-KY82042-82047-WWII-Tanks-4-150x150.jpg 150w\" sizes=\"(max-width: 800px) 100vw, 800px\" \/><figcaption id=\"caption-attachment-27848\" class=\"wp-caption-text\">Xe t\u0103ng Th\u1ebf chi\u1ebfn th\u1ee9 hai KAZI KY82042-82047<\/figcaption><\/figure>\n<figure id=\"attachment_27849\" aria-describedby=\"caption-attachment-27849\" style=\"width: 800px\" class=\"wp-caption aligncenter\"><img loading=\"lazy\" decoding=\"async\" class=\"wp-image-27849 size-full\" src=\"https:\/\/mouldking.store\/wp-content\/uploads\/2021\/11\/MILITARY-KAZI-KY82042-82047-WWII-Tanks-5.jpg\" alt=\"KAZI KY82042-82047 WWII Tanks\" width=\"800\" height=\"800\" title=\"-\" srcset=\"https:\/\/mouldking.store\/wp-content\/uploads\/2021\/11\/MILITARY-KAZI-KY82042-82047-WWII-Tanks-5.jpg 800w, https:\/\/mouldking.store\/wp-content\/uploads\/2021\/11\/MILITARY-KAZI-KY82042-82047-WWII-Tanks-5-300x300.jpg 300w, https:\/\/mouldking.store\/wp-content\/uploads\/2021\/11\/MILITARY-KAZI-KY82042-82047-WWII-Tanks-5-768x768.jpg 768w, https:\/\/mouldking.store\/wp-content\/uploads\/2021\/11\/MILITARY-KAZI-KY82042-82047-WWII-Tanks-5-600x600.jpg 600w, https:\/\/mouldking.store\/wp-content\/uploads\/2021\/11\/MILITARY-KAZI-KY82042-82047-WWII-Tanks-5-150x150.jpg 150w\" sizes=\"(max-width: 800px) 100vw, 800px\" \/><figcaption id=\"caption-attachment-27849\" class=\"wp-caption-text\">Xe t\u0103ng Th\u1ebf chi\u1ebfn th\u1ee9 hai KAZI KY82042-82047<\/figcaption><\/figure>\n<figure id=\"attachment_27850\" aria-describedby=\"caption-attachment-27850\" style=\"width: 800px\" class=\"wp-caption aligncenter\"><img loading=\"lazy\" decoding=\"async\" class=\"wp-image-27850 size-full\" src=\"https:\/\/mouldking.store\/wp-content\/uploads\/2021\/11\/MILITARY-KAZI-KY82042-82047-WWII-Tanks-6.jpg\" alt=\"KAZI KY82042-82047 WWII Tanks\" width=\"800\" height=\"800\" title=\"-\" srcset=\"https:\/\/mouldking.store\/wp-content\/uploads\/2021\/11\/MILITARY-KAZI-KY82042-82047-WWII-Tanks-6.jpg 800w, https:\/\/mouldking.store\/wp-content\/uploads\/2021\/11\/MILITARY-KAZI-KY82042-82047-WWII-Tanks-6-300x300.jpg 300w, https:\/\/mouldking.store\/wp-content\/uploads\/2021\/11\/MILITARY-KAZI-KY82042-82047-WWII-Tanks-6-768x768.jpg 768w, https:\/\/mouldking.store\/wp-content\/uploads\/2021\/11\/MILITARY-KAZI-KY82042-82047-WWII-Tanks-6-600x600.jpg 600w, https:\/\/mouldking.store\/wp-content\/uploads\/2021\/11\/MILITARY-KAZI-KY82042-82047-WWII-Tanks-6-150x150.jpg 150w\" sizes=\"(max-width: 800px) 100vw, 800px\" \/><figcaption id=\"caption-attachment-27850\" class=\"wp-caption-text\">Xe t\u0103ng Th\u1ebf chi\u1ebfn th\u1ee9 hai KAZI KY82042-82047<\/figcaption><\/figure>\n<figure id=\"attachment_27851\" aria-describedby=\"caption-attachment-27851\" style=\"width: 800px\" class=\"wp-caption aligncenter\"><img loading=\"lazy\" decoding=\"async\" class=\"wp-image-27851 size-full\" src=\"https:\/\/mouldking.store\/wp-content\/uploads\/2021\/11\/MILITARY-KAZI-KY82042-82047-WWII-Tanks-7.jpg\" alt=\"KAZI KY82042-82047 WWII Tanks\" width=\"800\" height=\"800\" title=\"-\" srcset=\"https:\/\/mouldking.store\/wp-content\/uploads\/2021\/11\/MILITARY-KAZI-KY82042-82047-WWII-Tanks-7.jpg 800w, https:\/\/mouldking.store\/wp-content\/uploads\/2021\/11\/MILITARY-KAZI-KY82042-82047-WWII-Tanks-7-300x300.jpg 300w, https:\/\/mouldking.store\/wp-content\/uploads\/2021\/11\/MILITARY-KAZI-KY82042-82047-WWII-Tanks-7-768x768.jpg 768w, https:\/\/mouldking.store\/wp-content\/uploads\/2021\/11\/MILITARY-KAZI-KY82042-82047-WWII-Tanks-7-600x600.jpg 600w, https:\/\/mouldking.store\/wp-content\/uploads\/2021\/11\/MILITARY-KAZI-KY82042-82047-WWII-Tanks-7-150x150.jpg 150w\" sizes=\"(max-width: 800px) 100vw, 800px\" \/><figcaption id=\"caption-attachment-27851\" class=\"wp-caption-text\">Xe t\u0103ng Th\u1ebf chi\u1ebfn th\u1ee9 hai KAZI KY82042-82047<\/figcaption><\/figure>\n<figure id=\"attachment_27852\" aria-describedby=\"caption-attachment-27852\" style=\"width: 800px\" class=\"wp-caption aligncenter\"><img loading=\"lazy\" decoding=\"async\" class=\"wp-image-27852 size-full\" src=\"https:\/\/mouldking.store\/wp-content\/uploads\/2021\/11\/MILITARY-KAZI-KY82042-82047-WWII-Tanks-1.jpg\" alt=\"KAZI KY82042-82047 WWII Tanks\" width=\"800\" height=\"800\" title=\"-\" srcset=\"https:\/\/mouldking.store\/wp-content\/uploads\/2021\/11\/MILITARY-KAZI-KY82042-82047-WWII-Tanks-1.jpg 800w, https:\/\/mouldking.store\/wp-content\/uploads\/2021\/11\/MILITARY-KAZI-KY82042-82047-WWII-Tanks-1-300x300.jpg 300w, https:\/\/mouldking.store\/wp-content\/uploads\/2021\/11\/MILITARY-KAZI-KY82042-82047-WWII-Tanks-1-768x768.jpg 768w, https:\/\/mouldking.store\/wp-content\/uploads\/2021\/11\/MILITARY-KAZI-KY82042-82047-WWII-Tanks-1-600x600.jpg 600w, https:\/\/mouldking.store\/wp-content\/uploads\/2021\/11\/MILITARY-KAZI-KY82042-82047-WWII-Tanks-1-150x150.jpg 150w\" sizes=\"(max-width: 800px) 100vw, 800px\" \/><figcaption id=\"caption-attachment-27852\" class=\"wp-caption-text\">Xe t\u0103ng Th\u1ebf chi\u1ebfn th\u1ee9 hai KAZI KY82042-82047<\/figcaption><\/figure>","protected":false},"excerpt":{"rendered":"<p>Product information: Brand: KAZI Gender: Unisex Name: WWII Tanks Age Range: &gt; 6 years old Model Number: KY82042-82047 Classification: Assemblage Plastic Block Shape: Self-Locking Bricks Material: Plastic Plastic Type: ABS Contains detailed assembly instructions. Notice: 1. Without an original box, but we guarantee our products have quality assurance and nice packaging. 2. As all the [&hellip;]<\/p>","protected":false},"featured_media":27846,"comment_status":"open","ping_status":"closed","template":"","meta":{"_acf_changed":false},"product_cat":[372],"product_tag":[2536,3831,3827,3826,3832,3833,3834,3835,3836,3829,3830,3818,3828],"class_list":["product","first","instock","shipping-taxable","purchasable","product-type-variable"],"acf":[],"_links":{"self":[{"href":"https:\/\/mouldking.store\/vi\/wp-json\/wp\/v2\/product\/27845","targetHints":{"allow":["GET"]}}],"collection":[{"href":"https:\/\/mouldking.store\/vi\/wp-json\/wp\/v2\/product"}],"about":[{"href":"https:\/\/mouldking.store\/vi\/wp-json\/wp\/v2\/types\/product"}],"replies":[{"embeddable":true,"href":"https:\/\/mouldking.store\/vi\/wp-json\/wp\/v2\/comments?post=27845"}],"wp:featuredmedia":[{"embeddable":true,"href":"https:\/\/mouldking.store\/vi\/wp-json\/wp\/v2\/media\/27846"}],"wp:attachment":[{"href":"https:\/\/mouldking.store\/vi\/wp-json\/wp\/v2\/media?parent=27845"}],"wp:term":[{"taxonomy":"product_cat","embeddable":true,"href":"https:\/\/mouldking.store\/vi\/wp-json\/wp\/v2\/product_cat?post=27845"},{"taxonomy":"product_tag","embeddable":true,"href":"https:\/\/mouldking.store\/vi\/wp-json\/wp\/v2\/product_tag?post=27845"}],"curies":[{"name":"wp","href":"https:\/\/api.w.org\/{rel}","templated":true}]}}