{"id":28036,"date":"2021-11-29T10:42:01","date_gmt":"2021-11-29T03:42:01","guid":{"rendered":"https:\/\/mouldking.store\/?post_type=product&#038;p=28036"},"modified":"2025-12-25T09:16:57","modified_gmt":"2025-12-25T02:16:57","slug":"18k-k109-moc-64662-star-warship-explore-the-universe-put-together-space-ship-with-2116-pieces","status":"publish","type":"product","link":"https:\/\/mouldking.store\/vi\/shop\/18k-k109-moc-64662-star-warship-explore-the-universe-put-together-space-ship-with-2116-pieces\/","title":{"rendered":"18K K109 MOC-64662 Star Warship Explore the Universe Put Together Space Ship with 2116 pieces"},"content":{"rendered":"<p>Th\u00f4ng tin s\u1ea3n ph\u1ea9m:<\/p>\n<ol>\n<li>Th\u01b0\u01a1ng hi\u1ec7u: 18K<\/li>\n<li>Gi\u1edbi t\u00ednh: Unisex<\/li>\n<li>T\u00ean: T\u00e0u v\u0169 tr\u1ee5<\/li>\n<li>\u0110\u1ed9 tu\u1ed5i: &gt; 6 tu\u1ed5i<\/li>\n<li>M\u00e3 s\u1ea3n ph\u1ea9m: K109<\/li>\n<li>Ph\u00e2n lo\u1ea1i: T\u1eadp h\u1ee3p<\/li>\n<li>H\u00ecnh d\u1ea1ng kh\u1ed1i nh\u1ef1a: G\u1ea1ch t\u1ef1 kh\u00f3a<\/li>\n<li>Ch\u1ea5t li\u1ec7u: Nh\u1ef1a<\/li>\n<li>Lo\u1ea1i nh\u1ef1a: ABS<\/li>\n<li>Kh\u1ed1i x\u1ebfp h\u00ecnh: 2116 m\u1ea3nh<\/li>\n<li>Ch\u1ee9a h\u01b0\u1edbng d\u1eabn l\u1eafp r\u00e1p chi ti\u1ebft.<\/li>\n<\/ol>\n<p>\u0110\u1ec3 \u00fd:<br \/>\n1. Kh\u00f4ng c\u00f3 h\u1ed9p ban \u0111\u1ea7u, nh\u01b0ng ch\u00fang t\u00f4i \u0111\u1ea3m b\u1ea3o s\u1ea3n ph\u1ea9m c\u1ee7a ch\u00fang t\u00f4i c\u00f3 ch\u1ea5t l\u01b0\u1ee3ng \u0111\u1ea3m b\u1ea3o v\u00e0 bao b\u00ec \u0111\u1eb9p.<br \/>\n2. V\u00ec t\u1ea5t c\u1ea3 c\u00e1c b\u1ed9 ph\u1eadn ch\u00fang t\u00f4i \u0111\u00e3 ki\u1ec3m tra tr\u01b0\u1edbc khi v\u1eadn chuy\u1ec3n, v\u00ec v\u1eady n\u1ebfu b\u1ea1n th\u1ea5y m\u1ed9t s\u1ed1 b\u1ed9 ph\u1eadn b\u1ecb thi\u1ebfu ho\u1eb7c h\u01b0 h\u1ecfng, \u0111\u1eebng lo l\u1eafng v\u00e0 ch\u1ec9 c\u1ea7n vui l\u00f2ng li\u00ean h\u1ec7 v\u1edbi ch\u00fang t\u00f4i v\u00e0 ch\u00fang t\u00f4i c\u00f3 th\u1ec3 g\u1eedi l\u1ea1i mi\u1ec5n ph\u00ed cho b\u1ea1n ngay l\u1eadp t\u1ee9c.<\/p>\n<figure id=\"attachment_28037\" aria-describedby=\"caption-attachment-28037\" style=\"width: 527px\" class=\"wp-caption aligncenter\"><img fetchpriority=\"high\" decoding=\"async\" class=\"wp-image-28037 size-full\" src=\"https:\/\/mouldking.store\/wp-content\/uploads\/2021\/11\/18K-K109-Space-Ship-with-2116-pieces-1.jpg\" alt=\"18K K109 Space Ship with 2116 pieces\" width=\"527\" height=\"486\" title=\"-\" srcset=\"https:\/\/mouldking.store\/wp-content\/uploads\/2021\/11\/18K-K109-Space-Ship-with-2116-pieces-1.jpg 527w, https:\/\/mouldking.store\/wp-content\/uploads\/2021\/11\/18K-K109-Space-Ship-with-2116-pieces-1-300x277.jpg 300w, https:\/\/mouldking.store\/wp-content\/uploads\/2021\/11\/18K-K109-Space-Ship-with-2116-pieces-1-150x138.jpg 150w\" sizes=\"(max-width: 527px) 100vw, 527px\" \/><figcaption id=\"caption-attachment-28037\" class=\"wp-caption-text\">T\u00e0u v\u0169 tr\u1ee5 18K K109 g\u1ed3m 2116 m\u1ea3nh gh\u00e9p<\/figcaption><\/figure>\n<figure id=\"attachment_28039\" aria-describedby=\"caption-attachment-28039\" style=\"width: 663px\" class=\"wp-caption aligncenter\"><img decoding=\"async\" class=\"wp-image-28039 size-full\" src=\"https:\/\/mouldking.store\/wp-content\/uploads\/2021\/11\/18K-K109-Space-Ship-with-2116-pieces-3.jpg\" alt=\"18K K109 Space Ship with 2116 pieces\" width=\"663\" height=\"793\" title=\"-\" srcset=\"https:\/\/mouldking.store\/wp-content\/uploads\/2021\/11\/18K-K109-Space-Ship-with-2116-pieces-3.jpg 663w, https:\/\/mouldking.store\/wp-content\/uploads\/2021\/11\/18K-K109-Space-Ship-with-2116-pieces-3-251x300.jpg 251w, https:\/\/mouldking.store\/wp-content\/uploads\/2021\/11\/18K-K109-Space-Ship-with-2116-pieces-3-300x359.jpg 300w, https:\/\/mouldking.store\/wp-content\/uploads\/2021\/11\/18K-K109-Space-Ship-with-2116-pieces-3-600x718.jpg 600w, https:\/\/mouldking.store\/wp-content\/uploads\/2021\/11\/18K-K109-Space-Ship-with-2116-pieces-3-125x150.jpg 125w\" sizes=\"(max-width: 663px) 100vw, 663px\" \/><figcaption id=\"caption-attachment-28039\" class=\"wp-caption-text\">T\u00e0u v\u0169 tr\u1ee5 18K K109 g\u1ed3m 2116 m\u1ea3nh gh\u00e9p<\/figcaption><\/figure>\n<figure id=\"attachment_28038\" aria-describedby=\"caption-attachment-28038\" style=\"width: 625px\" class=\"wp-caption aligncenter\"><img decoding=\"async\" class=\"wp-image-28038 size-full\" src=\"https:\/\/mouldking.store\/wp-content\/uploads\/2021\/11\/18K-K109-Space-Ship-with-2116-pieces-2.jpg\" alt=\"18K K109 Space Ship with 2116 pieces\" width=\"625\" height=\"532\" title=\"-\" srcset=\"https:\/\/mouldking.store\/wp-content\/uploads\/2021\/11\/18K-K109-Space-Ship-with-2116-pieces-2.jpg 625w, https:\/\/mouldking.store\/wp-content\/uploads\/2021\/11\/18K-K109-Space-Ship-with-2116-pieces-2-300x255.jpg 300w, https:\/\/mouldking.store\/wp-content\/uploads\/2021\/11\/18K-K109-Space-Ship-with-2116-pieces-2-600x511.jpg 600w, https:\/\/mouldking.store\/wp-content\/uploads\/2021\/11\/18K-K109-Space-Ship-with-2116-pieces-2-150x128.jpg 150w\" sizes=\"(max-width: 625px) 100vw, 625px\" \/><figcaption id=\"caption-attachment-28038\" class=\"wp-caption-text\">T\u00e0u v\u0169 tr\u1ee5 18K K109 g\u1ed3m 2116 m\u1ea3nh gh\u00e9p<\/figcaption><\/figure>","protected":false},"excerpt":{"rendered":"<p>Product information: Brand: 18K Gender: Unisex Name: Space Ship Age Range: &gt; 6 years old Model Number: K109 Classification: Assemblage Plastic Block Shape: Self-Locking Bricks Material: Plastic Plastic Type: ABS Bricks Blocks: 2116 PCS Contains detailed assembly instructions. Notice: 1. Without an original box, but we guarantee our products have quality assurance and nice packaging. [&hellip;]<\/p>","protected":false},"featured_media":28037,"comment_status":"open","ping_status":"closed","template":"","meta":{"_acf_changed":false},"product_cat":[415],"product_tag":[3915,3914,3913,3917,3918,3916],"class_list":["product","first","instock","shipping-taxable","purchasable","product-type-simple"],"acf":[],"_links":{"self":[{"href":"https:\/\/mouldking.store\/vi\/wp-json\/wp\/v2\/product\/28036","targetHints":{"allow":["GET"]}}],"collection":[{"href":"https:\/\/mouldking.store\/vi\/wp-json\/wp\/v2\/product"}],"about":[{"href":"https:\/\/mouldking.store\/vi\/wp-json\/wp\/v2\/types\/product"}],"replies":[{"embeddable":true,"href":"https:\/\/mouldking.store\/vi\/wp-json\/wp\/v2\/comments?post=28036"}],"wp:featuredmedia":[{"embeddable":true,"href":"https:\/\/mouldking.store\/vi\/wp-json\/wp\/v2\/media\/28037"}],"wp:attachment":[{"href":"https:\/\/mouldking.store\/vi\/wp-json\/wp\/v2\/media?parent=28036"}],"wp:term":[{"taxonomy":"product_cat","embeddable":true,"href":"https:\/\/mouldking.store\/vi\/wp-json\/wp\/v2\/product_cat?post=28036"},{"taxonomy":"product_tag","embeddable":true,"href":"https:\/\/mouldking.store\/vi\/wp-json\/wp\/v2\/product_tag?post=28036"}],"curies":[{"name":"wp","href":"https:\/\/api.w.org\/{rel}","templated":true}]}}