{"id":28045,"date":"2021-11-29T10:57:24","date_gmt":"2021-11-29T10:57:24","guid":{"rendered":"https:\/\/mouldking.store\/?post_type=product&#038;p=28045"},"modified":"2021-12-23T09:40:28","modified_gmt":"2021-12-23T09:40:28","slug":"sy-8886-mclaren-senna-with-3629-pieces","status":"publish","type":"product","link":"https:\/\/mouldking.store\/vi\/shop\/sy-8886-mclaren-senna-with-3629-pieces\/","title":{"rendered":"SY 8886 McLaren Senna v\u1edbi 3629 chi\u1ebfc"},"content":{"rendered":"<p>Th\u00f4ng tin s\u1ea3n ph\u1ea9m:<\/p>\n<ol>\n<li>Th\u01b0\u01a1ng hi\u1ec7u: SY<\/li>\n<li>Gi\u1edbi t\u00ednh: Unisex<\/li>\n<li>T\u00ean: McLaren Senna<\/li>\n<li>\u0110\u1ed9 tu\u1ed5i: &gt; 6 tu\u1ed5i<\/li>\n<li>S\u1ed1 m\u00f4 h\u00ecnh: 8886<\/li>\n<li>Ph\u00e2n lo\u1ea1i: T\u1eadp h\u1ee3p<\/li>\n<li>H\u00ecnh d\u1ea1ng kh\u1ed1i nh\u1ef1a: G\u1ea1ch t\u1ef1 kh\u00f3a<\/li>\n<li>Ch\u1ea5t li\u1ec7u: Nh\u1ef1a<\/li>\n<li>Lo\u1ea1i nh\u1ef1a: ABS<\/li>\n<li>Kh\u1ed1i g\u1ea1ch: 3629 C\u00c1I<\/li>\n<li>Ch\u1ee9a h\u01b0\u1edbng d\u1eabn l\u1eafp r\u00e1p chi ti\u1ebft.<\/li>\n<\/ol>\n<p>\u0110\u1ec3 \u00fd:<br \/>\n1. Kh\u00f4ng c\u00f3 h\u1ed9p ban \u0111\u1ea7u, nh\u01b0ng ch\u00fang t\u00f4i \u0111\u1ea3m b\u1ea3o s\u1ea3n ph\u1ea9m c\u1ee7a ch\u00fang t\u00f4i c\u00f3 ch\u1ea5t l\u01b0\u1ee3ng \u0111\u1ea3m b\u1ea3o v\u00e0 bao b\u00ec \u0111\u1eb9p.<br \/>\n2. V\u00ec t\u1ea5t c\u1ea3 c\u00e1c b\u1ed9 ph\u1eadn ch\u00fang t\u00f4i \u0111\u00e3 ki\u1ec3m tra tr\u01b0\u1edbc khi v\u1eadn chuy\u1ec3n, v\u00ec v\u1eady n\u1ebfu b\u1ea1n th\u1ea5y m\u1ed9t s\u1ed1 b\u1ed9 ph\u1eadn b\u1ecb thi\u1ebfu ho\u1eb7c h\u01b0 h\u1ecfng, \u0111\u1eebng lo l\u1eafng v\u00e0 ch\u1ec9 c\u1ea7n vui l\u00f2ng li\u00ean h\u1ec7 v\u1edbi ch\u00fang t\u00f4i v\u00e0 ch\u00fang t\u00f4i c\u00f3 th\u1ec3 g\u1eedi l\u1ea1i mi\u1ec5n ph\u00ed cho b\u1ea1n ngay l\u1eadp t\u1ee9c.<\/p>\n<figure id=\"attachment_28046\" aria-describedby=\"caption-attachment-28046\" style=\"width: 800px\" class=\"wp-caption aligncenter\"><img fetchpriority=\"high\" decoding=\"async\" class=\"wp-image-28046 size-full\" src=\"https:\/\/mouldking.store\/wp-content\/uploads\/2021\/11\/SY-8886-McLaren-Senna-with-3629-pieces-1.jpg\" alt=\"SY 8886 McLaren Senna with 3629 pieces\" width=\"800\" height=\"800\" title=\"-\" srcset=\"https:\/\/mouldking.store\/wp-content\/uploads\/2021\/11\/SY-8886-McLaren-Senna-with-3629-pieces-1.jpg 800w, https:\/\/mouldking.store\/wp-content\/uploads\/2021\/11\/SY-8886-McLaren-Senna-with-3629-pieces-1-300x300.jpg 300w, https:\/\/mouldking.store\/wp-content\/uploads\/2021\/11\/SY-8886-McLaren-Senna-with-3629-pieces-1-768x768.jpg 768w, https:\/\/mouldking.store\/wp-content\/uploads\/2021\/11\/SY-8886-McLaren-Senna-with-3629-pieces-1-600x600.jpg 600w, https:\/\/mouldking.store\/wp-content\/uploads\/2021\/11\/SY-8886-McLaren-Senna-with-3629-pieces-1-150x150.jpg 150w\" sizes=\"(max-width: 800px) 100vw, 800px\" \/><figcaption id=\"caption-attachment-28046\" class=\"wp-caption-text\">SY 8886 McLaren Senna v\u1edbi 3629 chi\u1ebfc<\/figcaption><\/figure>\n<figure id=\"attachment_28051\" aria-describedby=\"caption-attachment-28051\" style=\"width: 707px\" class=\"wp-caption aligncenter\"><img decoding=\"async\" class=\"wp-image-28051 size-full\" src=\"https:\/\/mouldking.store\/wp-content\/uploads\/2021\/11\/SY-8886-McLaren-Senna-with-3629-pieces-6.jpg\" alt=\"SY 8886 McLaren Senna with 3629 pieces\" width=\"707\" height=\"1024\" title=\"-\" srcset=\"https:\/\/mouldking.store\/wp-content\/uploads\/2021\/11\/SY-8886-McLaren-Senna-with-3629-pieces-6.jpg 707w, https:\/\/mouldking.store\/wp-content\/uploads\/2021\/11\/SY-8886-McLaren-Senna-with-3629-pieces-6-207x300.jpg 207w, https:\/\/mouldking.store\/wp-content\/uploads\/2021\/11\/SY-8886-McLaren-Senna-with-3629-pieces-6-300x435.jpg 300w, https:\/\/mouldking.store\/wp-content\/uploads\/2021\/11\/SY-8886-McLaren-Senna-with-3629-pieces-6-600x869.jpg 600w, https:\/\/mouldking.store\/wp-content\/uploads\/2021\/11\/SY-8886-McLaren-Senna-with-3629-pieces-6-104x150.jpg 104w\" sizes=\"(max-width: 707px) 100vw, 707px\" \/><figcaption id=\"caption-attachment-28051\" class=\"wp-caption-text\">SY 8886 McLaren Senna v\u1edbi 3629 chi\u1ebfc<\/figcaption><\/figure>\n<figure id=\"attachment_28052\" aria-describedby=\"caption-attachment-28052\" style=\"width: 790px\" class=\"wp-caption aligncenter\"><img decoding=\"async\" class=\"wp-image-28052 size-full\" src=\"https:\/\/mouldking.store\/wp-content\/uploads\/2021\/11\/SY-8886-McLaren-Senna-with-3629-pieces-7.jpg\" alt=\"SY 8886 McLaren Senna with 3629 pieces\" width=\"790\" height=\"987\" title=\"-\" srcset=\"https:\/\/mouldking.store\/wp-content\/uploads\/2021\/11\/SY-8886-McLaren-Senna-with-3629-pieces-7.jpg 790w, https:\/\/mouldking.store\/wp-content\/uploads\/2021\/11\/SY-8886-McLaren-Senna-with-3629-pieces-7-240x300.jpg 240w, https:\/\/mouldking.store\/wp-content\/uploads\/2021\/11\/SY-8886-McLaren-Senna-with-3629-pieces-7-768x960.jpg 768w, https:\/\/mouldking.store\/wp-content\/uploads\/2021\/11\/SY-8886-McLaren-Senna-with-3629-pieces-7-300x375.jpg 300w, https:\/\/mouldking.store\/wp-content\/uploads\/2021\/11\/SY-8886-McLaren-Senna-with-3629-pieces-7-600x750.jpg 600w, https:\/\/mouldking.store\/wp-content\/uploads\/2021\/11\/SY-8886-McLaren-Senna-with-3629-pieces-7-120x150.jpg 120w\" sizes=\"(max-width: 790px) 100vw, 790px\" \/><figcaption id=\"caption-attachment-28052\" class=\"wp-caption-text\">SY 8886 McLaren Senna v\u1edbi 3629 chi\u1ebfc<\/figcaption><\/figure>\n<figure id=\"attachment_28053\" aria-describedby=\"caption-attachment-28053\" style=\"width: 731px\" class=\"wp-caption aligncenter\"><img loading=\"lazy\" decoding=\"async\" class=\"wp-image-28053 size-full\" src=\"https:\/\/mouldking.store\/wp-content\/uploads\/2021\/11\/SY-8886-McLaren-Senna-with-3629-pieces-8.jpg\" alt=\"SY 8886 McLaren Senna with 3629 pieces\" width=\"731\" height=\"1023\" title=\"-\" srcset=\"https:\/\/mouldking.store\/wp-content\/uploads\/2021\/11\/SY-8886-McLaren-Senna-with-3629-pieces-8.jpg 731w, https:\/\/mouldking.store\/wp-content\/uploads\/2021\/11\/SY-8886-McLaren-Senna-with-3629-pieces-8-214x300.jpg 214w, https:\/\/mouldking.store\/wp-content\/uploads\/2021\/11\/SY-8886-McLaren-Senna-with-3629-pieces-8-300x420.jpg 300w, https:\/\/mouldking.store\/wp-content\/uploads\/2021\/11\/SY-8886-McLaren-Senna-with-3629-pieces-8-600x840.jpg 600w, https:\/\/mouldking.store\/wp-content\/uploads\/2021\/11\/SY-8886-McLaren-Senna-with-3629-pieces-8-107x150.jpg 107w\" sizes=\"(max-width: 731px) 100vw, 731px\" \/><figcaption id=\"caption-attachment-28053\" class=\"wp-caption-text\">SY 8886 McLaren Senna v\u1edbi 3629 chi\u1ebfc<\/figcaption><\/figure>\n<figure id=\"attachment_28055\" aria-describedby=\"caption-attachment-28055\" style=\"width: 731px\" class=\"wp-caption aligncenter\"><img loading=\"lazy\" decoding=\"async\" class=\"wp-image-28055 size-full\" src=\"https:\/\/mouldking.store\/wp-content\/uploads\/2021\/11\/SY-8886-McLaren-Senna-with-3629-pieces-10.jpg\" alt=\"SY 8886 McLaren Senna with 3629 pieces\" width=\"731\" height=\"1023\" title=\"-\" srcset=\"https:\/\/mouldking.store\/wp-content\/uploads\/2021\/11\/SY-8886-McLaren-Senna-with-3629-pieces-10.jpg 731w, https:\/\/mouldking.store\/wp-content\/uploads\/2021\/11\/SY-8886-McLaren-Senna-with-3629-pieces-10-214x300.jpg 214w, https:\/\/mouldking.store\/wp-content\/uploads\/2021\/11\/SY-8886-McLaren-Senna-with-3629-pieces-10-300x420.jpg 300w, https:\/\/mouldking.store\/wp-content\/uploads\/2021\/11\/SY-8886-McLaren-Senna-with-3629-pieces-10-600x840.jpg 600w, https:\/\/mouldking.store\/wp-content\/uploads\/2021\/11\/SY-8886-McLaren-Senna-with-3629-pieces-10-107x150.jpg 107w\" sizes=\"(max-width: 731px) 100vw, 731px\" \/><figcaption id=\"caption-attachment-28055\" class=\"wp-caption-text\">SY 8886 McLaren Senna v\u1edbi 3629 chi\u1ebfc<\/figcaption><\/figure>\n<figure id=\"attachment_28056\" aria-describedby=\"caption-attachment-28056\" style=\"width: 790px\" class=\"wp-caption aligncenter\"><img loading=\"lazy\" decoding=\"async\" class=\"wp-image-28056 size-full\" src=\"https:\/\/mouldking.store\/wp-content\/uploads\/2021\/11\/SY-8886-McLaren-Senna-with-3629-pieces-11.jpg\" alt=\"SY 8886 McLaren Senna with 3629 pieces\" width=\"790\" height=\"998\" title=\"-\" srcset=\"https:\/\/mouldking.store\/wp-content\/uploads\/2021\/11\/SY-8886-McLaren-Senna-with-3629-pieces-11.jpg 790w, https:\/\/mouldking.store\/wp-content\/uploads\/2021\/11\/SY-8886-McLaren-Senna-with-3629-pieces-11-237x300.jpg 237w, https:\/\/mouldking.store\/wp-content\/uploads\/2021\/11\/SY-8886-McLaren-Senna-with-3629-pieces-11-768x970.jpg 768w, https:\/\/mouldking.store\/wp-content\/uploads\/2021\/11\/SY-8886-McLaren-Senna-with-3629-pieces-11-300x379.jpg 300w, https:\/\/mouldking.store\/wp-content\/uploads\/2021\/11\/SY-8886-McLaren-Senna-with-3629-pieces-11-600x758.jpg 600w, https:\/\/mouldking.store\/wp-content\/uploads\/2021\/11\/SY-8886-McLaren-Senna-with-3629-pieces-11-119x150.jpg 119w\" sizes=\"(max-width: 790px) 100vw, 790px\" \/><figcaption id=\"caption-attachment-28056\" class=\"wp-caption-text\">SY 8886 McLaren Senna v\u1edbi 3629 chi\u1ebfc<\/figcaption><\/figure>\n<figure id=\"attachment_28050\" aria-describedby=\"caption-attachment-28050\" style=\"width: 739px\" class=\"wp-caption aligncenter\"><img loading=\"lazy\" decoding=\"async\" class=\"wp-image-28050 size-full\" src=\"https:\/\/mouldking.store\/wp-content\/uploads\/2021\/11\/SY-8886-McLaren-Senna-with-3629-pieces-5.jpg\" alt=\"SY 8886 McLaren Senna with 3629 pieces\" width=\"739\" height=\"1024\" title=\"-\" srcset=\"https:\/\/mouldking.store\/wp-content\/uploads\/2021\/11\/SY-8886-McLaren-Senna-with-3629-pieces-5.jpg 739w, https:\/\/mouldking.store\/wp-content\/uploads\/2021\/11\/SY-8886-McLaren-Senna-with-3629-pieces-5-217x300.jpg 217w, https:\/\/mouldking.store\/wp-content\/uploads\/2021\/11\/SY-8886-McLaren-Senna-with-3629-pieces-5-300x416.jpg 300w, https:\/\/mouldking.store\/wp-content\/uploads\/2021\/11\/SY-8886-McLaren-Senna-with-3629-pieces-5-600x831.jpg 600w, https:\/\/mouldking.store\/wp-content\/uploads\/2021\/11\/SY-8886-McLaren-Senna-with-3629-pieces-5-108x150.jpg 108w\" sizes=\"(max-width: 739px) 100vw, 739px\" \/><figcaption id=\"caption-attachment-28050\" class=\"wp-caption-text\">SY 8886 McLaren Senna v\u1edbi 3629 chi\u1ebfc<\/figcaption><\/figure>\n<figure id=\"attachment_28048\" aria-describedby=\"caption-attachment-28048\" style=\"width: 729px\" class=\"wp-caption aligncenter\"><img loading=\"lazy\" decoding=\"async\" class=\"wp-image-28048 size-full\" src=\"https:\/\/mouldking.store\/wp-content\/uploads\/2021\/11\/SY-8886-McLaren-Senna-with-3629-pieces-3.jpg\" alt=\"SY 8886 McLaren Senna with 3629 pieces\" width=\"729\" height=\"1024\" title=\"-\" srcset=\"https:\/\/mouldking.store\/wp-content\/uploads\/2021\/11\/SY-8886-McLaren-Senna-with-3629-pieces-3.jpg 729w, https:\/\/mouldking.store\/wp-content\/uploads\/2021\/11\/SY-8886-McLaren-Senna-with-3629-pieces-3-214x300.jpg 214w, https:\/\/mouldking.store\/wp-content\/uploads\/2021\/11\/SY-8886-McLaren-Senna-with-3629-pieces-3-300x421.jpg 300w, https:\/\/mouldking.store\/wp-content\/uploads\/2021\/11\/SY-8886-McLaren-Senna-with-3629-pieces-3-600x843.jpg 600w, https:\/\/mouldking.store\/wp-content\/uploads\/2021\/11\/SY-8886-McLaren-Senna-with-3629-pieces-3-107x150.jpg 107w\" sizes=\"(max-width: 729px) 100vw, 729px\" \/><figcaption id=\"caption-attachment-28048\" class=\"wp-caption-text\">SY 8886 McLaren Senna v\u1edbi 3629 chi\u1ebfc<\/figcaption><\/figure>\n<figure id=\"attachment_28049\" aria-describedby=\"caption-attachment-28049\" style=\"width: 790px\" class=\"wp-caption aligncenter\"><img loading=\"lazy\" decoding=\"async\" class=\"wp-image-28049 size-full\" src=\"https:\/\/mouldking.store\/wp-content\/uploads\/2021\/11\/SY-8886-McLaren-Senna-with-3629-pieces-4.jpg\" alt=\"SY 8886 McLaren Senna with 3629 pieces\" width=\"790\" height=\"844\" title=\"-\" srcset=\"https:\/\/mouldking.store\/wp-content\/uploads\/2021\/11\/SY-8886-McLaren-Senna-with-3629-pieces-4.jpg 790w, https:\/\/mouldking.store\/wp-content\/uploads\/2021\/11\/SY-8886-McLaren-Senna-with-3629-pieces-4-281x300.jpg 281w, https:\/\/mouldking.store\/wp-content\/uploads\/2021\/11\/SY-8886-McLaren-Senna-with-3629-pieces-4-768x820.jpg 768w, https:\/\/mouldking.store\/wp-content\/uploads\/2021\/11\/SY-8886-McLaren-Senna-with-3629-pieces-4-300x321.jpg 300w, https:\/\/mouldking.store\/wp-content\/uploads\/2021\/11\/SY-8886-McLaren-Senna-with-3629-pieces-4-600x641.jpg 600w, https:\/\/mouldking.store\/wp-content\/uploads\/2021\/11\/SY-8886-McLaren-Senna-with-3629-pieces-4-140x150.jpg 140w\" sizes=\"(max-width: 790px) 100vw, 790px\" \/><figcaption id=\"caption-attachment-28049\" class=\"wp-caption-text\">SY 8886 McLaren Senna v\u1edbi 3629 chi\u1ebfc<\/figcaption><\/figure>\n<figure id=\"attachment_28054\" aria-describedby=\"caption-attachment-28054\" style=\"width: 696px\" class=\"wp-caption aligncenter\"><img loading=\"lazy\" decoding=\"async\" class=\"wp-image-28054 size-full\" src=\"https:\/\/mouldking.store\/wp-content\/uploads\/2021\/11\/SY-8886-McLaren-Senna-with-3629-pieces-9.jpg\" alt=\"SY 8886 McLaren Senna with 3629 pieces\" width=\"696\" height=\"1024\" title=\"-\" srcset=\"https:\/\/mouldking.store\/wp-content\/uploads\/2021\/11\/SY-8886-McLaren-Senna-with-3629-pieces-9.jpg 696w, https:\/\/mouldking.store\/wp-content\/uploads\/2021\/11\/SY-8886-McLaren-Senna-with-3629-pieces-9-204x300.jpg 204w, https:\/\/mouldking.store\/wp-content\/uploads\/2021\/11\/SY-8886-McLaren-Senna-with-3629-pieces-9-300x441.jpg 300w, https:\/\/mouldking.store\/wp-content\/uploads\/2021\/11\/SY-8886-McLaren-Senna-with-3629-pieces-9-600x883.jpg 600w, https:\/\/mouldking.store\/wp-content\/uploads\/2021\/11\/SY-8886-McLaren-Senna-with-3629-pieces-9-102x150.jpg 102w\" sizes=\"(max-width: 696px) 100vw, 696px\" \/><figcaption id=\"caption-attachment-28054\" class=\"wp-caption-text\">SY 8886 McLaren Senna v\u1edbi 3629 chi\u1ebfc<\/figcaption><\/figure>\n<figure id=\"attachment_28047\" aria-describedby=\"caption-attachment-28047\" style=\"width: 715px\" class=\"wp-caption aligncenter\"><img loading=\"lazy\" decoding=\"async\" class=\"wp-image-28047 size-full\" src=\"https:\/\/mouldking.store\/wp-content\/uploads\/2021\/11\/SY-8886-McLaren-Senna-with-3629-pieces-2.jpg\" alt=\"SY 8886 McLaren Senna with 3629 pieces\" width=\"715\" height=\"1024\" title=\"-\" srcset=\"https:\/\/mouldking.store\/wp-content\/uploads\/2021\/11\/SY-8886-McLaren-Senna-with-3629-pieces-2.jpg 715w, https:\/\/mouldking.store\/wp-content\/uploads\/2021\/11\/SY-8886-McLaren-Senna-with-3629-pieces-2-209x300.jpg 209w, https:\/\/mouldking.store\/wp-content\/uploads\/2021\/11\/SY-8886-McLaren-Senna-with-3629-pieces-2-300x430.jpg 300w, https:\/\/mouldking.store\/wp-content\/uploads\/2021\/11\/SY-8886-McLaren-Senna-with-3629-pieces-2-600x859.jpg 600w, https:\/\/mouldking.store\/wp-content\/uploads\/2021\/11\/SY-8886-McLaren-Senna-with-3629-pieces-2-105x150.jpg 105w\" sizes=\"(max-width: 715px) 100vw, 715px\" \/><figcaption id=\"caption-attachment-28047\" class=\"wp-caption-text\">SY 8886 McLaren Senna v\u1edbi 3629 chi\u1ebfc<\/figcaption><\/figure>","protected":false},"excerpt":{"rendered":"<p>Product information: Brand: SY Gender: Unisex Name: McLaren Senna Age Range: &gt; 6 years old Model Number: 8886 Classification: Assemblage Plastic Block Shape: Self-Locking Bricks Material: Plastic Plastic Type: ABS Bricks Blocks: 3629 PCS Contains detailed assembly instructions. Notice: 1. Without an original box, but we guarantee our products have quality assurance and nice packaging. [&hellip;]<\/p>","protected":false},"featured_media":28046,"comment_status":"open","ping_status":"closed","template":"","meta":{"_acf_changed":false},"product_cat":[364],"product_tag":[3931,1744,1258,3932,3929,3928,3927,3930],"class_list":["product","first","instock","shipping-taxable","purchasable","product-type-variable"],"acf":[],"_links":{"self":[{"href":"https:\/\/mouldking.store\/vi\/wp-json\/wp\/v2\/product\/28045","targetHints":{"allow":["GET"]}}],"collection":[{"href":"https:\/\/mouldking.store\/vi\/wp-json\/wp\/v2\/product"}],"about":[{"href":"https:\/\/mouldking.store\/vi\/wp-json\/wp\/v2\/types\/product"}],"replies":[{"embeddable":true,"href":"https:\/\/mouldking.store\/vi\/wp-json\/wp\/v2\/comments?post=28045"}],"wp:featuredmedia":[{"embeddable":true,"href":"https:\/\/mouldking.store\/vi\/wp-json\/wp\/v2\/media\/28046"}],"wp:attachment":[{"href":"https:\/\/mouldking.store\/vi\/wp-json\/wp\/v2\/media?parent=28045"}],"wp:term":[{"taxonomy":"product_cat","embeddable":true,"href":"https:\/\/mouldking.store\/vi\/wp-json\/wp\/v2\/product_cat?post=28045"},{"taxonomy":"product_tag","embeddable":true,"href":"https:\/\/mouldking.store\/vi\/wp-json\/wp\/v2\/product_tag?post=28045"}],"curies":[{"name":"wp","href":"https:\/\/api.w.org\/{rel}","templated":true}]}}