{"id":28072,"date":"2021-11-29T11:09:43","date_gmt":"2021-11-29T11:09:43","guid":{"rendered":"https:\/\/mouldking.store\/?post_type=product&#038;p=28072"},"modified":"2024-05-02T19:08:08","modified_gmt":"2024-05-02T12:08:08","slug":"mould-king-15019-rc-garbage-truck-with-1689-pieces","status":"publish","type":"product","link":"https:\/\/mouldking.store\/vi\/shop\/mould-king-15019-rc-garbage-truck-with-1689-pieces\/","title":{"rendered":"Xe R\u00e1c RC Mold King 15019 g\u1ed3m 1689 m\u1ea3nh gh\u00e9p"},"content":{"rendered":"<p>Th\u00f4ng tin s\u1ea3n ph\u1ea9m:<\/p>\n<ol>\n<li>Th\u01b0\u01a1ng hi\u1ec7u: Khu\u00f4n Vua<\/li>\n<li>Gi\u1edbi t\u00ednh: Unisex<\/li>\n<li>Name: RC Garbage Truck<\/li>\n<li>\u0110\u1ed9 tu\u1ed5i: &gt; 8 tu\u1ed5i<\/li>\n<li>Model Number: 15019<\/li>\n<li>Ph\u00e2n lo\u1ea1i: T\u1eadp h\u1ee3p<\/li>\n<li>H\u00ecnh d\u1ea1ng kh\u1ed1i nh\u1ef1a: G\u1ea1ch t\u1ef1 kh\u00f3a<\/li>\n<li>Ch\u1ea5t li\u1ec7u: Nh\u1ef1a<\/li>\n<li>Lo\u1ea1i nh\u1ef1a: ABS<\/li>\n<li>Bricks Blocks: 1689 PCS<\/li>\n<li>Ch\u1ee9a h\u01b0\u1edbng d\u1eabn l\u1eafp r\u00e1p chi ti\u1ebft.<\/li>\n<\/ol>\n<p>\u0110\u1ec3 \u00fd:<br \/>\n1. Kh\u00f4ng c\u00f3 h\u1ed9p ban \u0111\u1ea7u, nh\u01b0ng ch\u00fang t\u00f4i \u0111\u1ea3m b\u1ea3o s\u1ea3n ph\u1ea9m c\u1ee7a ch\u00fang t\u00f4i c\u00f3 ch\u1ea5t l\u01b0\u1ee3ng \u0111\u1ea3m b\u1ea3o v\u00e0 bao b\u00ec \u0111\u1eb9p.<br \/>\n2. V\u00ec t\u1ea5t c\u1ea3 c\u00e1c b\u1ed9 ph\u1eadn ch\u00fang t\u00f4i \u0111\u00e3 ki\u1ec3m tra tr\u01b0\u1edbc khi v\u1eadn chuy\u1ec3n, v\u00ec v\u1eady n\u1ebfu b\u1ea1n th\u1ea5y m\u1ed9t s\u1ed1 b\u1ed9 ph\u1eadn b\u1ecb thi\u1ebfu ho\u1eb7c h\u01b0 h\u1ecfng, \u0111\u1eebng lo l\u1eafng v\u00e0 ch\u1ec9 c\u1ea7n vui l\u00f2ng li\u00ean h\u1ec7 v\u1edbi ch\u00fang t\u00f4i v\u00e0 ch\u00fang t\u00f4i c\u00f3 th\u1ec3 g\u1eedi l\u1ea1i mi\u1ec5n ph\u00ed cho b\u1ea1n ngay l\u1eadp t\u1ee9c.<\/p>\n<figure id=\"attachment_28073\" aria-describedby=\"caption-attachment-28073\" style=\"width: 800px\" class=\"wp-caption aligncenter\"><img fetchpriority=\"high\" decoding=\"async\" class=\"wp-image-28073 size-full\" src=\"https:\/\/mouldking.store\/wp-content\/uploads\/2021\/11\/Mould-King-15019-RC-Garbage-Truck-with-1689-pieces-1.jpg\" alt=\"Mould King 15019 RC Garbage Truck with 1689 pieces\" width=\"800\" height=\"800\" title=\"-\" srcset=\"https:\/\/mouldking.store\/wp-content\/uploads\/2021\/11\/Mould-King-15019-RC-Garbage-Truck-with-1689-pieces-1.jpg 800w, https:\/\/mouldking.store\/wp-content\/uploads\/2021\/11\/Mould-King-15019-RC-Garbage-Truck-with-1689-pieces-1-300x300.jpg 300w, https:\/\/mouldking.store\/wp-content\/uploads\/2021\/11\/Mould-King-15019-RC-Garbage-Truck-with-1689-pieces-1-768x768.jpg 768w, https:\/\/mouldking.store\/wp-content\/uploads\/2021\/11\/Mould-King-15019-RC-Garbage-Truck-with-1689-pieces-1-600x600.jpg 600w, https:\/\/mouldking.store\/wp-content\/uploads\/2021\/11\/Mould-King-15019-RC-Garbage-Truck-with-1689-pieces-1-150x150.jpg 150w\" sizes=\"(max-width: 800px) 100vw, 800px\" \/><figcaption id=\"caption-attachment-28073\" class=\"wp-caption-text\">Xe R\u00e1c RC Mold King 15019 g\u1ed3m 1689 m\u1ea3nh gh\u00e9p<\/figcaption><\/figure>\n<figure id=\"attachment_28078\" aria-describedby=\"caption-attachment-28078\" style=\"width: 800px\" class=\"wp-caption aligncenter\"><img decoding=\"async\" class=\"wp-image-28078 size-full\" src=\"https:\/\/mouldking.store\/wp-content\/uploads\/2021\/11\/Mould-King-15019-RC-Garbage-Truck-with-1689-pieces-6.jpg\" alt=\"Mould King 15019 RC Garbage Truck with 1689 pieces\" width=\"800\" height=\"800\" title=\"-\" srcset=\"https:\/\/mouldking.store\/wp-content\/uploads\/2021\/11\/Mould-King-15019-RC-Garbage-Truck-with-1689-pieces-6.jpg 800w, https:\/\/mouldking.store\/wp-content\/uploads\/2021\/11\/Mould-King-15019-RC-Garbage-Truck-with-1689-pieces-6-300x300.jpg 300w, https:\/\/mouldking.store\/wp-content\/uploads\/2021\/11\/Mould-King-15019-RC-Garbage-Truck-with-1689-pieces-6-768x768.jpg 768w, https:\/\/mouldking.store\/wp-content\/uploads\/2021\/11\/Mould-King-15019-RC-Garbage-Truck-with-1689-pieces-6-600x600.jpg 600w, https:\/\/mouldking.store\/wp-content\/uploads\/2021\/11\/Mould-King-15019-RC-Garbage-Truck-with-1689-pieces-6-150x150.jpg 150w\" sizes=\"(max-width: 800px) 100vw, 800px\" \/><figcaption id=\"caption-attachment-28078\" class=\"wp-caption-text\">Xe R\u00e1c RC Mold King 15019 g\u1ed3m 1689 m\u1ea3nh gh\u00e9p<\/figcaption><\/figure>\n<figure id=\"attachment_28075\" aria-describedby=\"caption-attachment-28075\" style=\"width: 790px\" class=\"wp-caption aligncenter\"><img decoding=\"async\" class=\"wp-image-28075 size-full\" src=\"https:\/\/mouldking.store\/wp-content\/uploads\/2021\/11\/Mould-King-15019-RC-Garbage-Truck-with-1689-pieces-3.jpg\" alt=\"Mould King 15019 RC Garbage Truck with 1689 pieces\" width=\"790\" height=\"483\" title=\"-\" srcset=\"https:\/\/mouldking.store\/wp-content\/uploads\/2021\/11\/Mould-King-15019-RC-Garbage-Truck-with-1689-pieces-3.jpg 790w, https:\/\/mouldking.store\/wp-content\/uploads\/2021\/11\/Mould-King-15019-RC-Garbage-Truck-with-1689-pieces-3-300x183.jpg 300w, https:\/\/mouldking.store\/wp-content\/uploads\/2021\/11\/Mould-King-15019-RC-Garbage-Truck-with-1689-pieces-3-768x470.jpg 768w, https:\/\/mouldking.store\/wp-content\/uploads\/2021\/11\/Mould-King-15019-RC-Garbage-Truck-with-1689-pieces-3-600x367.jpg 600w, https:\/\/mouldking.store\/wp-content\/uploads\/2021\/11\/Mould-King-15019-RC-Garbage-Truck-with-1689-pieces-3-150x92.jpg 150w\" sizes=\"(max-width: 790px) 100vw, 790px\" \/><figcaption id=\"caption-attachment-28075\" class=\"wp-caption-text\">Xe R\u00e1c RC Mold King 15019 g\u1ed3m 1689 m\u1ea3nh gh\u00e9p<\/figcaption><\/figure>\n<figure id=\"attachment_28076\" aria-describedby=\"caption-attachment-28076\" style=\"width: 790px\" class=\"wp-caption aligncenter\"><img loading=\"lazy\" decoding=\"async\" class=\"wp-image-28076 size-full\" src=\"https:\/\/mouldking.store\/wp-content\/uploads\/2021\/11\/Mould-King-15019-RC-Garbage-Truck-with-1689-pieces-4.jpg\" alt=\"Mould King 15019 RC Garbage Truck with 1689 pieces\" width=\"790\" height=\"700\" title=\"-\" srcset=\"https:\/\/mouldking.store\/wp-content\/uploads\/2021\/11\/Mould-King-15019-RC-Garbage-Truck-with-1689-pieces-4.jpg 790w, https:\/\/mouldking.store\/wp-content\/uploads\/2021\/11\/Mould-King-15019-RC-Garbage-Truck-with-1689-pieces-4-300x266.jpg 300w, https:\/\/mouldking.store\/wp-content\/uploads\/2021\/11\/Mould-King-15019-RC-Garbage-Truck-with-1689-pieces-4-768x681.jpg 768w, https:\/\/mouldking.store\/wp-content\/uploads\/2021\/11\/Mould-King-15019-RC-Garbage-Truck-with-1689-pieces-4-600x532.jpg 600w, https:\/\/mouldking.store\/wp-content\/uploads\/2021\/11\/Mould-King-15019-RC-Garbage-Truck-with-1689-pieces-4-150x133.jpg 150w\" sizes=\"(max-width: 790px) 100vw, 790px\" \/><figcaption id=\"caption-attachment-28076\" class=\"wp-caption-text\">Xe R\u00e1c RC Mold King 15019 g\u1ed3m 1689 m\u1ea3nh gh\u00e9p<\/figcaption><\/figure>\n<figure id=\"attachment_28077\" aria-describedby=\"caption-attachment-28077\" style=\"width: 800px\" class=\"wp-caption aligncenter\"><img loading=\"lazy\" decoding=\"async\" class=\"wp-image-28077 size-full\" src=\"https:\/\/mouldking.store\/wp-content\/uploads\/2021\/11\/Mould-King-15019-RC-Garbage-Truck-with-1689-pieces-5.jpg\" alt=\"Mould King 15019 RC Garbage Truck with 1689 pieces\" width=\"800\" height=\"800\" title=\"-\" srcset=\"https:\/\/mouldking.store\/wp-content\/uploads\/2021\/11\/Mould-King-15019-RC-Garbage-Truck-with-1689-pieces-5.jpg 800w, https:\/\/mouldking.store\/wp-content\/uploads\/2021\/11\/Mould-King-15019-RC-Garbage-Truck-with-1689-pieces-5-300x300.jpg 300w, https:\/\/mouldking.store\/wp-content\/uploads\/2021\/11\/Mould-King-15019-RC-Garbage-Truck-with-1689-pieces-5-768x768.jpg 768w, https:\/\/mouldking.store\/wp-content\/uploads\/2021\/11\/Mould-King-15019-RC-Garbage-Truck-with-1689-pieces-5-600x600.jpg 600w, https:\/\/mouldking.store\/wp-content\/uploads\/2021\/11\/Mould-King-15019-RC-Garbage-Truck-with-1689-pieces-5-150x150.jpg 150w\" sizes=\"(max-width: 800px) 100vw, 800px\" \/><figcaption id=\"caption-attachment-28077\" class=\"wp-caption-text\">Xe R\u00e1c RC Mold King 15019 g\u1ed3m 1689 m\u1ea3nh gh\u00e9p<\/figcaption><\/figure>\n<figure id=\"attachment_28074\" aria-describedby=\"caption-attachment-28074\" style=\"width: 790px\" class=\"wp-caption aligncenter\"><img loading=\"lazy\" decoding=\"async\" class=\"wp-image-28074 size-full\" src=\"https:\/\/mouldking.store\/wp-content\/uploads\/2021\/11\/Mould-King-15019-RC-Garbage-Truck-with-1689-pieces-2.jpg\" alt=\"Mould King 15019 RC Garbage Truck with 1689 pieces\" width=\"790\" height=\"488\" title=\"-\" srcset=\"https:\/\/mouldking.store\/wp-content\/uploads\/2021\/11\/Mould-King-15019-RC-Garbage-Truck-with-1689-pieces-2.jpg 790w, https:\/\/mouldking.store\/wp-content\/uploads\/2021\/11\/Mould-King-15019-RC-Garbage-Truck-with-1689-pieces-2-300x185.jpg 300w, https:\/\/mouldking.store\/wp-content\/uploads\/2021\/11\/Mould-King-15019-RC-Garbage-Truck-with-1689-pieces-2-768x474.jpg 768w, https:\/\/mouldking.store\/wp-content\/uploads\/2021\/11\/Mould-King-15019-RC-Garbage-Truck-with-1689-pieces-2-600x371.jpg 600w, https:\/\/mouldking.store\/wp-content\/uploads\/2021\/11\/Mould-King-15019-RC-Garbage-Truck-with-1689-pieces-2-150x93.jpg 150w\" sizes=\"(max-width: 790px) 100vw, 790px\" \/><figcaption id=\"caption-attachment-28074\" class=\"wp-caption-text\">Xe R\u00e1c RC Mold King 15019 g\u1ed3m 1689 m\u1ea3nh gh\u00e9p<\/figcaption><\/figure>","protected":false},"excerpt":{"rendered":"<p>Product information: Brand: Mould King Gender: Unisex Name: RC Garbage Truck Age Range: &gt; 8 years old Model Number: 15019 Classification: Assemblage Plastic Block Shape: Self-Locking Bricks Material: Plastic Plastic Type: ABS Bricks Blocks: 1689 PCS Contains detailed assembly instructions. Notice: 1. Without an original box, but we guarantee our products have quality assurance and [&hellip;]<\/p>","protected":false},"featured_media":28073,"comment_status":"open","ping_status":"closed","template":"","meta":{"_acf_changed":false},"product_cat":[364],"product_tag":[3953,3950,3948,3947,3949,3952,3951],"class_list":["product","first","instock","shipping-taxable","purchasable","product-type-simple"],"acf":[],"_links":{"self":[{"href":"https:\/\/mouldking.store\/vi\/wp-json\/wp\/v2\/product\/28072","targetHints":{"allow":["GET"]}}],"collection":[{"href":"https:\/\/mouldking.store\/vi\/wp-json\/wp\/v2\/product"}],"about":[{"href":"https:\/\/mouldking.store\/vi\/wp-json\/wp\/v2\/types\/product"}],"replies":[{"embeddable":true,"href":"https:\/\/mouldking.store\/vi\/wp-json\/wp\/v2\/comments?post=28072"}],"wp:featuredmedia":[{"embeddable":true,"href":"https:\/\/mouldking.store\/vi\/wp-json\/wp\/v2\/media\/28073"}],"wp:attachment":[{"href":"https:\/\/mouldking.store\/vi\/wp-json\/wp\/v2\/media?parent=28072"}],"wp:term":[{"taxonomy":"product_cat","embeddable":true,"href":"https:\/\/mouldking.store\/vi\/wp-json\/wp\/v2\/product_cat?post=28072"},{"taxonomy":"product_tag","embeddable":true,"href":"https:\/\/mouldking.store\/vi\/wp-json\/wp\/v2\/product_tag?post=28072"}],"curies":[{"name":"wp","href":"https:\/\/api.w.org\/{rel}","templated":true}]}}