{"id":28184,"date":"2021-12-02T11:30:10","date_gmt":"2021-12-02T11:30:10","guid":{"rendered":"https:\/\/mouldking.store\/?post_type=product&#038;p=28184"},"modified":"2021-12-23T09:40:25","modified_gmt":"2021-12-23T09:40:25","slug":"zhegao-ql0959-drifting-city-with-3206-pieces","status":"publish","type":"product","link":"https:\/\/mouldking.store\/vi\/shop\/zhegao-ql0959-drifting-city-with-3206-pieces\/","title":{"rendered":"ZHEGAO QL0959 Th\u00e0nh ph\u1ed1 tr\u00f4i d\u1ea1t v\u1edbi 3206 mi\u1ebfng gh\u00e9p"},"content":{"rendered":"<p>Th\u00f4ng tin s\u1ea3n ph\u1ea9m:<\/p>\n<ol>\n<li>Th\u01b0\u01a1ng hi\u1ec7u: ZHEGAO<\/li>\n<li>Gi\u1edbi t\u00ednh: Unisex<\/li>\n<li>Name: Drifting City<\/li>\n<li>\u0110\u1ed9 tu\u1ed5i: &gt; 6 tu\u1ed5i<\/li>\n<li>Model Number: QL0959<\/li>\n<li>Ph\u00e2n lo\u1ea1i: T\u1eadp h\u1ee3p<\/li>\n<li>H\u00ecnh d\u1ea1ng kh\u1ed1i nh\u1ef1a: G\u1ea1ch t\u1ef1 kh\u00f3a<\/li>\n<li>Ch\u1ea5t li\u1ec7u: Nh\u1ef1a<\/li>\n<li>Lo\u1ea1i nh\u1ef1a: ABS<\/li>\n<li>Bricks Blocks: 3206 PCS<\/li>\n<li>Ch\u1ee9a h\u01b0\u1edbng d\u1eabn l\u1eafp r\u00e1p chi ti\u1ebft.<\/li>\n<\/ol>\n<p>\u0110\u1ec3 \u00fd:<br \/>\n1. Kh\u00f4ng c\u00f3 h\u1ed9p ban \u0111\u1ea7u, nh\u01b0ng ch\u00fang t\u00f4i \u0111\u1ea3m b\u1ea3o s\u1ea3n ph\u1ea9m c\u1ee7a ch\u00fang t\u00f4i c\u00f3 ch\u1ea5t l\u01b0\u1ee3ng \u0111\u1ea3m b\u1ea3o v\u00e0 bao b\u00ec \u0111\u1eb9p.<br \/>\n2. V\u00ec t\u1ea5t c\u1ea3 c\u00e1c b\u1ed9 ph\u1eadn ch\u00fang t\u00f4i \u0111\u00e3 ki\u1ec3m tra tr\u01b0\u1edbc khi v\u1eadn chuy\u1ec3n, v\u00ec v\u1eady n\u1ebfu b\u1ea1n th\u1ea5y m\u1ed9t s\u1ed1 b\u1ed9 ph\u1eadn b\u1ecb thi\u1ebfu ho\u1eb7c h\u01b0 h\u1ecfng, \u0111\u1eebng lo l\u1eafng v\u00e0 ch\u1ec9 c\u1ea7n vui l\u00f2ng li\u00ean h\u1ec7 v\u1edbi ch\u00fang t\u00f4i v\u00e0 ch\u00fang t\u00f4i c\u00f3 th\u1ec3 g\u1eedi l\u1ea1i mi\u1ec5n ph\u00ed cho b\u1ea1n ngay l\u1eadp t\u1ee9c.<\/p>\n<figure id=\"attachment_28185\" aria-describedby=\"caption-attachment-28185\" style=\"width: 800px\" class=\"wp-caption aligncenter\"><img fetchpriority=\"high\" decoding=\"async\" class=\"wp-image-28185 size-full\" src=\"https:\/\/mouldking.store\/wp-content\/uploads\/2021\/12\/ZHEGAO-QL0959-Drifting-City-with-3206-pieces-1.jpg\" alt=\"ZHEGAO QL0959 Drifting City with 3206 pieces\" width=\"800\" height=\"800\" title=\"-\" srcset=\"https:\/\/mouldking.store\/wp-content\/uploads\/2021\/12\/ZHEGAO-QL0959-Drifting-City-with-3206-pieces-1.jpg 800w, https:\/\/mouldking.store\/wp-content\/uploads\/2021\/12\/ZHEGAO-QL0959-Drifting-City-with-3206-pieces-1-300x300.jpg 300w, https:\/\/mouldking.store\/wp-content\/uploads\/2021\/12\/ZHEGAO-QL0959-Drifting-City-with-3206-pieces-1-768x768.jpg 768w, https:\/\/mouldking.store\/wp-content\/uploads\/2021\/12\/ZHEGAO-QL0959-Drifting-City-with-3206-pieces-1-600x600.jpg 600w, https:\/\/mouldking.store\/wp-content\/uploads\/2021\/12\/ZHEGAO-QL0959-Drifting-City-with-3206-pieces-1-150x150.jpg 150w\" sizes=\"(max-width: 800px) 100vw, 800px\" \/><figcaption id=\"caption-attachment-28185\" class=\"wp-caption-text\">ZHEGAO QL0959 Th\u00e0nh ph\u1ed1 tr\u00f4i d\u1ea1t v\u1edbi 3206 mi\u1ebfng gh\u00e9p<\/figcaption><\/figure>\n<figure id=\"attachment_28189\" aria-describedby=\"caption-attachment-28189\" style=\"width: 800px\" class=\"wp-caption aligncenter\"><img decoding=\"async\" class=\"wp-image-28189 size-full\" src=\"https:\/\/mouldking.store\/wp-content\/uploads\/2021\/12\/ZHEGAO-QL0959-Drifting-City-with-3206-pieces-2.png\" alt=\"ZHEGAO QL0959 Drifting City with 3206 pieces\" width=\"800\" height=\"800\" title=\"-\" srcset=\"https:\/\/mouldking.store\/wp-content\/uploads\/2021\/12\/ZHEGAO-QL0959-Drifting-City-with-3206-pieces-2.png 800w, https:\/\/mouldking.store\/wp-content\/uploads\/2021\/12\/ZHEGAO-QL0959-Drifting-City-with-3206-pieces-2-300x300.png 300w, https:\/\/mouldking.store\/wp-content\/uploads\/2021\/12\/ZHEGAO-QL0959-Drifting-City-with-3206-pieces-2-768x768.png 768w, https:\/\/mouldking.store\/wp-content\/uploads\/2021\/12\/ZHEGAO-QL0959-Drifting-City-with-3206-pieces-2-600x600.png 600w, https:\/\/mouldking.store\/wp-content\/uploads\/2021\/12\/ZHEGAO-QL0959-Drifting-City-with-3206-pieces-2-150x150.png 150w\" sizes=\"(max-width: 800px) 100vw, 800px\" \/><figcaption id=\"caption-attachment-28189\" class=\"wp-caption-text\">ZHEGAO QL0959 Th\u00e0nh ph\u1ed1 tr\u00f4i d\u1ea1t v\u1edbi 3206 mi\u1ebfng gh\u00e9p<\/figcaption><\/figure>\n<figure id=\"attachment_28186\" aria-describedby=\"caption-attachment-28186\" style=\"width: 889px\" class=\"wp-caption aligncenter\"><img decoding=\"async\" class=\"wp-image-28186 size-full\" src=\"https:\/\/mouldking.store\/wp-content\/uploads\/2021\/12\/ZHEGAO-QL0959-Drifting-City-with-3206-pieces-2.jpg\" alt=\"ZHEGAO QL0959 Drifting City with 3206 pieces\" width=\"889\" height=\"1024\" title=\"-\" srcset=\"https:\/\/mouldking.store\/wp-content\/uploads\/2021\/12\/ZHEGAO-QL0959-Drifting-City-with-3206-pieces-2.jpg 889w, https:\/\/mouldking.store\/wp-content\/uploads\/2021\/12\/ZHEGAO-QL0959-Drifting-City-with-3206-pieces-2-260x300.jpg 260w, https:\/\/mouldking.store\/wp-content\/uploads\/2021\/12\/ZHEGAO-QL0959-Drifting-City-with-3206-pieces-2-768x885.jpg 768w, https:\/\/mouldking.store\/wp-content\/uploads\/2021\/12\/ZHEGAO-QL0959-Drifting-City-with-3206-pieces-2-300x346.jpg 300w, https:\/\/mouldking.store\/wp-content\/uploads\/2021\/12\/ZHEGAO-QL0959-Drifting-City-with-3206-pieces-2-600x691.jpg 600w, https:\/\/mouldking.store\/wp-content\/uploads\/2021\/12\/ZHEGAO-QL0959-Drifting-City-with-3206-pieces-2-130x150.jpg 130w\" sizes=\"(max-width: 889px) 100vw, 889px\" \/><figcaption id=\"caption-attachment-28186\" class=\"wp-caption-text\">ZHEGAO QL0959 Th\u00e0nh ph\u1ed1 tr\u00f4i d\u1ea1t v\u1edbi 3206 mi\u1ebfng gh\u00e9p<\/figcaption><\/figure>\n<figure id=\"attachment_28188\" aria-describedby=\"caption-attachment-28188\" style=\"width: 800px\" class=\"wp-caption aligncenter\"><img loading=\"lazy\" decoding=\"async\" class=\"wp-image-28188 size-full\" src=\"https:\/\/mouldking.store\/wp-content\/uploads\/2021\/12\/ZHEGAO-QL0959-Drifting-City-with-3206-pieces-1.png\" alt=\"ZHEGAO QL0959 Drifting City with 3206 pieces\" width=\"800\" height=\"800\" title=\"-\" srcset=\"https:\/\/mouldking.store\/wp-content\/uploads\/2021\/12\/ZHEGAO-QL0959-Drifting-City-with-3206-pieces-1.png 800w, https:\/\/mouldking.store\/wp-content\/uploads\/2021\/12\/ZHEGAO-QL0959-Drifting-City-with-3206-pieces-1-300x300.png 300w, https:\/\/mouldking.store\/wp-content\/uploads\/2021\/12\/ZHEGAO-QL0959-Drifting-City-with-3206-pieces-1-768x768.png 768w, https:\/\/mouldking.store\/wp-content\/uploads\/2021\/12\/ZHEGAO-QL0959-Drifting-City-with-3206-pieces-1-600x600.png 600w, https:\/\/mouldking.store\/wp-content\/uploads\/2021\/12\/ZHEGAO-QL0959-Drifting-City-with-3206-pieces-1-150x150.png 150w\" sizes=\"(max-width: 800px) 100vw, 800px\" \/><figcaption id=\"caption-attachment-28188\" class=\"wp-caption-text\">ZHEGAO QL0959 Th\u00e0nh ph\u1ed1 tr\u00f4i d\u1ea1t v\u1edbi 3206 mi\u1ebfng gh\u00e9p<\/figcaption><\/figure>\n<figure id=\"attachment_28187\" aria-describedby=\"caption-attachment-28187\" style=\"width: 835px\" class=\"wp-caption aligncenter\"><img loading=\"lazy\" decoding=\"async\" class=\"wp-image-28187 size-full\" src=\"https:\/\/mouldking.store\/wp-content\/uploads\/2021\/12\/ZHEGAO-QL0959-Drifting-City-with-3206-pieces-3.jpg\" alt=\"ZHEGAO QL0959 Drifting City with 3206 pieces\" width=\"835\" height=\"1024\" title=\"-\" srcset=\"https:\/\/mouldking.store\/wp-content\/uploads\/2021\/12\/ZHEGAO-QL0959-Drifting-City-with-3206-pieces-3.jpg 835w, https:\/\/mouldking.store\/wp-content\/uploads\/2021\/12\/ZHEGAO-QL0959-Drifting-City-with-3206-pieces-3-245x300.jpg 245w, https:\/\/mouldking.store\/wp-content\/uploads\/2021\/12\/ZHEGAO-QL0959-Drifting-City-with-3206-pieces-3-768x942.jpg 768w, https:\/\/mouldking.store\/wp-content\/uploads\/2021\/12\/ZHEGAO-QL0959-Drifting-City-with-3206-pieces-3-300x368.jpg 300w, https:\/\/mouldking.store\/wp-content\/uploads\/2021\/12\/ZHEGAO-QL0959-Drifting-City-with-3206-pieces-3-600x736.jpg 600w, https:\/\/mouldking.store\/wp-content\/uploads\/2021\/12\/ZHEGAO-QL0959-Drifting-City-with-3206-pieces-3-122x150.jpg 122w\" sizes=\"(max-width: 835px) 100vw, 835px\" \/><figcaption id=\"caption-attachment-28187\" class=\"wp-caption-text\">ZHEGAO QL0959 Th\u00e0nh ph\u1ed1 tr\u00f4i d\u1ea1t v\u1edbi 3206 mi\u1ebfng gh\u00e9p<\/figcaption><\/figure>","protected":false},"excerpt":{"rendered":"<p>Product information: Brand: ZHEGAO Gender: Unisex Name: Drifting City Age Range: &gt; 6 years old Model Number: QL0959 Classification: Assemblage Plastic Block Shape: Self-Locking Bricks Material: Plastic Plastic Type: ABS Bricks Blocks: 3206 PCS Contains detailed assembly instructions. Notice: 1. Without an original box, but we guarantee our products have quality assurance and nice packaging. [&hellip;]<\/p>","protected":false},"featured_media":28185,"comment_status":"open","ping_status":"closed","template":"","meta":{"_acf_changed":false},"product_cat":[390],"product_tag":[4021,4017,4020,4019,4016,4018,4015],"class_list":["product","first","instock","shipping-taxable","purchasable","product-type-simple"],"acf":[],"_links":{"self":[{"href":"https:\/\/mouldking.store\/vi\/wp-json\/wp\/v2\/product\/28184","targetHints":{"allow":["GET"]}}],"collection":[{"href":"https:\/\/mouldking.store\/vi\/wp-json\/wp\/v2\/product"}],"about":[{"href":"https:\/\/mouldking.store\/vi\/wp-json\/wp\/v2\/types\/product"}],"replies":[{"embeddable":true,"href":"https:\/\/mouldking.store\/vi\/wp-json\/wp\/v2\/comments?post=28184"}],"wp:featuredmedia":[{"embeddable":true,"href":"https:\/\/mouldking.store\/vi\/wp-json\/wp\/v2\/media\/28185"}],"wp:attachment":[{"href":"https:\/\/mouldking.store\/vi\/wp-json\/wp\/v2\/media?parent=28184"}],"wp:term":[{"taxonomy":"product_cat","embeddable":true,"href":"https:\/\/mouldking.store\/vi\/wp-json\/wp\/v2\/product_cat?post=28184"},{"taxonomy":"product_tag","embeddable":true,"href":"https:\/\/mouldking.store\/vi\/wp-json\/wp\/v2\/product_tag?post=28184"}],"curies":[{"name":"wp","href":"https:\/\/api.w.org\/{rel}","templated":true}]}}