{"id":28190,"date":"2021-12-02T11:35:32","date_gmt":"2021-12-02T11:35:32","guid":{"rendered":"https:\/\/mouldking.store\/?post_type=product&#038;p=28190"},"modified":"2021-12-23T09:40:25","modified_gmt":"2021-12-23T09:40:25","slug":"mould-king-27006-ferrari-488-gtb","status":"publish","type":"product","link":"https:\/\/mouldking.store\/vi\/shop\/mould-king-27006-ferrari-488-gtb\/","title":{"rendered":"Mold King 27006 Ferrari 488 GTB v\u1edbi 329 m\u1ea3nh gh\u00e9p"},"content":{"rendered":"<p>Th\u00f4ng tin s\u1ea3n ph\u1ea9m:<\/p>\n<ol>\n<li>Th\u01b0\u01a1ng hi\u1ec7u: Khu\u00f4n Vua<\/li>\n<li>Gi\u1edbi t\u00ednh: Unisex<\/li>\n<li>Name: Ferrari 488 GTB<\/li>\n<li>\u0110\u1ed9 tu\u1ed5i: &gt; 8 tu\u1ed5i<\/li>\n<li>Model Number: 27006<\/li>\n<li>Ph\u00e2n lo\u1ea1i: T\u1eadp h\u1ee3p<\/li>\n<li>H\u00ecnh d\u1ea1ng kh\u1ed1i nh\u1ef1a: G\u1ea1ch t\u1ef1 kh\u00f3a<\/li>\n<li>Ch\u1ea5t li\u1ec7u: Nh\u1ef1a<\/li>\n<li>Lo\u1ea1i nh\u1ef1a: ABS<\/li>\n<li>Bricks Blocks: 329 PCS<\/li>\n<li>Ch\u1ee9a h\u01b0\u1edbng d\u1eabn l\u1eafp r\u00e1p chi ti\u1ebft.<\/li>\n<\/ol>\n<p>\u0110\u1ec3 \u00fd:<br \/>\n1. Kh\u00f4ng c\u00f3 h\u1ed9p ban \u0111\u1ea7u, nh\u01b0ng ch\u00fang t\u00f4i \u0111\u1ea3m b\u1ea3o s\u1ea3n ph\u1ea9m c\u1ee7a ch\u00fang t\u00f4i c\u00f3 ch\u1ea5t l\u01b0\u1ee3ng \u0111\u1ea3m b\u1ea3o v\u00e0 bao b\u00ec \u0111\u1eb9p.<br \/>\n2. V\u00ec t\u1ea5t c\u1ea3 c\u00e1c b\u1ed9 ph\u1eadn ch\u00fang t\u00f4i \u0111\u00e3 ki\u1ec3m tra tr\u01b0\u1edbc khi v\u1eadn chuy\u1ec3n, v\u00ec v\u1eady n\u1ebfu b\u1ea1n th\u1ea5y m\u1ed9t s\u1ed1 b\u1ed9 ph\u1eadn b\u1ecb thi\u1ebfu ho\u1eb7c h\u01b0 h\u1ecfng, \u0111\u1eebng lo l\u1eafng v\u00e0 ch\u1ec9 c\u1ea7n vui l\u00f2ng li\u00ean h\u1ec7 v\u1edbi ch\u00fang t\u00f4i v\u00e0 ch\u00fang t\u00f4i c\u00f3 th\u1ec3 g\u1eedi l\u1ea1i mi\u1ec5n ph\u00ed cho b\u1ea1n ngay l\u1eadp t\u1ee9c.<\/p>\n<figure id=\"attachment_28191\" aria-describedby=\"caption-attachment-28191\" style=\"width: 635px\" class=\"wp-caption aligncenter\"><img fetchpriority=\"high\" decoding=\"async\" class=\"wp-image-28191 size-full\" src=\"https:\/\/mouldking.store\/wp-content\/uploads\/2021\/12\/TECHNICIAN-MOULDKING-27006-Ferrari-488-GTB-1.jpg\" alt=\"Mould King 27006 Ferrari 488 GTB\" width=\"635\" height=\"638\" title=\"-\" srcset=\"https:\/\/mouldking.store\/wp-content\/uploads\/2021\/12\/TECHNICIAN-MOULDKING-27006-Ferrari-488-GTB-1.jpg 635w, https:\/\/mouldking.store\/wp-content\/uploads\/2021\/12\/TECHNICIAN-MOULDKING-27006-Ferrari-488-GTB-1-300x301.jpg 300w, https:\/\/mouldking.store\/wp-content\/uploads\/2021\/12\/TECHNICIAN-MOULDKING-27006-Ferrari-488-GTB-1-600x603.jpg 600w, https:\/\/mouldking.store\/wp-content\/uploads\/2021\/12\/TECHNICIAN-MOULDKING-27006-Ferrari-488-GTB-1-150x150.jpg 150w\" sizes=\"(max-width: 635px) 100vw, 635px\" \/><figcaption id=\"caption-attachment-28191\" class=\"wp-caption-text\">Mould King 27006 Ferrari 488 GTB<\/figcaption><\/figure>\n<figure id=\"attachment_28194\" aria-describedby=\"caption-attachment-28194\" style=\"width: 642px\" class=\"wp-caption aligncenter\"><img decoding=\"async\" class=\"wp-image-28194 size-full\" src=\"https:\/\/mouldking.store\/wp-content\/uploads\/2021\/12\/TECHNICIAN-MOULDKING-27006-Ferrari-488-GTB-4.jpg\" alt=\"Mould King 27006 Ferrari 488 GTB\" width=\"642\" height=\"811\" title=\"-\" srcset=\"https:\/\/mouldking.store\/wp-content\/uploads\/2021\/12\/TECHNICIAN-MOULDKING-27006-Ferrari-488-GTB-4.jpg 642w, https:\/\/mouldking.store\/wp-content\/uploads\/2021\/12\/TECHNICIAN-MOULDKING-27006-Ferrari-488-GTB-4-237x300.jpg 237w, https:\/\/mouldking.store\/wp-content\/uploads\/2021\/12\/TECHNICIAN-MOULDKING-27006-Ferrari-488-GTB-4-300x379.jpg 300w, https:\/\/mouldking.store\/wp-content\/uploads\/2021\/12\/TECHNICIAN-MOULDKING-27006-Ferrari-488-GTB-4-600x758.jpg 600w, https:\/\/mouldking.store\/wp-content\/uploads\/2021\/12\/TECHNICIAN-MOULDKING-27006-Ferrari-488-GTB-4-119x150.jpg 119w\" sizes=\"(max-width: 642px) 100vw, 642px\" \/><figcaption id=\"caption-attachment-28194\" class=\"wp-caption-text\">Mould King 27006 Ferrari 488 GTB<\/figcaption><\/figure>\n<figure id=\"attachment_28193\" aria-describedby=\"caption-attachment-28193\" style=\"width: 643px\" class=\"wp-caption aligncenter\"><img decoding=\"async\" class=\"wp-image-28193 size-full\" src=\"https:\/\/mouldking.store\/wp-content\/uploads\/2021\/12\/TECHNICIAN-MOULDKING-27006-Ferrari-488-GTB-3.jpg\" alt=\"Mould King 27006 Ferrari 488 GTB\" width=\"643\" height=\"673\" title=\"-\" srcset=\"https:\/\/mouldking.store\/wp-content\/uploads\/2021\/12\/TECHNICIAN-MOULDKING-27006-Ferrari-488-GTB-3.jpg 643w, https:\/\/mouldking.store\/wp-content\/uploads\/2021\/12\/TECHNICIAN-MOULDKING-27006-Ferrari-488-GTB-3-287x300.jpg 287w, https:\/\/mouldking.store\/wp-content\/uploads\/2021\/12\/TECHNICIAN-MOULDKING-27006-Ferrari-488-GTB-3-300x314.jpg 300w, https:\/\/mouldking.store\/wp-content\/uploads\/2021\/12\/TECHNICIAN-MOULDKING-27006-Ferrari-488-GTB-3-600x628.jpg 600w, https:\/\/mouldking.store\/wp-content\/uploads\/2021\/12\/TECHNICIAN-MOULDKING-27006-Ferrari-488-GTB-3-143x150.jpg 143w\" sizes=\"(max-width: 643px) 100vw, 643px\" \/><figcaption id=\"caption-attachment-28193\" class=\"wp-caption-text\">Mould King 27006 Ferrari 488 GTB<\/figcaption><\/figure>\n<figure id=\"attachment_28192\" aria-describedby=\"caption-attachment-28192\" style=\"width: 639px\" class=\"wp-caption aligncenter\"><img loading=\"lazy\" decoding=\"async\" class=\"wp-image-28192 size-full\" src=\"https:\/\/mouldking.store\/wp-content\/uploads\/2021\/12\/TECHNICIAN-MOULDKING-27006-Ferrari-488-GTB-2.jpg\" alt=\"Mould King 27006 Ferrari 488 GTB\" width=\"639\" height=\"760\" title=\"-\" srcset=\"https:\/\/mouldking.store\/wp-content\/uploads\/2021\/12\/TECHNICIAN-MOULDKING-27006-Ferrari-488-GTB-2.jpg 639w, https:\/\/mouldking.store\/wp-content\/uploads\/2021\/12\/TECHNICIAN-MOULDKING-27006-Ferrari-488-GTB-2-252x300.jpg 252w, https:\/\/mouldking.store\/wp-content\/uploads\/2021\/12\/TECHNICIAN-MOULDKING-27006-Ferrari-488-GTB-2-300x357.jpg 300w, https:\/\/mouldking.store\/wp-content\/uploads\/2021\/12\/TECHNICIAN-MOULDKING-27006-Ferrari-488-GTB-2-600x714.jpg 600w, https:\/\/mouldking.store\/wp-content\/uploads\/2021\/12\/TECHNICIAN-MOULDKING-27006-Ferrari-488-GTB-2-126x150.jpg 126w\" sizes=\"(max-width: 639px) 100vw, 639px\" \/><figcaption id=\"caption-attachment-28192\" class=\"wp-caption-text\">Mould King 27006 Ferrari 488 GTB<\/figcaption><\/figure>","protected":false},"excerpt":{"rendered":"<p>Product information: Brand: Mould King Gender: Unisex Name: Ferrari 488 GTB Age Range: &gt; 8 years old Model Number: 27006 Classification: Assemblage Plastic Block Shape: Self-Locking Bricks Material: Plastic Plastic Type: ABS Bricks Blocks: 329 PCS Contains detailed assembly instructions. Notice: 1. Without an original box, but we guarantee our products have quality assurance and [&hellip;]<\/p>","protected":false},"featured_media":28191,"comment_status":"open","ping_status":"closed","template":"","meta":{"_acf_changed":false},"product_cat":[364],"product_tag":[4029,4024,4031,4023,4022,4025,4027,4028,4030,4026,4033,4032],"class_list":["product","first","instock","shipping-taxable","purchasable","product-type-simple"],"acf":[],"_links":{"self":[{"href":"https:\/\/mouldking.store\/vi\/wp-json\/wp\/v2\/product\/28190","targetHints":{"allow":["GET"]}}],"collection":[{"href":"https:\/\/mouldking.store\/vi\/wp-json\/wp\/v2\/product"}],"about":[{"href":"https:\/\/mouldking.store\/vi\/wp-json\/wp\/v2\/types\/product"}],"replies":[{"embeddable":true,"href":"https:\/\/mouldking.store\/vi\/wp-json\/wp\/v2\/comments?post=28190"}],"wp:featuredmedia":[{"embeddable":true,"href":"https:\/\/mouldking.store\/vi\/wp-json\/wp\/v2\/media\/28191"}],"wp:attachment":[{"href":"https:\/\/mouldking.store\/vi\/wp-json\/wp\/v2\/media?parent=28190"}],"wp:term":[{"taxonomy":"product_cat","embeddable":true,"href":"https:\/\/mouldking.store\/vi\/wp-json\/wp\/v2\/product_cat?post=28190"},{"taxonomy":"product_tag","embeddable":true,"href":"https:\/\/mouldking.store\/vi\/wp-json\/wp\/v2\/product_tag?post=28190"}],"curies":[{"name":"wp","href":"https:\/\/api.w.org\/{rel}","templated":true}]}}