{"id":28263,"date":"2021-12-04T07:12:14","date_gmt":"2021-12-04T07:12:14","guid":{"rendered":"https:\/\/mouldking.store\/?post_type=product&#038;p=28263"},"modified":"2021-12-23T09:40:24","modified_gmt":"2021-12-23T09:40:24","slug":"jiestar-89131-clothing-store-with-3065-pieces","status":"publish","type":"product","link":"https:\/\/mouldking.store\/vi\/shop\/jiestar-89131-clothing-store-with-3065-pieces\/","title":{"rendered":"JIESTAR 89131 Clothing Store with 3065 pieces"},"content":{"rendered":"<p>Th\u00f4ng tin s\u1ea3n ph\u1ea9m:<\/p>\n<ol>\n<li>Th\u01b0\u01a1ng hi\u1ec7u: JIESTAR<\/li>\n<li>Gi\u1edbi t\u00ednh: Unisex<\/li>\n<li>Name: Clothing Store<\/li>\n<li>\u0110\u1ed9 tu\u1ed5i: &gt; 6 tu\u1ed5i<\/li>\n<li>Model Number: 89131<\/li>\n<li>Ph\u00e2n lo\u1ea1i: T\u1eadp h\u1ee3p<\/li>\n<li>H\u00ecnh d\u1ea1ng kh\u1ed1i nh\u1ef1a: G\u1ea1ch t\u1ef1 kh\u00f3a<\/li>\n<li>Ch\u1ea5t li\u1ec7u: Nh\u1ef1a<\/li>\n<li>Lo\u1ea1i nh\u1ef1a: ABS<\/li>\n<li>Bricks Blocks: 3065 PCS<\/li>\n<li>Ch\u1ee9a h\u01b0\u1edbng d\u1eabn l\u1eafp r\u00e1p chi ti\u1ebft.<\/li>\n<\/ol>\n<p>\u0110\u1ec3 \u00fd:<br \/>\n1. Kh\u00f4ng c\u00f3 h\u1ed9p ban \u0111\u1ea7u, nh\u01b0ng ch\u00fang t\u00f4i \u0111\u1ea3m b\u1ea3o s\u1ea3n ph\u1ea9m c\u1ee7a ch\u00fang t\u00f4i c\u00f3 ch\u1ea5t l\u01b0\u1ee3ng \u0111\u1ea3m b\u1ea3o v\u00e0 bao b\u00ec \u0111\u1eb9p.<br \/>\n2. V\u00ec t\u1ea5t c\u1ea3 c\u00e1c b\u1ed9 ph\u1eadn ch\u00fang t\u00f4i \u0111\u00e3 ki\u1ec3m tra tr\u01b0\u1edbc khi v\u1eadn chuy\u1ec3n, v\u00ec v\u1eady n\u1ebfu b\u1ea1n th\u1ea5y m\u1ed9t s\u1ed1 b\u1ed9 ph\u1eadn b\u1ecb thi\u1ebfu ho\u1eb7c h\u01b0 h\u1ecfng, \u0111\u1eebng lo l\u1eafng v\u00e0 ch\u1ec9 c\u1ea7n vui l\u00f2ng li\u00ean h\u1ec7 v\u1edbi ch\u00fang t\u00f4i v\u00e0 ch\u00fang t\u00f4i c\u00f3 th\u1ec3 g\u1eedi l\u1ea1i mi\u1ec5n ph\u00ed cho b\u1ea1n ngay l\u1eadp t\u1ee9c.<\/p>\n<figure id=\"attachment_28266\" aria-describedby=\"caption-attachment-28266\" style=\"width: 652px\" class=\"wp-caption aligncenter\"><img fetchpriority=\"high\" decoding=\"async\" class=\"wp-image-28266 size-full\" src=\"https:\/\/mouldking.store\/wp-content\/uploads\/2021\/12\/JIESTAR-89131-Clothing-Store-with-3065-pieces-3.jpg\" alt=\"JIESTAR 89131 Clothing Store with 3065 pieces\" width=\"652\" height=\"1024\" title=\"-\" srcset=\"https:\/\/mouldking.store\/wp-content\/uploads\/2021\/12\/JIESTAR-89131-Clothing-Store-with-3065-pieces-3.jpg 652w, https:\/\/mouldking.store\/wp-content\/uploads\/2021\/12\/JIESTAR-89131-Clothing-Store-with-3065-pieces-3-191x300.jpg 191w, https:\/\/mouldking.store\/wp-content\/uploads\/2021\/12\/JIESTAR-89131-Clothing-Store-with-3065-pieces-3-300x471.jpg 300w, https:\/\/mouldking.store\/wp-content\/uploads\/2021\/12\/JIESTAR-89131-Clothing-Store-with-3065-pieces-3-600x942.jpg 600w, https:\/\/mouldking.store\/wp-content\/uploads\/2021\/12\/JIESTAR-89131-Clothing-Store-with-3065-pieces-3-96x150.jpg 96w\" sizes=\"(max-width: 652px) 100vw, 652px\" \/><figcaption id=\"caption-attachment-28266\" class=\"wp-caption-text\">JIESTAR 89131 Clothing Store with 3065 pieces<\/figcaption><\/figure>\n<figure id=\"attachment_28265\" aria-describedby=\"caption-attachment-28265\" style=\"width: 711px\" class=\"wp-caption aligncenter\"><img decoding=\"async\" class=\"wp-image-28265 size-full\" src=\"https:\/\/mouldking.store\/wp-content\/uploads\/2021\/12\/JIESTAR-89131-Clothing-Store-with-3065-pieces-2.jpg\" alt=\"JIESTAR 89131 Clothing Store with 3065 pieces\" width=\"711\" height=\"1024\" title=\"-\" srcset=\"https:\/\/mouldking.store\/wp-content\/uploads\/2021\/12\/JIESTAR-89131-Clothing-Store-with-3065-pieces-2.jpg 711w, https:\/\/mouldking.store\/wp-content\/uploads\/2021\/12\/JIESTAR-89131-Clothing-Store-with-3065-pieces-2-208x300.jpg 208w, https:\/\/mouldking.store\/wp-content\/uploads\/2021\/12\/JIESTAR-89131-Clothing-Store-with-3065-pieces-2-300x432.jpg 300w, https:\/\/mouldking.store\/wp-content\/uploads\/2021\/12\/JIESTAR-89131-Clothing-Store-with-3065-pieces-2-600x864.jpg 600w, https:\/\/mouldking.store\/wp-content\/uploads\/2021\/12\/JIESTAR-89131-Clothing-Store-with-3065-pieces-2-104x150.jpg 104w\" sizes=\"(max-width: 711px) 100vw, 711px\" \/><figcaption id=\"caption-attachment-28265\" class=\"wp-caption-text\">JIESTAR 89131 Clothing Store with 3065 pieces<\/figcaption><\/figure>\n<figure id=\"attachment_28264\" aria-describedby=\"caption-attachment-28264\" style=\"width: 900px\" class=\"wp-caption aligncenter\"><img decoding=\"async\" class=\"wp-image-28264 size-full\" src=\"https:\/\/mouldking.store\/wp-content\/uploads\/2021\/12\/JIESTAR-89131-Clothing-Store-with-3065-pieces-1.jpg\" alt=\"JIESTAR 89131 Clothing Store with 3065 pieces\" width=\"900\" height=\"830\" title=\"-\" srcset=\"https:\/\/mouldking.store\/wp-content\/uploads\/2021\/12\/JIESTAR-89131-Clothing-Store-with-3065-pieces-1.jpg 900w, https:\/\/mouldking.store\/wp-content\/uploads\/2021\/12\/JIESTAR-89131-Clothing-Store-with-3065-pieces-1-300x277.jpg 300w, https:\/\/mouldking.store\/wp-content\/uploads\/2021\/12\/JIESTAR-89131-Clothing-Store-with-3065-pieces-1-768x708.jpg 768w, https:\/\/mouldking.store\/wp-content\/uploads\/2021\/12\/JIESTAR-89131-Clothing-Store-with-3065-pieces-1-600x553.jpg 600w, https:\/\/mouldking.store\/wp-content\/uploads\/2021\/12\/JIESTAR-89131-Clothing-Store-with-3065-pieces-1-150x138.jpg 150w\" sizes=\"(max-width: 900px) 100vw, 900px\" \/><figcaption id=\"caption-attachment-28264\" class=\"wp-caption-text\">JIESTAR 89131 Clothing Store with 3065 pieces<\/figcaption><\/figure>","protected":false},"excerpt":{"rendered":"<p>Product information: Brand: JIESTAR Gender: Unisex Name: Clothing Store Age Range: &gt; 6 years old Model Number: 89131 Classification: Assemblage Plastic Block Shape: Self-Locking Bricks Material: Plastic Plastic Type: ABS Bricks Blocks: 3065 PCS Contains detailed assembly instructions. Notice: 1. Without an original box, but we guarantee our products have quality assurance and nice packaging. [&hellip;]<\/p>","protected":false},"featured_media":28267,"comment_status":"open","ping_status":"closed","template":"","meta":{"_acf_changed":false},"product_cat":[390],"product_tag":[4100,4099,4101,4098,3075,4097,4095,4094,4096,1693],"class_list":["product","first","instock","shipping-taxable","purchasable","product-type-simple"],"acf":[],"_links":{"self":[{"href":"https:\/\/mouldking.store\/vi\/wp-json\/wp\/v2\/product\/28263","targetHints":{"allow":["GET"]}}],"collection":[{"href":"https:\/\/mouldking.store\/vi\/wp-json\/wp\/v2\/product"}],"about":[{"href":"https:\/\/mouldking.store\/vi\/wp-json\/wp\/v2\/types\/product"}],"replies":[{"embeddable":true,"href":"https:\/\/mouldking.store\/vi\/wp-json\/wp\/v2\/comments?post=28263"}],"wp:featuredmedia":[{"embeddable":true,"href":"https:\/\/mouldking.store\/vi\/wp-json\/wp\/v2\/media\/28267"}],"wp:attachment":[{"href":"https:\/\/mouldking.store\/vi\/wp-json\/wp\/v2\/media?parent=28263"}],"wp:term":[{"taxonomy":"product_cat","embeddable":true,"href":"https:\/\/mouldking.store\/vi\/wp-json\/wp\/v2\/product_cat?post=28263"},{"taxonomy":"product_tag","embeddable":true,"href":"https:\/\/mouldking.store\/vi\/wp-json\/wp\/v2\/product_tag?post=28263"}],"curies":[{"name":"wp","href":"https:\/\/api.w.org\/{rel}","templated":true}]}}