{"id":28268,"date":"2021-12-04T07:15:49","date_gmt":"2021-12-04T07:15:49","guid":{"rendered":"https:\/\/mouldking.store\/?post_type=product&#038;p=28268"},"modified":"2021-12-23T09:40:24","modified_gmt":"2021-12-23T09:40:24","slug":"mould-king-13082-rc-offroad-truck-with-3695-pieces","status":"publish","type":"product","link":"https:\/\/mouldking.store\/vi\/shop\/mould-king-13082-rc-offroad-truck-with-3695-pieces\/","title":{"rendered":"Xe \u0111\u1ecba h\u00ecnh RC Mold King 13082 g\u1ed3m 3695 m\u1ea3nh gh\u00e9p"},"content":{"rendered":"<p>Th\u00f4ng tin s\u1ea3n ph\u1ea9m:<\/p>\n<ol>\n<li>Th\u01b0\u01a1ng hi\u1ec7u: Khu\u00f4n Vua<\/li>\n<li>Gi\u1edbi t\u00ednh: Unisex<\/li>\n<li>T\u00ean: Xe t\u1ea3i \u0111\u1ecba h\u00ecnh RC<\/li>\n<li>\u0110\u1ed9 tu\u1ed5i: &gt; 6 tu\u1ed5i<\/li>\n<li>S\u1ed1 m\u00f4 h\u00ecnh: 13082<\/li>\n<li>Ph\u00e2n lo\u1ea1i: T\u1eadp h\u1ee3p<\/li>\n<li>H\u00ecnh d\u1ea1ng kh\u1ed1i nh\u1ef1a: G\u1ea1ch t\u1ef1 kh\u00f3a<\/li>\n<li>Ch\u1ea5t li\u1ec7u: Nh\u1ef1a<\/li>\n<li>Lo\u1ea1i nh\u1ef1a: ABS<\/li>\n<li>Kh\u1ed1i g\u1ea1ch: 3695 C\u00c1I<\/li>\n<li>Ch\u1ee9a h\u01b0\u1edbng d\u1eabn l\u1eafp r\u00e1p chi ti\u1ebft.<\/li>\n<\/ol>\n<p>\u0110\u1ec3 \u00fd:<br \/>\n1. Kh\u00f4ng c\u00f3 h\u1ed9p ban \u0111\u1ea7u, nh\u01b0ng ch\u00fang t\u00f4i \u0111\u1ea3m b\u1ea3o s\u1ea3n ph\u1ea9m c\u1ee7a ch\u00fang t\u00f4i c\u00f3 ch\u1ea5t l\u01b0\u1ee3ng \u0111\u1ea3m b\u1ea3o v\u00e0 bao b\u00ec \u0111\u1eb9p.<br \/>\n2. V\u00ec t\u1ea5t c\u1ea3 c\u00e1c b\u1ed9 ph\u1eadn ch\u00fang t\u00f4i \u0111\u00e3 ki\u1ec3m tra tr\u01b0\u1edbc khi v\u1eadn chuy\u1ec3n, v\u00ec v\u1eady n\u1ebfu b\u1ea1n th\u1ea5y m\u1ed9t s\u1ed1 b\u1ed9 ph\u1eadn b\u1ecb thi\u1ebfu ho\u1eb7c h\u01b0 h\u1ecfng, \u0111\u1eebng lo l\u1eafng v\u00e0 ch\u1ec9 c\u1ea7n vui l\u00f2ng li\u00ean h\u1ec7 v\u1edbi ch\u00fang t\u00f4i v\u00e0 ch\u00fang t\u00f4i c\u00f3 th\u1ec3 g\u1eedi l\u1ea1i mi\u1ec5n ph\u00ed cho b\u1ea1n ngay l\u1eadp t\u1ee9c.<\/p>\n<figure id=\"attachment_28269\" aria-describedby=\"caption-attachment-28269\" style=\"width: 800px\" class=\"wp-caption aligncenter\"><img fetchpriority=\"high\" decoding=\"async\" class=\"wp-image-28269 size-full\" src=\"https:\/\/mouldking.store\/wp-content\/uploads\/2021\/12\/Mould-King-13082-RC-Offroad-Truck-with-3695-pieces-1.jpg\" alt=\"Mould King 13082 RC Offroad Truck with 3695 pieces\" width=\"800\" height=\"800\" title=\"-\" srcset=\"https:\/\/mouldking.store\/wp-content\/uploads\/2021\/12\/Mould-King-13082-RC-Offroad-Truck-with-3695-pieces-1.jpg 800w, https:\/\/mouldking.store\/wp-content\/uploads\/2021\/12\/Mould-King-13082-RC-Offroad-Truck-with-3695-pieces-1-300x300.jpg 300w, https:\/\/mouldking.store\/wp-content\/uploads\/2021\/12\/Mould-King-13082-RC-Offroad-Truck-with-3695-pieces-1-768x768.jpg 768w, https:\/\/mouldking.store\/wp-content\/uploads\/2021\/12\/Mould-King-13082-RC-Offroad-Truck-with-3695-pieces-1-600x600.jpg 600w, https:\/\/mouldking.store\/wp-content\/uploads\/2021\/12\/Mould-King-13082-RC-Offroad-Truck-with-3695-pieces-1-150x150.jpg 150w\" sizes=\"(max-width: 800px) 100vw, 800px\" \/><figcaption id=\"caption-attachment-28269\" class=\"wp-caption-text\">Xe \u0111\u1ecba h\u00ecnh RC Mold King 13082 g\u1ed3m 3695 m\u1ea3nh gh\u00e9p<\/figcaption><\/figure>\n<figure id=\"attachment_28272\" aria-describedby=\"caption-attachment-28272\" style=\"width: 790px\" class=\"wp-caption aligncenter\"><img decoding=\"async\" class=\"wp-image-28272 size-full\" src=\"https:\/\/mouldking.store\/wp-content\/uploads\/2021\/12\/Mould-King-13082-RC-Offroad-Truck-with-3695-pieces-4.jpg\" alt=\"Mould King 13082 RC Offroad Truck with 3695 pieces\" width=\"790\" height=\"992\" title=\"-\" srcset=\"https:\/\/mouldking.store\/wp-content\/uploads\/2021\/12\/Mould-King-13082-RC-Offroad-Truck-with-3695-pieces-4.jpg 790w, https:\/\/mouldking.store\/wp-content\/uploads\/2021\/12\/Mould-King-13082-RC-Offroad-Truck-with-3695-pieces-4-239x300.jpg 239w, https:\/\/mouldking.store\/wp-content\/uploads\/2021\/12\/Mould-King-13082-RC-Offroad-Truck-with-3695-pieces-4-768x964.jpg 768w, https:\/\/mouldking.store\/wp-content\/uploads\/2021\/12\/Mould-King-13082-RC-Offroad-Truck-with-3695-pieces-4-300x377.jpg 300w, https:\/\/mouldking.store\/wp-content\/uploads\/2021\/12\/Mould-King-13082-RC-Offroad-Truck-with-3695-pieces-4-600x753.jpg 600w, https:\/\/mouldking.store\/wp-content\/uploads\/2021\/12\/Mould-King-13082-RC-Offroad-Truck-with-3695-pieces-4-119x150.jpg 119w\" sizes=\"(max-width: 790px) 100vw, 790px\" \/><figcaption id=\"caption-attachment-28272\" class=\"wp-caption-text\">Xe \u0111\u1ecba h\u00ecnh RC Mold King 13082 g\u1ed3m 3695 m\u1ea3nh gh\u00e9p<\/figcaption><\/figure>\n<figure id=\"attachment_28273\" aria-describedby=\"caption-attachment-28273\" style=\"width: 790px\" class=\"wp-caption aligncenter\"><img decoding=\"async\" class=\"wp-image-28273 size-full\" src=\"https:\/\/mouldking.store\/wp-content\/uploads\/2021\/12\/Mould-King-13082-RC-Offroad-Truck-with-3695-pieces-5.jpg\" alt=\"Mould King 13082 RC Offroad Truck with 3695 pieces\" width=\"790\" height=\"798\" title=\"-\" srcset=\"https:\/\/mouldking.store\/wp-content\/uploads\/2021\/12\/Mould-King-13082-RC-Offroad-Truck-with-3695-pieces-5.jpg 790w, https:\/\/mouldking.store\/wp-content\/uploads\/2021\/12\/Mould-King-13082-RC-Offroad-Truck-with-3695-pieces-5-297x300.jpg 297w, https:\/\/mouldking.store\/wp-content\/uploads\/2021\/12\/Mould-King-13082-RC-Offroad-Truck-with-3695-pieces-5-768x776.jpg 768w, https:\/\/mouldking.store\/wp-content\/uploads\/2021\/12\/Mould-King-13082-RC-Offroad-Truck-with-3695-pieces-5-300x303.jpg 300w, https:\/\/mouldking.store\/wp-content\/uploads\/2021\/12\/Mould-King-13082-RC-Offroad-Truck-with-3695-pieces-5-600x606.jpg 600w, https:\/\/mouldking.store\/wp-content\/uploads\/2021\/12\/Mould-King-13082-RC-Offroad-Truck-with-3695-pieces-5-148x150.jpg 148w\" sizes=\"(max-width: 790px) 100vw, 790px\" \/><figcaption id=\"caption-attachment-28273\" class=\"wp-caption-text\">Xe \u0111\u1ecba h\u00ecnh RC Mold King 13082 g\u1ed3m 3695 m\u1ea3nh gh\u00e9p<\/figcaption><\/figure>\n<figure id=\"attachment_28271\" aria-describedby=\"caption-attachment-28271\" style=\"width: 790px\" class=\"wp-caption aligncenter\"><img loading=\"lazy\" decoding=\"async\" class=\"wp-image-28271 size-full\" src=\"https:\/\/mouldking.store\/wp-content\/uploads\/2021\/12\/Mould-King-13082-RC-Offroad-Truck-with-3695-pieces-3.jpg\" alt=\"Mould King 13082 RC Offroad Truck with 3695 pieces\" width=\"790\" height=\"980\" title=\"-\" srcset=\"https:\/\/mouldking.store\/wp-content\/uploads\/2021\/12\/Mould-King-13082-RC-Offroad-Truck-with-3695-pieces-3.jpg 790w, https:\/\/mouldking.store\/wp-content\/uploads\/2021\/12\/Mould-King-13082-RC-Offroad-Truck-with-3695-pieces-3-242x300.jpg 242w, https:\/\/mouldking.store\/wp-content\/uploads\/2021\/12\/Mould-King-13082-RC-Offroad-Truck-with-3695-pieces-3-768x953.jpg 768w, https:\/\/mouldking.store\/wp-content\/uploads\/2021\/12\/Mould-King-13082-RC-Offroad-Truck-with-3695-pieces-3-300x372.jpg 300w, https:\/\/mouldking.store\/wp-content\/uploads\/2021\/12\/Mould-King-13082-RC-Offroad-Truck-with-3695-pieces-3-600x744.jpg 600w, https:\/\/mouldking.store\/wp-content\/uploads\/2021\/12\/Mould-King-13082-RC-Offroad-Truck-with-3695-pieces-3-121x150.jpg 121w\" sizes=\"(max-width: 790px) 100vw, 790px\" \/><figcaption id=\"caption-attachment-28271\" class=\"wp-caption-text\">Xe \u0111\u1ecba h\u00ecnh RC Mold King 13082 g\u1ed3m 3695 m\u1ea3nh gh\u00e9p<\/figcaption><\/figure>\n<figure id=\"attachment_28270\" aria-describedby=\"caption-attachment-28270\" style=\"width: 790px\" class=\"wp-caption aligncenter\"><img loading=\"lazy\" decoding=\"async\" class=\"wp-image-28270 size-full\" src=\"https:\/\/mouldking.store\/wp-content\/uploads\/2021\/12\/Mould-King-13082-RC-Offroad-Truck-with-3695-pieces-2.jpg\" alt=\"Mould King 13082 RC Offroad Truck with 3695 pieces\" width=\"790\" height=\"553\" title=\"-\" srcset=\"https:\/\/mouldking.store\/wp-content\/uploads\/2021\/12\/Mould-King-13082-RC-Offroad-Truck-with-3695-pieces-2.jpg 790w, https:\/\/mouldking.store\/wp-content\/uploads\/2021\/12\/Mould-King-13082-RC-Offroad-Truck-with-3695-pieces-2-300x210.jpg 300w, https:\/\/mouldking.store\/wp-content\/uploads\/2021\/12\/Mould-King-13082-RC-Offroad-Truck-with-3695-pieces-2-768x538.jpg 768w, https:\/\/mouldking.store\/wp-content\/uploads\/2021\/12\/Mould-King-13082-RC-Offroad-Truck-with-3695-pieces-2-600x420.jpg 600w, https:\/\/mouldking.store\/wp-content\/uploads\/2021\/12\/Mould-King-13082-RC-Offroad-Truck-with-3695-pieces-2-150x105.jpg 150w\" sizes=\"(max-width: 790px) 100vw, 790px\" \/><figcaption id=\"caption-attachment-28270\" class=\"wp-caption-text\">Xe \u0111\u1ecba h\u00ecnh RC Mold King 13082 g\u1ed3m 3695 m\u1ea3nh gh\u00e9p<\/figcaption><\/figure>","protected":false},"excerpt":{"rendered":"<p>Product information: Brand: Mould King Gender: Unisex Name: RC Offroad Truck Age Range: &gt; 6 years old Model Number: 13082 Classification: Assemblage Plastic Block Shape: Self-Locking Bricks Material: Plastic Plastic Type: ABS Bricks Blocks: 3695 PCS Contains detailed assembly instructions. Notice: 1. Without an original box, but we guarantee our products have quality assurance and [&hellip;]<\/p>","protected":false},"featured_media":28269,"comment_status":"open","ping_status":"closed","template":"","meta":{"_acf_changed":false},"product_cat":[364],"product_tag":[4108,615,4104,4107,4103,4102,4106,4111,4110,4109,481,4105],"class_list":["product","first","instock","shipping-taxable","purchasable","product-type-simple"],"acf":[],"_links":{"self":[{"href":"https:\/\/mouldking.store\/vi\/wp-json\/wp\/v2\/product\/28268","targetHints":{"allow":["GET"]}}],"collection":[{"href":"https:\/\/mouldking.store\/vi\/wp-json\/wp\/v2\/product"}],"about":[{"href":"https:\/\/mouldking.store\/vi\/wp-json\/wp\/v2\/types\/product"}],"replies":[{"embeddable":true,"href":"https:\/\/mouldking.store\/vi\/wp-json\/wp\/v2\/comments?post=28268"}],"wp:featuredmedia":[{"embeddable":true,"href":"https:\/\/mouldking.store\/vi\/wp-json\/wp\/v2\/media\/28269"}],"wp:attachment":[{"href":"https:\/\/mouldking.store\/vi\/wp-json\/wp\/v2\/media?parent=28268"}],"wp:term":[{"taxonomy":"product_cat","embeddable":true,"href":"https:\/\/mouldking.store\/vi\/wp-json\/wp\/v2\/product_cat?post=28268"},{"taxonomy":"product_tag","embeddable":true,"href":"https:\/\/mouldking.store\/vi\/wp-json\/wp\/v2\/product_tag?post=28268"}],"curies":[{"name":"wp","href":"https:\/\/api.w.org\/{rel}","templated":true}]}}