{"id":28985,"date":"2022-01-01T08:13:48","date_gmt":"2022-01-01T08:13:48","guid":{"rendered":"https:\/\/mouldking.store\/?post_type=product&#038;p=28985"},"modified":"2025-12-25T09:12:31","modified_gmt":"2025-12-25T02:12:31","slug":"moc-20217-breaking-bad-skyline-architecture-with-427-pieces","status":"publish","type":"product","link":"https:\/\/mouldking.store\/vi\/shop\/moc-20217-breaking-bad-skyline-architecture-with-427-pieces\/","title":{"rendered":"MOC-20217 Ph\u00e1 v\u1ee1 Ki\u1ebfn tr\u00fac \u0110\u01b0\u1eddng ch\u00e2n tr\u1eddi X\u1ea5u v\u1edbi 427 mi\u1ebfng"},"content":{"rendered":"<p>Th\u00f4ng tin s\u1ea3n ph\u1ea9m:<\/p>\n<ol>\n<li>Th\u01b0\u01a1ng hi\u1ec7u: M\u1ed8C<\/li>\n<li>Gi\u1edbi t\u00ednh: Unisex<\/li>\n<li>Name: Breaking Bad Skyline Architecture<\/li>\n<li>\u0110\u1ed9 tu\u1ed5i: &gt; 6 tu\u1ed5i<\/li>\n<li>Model Number: MOC-20217<\/li>\n<li>Ph\u00e2n lo\u1ea1i: T\u1eadp h\u1ee3p<\/li>\n<li>H\u00ecnh d\u1ea1ng kh\u1ed1i nh\u1ef1a: G\u1ea1ch t\u1ef1 kh\u00f3a<\/li>\n<li>Ch\u1ea5t li\u1ec7u: Nh\u1ef1a<\/li>\n<li>Lo\u1ea1i nh\u1ef1a: ABS<\/li>\n<li>Bricks Blocks: 427 PCS<\/li>\n<li>Ch\u1ee9a h\u01b0\u1edbng d\u1eabn l\u1eafp r\u00e1p chi ti\u1ebft.<\/li>\n<\/ol>\n<p>\u0110\u1ec3 \u00fd:<br \/>\n1. Kh\u00f4ng c\u00f3 h\u1ed9p ban \u0111\u1ea7u, nh\u01b0ng ch\u00fang t\u00f4i \u0111\u1ea3m b\u1ea3o s\u1ea3n ph\u1ea9m c\u1ee7a ch\u00fang t\u00f4i c\u00f3 ch\u1ea5t l\u01b0\u1ee3ng \u0111\u1ea3m b\u1ea3o v\u00e0 bao b\u00ec \u0111\u1eb9p.<br \/>\n2. V\u00ec t\u1ea5t c\u1ea3 c\u00e1c b\u1ed9 ph\u1eadn ch\u00fang t\u00f4i \u0111\u00e3 ki\u1ec3m tra tr\u01b0\u1edbc khi v\u1eadn chuy\u1ec3n, v\u00ec v\u1eady n\u1ebfu b\u1ea1n th\u1ea5y m\u1ed9t s\u1ed1 b\u1ed9 ph\u1eadn b\u1ecb thi\u1ebfu ho\u1eb7c h\u01b0 h\u1ecfng, \u0111\u1eebng lo l\u1eafng v\u00e0 ch\u1ec9 c\u1ea7n vui l\u00f2ng li\u00ean h\u1ec7 v\u1edbi ch\u00fang t\u00f4i v\u00e0 ch\u00fang t\u00f4i c\u00f3 th\u1ec3 g\u1eedi l\u1ea1i mi\u1ec5n ph\u00ed cho b\u1ea1n ngay l\u1eadp t\u1ee9c.<\/p>\n<figure id=\"attachment_28986\" aria-describedby=\"caption-attachment-28986\" style=\"width: 800px\" class=\"wp-caption aligncenter\"><img fetchpriority=\"high\" decoding=\"async\" class=\"size-full wp-image-28986\" title=\"MOC-20217 Ph\u00e1 v\u1ee1 Ki\u1ebfn tr\u00fac \u0110\u01b0\u1eddng ch\u00e2n tr\u1eddi X\u1ea5u v\u1edbi 427 mi\u1ebfng\" src=\"https:\/\/mouldking.store\/wp-content\/uploads\/2022\/01\/moc-20217-breaking-bad-skyline-architecture-with-427-pieces.jpg\" alt=\"MOC-20217 Breaking Bad Skyline Architecture with 427 pieces\" width=\"800\" height=\"800\" srcset=\"https:\/\/mouldking.store\/wp-content\/uploads\/2022\/01\/moc-20217-breaking-bad-skyline-architecture-with-427-pieces.jpg 800w, https:\/\/mouldking.store\/wp-content\/uploads\/2022\/01\/moc-20217-breaking-bad-skyline-architecture-with-427-pieces-300x300.jpg 300w, https:\/\/mouldking.store\/wp-content\/uploads\/2022\/01\/moc-20217-breaking-bad-skyline-architecture-with-427-pieces-768x768.jpg 768w, https:\/\/mouldking.store\/wp-content\/uploads\/2022\/01\/moc-20217-breaking-bad-skyline-architecture-with-427-pieces-600x600.jpg 600w, https:\/\/mouldking.store\/wp-content\/uploads\/2022\/01\/moc-20217-breaking-bad-skyline-architecture-with-427-pieces-150x150.jpg 150w\" sizes=\"(max-width: 800px) 100vw, 800px\" \/><figcaption id=\"caption-attachment-28986\" class=\"wp-caption-text\">MOC-20217 Ph\u00e1 v\u1ee1 Ki\u1ebfn tr\u00fac \u0110\u01b0\u1eddng ch\u00e2n tr\u1eddi X\u1ea5u v\u1edbi 427 mi\u1ebfng<\/figcaption><\/figure>\n<figure id=\"attachment_28987\" aria-describedby=\"caption-attachment-28987\" style=\"width: 800px\" class=\"wp-caption aligncenter\"><img decoding=\"async\" class=\"size-full wp-image-28987\" title=\"MOC-20217 Ph\u00e1 v\u1ee1 Ki\u1ebfn tr\u00fac \u0110\u01b0\u1eddng ch\u00e2n tr\u1eddi X\u1ea5u v\u1edbi 427 mi\u1ebfng\" src=\"https:\/\/mouldking.store\/wp-content\/uploads\/2022\/01\/moc-20217-breaking-bad-skyline-architecture-with-427-pieces-1.jpg\" alt=\"MOC-20217 Breaking Bad Skyline Architecture with 427 pieces\" width=\"800\" height=\"800\" srcset=\"https:\/\/mouldking.store\/wp-content\/uploads\/2022\/01\/moc-20217-breaking-bad-skyline-architecture-with-427-pieces-1.jpg 800w, https:\/\/mouldking.store\/wp-content\/uploads\/2022\/01\/moc-20217-breaking-bad-skyline-architecture-with-427-pieces-1-300x300.jpg 300w, https:\/\/mouldking.store\/wp-content\/uploads\/2022\/01\/moc-20217-breaking-bad-skyline-architecture-with-427-pieces-1-768x768.jpg 768w, https:\/\/mouldking.store\/wp-content\/uploads\/2022\/01\/moc-20217-breaking-bad-skyline-architecture-with-427-pieces-1-600x600.jpg 600w, https:\/\/mouldking.store\/wp-content\/uploads\/2022\/01\/moc-20217-breaking-bad-skyline-architecture-with-427-pieces-1-150x150.jpg 150w\" sizes=\"(max-width: 800px) 100vw, 800px\" \/><figcaption id=\"caption-attachment-28987\" class=\"wp-caption-text\">MOC-20217 Ph\u00e1 v\u1ee1 Ki\u1ebfn tr\u00fac \u0110\u01b0\u1eddng ch\u00e2n tr\u1eddi X\u1ea5u v\u1edbi 427 mi\u1ebfng<\/figcaption><\/figure>","protected":false},"excerpt":{"rendered":"<p>Product information: Brand: MOC Gender: Unisex Name: Breaking Bad Skyline Architecture Age Range: &gt; 6 years old Model Number: MOC-20217 Classification: Assemblage Plastic Block Shape: Self-Locking Bricks Material: Plastic Plastic Type: ABS Bricks Blocks: 427 PCS Contains detailed assembly instructions. Notice: 1. Without an original box, but we guarantee our products have quality assurance and [&hellip;]<\/p>","protected":false},"featured_media":28988,"comment_status":"open","ping_status":"closed","template":"","meta":{"_acf_changed":false},"product_cat":[390],"product_tag":[4388,4387],"class_list":["product","first","instock","shipping-taxable","purchasable","product-type-simple"],"acf":[],"_links":{"self":[{"href":"https:\/\/mouldking.store\/vi\/wp-json\/wp\/v2\/product\/28985","targetHints":{"allow":["GET"]}}],"collection":[{"href":"https:\/\/mouldking.store\/vi\/wp-json\/wp\/v2\/product"}],"about":[{"href":"https:\/\/mouldking.store\/vi\/wp-json\/wp\/v2\/types\/product"}],"replies":[{"embeddable":true,"href":"https:\/\/mouldking.store\/vi\/wp-json\/wp\/v2\/comments?post=28985"}],"wp:featuredmedia":[{"embeddable":true,"href":"https:\/\/mouldking.store\/vi\/wp-json\/wp\/v2\/media\/28988"}],"wp:attachment":[{"href":"https:\/\/mouldking.store\/vi\/wp-json\/wp\/v2\/media?parent=28985"}],"wp:term":[{"taxonomy":"product_cat","embeddable":true,"href":"https:\/\/mouldking.store\/vi\/wp-json\/wp\/v2\/product_cat?post=28985"},{"taxonomy":"product_tag","embeddable":true,"href":"https:\/\/mouldking.store\/vi\/wp-json\/wp\/v2\/product_tag?post=28985"}],"curies":[{"name":"wp","href":"https:\/\/api.w.org\/{rel}","templated":true}]}}