{"id":29529,"date":"2022-02-22T09:03:23","date_gmt":"2022-02-22T02:03:23","guid":{"rendered":"https:\/\/mouldking.store\/?post_type=product&#038;p=29529"},"modified":"2022-02-22T09:03:23","modified_gmt":"2022-02-22T02:03:23","slug":"moyu-88003-rolls-royce-with-3120-pieces","status":"publish","type":"product","link":"https:\/\/mouldking.store\/vi\/shop\/moyu-88003-rolls-royce-with-3120-pieces\/","title":{"rendered":"MOYU 88003 Rolls Royce v\u1edbi 3120 chi\u1ebfc"},"content":{"rendered":"<p>Th\u00f4ng tin s\u1ea3n ph\u1ea9m:<\/p>\n<ol>\n<li>Th\u01b0\u01a1ng hi\u1ec7u: MOYOU<\/li>\n<li>Gi\u1edbi t\u00ednh: Unisex<\/li>\n<li>Name: Rolls Royce<\/li>\n<li>\u0110\u1ed9 tu\u1ed5i: &gt; 6 tu\u1ed5i<\/li>\n<li>Model Number: 88003<\/li>\n<li>Ph\u00e2n lo\u1ea1i: T\u1eadp h\u1ee3p<\/li>\n<li>H\u00ecnh d\u1ea1ng kh\u1ed1i nh\u1ef1a: G\u1ea1ch t\u1ef1 kh\u00f3a<\/li>\n<li>Ch\u1ea5t li\u1ec7u: Nh\u1ef1a<\/li>\n<li>Lo\u1ea1i nh\u1ef1a: ABS<\/li>\n<li>Bricks Blocks: 3120 PCS<\/li>\n<li>Ch\u1ee9a h\u01b0\u1edbng d\u1eabn l\u1eafp r\u00e1p chi ti\u1ebft.<\/li>\n<\/ol>\n<p>\u0110\u1ec3 \u00fd:<br \/>\n1. Kh\u00f4ng c\u00f3 h\u1ed9p ban \u0111\u1ea7u, nh\u01b0ng ch\u00fang t\u00f4i \u0111\u1ea3m b\u1ea3o s\u1ea3n ph\u1ea9m c\u1ee7a ch\u00fang t\u00f4i c\u00f3 ch\u1ea5t l\u01b0\u1ee3ng \u0111\u1ea3m b\u1ea3o v\u00e0 bao b\u00ec \u0111\u1eb9p.<br \/>\n2. V\u00ec t\u1ea5t c\u1ea3 c\u00e1c b\u1ed9 ph\u1eadn ch\u00fang t\u00f4i \u0111\u00e3 ki\u1ec3m tra tr\u01b0\u1edbc khi v\u1eadn chuy\u1ec3n, v\u00ec v\u1eady n\u1ebfu b\u1ea1n th\u1ea5y m\u1ed9t s\u1ed1 b\u1ed9 ph\u1eadn b\u1ecb thi\u1ebfu ho\u1eb7c h\u01b0 h\u1ecfng, \u0111\u1eebng lo l\u1eafng v\u00e0 ch\u1ec9 c\u1ea7n vui l\u00f2ng li\u00ean h\u1ec7 v\u1edbi ch\u00fang t\u00f4i v\u00e0 ch\u00fang t\u00f4i c\u00f3 th\u1ec3 g\u1eedi l\u1ea1i mi\u1ec5n ph\u00ed cho b\u1ea1n ngay l\u1eadp t\u1ee9c.<\/p>\n<figure id=\"attachment_29531\" aria-describedby=\"caption-attachment-29531\" style=\"width: 950px\" class=\"wp-caption aligncenter\"><img fetchpriority=\"high\" decoding=\"async\" class=\"wp-image-29531 size-full\" src=\"https:\/\/mouldking.store\/wp-content\/uploads\/2022\/02\/MOYU-88003-Rolls-Royce-with-3120-pieces-1.jpg\" alt=\"MOYU 88003 Rolls Royce with 3120 pieces\" width=\"950\" height=\"950\" title=\"-\" srcset=\"https:\/\/mouldking.store\/wp-content\/uploads\/2022\/02\/MOYU-88003-Rolls-Royce-with-3120-pieces-1.jpg 950w, https:\/\/mouldking.store\/wp-content\/uploads\/2022\/02\/MOYU-88003-Rolls-Royce-with-3120-pieces-1-300x300.jpg 300w, https:\/\/mouldking.store\/wp-content\/uploads\/2022\/02\/MOYU-88003-Rolls-Royce-with-3120-pieces-1-768x768.jpg 768w, https:\/\/mouldking.store\/wp-content\/uploads\/2022\/02\/MOYU-88003-Rolls-Royce-with-3120-pieces-1-600x600.jpg 600w, https:\/\/mouldking.store\/wp-content\/uploads\/2022\/02\/MOYU-88003-Rolls-Royce-with-3120-pieces-1-150x150.jpg 150w\" sizes=\"(max-width: 950px) 100vw, 950px\" \/><figcaption id=\"caption-attachment-29531\" class=\"wp-caption-text\">MOYU 88003 Rolls Royce v\u1edbi 3120 chi\u1ebfc<\/figcaption><\/figure>\n<figure id=\"attachment_29540\" aria-describedby=\"caption-attachment-29540\" style=\"width: 695px\" class=\"wp-caption aligncenter\"><img decoding=\"async\" class=\"wp-image-29540 size-full\" src=\"https:\/\/mouldking.store\/wp-content\/uploads\/2022\/02\/MOYU-88003-Rolls-Royce-with-3120-pieces-10.jpg\" alt=\"MOYU 88003 Rolls Royce with 3120 pieces\" width=\"695\" height=\"1024\" title=\"-\" srcset=\"https:\/\/mouldking.store\/wp-content\/uploads\/2022\/02\/MOYU-88003-Rolls-Royce-with-3120-pieces-10.jpg 695w, https:\/\/mouldking.store\/wp-content\/uploads\/2022\/02\/MOYU-88003-Rolls-Royce-with-3120-pieces-10-204x300.jpg 204w, https:\/\/mouldking.store\/wp-content\/uploads\/2022\/02\/MOYU-88003-Rolls-Royce-with-3120-pieces-10-300x442.jpg 300w, https:\/\/mouldking.store\/wp-content\/uploads\/2022\/02\/MOYU-88003-Rolls-Royce-with-3120-pieces-10-600x884.jpg 600w, https:\/\/mouldking.store\/wp-content\/uploads\/2022\/02\/MOYU-88003-Rolls-Royce-with-3120-pieces-10-102x150.jpg 102w\" sizes=\"(max-width: 695px) 100vw, 695px\" \/><figcaption id=\"caption-attachment-29540\" class=\"wp-caption-text\">MOYU 88003 Rolls Royce v\u1edbi 3120 chi\u1ebfc<\/figcaption><\/figure>\n<figure id=\"attachment_29537\" aria-describedby=\"caption-attachment-29537\" style=\"width: 695px\" class=\"wp-caption aligncenter\"><img decoding=\"async\" class=\"wp-image-29537 size-full\" src=\"https:\/\/mouldking.store\/wp-content\/uploads\/2022\/02\/MOYU-88003-Rolls-Royce-with-3120-pieces-7.jpg\" alt=\"MOYU 88003 Rolls Royce with 3120 pieces\" width=\"695\" height=\"1024\" title=\"-\" srcset=\"https:\/\/mouldking.store\/wp-content\/uploads\/2022\/02\/MOYU-88003-Rolls-Royce-with-3120-pieces-7.jpg 695w, https:\/\/mouldking.store\/wp-content\/uploads\/2022\/02\/MOYU-88003-Rolls-Royce-with-3120-pieces-7-204x300.jpg 204w, https:\/\/mouldking.store\/wp-content\/uploads\/2022\/02\/MOYU-88003-Rolls-Royce-with-3120-pieces-7-300x442.jpg 300w, https:\/\/mouldking.store\/wp-content\/uploads\/2022\/02\/MOYU-88003-Rolls-Royce-with-3120-pieces-7-600x884.jpg 600w, https:\/\/mouldking.store\/wp-content\/uploads\/2022\/02\/MOYU-88003-Rolls-Royce-with-3120-pieces-7-102x150.jpg 102w\" sizes=\"(max-width: 695px) 100vw, 695px\" \/><figcaption id=\"caption-attachment-29537\" class=\"wp-caption-text\">MOYU 88003 Rolls Royce v\u1edbi 3120 chi\u1ebfc<\/figcaption><\/figure>\n<figure id=\"attachment_29534\" aria-describedby=\"caption-attachment-29534\" style=\"width: 695px\" class=\"wp-caption aligncenter\"><img loading=\"lazy\" decoding=\"async\" class=\"wp-image-29534 size-full\" src=\"https:\/\/mouldking.store\/wp-content\/uploads\/2022\/02\/MOYU-88003-Rolls-Royce-with-3120-pieces-4.jpg\" alt=\"MOYU 88003 Rolls Royce with 3120 pieces\" width=\"695\" height=\"1024\" title=\"-\" srcset=\"https:\/\/mouldking.store\/wp-content\/uploads\/2022\/02\/MOYU-88003-Rolls-Royce-with-3120-pieces-4.jpg 695w, https:\/\/mouldking.store\/wp-content\/uploads\/2022\/02\/MOYU-88003-Rolls-Royce-with-3120-pieces-4-204x300.jpg 204w, https:\/\/mouldking.store\/wp-content\/uploads\/2022\/02\/MOYU-88003-Rolls-Royce-with-3120-pieces-4-300x442.jpg 300w, https:\/\/mouldking.store\/wp-content\/uploads\/2022\/02\/MOYU-88003-Rolls-Royce-with-3120-pieces-4-600x884.jpg 600w, https:\/\/mouldking.store\/wp-content\/uploads\/2022\/02\/MOYU-88003-Rolls-Royce-with-3120-pieces-4-102x150.jpg 102w\" sizes=\"(max-width: 695px) 100vw, 695px\" \/><figcaption id=\"caption-attachment-29534\" class=\"wp-caption-text\">MOYU 88003 Rolls Royce v\u1edbi 3120 chi\u1ebfc<\/figcaption><\/figure>\n<figure id=\"attachment_29538\" aria-describedby=\"caption-attachment-29538\" style=\"width: 695px\" class=\"wp-caption aligncenter\"><img loading=\"lazy\" decoding=\"async\" class=\"wp-image-29538 size-full\" src=\"https:\/\/mouldking.store\/wp-content\/uploads\/2022\/02\/MOYU-88003-Rolls-Royce-with-3120-pieces-8.jpg\" alt=\"MOYU 88003 Rolls Royce with 3120 pieces\" width=\"695\" height=\"1024\" title=\"-\" srcset=\"https:\/\/mouldking.store\/wp-content\/uploads\/2022\/02\/MOYU-88003-Rolls-Royce-with-3120-pieces-8.jpg 695w, https:\/\/mouldking.store\/wp-content\/uploads\/2022\/02\/MOYU-88003-Rolls-Royce-with-3120-pieces-8-204x300.jpg 204w, https:\/\/mouldking.store\/wp-content\/uploads\/2022\/02\/MOYU-88003-Rolls-Royce-with-3120-pieces-8-300x442.jpg 300w, https:\/\/mouldking.store\/wp-content\/uploads\/2022\/02\/MOYU-88003-Rolls-Royce-with-3120-pieces-8-600x884.jpg 600w, https:\/\/mouldking.store\/wp-content\/uploads\/2022\/02\/MOYU-88003-Rolls-Royce-with-3120-pieces-8-102x150.jpg 102w\" sizes=\"(max-width: 695px) 100vw, 695px\" \/><figcaption id=\"caption-attachment-29538\" class=\"wp-caption-text\">MOYU 88003 Rolls Royce v\u1edbi 3120 chi\u1ebfc<\/figcaption><\/figure>\n<figure id=\"attachment_29539\" aria-describedby=\"caption-attachment-29539\" style=\"width: 695px\" class=\"wp-caption aligncenter\"><img loading=\"lazy\" decoding=\"async\" class=\"wp-image-29539 size-full\" src=\"https:\/\/mouldking.store\/wp-content\/uploads\/2022\/02\/MOYU-88003-Rolls-Royce-with-3120-pieces-9.jpg\" alt=\"MOYU 88003 Rolls Royce with 3120 pieces\" width=\"695\" height=\"1024\" title=\"-\" srcset=\"https:\/\/mouldking.store\/wp-content\/uploads\/2022\/02\/MOYU-88003-Rolls-Royce-with-3120-pieces-9.jpg 695w, https:\/\/mouldking.store\/wp-content\/uploads\/2022\/02\/MOYU-88003-Rolls-Royce-with-3120-pieces-9-204x300.jpg 204w, https:\/\/mouldking.store\/wp-content\/uploads\/2022\/02\/MOYU-88003-Rolls-Royce-with-3120-pieces-9-300x442.jpg 300w, https:\/\/mouldking.store\/wp-content\/uploads\/2022\/02\/MOYU-88003-Rolls-Royce-with-3120-pieces-9-600x884.jpg 600w, https:\/\/mouldking.store\/wp-content\/uploads\/2022\/02\/MOYU-88003-Rolls-Royce-with-3120-pieces-9-102x150.jpg 102w\" sizes=\"(max-width: 695px) 100vw, 695px\" \/><figcaption id=\"caption-attachment-29539\" class=\"wp-caption-text\">MOYU 88003 Rolls Royce v\u1edbi 3120 chi\u1ebfc<\/figcaption><\/figure>\n<figure id=\"attachment_29535\" aria-describedby=\"caption-attachment-29535\" style=\"width: 695px\" class=\"wp-caption aligncenter\"><img loading=\"lazy\" decoding=\"async\" class=\"wp-image-29535 size-full\" src=\"https:\/\/mouldking.store\/wp-content\/uploads\/2022\/02\/MOYU-88003-Rolls-Royce-with-3120-pieces-5.jpg\" alt=\"MOYU 88003 Rolls Royce with 3120 pieces\" width=\"695\" height=\"1024\" title=\"-\" srcset=\"https:\/\/mouldking.store\/wp-content\/uploads\/2022\/02\/MOYU-88003-Rolls-Royce-with-3120-pieces-5.jpg 695w, https:\/\/mouldking.store\/wp-content\/uploads\/2022\/02\/MOYU-88003-Rolls-Royce-with-3120-pieces-5-204x300.jpg 204w, https:\/\/mouldking.store\/wp-content\/uploads\/2022\/02\/MOYU-88003-Rolls-Royce-with-3120-pieces-5-300x442.jpg 300w, https:\/\/mouldking.store\/wp-content\/uploads\/2022\/02\/MOYU-88003-Rolls-Royce-with-3120-pieces-5-600x884.jpg 600w, https:\/\/mouldking.store\/wp-content\/uploads\/2022\/02\/MOYU-88003-Rolls-Royce-with-3120-pieces-5-102x150.jpg 102w\" sizes=\"(max-width: 695px) 100vw, 695px\" \/><figcaption id=\"caption-attachment-29535\" class=\"wp-caption-text\">MOYU 88003 Rolls Royce v\u1edbi 3120 chi\u1ebfc<\/figcaption><\/figure>\n<figure id=\"attachment_29532\" aria-describedby=\"caption-attachment-29532\" style=\"width: 800px\" class=\"wp-caption aligncenter\"><img loading=\"lazy\" decoding=\"async\" class=\"wp-image-29532 size-full\" src=\"https:\/\/mouldking.store\/wp-content\/uploads\/2022\/02\/MOYU-88003-Rolls-Royce-with-3120-pieces-2.jpg\" alt=\"MOYU 88003 Rolls Royce with 3120 pieces\" width=\"800\" height=\"800\" title=\"-\" srcset=\"https:\/\/mouldking.store\/wp-content\/uploads\/2022\/02\/MOYU-88003-Rolls-Royce-with-3120-pieces-2.jpg 800w, https:\/\/mouldking.store\/wp-content\/uploads\/2022\/02\/MOYU-88003-Rolls-Royce-with-3120-pieces-2-300x300.jpg 300w, https:\/\/mouldking.store\/wp-content\/uploads\/2022\/02\/MOYU-88003-Rolls-Royce-with-3120-pieces-2-768x768.jpg 768w, https:\/\/mouldking.store\/wp-content\/uploads\/2022\/02\/MOYU-88003-Rolls-Royce-with-3120-pieces-2-600x600.jpg 600w, https:\/\/mouldking.store\/wp-content\/uploads\/2022\/02\/MOYU-88003-Rolls-Royce-with-3120-pieces-2-150x150.jpg 150w\" sizes=\"(max-width: 800px) 100vw, 800px\" \/><figcaption id=\"caption-attachment-29532\" class=\"wp-caption-text\">MOYU 88003 Rolls Royce v\u1edbi 3120 chi\u1ebfc<\/figcaption><\/figure>\n<figure id=\"attachment_29536\" aria-describedby=\"caption-attachment-29536\" style=\"width: 695px\" class=\"wp-caption aligncenter\"><img loading=\"lazy\" decoding=\"async\" class=\"wp-image-29536 size-full\" src=\"https:\/\/mouldking.store\/wp-content\/uploads\/2022\/02\/MOYU-88003-Rolls-Royce-with-3120-pieces-6.jpg\" alt=\"MOYU 88003 Rolls Royce with 3120 pieces\" width=\"695\" height=\"1024\" title=\"-\" srcset=\"https:\/\/mouldking.store\/wp-content\/uploads\/2022\/02\/MOYU-88003-Rolls-Royce-with-3120-pieces-6.jpg 695w, https:\/\/mouldking.store\/wp-content\/uploads\/2022\/02\/MOYU-88003-Rolls-Royce-with-3120-pieces-6-204x300.jpg 204w, https:\/\/mouldking.store\/wp-content\/uploads\/2022\/02\/MOYU-88003-Rolls-Royce-with-3120-pieces-6-300x442.jpg 300w, https:\/\/mouldking.store\/wp-content\/uploads\/2022\/02\/MOYU-88003-Rolls-Royce-with-3120-pieces-6-600x884.jpg 600w, https:\/\/mouldking.store\/wp-content\/uploads\/2022\/02\/MOYU-88003-Rolls-Royce-with-3120-pieces-6-102x150.jpg 102w\" sizes=\"(max-width: 695px) 100vw, 695px\" \/><figcaption id=\"caption-attachment-29536\" class=\"wp-caption-text\">MOYU 88003 Rolls Royce v\u1edbi 3120 chi\u1ebfc<\/figcaption><\/figure>\n<p>&nbsp;<\/p>","protected":false},"excerpt":{"rendered":"<p>Product information: Brand: MOYU Gender: Unisex Name: Rolls Royce Age Range: &gt; 6 years old Model Number: 88003 Classification: Assemblage Plastic Block Shape: Self-Locking Bricks Material: Plastic Plastic Type: ABS Bricks Blocks: 3120 PCS Contains detailed assembly instructions. Notice: 1. Without an original box, but we guarantee our products have quality assurance and nice packaging. [&hellip;]<\/p>","protected":false},"featured_media":29531,"comment_status":"closed","ping_status":"closed","template":"","meta":{"_acf_changed":false},"product_cat":[364],"product_tag":[4481,2451,4480,4479,3472],"class_list":["product","first","instock","shipping-taxable","purchasable","product-type-variable"],"acf":[],"_links":{"self":[{"href":"https:\/\/mouldking.store\/vi\/wp-json\/wp\/v2\/product\/29529","targetHints":{"allow":["GET"]}}],"collection":[{"href":"https:\/\/mouldking.store\/vi\/wp-json\/wp\/v2\/product"}],"about":[{"href":"https:\/\/mouldking.store\/vi\/wp-json\/wp\/v2\/types\/product"}],"replies":[{"embeddable":true,"href":"https:\/\/mouldking.store\/vi\/wp-json\/wp\/v2\/comments?post=29529"}],"wp:featuredmedia":[{"embeddable":true,"href":"https:\/\/mouldking.store\/vi\/wp-json\/wp\/v2\/media\/29531"}],"wp:attachment":[{"href":"https:\/\/mouldking.store\/vi\/wp-json\/wp\/v2\/media?parent=29529"}],"wp:term":[{"taxonomy":"product_cat","embeddable":true,"href":"https:\/\/mouldking.store\/vi\/wp-json\/wp\/v2\/product_cat?post=29529"},{"taxonomy":"product_tag","embeddable":true,"href":"https:\/\/mouldking.store\/vi\/wp-json\/wp\/v2\/product_tag?post=29529"}],"curies":[{"name":"wp","href":"https:\/\/api.w.org\/{rel}","templated":true}]}}