{"id":29574,"date":"2022-02-22T09:29:25","date_gmt":"2022-02-22T02:29:25","guid":{"rendered":"https:\/\/mouldking.store\/?post_type=product&#038;p=29574"},"modified":"2023-07-10T14:18:20","modified_gmt":"2023-07-10T07:18:20","slug":"mould-king-19004-rc-pneumatic-airport-rescue-vehicle-with-6653-pieces","status":"publish","type":"product","link":"https:\/\/mouldking.store\/vi\/shop\/mould-king-19004-rc-pneumatic-airport-rescue-vehicle-with-6653-pieces\/","title":{"rendered":"Xe c\u1ee9u h\u1ed9 s\u00e2n bay kh\u00ed n\u00e9n RC Mold King 19004 g\u1ed3m 6653 chi ti\u1ebft"},"content":{"rendered":"<p>Th\u00f4ng tin s\u1ea3n ph\u1ea9m:<\/p>\n<ol>\n<li>Th\u01b0\u01a1ng hi\u1ec7u: Khu\u00f4n Vua<\/li>\n<li>Gi\u1edbi t\u00ednh: Unisex<\/li>\n<li>Name: RC Pneumatic Airport Rescue Vehicle<\/li>\n<li>\u0110\u1ed9 tu\u1ed5i: &gt; 14 tu\u1ed5i<\/li>\n<li>Model Number: 19004<\/li>\n<li>Ph\u00e2n lo\u1ea1i: T\u1eadp h\u1ee3p<\/li>\n<li>H\u00ecnh d\u1ea1ng kh\u1ed1i nh\u1ef1a: G\u1ea1ch t\u1ef1 kh\u00f3a<\/li>\n<li>Ch\u1ea5t li\u1ec7u: Nh\u1ef1a<\/li>\n<li>Lo\u1ea1i nh\u1ef1a: ABS<\/li>\n<li>Bricks Blocks: 6653 PCS<\/li>\n<li>Ch\u1ee9a h\u01b0\u1edbng d\u1eabn l\u1eafp r\u00e1p chi ti\u1ebft.<\/li>\n<\/ol>\n<p>\u0110\u1ec3 \u00fd:<br \/>\n1. Kh\u00f4ng c\u00f3 h\u1ed9p ban \u0111\u1ea7u, nh\u01b0ng ch\u00fang t\u00f4i \u0111\u1ea3m b\u1ea3o s\u1ea3n ph\u1ea9m c\u1ee7a ch\u00fang t\u00f4i c\u00f3 ch\u1ea5t l\u01b0\u1ee3ng \u0111\u1ea3m b\u1ea3o v\u00e0 bao b\u00ec \u0111\u1eb9p.<br \/>\n2. V\u00ec t\u1ea5t c\u1ea3 c\u00e1c b\u1ed9 ph\u1eadn ch\u00fang t\u00f4i \u0111\u00e3 ki\u1ec3m tra tr\u01b0\u1edbc khi v\u1eadn chuy\u1ec3n, v\u00ec v\u1eady n\u1ebfu b\u1ea1n th\u1ea5y m\u1ed9t s\u1ed1 b\u1ed9 ph\u1eadn b\u1ecb thi\u1ebfu ho\u1eb7c h\u01b0 h\u1ecfng, \u0111\u1eebng lo l\u1eafng v\u00e0 ch\u1ec9 c\u1ea7n vui l\u00f2ng li\u00ean h\u1ec7 v\u1edbi ch\u00fang t\u00f4i v\u00e0 ch\u00fang t\u00f4i c\u00f3 th\u1ec3 g\u1eedi l\u1ea1i mi\u1ec5n ph\u00ed cho b\u1ea1n ngay l\u1eadp t\u1ee9c.<\/p>\n<figure id=\"attachment_29575\" aria-describedby=\"caption-attachment-29575\" style=\"width: 1024px\" class=\"wp-caption aligncenter\"><img fetchpriority=\"high\" decoding=\"async\" class=\"wp-image-29575 size-full\" src=\"https:\/\/mouldking.store\/wp-content\/uploads\/2022\/02\/Mould-King-19004-RC-Pneumatic-Airport-Rescue-Vehicle-with-6653-pieces-1.jpg\" alt=\"Mould King 19004 RC Pneumatic Airport Rescue Vehicle with 6653 pieces\" width=\"1024\" height=\"986\" title=\"-\" srcset=\"https:\/\/mouldking.store\/wp-content\/uploads\/2022\/02\/Mould-King-19004-RC-Pneumatic-Airport-Rescue-Vehicle-with-6653-pieces-1.jpg 1024w, https:\/\/mouldking.store\/wp-content\/uploads\/2022\/02\/Mould-King-19004-RC-Pneumatic-Airport-Rescue-Vehicle-with-6653-pieces-1-300x289.jpg 300w, https:\/\/mouldking.store\/wp-content\/uploads\/2022\/02\/Mould-King-19004-RC-Pneumatic-Airport-Rescue-Vehicle-with-6653-pieces-1-768x740.jpg 768w, https:\/\/mouldking.store\/wp-content\/uploads\/2022\/02\/Mould-King-19004-RC-Pneumatic-Airport-Rescue-Vehicle-with-6653-pieces-1-600x578.jpg 600w, https:\/\/mouldking.store\/wp-content\/uploads\/2022\/02\/Mould-King-19004-RC-Pneumatic-Airport-Rescue-Vehicle-with-6653-pieces-1-150x144.jpg 150w\" sizes=\"(max-width: 1024px) 100vw, 1024px\" \/><figcaption id=\"caption-attachment-29575\" class=\"wp-caption-text\">Xe c\u1ee9u h\u1ed9 s\u00e2n bay kh\u00ed n\u00e9n RC Mold King 19004 g\u1ed3m 6653 chi ti\u1ebft<\/figcaption><\/figure>\n<figure id=\"attachment_29582\" aria-describedby=\"caption-attachment-29582\" style=\"width: 1024px\" class=\"wp-caption aligncenter\"><img decoding=\"async\" class=\"wp-image-29582 size-full\" src=\"https:\/\/mouldking.store\/wp-content\/uploads\/2022\/02\/Mould-King-19004-RC-Pneumatic-Airport-Rescue-Vehicle-with-6653-pieces-8.jpg\" alt=\"Mould King 19004 RC Pneumatic Airport Rescue Vehicle with 6653 pieces\" width=\"1024\" height=\"973\" title=\"-\" srcset=\"https:\/\/mouldking.store\/wp-content\/uploads\/2022\/02\/Mould-King-19004-RC-Pneumatic-Airport-Rescue-Vehicle-with-6653-pieces-8.jpg 1024w, https:\/\/mouldking.store\/wp-content\/uploads\/2022\/02\/Mould-King-19004-RC-Pneumatic-Airport-Rescue-Vehicle-with-6653-pieces-8-300x285.jpg 300w, https:\/\/mouldking.store\/wp-content\/uploads\/2022\/02\/Mould-King-19004-RC-Pneumatic-Airport-Rescue-Vehicle-with-6653-pieces-8-768x730.jpg 768w, https:\/\/mouldking.store\/wp-content\/uploads\/2022\/02\/Mould-King-19004-RC-Pneumatic-Airport-Rescue-Vehicle-with-6653-pieces-8-600x570.jpg 600w, https:\/\/mouldking.store\/wp-content\/uploads\/2022\/02\/Mould-King-19004-RC-Pneumatic-Airport-Rescue-Vehicle-with-6653-pieces-8-150x143.jpg 150w\" sizes=\"(max-width: 1024px) 100vw, 1024px\" \/><figcaption id=\"caption-attachment-29582\" class=\"wp-caption-text\">Xe c\u1ee9u h\u1ed9 s\u00e2n bay kh\u00ed n\u00e9n RC Mold King 19004 g\u1ed3m 6653 chi ti\u1ebft<\/figcaption><\/figure>\n<figure id=\"attachment_29581\" aria-describedby=\"caption-attachment-29581\" style=\"width: 1024px\" class=\"wp-caption aligncenter\"><img decoding=\"async\" class=\"wp-image-29581 size-full\" src=\"https:\/\/mouldking.store\/wp-content\/uploads\/2022\/02\/Mould-King-19004-RC-Pneumatic-Airport-Rescue-Vehicle-with-6653-pieces-7.jpg\" alt=\"Mould King 19004 RC Pneumatic Airport Rescue Vehicle with 6653 pieces\" width=\"1024\" height=\"978\" title=\"-\" srcset=\"https:\/\/mouldking.store\/wp-content\/uploads\/2022\/02\/Mould-King-19004-RC-Pneumatic-Airport-Rescue-Vehicle-with-6653-pieces-7.jpg 1024w, https:\/\/mouldking.store\/wp-content\/uploads\/2022\/02\/Mould-King-19004-RC-Pneumatic-Airport-Rescue-Vehicle-with-6653-pieces-7-300x287.jpg 300w, https:\/\/mouldking.store\/wp-content\/uploads\/2022\/02\/Mould-King-19004-RC-Pneumatic-Airport-Rescue-Vehicle-with-6653-pieces-7-768x734.jpg 768w, https:\/\/mouldking.store\/wp-content\/uploads\/2022\/02\/Mould-King-19004-RC-Pneumatic-Airport-Rescue-Vehicle-with-6653-pieces-7-600x573.jpg 600w, https:\/\/mouldking.store\/wp-content\/uploads\/2022\/02\/Mould-King-19004-RC-Pneumatic-Airport-Rescue-Vehicle-with-6653-pieces-7-150x143.jpg 150w\" sizes=\"(max-width: 1024px) 100vw, 1024px\" \/><figcaption id=\"caption-attachment-29581\" class=\"wp-caption-text\">Xe c\u1ee9u h\u1ed9 s\u00e2n bay kh\u00ed n\u00e9n RC Mold King 19004 g\u1ed3m 6653 chi ti\u1ebft<\/figcaption><\/figure>\n<figure id=\"attachment_29578\" aria-describedby=\"caption-attachment-29578\" style=\"width: 760px\" class=\"wp-caption aligncenter\"><img loading=\"lazy\" decoding=\"async\" class=\"wp-image-29578 size-full\" src=\"https:\/\/mouldking.store\/wp-content\/uploads\/2022\/02\/Mould-King-19004-RC-Pneumatic-Airport-Rescue-Vehicle-with-6653-pieces-4.jpg\" alt=\"Mould King 19004 RC Pneumatic Airport Rescue Vehicle with 6653 pieces\" width=\"760\" height=\"1024\" title=\"-\" srcset=\"https:\/\/mouldking.store\/wp-content\/uploads\/2022\/02\/Mould-King-19004-RC-Pneumatic-Airport-Rescue-Vehicle-with-6653-pieces-4.jpg 760w, https:\/\/mouldking.store\/wp-content\/uploads\/2022\/02\/Mould-King-19004-RC-Pneumatic-Airport-Rescue-Vehicle-with-6653-pieces-4-223x300.jpg 223w, https:\/\/mouldking.store\/wp-content\/uploads\/2022\/02\/Mould-King-19004-RC-Pneumatic-Airport-Rescue-Vehicle-with-6653-pieces-4-300x404.jpg 300w, https:\/\/mouldking.store\/wp-content\/uploads\/2022\/02\/Mould-King-19004-RC-Pneumatic-Airport-Rescue-Vehicle-with-6653-pieces-4-600x808.jpg 600w, https:\/\/mouldking.store\/wp-content\/uploads\/2022\/02\/Mould-King-19004-RC-Pneumatic-Airport-Rescue-Vehicle-with-6653-pieces-4-111x150.jpg 111w\" sizes=\"(max-width: 760px) 100vw, 760px\" \/><figcaption id=\"caption-attachment-29578\" class=\"wp-caption-text\">Xe c\u1ee9u h\u1ed9 s\u00e2n bay kh\u00ed n\u00e9n RC Mold King 19004 g\u1ed3m 6653 chi ti\u1ebft<\/figcaption><\/figure>\n<figure id=\"attachment_29579\" aria-describedby=\"caption-attachment-29579\" style=\"width: 692px\" class=\"wp-caption aligncenter\"><img loading=\"lazy\" decoding=\"async\" class=\"wp-image-29579 size-full\" src=\"https:\/\/mouldking.store\/wp-content\/uploads\/2022\/02\/Mould-King-19004-RC-Pneumatic-Airport-Rescue-Vehicle-with-6653-pieces-5.jpg\" alt=\"Mould King 19004 RC Pneumatic Airport Rescue Vehicle with 6653 pieces\" width=\"692\" height=\"1024\" title=\"-\" srcset=\"https:\/\/mouldking.store\/wp-content\/uploads\/2022\/02\/Mould-King-19004-RC-Pneumatic-Airport-Rescue-Vehicle-with-6653-pieces-5.jpg 692w, https:\/\/mouldking.store\/wp-content\/uploads\/2022\/02\/Mould-King-19004-RC-Pneumatic-Airport-Rescue-Vehicle-with-6653-pieces-5-203x300.jpg 203w, https:\/\/mouldking.store\/wp-content\/uploads\/2022\/02\/Mould-King-19004-RC-Pneumatic-Airport-Rescue-Vehicle-with-6653-pieces-5-300x444.jpg 300w, https:\/\/mouldking.store\/wp-content\/uploads\/2022\/02\/Mould-King-19004-RC-Pneumatic-Airport-Rescue-Vehicle-with-6653-pieces-5-600x888.jpg 600w, https:\/\/mouldking.store\/wp-content\/uploads\/2022\/02\/Mould-King-19004-RC-Pneumatic-Airport-Rescue-Vehicle-with-6653-pieces-5-101x150.jpg 101w\" sizes=\"(max-width: 692px) 100vw, 692px\" \/><figcaption id=\"caption-attachment-29579\" class=\"wp-caption-text\">Xe c\u1ee9u h\u1ed9 s\u00e2n bay kh\u00ed n\u00e9n RC Mold King 19004 g\u1ed3m 6653 chi ti\u1ebft<\/figcaption><\/figure>\n<figure id=\"attachment_29577\" aria-describedby=\"caption-attachment-29577\" style=\"width: 800px\" class=\"wp-caption aligncenter\"><img loading=\"lazy\" decoding=\"async\" class=\"wp-image-29577 size-full\" src=\"https:\/\/mouldking.store\/wp-content\/uploads\/2022\/02\/Mould-King-19004-RC-Pneumatic-Airport-Rescue-Vehicle-with-6653-pieces-3.jpg\" alt=\"Mould King 19004 RC Pneumatic Airport Rescue Vehicle with 6653 pieces\" width=\"800\" height=\"1014\" title=\"-\" srcset=\"https:\/\/mouldking.store\/wp-content\/uploads\/2022\/02\/Mould-King-19004-RC-Pneumatic-Airport-Rescue-Vehicle-with-6653-pieces-3.jpg 800w, https:\/\/mouldking.store\/wp-content\/uploads\/2022\/02\/Mould-King-19004-RC-Pneumatic-Airport-Rescue-Vehicle-with-6653-pieces-3-237x300.jpg 237w, https:\/\/mouldking.store\/wp-content\/uploads\/2022\/02\/Mould-King-19004-RC-Pneumatic-Airport-Rescue-Vehicle-with-6653-pieces-3-768x973.jpg 768w, https:\/\/mouldking.store\/wp-content\/uploads\/2022\/02\/Mould-King-19004-RC-Pneumatic-Airport-Rescue-Vehicle-with-6653-pieces-3-300x380.jpg 300w, https:\/\/mouldking.store\/wp-content\/uploads\/2022\/02\/Mould-King-19004-RC-Pneumatic-Airport-Rescue-Vehicle-with-6653-pieces-3-600x761.jpg 600w, https:\/\/mouldking.store\/wp-content\/uploads\/2022\/02\/Mould-King-19004-RC-Pneumatic-Airport-Rescue-Vehicle-with-6653-pieces-3-118x150.jpg 118w\" sizes=\"(max-width: 800px) 100vw, 800px\" \/><figcaption id=\"caption-attachment-29577\" class=\"wp-caption-text\">Xe c\u1ee9u h\u1ed9 s\u00e2n bay kh\u00ed n\u00e9n RC Mold King 19004 g\u1ed3m 6653 chi ti\u1ebft<\/figcaption><\/figure>\n<figure id=\"attachment_29576\" aria-describedby=\"caption-attachment-29576\" style=\"width: 800px\" class=\"wp-caption aligncenter\"><img loading=\"lazy\" decoding=\"async\" class=\"wp-image-29576 size-full\" src=\"https:\/\/mouldking.store\/wp-content\/uploads\/2022\/02\/Mould-King-19004-RC-Pneumatic-Airport-Rescue-Vehicle-with-6653-pieces-2.jpg\" alt=\"Mould King 19004 RC Pneumatic Airport Rescue Vehicle with 6653 pieces\" width=\"800\" height=\"673\" title=\"-\" srcset=\"https:\/\/mouldking.store\/wp-content\/uploads\/2022\/02\/Mould-King-19004-RC-Pneumatic-Airport-Rescue-Vehicle-with-6653-pieces-2.jpg 800w, https:\/\/mouldking.store\/wp-content\/uploads\/2022\/02\/Mould-King-19004-RC-Pneumatic-Airport-Rescue-Vehicle-with-6653-pieces-2-300x252.jpg 300w, https:\/\/mouldking.store\/wp-content\/uploads\/2022\/02\/Mould-King-19004-RC-Pneumatic-Airport-Rescue-Vehicle-with-6653-pieces-2-768x646.jpg 768w, https:\/\/mouldking.store\/wp-content\/uploads\/2022\/02\/Mould-King-19004-RC-Pneumatic-Airport-Rescue-Vehicle-with-6653-pieces-2-600x505.jpg 600w, https:\/\/mouldking.store\/wp-content\/uploads\/2022\/02\/Mould-King-19004-RC-Pneumatic-Airport-Rescue-Vehicle-with-6653-pieces-2-150x126.jpg 150w\" sizes=\"(max-width: 800px) 100vw, 800px\" \/><figcaption id=\"caption-attachment-29576\" class=\"wp-caption-text\">Xe c\u1ee9u h\u1ed9 s\u00e2n bay kh\u00ed n\u00e9n RC Mold King 19004 g\u1ed3m 6653 chi ti\u1ebft<\/figcaption><\/figure>\n<figure id=\"attachment_29580\" aria-describedby=\"caption-attachment-29580\" style=\"width: 1024px\" class=\"wp-caption aligncenter\"><img loading=\"lazy\" decoding=\"async\" class=\"wp-image-29580 size-full\" src=\"https:\/\/mouldking.store\/wp-content\/uploads\/2022\/02\/Mould-King-19004-RC-Pneumatic-Airport-Rescue-Vehicle-with-6653-pieces-6.jpg\" alt=\"Mould King 19004 RC Pneumatic Airport Rescue Vehicle with 6653 pieces\" width=\"1024\" height=\"912\" title=\"-\" srcset=\"https:\/\/mouldking.store\/wp-content\/uploads\/2022\/02\/Mould-King-19004-RC-Pneumatic-Airport-Rescue-Vehicle-with-6653-pieces-6.jpg 1024w, https:\/\/mouldking.store\/wp-content\/uploads\/2022\/02\/Mould-King-19004-RC-Pneumatic-Airport-Rescue-Vehicle-with-6653-pieces-6-300x267.jpg 300w, https:\/\/mouldking.store\/wp-content\/uploads\/2022\/02\/Mould-King-19004-RC-Pneumatic-Airport-Rescue-Vehicle-with-6653-pieces-6-768x684.jpg 768w, https:\/\/mouldking.store\/wp-content\/uploads\/2022\/02\/Mould-King-19004-RC-Pneumatic-Airport-Rescue-Vehicle-with-6653-pieces-6-600x534.jpg 600w, https:\/\/mouldking.store\/wp-content\/uploads\/2022\/02\/Mould-King-19004-RC-Pneumatic-Airport-Rescue-Vehicle-with-6653-pieces-6-150x134.jpg 150w\" sizes=\"(max-width: 1024px) 100vw, 1024px\" \/><figcaption id=\"caption-attachment-29580\" class=\"wp-caption-text\">Xe c\u1ee9u h\u1ed9 s\u00e2n bay kh\u00ed n\u00e9n RC Mold King 19004 g\u1ed3m 6653 chi ti\u1ebft<\/figcaption><\/figure>","protected":false},"excerpt":{"rendered":"<p>Product information: Brand: Mould King Gender: Unisex Name: RC Pneumatic Airport Rescue Vehicle Age Range: &gt; 14 years old Model Number: 19004 Classification: Assemblage Plastic Block Shape: Self-Locking Bricks Material: Plastic Plastic Type: ABS Bricks Blocks: 6653 PCS Contains detailed assembly instructions. Notice: 1. Without an original box, but we guarantee our products have quality [&hellip;]<\/p>","protected":false},"featured_media":29575,"comment_status":"closed","ping_status":"closed","template":"","meta":{"_acf_changed":false},"product_cat":[364],"product_tag":[4511,615,4509,4508,4513,4512,481,4510,4514],"class_list":["product","first","outofstock","shipping-taxable","purchasable","product-type-simple"],"acf":[],"_links":{"self":[{"href":"https:\/\/mouldking.store\/vi\/wp-json\/wp\/v2\/product\/29574","targetHints":{"allow":["GET"]}}],"collection":[{"href":"https:\/\/mouldking.store\/vi\/wp-json\/wp\/v2\/product"}],"about":[{"href":"https:\/\/mouldking.store\/vi\/wp-json\/wp\/v2\/types\/product"}],"replies":[{"embeddable":true,"href":"https:\/\/mouldking.store\/vi\/wp-json\/wp\/v2\/comments?post=29574"}],"wp:featuredmedia":[{"embeddable":true,"href":"https:\/\/mouldking.store\/vi\/wp-json\/wp\/v2\/media\/29575"}],"wp:attachment":[{"href":"https:\/\/mouldking.store\/vi\/wp-json\/wp\/v2\/media?parent=29574"}],"wp:term":[{"taxonomy":"product_cat","embeddable":true,"href":"https:\/\/mouldking.store\/vi\/wp-json\/wp\/v2\/product_cat?post=29574"},{"taxonomy":"product_tag","embeddable":true,"href":"https:\/\/mouldking.store\/vi\/wp-json\/wp\/v2\/product_tag?post=29574"}],"curies":[{"name":"wp","href":"https:\/\/api.w.org\/{rel}","templated":true}]}}