{"id":29592,"date":"2022-02-22T09:52:02","date_gmt":"2022-02-22T02:52:02","guid":{"rendered":"https:\/\/mouldking.store\/?post_type=product&#038;p=29592"},"modified":"2022-02-22T09:52:03","modified_gmt":"2022-02-22T02:52:03","slug":"qman-k20501-20504-naruto-with-660-pieces","status":"publish","type":"product","link":"https:\/\/mouldking.store\/vi\/shop\/qman-k20501-20504-naruto-with-660-pieces\/","title":{"rendered":"Qman K20501-20504 Naruto b\u1ed9 660 mi\u1ebfng"},"content":{"rendered":"<p>Th\u00f4ng tin s\u1ea3n ph\u1ea9m:<\/p>\n<ol>\n<li>Th\u01b0\u01a1ng hi\u1ec7u: Qman<\/li>\n<li>Gi\u1edbi t\u00ednh: Unisex<\/li>\n<li>Name: Naruto<\/li>\n<li>\u0110\u1ed9 tu\u1ed5i: &gt; 6 tu\u1ed5i<\/li>\n<li>Model Number: K20501-20504<\/li>\n<li>Ph\u00e2n lo\u1ea1i: T\u1eadp h\u1ee3p<\/li>\n<li>H\u00ecnh d\u1ea1ng kh\u1ed1i nh\u1ef1a: G\u1ea1ch t\u1ef1 kh\u00f3a<\/li>\n<li>Ch\u1ea5t li\u1ec7u: Nh\u1ef1a<\/li>\n<li>Lo\u1ea1i nh\u1ef1a: ABS<\/li>\n<li>Bricks Blocks: 660 PCS (totals)<\/li>\n<li>Ch\u1ee9a h\u01b0\u1edbng d\u1eabn l\u1eafp r\u00e1p chi ti\u1ebft.<\/li>\n<\/ol>\n<p>\u0110\u1ec3 \u00fd:<br \/>\n1. Kh\u00f4ng c\u00f3 h\u1ed9p ban \u0111\u1ea7u, nh\u01b0ng ch\u00fang t\u00f4i \u0111\u1ea3m b\u1ea3o s\u1ea3n ph\u1ea9m c\u1ee7a ch\u00fang t\u00f4i c\u00f3 ch\u1ea5t l\u01b0\u1ee3ng \u0111\u1ea3m b\u1ea3o v\u00e0 bao b\u00ec \u0111\u1eb9p.<br \/>\n2. V\u00ec t\u1ea5t c\u1ea3 c\u00e1c b\u1ed9 ph\u1eadn ch\u00fang t\u00f4i \u0111\u00e3 ki\u1ec3m tra tr\u01b0\u1edbc khi v\u1eadn chuy\u1ec3n, v\u00ec v\u1eady n\u1ebfu b\u1ea1n th\u1ea5y m\u1ed9t s\u1ed1 b\u1ed9 ph\u1eadn b\u1ecb thi\u1ebfu ho\u1eb7c h\u01b0 h\u1ecfng, \u0111\u1eebng lo l\u1eafng v\u00e0 ch\u1ec9 c\u1ea7n vui l\u00f2ng li\u00ean h\u1ec7 v\u1edbi ch\u00fang t\u00f4i v\u00e0 ch\u00fang t\u00f4i c\u00f3 th\u1ec3 g\u1eedi l\u1ea1i mi\u1ec5n ph\u00ed cho b\u1ea1n ngay l\u1eadp t\u1ee9c.<\/p>\n<p>&nbsp;<\/p>\n<figure id=\"attachment_29593\" aria-describedby=\"caption-attachment-29593\" style=\"width: 790px\" class=\"wp-caption aligncenter\"><img fetchpriority=\"high\" decoding=\"async\" class=\"wp-image-29593 size-full\" src=\"https:\/\/mouldking.store\/wp-content\/uploads\/2022\/02\/Qman-K20501-20504-Naruto-1.jpg\" alt=\"Qman K20501-20504 Naruto with 660 pieces\" width=\"790\" height=\"800\" title=\"-\" srcset=\"https:\/\/mouldking.store\/wp-content\/uploads\/2022\/02\/Qman-K20501-20504-Naruto-1.jpg 790w, https:\/\/mouldking.store\/wp-content\/uploads\/2022\/02\/Qman-K20501-20504-Naruto-1-296x300.jpg 296w, https:\/\/mouldking.store\/wp-content\/uploads\/2022\/02\/Qman-K20501-20504-Naruto-1-768x778.jpg 768w, https:\/\/mouldking.store\/wp-content\/uploads\/2022\/02\/Qman-K20501-20504-Naruto-1-300x304.jpg 300w, https:\/\/mouldking.store\/wp-content\/uploads\/2022\/02\/Qman-K20501-20504-Naruto-1-600x608.jpg 600w, https:\/\/mouldking.store\/wp-content\/uploads\/2022\/02\/Qman-K20501-20504-Naruto-1-148x150.jpg 148w\" sizes=\"(max-width: 790px) 100vw, 790px\" \/><figcaption id=\"caption-attachment-29593\" class=\"wp-caption-text\">Qman K20501-20504 Naruto b\u1ed9 660 mi\u1ebfng<\/figcaption><\/figure>\n<figure id=\"attachment_29608\" aria-describedby=\"caption-attachment-29608\" style=\"width: 800px\" class=\"wp-caption aligncenter\"><img decoding=\"async\" class=\"wp-image-29608 size-full\" src=\"https:\/\/mouldking.store\/wp-content\/uploads\/2022\/02\/Qman-K20501-20504-Naruto-16.jpg\" alt=\"Qman K20501-20504 Naruto with 660 pieces\" width=\"800\" height=\"800\" title=\"-\" srcset=\"https:\/\/mouldking.store\/wp-content\/uploads\/2022\/02\/Qman-K20501-20504-Naruto-16.jpg 800w, https:\/\/mouldking.store\/wp-content\/uploads\/2022\/02\/Qman-K20501-20504-Naruto-16-300x300.jpg 300w, https:\/\/mouldking.store\/wp-content\/uploads\/2022\/02\/Qman-K20501-20504-Naruto-16-768x768.jpg 768w, https:\/\/mouldking.store\/wp-content\/uploads\/2022\/02\/Qman-K20501-20504-Naruto-16-600x600.jpg 600w, https:\/\/mouldking.store\/wp-content\/uploads\/2022\/02\/Qman-K20501-20504-Naruto-16-150x150.jpg 150w\" sizes=\"(max-width: 800px) 100vw, 800px\" \/><figcaption id=\"caption-attachment-29608\" class=\"wp-caption-text\">Qman K20501-20504 Naruto b\u1ed9 660 mi\u1ebfng<\/figcaption><\/figure>\n<figure id=\"attachment_29599\" aria-describedby=\"caption-attachment-29599\" style=\"width: 790px\" class=\"wp-caption aligncenter\"><img decoding=\"async\" class=\"wp-image-29599 size-full\" src=\"https:\/\/mouldking.store\/wp-content\/uploads\/2022\/02\/Qman-K20501-20504-Naruto-7.jpg\" alt=\"Qman K20501-20504 Naruto with 660 pieces\" width=\"790\" height=\"740\" title=\"-\" srcset=\"https:\/\/mouldking.store\/wp-content\/uploads\/2022\/02\/Qman-K20501-20504-Naruto-7.jpg 790w, https:\/\/mouldking.store\/wp-content\/uploads\/2022\/02\/Qman-K20501-20504-Naruto-7-300x281.jpg 300w, https:\/\/mouldking.store\/wp-content\/uploads\/2022\/02\/Qman-K20501-20504-Naruto-7-768x719.jpg 768w, https:\/\/mouldking.store\/wp-content\/uploads\/2022\/02\/Qman-K20501-20504-Naruto-7-600x562.jpg 600w, https:\/\/mouldking.store\/wp-content\/uploads\/2022\/02\/Qman-K20501-20504-Naruto-7-150x141.jpg 150w\" sizes=\"(max-width: 790px) 100vw, 790px\" \/><figcaption id=\"caption-attachment-29599\" class=\"wp-caption-text\">Qman K20501-20504 Naruto b\u1ed9 660 mi\u1ebfng<\/figcaption><\/figure>\n<figure id=\"attachment_29598\" aria-describedby=\"caption-attachment-29598\" style=\"width: 790px\" class=\"wp-caption aligncenter\"><img loading=\"lazy\" decoding=\"async\" class=\"wp-image-29598 size-full\" src=\"https:\/\/mouldking.store\/wp-content\/uploads\/2022\/02\/Qman-K20501-20504-Naruto-6.jpg\" alt=\"Qman K20501-20504 Naruto with 660 pieces\" width=\"790\" height=\"607\" title=\"-\" srcset=\"https:\/\/mouldking.store\/wp-content\/uploads\/2022\/02\/Qman-K20501-20504-Naruto-6.jpg 790w, https:\/\/mouldking.store\/wp-content\/uploads\/2022\/02\/Qman-K20501-20504-Naruto-6-300x231.jpg 300w, https:\/\/mouldking.store\/wp-content\/uploads\/2022\/02\/Qman-K20501-20504-Naruto-6-768x590.jpg 768w, https:\/\/mouldking.store\/wp-content\/uploads\/2022\/02\/Qman-K20501-20504-Naruto-6-600x461.jpg 600w, https:\/\/mouldking.store\/wp-content\/uploads\/2022\/02\/Qman-K20501-20504-Naruto-6-150x115.jpg 150w\" sizes=\"(max-width: 790px) 100vw, 790px\" \/><figcaption id=\"caption-attachment-29598\" class=\"wp-caption-text\">Qman K20501-20504 Naruto b\u1ed9 660 mi\u1ebfng<\/figcaption><\/figure>\n<figure id=\"attachment_29602\" aria-describedby=\"caption-attachment-29602\" style=\"width: 790px\" class=\"wp-caption aligncenter\"><img loading=\"lazy\" decoding=\"async\" class=\"wp-image-29602 size-full\" src=\"https:\/\/mouldking.store\/wp-content\/uploads\/2022\/02\/Qman-K20501-20504-Naruto-10.jpg\" alt=\"Qman K20501-20504 Naruto with 660 pieces\" width=\"790\" height=\"616\" title=\"-\" srcset=\"https:\/\/mouldking.store\/wp-content\/uploads\/2022\/02\/Qman-K20501-20504-Naruto-10.jpg 790w, https:\/\/mouldking.store\/wp-content\/uploads\/2022\/02\/Qman-K20501-20504-Naruto-10-300x234.jpg 300w, https:\/\/mouldking.store\/wp-content\/uploads\/2022\/02\/Qman-K20501-20504-Naruto-10-768x599.jpg 768w, https:\/\/mouldking.store\/wp-content\/uploads\/2022\/02\/Qman-K20501-20504-Naruto-10-600x468.jpg 600w, https:\/\/mouldking.store\/wp-content\/uploads\/2022\/02\/Qman-K20501-20504-Naruto-10-150x117.jpg 150w\" sizes=\"(max-width: 790px) 100vw, 790px\" \/><figcaption id=\"caption-attachment-29602\" class=\"wp-caption-text\">Qman K20501-20504 Naruto b\u1ed9 660 mi\u1ebfng<\/figcaption><\/figure>\n<figure id=\"attachment_29594\" aria-describedby=\"caption-attachment-29594\" style=\"width: 800px\" class=\"wp-caption aligncenter\"><img loading=\"lazy\" decoding=\"async\" class=\"wp-image-29594 size-full\" src=\"https:\/\/mouldking.store\/wp-content\/uploads\/2022\/02\/Qman-K20501-20504-Naruto-2.jpg\" alt=\"Qman K20501-20504 Naruto with 660 pieces\" width=\"800\" height=\"800\" title=\"-\" srcset=\"https:\/\/mouldking.store\/wp-content\/uploads\/2022\/02\/Qman-K20501-20504-Naruto-2.jpg 800w, https:\/\/mouldking.store\/wp-content\/uploads\/2022\/02\/Qman-K20501-20504-Naruto-2-300x300.jpg 300w, https:\/\/mouldking.store\/wp-content\/uploads\/2022\/02\/Qman-K20501-20504-Naruto-2-768x768.jpg 768w, https:\/\/mouldking.store\/wp-content\/uploads\/2022\/02\/Qman-K20501-20504-Naruto-2-600x600.jpg 600w, https:\/\/mouldking.store\/wp-content\/uploads\/2022\/02\/Qman-K20501-20504-Naruto-2-150x150.jpg 150w\" sizes=\"(max-width: 800px) 100vw, 800px\" \/><figcaption id=\"caption-attachment-29594\" class=\"wp-caption-text\">Qman K20501-20504 Naruto b\u1ed9 660 mi\u1ebfng<\/figcaption><\/figure>\n<figure id=\"attachment_29603\" aria-describedby=\"caption-attachment-29603\" style=\"width: 688px\" class=\"wp-caption aligncenter\"><img loading=\"lazy\" decoding=\"async\" class=\"wp-image-29603 size-full\" src=\"https:\/\/mouldking.store\/wp-content\/uploads\/2022\/02\/Qman-K20501-20504-Naruto-11.jpg\" alt=\"Qman K20501-20504 Naruto with 660 pieces\" width=\"688\" height=\"1024\" title=\"-\" srcset=\"https:\/\/mouldking.store\/wp-content\/uploads\/2022\/02\/Qman-K20501-20504-Naruto-11.jpg 688w, https:\/\/mouldking.store\/wp-content\/uploads\/2022\/02\/Qman-K20501-20504-Naruto-11-202x300.jpg 202w, https:\/\/mouldking.store\/wp-content\/uploads\/2022\/02\/Qman-K20501-20504-Naruto-11-300x447.jpg 300w, https:\/\/mouldking.store\/wp-content\/uploads\/2022\/02\/Qman-K20501-20504-Naruto-11-600x893.jpg 600w, https:\/\/mouldking.store\/wp-content\/uploads\/2022\/02\/Qman-K20501-20504-Naruto-11-101x150.jpg 101w\" sizes=\"(max-width: 688px) 100vw, 688px\" \/><figcaption id=\"caption-attachment-29603\" class=\"wp-caption-text\">Qman K20501-20504 Naruto b\u1ed9 660 mi\u1ebfng<\/figcaption><\/figure>\n<figure id=\"attachment_29595\" aria-describedby=\"caption-attachment-29595\" style=\"width: 800px\" class=\"wp-caption aligncenter\"><img loading=\"lazy\" decoding=\"async\" class=\"wp-image-29595 size-full\" src=\"https:\/\/mouldking.store\/wp-content\/uploads\/2022\/02\/Qman-K20501-20504-Naruto-3.jpg\" alt=\"Qman K20501-20504 Naruto with 660 pieces\" width=\"800\" height=\"800\" title=\"-\" srcset=\"https:\/\/mouldking.store\/wp-content\/uploads\/2022\/02\/Qman-K20501-20504-Naruto-3.jpg 800w, https:\/\/mouldking.store\/wp-content\/uploads\/2022\/02\/Qman-K20501-20504-Naruto-3-300x300.jpg 300w, https:\/\/mouldking.store\/wp-content\/uploads\/2022\/02\/Qman-K20501-20504-Naruto-3-768x768.jpg 768w, https:\/\/mouldking.store\/wp-content\/uploads\/2022\/02\/Qman-K20501-20504-Naruto-3-600x600.jpg 600w, https:\/\/mouldking.store\/wp-content\/uploads\/2022\/02\/Qman-K20501-20504-Naruto-3-150x150.jpg 150w\" sizes=\"(max-width: 800px) 100vw, 800px\" \/><figcaption id=\"caption-attachment-29595\" class=\"wp-caption-text\">Qman K20501-20504 Naruto b\u1ed9 660 mi\u1ebfng<\/figcaption><\/figure>\n<figure id=\"attachment_29604\" aria-describedby=\"caption-attachment-29604\" style=\"width: 693px\" class=\"wp-caption aligncenter\"><img loading=\"lazy\" decoding=\"async\" class=\"wp-image-29604 size-full\" src=\"https:\/\/mouldking.store\/wp-content\/uploads\/2022\/02\/Qman-K20501-20504-Naruto-12.jpg\" alt=\"Qman K20501-20504 Naruto with 660 pieces\" width=\"693\" height=\"1024\" title=\"-\" srcset=\"https:\/\/mouldking.store\/wp-content\/uploads\/2022\/02\/Qman-K20501-20504-Naruto-12.jpg 693w, https:\/\/mouldking.store\/wp-content\/uploads\/2022\/02\/Qman-K20501-20504-Naruto-12-203x300.jpg 203w, https:\/\/mouldking.store\/wp-content\/uploads\/2022\/02\/Qman-K20501-20504-Naruto-12-300x443.jpg 300w, https:\/\/mouldking.store\/wp-content\/uploads\/2022\/02\/Qman-K20501-20504-Naruto-12-600x887.jpg 600w, https:\/\/mouldking.store\/wp-content\/uploads\/2022\/02\/Qman-K20501-20504-Naruto-12-102x150.jpg 102w\" sizes=\"(max-width: 693px) 100vw, 693px\" \/><figcaption id=\"caption-attachment-29604\" class=\"wp-caption-text\">Qman K20501-20504 Naruto b\u1ed9 660 mi\u1ebfng<\/figcaption><\/figure>\n<figure id=\"attachment_29596\" aria-describedby=\"caption-attachment-29596\" style=\"width: 800px\" class=\"wp-caption aligncenter\"><img loading=\"lazy\" decoding=\"async\" class=\"wp-image-29596 size-full\" src=\"https:\/\/mouldking.store\/wp-content\/uploads\/2022\/02\/Qman-K20501-20504-Naruto-4.jpg\" alt=\"Qman K20501-20504 Naruto with 660 pieces\" width=\"800\" height=\"800\" title=\"-\" srcset=\"https:\/\/mouldking.store\/wp-content\/uploads\/2022\/02\/Qman-K20501-20504-Naruto-4.jpg 800w, https:\/\/mouldking.store\/wp-content\/uploads\/2022\/02\/Qman-K20501-20504-Naruto-4-300x300.jpg 300w, https:\/\/mouldking.store\/wp-content\/uploads\/2022\/02\/Qman-K20501-20504-Naruto-4-768x768.jpg 768w, https:\/\/mouldking.store\/wp-content\/uploads\/2022\/02\/Qman-K20501-20504-Naruto-4-600x600.jpg 600w, https:\/\/mouldking.store\/wp-content\/uploads\/2022\/02\/Qman-K20501-20504-Naruto-4-150x150.jpg 150w\" sizes=\"(max-width: 800px) 100vw, 800px\" \/><figcaption id=\"caption-attachment-29596\" class=\"wp-caption-text\">Qman K20501-20504 Naruto b\u1ed9 660 mi\u1ebfng<\/figcaption><\/figure>\n<figure id=\"attachment_29605\" aria-describedby=\"caption-attachment-29605\" style=\"width: 723px\" class=\"wp-caption aligncenter\"><img loading=\"lazy\" decoding=\"async\" class=\"wp-image-29605 size-full\" src=\"https:\/\/mouldking.store\/wp-content\/uploads\/2022\/02\/Qman-K20501-20504-Naruto-13.jpg\" alt=\"Qman K20501-20504 Naruto with 660 pieces\" width=\"723\" height=\"1024\" title=\"-\" srcset=\"https:\/\/mouldking.store\/wp-content\/uploads\/2022\/02\/Qman-K20501-20504-Naruto-13.jpg 723w, https:\/\/mouldking.store\/wp-content\/uploads\/2022\/02\/Qman-K20501-20504-Naruto-13-212x300.jpg 212w, https:\/\/mouldking.store\/wp-content\/uploads\/2022\/02\/Qman-K20501-20504-Naruto-13-300x425.jpg 300w, https:\/\/mouldking.store\/wp-content\/uploads\/2022\/02\/Qman-K20501-20504-Naruto-13-600x850.jpg 600w, https:\/\/mouldking.store\/wp-content\/uploads\/2022\/02\/Qman-K20501-20504-Naruto-13-106x150.jpg 106w\" sizes=\"(max-width: 723px) 100vw, 723px\" \/><figcaption id=\"caption-attachment-29605\" class=\"wp-caption-text\">Qman K20501-20504 Naruto b\u1ed9 660 mi\u1ebfng<\/figcaption><\/figure>\n<figure id=\"attachment_29597\" aria-describedby=\"caption-attachment-29597\" style=\"width: 800px\" class=\"wp-caption aligncenter\"><img loading=\"lazy\" decoding=\"async\" class=\"wp-image-29597 size-full\" src=\"https:\/\/mouldking.store\/wp-content\/uploads\/2022\/02\/Qman-K20501-20504-Naruto-5.jpg\" alt=\"Qman K20501-20504 Naruto with 660 pieces\" width=\"800\" height=\"800\" title=\"-\" srcset=\"https:\/\/mouldking.store\/wp-content\/uploads\/2022\/02\/Qman-K20501-20504-Naruto-5.jpg 800w, https:\/\/mouldking.store\/wp-content\/uploads\/2022\/02\/Qman-K20501-20504-Naruto-5-300x300.jpg 300w, https:\/\/mouldking.store\/wp-content\/uploads\/2022\/02\/Qman-K20501-20504-Naruto-5-768x768.jpg 768w, https:\/\/mouldking.store\/wp-content\/uploads\/2022\/02\/Qman-K20501-20504-Naruto-5-600x600.jpg 600w, https:\/\/mouldking.store\/wp-content\/uploads\/2022\/02\/Qman-K20501-20504-Naruto-5-150x150.jpg 150w\" sizes=\"(max-width: 800px) 100vw, 800px\" \/><figcaption id=\"caption-attachment-29597\" class=\"wp-caption-text\">Qman K20501-20504 Naruto b\u1ed9 660 mi\u1ebfng<\/figcaption><\/figure>\n<figure id=\"attachment_29606\" aria-describedby=\"caption-attachment-29606\" style=\"width: 618px\" class=\"wp-caption aligncenter\"><img loading=\"lazy\" decoding=\"async\" class=\"wp-image-29606 size-full\" src=\"https:\/\/mouldking.store\/wp-content\/uploads\/2022\/02\/Qman-K20501-20504-Naruto-14.jpg\" alt=\"Qman K20501-20504 Naruto with 660 pieces\" width=\"618\" height=\"1024\" title=\"-\" srcset=\"https:\/\/mouldking.store\/wp-content\/uploads\/2022\/02\/Qman-K20501-20504-Naruto-14.jpg 618w, https:\/\/mouldking.store\/wp-content\/uploads\/2022\/02\/Qman-K20501-20504-Naruto-14-181x300.jpg 181w, https:\/\/mouldking.store\/wp-content\/uploads\/2022\/02\/Qman-K20501-20504-Naruto-14-300x497.jpg 300w, https:\/\/mouldking.store\/wp-content\/uploads\/2022\/02\/Qman-K20501-20504-Naruto-14-600x994.jpg 600w, https:\/\/mouldking.store\/wp-content\/uploads\/2022\/02\/Qman-K20501-20504-Naruto-14-91x150.jpg 91w\" sizes=\"(max-width: 618px) 100vw, 618px\" \/><figcaption id=\"caption-attachment-29606\" class=\"wp-caption-text\">Qman K20501-20504 Naruto b\u1ed9 660 mi\u1ebfng<\/figcaption><\/figure>\n<figure id=\"attachment_29607\" aria-describedby=\"caption-attachment-29607\" style=\"width: 664px\" class=\"wp-caption aligncenter\"><img loading=\"lazy\" decoding=\"async\" class=\"wp-image-29607 size-full\" src=\"https:\/\/mouldking.store\/wp-content\/uploads\/2022\/02\/Qman-K20501-20504-Naruto-15.jpg\" alt=\"Qman K20501-20504 Naruto with 660 pieces\" width=\"664\" height=\"1024\" title=\"-\" srcset=\"https:\/\/mouldking.store\/wp-content\/uploads\/2022\/02\/Qman-K20501-20504-Naruto-15.jpg 664w, https:\/\/mouldking.store\/wp-content\/uploads\/2022\/02\/Qman-K20501-20504-Naruto-15-195x300.jpg 195w, https:\/\/mouldking.store\/wp-content\/uploads\/2022\/02\/Qman-K20501-20504-Naruto-15-300x463.jpg 300w, https:\/\/mouldking.store\/wp-content\/uploads\/2022\/02\/Qman-K20501-20504-Naruto-15-600x925.jpg 600w, https:\/\/mouldking.store\/wp-content\/uploads\/2022\/02\/Qman-K20501-20504-Naruto-15-97x150.jpg 97w\" sizes=\"(max-width: 664px) 100vw, 664px\" \/><figcaption id=\"caption-attachment-29607\" class=\"wp-caption-text\">Qman K20501-20504 Naruto b\u1ed9 660 mi\u1ebfng<\/figcaption><\/figure>","protected":false},"excerpt":{"rendered":"<p>Product information: Brand: Qman Gender: Unisex Name: Naruto Age Range: &gt; 6 years old Model Number: K20501-20504 Classification: Assemblage Plastic Block Shape: Self-Locking Bricks Material: Plastic Plastic Type: ABS Bricks Blocks: 660 PCS (totals) Contains detailed assembly instructions. Notice: 1. Without an original box, but we guarantee our products have quality assurance and nice packaging. [&hellip;]<\/p>","protected":false},"featured_media":29608,"comment_status":"closed","ping_status":"closed","template":"","meta":{"_acf_changed":false},"product_cat":[581],"product_tag":[4539,4534,4540,4541,4542,2383,4125,4535,4533,4532,4536,4537,4538],"class_list":["product","first","instock","shipping-taxable","purchasable","product-type-variable"],"acf":[],"_links":{"self":[{"href":"https:\/\/mouldking.store\/vi\/wp-json\/wp\/v2\/product\/29592","targetHints":{"allow":["GET"]}}],"collection":[{"href":"https:\/\/mouldking.store\/vi\/wp-json\/wp\/v2\/product"}],"about":[{"href":"https:\/\/mouldking.store\/vi\/wp-json\/wp\/v2\/types\/product"}],"replies":[{"embeddable":true,"href":"https:\/\/mouldking.store\/vi\/wp-json\/wp\/v2\/comments?post=29592"}],"wp:featuredmedia":[{"embeddable":true,"href":"https:\/\/mouldking.store\/vi\/wp-json\/wp\/v2\/media\/29608"}],"wp:attachment":[{"href":"https:\/\/mouldking.store\/vi\/wp-json\/wp\/v2\/media?parent=29592"}],"wp:term":[{"taxonomy":"product_cat","embeddable":true,"href":"https:\/\/mouldking.store\/vi\/wp-json\/wp\/v2\/product_cat?post=29592"},{"taxonomy":"product_tag","embeddable":true,"href":"https:\/\/mouldking.store\/vi\/wp-json\/wp\/v2\/product_tag?post=29592"}],"curies":[{"name":"wp","href":"https:\/\/api.w.org\/{rel}","templated":true}]}}