{"id":29656,"date":"2022-02-22T10:40:24","date_gmt":"2022-02-22T03:40:24","guid":{"rendered":"https:\/\/mouldking.store\/?post_type=product&#038;p=29656"},"modified":"2022-02-22T10:40:24","modified_gmt":"2022-02-22T03:40:24","slug":"qman-s0104-doraemon-shrink-flashlight-and-bamboo-dragonfly-with-796-pieces","status":"publish","type":"product","link":"https:\/\/mouldking.store\/vi\/shop\/qman-s0104-doraemon-shrink-flashlight-and-bamboo-dragonfly-with-796-pieces\/","title":{"rendered":"Qman S0104 \u0110\u00e8n pin thu nh\u1ecf Doraemon v\u00e0 Chu\u1ed3n chu\u1ed3n tre g\u1ed3m 796 mi\u1ebfng"},"content":{"rendered":"<p>Th\u00f4ng tin s\u1ea3n ph\u1ea9m:<\/p>\n<ol>\n<li>Th\u01b0\u01a1ng hi\u1ec7u: Qman<\/li>\n<li>Gi\u1edbi t\u00ednh: Unisex<\/li>\n<li>Name: Doraemon Shrink Flashlight and Bamboo Dragonfly<\/li>\n<li>\u0110\u1ed9 tu\u1ed5i: &gt; 6 tu\u1ed5i<\/li>\n<li>Model Number: S0104<\/li>\n<li>Ph\u00e2n lo\u1ea1i: T\u1eadp h\u1ee3p<\/li>\n<li>H\u00ecnh d\u1ea1ng kh\u1ed1i nh\u1ef1a: G\u1ea1ch t\u1ef1 kh\u00f3a<\/li>\n<li>Ch\u1ea5t li\u1ec7u: Nh\u1ef1a<\/li>\n<li>Lo\u1ea1i nh\u1ef1a: ABS<\/li>\n<li>Bricks Blocks: 796 PCS<\/li>\n<li>Ch\u1ee9a h\u01b0\u1edbng d\u1eabn l\u1eafp r\u00e1p chi ti\u1ebft.<\/li>\n<\/ol>\n<p>\u0110\u1ec3 \u00fd:<br \/>\n1. Kh\u00f4ng c\u00f3 h\u1ed9p ban \u0111\u1ea7u, nh\u01b0ng ch\u00fang t\u00f4i \u0111\u1ea3m b\u1ea3o s\u1ea3n ph\u1ea9m c\u1ee7a ch\u00fang t\u00f4i c\u00f3 ch\u1ea5t l\u01b0\u1ee3ng \u0111\u1ea3m b\u1ea3o v\u00e0 bao b\u00ec \u0111\u1eb9p.<br \/>\n2. V\u00ec t\u1ea5t c\u1ea3 c\u00e1c b\u1ed9 ph\u1eadn ch\u00fang t\u00f4i \u0111\u00e3 ki\u1ec3m tra tr\u01b0\u1edbc khi v\u1eadn chuy\u1ec3n, v\u00ec v\u1eady n\u1ebfu b\u1ea1n th\u1ea5y m\u1ed9t s\u1ed1 b\u1ed9 ph\u1eadn b\u1ecb thi\u1ebfu ho\u1eb7c h\u01b0 h\u1ecfng, \u0111\u1eebng lo l\u1eafng v\u00e0 ch\u1ec9 c\u1ea7n vui l\u00f2ng li\u00ean h\u1ec7 v\u1edbi ch\u00fang t\u00f4i v\u00e0 ch\u00fang t\u00f4i c\u00f3 th\u1ec3 g\u1eedi l\u1ea1i mi\u1ec5n ph\u00ed cho b\u1ea1n ngay l\u1eadp t\u1ee9c.<\/p>\n<figure id=\"attachment_29657\" aria-describedby=\"caption-attachment-29657\" style=\"width: 800px\" class=\"wp-caption aligncenter\"><img fetchpriority=\"high\" decoding=\"async\" class=\"wp-image-29657 size-full\" src=\"https:\/\/mouldking.store\/wp-content\/uploads\/2022\/02\/Qman-S0104-Doraemon-Shrink-Flashlight-and-Bamboo-Dragonfly-with-796-pieces-1.jpg\" alt=\"Qman S0104 Doraemon Shrink Flashlight and Bamboo Dragonfly with 796 pieces\" width=\"800\" height=\"800\" title=\"-\" srcset=\"https:\/\/mouldking.store\/wp-content\/uploads\/2022\/02\/Qman-S0104-Doraemon-Shrink-Flashlight-and-Bamboo-Dragonfly-with-796-pieces-1.jpg 800w, https:\/\/mouldking.store\/wp-content\/uploads\/2022\/02\/Qman-S0104-Doraemon-Shrink-Flashlight-and-Bamboo-Dragonfly-with-796-pieces-1-300x300.jpg 300w, https:\/\/mouldking.store\/wp-content\/uploads\/2022\/02\/Qman-S0104-Doraemon-Shrink-Flashlight-and-Bamboo-Dragonfly-with-796-pieces-1-768x768.jpg 768w, https:\/\/mouldking.store\/wp-content\/uploads\/2022\/02\/Qman-S0104-Doraemon-Shrink-Flashlight-and-Bamboo-Dragonfly-with-796-pieces-1-600x600.jpg 600w, https:\/\/mouldking.store\/wp-content\/uploads\/2022\/02\/Qman-S0104-Doraemon-Shrink-Flashlight-and-Bamboo-Dragonfly-with-796-pieces-1-150x150.jpg 150w\" sizes=\"(max-width: 800px) 100vw, 800px\" \/><figcaption id=\"caption-attachment-29657\" class=\"wp-caption-text\">Qman S0104 \u0110\u00e8n pin thu nh\u1ecf Doraemon v\u00e0 Chu\u1ed3n chu\u1ed3n tre g\u1ed3m 796 mi\u1ebfng<\/figcaption><\/figure>\n<figure id=\"attachment_29661\" aria-describedby=\"caption-attachment-29661\" style=\"width: 729px\" class=\"wp-caption aligncenter\"><img decoding=\"async\" class=\"wp-image-29661 size-full\" src=\"https:\/\/mouldking.store\/wp-content\/uploads\/2022\/02\/Qman-S0104-Doraemon-Shrink-Flashlight-and-Bamboo-Dragonfly-with-796-pieces-5.jpg\" alt=\"Qman S0104 Doraemon Shrink Flashlight and Bamboo Dragonfly with 796 pieces\" width=\"729\" height=\"1024\" title=\"-\" srcset=\"https:\/\/mouldking.store\/wp-content\/uploads\/2022\/02\/Qman-S0104-Doraemon-Shrink-Flashlight-and-Bamboo-Dragonfly-with-796-pieces-5.jpg 729w, https:\/\/mouldking.store\/wp-content\/uploads\/2022\/02\/Qman-S0104-Doraemon-Shrink-Flashlight-and-Bamboo-Dragonfly-with-796-pieces-5-214x300.jpg 214w, https:\/\/mouldking.store\/wp-content\/uploads\/2022\/02\/Qman-S0104-Doraemon-Shrink-Flashlight-and-Bamboo-Dragonfly-with-796-pieces-5-300x421.jpg 300w, https:\/\/mouldking.store\/wp-content\/uploads\/2022\/02\/Qman-S0104-Doraemon-Shrink-Flashlight-and-Bamboo-Dragonfly-with-796-pieces-5-600x843.jpg 600w, https:\/\/mouldking.store\/wp-content\/uploads\/2022\/02\/Qman-S0104-Doraemon-Shrink-Flashlight-and-Bamboo-Dragonfly-with-796-pieces-5-107x150.jpg 107w\" sizes=\"(max-width: 729px) 100vw, 729px\" \/><figcaption id=\"caption-attachment-29661\" class=\"wp-caption-text\">Qman S0104 \u0110\u00e8n pin thu nh\u1ecf Doraemon v\u00e0 Chu\u1ed3n chu\u1ed3n tre g\u1ed3m 796 mi\u1ebfng<\/figcaption><\/figure>\n<figure id=\"attachment_29660\" aria-describedby=\"caption-attachment-29660\" style=\"width: 571px\" class=\"wp-caption aligncenter\"><img decoding=\"async\" class=\"wp-image-29660 size-full\" src=\"https:\/\/mouldking.store\/wp-content\/uploads\/2022\/02\/Qman-S0104-Doraemon-Shrink-Flashlight-and-Bamboo-Dragonfly-with-796-pieces-4.jpg\" alt=\"Qman S0104 Doraemon Shrink Flashlight and Bamboo Dragonfly with 796 pieces\" width=\"571\" height=\"1024\" title=\"-\" srcset=\"https:\/\/mouldking.store\/wp-content\/uploads\/2022\/02\/Qman-S0104-Doraemon-Shrink-Flashlight-and-Bamboo-Dragonfly-with-796-pieces-4.jpg 571w, https:\/\/mouldking.store\/wp-content\/uploads\/2022\/02\/Qman-S0104-Doraemon-Shrink-Flashlight-and-Bamboo-Dragonfly-with-796-pieces-4-167x300.jpg 167w, https:\/\/mouldking.store\/wp-content\/uploads\/2022\/02\/Qman-S0104-Doraemon-Shrink-Flashlight-and-Bamboo-Dragonfly-with-796-pieces-4-300x538.jpg 300w, https:\/\/mouldking.store\/wp-content\/uploads\/2022\/02\/Qman-S0104-Doraemon-Shrink-Flashlight-and-Bamboo-Dragonfly-with-796-pieces-4-84x150.jpg 84w\" sizes=\"(max-width: 571px) 100vw, 571px\" \/><figcaption id=\"caption-attachment-29660\" class=\"wp-caption-text\">Qman S0104 \u0110\u00e8n pin thu nh\u1ecf Doraemon v\u00e0 Chu\u1ed3n chu\u1ed3n tre g\u1ed3m 796 mi\u1ebfng<\/figcaption><\/figure>\n<figure id=\"attachment_29659\" aria-describedby=\"caption-attachment-29659\" style=\"width: 790px\" class=\"wp-caption aligncenter\"><img loading=\"lazy\" decoding=\"async\" class=\"wp-image-29659 size-full\" src=\"https:\/\/mouldking.store\/wp-content\/uploads\/2022\/02\/Qman-S0104-Doraemon-Shrink-Flashlight-and-Bamboo-Dragonfly-with-796-pieces-3.jpg\" alt=\"Qman S0104 Doraemon Shrink Flashlight and Bamboo Dragonfly with 796 pieces\" width=\"790\" height=\"876\" title=\"-\" srcset=\"https:\/\/mouldking.store\/wp-content\/uploads\/2022\/02\/Qman-S0104-Doraemon-Shrink-Flashlight-and-Bamboo-Dragonfly-with-796-pieces-3.jpg 790w, https:\/\/mouldking.store\/wp-content\/uploads\/2022\/02\/Qman-S0104-Doraemon-Shrink-Flashlight-and-Bamboo-Dragonfly-with-796-pieces-3-271x300.jpg 271w, https:\/\/mouldking.store\/wp-content\/uploads\/2022\/02\/Qman-S0104-Doraemon-Shrink-Flashlight-and-Bamboo-Dragonfly-with-796-pieces-3-768x852.jpg 768w, https:\/\/mouldking.store\/wp-content\/uploads\/2022\/02\/Qman-S0104-Doraemon-Shrink-Flashlight-and-Bamboo-Dragonfly-with-796-pieces-3-300x333.jpg 300w, https:\/\/mouldking.store\/wp-content\/uploads\/2022\/02\/Qman-S0104-Doraemon-Shrink-Flashlight-and-Bamboo-Dragonfly-with-796-pieces-3-600x665.jpg 600w, https:\/\/mouldking.store\/wp-content\/uploads\/2022\/02\/Qman-S0104-Doraemon-Shrink-Flashlight-and-Bamboo-Dragonfly-with-796-pieces-3-135x150.jpg 135w\" sizes=\"(max-width: 790px) 100vw, 790px\" \/><figcaption id=\"caption-attachment-29659\" class=\"wp-caption-text\">Qman S0104 \u0110\u00e8n pin thu nh\u1ecf Doraemon v\u00e0 Chu\u1ed3n chu\u1ed3n tre g\u1ed3m 796 mi\u1ebfng<\/figcaption><\/figure>\n<figure id=\"attachment_29658\" aria-describedby=\"caption-attachment-29658\" style=\"width: 404px\" class=\"wp-caption aligncenter\"><img loading=\"lazy\" decoding=\"async\" class=\"wp-image-29658 size-full\" src=\"https:\/\/mouldking.store\/wp-content\/uploads\/2022\/02\/Qman-S0104-Doraemon-Shrink-Flashlight-and-Bamboo-Dragonfly-with-796-pieces-2.jpg\" alt=\"Qman S0104 Doraemon Shrink Flashlight and Bamboo Dragonfly with 796 pieces\" width=\"404\" height=\"1024\" title=\"-\" srcset=\"https:\/\/mouldking.store\/wp-content\/uploads\/2022\/02\/Qman-S0104-Doraemon-Shrink-Flashlight-and-Bamboo-Dragonfly-with-796-pieces-2.jpg 404w, https:\/\/mouldking.store\/wp-content\/uploads\/2022\/02\/Qman-S0104-Doraemon-Shrink-Flashlight-and-Bamboo-Dragonfly-with-796-pieces-2-118x300.jpg 118w, https:\/\/mouldking.store\/wp-content\/uploads\/2022\/02\/Qman-S0104-Doraemon-Shrink-Flashlight-and-Bamboo-Dragonfly-with-796-pieces-2-300x760.jpg 300w, https:\/\/mouldking.store\/wp-content\/uploads\/2022\/02\/Qman-S0104-Doraemon-Shrink-Flashlight-and-Bamboo-Dragonfly-with-796-pieces-2-59x150.jpg 59w\" sizes=\"(max-width: 404px) 100vw, 404px\" \/><figcaption id=\"caption-attachment-29658\" class=\"wp-caption-text\">Qman S0104 \u0110\u00e8n pin thu nh\u1ecf Doraemon v\u00e0 Chu\u1ed3n chu\u1ed3n tre g\u1ed3m 796 mi\u1ebfng<\/figcaption><\/figure>","protected":false},"excerpt":{"rendered":"<p>Product information: Brand: Qman Gender: Unisex Name: Doraemon Shrink Flashlight and Bamboo Dragonfly Age Range: &gt; 6 years old Model Number: S0104 Classification: Assemblage Plastic Block Shape: Self-Locking Bricks Material: Plastic Plastic Type: ABS Bricks Blocks: 796 PCS Contains detailed assembly instructions. Notice: 1. Without an original box, but we guarantee our products have quality [&hellip;]<\/p>","protected":false},"featured_media":29657,"comment_status":"closed","ping_status":"closed","template":"","meta":{"_acf_changed":false},"product_cat":[581],"product_tag":[4586,4584,4583,4585,4582,4588,4587],"class_list":["product","first","instock","shipping-taxable","purchasable","product-type-simple"],"acf":[],"_links":{"self":[{"href":"https:\/\/mouldking.store\/vi\/wp-json\/wp\/v2\/product\/29656","targetHints":{"allow":["GET"]}}],"collection":[{"href":"https:\/\/mouldking.store\/vi\/wp-json\/wp\/v2\/product"}],"about":[{"href":"https:\/\/mouldking.store\/vi\/wp-json\/wp\/v2\/types\/product"}],"replies":[{"embeddable":true,"href":"https:\/\/mouldking.store\/vi\/wp-json\/wp\/v2\/comments?post=29656"}],"wp:featuredmedia":[{"embeddable":true,"href":"https:\/\/mouldking.store\/vi\/wp-json\/wp\/v2\/media\/29657"}],"wp:attachment":[{"href":"https:\/\/mouldking.store\/vi\/wp-json\/wp\/v2\/media?parent=29656"}],"wp:term":[{"taxonomy":"product_cat","embeddable":true,"href":"https:\/\/mouldking.store\/vi\/wp-json\/wp\/v2\/product_cat?post=29656"},{"taxonomy":"product_tag","embeddable":true,"href":"https:\/\/mouldking.store\/vi\/wp-json\/wp\/v2\/product_tag?post=29656"}],"curies":[{"name":"wp","href":"https:\/\/api.w.org\/{rel}","templated":true}]}}