{"id":29694,"date":"2022-02-22T11:02:02","date_gmt":"2022-02-22T04:02:02","guid":{"rendered":"https:\/\/mouldking.store\/?post_type=product&#038;p=29694"},"modified":"2022-02-22T11:02:02","modified_gmt":"2022-02-22T04:02:02","slug":"qman-31011-cherry-duckling-small-set-box-with-421-pieces","status":"publish","type":"product","link":"https:\/\/mouldking.store\/vi\/shop\/qman-31011-cherry-duckling-small-set-box-with-421-pieces\/","title":{"rendered":"Qman 31011 Cherry Duckling Small Set Box with 421 pieces"},"content":{"rendered":"<p>Th\u00f4ng tin s\u1ea3n ph\u1ea9m:<\/p>\n<ol>\n<li>Th\u01b0\u01a1ng hi\u1ec7u: Qman<\/li>\n<li>Gi\u1edbi t\u00ednh: Unisex<\/li>\n<li>Name: Cherry Duckling Small Set Box<\/li>\n<li>\u0110\u1ed9 tu\u1ed5i: &gt; 6 tu\u1ed5i<\/li>\n<li>Model Number: 31011<\/li>\n<li>Ph\u00e2n lo\u1ea1i: T\u1eadp h\u1ee3p<\/li>\n<li>H\u00ecnh d\u1ea1ng kh\u1ed1i nh\u1ef1a: G\u1ea1ch t\u1ef1 kh\u00f3a<\/li>\n<li>Ch\u1ea5t li\u1ec7u: Nh\u1ef1a<\/li>\n<li>Lo\u1ea1i nh\u1ef1a: ABS<\/li>\n<li>Bricks Blocks: 421 PCS<\/li>\n<li>Ch\u1ee9a h\u01b0\u1edbng d\u1eabn l\u1eafp r\u00e1p chi ti\u1ebft.<\/li>\n<\/ol>\n<p>\u0110\u1ec3 \u00fd:<br \/>\n1. Kh\u00f4ng c\u00f3 h\u1ed9p ban \u0111\u1ea7u, nh\u01b0ng ch\u00fang t\u00f4i \u0111\u1ea3m b\u1ea3o s\u1ea3n ph\u1ea9m c\u1ee7a ch\u00fang t\u00f4i c\u00f3 ch\u1ea5t l\u01b0\u1ee3ng \u0111\u1ea3m b\u1ea3o v\u00e0 bao b\u00ec \u0111\u1eb9p.<br \/>\n2. V\u00ec t\u1ea5t c\u1ea3 c\u00e1c b\u1ed9 ph\u1eadn ch\u00fang t\u00f4i \u0111\u00e3 ki\u1ec3m tra tr\u01b0\u1edbc khi v\u1eadn chuy\u1ec3n, v\u00ec v\u1eady n\u1ebfu b\u1ea1n th\u1ea5y m\u1ed9t s\u1ed1 b\u1ed9 ph\u1eadn b\u1ecb thi\u1ebfu ho\u1eb7c h\u01b0 h\u1ecfng, \u0111\u1eebng lo l\u1eafng v\u00e0 ch\u1ec9 c\u1ea7n vui l\u00f2ng li\u00ean h\u1ec7 v\u1edbi ch\u00fang t\u00f4i v\u00e0 ch\u00fang t\u00f4i c\u00f3 th\u1ec3 g\u1eedi l\u1ea1i mi\u1ec5n ph\u00ed cho b\u1ea1n ngay l\u1eadp t\u1ee9c.<\/p>\n<p>&nbsp;<\/p>\n<figure id=\"attachment_29695\" aria-describedby=\"caption-attachment-29695\" style=\"width: 800px\" class=\"wp-caption aligncenter\"><img fetchpriority=\"high\" decoding=\"async\" class=\"wp-image-29695 size-full\" src=\"https:\/\/mouldking.store\/wp-content\/uploads\/2022\/02\/Qman-31011-Cherry-Duckling-Small-Set-Box-with-421-pieces-1.jpg\" alt=\"Qman 31011 Cherry Duckling Small Set Box with 421 pieces\" width=\"800\" height=\"800\" title=\"-\" srcset=\"https:\/\/mouldking.store\/wp-content\/uploads\/2022\/02\/Qman-31011-Cherry-Duckling-Small-Set-Box-with-421-pieces-1.jpg 800w, https:\/\/mouldking.store\/wp-content\/uploads\/2022\/02\/Qman-31011-Cherry-Duckling-Small-Set-Box-with-421-pieces-1-300x300.jpg 300w, https:\/\/mouldking.store\/wp-content\/uploads\/2022\/02\/Qman-31011-Cherry-Duckling-Small-Set-Box-with-421-pieces-1-768x768.jpg 768w, https:\/\/mouldking.store\/wp-content\/uploads\/2022\/02\/Qman-31011-Cherry-Duckling-Small-Set-Box-with-421-pieces-1-600x600.jpg 600w, https:\/\/mouldking.store\/wp-content\/uploads\/2022\/02\/Qman-31011-Cherry-Duckling-Small-Set-Box-with-421-pieces-1-150x150.jpg 150w\" sizes=\"(max-width: 800px) 100vw, 800px\" \/><figcaption id=\"caption-attachment-29695\" class=\"wp-caption-text\">Qman 31011 Cherry Duckling Small Set Box with 421 pieces<\/figcaption><\/figure>\n<figure id=\"attachment_29697\" aria-describedby=\"caption-attachment-29697\" style=\"width: 651px\" class=\"wp-caption aligncenter\"><img decoding=\"async\" class=\"wp-image-29697 size-full\" src=\"https:\/\/mouldking.store\/wp-content\/uploads\/2022\/02\/Qman-31011-Cherry-Duckling-Small-Set-Box-with-421-pieces-3.jpg\" alt=\"Qman 31011 Cherry Duckling Small Set Box with 421 pieces\" width=\"651\" height=\"1024\" title=\"-\" srcset=\"https:\/\/mouldking.store\/wp-content\/uploads\/2022\/02\/Qman-31011-Cherry-Duckling-Small-Set-Box-with-421-pieces-3.jpg 651w, https:\/\/mouldking.store\/wp-content\/uploads\/2022\/02\/Qman-31011-Cherry-Duckling-Small-Set-Box-with-421-pieces-3-191x300.jpg 191w, https:\/\/mouldking.store\/wp-content\/uploads\/2022\/02\/Qman-31011-Cherry-Duckling-Small-Set-Box-with-421-pieces-3-300x472.jpg 300w, https:\/\/mouldking.store\/wp-content\/uploads\/2022\/02\/Qman-31011-Cherry-Duckling-Small-Set-Box-with-421-pieces-3-600x944.jpg 600w, https:\/\/mouldking.store\/wp-content\/uploads\/2022\/02\/Qman-31011-Cherry-Duckling-Small-Set-Box-with-421-pieces-3-95x150.jpg 95w\" sizes=\"(max-width: 651px) 100vw, 651px\" \/><figcaption id=\"caption-attachment-29697\" class=\"wp-caption-text\">Qman 31011 Cherry Duckling Small Set Box with 421 pieces<\/figcaption><\/figure>\n<figure id=\"attachment_29698\" aria-describedby=\"caption-attachment-29698\" style=\"width: 598px\" class=\"wp-caption aligncenter\"><img decoding=\"async\" class=\"wp-image-29698 size-full\" src=\"https:\/\/mouldking.store\/wp-content\/uploads\/2022\/02\/Qman-31011-Cherry-Duckling-Small-Set-Box-with-421-pieces-4.jpg\" alt=\"Qman 31011 Cherry Duckling Small Set Box with 421 pieces\" width=\"598\" height=\"1024\" title=\"-\" srcset=\"https:\/\/mouldking.store\/wp-content\/uploads\/2022\/02\/Qman-31011-Cherry-Duckling-Small-Set-Box-with-421-pieces-4.jpg 598w, https:\/\/mouldking.store\/wp-content\/uploads\/2022\/02\/Qman-31011-Cherry-Duckling-Small-Set-Box-with-421-pieces-4-175x300.jpg 175w, https:\/\/mouldking.store\/wp-content\/uploads\/2022\/02\/Qman-31011-Cherry-Duckling-Small-Set-Box-with-421-pieces-4-300x514.jpg 300w, https:\/\/mouldking.store\/wp-content\/uploads\/2022\/02\/Qman-31011-Cherry-Duckling-Small-Set-Box-with-421-pieces-4-88x150.jpg 88w\" sizes=\"(max-width: 598px) 100vw, 598px\" \/><figcaption id=\"caption-attachment-29698\" class=\"wp-caption-text\">Qman 31011 Cherry Duckling Small Set Box with 421 pieces<\/figcaption><\/figure>\n<figure id=\"attachment_29699\" aria-describedby=\"caption-attachment-29699\" style=\"width: 635px\" class=\"wp-caption aligncenter\"><img loading=\"lazy\" decoding=\"async\" class=\"wp-image-29699 size-full\" src=\"https:\/\/mouldking.store\/wp-content\/uploads\/2022\/02\/Qman-31011-Cherry-Duckling-Small-Set-Box-with-421-pieces-5.jpg\" alt=\"Qman 31011 Cherry Duckling Small Set Box with 421 pieces\" width=\"635\" height=\"1024\" title=\"-\" srcset=\"https:\/\/mouldking.store\/wp-content\/uploads\/2022\/02\/Qman-31011-Cherry-Duckling-Small-Set-Box-with-421-pieces-5.jpg 635w, https:\/\/mouldking.store\/wp-content\/uploads\/2022\/02\/Qman-31011-Cherry-Duckling-Small-Set-Box-with-421-pieces-5-186x300.jpg 186w, https:\/\/mouldking.store\/wp-content\/uploads\/2022\/02\/Qman-31011-Cherry-Duckling-Small-Set-Box-with-421-pieces-5-300x484.jpg 300w, https:\/\/mouldking.store\/wp-content\/uploads\/2022\/02\/Qman-31011-Cherry-Duckling-Small-Set-Box-with-421-pieces-5-600x968.jpg 600w, https:\/\/mouldking.store\/wp-content\/uploads\/2022\/02\/Qman-31011-Cherry-Duckling-Small-Set-Box-with-421-pieces-5-93x150.jpg 93w\" sizes=\"(max-width: 635px) 100vw, 635px\" \/><figcaption id=\"caption-attachment-29699\" class=\"wp-caption-text\">Qman 31011 Cherry Duckling Small Set Box with 421 pieces<\/figcaption><\/figure>\n<figure id=\"attachment_29700\" aria-describedby=\"caption-attachment-29700\" style=\"width: 611px\" class=\"wp-caption aligncenter\"><img loading=\"lazy\" decoding=\"async\" class=\"wp-image-29700 size-full\" src=\"https:\/\/mouldking.store\/wp-content\/uploads\/2022\/02\/Qman-31011-Cherry-Duckling-Small-Set-Box-with-421-pieces-6.jpg\" alt=\"Qman 31011 Cherry Duckling Small Set Box with 421 pieces\" width=\"611\" height=\"1024\" title=\"-\" srcset=\"https:\/\/mouldking.store\/wp-content\/uploads\/2022\/02\/Qman-31011-Cherry-Duckling-Small-Set-Box-with-421-pieces-6.jpg 611w, https:\/\/mouldking.store\/wp-content\/uploads\/2022\/02\/Qman-31011-Cherry-Duckling-Small-Set-Box-with-421-pieces-6-179x300.jpg 179w, https:\/\/mouldking.store\/wp-content\/uploads\/2022\/02\/Qman-31011-Cherry-Duckling-Small-Set-Box-with-421-pieces-6-300x503.jpg 300w, https:\/\/mouldking.store\/wp-content\/uploads\/2022\/02\/Qman-31011-Cherry-Duckling-Small-Set-Box-with-421-pieces-6-600x1006.jpg 600w, https:\/\/mouldking.store\/wp-content\/uploads\/2022\/02\/Qman-31011-Cherry-Duckling-Small-Set-Box-with-421-pieces-6-90x150.jpg 90w\" sizes=\"(max-width: 611px) 100vw, 611px\" \/><figcaption id=\"caption-attachment-29700\" class=\"wp-caption-text\">Qman 31011 Cherry Duckling Small Set Box with 421 pieces<\/figcaption><\/figure>\n<figure id=\"attachment_29701\" aria-describedby=\"caption-attachment-29701\" style=\"width: 800px\" class=\"wp-caption aligncenter\"><img loading=\"lazy\" decoding=\"async\" class=\"wp-image-29701 size-full\" src=\"https:\/\/mouldking.store\/wp-content\/uploads\/2022\/02\/Qman-31011-Cherry-Duckling-Small-Set-Box-with-421-pieces-7.jpg\" alt=\"Qman 31011 Cherry Duckling Small Set Box with 421 pieces\" width=\"800\" height=\"800\" title=\"-\" srcset=\"https:\/\/mouldking.store\/wp-content\/uploads\/2022\/02\/Qman-31011-Cherry-Duckling-Small-Set-Box-with-421-pieces-7.jpg 800w, https:\/\/mouldking.store\/wp-content\/uploads\/2022\/02\/Qman-31011-Cherry-Duckling-Small-Set-Box-with-421-pieces-7-300x300.jpg 300w, https:\/\/mouldking.store\/wp-content\/uploads\/2022\/02\/Qman-31011-Cherry-Duckling-Small-Set-Box-with-421-pieces-7-768x768.jpg 768w, https:\/\/mouldking.store\/wp-content\/uploads\/2022\/02\/Qman-31011-Cherry-Duckling-Small-Set-Box-with-421-pieces-7-600x600.jpg 600w, https:\/\/mouldking.store\/wp-content\/uploads\/2022\/02\/Qman-31011-Cherry-Duckling-Small-Set-Box-with-421-pieces-7-150x150.jpg 150w\" sizes=\"(max-width: 800px) 100vw, 800px\" \/><figcaption id=\"caption-attachment-29701\" class=\"wp-caption-text\">Qman 31011 Cherry Duckling Small Set Box with 421 pieces<\/figcaption><\/figure>\n<figure id=\"attachment_29696\" aria-describedby=\"caption-attachment-29696\" style=\"width: 770px\" class=\"wp-caption aligncenter\"><img loading=\"lazy\" decoding=\"async\" class=\"wp-image-29696 size-full\" src=\"https:\/\/mouldking.store\/wp-content\/uploads\/2022\/02\/Qman-31011-Cherry-Duckling-Small-Set-Box-with-421-pieces-2.jpg\" alt=\"Qman 31011 Cherry Duckling Small Set Box with 421 pieces\" width=\"770\" height=\"884\" title=\"-\" srcset=\"https:\/\/mouldking.store\/wp-content\/uploads\/2022\/02\/Qman-31011-Cherry-Duckling-Small-Set-Box-with-421-pieces-2.jpg 770w, https:\/\/mouldking.store\/wp-content\/uploads\/2022\/02\/Qman-31011-Cherry-Duckling-Small-Set-Box-with-421-pieces-2-261x300.jpg 261w, https:\/\/mouldking.store\/wp-content\/uploads\/2022\/02\/Qman-31011-Cherry-Duckling-Small-Set-Box-with-421-pieces-2-768x882.jpg 768w, https:\/\/mouldking.store\/wp-content\/uploads\/2022\/02\/Qman-31011-Cherry-Duckling-Small-Set-Box-with-421-pieces-2-300x344.jpg 300w, https:\/\/mouldking.store\/wp-content\/uploads\/2022\/02\/Qman-31011-Cherry-Duckling-Small-Set-Box-with-421-pieces-2-600x689.jpg 600w, https:\/\/mouldking.store\/wp-content\/uploads\/2022\/02\/Qman-31011-Cherry-Duckling-Small-Set-Box-with-421-pieces-2-131x150.jpg 131w\" sizes=\"(max-width: 770px) 100vw, 770px\" \/><figcaption id=\"caption-attachment-29696\" class=\"wp-caption-text\">Qman 31011 Cherry Duckling Small Set Box with 421 pieces<\/figcaption><\/figure>","protected":false},"excerpt":{"rendered":"<p>Product information: Brand: Qman Gender: Unisex Name: Cherry Duckling Small Set Box Age Range: &gt; 6 years old Model Number: 31011 Classification: Assemblage Plastic Block Shape: Self-Locking Bricks Material: Plastic Plastic Type: ABS Bricks Blocks: 421 PCS Contains detailed assembly instructions. Notice: 1. Without an original box, but we guarantee our products have quality assurance [&hellip;]<\/p>","protected":false},"featured_media":29695,"comment_status":"closed","ping_status":"closed","template":"","meta":{"_acf_changed":false},"product_cat":[371],"product_tag":[4610,4611,4609,4125,4608,4607,4606,4612],"class_list":["product","first","instock","shipping-taxable","purchasable","product-type-simple"],"acf":[],"_links":{"self":[{"href":"https:\/\/mouldking.store\/vi\/wp-json\/wp\/v2\/product\/29694","targetHints":{"allow":["GET"]}}],"collection":[{"href":"https:\/\/mouldking.store\/vi\/wp-json\/wp\/v2\/product"}],"about":[{"href":"https:\/\/mouldking.store\/vi\/wp-json\/wp\/v2\/types\/product"}],"replies":[{"embeddable":true,"href":"https:\/\/mouldking.store\/vi\/wp-json\/wp\/v2\/comments?post=29694"}],"wp:featuredmedia":[{"embeddable":true,"href":"https:\/\/mouldking.store\/vi\/wp-json\/wp\/v2\/media\/29695"}],"wp:attachment":[{"href":"https:\/\/mouldking.store\/vi\/wp-json\/wp\/v2\/media?parent=29694"}],"wp:term":[{"taxonomy":"product_cat","embeddable":true,"href":"https:\/\/mouldking.store\/vi\/wp-json\/wp\/v2\/product_cat?post=29694"},{"taxonomy":"product_tag","embeddable":true,"href":"https:\/\/mouldking.store\/vi\/wp-json\/wp\/v2\/product_tag?post=29694"}],"curies":[{"name":"wp","href":"https:\/\/api.w.org\/{rel}","templated":true}]}}