{"id":29729,"date":"2022-02-23T15:04:12","date_gmt":"2022-02-23T08:04:12","guid":{"rendered":"https:\/\/mouldking.store\/?post_type=product&#038;p=29729"},"modified":"2022-02-23T15:04:12","modified_gmt":"2022-02-23T08:04:12","slug":"qman-k28001-k28005-colorful-street-scene","status":"publish","type":"product","link":"https:\/\/mouldking.store\/vi\/shop\/qman-k28001-k28005-colorful-street-scene\/","title":{"rendered":"C\u1ea3nh \u0110\u01b0\u1eddng Ph\u1ed1 S\u1eafc M\u00e0u Qman K28001-K28005"},"content":{"rendered":"<p>Th\u00f4ng tin s\u1ea3n ph\u1ea9m:<\/p>\n<ol>\n<li>Th\u01b0\u01a1ng hi\u1ec7u: Qman<\/li>\n<li>Gi\u1edbi t\u00ednh: Unisex<\/li>\n<li>Name: Colorful Street Scene<\/li>\n<li>\u0110\u1ed9 tu\u1ed5i: &gt; 8 tu\u1ed5i<\/li>\n<li>Model Number: K28001-K28005<\/li>\n<li>Ph\u00e2n lo\u1ea1i: T\u1eadp h\u1ee3p<\/li>\n<li>H\u00ecnh d\u1ea1ng kh\u1ed1i nh\u1ef1a: G\u1ea1ch t\u1ef1 kh\u00f3a<\/li>\n<li>Ch\u1ea5t li\u1ec7u: Nh\u1ef1a<\/li>\n<li>Lo\u1ea1i nh\u1ef1a: ABS<\/li>\n<li>Bricks Blocks: K28001 ~291+PCS, K28002\u00a0~310+PCS, \u00a0K28004\u00a0~278+PCS<\/li>\n<li>Ch\u1ee9a h\u01b0\u1edbng d\u1eabn l\u1eafp r\u00e1p chi ti\u1ebft.<\/li>\n<\/ol>\n<p>\u0110\u1ec3 \u00fd:<br \/>\n1. Kh\u00f4ng c\u00f3 h\u1ed9p ban \u0111\u1ea7u, nh\u01b0ng ch\u00fang t\u00f4i \u0111\u1ea3m b\u1ea3o s\u1ea3n ph\u1ea9m c\u1ee7a ch\u00fang t\u00f4i c\u00f3 ch\u1ea5t l\u01b0\u1ee3ng \u0111\u1ea3m b\u1ea3o v\u00e0 bao b\u00ec \u0111\u1eb9p.<br \/>\n2. V\u00ec t\u1ea5t c\u1ea3 c\u00e1c b\u1ed9 ph\u1eadn ch\u00fang t\u00f4i \u0111\u00e3 ki\u1ec3m tra tr\u01b0\u1edbc khi v\u1eadn chuy\u1ec3n, v\u00ec v\u1eady n\u1ebfu b\u1ea1n th\u1ea5y m\u1ed9t s\u1ed1 b\u1ed9 ph\u1eadn b\u1ecb thi\u1ebfu ho\u1eb7c h\u01b0 h\u1ecfng, \u0111\u1eebng lo l\u1eafng v\u00e0 ch\u1ec9 c\u1ea7n vui l\u00f2ng li\u00ean h\u1ec7 v\u1edbi ch\u00fang t\u00f4i v\u00e0 ch\u00fang t\u00f4i c\u00f3 th\u1ec3 g\u1eedi l\u1ea1i mi\u1ec5n ph\u00ed cho b\u1ea1n ngay l\u1eadp t\u1ee9c.<\/p>\n<figure id=\"attachment_29731\" aria-describedby=\"caption-attachment-29731\" style=\"width: 800px\" class=\"wp-caption aligncenter\"><img fetchpriority=\"high\" decoding=\"async\" class=\"wp-image-29731 size-full\" src=\"https:\/\/mouldking.store\/wp-content\/uploads\/2022\/02\/Qman-K28001-K28005-Colorful-Street-Scene-1.png\" alt=\"Qman K28001-K28005 Colorful Street Scene\" width=\"800\" height=\"800\" title=\"-\" srcset=\"https:\/\/mouldking.store\/wp-content\/uploads\/2022\/02\/Qman-K28001-K28005-Colorful-Street-Scene-1.png 800w, https:\/\/mouldking.store\/wp-content\/uploads\/2022\/02\/Qman-K28001-K28005-Colorful-Street-Scene-1-300x300.png 300w, https:\/\/mouldking.store\/wp-content\/uploads\/2022\/02\/Qman-K28001-K28005-Colorful-Street-Scene-1-768x768.png 768w, https:\/\/mouldking.store\/wp-content\/uploads\/2022\/02\/Qman-K28001-K28005-Colorful-Street-Scene-1-600x600.png 600w, https:\/\/mouldking.store\/wp-content\/uploads\/2022\/02\/Qman-K28001-K28005-Colorful-Street-Scene-1-150x150.png 150w\" sizes=\"(max-width: 800px) 100vw, 800px\" \/><figcaption id=\"caption-attachment-29731\" class=\"wp-caption-text\">C\u1ea3nh \u0110\u01b0\u1eddng Ph\u1ed1 S\u1eafc M\u00e0u Qman K28001-K28005<\/figcaption><\/figure>\n<figure id=\"attachment_29732\" aria-describedby=\"caption-attachment-29732\" style=\"width: 739px\" class=\"wp-caption aligncenter\"><img decoding=\"async\" class=\"wp-image-29732 size-full\" src=\"https:\/\/mouldking.store\/wp-content\/uploads\/2022\/02\/Qman-K28001-K28005-Colorful-Street-Scene-1.jpg\" alt=\"Qman K28001-K28005 Colorful Street Scene\" width=\"739\" height=\"1024\" title=\"-\" srcset=\"https:\/\/mouldking.store\/wp-content\/uploads\/2022\/02\/Qman-K28001-K28005-Colorful-Street-Scene-1.jpg 739w, https:\/\/mouldking.store\/wp-content\/uploads\/2022\/02\/Qman-K28001-K28005-Colorful-Street-Scene-1-217x300.jpg 217w, https:\/\/mouldking.store\/wp-content\/uploads\/2022\/02\/Qman-K28001-K28005-Colorful-Street-Scene-1-300x416.jpg 300w, https:\/\/mouldking.store\/wp-content\/uploads\/2022\/02\/Qman-K28001-K28005-Colorful-Street-Scene-1-600x831.jpg 600w, https:\/\/mouldking.store\/wp-content\/uploads\/2022\/02\/Qman-K28001-K28005-Colorful-Street-Scene-1-108x150.jpg 108w\" sizes=\"(max-width: 739px) 100vw, 739px\" \/><figcaption id=\"caption-attachment-29732\" class=\"wp-caption-text\">C\u1ea3nh \u0110\u01b0\u1eddng Ph\u1ed1 S\u1eafc M\u00e0u Qman K28001-K28005<\/figcaption><\/figure>\n<figure id=\"attachment_29733\" aria-describedby=\"caption-attachment-29733\" style=\"width: 661px\" class=\"wp-caption aligncenter\"><img decoding=\"async\" class=\"wp-image-29733 size-full\" src=\"https:\/\/mouldking.store\/wp-content\/uploads\/2022\/02\/Qman-K28001-K28005-Colorful-Street-Scene-2.jpg\" alt=\"Qman K28001-K28005 Colorful Street Scene\" width=\"661\" height=\"1024\" title=\"-\" srcset=\"https:\/\/mouldking.store\/wp-content\/uploads\/2022\/02\/Qman-K28001-K28005-Colorful-Street-Scene-2.jpg 661w, https:\/\/mouldking.store\/wp-content\/uploads\/2022\/02\/Qman-K28001-K28005-Colorful-Street-Scene-2-194x300.jpg 194w, https:\/\/mouldking.store\/wp-content\/uploads\/2022\/02\/Qman-K28001-K28005-Colorful-Street-Scene-2-300x465.jpg 300w, https:\/\/mouldking.store\/wp-content\/uploads\/2022\/02\/Qman-K28001-K28005-Colorful-Street-Scene-2-600x930.jpg 600w, https:\/\/mouldking.store\/wp-content\/uploads\/2022\/02\/Qman-K28001-K28005-Colorful-Street-Scene-2-97x150.jpg 97w\" sizes=\"(max-width: 661px) 100vw, 661px\" \/><figcaption id=\"caption-attachment-29733\" class=\"wp-caption-text\">C\u1ea3nh \u0110\u01b0\u1eddng Ph\u1ed1 S\u1eafc M\u00e0u Qman K28001-K28005<\/figcaption><\/figure>\n<figure id=\"attachment_29734\" aria-describedby=\"caption-attachment-29734\" style=\"width: 741px\" class=\"wp-caption aligncenter\"><img loading=\"lazy\" decoding=\"async\" class=\"wp-image-29734 size-full\" src=\"https:\/\/mouldking.store\/wp-content\/uploads\/2022\/02\/Qman-K28001-K28005-Colorful-Street-Scene-3.jpg\" alt=\"Qman K28001-K28005 Colorful Street Scene\" width=\"741\" height=\"1024\" title=\"-\" srcset=\"https:\/\/mouldking.store\/wp-content\/uploads\/2022\/02\/Qman-K28001-K28005-Colorful-Street-Scene-3.jpg 741w, https:\/\/mouldking.store\/wp-content\/uploads\/2022\/02\/Qman-K28001-K28005-Colorful-Street-Scene-3-217x300.jpg 217w, https:\/\/mouldking.store\/wp-content\/uploads\/2022\/02\/Qman-K28001-K28005-Colorful-Street-Scene-3-300x415.jpg 300w, https:\/\/mouldking.store\/wp-content\/uploads\/2022\/02\/Qman-K28001-K28005-Colorful-Street-Scene-3-600x829.jpg 600w, https:\/\/mouldking.store\/wp-content\/uploads\/2022\/02\/Qman-K28001-K28005-Colorful-Street-Scene-3-109x150.jpg 109w\" sizes=\"(max-width: 741px) 100vw, 741px\" \/><figcaption id=\"caption-attachment-29734\" class=\"wp-caption-text\">C\u1ea3nh \u0110\u01b0\u1eddng Ph\u1ed1 S\u1eafc M\u00e0u Qman K28001-K28005<\/figcaption><\/figure>\n<figure id=\"attachment_29735\" aria-describedby=\"caption-attachment-29735\" style=\"width: 661px\" class=\"wp-caption aligncenter\"><img loading=\"lazy\" decoding=\"async\" class=\"wp-image-29735 size-full\" src=\"https:\/\/mouldking.store\/wp-content\/uploads\/2022\/02\/Qman-K28001-K28005-Colorful-Street-Scene-4.jpg\" alt=\"Qman K28001-K28005 Colorful Street Scene\" width=\"661\" height=\"1024\" title=\"-\" srcset=\"https:\/\/mouldking.store\/wp-content\/uploads\/2022\/02\/Qman-K28001-K28005-Colorful-Street-Scene-4.jpg 661w, https:\/\/mouldking.store\/wp-content\/uploads\/2022\/02\/Qman-K28001-K28005-Colorful-Street-Scene-4-194x300.jpg 194w, https:\/\/mouldking.store\/wp-content\/uploads\/2022\/02\/Qman-K28001-K28005-Colorful-Street-Scene-4-300x465.jpg 300w, https:\/\/mouldking.store\/wp-content\/uploads\/2022\/02\/Qman-K28001-K28005-Colorful-Street-Scene-4-600x930.jpg 600w, https:\/\/mouldking.store\/wp-content\/uploads\/2022\/02\/Qman-K28001-K28005-Colorful-Street-Scene-4-97x150.jpg 97w\" sizes=\"(max-width: 661px) 100vw, 661px\" \/><figcaption id=\"caption-attachment-29735\" class=\"wp-caption-text\">C\u1ea3nh \u0110\u01b0\u1eddng Ph\u1ed1 S\u1eafc M\u00e0u Qman K28001-K28005<\/figcaption><\/figure>\n<figure id=\"attachment_29736\" aria-describedby=\"caption-attachment-29736\" style=\"width: 754px\" class=\"wp-caption aligncenter\"><img loading=\"lazy\" decoding=\"async\" class=\"wp-image-29736 size-full\" src=\"https:\/\/mouldking.store\/wp-content\/uploads\/2022\/02\/Qman-K28001-K28005-Colorful-Street-Scene-5.jpg\" alt=\"Qman K28001-K28005 Colorful Street Scene\" width=\"754\" height=\"1024\" title=\"-\" srcset=\"https:\/\/mouldking.store\/wp-content\/uploads\/2022\/02\/Qman-K28001-K28005-Colorful-Street-Scene-5.jpg 754w, https:\/\/mouldking.store\/wp-content\/uploads\/2022\/02\/Qman-K28001-K28005-Colorful-Street-Scene-5-221x300.jpg 221w, https:\/\/mouldking.store\/wp-content\/uploads\/2022\/02\/Qman-K28001-K28005-Colorful-Street-Scene-5-300x407.jpg 300w, https:\/\/mouldking.store\/wp-content\/uploads\/2022\/02\/Qman-K28001-K28005-Colorful-Street-Scene-5-600x815.jpg 600w, https:\/\/mouldking.store\/wp-content\/uploads\/2022\/02\/Qman-K28001-K28005-Colorful-Street-Scene-5-110x150.jpg 110w\" sizes=\"(max-width: 754px) 100vw, 754px\" \/><figcaption id=\"caption-attachment-29736\" class=\"wp-caption-text\">C\u1ea3nh \u0110\u01b0\u1eddng Ph\u1ed1 S\u1eafc M\u00e0u Qman K28001-K28005<\/figcaption><\/figure>\n<figure id=\"attachment_29737\" aria-describedby=\"caption-attachment-29737\" style=\"width: 661px\" class=\"wp-caption aligncenter\"><img loading=\"lazy\" decoding=\"async\" class=\"wp-image-29737 size-full\" src=\"https:\/\/mouldking.store\/wp-content\/uploads\/2022\/02\/Qman-K28001-K28005-Colorful-Street-Scene-6.jpg\" alt=\"Qman K28001-K28005 Colorful Street Scene\" width=\"661\" height=\"1024\" title=\"-\" srcset=\"https:\/\/mouldking.store\/wp-content\/uploads\/2022\/02\/Qman-K28001-K28005-Colorful-Street-Scene-6.jpg 661w, https:\/\/mouldking.store\/wp-content\/uploads\/2022\/02\/Qman-K28001-K28005-Colorful-Street-Scene-6-194x300.jpg 194w, https:\/\/mouldking.store\/wp-content\/uploads\/2022\/02\/Qman-K28001-K28005-Colorful-Street-Scene-6-300x465.jpg 300w, https:\/\/mouldking.store\/wp-content\/uploads\/2022\/02\/Qman-K28001-K28005-Colorful-Street-Scene-6-600x930.jpg 600w, https:\/\/mouldking.store\/wp-content\/uploads\/2022\/02\/Qman-K28001-K28005-Colorful-Street-Scene-6-97x150.jpg 97w\" sizes=\"(max-width: 661px) 100vw, 661px\" \/><figcaption id=\"caption-attachment-29737\" class=\"wp-caption-text\">C\u1ea3nh \u0110\u01b0\u1eddng Ph\u1ed1 S\u1eafc M\u00e0u Qman K28001-K28005<\/figcaption><\/figure>\n<figure id=\"attachment_29738\" aria-describedby=\"caption-attachment-29738\" style=\"width: 747px\" class=\"wp-caption aligncenter\"><img loading=\"lazy\" decoding=\"async\" class=\"wp-image-29738 size-full\" src=\"https:\/\/mouldking.store\/wp-content\/uploads\/2022\/02\/Qman-K28001-K28005-Colorful-Street-Scene-7.jpg\" alt=\"Qman K28001-K28005 Colorful Street Scene\" width=\"747\" height=\"1024\" title=\"-\" srcset=\"https:\/\/mouldking.store\/wp-content\/uploads\/2022\/02\/Qman-K28001-K28005-Colorful-Street-Scene-7.jpg 747w, https:\/\/mouldking.store\/wp-content\/uploads\/2022\/02\/Qman-K28001-K28005-Colorful-Street-Scene-7-219x300.jpg 219w, https:\/\/mouldking.store\/wp-content\/uploads\/2022\/02\/Qman-K28001-K28005-Colorful-Street-Scene-7-300x411.jpg 300w, https:\/\/mouldking.store\/wp-content\/uploads\/2022\/02\/Qman-K28001-K28005-Colorful-Street-Scene-7-600x822.jpg 600w, https:\/\/mouldking.store\/wp-content\/uploads\/2022\/02\/Qman-K28001-K28005-Colorful-Street-Scene-7-109x150.jpg 109w\" sizes=\"(max-width: 747px) 100vw, 747px\" \/><figcaption id=\"caption-attachment-29738\" class=\"wp-caption-text\">C\u1ea3nh \u0110\u01b0\u1eddng Ph\u1ed1 S\u1eafc M\u00e0u Qman K28001-K28005<\/figcaption><\/figure>\n<figure id=\"attachment_29739\" aria-describedby=\"caption-attachment-29739\" style=\"width: 661px\" class=\"wp-caption aligncenter\"><img loading=\"lazy\" decoding=\"async\" class=\"wp-image-29739 size-full\" src=\"https:\/\/mouldking.store\/wp-content\/uploads\/2022\/02\/Qman-K28001-K28005-Colorful-Street-Scene-8.jpg\" alt=\"Qman K28001-K28005 Colorful Street Scene\" width=\"661\" height=\"1024\" title=\"-\" srcset=\"https:\/\/mouldking.store\/wp-content\/uploads\/2022\/02\/Qman-K28001-K28005-Colorful-Street-Scene-8.jpg 661w, https:\/\/mouldking.store\/wp-content\/uploads\/2022\/02\/Qman-K28001-K28005-Colorful-Street-Scene-8-194x300.jpg 194w, https:\/\/mouldking.store\/wp-content\/uploads\/2022\/02\/Qman-K28001-K28005-Colorful-Street-Scene-8-300x465.jpg 300w, https:\/\/mouldking.store\/wp-content\/uploads\/2022\/02\/Qman-K28001-K28005-Colorful-Street-Scene-8-600x930.jpg 600w, https:\/\/mouldking.store\/wp-content\/uploads\/2022\/02\/Qman-K28001-K28005-Colorful-Street-Scene-8-97x150.jpg 97w\" sizes=\"(max-width: 661px) 100vw, 661px\" \/><figcaption id=\"caption-attachment-29739\" class=\"wp-caption-text\">C\u1ea3nh \u0110\u01b0\u1eddng Ph\u1ed1 S\u1eafc M\u00e0u Qman K28001-K28005<\/figcaption><\/figure>\n<figure id=\"attachment_29740\" aria-describedby=\"caption-attachment-29740\" style=\"width: 662px\" class=\"wp-caption aligncenter\"><img loading=\"lazy\" decoding=\"async\" class=\"wp-image-29740 size-full\" src=\"https:\/\/mouldking.store\/wp-content\/uploads\/2022\/02\/Qman-K28001-K28005-Colorful-Street-Scene-9.jpg\" alt=\"Qman K28001-K28005 Colorful Street Scene\" width=\"662\" height=\"1024\" title=\"-\" srcset=\"https:\/\/mouldking.store\/wp-content\/uploads\/2022\/02\/Qman-K28001-K28005-Colorful-Street-Scene-9.jpg 662w, https:\/\/mouldking.store\/wp-content\/uploads\/2022\/02\/Qman-K28001-K28005-Colorful-Street-Scene-9-194x300.jpg 194w, https:\/\/mouldking.store\/wp-content\/uploads\/2022\/02\/Qman-K28001-K28005-Colorful-Street-Scene-9-300x464.jpg 300w, https:\/\/mouldking.store\/wp-content\/uploads\/2022\/02\/Qman-K28001-K28005-Colorful-Street-Scene-9-600x928.jpg 600w, https:\/\/mouldking.store\/wp-content\/uploads\/2022\/02\/Qman-K28001-K28005-Colorful-Street-Scene-9-97x150.jpg 97w\" sizes=\"(max-width: 662px) 100vw, 662px\" \/><figcaption id=\"caption-attachment-29740\" class=\"wp-caption-text\">C\u1ea3nh \u0110\u01b0\u1eddng Ph\u1ed1 S\u1eafc M\u00e0u Qman K28001-K28005<\/figcaption><\/figure>\n<figure id=\"attachment_29741\" aria-describedby=\"caption-attachment-29741\" style=\"width: 661px\" class=\"wp-caption aligncenter\"><img loading=\"lazy\" decoding=\"async\" class=\"wp-image-29741 size-full\" src=\"https:\/\/mouldking.store\/wp-content\/uploads\/2022\/02\/Qman-K28001-K28005-Colorful-Street-Scene-10.jpg\" alt=\"Qman K28001-K28005 Colorful Street Scene\" width=\"661\" height=\"1024\" title=\"-\" srcset=\"https:\/\/mouldking.store\/wp-content\/uploads\/2022\/02\/Qman-K28001-K28005-Colorful-Street-Scene-10.jpg 661w, https:\/\/mouldking.store\/wp-content\/uploads\/2022\/02\/Qman-K28001-K28005-Colorful-Street-Scene-10-194x300.jpg 194w, https:\/\/mouldking.store\/wp-content\/uploads\/2022\/02\/Qman-K28001-K28005-Colorful-Street-Scene-10-300x465.jpg 300w, https:\/\/mouldking.store\/wp-content\/uploads\/2022\/02\/Qman-K28001-K28005-Colorful-Street-Scene-10-600x930.jpg 600w, https:\/\/mouldking.store\/wp-content\/uploads\/2022\/02\/Qman-K28001-K28005-Colorful-Street-Scene-10-97x150.jpg 97w\" sizes=\"(max-width: 661px) 100vw, 661px\" \/><figcaption id=\"caption-attachment-29741\" class=\"wp-caption-text\">C\u1ea3nh \u0110\u01b0\u1eddng Ph\u1ed1 S\u1eafc M\u00e0u Qman K28001-K28005<\/figcaption><\/figure>\n<p>&nbsp;<\/p>","protected":false},"excerpt":{"rendered":"<p>Product information: Brand: Qman Gender: Unisex Name: Colorful Street Scene Age Range: &gt; 8 years old Model Number: K28001-K28005 Classification: Assemblage Plastic Block Shape: Self-Locking Bricks Material: Plastic Plastic Type: ABS Bricks Blocks: K28001 ~291+PCS, K28002\u00a0~310+PCS, \u00a0K28004\u00a0~278+PCS Contains detailed assembly instructions. Notice: 1. Without an original box, but we guarantee our products have quality assurance [&hellip;]<\/p>","protected":false},"featured_media":29731,"comment_status":"closed","ping_status":"closed","template":"","meta":{"_acf_changed":false},"product_cat":[390],"product_tag":[4628,4631,4629,4632,4633,4125,4627,4626,4630],"class_list":["product","first","instock","shipping-taxable","purchasable","product-type-variable"],"acf":[],"_links":{"self":[{"href":"https:\/\/mouldking.store\/vi\/wp-json\/wp\/v2\/product\/29729","targetHints":{"allow":["GET"]}}],"collection":[{"href":"https:\/\/mouldking.store\/vi\/wp-json\/wp\/v2\/product"}],"about":[{"href":"https:\/\/mouldking.store\/vi\/wp-json\/wp\/v2\/types\/product"}],"replies":[{"embeddable":true,"href":"https:\/\/mouldking.store\/vi\/wp-json\/wp\/v2\/comments?post=29729"}],"wp:featuredmedia":[{"embeddable":true,"href":"https:\/\/mouldking.store\/vi\/wp-json\/wp\/v2\/media\/29731"}],"wp:attachment":[{"href":"https:\/\/mouldking.store\/vi\/wp-json\/wp\/v2\/media?parent=29729"}],"wp:term":[{"taxonomy":"product_cat","embeddable":true,"href":"https:\/\/mouldking.store\/vi\/wp-json\/wp\/v2\/product_cat?post=29729"},{"taxonomy":"product_tag","embeddable":true,"href":"https:\/\/mouldking.store\/vi\/wp-json\/wp\/v2\/product_tag?post=29729"}],"curies":[{"name":"wp","href":"https:\/\/api.w.org\/{rel}","templated":true}]}}