{"id":29730,"date":"2022-02-23T14:53:27","date_gmt":"2022-02-23T07:53:27","guid":{"rendered":"https:\/\/mouldking.store\/?post_type=product&#038;p=29730"},"modified":"2022-02-23T14:53:28","modified_gmt":"2022-02-23T07:53:28","slug":"qman-1410-speedy-rescue-chariot-with-571-pieces","status":"publish","type":"product","link":"https:\/\/mouldking.store\/vi\/shop\/qman-1410-speedy-rescue-chariot-with-571-pieces\/","title":{"rendered":"Xe c\u1ee9u h\u1ed9 th\u1ea7n t\u1ed1c Qman 1410 g\u1ed3m 571 m\u1ea3nh gh\u00e9p"},"content":{"rendered":"<p>Th\u00f4ng tin s\u1ea3n ph\u1ea9m:<\/p>\n<ol>\n<li>Th\u01b0\u01a1ng hi\u1ec7u: Qman<\/li>\n<li>Gi\u1edbi t\u00ednh: Unisex<\/li>\n<li>Name: Speedy Rescue Chariot<\/li>\n<li>\u0110\u1ed9 tu\u1ed5i: &gt; 6 tu\u1ed5i<\/li>\n<li>Model Number: 1410<\/li>\n<li>Ph\u00e2n lo\u1ea1i: T\u1eadp h\u1ee3p<\/li>\n<li>H\u00ecnh d\u1ea1ng kh\u1ed1i nh\u1ef1a: G\u1ea1ch t\u1ef1 kh\u00f3a<\/li>\n<li>Ch\u1ea5t li\u1ec7u: Nh\u1ef1a<\/li>\n<li>Lo\u1ea1i nh\u1ef1a: ABS<\/li>\n<li>Bricks Blocks: 571 PCS<\/li>\n<li>Ch\u1ee9a h\u01b0\u1edbng d\u1eabn l\u1eafp r\u00e1p chi ti\u1ebft.<\/li>\n<\/ol>\n<p>\u0110\u1ec3 \u00fd:<br \/>\n1. Kh\u00f4ng c\u00f3 h\u1ed9p ban \u0111\u1ea7u, nh\u01b0ng ch\u00fang t\u00f4i \u0111\u1ea3m b\u1ea3o s\u1ea3n ph\u1ea9m c\u1ee7a ch\u00fang t\u00f4i c\u00f3 ch\u1ea5t l\u01b0\u1ee3ng \u0111\u1ea3m b\u1ea3o v\u00e0 bao b\u00ec \u0111\u1eb9p.<br \/>\n2. V\u00ec t\u1ea5t c\u1ea3 c\u00e1c b\u1ed9 ph\u1eadn ch\u00fang t\u00f4i \u0111\u00e3 ki\u1ec3m tra tr\u01b0\u1edbc khi v\u1eadn chuy\u1ec3n, v\u00ec v\u1eady n\u1ebfu b\u1ea1n th\u1ea5y m\u1ed9t s\u1ed1 b\u1ed9 ph\u1eadn b\u1ecb thi\u1ebfu ho\u1eb7c h\u01b0 h\u1ecfng, \u0111\u1eebng lo l\u1eafng v\u00e0 ch\u1ec9 c\u1ea7n vui l\u00f2ng li\u00ean h\u1ec7 v\u1edbi ch\u00fang t\u00f4i v\u00e0 ch\u00fang t\u00f4i c\u00f3 th\u1ec3 g\u1eedi l\u1ea1i mi\u1ec5n ph\u00ed cho b\u1ea1n ngay l\u1eadp t\u1ee9c.<\/p>\n<figure id=\"attachment_29713\" aria-describedby=\"caption-attachment-29713\" style=\"width: 800px\" class=\"wp-caption aligncenter\"><img fetchpriority=\"high\" decoding=\"async\" class=\"wp-image-29713 size-full\" src=\"https:\/\/mouldking.store\/wp-content\/uploads\/2022\/02\/Qman-1410-Speedy-Rescue-Chariot-1.jpg\" alt=\"Qman 1410 Speedy Rescue Chariot\" width=\"800\" height=\"800\" title=\"-\" srcset=\"https:\/\/mouldking.store\/wp-content\/uploads\/2022\/02\/Qman-1410-Speedy-Rescue-Chariot-1.jpg 800w, https:\/\/mouldking.store\/wp-content\/uploads\/2022\/02\/Qman-1410-Speedy-Rescue-Chariot-1-300x300.jpg 300w, https:\/\/mouldking.store\/wp-content\/uploads\/2022\/02\/Qman-1410-Speedy-Rescue-Chariot-1-768x768.jpg 768w, https:\/\/mouldking.store\/wp-content\/uploads\/2022\/02\/Qman-1410-Speedy-Rescue-Chariot-1-600x600.jpg 600w, https:\/\/mouldking.store\/wp-content\/uploads\/2022\/02\/Qman-1410-Speedy-Rescue-Chariot-1-150x150.jpg 150w\" sizes=\"(max-width: 800px) 100vw, 800px\" \/><figcaption id=\"caption-attachment-29713\" class=\"wp-caption-text\">Xe c\u1ee9u h\u1ed9 th\u1ea7n t\u1ed1c Qman 1410 g\u1ed3m 571 m\u1ea3nh gh\u00e9p<\/figcaption><\/figure>\n<figure id=\"attachment_29715\" aria-describedby=\"caption-attachment-29715\" style=\"width: 800px\" class=\"wp-caption aligncenter\"><img decoding=\"async\" class=\"wp-image-29715 size-full\" src=\"https:\/\/mouldking.store\/wp-content\/uploads\/2022\/02\/Qman-1410-Speedy-Rescue-Chariot-3.jpg\" alt=\"Qman 1410 Speedy Rescue Chariot\" width=\"800\" height=\"800\" title=\"-\" srcset=\"https:\/\/mouldking.store\/wp-content\/uploads\/2022\/02\/Qman-1410-Speedy-Rescue-Chariot-3.jpg 800w, https:\/\/mouldking.store\/wp-content\/uploads\/2022\/02\/Qman-1410-Speedy-Rescue-Chariot-3-300x300.jpg 300w, https:\/\/mouldking.store\/wp-content\/uploads\/2022\/02\/Qman-1410-Speedy-Rescue-Chariot-3-768x768.jpg 768w, https:\/\/mouldking.store\/wp-content\/uploads\/2022\/02\/Qman-1410-Speedy-Rescue-Chariot-3-600x600.jpg 600w, https:\/\/mouldking.store\/wp-content\/uploads\/2022\/02\/Qman-1410-Speedy-Rescue-Chariot-3-150x150.jpg 150w\" sizes=\"(max-width: 800px) 100vw, 800px\" \/><figcaption id=\"caption-attachment-29715\" class=\"wp-caption-text\">Xe c\u1ee9u h\u1ed9 th\u1ea7n t\u1ed1c Qman 1410 g\u1ed3m 571 m\u1ea3nh gh\u00e9p<\/figcaption><\/figure>\n<figure id=\"attachment_29716\" aria-describedby=\"caption-attachment-29716\" style=\"width: 800px\" class=\"wp-caption aligncenter\"><img decoding=\"async\" class=\"wp-image-29716 size-full\" src=\"https:\/\/mouldking.store\/wp-content\/uploads\/2022\/02\/Qman-1410-Speedy-Rescue-Chariot-4.jpg\" alt=\"Qman 1410 Speedy Rescue Chariot\" width=\"800\" height=\"800\" title=\"-\" srcset=\"https:\/\/mouldking.store\/wp-content\/uploads\/2022\/02\/Qman-1410-Speedy-Rescue-Chariot-4.jpg 800w, https:\/\/mouldking.store\/wp-content\/uploads\/2022\/02\/Qman-1410-Speedy-Rescue-Chariot-4-300x300.jpg 300w, https:\/\/mouldking.store\/wp-content\/uploads\/2022\/02\/Qman-1410-Speedy-Rescue-Chariot-4-768x768.jpg 768w, https:\/\/mouldking.store\/wp-content\/uploads\/2022\/02\/Qman-1410-Speedy-Rescue-Chariot-4-600x600.jpg 600w, https:\/\/mouldking.store\/wp-content\/uploads\/2022\/02\/Qman-1410-Speedy-Rescue-Chariot-4-150x150.jpg 150w\" sizes=\"(max-width: 800px) 100vw, 800px\" \/><figcaption id=\"caption-attachment-29716\" class=\"wp-caption-text\">Xe c\u1ee9u h\u1ed9 th\u1ea7n t\u1ed1c Qman 1410 g\u1ed3m 571 m\u1ea3nh gh\u00e9p<\/figcaption><\/figure>\n<figure id=\"attachment_29717\" aria-describedby=\"caption-attachment-29717\" style=\"width: 750px\" class=\"wp-caption aligncenter\"><img loading=\"lazy\" decoding=\"async\" class=\"wp-image-29717 size-full\" src=\"https:\/\/mouldking.store\/wp-content\/uploads\/2022\/02\/Qman-1410-Speedy-Rescue-Chariot-5.jpg\" alt=\"Qman 1410 Speedy Rescue Chariot\" width=\"750\" height=\"464\" title=\"-\" srcset=\"https:\/\/mouldking.store\/wp-content\/uploads\/2022\/02\/Qman-1410-Speedy-Rescue-Chariot-5.jpg 750w, https:\/\/mouldking.store\/wp-content\/uploads\/2022\/02\/Qman-1410-Speedy-Rescue-Chariot-5-300x186.jpg 300w, https:\/\/mouldking.store\/wp-content\/uploads\/2022\/02\/Qman-1410-Speedy-Rescue-Chariot-5-600x371.jpg 600w, https:\/\/mouldking.store\/wp-content\/uploads\/2022\/02\/Qman-1410-Speedy-Rescue-Chariot-5-150x93.jpg 150w\" sizes=\"(max-width: 750px) 100vw, 750px\" \/><figcaption id=\"caption-attachment-29717\" class=\"wp-caption-text\">Xe c\u1ee9u h\u1ed9 th\u1ea7n t\u1ed1c Qman 1410 g\u1ed3m 571 m\u1ea3nh gh\u00e9p<\/figcaption><\/figure>\n<figure id=\"attachment_29714\" aria-describedby=\"caption-attachment-29714\" style=\"width: 750px\" class=\"wp-caption aligncenter\"><img loading=\"lazy\" decoding=\"async\" class=\"wp-image-29714 size-full\" src=\"https:\/\/mouldking.store\/wp-content\/uploads\/2022\/02\/Qman-1410-Speedy-Rescue-Chariot-2.jpg\" alt=\"Qman 1410 Speedy Rescue Chariot\" width=\"750\" height=\"722\" title=\"-\" srcset=\"https:\/\/mouldking.store\/wp-content\/uploads\/2022\/02\/Qman-1410-Speedy-Rescue-Chariot-2.jpg 750w, https:\/\/mouldking.store\/wp-content\/uploads\/2022\/02\/Qman-1410-Speedy-Rescue-Chariot-2-300x289.jpg 300w, https:\/\/mouldking.store\/wp-content\/uploads\/2022\/02\/Qman-1410-Speedy-Rescue-Chariot-2-600x578.jpg 600w, https:\/\/mouldking.store\/wp-content\/uploads\/2022\/02\/Qman-1410-Speedy-Rescue-Chariot-2-150x144.jpg 150w\" sizes=\"(max-width: 750px) 100vw, 750px\" \/><figcaption id=\"caption-attachment-29714\" class=\"wp-caption-text\">Xe c\u1ee9u h\u1ed9 th\u1ea7n t\u1ed1c Qman 1410 g\u1ed3m 571 m\u1ea3nh gh\u00e9p<\/figcaption><\/figure>","protected":false},"excerpt":{"rendered":"<p>Product information: Brand: Qman Gender: Unisex Name: Speedy Rescue Chariot Age Range: &gt; 6 years old Model Number: 1410 Classification: Assemblage Plastic Block Shape: Self-Locking Bricks Material: Plastic Plastic Type: ABS Bricks Blocks: 571 PCS Contains detailed assembly instructions. Notice: 1. Without an original box, but we guarantee our products have quality assurance and nice [&hellip;]<\/p>","protected":false},"featured_media":29713,"comment_status":"closed","ping_status":"closed","template":"","meta":{"_acf_changed":false},"product_cat":[364],"product_tag":[4616,4125,4614,4613,4625,4617,4615],"class_list":["product","first","instock","shipping-taxable","purchasable","product-type-simple"],"acf":[],"_links":{"self":[{"href":"https:\/\/mouldking.store\/vi\/wp-json\/wp\/v2\/product\/29730","targetHints":{"allow":["GET"]}}],"collection":[{"href":"https:\/\/mouldking.store\/vi\/wp-json\/wp\/v2\/product"}],"about":[{"href":"https:\/\/mouldking.store\/vi\/wp-json\/wp\/v2\/types\/product"}],"replies":[{"embeddable":true,"href":"https:\/\/mouldking.store\/vi\/wp-json\/wp\/v2\/comments?post=29730"}],"wp:featuredmedia":[{"embeddable":true,"href":"https:\/\/mouldking.store\/vi\/wp-json\/wp\/v2\/media\/29713"}],"wp:attachment":[{"href":"https:\/\/mouldking.store\/vi\/wp-json\/wp\/v2\/media?parent=29730"}],"wp:term":[{"taxonomy":"product_cat","embeddable":true,"href":"https:\/\/mouldking.store\/vi\/wp-json\/wp\/v2\/product_cat?post=29730"},{"taxonomy":"product_tag","embeddable":true,"href":"https:\/\/mouldking.store\/vi\/wp-json\/wp\/v2\/product_tag?post=29730"}],"curies":[{"name":"wp","href":"https:\/\/api.w.org\/{rel}","templated":true}]}}