{"id":29787,"date":"2022-02-23T15:30:19","date_gmt":"2022-02-23T08:30:19","guid":{"rendered":"https:\/\/mouldking.store\/?post_type=product&#038;p=29787"},"modified":"2022-02-23T15:30:19","modified_gmt":"2022-02-23T08:30:19","slug":"qman-41305-roaring-flame-god-general-with-1201-pieces","status":"publish","type":"product","link":"https:\/\/mouldking.store\/vi\/shop\/qman-41305-roaring-flame-god-general-with-1201-pieces\/","title":{"rendered":"Qman 41305 Roaring Flame God General v\u1edbi 1201 m\u1ea3nh gh\u00e9p"},"content":{"rendered":"<p>Th\u00f4ng tin s\u1ea3n ph\u1ea9m:<\/p>\n<ol>\n<li>Th\u01b0\u01a1ng hi\u1ec7u: Qman<\/li>\n<li>Gi\u1edbi t\u00ednh: Unisex<\/li>\n<li>Name: Roaring Flame God General<\/li>\n<li>\u0110\u1ed9 tu\u1ed5i: &gt; 6 tu\u1ed5i<\/li>\n<li>Model Number: 41305<\/li>\n<li>Ph\u00e2n lo\u1ea1i: T\u1eadp h\u1ee3p<\/li>\n<li>H\u00ecnh d\u1ea1ng kh\u1ed1i nh\u1ef1a: G\u1ea1ch t\u1ef1 kh\u00f3a<\/li>\n<li>Ch\u1ea5t li\u1ec7u: Nh\u1ef1a<\/li>\n<li>Lo\u1ea1i nh\u1ef1a: ABS<\/li>\n<li>Kh\u1ed1i g\u1ea1ch: 1201 C\u00c1I<\/li>\n<li>Ch\u1ee9a h\u01b0\u1edbng d\u1eabn l\u1eafp r\u00e1p chi ti\u1ebft.<\/li>\n<\/ol>\n<p>\u0110\u1ec3 \u00fd:<br \/>\n1. Kh\u00f4ng c\u00f3 h\u1ed9p ban \u0111\u1ea7u, nh\u01b0ng ch\u00fang t\u00f4i \u0111\u1ea3m b\u1ea3o s\u1ea3n ph\u1ea9m c\u1ee7a ch\u00fang t\u00f4i c\u00f3 ch\u1ea5t l\u01b0\u1ee3ng \u0111\u1ea3m b\u1ea3o v\u00e0 bao b\u00ec \u0111\u1eb9p.<br \/>\n2. V\u00ec t\u1ea5t c\u1ea3 c\u00e1c b\u1ed9 ph\u1eadn ch\u00fang t\u00f4i \u0111\u00e3 ki\u1ec3m tra tr\u01b0\u1edbc khi v\u1eadn chuy\u1ec3n, v\u00ec v\u1eady n\u1ebfu b\u1ea1n th\u1ea5y m\u1ed9t s\u1ed1 b\u1ed9 ph\u1eadn b\u1ecb thi\u1ebfu ho\u1eb7c h\u01b0 h\u1ecfng, \u0111\u1eebng lo l\u1eafng v\u00e0 ch\u1ec9 c\u1ea7n vui l\u00f2ng li\u00ean h\u1ec7 v\u1edbi ch\u00fang t\u00f4i v\u00e0 ch\u00fang t\u00f4i c\u00f3 th\u1ec3 g\u1eedi l\u1ea1i mi\u1ec5n ph\u00ed cho b\u1ea1n ngay l\u1eadp t\u1ee9c.<\/p>\n<p>&nbsp;<\/p>\n<figure id=\"attachment_29788\" aria-describedby=\"caption-attachment-29788\" style=\"width: 800px\" class=\"wp-caption aligncenter\"><img fetchpriority=\"high\" decoding=\"async\" class=\"wp-image-29788 size-full\" src=\"https:\/\/mouldking.store\/wp-content\/uploads\/2022\/02\/Qman-41305-Roaring-Flame-God-General-with-1201-pieces-1.jpg\" alt=\"Qman 41305 Roaring Flame God General with 1201 pieces\" width=\"800\" height=\"800\" title=\"-\" srcset=\"https:\/\/mouldking.store\/wp-content\/uploads\/2022\/02\/Qman-41305-Roaring-Flame-God-General-with-1201-pieces-1.jpg 800w, https:\/\/mouldking.store\/wp-content\/uploads\/2022\/02\/Qman-41305-Roaring-Flame-God-General-with-1201-pieces-1-300x300.jpg 300w, https:\/\/mouldking.store\/wp-content\/uploads\/2022\/02\/Qman-41305-Roaring-Flame-God-General-with-1201-pieces-1-768x768.jpg 768w, https:\/\/mouldking.store\/wp-content\/uploads\/2022\/02\/Qman-41305-Roaring-Flame-God-General-with-1201-pieces-1-600x600.jpg 600w, https:\/\/mouldking.store\/wp-content\/uploads\/2022\/02\/Qman-41305-Roaring-Flame-God-General-with-1201-pieces-1-150x150.jpg 150w\" sizes=\"(max-width: 800px) 100vw, 800px\" \/><figcaption id=\"caption-attachment-29788\" class=\"wp-caption-text\">Qman 41305 Roaring Flame God General v\u1edbi 1201 m\u1ea3nh gh\u00e9p<\/figcaption><\/figure>\n<figure id=\"attachment_29789\" aria-describedby=\"caption-attachment-29789\" style=\"width: 617px\" class=\"wp-caption aligncenter\"><img decoding=\"async\" class=\"wp-image-29789 size-full\" src=\"https:\/\/mouldking.store\/wp-content\/uploads\/2022\/02\/Qman-41305-Roaring-Flame-God-General-with-1201-pieces-2.jpg\" alt=\"Qman 41305 Roaring Flame God General with 1201 pieces\" width=\"617\" height=\"1024\" title=\"-\" srcset=\"https:\/\/mouldking.store\/wp-content\/uploads\/2022\/02\/Qman-41305-Roaring-Flame-God-General-with-1201-pieces-2.jpg 617w, https:\/\/mouldking.store\/wp-content\/uploads\/2022\/02\/Qman-41305-Roaring-Flame-God-General-with-1201-pieces-2-181x300.jpg 181w, https:\/\/mouldking.store\/wp-content\/uploads\/2022\/02\/Qman-41305-Roaring-Flame-God-General-with-1201-pieces-2-300x498.jpg 300w, https:\/\/mouldking.store\/wp-content\/uploads\/2022\/02\/Qman-41305-Roaring-Flame-God-General-with-1201-pieces-2-600x996.jpg 600w, https:\/\/mouldking.store\/wp-content\/uploads\/2022\/02\/Qman-41305-Roaring-Flame-God-General-with-1201-pieces-2-90x150.jpg 90w\" sizes=\"(max-width: 617px) 100vw, 617px\" \/><figcaption id=\"caption-attachment-29789\" class=\"wp-caption-text\">Qman 41305 Roaring Flame God General v\u1edbi 1201 m\u1ea3nh gh\u00e9p<\/figcaption><\/figure>\n<figure id=\"attachment_29791\" aria-describedby=\"caption-attachment-29791\" style=\"width: 790px\" class=\"wp-caption aligncenter\"><img decoding=\"async\" class=\"wp-image-29791 size-full\" src=\"https:\/\/mouldking.store\/wp-content\/uploads\/2022\/02\/Qman-41305-Roaring-Flame-God-General-with-1201-pieces-4.jpg\" alt=\"Qman 41305 Roaring Flame God General with 1201 pieces\" width=\"790\" height=\"843\" title=\"-\" srcset=\"https:\/\/mouldking.store\/wp-content\/uploads\/2022\/02\/Qman-41305-Roaring-Flame-God-General-with-1201-pieces-4.jpg 790w, https:\/\/mouldking.store\/wp-content\/uploads\/2022\/02\/Qman-41305-Roaring-Flame-God-General-with-1201-pieces-4-281x300.jpg 281w, https:\/\/mouldking.store\/wp-content\/uploads\/2022\/02\/Qman-41305-Roaring-Flame-God-General-with-1201-pieces-4-768x820.jpg 768w, https:\/\/mouldking.store\/wp-content\/uploads\/2022\/02\/Qman-41305-Roaring-Flame-God-General-with-1201-pieces-4-300x320.jpg 300w, https:\/\/mouldking.store\/wp-content\/uploads\/2022\/02\/Qman-41305-Roaring-Flame-God-General-with-1201-pieces-4-600x640.jpg 600w, https:\/\/mouldking.store\/wp-content\/uploads\/2022\/02\/Qman-41305-Roaring-Flame-God-General-with-1201-pieces-4-141x150.jpg 141w\" sizes=\"(max-width: 790px) 100vw, 790px\" \/><figcaption id=\"caption-attachment-29791\" class=\"wp-caption-text\">Qman 41305 Roaring Flame God General v\u1edbi 1201 m\u1ea3nh gh\u00e9p<\/figcaption><\/figure>\n<figure id=\"attachment_29792\" aria-describedby=\"caption-attachment-29792\" style=\"width: 628px\" class=\"wp-caption aligncenter\"><img loading=\"lazy\" decoding=\"async\" class=\"wp-image-29792 size-full\" src=\"https:\/\/mouldking.store\/wp-content\/uploads\/2022\/02\/Qman-41305-Roaring-Flame-God-General-with-1201-pieces-5.jpg\" alt=\"Qman 41305 Roaring Flame God General with 1201 pieces\" width=\"628\" height=\"1024\" title=\"-\" srcset=\"https:\/\/mouldking.store\/wp-content\/uploads\/2022\/02\/Qman-41305-Roaring-Flame-God-General-with-1201-pieces-5.jpg 628w, https:\/\/mouldking.store\/wp-content\/uploads\/2022\/02\/Qman-41305-Roaring-Flame-God-General-with-1201-pieces-5-184x300.jpg 184w, https:\/\/mouldking.store\/wp-content\/uploads\/2022\/02\/Qman-41305-Roaring-Flame-God-General-with-1201-pieces-5-300x489.jpg 300w, https:\/\/mouldking.store\/wp-content\/uploads\/2022\/02\/Qman-41305-Roaring-Flame-God-General-with-1201-pieces-5-600x978.jpg 600w, https:\/\/mouldking.store\/wp-content\/uploads\/2022\/02\/Qman-41305-Roaring-Flame-God-General-with-1201-pieces-5-92x150.jpg 92w\" sizes=\"(max-width: 628px) 100vw, 628px\" \/><figcaption id=\"caption-attachment-29792\" class=\"wp-caption-text\">Qman 41305 Roaring Flame God General v\u1edbi 1201 m\u1ea3nh gh\u00e9p<\/figcaption><\/figure>\n<figure id=\"attachment_29790\" aria-describedby=\"caption-attachment-29790\" style=\"width: 790px\" class=\"wp-caption aligncenter\"><img loading=\"lazy\" decoding=\"async\" class=\"wp-image-29790 size-full\" src=\"https:\/\/mouldking.store\/wp-content\/uploads\/2022\/02\/Qman-41305-Roaring-Flame-God-General-with-1201-pieces-3.jpg\" alt=\"Qman 41305 Roaring Flame God General with 1201 pieces\" width=\"790\" height=\"743\" title=\"-\" srcset=\"https:\/\/mouldking.store\/wp-content\/uploads\/2022\/02\/Qman-41305-Roaring-Flame-God-General-with-1201-pieces-3.jpg 790w, https:\/\/mouldking.store\/wp-content\/uploads\/2022\/02\/Qman-41305-Roaring-Flame-God-General-with-1201-pieces-3-300x282.jpg 300w, https:\/\/mouldking.store\/wp-content\/uploads\/2022\/02\/Qman-41305-Roaring-Flame-God-General-with-1201-pieces-3-768x722.jpg 768w, https:\/\/mouldking.store\/wp-content\/uploads\/2022\/02\/Qman-41305-Roaring-Flame-God-General-with-1201-pieces-3-600x564.jpg 600w, https:\/\/mouldking.store\/wp-content\/uploads\/2022\/02\/Qman-41305-Roaring-Flame-God-General-with-1201-pieces-3-150x141.jpg 150w\" sizes=\"(max-width: 790px) 100vw, 790px\" \/><figcaption id=\"caption-attachment-29790\" class=\"wp-caption-text\">Qman 41305 Roaring Flame God General v\u1edbi 1201 m\u1ea3nh gh\u00e9p<\/figcaption><\/figure>","protected":false},"excerpt":{"rendered":"<p>Product information: Brand: Qman Gender: Unisex Name: Roaring Flame God General Age Range: &gt; 6 years old Model Number: 41305 Classification: Assemblage Plastic Block Shape: Self-Locking Bricks Material: Plastic Plastic Type: ABS Bricks Blocks: 1201 PCS Contains detailed assembly instructions. Notice: 1. Without an original box, but we guarantee our products have quality assurance and [&hellip;]<\/p>","protected":false},"featured_media":29788,"comment_status":"closed","ping_status":"closed","template":"","meta":{"_acf_changed":false},"product_cat":[371],"product_tag":[4661,4662,4663,4125,4659,4658,4657,4660],"class_list":["product","first","instock","shipping-taxable","purchasable","product-type-simple"],"acf":[],"_links":{"self":[{"href":"https:\/\/mouldking.store\/vi\/wp-json\/wp\/v2\/product\/29787","targetHints":{"allow":["GET"]}}],"collection":[{"href":"https:\/\/mouldking.store\/vi\/wp-json\/wp\/v2\/product"}],"about":[{"href":"https:\/\/mouldking.store\/vi\/wp-json\/wp\/v2\/types\/product"}],"replies":[{"embeddable":true,"href":"https:\/\/mouldking.store\/vi\/wp-json\/wp\/v2\/comments?post=29787"}],"wp:featuredmedia":[{"embeddable":true,"href":"https:\/\/mouldking.store\/vi\/wp-json\/wp\/v2\/media\/29788"}],"wp:attachment":[{"href":"https:\/\/mouldking.store\/vi\/wp-json\/wp\/v2\/media?parent=29787"}],"wp:term":[{"taxonomy":"product_cat","embeddable":true,"href":"https:\/\/mouldking.store\/vi\/wp-json\/wp\/v2\/product_cat?post=29787"},{"taxonomy":"product_tag","embeddable":true,"href":"https:\/\/mouldking.store\/vi\/wp-json\/wp\/v2\/product_tag?post=29787"}],"curies":[{"name":"wp","href":"https:\/\/api.w.org\/{rel}","templated":true}]}}