{"id":29817,"date":"2022-02-23T15:49:44","date_gmt":"2022-02-23T08:49:44","guid":{"rendered":"https:\/\/mouldking.store\/?post_type=product&#038;p=29817"},"modified":"2022-02-23T15:49:44","modified_gmt":"2022-02-23T08:49:44","slug":"qman-k20205-k20206-pokemon-pikachu","status":"publish","type":"product","link":"https:\/\/mouldking.store\/vi\/shop\/qman-k20205-k20206-pokemon-pikachu\/","title":{"rendered":"Qman K20205-K20206 Pok\u00e9mon Pikachu"},"content":{"rendered":"<p>Th\u00f4ng tin s\u1ea3n ph\u1ea9m:<\/p>\n<ol>\n<li>Th\u01b0\u01a1ng hi\u1ec7u: Qman<\/li>\n<li>Gi\u1edbi t\u00ednh: Unisex<\/li>\n<li>Name: Pok\u00e9mon Pikachu<\/li>\n<li>\u0110\u1ed9 tu\u1ed5i: &gt; 6 tu\u1ed5i<\/li>\n<li>Model Number: K20205-K20206<\/li>\n<li>Ph\u00e2n lo\u1ea1i: T\u1eadp h\u1ee3p<\/li>\n<li>H\u00ecnh d\u1ea1ng kh\u1ed1i nh\u1ef1a: G\u1ea1ch t\u1ef1 kh\u00f3a<\/li>\n<li>Ch\u1ea5t li\u1ec7u: Nh\u1ef1a<\/li>\n<li>Lo\u1ea1i nh\u1ef1a: ABS<\/li>\n<li>Bricks Blocks: K20205 ~148 PCS, K20206 ~154 PCS, K20205-K20206 ~302 PCS<\/li>\n<li>Ch\u1ee9a h\u01b0\u1edbng d\u1eabn l\u1eafp r\u00e1p chi ti\u1ebft.<\/li>\n<\/ol>\n<p>\u0110\u1ec3 \u00fd:<br \/>\n1. Kh\u00f4ng c\u00f3 h\u1ed9p ban \u0111\u1ea7u, nh\u01b0ng ch\u00fang t\u00f4i \u0111\u1ea3m b\u1ea3o s\u1ea3n ph\u1ea9m c\u1ee7a ch\u00fang t\u00f4i c\u00f3 ch\u1ea5t l\u01b0\u1ee3ng \u0111\u1ea3m b\u1ea3o v\u00e0 bao b\u00ec \u0111\u1eb9p.<br \/>\n2. V\u00ec t\u1ea5t c\u1ea3 c\u00e1c b\u1ed9 ph\u1eadn ch\u00fang t\u00f4i \u0111\u00e3 ki\u1ec3m tra tr\u01b0\u1edbc khi v\u1eadn chuy\u1ec3n, v\u00ec v\u1eady n\u1ebfu b\u1ea1n th\u1ea5y m\u1ed9t s\u1ed1 b\u1ed9 ph\u1eadn b\u1ecb thi\u1ebfu ho\u1eb7c h\u01b0 h\u1ecfng, \u0111\u1eebng lo l\u1eafng v\u00e0 ch\u1ec9 c\u1ea7n vui l\u00f2ng li\u00ean h\u1ec7 v\u1edbi ch\u00fang t\u00f4i v\u00e0 ch\u00fang t\u00f4i c\u00f3 th\u1ec3 g\u1eedi l\u1ea1i mi\u1ec5n ph\u00ed cho b\u1ea1n ngay l\u1eadp t\u1ee9c.<\/p>\n<figure id=\"attachment_29820\" aria-describedby=\"caption-attachment-29820\" style=\"width: 670px\" class=\"wp-caption aligncenter\"><img fetchpriority=\"high\" decoding=\"async\" class=\"wp-image-29820 size-full\" src=\"https:\/\/mouldking.store\/wp-content\/uploads\/2022\/02\/Qman-K20205-K20206-Pokemon-Pikachu-3.jpg\" alt=\"Qman K20205-K20206 Pok\u00e9mon Pikachu\" width=\"670\" height=\"1024\" title=\"-\" srcset=\"https:\/\/mouldking.store\/wp-content\/uploads\/2022\/02\/Qman-K20205-K20206-Pokemon-Pikachu-3.jpg 670w, https:\/\/mouldking.store\/wp-content\/uploads\/2022\/02\/Qman-K20205-K20206-Pokemon-Pikachu-3-196x300.jpg 196w, https:\/\/mouldking.store\/wp-content\/uploads\/2022\/02\/Qman-K20205-K20206-Pokemon-Pikachu-3-300x459.jpg 300w, https:\/\/mouldking.store\/wp-content\/uploads\/2022\/02\/Qman-K20205-K20206-Pokemon-Pikachu-3-600x917.jpg 600w, https:\/\/mouldking.store\/wp-content\/uploads\/2022\/02\/Qman-K20205-K20206-Pokemon-Pikachu-3-98x150.jpg 98w\" sizes=\"(max-width: 670px) 100vw, 670px\" \/><figcaption id=\"caption-attachment-29820\" class=\"wp-caption-text\">Qman K20205-K20206 Pok\u00e9mon Pikachu<\/figcaption><\/figure>\n<figure id=\"attachment_29819\" aria-describedby=\"caption-attachment-29819\" style=\"width: 749px\" class=\"wp-caption aligncenter\"><img decoding=\"async\" class=\"wp-image-29819 size-full\" src=\"https:\/\/mouldking.store\/wp-content\/uploads\/2022\/02\/Qman-K20205-K20206-Pokemon-Pikachu-2.jpg\" alt=\"Qman K20205-K20206 Pok\u00e9mon Pikachu\" width=\"749\" height=\"809\" title=\"-\" srcset=\"https:\/\/mouldking.store\/wp-content\/uploads\/2022\/02\/Qman-K20205-K20206-Pokemon-Pikachu-2.jpg 749w, https:\/\/mouldking.store\/wp-content\/uploads\/2022\/02\/Qman-K20205-K20206-Pokemon-Pikachu-2-278x300.jpg 278w, https:\/\/mouldking.store\/wp-content\/uploads\/2022\/02\/Qman-K20205-K20206-Pokemon-Pikachu-2-300x324.jpg 300w, https:\/\/mouldking.store\/wp-content\/uploads\/2022\/02\/Qman-K20205-K20206-Pokemon-Pikachu-2-600x648.jpg 600w, https:\/\/mouldking.store\/wp-content\/uploads\/2022\/02\/Qman-K20205-K20206-Pokemon-Pikachu-2-139x150.jpg 139w\" sizes=\"(max-width: 749px) 100vw, 749px\" \/><figcaption id=\"caption-attachment-29819\" class=\"wp-caption-text\">Qman K20205-K20206 Pok\u00e9mon Pikachu<\/figcaption><\/figure>\n<figure id=\"attachment_29818\" aria-describedby=\"caption-attachment-29818\" style=\"width: 800px\" class=\"wp-caption aligncenter\"><img decoding=\"async\" class=\"wp-image-29818 size-full\" src=\"https:\/\/mouldking.store\/wp-content\/uploads\/2022\/02\/Qman-K20205-K20206-Pokemon-Pikachu-1.jpg\" alt=\"Qman K20205-K20206 Pok\u00e9mon Pikachu\" width=\"800\" height=\"800\" title=\"-\" srcset=\"https:\/\/mouldking.store\/wp-content\/uploads\/2022\/02\/Qman-K20205-K20206-Pokemon-Pikachu-1.jpg 800w, https:\/\/mouldking.store\/wp-content\/uploads\/2022\/02\/Qman-K20205-K20206-Pokemon-Pikachu-1-300x300.jpg 300w, https:\/\/mouldking.store\/wp-content\/uploads\/2022\/02\/Qman-K20205-K20206-Pokemon-Pikachu-1-768x768.jpg 768w, https:\/\/mouldking.store\/wp-content\/uploads\/2022\/02\/Qman-K20205-K20206-Pokemon-Pikachu-1-600x600.jpg 600w, https:\/\/mouldking.store\/wp-content\/uploads\/2022\/02\/Qman-K20205-K20206-Pokemon-Pikachu-1-150x150.jpg 150w\" sizes=\"(max-width: 800px) 100vw, 800px\" \/><figcaption id=\"caption-attachment-29818\" class=\"wp-caption-text\">Qman K20205-K20206 Pok\u00e9mon Pikachu<\/figcaption><\/figure>\n<figure id=\"attachment_29823\" aria-describedby=\"caption-attachment-29823\" style=\"width: 800px\" class=\"wp-caption aligncenter\"><img loading=\"lazy\" decoding=\"async\" class=\"wp-image-29823 size-full\" src=\"https:\/\/mouldking.store\/wp-content\/uploads\/2022\/02\/Qman-K20205-K20206-Pokemon-Pikachu-6.jpg\" alt=\"Qman K20205-K20206 Pok\u00e9mon Pikachu\" width=\"800\" height=\"800\" title=\"-\" srcset=\"https:\/\/mouldking.store\/wp-content\/uploads\/2022\/02\/Qman-K20205-K20206-Pokemon-Pikachu-6.jpg 800w, https:\/\/mouldking.store\/wp-content\/uploads\/2022\/02\/Qman-K20205-K20206-Pokemon-Pikachu-6-300x300.jpg 300w, https:\/\/mouldking.store\/wp-content\/uploads\/2022\/02\/Qman-K20205-K20206-Pokemon-Pikachu-6-768x768.jpg 768w, https:\/\/mouldking.store\/wp-content\/uploads\/2022\/02\/Qman-K20205-K20206-Pokemon-Pikachu-6-600x600.jpg 600w, https:\/\/mouldking.store\/wp-content\/uploads\/2022\/02\/Qman-K20205-K20206-Pokemon-Pikachu-6-150x150.jpg 150w\" sizes=\"(max-width: 800px) 100vw, 800px\" \/><figcaption id=\"caption-attachment-29823\" class=\"wp-caption-text\">Qman K20205-K20206 Pok\u00e9mon Pikachu<\/figcaption><\/figure>\n<figure id=\"attachment_29822\" aria-describedby=\"caption-attachment-29822\" style=\"width: 430px\" class=\"wp-caption aligncenter\"><img loading=\"lazy\" decoding=\"async\" class=\"wp-image-29822 size-full\" src=\"https:\/\/mouldking.store\/wp-content\/uploads\/2022\/02\/Qman-K20205-K20206-Pokemon-Pikachu-5.jpg\" alt=\"Qman K20205-K20206 Pok\u00e9mon Pikachu\" width=\"430\" height=\"430\" title=\"-\" srcset=\"https:\/\/mouldking.store\/wp-content\/uploads\/2022\/02\/Qman-K20205-K20206-Pokemon-Pikachu-5.jpg 430w, https:\/\/mouldking.store\/wp-content\/uploads\/2022\/02\/Qman-K20205-K20206-Pokemon-Pikachu-5-300x300.jpg 300w, https:\/\/mouldking.store\/wp-content\/uploads\/2022\/02\/Qman-K20205-K20206-Pokemon-Pikachu-5-150x150.jpg 150w\" sizes=\"(max-width: 430px) 100vw, 430px\" \/><figcaption id=\"caption-attachment-29822\" class=\"wp-caption-text\">Qman K20205-K20206 Pok\u00e9mon Pikachu<\/figcaption><\/figure>\n<figure id=\"attachment_29821\" aria-describedby=\"caption-attachment-29821\" style=\"width: 800px\" class=\"wp-caption aligncenter\"><img loading=\"lazy\" decoding=\"async\" class=\"wp-image-29821 size-full\" src=\"https:\/\/mouldking.store\/wp-content\/uploads\/2022\/02\/Qman-K20205-K20206-Pokemon-Pikachu-4.jpg\" alt=\"Qman K20205-K20206 Pok\u00e9mon Pikachu\" width=\"800\" height=\"800\" title=\"-\" srcset=\"https:\/\/mouldking.store\/wp-content\/uploads\/2022\/02\/Qman-K20205-K20206-Pokemon-Pikachu-4.jpg 800w, https:\/\/mouldking.store\/wp-content\/uploads\/2022\/02\/Qman-K20205-K20206-Pokemon-Pikachu-4-300x300.jpg 300w, https:\/\/mouldking.store\/wp-content\/uploads\/2022\/02\/Qman-K20205-K20206-Pokemon-Pikachu-4-768x768.jpg 768w, https:\/\/mouldking.store\/wp-content\/uploads\/2022\/02\/Qman-K20205-K20206-Pokemon-Pikachu-4-600x600.jpg 600w, https:\/\/mouldking.store\/wp-content\/uploads\/2022\/02\/Qman-K20205-K20206-Pokemon-Pikachu-4-150x150.jpg 150w\" sizes=\"(max-width: 800px) 100vw, 800px\" \/><figcaption id=\"caption-attachment-29821\" class=\"wp-caption-text\">Qman K20205-K20206 Pok\u00e9mon Pikachu<\/figcaption><\/figure>\n<figure id=\"attachment_29825\" aria-describedby=\"caption-attachment-29825\" style=\"width: 980px\" class=\"wp-caption aligncenter\"><img loading=\"lazy\" decoding=\"async\" class=\"wp-image-29825 size-full\" src=\"https:\/\/mouldking.store\/wp-content\/uploads\/2022\/02\/Qman-K20205-K20206-Pokemon-Pikachu-7.jpg\" alt=\"Qman K20205-K20206 Pok\u00e9mon Pikachu\" width=\"980\" height=\"1024\" title=\"-\" srcset=\"https:\/\/mouldking.store\/wp-content\/uploads\/2022\/02\/Qman-K20205-K20206-Pokemon-Pikachu-7.jpg 980w, https:\/\/mouldking.store\/wp-content\/uploads\/2022\/02\/Qman-K20205-K20206-Pokemon-Pikachu-7-287x300.jpg 287w, https:\/\/mouldking.store\/wp-content\/uploads\/2022\/02\/Qman-K20205-K20206-Pokemon-Pikachu-7-768x802.jpg 768w, https:\/\/mouldking.store\/wp-content\/uploads\/2022\/02\/Qman-K20205-K20206-Pokemon-Pikachu-7-300x313.jpg 300w, https:\/\/mouldking.store\/wp-content\/uploads\/2022\/02\/Qman-K20205-K20206-Pokemon-Pikachu-7-600x627.jpg 600w, https:\/\/mouldking.store\/wp-content\/uploads\/2022\/02\/Qman-K20205-K20206-Pokemon-Pikachu-7-144x150.jpg 144w\" sizes=\"(max-width: 980px) 100vw, 980px\" \/><figcaption id=\"caption-attachment-29825\" class=\"wp-caption-text\">Qman K20205-K20206 Pok\u00e9mon Pikachu<\/figcaption><\/figure>\n<figure id=\"attachment_29824\" aria-describedby=\"caption-attachment-29824\" style=\"width: 790px\" class=\"wp-caption aligncenter\"><img loading=\"lazy\" decoding=\"async\" class=\"wp-image-29824 size-full\" src=\"https:\/\/mouldking.store\/wp-content\/uploads\/2022\/02\/Qman-K20205-K20206-Pokemon-Pikachu-1.png\" alt=\"Qman K20205-K20206 Pok\u00e9mon Pikachu\" width=\"790\" height=\"750\" title=\"-\" srcset=\"https:\/\/mouldking.store\/wp-content\/uploads\/2022\/02\/Qman-K20205-K20206-Pokemon-Pikachu-1.png 790w, https:\/\/mouldking.store\/wp-content\/uploads\/2022\/02\/Qman-K20205-K20206-Pokemon-Pikachu-1-300x285.png 300w, https:\/\/mouldking.store\/wp-content\/uploads\/2022\/02\/Qman-K20205-K20206-Pokemon-Pikachu-1-768x729.png 768w, https:\/\/mouldking.store\/wp-content\/uploads\/2022\/02\/Qman-K20205-K20206-Pokemon-Pikachu-1-600x570.png 600w, https:\/\/mouldking.store\/wp-content\/uploads\/2022\/02\/Qman-K20205-K20206-Pokemon-Pikachu-1-150x142.png 150w\" sizes=\"(max-width: 790px) 100vw, 790px\" \/><figcaption id=\"caption-attachment-29824\" class=\"wp-caption-text\">Qman K20205-K20206 Pok\u00e9mon Pikachu<\/figcaption><\/figure>","protected":false},"excerpt":{"rendered":"<p>Product information: Brand: Qman Gender: Unisex Name: Pok\u00e9mon Pikachu Age Range: &gt; 6 years old Model Number: K20205-K20206 Classification: Assemblage Plastic Block Shape: Self-Locking Bricks Material: Plastic Plastic Type: ABS Bricks Blocks: K20205 ~148 PCS, K20206 ~154 PCS, K20205-K20206 ~302 PCS Contains detailed assembly instructions. Notice: 1. Without an original box, but we guarantee our [&hellip;]<\/p>","protected":false},"featured_media":29818,"comment_status":"closed","ping_status":"closed","template":"","meta":{"_acf_changed":false},"product_cat":[581,364],"product_tag":[4688,4686,4689,4687,2468,4685,4125,4684,4683],"class_list":["product","first","instock","shipping-taxable","purchasable","product-type-variable"],"acf":[],"_links":{"self":[{"href":"https:\/\/mouldking.store\/vi\/wp-json\/wp\/v2\/product\/29817","targetHints":{"allow":["GET"]}}],"collection":[{"href":"https:\/\/mouldking.store\/vi\/wp-json\/wp\/v2\/product"}],"about":[{"href":"https:\/\/mouldking.store\/vi\/wp-json\/wp\/v2\/types\/product"}],"replies":[{"embeddable":true,"href":"https:\/\/mouldking.store\/vi\/wp-json\/wp\/v2\/comments?post=29817"}],"wp:featuredmedia":[{"embeddable":true,"href":"https:\/\/mouldking.store\/vi\/wp-json\/wp\/v2\/media\/29818"}],"wp:attachment":[{"href":"https:\/\/mouldking.store\/vi\/wp-json\/wp\/v2\/media?parent=29817"}],"wp:term":[{"taxonomy":"product_cat","embeddable":true,"href":"https:\/\/mouldking.store\/vi\/wp-json\/wp\/v2\/product_cat?post=29817"},{"taxonomy":"product_tag","embeddable":true,"href":"https:\/\/mouldking.store\/vi\/wp-json\/wp\/v2\/product_tag?post=29817"}],"curies":[{"name":"wp","href":"https:\/\/api.w.org\/{rel}","templated":true}]}}