{"id":29833,"date":"2022-02-23T16:01:01","date_gmt":"2022-02-23T09:01:01","guid":{"rendered":"https:\/\/mouldking.store\/?post_type=product&#038;p=29833"},"modified":"2022-02-25T10:25:22","modified_gmt":"2022-02-25T03:25:22","slug":"qman-42107-fantasy-land-with-418-pieces","status":"publish","type":"product","link":"https:\/\/mouldking.store\/vi\/shop\/qman-42107-fantasy-land-with-418-pieces\/","title":{"rendered":"Qman 42107 Fantasy Land with 418 pieces"},"content":{"rendered":"<p>Th\u00f4ng tin s\u1ea3n ph\u1ea9m:<\/p>\n<ol>\n<li>Th\u01b0\u01a1ng hi\u1ec7u: Qman<\/li>\n<li>Gi\u1edbi t\u00ednh: Unisex<\/li>\n<li>Name: Fantasy Land<\/li>\n<li>\u0110\u1ed9 tu\u1ed5i: &gt; 6 tu\u1ed5i<\/li>\n<li>Model Number: 42107<\/li>\n<li>Ph\u00e2n lo\u1ea1i: T\u1eadp h\u1ee3p<\/li>\n<li>H\u00ecnh d\u1ea1ng kh\u1ed1i nh\u1ef1a: G\u1ea1ch t\u1ef1 kh\u00f3a<\/li>\n<li>Ch\u1ea5t li\u1ec7u: Nh\u1ef1a<\/li>\n<li>Lo\u1ea1i nh\u1ef1a: ABS<\/li>\n<li>Bricks Blocks: 418 PCS<\/li>\n<li>Ch\u1ee9a h\u01b0\u1edbng d\u1eabn l\u1eafp r\u00e1p chi ti\u1ebft.<\/li>\n<\/ol>\n<p>\u0110\u1ec3 \u00fd:<br \/>\n1. Kh\u00f4ng c\u00f3 h\u1ed9p ban \u0111\u1ea7u, nh\u01b0ng ch\u00fang t\u00f4i \u0111\u1ea3m b\u1ea3o s\u1ea3n ph\u1ea9m c\u1ee7a ch\u00fang t\u00f4i c\u00f3 ch\u1ea5t l\u01b0\u1ee3ng \u0111\u1ea3m b\u1ea3o v\u00e0 bao b\u00ec \u0111\u1eb9p.<br \/>\n2. V\u00ec t\u1ea5t c\u1ea3 c\u00e1c b\u1ed9 ph\u1eadn ch\u00fang t\u00f4i \u0111\u00e3 ki\u1ec3m tra tr\u01b0\u1edbc khi v\u1eadn chuy\u1ec3n, v\u00ec v\u1eady n\u1ebfu b\u1ea1n th\u1ea5y m\u1ed9t s\u1ed1 b\u1ed9 ph\u1eadn b\u1ecb thi\u1ebfu ho\u1eb7c h\u01b0 h\u1ecfng, \u0111\u1eebng lo l\u1eafng v\u00e0 ch\u1ec9 c\u1ea7n vui l\u00f2ng li\u00ean h\u1ec7 v\u1edbi ch\u00fang t\u00f4i v\u00e0 ch\u00fang t\u00f4i c\u00f3 th\u1ec3 g\u1eedi l\u1ea1i mi\u1ec5n ph\u00ed cho b\u1ea1n ngay l\u1eadp t\u1ee9c.<\/p>\n<figure id=\"attachment_29834\" aria-describedby=\"caption-attachment-29834\" style=\"width: 800px\" class=\"wp-caption aligncenter\"><img fetchpriority=\"high\" decoding=\"async\" class=\"wp-image-29834 size-full\" src=\"https:\/\/mouldking.store\/wp-content\/uploads\/2022\/02\/Qman-42107-Fantasy-Land-with-418-pieces-1.jpg\" alt=\"Qman 42107 Fantasy Land with 418 pieces\" width=\"800\" height=\"800\" title=\"-\" srcset=\"https:\/\/mouldking.store\/wp-content\/uploads\/2022\/02\/Qman-42107-Fantasy-Land-with-418-pieces-1.jpg 800w, https:\/\/mouldking.store\/wp-content\/uploads\/2022\/02\/Qman-42107-Fantasy-Land-with-418-pieces-1-300x300.jpg 300w, https:\/\/mouldking.store\/wp-content\/uploads\/2022\/02\/Qman-42107-Fantasy-Land-with-418-pieces-1-768x768.jpg 768w, https:\/\/mouldking.store\/wp-content\/uploads\/2022\/02\/Qman-42107-Fantasy-Land-with-418-pieces-1-600x600.jpg 600w, https:\/\/mouldking.store\/wp-content\/uploads\/2022\/02\/Qman-42107-Fantasy-Land-with-418-pieces-1-150x150.jpg 150w\" sizes=\"(max-width: 800px) 100vw, 800px\" \/><figcaption id=\"caption-attachment-29834\" class=\"wp-caption-text\">Qman 42107 Fantasy Land with 418 pieces<\/figcaption><\/figure>\n<figure id=\"attachment_29845\" aria-describedby=\"caption-attachment-29845\" style=\"width: 548px\" class=\"wp-caption aligncenter\"><img decoding=\"async\" class=\"wp-image-29845 size-full\" src=\"https:\/\/mouldking.store\/wp-content\/uploads\/2022\/02\/Qman-42107-Fantasy-Land-with-418-pieces-12.jpg\" alt=\"Qman 42107 Fantasy Land with 418 pieces\" width=\"548\" height=\"1024\" title=\"-\" srcset=\"https:\/\/mouldking.store\/wp-content\/uploads\/2022\/02\/Qman-42107-Fantasy-Land-with-418-pieces-12.jpg 548w, https:\/\/mouldking.store\/wp-content\/uploads\/2022\/02\/Qman-42107-Fantasy-Land-with-418-pieces-12-161x300.jpg 161w, https:\/\/mouldking.store\/wp-content\/uploads\/2022\/02\/Qman-42107-Fantasy-Land-with-418-pieces-12-300x561.jpg 300w, https:\/\/mouldking.store\/wp-content\/uploads\/2022\/02\/Qman-42107-Fantasy-Land-with-418-pieces-12-80x150.jpg 80w\" sizes=\"(max-width: 548px) 100vw, 548px\" \/><figcaption id=\"caption-attachment-29845\" class=\"wp-caption-text\">Qman 42107 Fantasy Land with 418 pieces<\/figcaption><\/figure>\n<figure id=\"attachment_29844\" aria-describedby=\"caption-attachment-29844\" style=\"width: 642px\" class=\"wp-caption aligncenter\"><img decoding=\"async\" class=\"wp-image-29844 size-full\" src=\"https:\/\/mouldking.store\/wp-content\/uploads\/2022\/02\/Qman-42107-Fantasy-Land-with-418-pieces-11.jpg\" alt=\"Qman 42107 Fantasy Land with 418 pieces\" width=\"642\" height=\"1024\" title=\"-\" srcset=\"https:\/\/mouldking.store\/wp-content\/uploads\/2022\/02\/Qman-42107-Fantasy-Land-with-418-pieces-11.jpg 642w, https:\/\/mouldking.store\/wp-content\/uploads\/2022\/02\/Qman-42107-Fantasy-Land-with-418-pieces-11-188x300.jpg 188w, https:\/\/mouldking.store\/wp-content\/uploads\/2022\/02\/Qman-42107-Fantasy-Land-with-418-pieces-11-300x479.jpg 300w, https:\/\/mouldking.store\/wp-content\/uploads\/2022\/02\/Qman-42107-Fantasy-Land-with-418-pieces-11-600x957.jpg 600w, https:\/\/mouldking.store\/wp-content\/uploads\/2022\/02\/Qman-42107-Fantasy-Land-with-418-pieces-11-94x150.jpg 94w\" sizes=\"(max-width: 642px) 100vw, 642px\" \/><figcaption id=\"caption-attachment-29844\" class=\"wp-caption-text\">Qman 42107 Fantasy Land with 418 pieces<\/figcaption><\/figure>\n<figure id=\"attachment_29839\" aria-describedby=\"caption-attachment-29839\" style=\"width: 694px\" class=\"wp-caption aligncenter\"><img loading=\"lazy\" decoding=\"async\" class=\"wp-image-29839 size-full\" src=\"https:\/\/mouldking.store\/wp-content\/uploads\/2022\/02\/Qman-42107-Fantasy-Land-with-418-pieces-6.jpg\" alt=\"Qman 42107 Fantasy Land with 418 pieces\" width=\"694\" height=\"1024\" title=\"-\" srcset=\"https:\/\/mouldking.store\/wp-content\/uploads\/2022\/02\/Qman-42107-Fantasy-Land-with-418-pieces-6.jpg 694w, https:\/\/mouldking.store\/wp-content\/uploads\/2022\/02\/Qman-42107-Fantasy-Land-with-418-pieces-6-203x300.jpg 203w, https:\/\/mouldking.store\/wp-content\/uploads\/2022\/02\/Qman-42107-Fantasy-Land-with-418-pieces-6-300x443.jpg 300w, https:\/\/mouldking.store\/wp-content\/uploads\/2022\/02\/Qman-42107-Fantasy-Land-with-418-pieces-6-600x885.jpg 600w, https:\/\/mouldking.store\/wp-content\/uploads\/2022\/02\/Qman-42107-Fantasy-Land-with-418-pieces-6-102x150.jpg 102w\" sizes=\"(max-width: 694px) 100vw, 694px\" \/><figcaption id=\"caption-attachment-29839\" class=\"wp-caption-text\">Qman 42107 Fantasy Land with 418 pieces<\/figcaption><\/figure>\n<figure id=\"attachment_29843\" aria-describedby=\"caption-attachment-29843\" style=\"width: 566px\" class=\"wp-caption aligncenter\"><img loading=\"lazy\" decoding=\"async\" class=\"wp-image-29843 size-full\" src=\"https:\/\/mouldking.store\/wp-content\/uploads\/2022\/02\/Qman-42107-Fantasy-Land-with-418-pieces-10.jpg\" alt=\"Qman 42107 Fantasy Land with 418 pieces\" width=\"566\" height=\"1024\" title=\"-\" srcset=\"https:\/\/mouldking.store\/wp-content\/uploads\/2022\/02\/Qman-42107-Fantasy-Land-with-418-pieces-10.jpg 566w, https:\/\/mouldking.store\/wp-content\/uploads\/2022\/02\/Qman-42107-Fantasy-Land-with-418-pieces-10-166x300.jpg 166w, https:\/\/mouldking.store\/wp-content\/uploads\/2022\/02\/Qman-42107-Fantasy-Land-with-418-pieces-10-300x543.jpg 300w, https:\/\/mouldking.store\/wp-content\/uploads\/2022\/02\/Qman-42107-Fantasy-Land-with-418-pieces-10-83x150.jpg 83w\" sizes=\"(max-width: 566px) 100vw, 566px\" \/><figcaption id=\"caption-attachment-29843\" class=\"wp-caption-text\">Qman 42107 Fantasy Land with 418 pieces<\/figcaption><\/figure>\n<figure id=\"attachment_29841\" aria-describedby=\"caption-attachment-29841\" style=\"width: 671px\" class=\"wp-caption aligncenter\"><img loading=\"lazy\" decoding=\"async\" class=\"wp-image-29841 size-full\" src=\"https:\/\/mouldking.store\/wp-content\/uploads\/2022\/02\/Qman-42107-Fantasy-Land-with-418-pieces-8.jpg\" alt=\"Qman 42107 Fantasy Land with 418 pieces\" width=\"671\" height=\"1024\" title=\"-\" srcset=\"https:\/\/mouldking.store\/wp-content\/uploads\/2022\/02\/Qman-42107-Fantasy-Land-with-418-pieces-8.jpg 671w, https:\/\/mouldking.store\/wp-content\/uploads\/2022\/02\/Qman-42107-Fantasy-Land-with-418-pieces-8-197x300.jpg 197w, https:\/\/mouldking.store\/wp-content\/uploads\/2022\/02\/Qman-42107-Fantasy-Land-with-418-pieces-8-300x458.jpg 300w, https:\/\/mouldking.store\/wp-content\/uploads\/2022\/02\/Qman-42107-Fantasy-Land-with-418-pieces-8-600x916.jpg 600w, https:\/\/mouldking.store\/wp-content\/uploads\/2022\/02\/Qman-42107-Fantasy-Land-with-418-pieces-8-98x150.jpg 98w\" sizes=\"(max-width: 671px) 100vw, 671px\" \/><figcaption id=\"caption-attachment-29841\" class=\"wp-caption-text\">Qman 42107 Fantasy Land with 418 pieces<\/figcaption><\/figure>\n<figure id=\"attachment_29840\" aria-describedby=\"caption-attachment-29840\" style=\"width: 648px\" class=\"wp-caption aligncenter\"><img loading=\"lazy\" decoding=\"async\" class=\"wp-image-29840 size-full\" src=\"https:\/\/mouldking.store\/wp-content\/uploads\/2022\/02\/Qman-42107-Fantasy-Land-with-418-pieces-7.jpg\" alt=\"Qman 42107 Fantasy Land with 418 pieces\" width=\"648\" height=\"1024\" title=\"-\" srcset=\"https:\/\/mouldking.store\/wp-content\/uploads\/2022\/02\/Qman-42107-Fantasy-Land-with-418-pieces-7.jpg 648w, https:\/\/mouldking.store\/wp-content\/uploads\/2022\/02\/Qman-42107-Fantasy-Land-with-418-pieces-7-190x300.jpg 190w, https:\/\/mouldking.store\/wp-content\/uploads\/2022\/02\/Qman-42107-Fantasy-Land-with-418-pieces-7-300x474.jpg 300w, https:\/\/mouldking.store\/wp-content\/uploads\/2022\/02\/Qman-42107-Fantasy-Land-with-418-pieces-7-600x948.jpg 600w, https:\/\/mouldking.store\/wp-content\/uploads\/2022\/02\/Qman-42107-Fantasy-Land-with-418-pieces-7-95x150.jpg 95w\" sizes=\"(max-width: 648px) 100vw, 648px\" \/><figcaption id=\"caption-attachment-29840\" class=\"wp-caption-text\">Qman 42107 Fantasy Land with 418 pieces<\/figcaption><\/figure>\n<figure id=\"attachment_29838\" aria-describedby=\"caption-attachment-29838\" style=\"width: 611px\" class=\"wp-caption aligncenter\"><img loading=\"lazy\" decoding=\"async\" class=\"wp-image-29838 size-full\" src=\"https:\/\/mouldking.store\/wp-content\/uploads\/2022\/02\/Qman-42107-Fantasy-Land-with-418-pieces-5.jpg\" alt=\"Qman 42107 Fantasy Land with 418 pieces\" width=\"611\" height=\"1024\" title=\"-\" srcset=\"https:\/\/mouldking.store\/wp-content\/uploads\/2022\/02\/Qman-42107-Fantasy-Land-with-418-pieces-5.jpg 611w, https:\/\/mouldking.store\/wp-content\/uploads\/2022\/02\/Qman-42107-Fantasy-Land-with-418-pieces-5-179x300.jpg 179w, https:\/\/mouldking.store\/wp-content\/uploads\/2022\/02\/Qman-42107-Fantasy-Land-with-418-pieces-5-300x503.jpg 300w, https:\/\/mouldking.store\/wp-content\/uploads\/2022\/02\/Qman-42107-Fantasy-Land-with-418-pieces-5-600x1006.jpg 600w, https:\/\/mouldking.store\/wp-content\/uploads\/2022\/02\/Qman-42107-Fantasy-Land-with-418-pieces-5-90x150.jpg 90w\" sizes=\"(max-width: 611px) 100vw, 611px\" \/><figcaption id=\"caption-attachment-29838\" class=\"wp-caption-text\">Qman 42107 Fantasy Land with 418 pieces<\/figcaption><\/figure>\n<figure id=\"attachment_29837\" aria-describedby=\"caption-attachment-29837\" style=\"width: 443px\" class=\"wp-caption aligncenter\"><img loading=\"lazy\" decoding=\"async\" class=\"wp-image-29837 size-full\" src=\"https:\/\/mouldking.store\/wp-content\/uploads\/2022\/02\/Qman-42107-Fantasy-Land-with-418-pieces-4.jpg\" alt=\"Qman 42107 Fantasy Land with 418 pieces\" width=\"443\" height=\"1024\" title=\"-\" srcset=\"https:\/\/mouldking.store\/wp-content\/uploads\/2022\/02\/Qman-42107-Fantasy-Land-with-418-pieces-4.jpg 443w, https:\/\/mouldking.store\/wp-content\/uploads\/2022\/02\/Qman-42107-Fantasy-Land-with-418-pieces-4-130x300.jpg 130w, https:\/\/mouldking.store\/wp-content\/uploads\/2022\/02\/Qman-42107-Fantasy-Land-with-418-pieces-4-300x693.jpg 300w, https:\/\/mouldking.store\/wp-content\/uploads\/2022\/02\/Qman-42107-Fantasy-Land-with-418-pieces-4-65x150.jpg 65w\" sizes=\"(max-width: 443px) 100vw, 443px\" \/><figcaption id=\"caption-attachment-29837\" class=\"wp-caption-text\">Qman 42107 Fantasy Land with 418 pieces<\/figcaption><\/figure>\n<figure id=\"attachment_29842\" aria-describedby=\"caption-attachment-29842\" style=\"width: 626px\" class=\"wp-caption aligncenter\"><img loading=\"lazy\" decoding=\"async\" class=\"wp-image-29842 size-full\" src=\"https:\/\/mouldking.store\/wp-content\/uploads\/2022\/02\/Qman-42107-Fantasy-Land-with-418-pieces-9.jpg\" alt=\"Qman 42107 Fantasy Land with 418 pieces\" width=\"626\" height=\"1024\" title=\"-\" srcset=\"https:\/\/mouldking.store\/wp-content\/uploads\/2022\/02\/Qman-42107-Fantasy-Land-with-418-pieces-9.jpg 626w, https:\/\/mouldking.store\/wp-content\/uploads\/2022\/02\/Qman-42107-Fantasy-Land-with-418-pieces-9-183x300.jpg 183w, https:\/\/mouldking.store\/wp-content\/uploads\/2022\/02\/Qman-42107-Fantasy-Land-with-418-pieces-9-300x491.jpg 300w, https:\/\/mouldking.store\/wp-content\/uploads\/2022\/02\/Qman-42107-Fantasy-Land-with-418-pieces-9-600x981.jpg 600w, https:\/\/mouldking.store\/wp-content\/uploads\/2022\/02\/Qman-42107-Fantasy-Land-with-418-pieces-9-92x150.jpg 92w\" sizes=\"(max-width: 626px) 100vw, 626px\" \/><figcaption id=\"caption-attachment-29842\" class=\"wp-caption-text\">Qman 42107 Fantasy Land with 418 pieces<\/figcaption><\/figure>\n<figure id=\"attachment_29835\" aria-describedby=\"caption-attachment-29835\" style=\"width: 750px\" class=\"wp-caption aligncenter\"><img loading=\"lazy\" decoding=\"async\" class=\"wp-image-29835 size-full\" src=\"https:\/\/mouldking.store\/wp-content\/uploads\/2022\/02\/Qman-42107-Fantasy-Land-with-418-pieces-2.jpg\" alt=\"Qman 42107 Fantasy Land with 418 pieces\" width=\"750\" height=\"1000\" title=\"-\" srcset=\"https:\/\/mouldking.store\/wp-content\/uploads\/2022\/02\/Qman-42107-Fantasy-Land-with-418-pieces-2.jpg 750w, https:\/\/mouldking.store\/wp-content\/uploads\/2022\/02\/Qman-42107-Fantasy-Land-with-418-pieces-2-225x300.jpg 225w, https:\/\/mouldking.store\/wp-content\/uploads\/2022\/02\/Qman-42107-Fantasy-Land-with-418-pieces-2-300x400.jpg 300w, https:\/\/mouldking.store\/wp-content\/uploads\/2022\/02\/Qman-42107-Fantasy-Land-with-418-pieces-2-600x800.jpg 600w, https:\/\/mouldking.store\/wp-content\/uploads\/2022\/02\/Qman-42107-Fantasy-Land-with-418-pieces-2-113x150.jpg 113w\" sizes=\"(max-width: 750px) 100vw, 750px\" \/><figcaption id=\"caption-attachment-29835\" class=\"wp-caption-text\">Qman 42107 Fantasy Land with 418 pieces<\/figcaption><\/figure>\n<figure id=\"attachment_29836\" aria-describedby=\"caption-attachment-29836\" style=\"width: 593px\" class=\"wp-caption aligncenter\"><img loading=\"lazy\" decoding=\"async\" class=\"wp-image-29836 size-full\" src=\"https:\/\/mouldking.store\/wp-content\/uploads\/2022\/02\/Qman-42107-Fantasy-Land-with-418-pieces-3.jpg\" alt=\"Qman 42107 Fantasy Land with 418 pieces\" width=\"593\" height=\"1024\" title=\"-\" srcset=\"https:\/\/mouldking.store\/wp-content\/uploads\/2022\/02\/Qman-42107-Fantasy-Land-with-418-pieces-3.jpg 593w, https:\/\/mouldking.store\/wp-content\/uploads\/2022\/02\/Qman-42107-Fantasy-Land-with-418-pieces-3-174x300.jpg 174w, https:\/\/mouldking.store\/wp-content\/uploads\/2022\/02\/Qman-42107-Fantasy-Land-with-418-pieces-3-300x518.jpg 300w, https:\/\/mouldking.store\/wp-content\/uploads\/2022\/02\/Qman-42107-Fantasy-Land-with-418-pieces-3-87x150.jpg 87w\" sizes=\"(max-width: 593px) 100vw, 593px\" \/><figcaption id=\"caption-attachment-29836\" class=\"wp-caption-text\">Qman 42107 Fantasy Land with 418 pieces<\/figcaption><\/figure>","protected":false},"excerpt":{"rendered":"<p>Product information: Brand: Qman Gender: Unisex Name: Fantasy Land Age Range: &gt; 6 years old Model Number: 42107 Classification: Assemblage Plastic Block Shape: Self-Locking Bricks Material: Plastic Plastic Type: ABS Bricks Blocks: 418 PCS Contains detailed assembly instructions. Notice: 1. Without an original box, but we guarantee our products have quality assurance and nice packaging. [&hellip;]<\/p>","protected":false},"featured_media":29834,"comment_status":"closed","ping_status":"closed","template":"","meta":{"_acf_changed":false},"product_cat":[371],"product_tag":[4701,4704,4705,4703,4706,4125,4702,4700,4699],"class_list":["product","first","instock","shipping-taxable","purchasable","product-type-simple"],"acf":[],"_links":{"self":[{"href":"https:\/\/mouldking.store\/vi\/wp-json\/wp\/v2\/product\/29833","targetHints":{"allow":["GET"]}}],"collection":[{"href":"https:\/\/mouldking.store\/vi\/wp-json\/wp\/v2\/product"}],"about":[{"href":"https:\/\/mouldking.store\/vi\/wp-json\/wp\/v2\/types\/product"}],"replies":[{"embeddable":true,"href":"https:\/\/mouldking.store\/vi\/wp-json\/wp\/v2\/comments?post=29833"}],"wp:featuredmedia":[{"embeddable":true,"href":"https:\/\/mouldking.store\/vi\/wp-json\/wp\/v2\/media\/29834"}],"wp:attachment":[{"href":"https:\/\/mouldking.store\/vi\/wp-json\/wp\/v2\/media?parent=29833"}],"wp:term":[{"taxonomy":"product_cat","embeddable":true,"href":"https:\/\/mouldking.store\/vi\/wp-json\/wp\/v2\/product_cat?post=29833"},{"taxonomy":"product_tag","embeddable":true,"href":"https:\/\/mouldking.store\/vi\/wp-json\/wp\/v2\/product_tag?post=29833"}],"curies":[{"name":"wp","href":"https:\/\/api.w.org\/{rel}","templated":true}]}}