{"id":29846,"date":"2022-02-23T16:08:07","date_gmt":"2022-02-23T09:08:07","guid":{"rendered":"https:\/\/mouldking.store\/?post_type=product&#038;p=29846"},"modified":"2022-02-23T16:08:07","modified_gmt":"2022-02-23T09:08:07","slug":"qman-42108-brave-expeditioner-with-622-pieces","status":"publish","type":"product","link":"https:\/\/mouldking.store\/vi\/shop\/qman-42108-brave-expeditioner-with-622-pieces\/","title":{"rendered":"Qman 42108 Brave Expeditioner v\u1edbi 622 chi ti\u1ebft"},"content":{"rendered":"<p>Th\u00f4ng tin s\u1ea3n ph\u1ea9m:<\/p>\n<ol>\n<li>Th\u01b0\u01a1ng hi\u1ec7u: Qman<\/li>\n<li>Gi\u1edbi t\u00ednh: Unisex<\/li>\n<li>T\u00ean: Nh\u00e0 th\u00e1m hi\u1ec3m d\u0169ng c\u1ea3m<\/li>\n<li>\u0110\u1ed9 tu\u1ed5i: &gt; 6 tu\u1ed5i<\/li>\n<li>S\u1ed1 m\u00f4 h\u00ecnh: 42108<\/li>\n<li>Ph\u00e2n lo\u1ea1i: T\u1eadp h\u1ee3p<\/li>\n<li>H\u00ecnh d\u1ea1ng kh\u1ed1i nh\u1ef1a: G\u1ea1ch t\u1ef1 kh\u00f3a<\/li>\n<li>Ch\u1ea5t li\u1ec7u: Nh\u1ef1a<\/li>\n<li>Lo\u1ea1i nh\u1ef1a: ABS<\/li>\n<li>Kh\u1ed1i g\u1ea1ch: 622 C\u00c1I<\/li>\n<li>Ch\u1ee9a h\u01b0\u1edbng d\u1eabn l\u1eafp r\u00e1p chi ti\u1ebft.<\/li>\n<\/ol>\n<p>\u0110\u1ec3 \u00fd:<br \/>\n1. Kh\u00f4ng c\u00f3 h\u1ed9p ban \u0111\u1ea7u, nh\u01b0ng ch\u00fang t\u00f4i \u0111\u1ea3m b\u1ea3o s\u1ea3n ph\u1ea9m c\u1ee7a ch\u00fang t\u00f4i c\u00f3 ch\u1ea5t l\u01b0\u1ee3ng \u0111\u1ea3m b\u1ea3o v\u00e0 bao b\u00ec \u0111\u1eb9p.<br \/>\n2. V\u00ec t\u1ea5t c\u1ea3 c\u00e1c b\u1ed9 ph\u1eadn ch\u00fang t\u00f4i \u0111\u00e3 ki\u1ec3m tra tr\u01b0\u1edbc khi v\u1eadn chuy\u1ec3n, v\u00ec v\u1eady n\u1ebfu b\u1ea1n th\u1ea5y m\u1ed9t s\u1ed1 b\u1ed9 ph\u1eadn b\u1ecb thi\u1ebfu ho\u1eb7c h\u01b0 h\u1ecfng, \u0111\u1eebng lo l\u1eafng v\u00e0 ch\u1ec9 c\u1ea7n vui l\u00f2ng li\u00ean h\u1ec7 v\u1edbi ch\u00fang t\u00f4i v\u00e0 ch\u00fang t\u00f4i c\u00f3 th\u1ec3 g\u1eedi l\u1ea1i mi\u1ec5n ph\u00ed cho b\u1ea1n ngay l\u1eadp t\u1ee9c.<\/p>\n<figure id=\"attachment_29847\" aria-describedby=\"caption-attachment-29847\" style=\"width: 800px\" class=\"wp-caption aligncenter\"><img fetchpriority=\"high\" decoding=\"async\" class=\"wp-image-29847 size-full\" src=\"https:\/\/mouldking.store\/wp-content\/uploads\/2022\/02\/Qman-42108-Brave-Expeditioner-with-622-pieces-1.jpg\" alt=\"Qman 42108 Brave Expeditioner with 622 pieces\" width=\"800\" height=\"800\" title=\"-\" srcset=\"https:\/\/mouldking.store\/wp-content\/uploads\/2022\/02\/Qman-42108-Brave-Expeditioner-with-622-pieces-1.jpg 800w, https:\/\/mouldking.store\/wp-content\/uploads\/2022\/02\/Qman-42108-Brave-Expeditioner-with-622-pieces-1-300x300.jpg 300w, https:\/\/mouldking.store\/wp-content\/uploads\/2022\/02\/Qman-42108-Brave-Expeditioner-with-622-pieces-1-768x768.jpg 768w, https:\/\/mouldking.store\/wp-content\/uploads\/2022\/02\/Qman-42108-Brave-Expeditioner-with-622-pieces-1-600x600.jpg 600w, https:\/\/mouldking.store\/wp-content\/uploads\/2022\/02\/Qman-42108-Brave-Expeditioner-with-622-pieces-1-150x150.jpg 150w\" sizes=\"(max-width: 800px) 100vw, 800px\" \/><figcaption id=\"caption-attachment-29847\" class=\"wp-caption-text\">Qman 42108 Brave Expeditioner v\u1edbi 622 chi ti\u1ebft<\/figcaption><\/figure>\n<figure id=\"attachment_29855\" aria-describedby=\"caption-attachment-29855\" style=\"width: 673px\" class=\"wp-caption aligncenter\"><img decoding=\"async\" class=\"wp-image-29855 size-full\" src=\"https:\/\/mouldking.store\/wp-content\/uploads\/2022\/02\/Qman-42108-Brave-Expeditioner-with-622-pieces-8.jpg\" alt=\"Qman 42108 Brave Expeditioner with 622 pieces\" width=\"673\" height=\"1024\" title=\"-\" srcset=\"https:\/\/mouldking.store\/wp-content\/uploads\/2022\/02\/Qman-42108-Brave-Expeditioner-with-622-pieces-8.jpg 673w, https:\/\/mouldking.store\/wp-content\/uploads\/2022\/02\/Qman-42108-Brave-Expeditioner-with-622-pieces-8-197x300.jpg 197w, https:\/\/mouldking.store\/wp-content\/uploads\/2022\/02\/Qman-42108-Brave-Expeditioner-with-622-pieces-8-300x456.jpg 300w, https:\/\/mouldking.store\/wp-content\/uploads\/2022\/02\/Qman-42108-Brave-Expeditioner-with-622-pieces-8-600x913.jpg 600w, https:\/\/mouldking.store\/wp-content\/uploads\/2022\/02\/Qman-42108-Brave-Expeditioner-with-622-pieces-8-99x150.jpg 99w\" sizes=\"(max-width: 673px) 100vw, 673px\" \/><figcaption id=\"caption-attachment-29855\" class=\"wp-caption-text\">Qman 42108 Brave Expeditioner v\u1edbi 622 chi ti\u1ebft<\/figcaption><\/figure>\n<figure id=\"attachment_29856\" aria-describedby=\"caption-attachment-29856\" style=\"width: 800px\" class=\"wp-caption aligncenter\"><img decoding=\"async\" class=\"wp-image-29856 size-full\" src=\"https:\/\/mouldking.store\/wp-content\/uploads\/2022\/02\/Qman-42108-Brave-Expeditioner-with-622-pieces-9.jpg\" alt=\"Qman 42108 Brave Expeditioner with 622 pieces\" width=\"800\" height=\"800\" title=\"-\" srcset=\"https:\/\/mouldking.store\/wp-content\/uploads\/2022\/02\/Qman-42108-Brave-Expeditioner-with-622-pieces-9.jpg 800w, https:\/\/mouldking.store\/wp-content\/uploads\/2022\/02\/Qman-42108-Brave-Expeditioner-with-622-pieces-9-300x300.jpg 300w, https:\/\/mouldking.store\/wp-content\/uploads\/2022\/02\/Qman-42108-Brave-Expeditioner-with-622-pieces-9-768x768.jpg 768w, https:\/\/mouldking.store\/wp-content\/uploads\/2022\/02\/Qman-42108-Brave-Expeditioner-with-622-pieces-9-600x600.jpg 600w, https:\/\/mouldking.store\/wp-content\/uploads\/2022\/02\/Qman-42108-Brave-Expeditioner-with-622-pieces-9-150x150.jpg 150w\" sizes=\"(max-width: 800px) 100vw, 800px\" \/><figcaption id=\"caption-attachment-29856\" class=\"wp-caption-text\">Qman 42108 Brave Expeditioner v\u1edbi 622 chi ti\u1ebft<\/figcaption><\/figure>\n<figure id=\"attachment_29848\" aria-describedby=\"caption-attachment-29848\" style=\"width: 800px\" class=\"wp-caption aligncenter\"><img loading=\"lazy\" decoding=\"async\" class=\"wp-image-29848 size-full\" src=\"https:\/\/mouldking.store\/wp-content\/uploads\/2022\/02\/Qman-42108-Brave-Expeditioner-with-622-pieces-10.jpg\" alt=\"Qman 42108 Brave Expeditioner with 622 pieces\" width=\"800\" height=\"800\" title=\"-\" srcset=\"https:\/\/mouldking.store\/wp-content\/uploads\/2022\/02\/Qman-42108-Brave-Expeditioner-with-622-pieces-10.jpg 800w, https:\/\/mouldking.store\/wp-content\/uploads\/2022\/02\/Qman-42108-Brave-Expeditioner-with-622-pieces-10-300x300.jpg 300w, https:\/\/mouldking.store\/wp-content\/uploads\/2022\/02\/Qman-42108-Brave-Expeditioner-with-622-pieces-10-768x768.jpg 768w, https:\/\/mouldking.store\/wp-content\/uploads\/2022\/02\/Qman-42108-Brave-Expeditioner-with-622-pieces-10-600x600.jpg 600w, https:\/\/mouldking.store\/wp-content\/uploads\/2022\/02\/Qman-42108-Brave-Expeditioner-with-622-pieces-10-150x150.jpg 150w\" sizes=\"(max-width: 800px) 100vw, 800px\" \/><figcaption id=\"caption-attachment-29848\" class=\"wp-caption-text\">Qman 42108 Brave Expeditioner v\u1edbi 622 chi ti\u1ebft<\/figcaption><\/figure>\n<figure id=\"attachment_29849\" aria-describedby=\"caption-attachment-29849\" style=\"width: 790px\" class=\"wp-caption aligncenter\"><img loading=\"lazy\" decoding=\"async\" class=\"wp-image-29849 size-full\" src=\"https:\/\/mouldking.store\/wp-content\/uploads\/2022\/02\/Qman-42108-Brave-Expeditioner-with-622-pieces-2.jpg\" alt=\"Qman 42108 Brave Expeditioner with 622 pieces\" width=\"790\" height=\"664\" title=\"-\" srcset=\"https:\/\/mouldking.store\/wp-content\/uploads\/2022\/02\/Qman-42108-Brave-Expeditioner-with-622-pieces-2.jpg 790w, https:\/\/mouldking.store\/wp-content\/uploads\/2022\/02\/Qman-42108-Brave-Expeditioner-with-622-pieces-2-300x252.jpg 300w, https:\/\/mouldking.store\/wp-content\/uploads\/2022\/02\/Qman-42108-Brave-Expeditioner-with-622-pieces-2-768x646.jpg 768w, https:\/\/mouldking.store\/wp-content\/uploads\/2022\/02\/Qman-42108-Brave-Expeditioner-with-622-pieces-2-600x504.jpg 600w, https:\/\/mouldking.store\/wp-content\/uploads\/2022\/02\/Qman-42108-Brave-Expeditioner-with-622-pieces-2-150x126.jpg 150w\" sizes=\"(max-width: 790px) 100vw, 790px\" \/><figcaption id=\"caption-attachment-29849\" class=\"wp-caption-text\">Qman 42108 Brave Expeditioner v\u1edbi 622 chi ti\u1ebft<\/figcaption><\/figure>\n<figure id=\"attachment_29850\" aria-describedby=\"caption-attachment-29850\" style=\"width: 788px\" class=\"wp-caption aligncenter\"><img loading=\"lazy\" decoding=\"async\" class=\"wp-image-29850 size-full\" src=\"https:\/\/mouldking.store\/wp-content\/uploads\/2022\/02\/Qman-42108-Brave-Expeditioner-with-622-pieces-3.jpg\" alt=\"Qman 42108 Brave Expeditioner with 622 pieces\" width=\"788\" height=\"657\" title=\"-\" srcset=\"https:\/\/mouldking.store\/wp-content\/uploads\/2022\/02\/Qman-42108-Brave-Expeditioner-with-622-pieces-3.jpg 788w, https:\/\/mouldking.store\/wp-content\/uploads\/2022\/02\/Qman-42108-Brave-Expeditioner-with-622-pieces-3-300x250.jpg 300w, https:\/\/mouldking.store\/wp-content\/uploads\/2022\/02\/Qman-42108-Brave-Expeditioner-with-622-pieces-3-768x640.jpg 768w, https:\/\/mouldking.store\/wp-content\/uploads\/2022\/02\/Qman-42108-Brave-Expeditioner-with-622-pieces-3-600x500.jpg 600w, https:\/\/mouldking.store\/wp-content\/uploads\/2022\/02\/Qman-42108-Brave-Expeditioner-with-622-pieces-3-150x125.jpg 150w\" sizes=\"(max-width: 788px) 100vw, 788px\" \/><figcaption id=\"caption-attachment-29850\" class=\"wp-caption-text\">Qman 42108 Brave Expeditioner v\u1edbi 622 chi ti\u1ebft<\/figcaption><\/figure>\n<figure id=\"attachment_29851\" aria-describedby=\"caption-attachment-29851\" style=\"width: 790px\" class=\"wp-caption aligncenter\"><img loading=\"lazy\" decoding=\"async\" class=\"wp-image-29851 size-full\" src=\"https:\/\/mouldking.store\/wp-content\/uploads\/2022\/02\/Qman-42108-Brave-Expeditioner-with-622-pieces-4.jpg\" alt=\"Qman 42108 Brave Expeditioner with 622 pieces\" width=\"790\" height=\"664\" title=\"-\" srcset=\"https:\/\/mouldking.store\/wp-content\/uploads\/2022\/02\/Qman-42108-Brave-Expeditioner-with-622-pieces-4.jpg 790w, https:\/\/mouldking.store\/wp-content\/uploads\/2022\/02\/Qman-42108-Brave-Expeditioner-with-622-pieces-4-300x252.jpg 300w, https:\/\/mouldking.store\/wp-content\/uploads\/2022\/02\/Qman-42108-Brave-Expeditioner-with-622-pieces-4-768x646.jpg 768w, https:\/\/mouldking.store\/wp-content\/uploads\/2022\/02\/Qman-42108-Brave-Expeditioner-with-622-pieces-4-600x504.jpg 600w, https:\/\/mouldking.store\/wp-content\/uploads\/2022\/02\/Qman-42108-Brave-Expeditioner-with-622-pieces-4-150x126.jpg 150w\" sizes=\"(max-width: 790px) 100vw, 790px\" \/><figcaption id=\"caption-attachment-29851\" class=\"wp-caption-text\">Qman 42108 Brave Expeditioner v\u1edbi 622 chi ti\u1ebft<\/figcaption><\/figure>\n<figure id=\"attachment_29854\" aria-describedby=\"caption-attachment-29854\" style=\"width: 672px\" class=\"wp-caption aligncenter\"><img loading=\"lazy\" decoding=\"async\" class=\"wp-image-29854 size-full\" src=\"https:\/\/mouldking.store\/wp-content\/uploads\/2022\/02\/Qman-42108-Brave-Expeditioner-with-622-pieces-7.jpg\" alt=\"Qman 42108 Brave Expeditioner with 622 pieces\" width=\"672\" height=\"1024\" title=\"-\" srcset=\"https:\/\/mouldking.store\/wp-content\/uploads\/2022\/02\/Qman-42108-Brave-Expeditioner-with-622-pieces-7.jpg 672w, https:\/\/mouldking.store\/wp-content\/uploads\/2022\/02\/Qman-42108-Brave-Expeditioner-with-622-pieces-7-197x300.jpg 197w, https:\/\/mouldking.store\/wp-content\/uploads\/2022\/02\/Qman-42108-Brave-Expeditioner-with-622-pieces-7-300x457.jpg 300w, https:\/\/mouldking.store\/wp-content\/uploads\/2022\/02\/Qman-42108-Brave-Expeditioner-with-622-pieces-7-600x914.jpg 600w, https:\/\/mouldking.store\/wp-content\/uploads\/2022\/02\/Qman-42108-Brave-Expeditioner-with-622-pieces-7-98x150.jpg 98w\" sizes=\"(max-width: 672px) 100vw, 672px\" \/><figcaption id=\"caption-attachment-29854\" class=\"wp-caption-text\">Qman 42108 Brave Expeditioner v\u1edbi 622 chi ti\u1ebft<\/figcaption><\/figure>\n<figure id=\"attachment_29853\" aria-describedby=\"caption-attachment-29853\" style=\"width: 673px\" class=\"wp-caption aligncenter\"><img loading=\"lazy\" decoding=\"async\" class=\"wp-image-29853 size-full\" src=\"https:\/\/mouldking.store\/wp-content\/uploads\/2022\/02\/Qman-42108-Brave-Expeditioner-with-622-pieces-6.jpg\" alt=\"Qman 42108 Brave Expeditioner with 622 pieces\" width=\"673\" height=\"1024\" title=\"-\" srcset=\"https:\/\/mouldking.store\/wp-content\/uploads\/2022\/02\/Qman-42108-Brave-Expeditioner-with-622-pieces-6.jpg 673w, https:\/\/mouldking.store\/wp-content\/uploads\/2022\/02\/Qman-42108-Brave-Expeditioner-with-622-pieces-6-197x300.jpg 197w, https:\/\/mouldking.store\/wp-content\/uploads\/2022\/02\/Qman-42108-Brave-Expeditioner-with-622-pieces-6-300x456.jpg 300w, https:\/\/mouldking.store\/wp-content\/uploads\/2022\/02\/Qman-42108-Brave-Expeditioner-with-622-pieces-6-600x913.jpg 600w, https:\/\/mouldking.store\/wp-content\/uploads\/2022\/02\/Qman-42108-Brave-Expeditioner-with-622-pieces-6-99x150.jpg 99w\" sizes=\"(max-width: 673px) 100vw, 673px\" \/><figcaption id=\"caption-attachment-29853\" class=\"wp-caption-text\">Qman 42108 Brave Expeditioner v\u1edbi 622 chi ti\u1ebft<\/figcaption><\/figure>\n<figure id=\"attachment_29852\" aria-describedby=\"caption-attachment-29852\" style=\"width: 787px\" class=\"wp-caption aligncenter\"><img loading=\"lazy\" decoding=\"async\" class=\"wp-image-29852 size-full\" src=\"https:\/\/mouldking.store\/wp-content\/uploads\/2022\/02\/Qman-42108-Brave-Expeditioner-with-622-pieces-5.jpg\" alt=\"Qman 42108 Brave Expeditioner with 622 pieces\" width=\"787\" height=\"1022\" title=\"-\" srcset=\"https:\/\/mouldking.store\/wp-content\/uploads\/2022\/02\/Qman-42108-Brave-Expeditioner-with-622-pieces-5.jpg 787w, https:\/\/mouldking.store\/wp-content\/uploads\/2022\/02\/Qman-42108-Brave-Expeditioner-with-622-pieces-5-231x300.jpg 231w, https:\/\/mouldking.store\/wp-content\/uploads\/2022\/02\/Qman-42108-Brave-Expeditioner-with-622-pieces-5-768x997.jpg 768w, https:\/\/mouldking.store\/wp-content\/uploads\/2022\/02\/Qman-42108-Brave-Expeditioner-with-622-pieces-5-300x390.jpg 300w, https:\/\/mouldking.store\/wp-content\/uploads\/2022\/02\/Qman-42108-Brave-Expeditioner-with-622-pieces-5-600x779.jpg 600w, https:\/\/mouldking.store\/wp-content\/uploads\/2022\/02\/Qman-42108-Brave-Expeditioner-with-622-pieces-5-116x150.jpg 116w\" sizes=\"(max-width: 787px) 100vw, 787px\" \/><figcaption id=\"caption-attachment-29852\" class=\"wp-caption-text\">Qman 42108 Brave Expeditioner v\u1edbi 622 chi ti\u1ebft<\/figcaption><\/figure>","protected":false},"excerpt":{"rendered":"<p>Product information: Brand: Qman Gender: Unisex Name: Brave Expeditioner Age Range: &gt; 6 years old Model Number: 42108 Classification: Assemblage Plastic Block Shape: Self-Locking Bricks Material: Plastic Plastic Type: ABS Bricks Blocks: 622 PCS Contains detailed assembly instructions. Notice: 1. Without an original box, but we guarantee our products have quality assurance and nice packaging. [&hellip;]<\/p>","protected":false},"featured_media":29847,"comment_status":"closed","ping_status":"closed","template":"","meta":{"_acf_changed":false},"product_cat":[364],"product_tag":[4711,4712,4710,4713,4125,4709,4708,4707],"class_list":["product","first","instock","shipping-taxable","purchasable","product-type-simple"],"acf":[],"_links":{"self":[{"href":"https:\/\/mouldking.store\/vi\/wp-json\/wp\/v2\/product\/29846","targetHints":{"allow":["GET"]}}],"collection":[{"href":"https:\/\/mouldking.store\/vi\/wp-json\/wp\/v2\/product"}],"about":[{"href":"https:\/\/mouldking.store\/vi\/wp-json\/wp\/v2\/types\/product"}],"replies":[{"embeddable":true,"href":"https:\/\/mouldking.store\/vi\/wp-json\/wp\/v2\/comments?post=29846"}],"wp:featuredmedia":[{"embeddable":true,"href":"https:\/\/mouldking.store\/vi\/wp-json\/wp\/v2\/media\/29847"}],"wp:attachment":[{"href":"https:\/\/mouldking.store\/vi\/wp-json\/wp\/v2\/media?parent=29846"}],"wp:term":[{"taxonomy":"product_cat","embeddable":true,"href":"https:\/\/mouldking.store\/vi\/wp-json\/wp\/v2\/product_cat?post=29846"},{"taxonomy":"product_tag","embeddable":true,"href":"https:\/\/mouldking.store\/vi\/wp-json\/wp\/v2\/product_tag?post=29846"}],"curies":[{"name":"wp","href":"https:\/\/api.w.org\/{rel}","templated":true}]}}