{"id":29877,"date":"2022-02-23T16:55:07","date_gmt":"2022-02-23T09:55:07","guid":{"rendered":"https:\/\/mouldking.store\/?post_type=product&#038;p=29877"},"modified":"2022-02-23T16:55:08","modified_gmt":"2022-02-23T09:55:08","slug":"tgl-t4009-man-rv-off-road-with-6068-pieces","status":"publish","type":"product","link":"https:\/\/mouldking.store\/vi\/shop\/tgl-t4009-man-rv-off-road-with-6068-pieces\/","title":{"rendered":"TGL T4009 MAN RV OFF-ROAD v\u1edbi 6068 chi ti\u1ebft"},"content":{"rendered":"<p>Th\u00f4ng tin s\u1ea3n ph\u1ea9m:<\/p>\n<ol>\n<li>Th\u01b0\u01a1ng hi\u1ec7u: TGL<\/li>\n<li>Gi\u1edbi t\u00ednh: Unisex<\/li>\n<li>T\u00ean: MAN RV OFF-ROAD<\/li>\n<li>\u0110\u1ed9 tu\u1ed5i: &gt; 6 tu\u1ed5i<\/li>\n<li>S\u1ed1 m\u00f4 h\u00ecnh: T4009<\/li>\n<li>Ph\u00e2n lo\u1ea1i: T\u1eadp h\u1ee3p<\/li>\n<li>H\u00ecnh d\u1ea1ng kh\u1ed1i nh\u1ef1a: G\u1ea1ch t\u1ef1 kh\u00f3a<\/li>\n<li>Ch\u1ea5t li\u1ec7u: Nh\u1ef1a<\/li>\n<li>Lo\u1ea1i nh\u1ef1a: ABS<\/li>\n<li>Kh\u1ed1i g\u1ea1ch: 6068 C\u00c1I<\/li>\n<li>Ch\u1ee9a h\u01b0\u1edbng d\u1eabn l\u1eafp r\u00e1p chi ti\u1ebft.<\/li>\n<\/ol>\n<p>\u0110\u1ec3 \u00fd:<br \/>\n1. Kh\u00f4ng c\u00f3 h\u1ed9p ban \u0111\u1ea7u, nh\u01b0ng ch\u00fang t\u00f4i \u0111\u1ea3m b\u1ea3o s\u1ea3n ph\u1ea9m c\u1ee7a ch\u00fang t\u00f4i c\u00f3 ch\u1ea5t l\u01b0\u1ee3ng \u0111\u1ea3m b\u1ea3o v\u00e0 bao b\u00ec \u0111\u1eb9p.<br \/>\n2. V\u00ec t\u1ea5t c\u1ea3 c\u00e1c b\u1ed9 ph\u1eadn ch\u00fang t\u00f4i \u0111\u00e3 ki\u1ec3m tra tr\u01b0\u1edbc khi v\u1eadn chuy\u1ec3n, n\u1ebfu b\u1ea1n th\u1ea5y m\u1ed9t s\u1ed1 b\u1ed9 ph\u1eadn b\u1ecb thi\u1ebfu ho\u1eb7c h\u01b0 h\u1ecfng, \u0111\u1eebng lo l\u1eafng v\u00e0 ch\u1ec9 c\u1ea7n vui l\u00f2ng li\u00ean h\u1ec7 v\u1edbi ch\u00fang t\u00f4i v\u00e0 ch\u00fang t\u00f4i c\u00f3 th\u1ec3 g\u1eedi l\u1ea1i mi\u1ec5n ph\u00ed cho b\u1ea1n ngay l\u1eadp t\u1ee9c.<\/p>\n<figure id=\"attachment_29880\" aria-describedby=\"caption-attachment-29880\" style=\"width: 1024px\" class=\"wp-caption aligncenter\"><img fetchpriority=\"high\" decoding=\"async\" class=\"wp-image-29880 size-full\" src=\"https:\/\/mouldking.store\/wp-content\/uploads\/2022\/02\/TGL-T4009-MAN-RV-OFF-ROAD-with-6068-pieces-3.jpg\" alt=\"TGL T4009 MAN RV OFF-ROAD with 6068 pieces\" width=\"1024\" height=\"683\" title=\"-\" srcset=\"https:\/\/mouldking.store\/wp-content\/uploads\/2022\/02\/TGL-T4009-MAN-RV-OFF-ROAD-with-6068-pieces-3.jpg 1024w, https:\/\/mouldking.store\/wp-content\/uploads\/2022\/02\/TGL-T4009-MAN-RV-OFF-ROAD-with-6068-pieces-3-300x200.jpg 300w, https:\/\/mouldking.store\/wp-content\/uploads\/2022\/02\/TGL-T4009-MAN-RV-OFF-ROAD-with-6068-pieces-3-768x512.jpg 768w, https:\/\/mouldking.store\/wp-content\/uploads\/2022\/02\/TGL-T4009-MAN-RV-OFF-ROAD-with-6068-pieces-3-600x400.jpg 600w, https:\/\/mouldking.store\/wp-content\/uploads\/2022\/02\/TGL-T4009-MAN-RV-OFF-ROAD-with-6068-pieces-3-150x100.jpg 150w\" sizes=\"(max-width: 1024px) 100vw, 1024px\" \/><figcaption id=\"caption-attachment-29880\" class=\"wp-caption-text\">TGL T4009 MAN RV OFF-ROAD v\u1edbi 6068 chi ti\u1ebft<\/figcaption><\/figure>\n<figure id=\"attachment_29879\" aria-describedby=\"caption-attachment-29879\" style=\"width: 1024px\" class=\"wp-caption aligncenter\"><img decoding=\"async\" class=\"wp-image-29879 size-full\" src=\"https:\/\/mouldking.store\/wp-content\/uploads\/2022\/02\/TGL-T4009-MAN-RV-OFF-ROAD-with-6068-pieces-2.jpg\" alt=\"TGL T4009 MAN RV OFF-ROAD with 6068 pieces\" width=\"1024\" height=\"683\" title=\"-\" srcset=\"https:\/\/mouldking.store\/wp-content\/uploads\/2022\/02\/TGL-T4009-MAN-RV-OFF-ROAD-with-6068-pieces-2.jpg 1024w, https:\/\/mouldking.store\/wp-content\/uploads\/2022\/02\/TGL-T4009-MAN-RV-OFF-ROAD-with-6068-pieces-2-300x200.jpg 300w, https:\/\/mouldking.store\/wp-content\/uploads\/2022\/02\/TGL-T4009-MAN-RV-OFF-ROAD-with-6068-pieces-2-768x512.jpg 768w, https:\/\/mouldking.store\/wp-content\/uploads\/2022\/02\/TGL-T4009-MAN-RV-OFF-ROAD-with-6068-pieces-2-600x400.jpg 600w, https:\/\/mouldking.store\/wp-content\/uploads\/2022\/02\/TGL-T4009-MAN-RV-OFF-ROAD-with-6068-pieces-2-150x100.jpg 150w\" sizes=\"(max-width: 1024px) 100vw, 1024px\" \/><figcaption id=\"caption-attachment-29879\" class=\"wp-caption-text\">TGL T4009 MAN RV OFF-ROAD v\u1edbi 6068 chi ti\u1ebft<\/figcaption><\/figure>\n<figure id=\"attachment_29878\" aria-describedby=\"caption-attachment-29878\" style=\"width: 800px\" class=\"wp-caption aligncenter\"><img decoding=\"async\" class=\"wp-image-29878 size-full\" src=\"https:\/\/mouldking.store\/wp-content\/uploads\/2022\/02\/TGL-T4009-MAN-RV-OFF-ROAD-with-6068-pieces-1.jpg\" alt=\"TGL T4009 MAN RV OFF-ROAD with 6068 pieces\" width=\"800\" height=\"800\" title=\"-\" srcset=\"https:\/\/mouldking.store\/wp-content\/uploads\/2022\/02\/TGL-T4009-MAN-RV-OFF-ROAD-with-6068-pieces-1.jpg 800w, https:\/\/mouldking.store\/wp-content\/uploads\/2022\/02\/TGL-T4009-MAN-RV-OFF-ROAD-with-6068-pieces-1-300x300.jpg 300w, https:\/\/mouldking.store\/wp-content\/uploads\/2022\/02\/TGL-T4009-MAN-RV-OFF-ROAD-with-6068-pieces-1-768x768.jpg 768w, https:\/\/mouldking.store\/wp-content\/uploads\/2022\/02\/TGL-T4009-MAN-RV-OFF-ROAD-with-6068-pieces-1-600x600.jpg 600w, https:\/\/mouldking.store\/wp-content\/uploads\/2022\/02\/TGL-T4009-MAN-RV-OFF-ROAD-with-6068-pieces-1-150x150.jpg 150w\" sizes=\"(max-width: 800px) 100vw, 800px\" \/><figcaption id=\"caption-attachment-29878\" class=\"wp-caption-text\">TGL T4009 MAN RV OFF-ROAD v\u1edbi 6068 chi ti\u1ebft<\/figcaption><\/figure>\n<figure id=\"attachment_29881\" aria-describedby=\"caption-attachment-29881\" style=\"width: 800px\" class=\"wp-caption aligncenter\"><img loading=\"lazy\" decoding=\"async\" class=\"wp-image-29881 size-full\" src=\"https:\/\/mouldking.store\/wp-content\/uploads\/2022\/02\/TGL-T4009-MAN-RV-OFF-ROAD-with-6068-pieces-4.jpg\" alt=\"TGL T4009 MAN RV OFF-ROAD with 6068 pieces\" width=\"800\" height=\"800\" title=\"-\" srcset=\"https:\/\/mouldking.store\/wp-content\/uploads\/2022\/02\/TGL-T4009-MAN-RV-OFF-ROAD-with-6068-pieces-4.jpg 800w, https:\/\/mouldking.store\/wp-content\/uploads\/2022\/02\/TGL-T4009-MAN-RV-OFF-ROAD-with-6068-pieces-4-300x300.jpg 300w, https:\/\/mouldking.store\/wp-content\/uploads\/2022\/02\/TGL-T4009-MAN-RV-OFF-ROAD-with-6068-pieces-4-768x768.jpg 768w, https:\/\/mouldking.store\/wp-content\/uploads\/2022\/02\/TGL-T4009-MAN-RV-OFF-ROAD-with-6068-pieces-4-600x600.jpg 600w, https:\/\/mouldking.store\/wp-content\/uploads\/2022\/02\/TGL-T4009-MAN-RV-OFF-ROAD-with-6068-pieces-4-150x150.jpg 150w\" sizes=\"(max-width: 800px) 100vw, 800px\" \/><figcaption id=\"caption-attachment-29881\" class=\"wp-caption-text\">TGL T4009 MAN RV OFF-ROAD v\u1edbi 6068 chi ti\u1ebft<\/figcaption><\/figure>\n<figure id=\"attachment_29894\" aria-describedby=\"caption-attachment-29894\" style=\"width: 621px\" class=\"wp-caption aligncenter\"><img loading=\"lazy\" decoding=\"async\" class=\"wp-image-29894 size-full\" src=\"https:\/\/mouldking.store\/wp-content\/uploads\/2022\/02\/TGL-T4009-MAN-RV-OFF-ROAD-with-6068-pieces-17.jpg\" alt=\"TGL T4009 MAN RV OFF-ROAD with 6068 pieces\" width=\"621\" height=\"1024\" title=\"-\" srcset=\"https:\/\/mouldking.store\/wp-content\/uploads\/2022\/02\/TGL-T4009-MAN-RV-OFF-ROAD-with-6068-pieces-17.jpg 621w, https:\/\/mouldking.store\/wp-content\/uploads\/2022\/02\/TGL-T4009-MAN-RV-OFF-ROAD-with-6068-pieces-17-182x300.jpg 182w, https:\/\/mouldking.store\/wp-content\/uploads\/2022\/02\/TGL-T4009-MAN-RV-OFF-ROAD-with-6068-pieces-17-300x495.jpg 300w, https:\/\/mouldking.store\/wp-content\/uploads\/2022\/02\/TGL-T4009-MAN-RV-OFF-ROAD-with-6068-pieces-17-600x989.jpg 600w, https:\/\/mouldking.store\/wp-content\/uploads\/2022\/02\/TGL-T4009-MAN-RV-OFF-ROAD-with-6068-pieces-17-91x150.jpg 91w\" sizes=\"(max-width: 621px) 100vw, 621px\" \/><figcaption id=\"caption-attachment-29894\" class=\"wp-caption-text\">TGL T4009 MAN RV OFF-ROAD v\u1edbi 6068 chi ti\u1ebft<\/figcaption><\/figure>\n<figure id=\"attachment_29890\" aria-describedby=\"caption-attachment-29890\" style=\"width: 586px\" class=\"wp-caption aligncenter\"><img loading=\"lazy\" decoding=\"async\" class=\"wp-image-29890 size-full\" src=\"https:\/\/mouldking.store\/wp-content\/uploads\/2022\/02\/TGL-T4009-MAN-RV-OFF-ROAD-with-6068-pieces-13.jpg\" alt=\"TGL T4009 MAN RV OFF-ROAD with 6068 pieces\" width=\"586\" height=\"1024\" title=\"-\" srcset=\"https:\/\/mouldking.store\/wp-content\/uploads\/2022\/02\/TGL-T4009-MAN-RV-OFF-ROAD-with-6068-pieces-13.jpg 586w, https:\/\/mouldking.store\/wp-content\/uploads\/2022\/02\/TGL-T4009-MAN-RV-OFF-ROAD-with-6068-pieces-13-172x300.jpg 172w, https:\/\/mouldking.store\/wp-content\/uploads\/2022\/02\/TGL-T4009-MAN-RV-OFF-ROAD-with-6068-pieces-13-300x524.jpg 300w, https:\/\/mouldking.store\/wp-content\/uploads\/2022\/02\/TGL-T4009-MAN-RV-OFF-ROAD-with-6068-pieces-13-86x150.jpg 86w\" sizes=\"(max-width: 586px) 100vw, 586px\" \/><figcaption id=\"caption-attachment-29890\" class=\"wp-caption-text\">TGL T4009 MAN RV OFF-ROAD v\u1edbi 6068 chi ti\u1ebft<\/figcaption><\/figure>\n<figure id=\"attachment_29892\" aria-describedby=\"caption-attachment-29892\" style=\"width: 643px\" class=\"wp-caption aligncenter\"><img loading=\"lazy\" decoding=\"async\" class=\"wp-image-29892 size-full\" src=\"https:\/\/mouldking.store\/wp-content\/uploads\/2022\/02\/TGL-T4009-MAN-RV-OFF-ROAD-with-6068-pieces-15.jpg\" alt=\"TGL T4009 MAN RV OFF-ROAD with 6068 pieces\" width=\"643\" height=\"1024\" title=\"-\" srcset=\"https:\/\/mouldking.store\/wp-content\/uploads\/2022\/02\/TGL-T4009-MAN-RV-OFF-ROAD-with-6068-pieces-15.jpg 643w, https:\/\/mouldking.store\/wp-content\/uploads\/2022\/02\/TGL-T4009-MAN-RV-OFF-ROAD-with-6068-pieces-15-188x300.jpg 188w, https:\/\/mouldking.store\/wp-content\/uploads\/2022\/02\/TGL-T4009-MAN-RV-OFF-ROAD-with-6068-pieces-15-300x478.jpg 300w, https:\/\/mouldking.store\/wp-content\/uploads\/2022\/02\/TGL-T4009-MAN-RV-OFF-ROAD-with-6068-pieces-15-600x956.jpg 600w, https:\/\/mouldking.store\/wp-content\/uploads\/2022\/02\/TGL-T4009-MAN-RV-OFF-ROAD-with-6068-pieces-15-94x150.jpg 94w\" sizes=\"(max-width: 643px) 100vw, 643px\" \/><figcaption id=\"caption-attachment-29892\" class=\"wp-caption-text\">TGL T4009 MAN RV OFF-ROAD v\u1edbi 6068 chi ti\u1ebft<\/figcaption><\/figure>\n<figure id=\"attachment_29893\" aria-describedby=\"caption-attachment-29893\" style=\"width: 599px\" class=\"wp-caption aligncenter\"><img loading=\"lazy\" decoding=\"async\" class=\"wp-image-29893 size-full\" src=\"https:\/\/mouldking.store\/wp-content\/uploads\/2022\/02\/TGL-T4009-MAN-RV-OFF-ROAD-with-6068-pieces-16.jpg\" alt=\"TGL T4009 MAN RV OFF-ROAD with 6068 pieces\" width=\"599\" height=\"1024\" title=\"-\" srcset=\"https:\/\/mouldking.store\/wp-content\/uploads\/2022\/02\/TGL-T4009-MAN-RV-OFF-ROAD-with-6068-pieces-16.jpg 599w, https:\/\/mouldking.store\/wp-content\/uploads\/2022\/02\/TGL-T4009-MAN-RV-OFF-ROAD-with-6068-pieces-16-175x300.jpg 175w, https:\/\/mouldking.store\/wp-content\/uploads\/2022\/02\/TGL-T4009-MAN-RV-OFF-ROAD-with-6068-pieces-16-300x513.jpg 300w, https:\/\/mouldking.store\/wp-content\/uploads\/2022\/02\/TGL-T4009-MAN-RV-OFF-ROAD-with-6068-pieces-16-88x150.jpg 88w\" sizes=\"(max-width: 599px) 100vw, 599px\" \/><figcaption id=\"caption-attachment-29893\" class=\"wp-caption-text\">TGL T4009 MAN RV OFF-ROAD v\u1edbi 6068 chi ti\u1ebft<\/figcaption><\/figure>\n<figure id=\"attachment_29883\" aria-describedby=\"caption-attachment-29883\" style=\"width: 790px\" class=\"wp-caption aligncenter\"><img loading=\"lazy\" decoding=\"async\" class=\"wp-image-29883 size-full\" src=\"https:\/\/mouldking.store\/wp-content\/uploads\/2022\/02\/TGL-T4009-MAN-RV-OFF-ROAD-with-6068-pieces-6.jpg\" alt=\"TGL T4009 MAN RV OFF-ROAD with 6068 pieces\" width=\"790\" height=\"544\" title=\"-\" srcset=\"https:\/\/mouldking.store\/wp-content\/uploads\/2022\/02\/TGL-T4009-MAN-RV-OFF-ROAD-with-6068-pieces-6.jpg 790w, https:\/\/mouldking.store\/wp-content\/uploads\/2022\/02\/TGL-T4009-MAN-RV-OFF-ROAD-with-6068-pieces-6-300x207.jpg 300w, https:\/\/mouldking.store\/wp-content\/uploads\/2022\/02\/TGL-T4009-MAN-RV-OFF-ROAD-with-6068-pieces-6-768x529.jpg 768w, https:\/\/mouldking.store\/wp-content\/uploads\/2022\/02\/TGL-T4009-MAN-RV-OFF-ROAD-with-6068-pieces-6-600x413.jpg 600w, https:\/\/mouldking.store\/wp-content\/uploads\/2022\/02\/TGL-T4009-MAN-RV-OFF-ROAD-with-6068-pieces-6-150x103.jpg 150w\" sizes=\"(max-width: 790px) 100vw, 790px\" \/><figcaption id=\"caption-attachment-29883\" class=\"wp-caption-text\">TGL T4009 MAN RV OFF-ROAD v\u1edbi 6068 chi ti\u1ebft<\/figcaption><\/figure>\n<figure id=\"attachment_29882\" aria-describedby=\"caption-attachment-29882\" style=\"width: 699px\" class=\"wp-caption aligncenter\"><img loading=\"lazy\" decoding=\"async\" class=\"wp-image-29882 size-full\" src=\"https:\/\/mouldking.store\/wp-content\/uploads\/2022\/02\/TGL-T4009-MAN-RV-OFF-ROAD-with-6068-pieces-5.jpg\" alt=\"TGL T4009 MAN RV OFF-ROAD with 6068 pieces\" width=\"699\" height=\"1024\" title=\"-\" srcset=\"https:\/\/mouldking.store\/wp-content\/uploads\/2022\/02\/TGL-T4009-MAN-RV-OFF-ROAD-with-6068-pieces-5.jpg 699w, https:\/\/mouldking.store\/wp-content\/uploads\/2022\/02\/TGL-T4009-MAN-RV-OFF-ROAD-with-6068-pieces-5-205x300.jpg 205w, https:\/\/mouldking.store\/wp-content\/uploads\/2022\/02\/TGL-T4009-MAN-RV-OFF-ROAD-with-6068-pieces-5-300x439.jpg 300w, https:\/\/mouldking.store\/wp-content\/uploads\/2022\/02\/TGL-T4009-MAN-RV-OFF-ROAD-with-6068-pieces-5-600x879.jpg 600w, https:\/\/mouldking.store\/wp-content\/uploads\/2022\/02\/TGL-T4009-MAN-RV-OFF-ROAD-with-6068-pieces-5-102x150.jpg 102w\" sizes=\"(max-width: 699px) 100vw, 699px\" \/><figcaption id=\"caption-attachment-29882\" class=\"wp-caption-text\">TGL T4009 MAN RV OFF-ROAD v\u1edbi 6068 chi ti\u1ebft<\/figcaption><\/figure>\n<figure id=\"attachment_29884\" aria-describedby=\"caption-attachment-29884\" style=\"width: 755px\" class=\"wp-caption aligncenter\"><img loading=\"lazy\" decoding=\"async\" class=\"wp-image-29884 size-full\" src=\"https:\/\/mouldking.store\/wp-content\/uploads\/2022\/02\/TGL-T4009-MAN-RV-OFF-ROAD-with-6068-pieces-7.jpg\" alt=\"TGL T4009 MAN RV OFF-ROAD with 6068 pieces\" width=\"755\" height=\"1024\" title=\"-\" srcset=\"https:\/\/mouldking.store\/wp-content\/uploads\/2022\/02\/TGL-T4009-MAN-RV-OFF-ROAD-with-6068-pieces-7.jpg 755w, https:\/\/mouldking.store\/wp-content\/uploads\/2022\/02\/TGL-T4009-MAN-RV-OFF-ROAD-with-6068-pieces-7-221x300.jpg 221w, https:\/\/mouldking.store\/wp-content\/uploads\/2022\/02\/TGL-T4009-MAN-RV-OFF-ROAD-with-6068-pieces-7-300x407.jpg 300w, https:\/\/mouldking.store\/wp-content\/uploads\/2022\/02\/TGL-T4009-MAN-RV-OFF-ROAD-with-6068-pieces-7-600x814.jpg 600w, https:\/\/mouldking.store\/wp-content\/uploads\/2022\/02\/TGL-T4009-MAN-RV-OFF-ROAD-with-6068-pieces-7-111x150.jpg 111w\" sizes=\"(max-width: 755px) 100vw, 755px\" \/><figcaption id=\"caption-attachment-29884\" class=\"wp-caption-text\">TGL T4009 MAN RV OFF-ROAD v\u1edbi 6068 chi ti\u1ebft<\/figcaption><\/figure>\n<figure id=\"attachment_29885\" aria-describedby=\"caption-attachment-29885\" style=\"width: 619px\" class=\"wp-caption aligncenter\"><img loading=\"lazy\" decoding=\"async\" class=\"wp-image-29885 size-full\" src=\"https:\/\/mouldking.store\/wp-content\/uploads\/2022\/02\/TGL-T4009-MAN-RV-OFF-ROAD-with-6068-pieces-8.jpg\" alt=\"TGL T4009 MAN RV OFF-ROAD with 6068 pieces\" width=\"619\" height=\"1024\" title=\"-\" srcset=\"https:\/\/mouldking.store\/wp-content\/uploads\/2022\/02\/TGL-T4009-MAN-RV-OFF-ROAD-with-6068-pieces-8.jpg 619w, https:\/\/mouldking.store\/wp-content\/uploads\/2022\/02\/TGL-T4009-MAN-RV-OFF-ROAD-with-6068-pieces-8-181x300.jpg 181w, https:\/\/mouldking.store\/wp-content\/uploads\/2022\/02\/TGL-T4009-MAN-RV-OFF-ROAD-with-6068-pieces-8-300x496.jpg 300w, https:\/\/mouldking.store\/wp-content\/uploads\/2022\/02\/TGL-T4009-MAN-RV-OFF-ROAD-with-6068-pieces-8-600x993.jpg 600w, https:\/\/mouldking.store\/wp-content\/uploads\/2022\/02\/TGL-T4009-MAN-RV-OFF-ROAD-with-6068-pieces-8-91x150.jpg 91w\" sizes=\"(max-width: 619px) 100vw, 619px\" \/><figcaption id=\"caption-attachment-29885\" class=\"wp-caption-text\">TGL T4009 MAN RV OFF-ROAD v\u1edbi 6068 chi ti\u1ebft<\/figcaption><\/figure>\n<figure id=\"attachment_29886\" aria-describedby=\"caption-attachment-29886\" style=\"width: 560px\" class=\"wp-caption aligncenter\"><img loading=\"lazy\" decoding=\"async\" class=\"wp-image-29886 size-full\" src=\"https:\/\/mouldking.store\/wp-content\/uploads\/2022\/02\/TGL-T4009-MAN-RV-OFF-ROAD-with-6068-pieces-9.jpg\" alt=\"TGL T4009 MAN RV OFF-ROAD with 6068 pieces\" width=\"560\" height=\"1024\" title=\"-\" srcset=\"https:\/\/mouldking.store\/wp-content\/uploads\/2022\/02\/TGL-T4009-MAN-RV-OFF-ROAD-with-6068-pieces-9.jpg 560w, https:\/\/mouldking.store\/wp-content\/uploads\/2022\/02\/TGL-T4009-MAN-RV-OFF-ROAD-with-6068-pieces-9-164x300.jpg 164w, https:\/\/mouldking.store\/wp-content\/uploads\/2022\/02\/TGL-T4009-MAN-RV-OFF-ROAD-with-6068-pieces-9-300x549.jpg 300w, https:\/\/mouldking.store\/wp-content\/uploads\/2022\/02\/TGL-T4009-MAN-RV-OFF-ROAD-with-6068-pieces-9-82x150.jpg 82w\" sizes=\"(max-width: 560px) 100vw, 560px\" \/><figcaption id=\"caption-attachment-29886\" class=\"wp-caption-text\">TGL T4009 MAN RV OFF-ROAD v\u1edbi 6068 chi ti\u1ebft<\/figcaption><\/figure>\n<figure id=\"attachment_29887\" aria-describedby=\"caption-attachment-29887\" style=\"width: 566px\" class=\"wp-caption aligncenter\"><img loading=\"lazy\" decoding=\"async\" class=\"wp-image-29887 size-full\" src=\"https:\/\/mouldking.store\/wp-content\/uploads\/2022\/02\/TGL-T4009-MAN-RV-OFF-ROAD-with-6068-pieces-10.jpg\" alt=\"TGL T4009 MAN RV OFF-ROAD with 6068 pieces\" width=\"566\" height=\"1024\" title=\"-\" srcset=\"https:\/\/mouldking.store\/wp-content\/uploads\/2022\/02\/TGL-T4009-MAN-RV-OFF-ROAD-with-6068-pieces-10.jpg 566w, https:\/\/mouldking.store\/wp-content\/uploads\/2022\/02\/TGL-T4009-MAN-RV-OFF-ROAD-with-6068-pieces-10-166x300.jpg 166w, https:\/\/mouldking.store\/wp-content\/uploads\/2022\/02\/TGL-T4009-MAN-RV-OFF-ROAD-with-6068-pieces-10-300x543.jpg 300w, https:\/\/mouldking.store\/wp-content\/uploads\/2022\/02\/TGL-T4009-MAN-RV-OFF-ROAD-with-6068-pieces-10-83x150.jpg 83w\" sizes=\"(max-width: 566px) 100vw, 566px\" \/><figcaption id=\"caption-attachment-29887\" class=\"wp-caption-text\">TGL T4009 MAN RV OFF-ROAD v\u1edbi 6068 chi ti\u1ebft<\/figcaption><\/figure>\n<figure id=\"attachment_29888\" aria-describedby=\"caption-attachment-29888\" style=\"width: 544px\" class=\"wp-caption aligncenter\"><img loading=\"lazy\" decoding=\"async\" class=\"wp-image-29888 size-full\" src=\"https:\/\/mouldking.store\/wp-content\/uploads\/2022\/02\/TGL-T4009-MAN-RV-OFF-ROAD-with-6068-pieces-11.jpg\" alt=\"TGL T4009 MAN RV OFF-ROAD with 6068 pieces\" width=\"544\" height=\"1024\" title=\"-\" srcset=\"https:\/\/mouldking.store\/wp-content\/uploads\/2022\/02\/TGL-T4009-MAN-RV-OFF-ROAD-with-6068-pieces-11.jpg 544w, https:\/\/mouldking.store\/wp-content\/uploads\/2022\/02\/TGL-T4009-MAN-RV-OFF-ROAD-with-6068-pieces-11-159x300.jpg 159w, https:\/\/mouldking.store\/wp-content\/uploads\/2022\/02\/TGL-T4009-MAN-RV-OFF-ROAD-with-6068-pieces-11-300x565.jpg 300w, https:\/\/mouldking.store\/wp-content\/uploads\/2022\/02\/TGL-T4009-MAN-RV-OFF-ROAD-with-6068-pieces-11-80x150.jpg 80w\" sizes=\"(max-width: 544px) 100vw, 544px\" \/><figcaption id=\"caption-attachment-29888\" class=\"wp-caption-text\">TGL T4009 MAN RV OFF-ROAD v\u1edbi 6068 chi ti\u1ebft<\/figcaption><\/figure>\n<figure id=\"attachment_29889\" aria-describedby=\"caption-attachment-29889\" style=\"width: 686px\" class=\"wp-caption aligncenter\"><img loading=\"lazy\" decoding=\"async\" class=\"wp-image-29889 size-full\" src=\"https:\/\/mouldking.store\/wp-content\/uploads\/2022\/02\/TGL-T4009-MAN-RV-OFF-ROAD-with-6068-pieces-12.jpg\" alt=\"TGL T4009 MAN RV OFF-ROAD with 6068 pieces\" width=\"686\" height=\"1024\" title=\"-\" srcset=\"https:\/\/mouldking.store\/wp-content\/uploads\/2022\/02\/TGL-T4009-MAN-RV-OFF-ROAD-with-6068-pieces-12.jpg 686w, https:\/\/mouldking.store\/wp-content\/uploads\/2022\/02\/TGL-T4009-MAN-RV-OFF-ROAD-with-6068-pieces-12-201x300.jpg 201w, https:\/\/mouldking.store\/wp-content\/uploads\/2022\/02\/TGL-T4009-MAN-RV-OFF-ROAD-with-6068-pieces-12-300x448.jpg 300w, https:\/\/mouldking.store\/wp-content\/uploads\/2022\/02\/TGL-T4009-MAN-RV-OFF-ROAD-with-6068-pieces-12-600x896.jpg 600w, https:\/\/mouldking.store\/wp-content\/uploads\/2022\/02\/TGL-T4009-MAN-RV-OFF-ROAD-with-6068-pieces-12-100x150.jpg 100w\" sizes=\"(max-width: 686px) 100vw, 686px\" \/><figcaption id=\"caption-attachment-29889\" class=\"wp-caption-text\">TGL T4009 MAN RV OFF-ROAD v\u1edbi 6068 chi ti\u1ebft<\/figcaption><\/figure>\n<figure id=\"attachment_29891\" aria-describedby=\"caption-attachment-29891\" style=\"width: 690px\" class=\"wp-caption aligncenter\"><img loading=\"lazy\" decoding=\"async\" class=\"wp-image-29891 size-full\" src=\"https:\/\/mouldking.store\/wp-content\/uploads\/2022\/02\/TGL-T4009-MAN-RV-OFF-ROAD-with-6068-pieces-14.jpg\" alt=\"TGL T4009 MAN RV OFF-ROAD with 6068 pieces\" width=\"690\" height=\"1024\" title=\"-\" srcset=\"https:\/\/mouldking.store\/wp-content\/uploads\/2022\/02\/TGL-T4009-MAN-RV-OFF-ROAD-with-6068-pieces-14.jpg 690w, https:\/\/mouldking.store\/wp-content\/uploads\/2022\/02\/TGL-T4009-MAN-RV-OFF-ROAD-with-6068-pieces-14-202x300.jpg 202w, https:\/\/mouldking.store\/wp-content\/uploads\/2022\/02\/TGL-T4009-MAN-RV-OFF-ROAD-with-6068-pieces-14-300x445.jpg 300w, https:\/\/mouldking.store\/wp-content\/uploads\/2022\/02\/TGL-T4009-MAN-RV-OFF-ROAD-with-6068-pieces-14-600x890.jpg 600w, https:\/\/mouldking.store\/wp-content\/uploads\/2022\/02\/TGL-T4009-MAN-RV-OFF-ROAD-with-6068-pieces-14-101x150.jpg 101w\" sizes=\"(max-width: 690px) 100vw, 690px\" \/><figcaption id=\"caption-attachment-29891\" class=\"wp-caption-text\">TGL T4009 MAN RV OFF-ROAD v\u1edbi 6068 chi ti\u1ebft<\/figcaption><\/figure>","protected":false},"excerpt":{"rendered":"<p>Product information: Brand: TGL Gender: Unisex Name: MAN RV OFF-ROAD Age Range: &gt; 6 years old Model Number: T4009 Classification: Assemblage Plastic Block Shape: Self-Locking Bricks Material: Plastic Plastic Type: ABS Bricks Blocks: 6068 PCS Contains detailed assembly instructions. Notice: 1. Without an original box, but we guarantee our products have quality assurance and nice [&hellip;]<\/p>","protected":false},"author":105,"featured_media":29878,"comment_status":"closed","ping_status":"closed","template":"","meta":{"_acf_changed":false},"product_cat":[364],"product_tag":[4735,4732,4734,4733,2739,4731,4730],"class_list":["product","first","instock","shipping-taxable","purchasable","product-type-variable"],"acf":[],"_links":{"self":[{"href":"https:\/\/mouldking.store\/vi\/wp-json\/wp\/v2\/product\/29877","targetHints":{"allow":["GET"]}}],"collection":[{"href":"https:\/\/mouldking.store\/vi\/wp-json\/wp\/v2\/product"}],"about":[{"href":"https:\/\/mouldking.store\/vi\/wp-json\/wp\/v2\/types\/product"}],"author":[{"embeddable":true,"href":"https:\/\/mouldking.store\/vi\/wp-json\/wp\/v2\/users\/105"}],"replies":[{"embeddable":true,"href":"https:\/\/mouldking.store\/vi\/wp-json\/wp\/v2\/comments?post=29877"}],"wp:featuredmedia":[{"embeddable":true,"href":"https:\/\/mouldking.store\/vi\/wp-json\/wp\/v2\/media\/29878"}],"wp:attachment":[{"href":"https:\/\/mouldking.store\/vi\/wp-json\/wp\/v2\/media?parent=29877"}],"wp:term":[{"taxonomy":"product_cat","embeddable":true,"href":"https:\/\/mouldking.store\/vi\/wp-json\/wp\/v2\/product_cat?post=29877"},{"taxonomy":"product_tag","embeddable":true,"href":"https:\/\/mouldking.store\/vi\/wp-json\/wp\/v2\/product_tag?post=29877"}],"curies":[{"name":"wp","href":"https:\/\/api.w.org\/{rel}","templated":true}]}}