{"id":29897,"date":"2022-02-23T16:58:40","date_gmt":"2022-02-23T09:58:40","guid":{"rendered":"https:\/\/mouldking.store\/?post_type=product&#038;p=29897"},"modified":"2022-02-23T16:58:41","modified_gmt":"2022-02-23T09:58:41","slug":"qman-3305-blast-ranger-4-in-1-with-644-pieces","status":"publish","type":"product","link":"https:\/\/mouldking.store\/vi\/shop\/qman-3305-blast-ranger-4-in-1-with-644-pieces\/","title":{"rendered":"Qman 3305 Blast Ranger 4 trong 1 g\u1ed3m 644 m\u1ea3nh gh\u00e9p"},"content":{"rendered":"<p>Th\u00f4ng tin s\u1ea3n ph\u1ea9m:<\/p>\n<ol>\n<li>Th\u01b0\u01a1ng hi\u1ec7u: Qman<\/li>\n<li>Gi\u1edbi t\u00ednh: Unisex<\/li>\n<li>Name: Blast Ranger 4 in 1<\/li>\n<li>\u0110\u1ed9 tu\u1ed5i: &gt; 6 tu\u1ed5i<\/li>\n<li>Model Number: 3305<\/li>\n<li>Ph\u00e2n lo\u1ea1i: T\u1eadp h\u1ee3p<\/li>\n<li>H\u00ecnh d\u1ea1ng kh\u1ed1i nh\u1ef1a: G\u1ea1ch t\u1ef1 kh\u00f3a<\/li>\n<li>Ch\u1ea5t li\u1ec7u: Nh\u1ef1a<\/li>\n<li>Lo\u1ea1i nh\u1ef1a: ABS<\/li>\n<li>Bricks Blocks: 644 PCS<\/li>\n<li>Ch\u1ee9a h\u01b0\u1edbng d\u1eabn l\u1eafp r\u00e1p chi ti\u1ebft.<\/li>\n<\/ol>\n<p>\u0110\u1ec3 \u00fd:<br \/>\n1. Kh\u00f4ng c\u00f3 h\u1ed9p ban \u0111\u1ea7u, nh\u01b0ng ch\u00fang t\u00f4i \u0111\u1ea3m b\u1ea3o s\u1ea3n ph\u1ea9m c\u1ee7a ch\u00fang t\u00f4i c\u00f3 ch\u1ea5t l\u01b0\u1ee3ng \u0111\u1ea3m b\u1ea3o v\u00e0 bao b\u00ec \u0111\u1eb9p.<br \/>\n2. V\u00ec t\u1ea5t c\u1ea3 c\u00e1c b\u1ed9 ph\u1eadn ch\u00fang t\u00f4i \u0111\u00e3 ki\u1ec3m tra tr\u01b0\u1edbc khi v\u1eadn chuy\u1ec3n, v\u00ec v\u1eady n\u1ebfu b\u1ea1n th\u1ea5y m\u1ed9t s\u1ed1 b\u1ed9 ph\u1eadn b\u1ecb thi\u1ebfu ho\u1eb7c h\u01b0 h\u1ecfng, \u0111\u1eebng lo l\u1eafng v\u00e0 ch\u1ec9 c\u1ea7n vui l\u00f2ng li\u00ean h\u1ec7 v\u1edbi ch\u00fang t\u00f4i v\u00e0 ch\u00fang t\u00f4i c\u00f3 th\u1ec3 g\u1eedi l\u1ea1i mi\u1ec5n ph\u00ed cho b\u1ea1n ngay l\u1eadp t\u1ee9c.<\/p>\n<figure id=\"attachment_29898\" aria-describedby=\"caption-attachment-29898\" style=\"width: 800px\" class=\"wp-caption aligncenter\"><img fetchpriority=\"high\" decoding=\"async\" class=\"wp-image-29898 size-full\" src=\"https:\/\/mouldking.store\/wp-content\/uploads\/2022\/02\/Qman-3305-Blast-Ranger-4-in-1-with-644-pieces-1.jpg\" alt=\"Qman 3305 Blast Ranger 4 in 1 \" width=\"800\" height=\"800\" title=\"-\" srcset=\"https:\/\/mouldking.store\/wp-content\/uploads\/2022\/02\/Qman-3305-Blast-Ranger-4-in-1-with-644-pieces-1.jpg 800w, https:\/\/mouldking.store\/wp-content\/uploads\/2022\/02\/Qman-3305-Blast-Ranger-4-in-1-with-644-pieces-1-300x300.jpg 300w, https:\/\/mouldking.store\/wp-content\/uploads\/2022\/02\/Qman-3305-Blast-Ranger-4-in-1-with-644-pieces-1-768x768.jpg 768w, https:\/\/mouldking.store\/wp-content\/uploads\/2022\/02\/Qman-3305-Blast-Ranger-4-in-1-with-644-pieces-1-600x600.jpg 600w, https:\/\/mouldking.store\/wp-content\/uploads\/2022\/02\/Qman-3305-Blast-Ranger-4-in-1-with-644-pieces-1-150x150.jpg 150w\" sizes=\"(max-width: 800px) 100vw, 800px\" \/><figcaption id=\"caption-attachment-29898\" class=\"wp-caption-text\">Qman 3305 Blast Ranger 4 in 1<\/figcaption><\/figure>\n<figure id=\"attachment_29903\" aria-describedby=\"caption-attachment-29903\" style=\"width: 800px\" class=\"wp-caption aligncenter\"><img decoding=\"async\" class=\"wp-image-29903 size-full\" src=\"https:\/\/mouldking.store\/wp-content\/uploads\/2022\/02\/Qman-3305-Blast-Ranger-4-in-1-with-644-pieces-2.jpg\" alt=\"Qman 3305 Blast Ranger 4 in 1 \" width=\"800\" height=\"800\" title=\"-\" srcset=\"https:\/\/mouldking.store\/wp-content\/uploads\/2022\/02\/Qman-3305-Blast-Ranger-4-in-1-with-644-pieces-2.jpg 800w, https:\/\/mouldking.store\/wp-content\/uploads\/2022\/02\/Qman-3305-Blast-Ranger-4-in-1-with-644-pieces-2-300x300.jpg 300w, https:\/\/mouldking.store\/wp-content\/uploads\/2022\/02\/Qman-3305-Blast-Ranger-4-in-1-with-644-pieces-2-768x768.jpg 768w, https:\/\/mouldking.store\/wp-content\/uploads\/2022\/02\/Qman-3305-Blast-Ranger-4-in-1-with-644-pieces-2-600x600.jpg 600w, https:\/\/mouldking.store\/wp-content\/uploads\/2022\/02\/Qman-3305-Blast-Ranger-4-in-1-with-644-pieces-2-150x150.jpg 150w\" sizes=\"(max-width: 800px) 100vw, 800px\" \/><figcaption id=\"caption-attachment-29903\" class=\"wp-caption-text\">Qman 3305 Blast Ranger 4 in 1<\/figcaption><\/figure>\n<figure id=\"attachment_29902\" aria-describedby=\"caption-attachment-29902\" style=\"width: 647px\" class=\"wp-caption aligncenter\"><img decoding=\"async\" class=\"wp-image-29902 size-full\" src=\"https:\/\/mouldking.store\/wp-content\/uploads\/2022\/02\/Qman-3305-Blast-Ranger-4-in-1-with-644-pieces-4.png\" alt=\"Qman 3305 Blast Ranger 4 in 1 \" width=\"647\" height=\"409\" title=\"-\" srcset=\"https:\/\/mouldking.store\/wp-content\/uploads\/2022\/02\/Qman-3305-Blast-Ranger-4-in-1-with-644-pieces-4.png 647w, https:\/\/mouldking.store\/wp-content\/uploads\/2022\/02\/Qman-3305-Blast-Ranger-4-in-1-with-644-pieces-4-300x190.png 300w, https:\/\/mouldking.store\/wp-content\/uploads\/2022\/02\/Qman-3305-Blast-Ranger-4-in-1-with-644-pieces-4-600x379.png 600w, https:\/\/mouldking.store\/wp-content\/uploads\/2022\/02\/Qman-3305-Blast-Ranger-4-in-1-with-644-pieces-4-150x95.png 150w\" sizes=\"(max-width: 647px) 100vw, 647px\" \/><figcaption id=\"caption-attachment-29902\" class=\"wp-caption-text\">Qman 3305 Blast Ranger 4 in 1<\/figcaption><\/figure>\n<figure id=\"attachment_29901\" aria-describedby=\"caption-attachment-29901\" style=\"width: 667px\" class=\"wp-caption aligncenter\"><img loading=\"lazy\" decoding=\"async\" class=\"wp-image-29901 size-full\" src=\"https:\/\/mouldking.store\/wp-content\/uploads\/2022\/02\/Qman-3305-Blast-Ranger-4-in-1-with-644-pieces-3.png\" alt=\"Qman 3305 Blast Ranger 4 in 1 \" width=\"667\" height=\"423\" title=\"-\" srcset=\"https:\/\/mouldking.store\/wp-content\/uploads\/2022\/02\/Qman-3305-Blast-Ranger-4-in-1-with-644-pieces-3.png 667w, https:\/\/mouldking.store\/wp-content\/uploads\/2022\/02\/Qman-3305-Blast-Ranger-4-in-1-with-644-pieces-3-300x190.png 300w, https:\/\/mouldking.store\/wp-content\/uploads\/2022\/02\/Qman-3305-Blast-Ranger-4-in-1-with-644-pieces-3-600x381.png 600w, https:\/\/mouldking.store\/wp-content\/uploads\/2022\/02\/Qman-3305-Blast-Ranger-4-in-1-with-644-pieces-3-150x95.png 150w\" sizes=\"(max-width: 667px) 100vw, 667px\" \/><figcaption id=\"caption-attachment-29901\" class=\"wp-caption-text\">Qman 3305 Blast Ranger 4 in 1<\/figcaption><\/figure>\n<figure id=\"attachment_29900\" aria-describedby=\"caption-attachment-29900\" style=\"width: 651px\" class=\"wp-caption aligncenter\"><img loading=\"lazy\" decoding=\"async\" class=\"wp-image-29900 size-full\" src=\"https:\/\/mouldking.store\/wp-content\/uploads\/2022\/02\/Qman-3305-Blast-Ranger-4-in-1-with-644-pieces-2.png\" alt=\"Qman 3305 Blast Ranger 4 in 1 \" width=\"651\" height=\"444\" title=\"-\" srcset=\"https:\/\/mouldking.store\/wp-content\/uploads\/2022\/02\/Qman-3305-Blast-Ranger-4-in-1-with-644-pieces-2.png 651w, https:\/\/mouldking.store\/wp-content\/uploads\/2022\/02\/Qman-3305-Blast-Ranger-4-in-1-with-644-pieces-2-300x205.png 300w, https:\/\/mouldking.store\/wp-content\/uploads\/2022\/02\/Qman-3305-Blast-Ranger-4-in-1-with-644-pieces-2-600x409.png 600w, https:\/\/mouldking.store\/wp-content\/uploads\/2022\/02\/Qman-3305-Blast-Ranger-4-in-1-with-644-pieces-2-150x102.png 150w\" sizes=\"(max-width: 651px) 100vw, 651px\" \/><figcaption id=\"caption-attachment-29900\" class=\"wp-caption-text\">Qman 3305 Blast Ranger 4 in 1<\/figcaption><\/figure>\n<figure id=\"attachment_29899\" aria-describedby=\"caption-attachment-29899\" style=\"width: 661px\" class=\"wp-caption aligncenter\"><img loading=\"lazy\" decoding=\"async\" class=\"wp-image-29899 size-full\" src=\"https:\/\/mouldking.store\/wp-content\/uploads\/2022\/02\/Qman-3305-Blast-Ranger-4-in-1-with-644-pieces-1.png\" alt=\"Qman 3305 Blast Ranger 4 in 1 \" width=\"661\" height=\"430\" title=\"-\" srcset=\"https:\/\/mouldking.store\/wp-content\/uploads\/2022\/02\/Qman-3305-Blast-Ranger-4-in-1-with-644-pieces-1.png 661w, https:\/\/mouldking.store\/wp-content\/uploads\/2022\/02\/Qman-3305-Blast-Ranger-4-in-1-with-644-pieces-1-300x195.png 300w, https:\/\/mouldking.store\/wp-content\/uploads\/2022\/02\/Qman-3305-Blast-Ranger-4-in-1-with-644-pieces-1-600x390.png 600w, https:\/\/mouldking.store\/wp-content\/uploads\/2022\/02\/Qman-3305-Blast-Ranger-4-in-1-with-644-pieces-1-150x98.png 150w\" sizes=\"(max-width: 661px) 100vw, 661px\" \/><figcaption id=\"caption-attachment-29899\" class=\"wp-caption-text\">Qman 3305 Blast Ranger 4 in 1<\/figcaption><\/figure>","protected":false},"excerpt":{"rendered":"<p>Product information: Brand: Qman Gender: Unisex Name: Blast Ranger 4 in 1 Age Range: &gt; 6 years old Model Number: 3305 Classification: Assemblage Plastic Block Shape: Self-Locking Bricks Material: Plastic Plastic Type: ABS Bricks Blocks: 644 PCS Contains detailed assembly instructions. Notice: 1. Without an original box, but we guarantee our products have quality assurance [&hellip;]<\/p>","protected":false},"featured_media":29898,"comment_status":"closed","ping_status":"closed","template":"","meta":{"_acf_changed":false},"product_cat":[371],"product_tag":[4741,2660,4742,4739,4125,4738,4740,4737,4736],"class_list":["product","first","instock","shipping-taxable","purchasable","product-type-simple"],"acf":[],"_links":{"self":[{"href":"https:\/\/mouldking.store\/vi\/wp-json\/wp\/v2\/product\/29897","targetHints":{"allow":["GET"]}}],"collection":[{"href":"https:\/\/mouldking.store\/vi\/wp-json\/wp\/v2\/product"}],"about":[{"href":"https:\/\/mouldking.store\/vi\/wp-json\/wp\/v2\/types\/product"}],"replies":[{"embeddable":true,"href":"https:\/\/mouldking.store\/vi\/wp-json\/wp\/v2\/comments?post=29897"}],"wp:featuredmedia":[{"embeddable":true,"href":"https:\/\/mouldking.store\/vi\/wp-json\/wp\/v2\/media\/29898"}],"wp:attachment":[{"href":"https:\/\/mouldking.store\/vi\/wp-json\/wp\/v2\/media?parent=29897"}],"wp:term":[{"taxonomy":"product_cat","embeddable":true,"href":"https:\/\/mouldking.store\/vi\/wp-json\/wp\/v2\/product_cat?post=29897"},{"taxonomy":"product_tag","embeddable":true,"href":"https:\/\/mouldking.store\/vi\/wp-json\/wp\/v2\/product_tag?post=29897"}],"curies":[{"name":"wp","href":"https:\/\/api.w.org\/{rel}","templated":true}]}}