{"id":29909,"date":"2022-02-23T17:11:01","date_gmt":"2022-02-23T10:11:01","guid":{"rendered":"https:\/\/mouldking.store\/?post_type=product&#038;p=29909"},"modified":"2022-02-23T17:11:01","modified_gmt":"2022-02-23T10:11:01","slug":"qman-21011-jeep-raid-with-264-pieces","status":"publish","type":"product","link":"https:\/\/mouldking.store\/vi\/shop\/qman-21011-jeep-raid-with-264-pieces\/","title":{"rendered":"Qman 21011 Jeep Raid v\u1edbi 264 m\u1ea3nh gh\u00e9p"},"content":{"rendered":"<p>Th\u00f4ng tin s\u1ea3n ph\u1ea9m:<\/p>\n<ol>\n<li>Th\u01b0\u01a1ng hi\u1ec7u: Qman<\/li>\n<li>Gi\u1edbi t\u00ednh: Unisex<\/li>\n<li>Name: Jeep Raid<\/li>\n<li>\u0110\u1ed9 tu\u1ed5i: &gt; 6 tu\u1ed5i<\/li>\n<li>S\u1ed1 m\u00f4 h\u00ecnh: 21011<\/li>\n<li>Ph\u00e2n lo\u1ea1i: T\u1eadp h\u1ee3p<\/li>\n<li>H\u00ecnh d\u1ea1ng kh\u1ed1i nh\u1ef1a: G\u1ea1ch t\u1ef1 kh\u00f3a<\/li>\n<li>Ch\u1ea5t li\u1ec7u: Nh\u1ef1a<\/li>\n<li>Lo\u1ea1i nh\u1ef1a: ABS<\/li>\n<li>Bricks Blocks: 264 PCS<\/li>\n<li>Ch\u1ee9a h\u01b0\u1edbng d\u1eabn l\u1eafp r\u00e1p chi ti\u1ebft.<\/li>\n<\/ol>\n<p>\u0110\u1ec3 \u00fd:<br \/>\n1. Kh\u00f4ng c\u00f3 h\u1ed9p ban \u0111\u1ea7u, nh\u01b0ng ch\u00fang t\u00f4i \u0111\u1ea3m b\u1ea3o s\u1ea3n ph\u1ea9m c\u1ee7a ch\u00fang t\u00f4i c\u00f3 ch\u1ea5t l\u01b0\u1ee3ng \u0111\u1ea3m b\u1ea3o v\u00e0 bao b\u00ec \u0111\u1eb9p.<br \/>\n2. V\u00ec t\u1ea5t c\u1ea3 c\u00e1c b\u1ed9 ph\u1eadn ch\u00fang t\u00f4i \u0111\u00e3 ki\u1ec3m tra tr\u01b0\u1edbc khi v\u1eadn chuy\u1ec3n, v\u00ec v\u1eady n\u1ebfu b\u1ea1n th\u1ea5y m\u1ed9t s\u1ed1 b\u1ed9 ph\u1eadn b\u1ecb thi\u1ebfu ho\u1eb7c h\u01b0 h\u1ecfng, \u0111\u1eebng lo l\u1eafng v\u00e0 ch\u1ec9 c\u1ea7n vui l\u00f2ng li\u00ean h\u1ec7 v\u1edbi ch\u00fang t\u00f4i v\u00e0 ch\u00fang t\u00f4i c\u00f3 th\u1ec3 g\u1eedi l\u1ea1i mi\u1ec5n ph\u00ed cho b\u1ea1n ngay l\u1eadp t\u1ee9c.<\/p>\n<figure id=\"attachment_29910\" aria-describedby=\"caption-attachment-29910\" style=\"width: 800px\" class=\"wp-caption aligncenter\"><img fetchpriority=\"high\" decoding=\"async\" class=\"wp-image-29910 size-full\" src=\"https:\/\/mouldking.store\/wp-content\/uploads\/2022\/02\/Qman-21011-Jeep-Raid-with-264-pieces-1.jpg\" alt=\"Qman 21011 Jeep Raid with 264 pieces\" width=\"800\" height=\"800\" title=\"-\" srcset=\"https:\/\/mouldking.store\/wp-content\/uploads\/2022\/02\/Qman-21011-Jeep-Raid-with-264-pieces-1.jpg 800w, https:\/\/mouldking.store\/wp-content\/uploads\/2022\/02\/Qman-21011-Jeep-Raid-with-264-pieces-1-300x300.jpg 300w, https:\/\/mouldking.store\/wp-content\/uploads\/2022\/02\/Qman-21011-Jeep-Raid-with-264-pieces-1-768x768.jpg 768w, https:\/\/mouldking.store\/wp-content\/uploads\/2022\/02\/Qman-21011-Jeep-Raid-with-264-pieces-1-600x600.jpg 600w, https:\/\/mouldking.store\/wp-content\/uploads\/2022\/02\/Qman-21011-Jeep-Raid-with-264-pieces-1-150x150.jpg 150w\" sizes=\"(max-width: 800px) 100vw, 800px\" \/><figcaption id=\"caption-attachment-29910\" class=\"wp-caption-text\">Qman 21011 Jeep Raid v\u1edbi 264 m\u1ea3nh gh\u00e9p<\/figcaption><\/figure>\n<figure id=\"attachment_29911\" aria-describedby=\"caption-attachment-29911\" style=\"width: 750px\" class=\"wp-caption aligncenter\"><img decoding=\"async\" class=\"wp-image-29911 size-full\" src=\"https:\/\/mouldking.store\/wp-content\/uploads\/2022\/02\/Qman-21011-Jeep-Raid-with-264-pieces-2.jpg\" alt=\"Qman 21011 Jeep Raid with 264 pieces\" width=\"750\" height=\"868\" title=\"-\" srcset=\"https:\/\/mouldking.store\/wp-content\/uploads\/2022\/02\/Qman-21011-Jeep-Raid-with-264-pieces-2.jpg 750w, https:\/\/mouldking.store\/wp-content\/uploads\/2022\/02\/Qman-21011-Jeep-Raid-with-264-pieces-2-259x300.jpg 259w, https:\/\/mouldking.store\/wp-content\/uploads\/2022\/02\/Qman-21011-Jeep-Raid-with-264-pieces-2-300x347.jpg 300w, https:\/\/mouldking.store\/wp-content\/uploads\/2022\/02\/Qman-21011-Jeep-Raid-with-264-pieces-2-600x694.jpg 600w, https:\/\/mouldking.store\/wp-content\/uploads\/2022\/02\/Qman-21011-Jeep-Raid-with-264-pieces-2-130x150.jpg 130w\" sizes=\"(max-width: 750px) 100vw, 750px\" \/><figcaption id=\"caption-attachment-29911\" class=\"wp-caption-text\">Qman 21011 Jeep Raid v\u1edbi 264 m\u1ea3nh gh\u00e9p<\/figcaption><\/figure>\n<figure id=\"attachment_29915\" aria-describedby=\"caption-attachment-29915\" style=\"width: 789px\" class=\"wp-caption aligncenter\"><img decoding=\"async\" class=\"wp-image-29915 size-full\" src=\"https:\/\/mouldking.store\/wp-content\/uploads\/2022\/02\/Qman-21011-Jeep-Raid-with-264-pieces-6.jpg\" alt=\"Qman 21011 Jeep Raid with 264 pieces\" width=\"789\" height=\"971\" title=\"-\" srcset=\"https:\/\/mouldking.store\/wp-content\/uploads\/2022\/02\/Qman-21011-Jeep-Raid-with-264-pieces-6.jpg 789w, https:\/\/mouldking.store\/wp-content\/uploads\/2022\/02\/Qman-21011-Jeep-Raid-with-264-pieces-6-244x300.jpg 244w, https:\/\/mouldking.store\/wp-content\/uploads\/2022\/02\/Qman-21011-Jeep-Raid-with-264-pieces-6-768x945.jpg 768w, https:\/\/mouldking.store\/wp-content\/uploads\/2022\/02\/Qman-21011-Jeep-Raid-with-264-pieces-6-300x369.jpg 300w, https:\/\/mouldking.store\/wp-content\/uploads\/2022\/02\/Qman-21011-Jeep-Raid-with-264-pieces-6-600x738.jpg 600w, https:\/\/mouldking.store\/wp-content\/uploads\/2022\/02\/Qman-21011-Jeep-Raid-with-264-pieces-6-122x150.jpg 122w\" sizes=\"(max-width: 789px) 100vw, 789px\" \/><figcaption id=\"caption-attachment-29915\" class=\"wp-caption-text\">Qman 21011 Jeep Raid v\u1edbi 264 m\u1ea3nh gh\u00e9p<\/figcaption><\/figure>\n<figure id=\"attachment_29913\" aria-describedby=\"caption-attachment-29913\" style=\"width: 800px\" class=\"wp-caption aligncenter\"><img loading=\"lazy\" decoding=\"async\" class=\"wp-image-29913 size-full\" src=\"https:\/\/mouldking.store\/wp-content\/uploads\/2022\/02\/Qman-21011-Jeep-Raid-with-264-pieces-4.jpg\" alt=\"Qman 21011 Jeep Raid with 264 pieces\" width=\"800\" height=\"800\" title=\"-\" srcset=\"https:\/\/mouldking.store\/wp-content\/uploads\/2022\/02\/Qman-21011-Jeep-Raid-with-264-pieces-4.jpg 800w, https:\/\/mouldking.store\/wp-content\/uploads\/2022\/02\/Qman-21011-Jeep-Raid-with-264-pieces-4-300x300.jpg 300w, https:\/\/mouldking.store\/wp-content\/uploads\/2022\/02\/Qman-21011-Jeep-Raid-with-264-pieces-4-768x768.jpg 768w, https:\/\/mouldking.store\/wp-content\/uploads\/2022\/02\/Qman-21011-Jeep-Raid-with-264-pieces-4-600x600.jpg 600w, https:\/\/mouldking.store\/wp-content\/uploads\/2022\/02\/Qman-21011-Jeep-Raid-with-264-pieces-4-150x150.jpg 150w\" sizes=\"(max-width: 800px) 100vw, 800px\" \/><figcaption id=\"caption-attachment-29913\" class=\"wp-caption-text\">Qman 21011 Jeep Raid v\u1edbi 264 m\u1ea3nh gh\u00e9p<\/figcaption><\/figure>\n<figure id=\"attachment_29914\" aria-describedby=\"caption-attachment-29914\" style=\"width: 789px\" class=\"wp-caption aligncenter\"><img loading=\"lazy\" decoding=\"async\" class=\"wp-image-29914 size-full\" src=\"https:\/\/mouldking.store\/wp-content\/uploads\/2022\/02\/Qman-21011-Jeep-Raid-with-264-pieces-5.jpg\" alt=\"Qman 21011 Jeep Raid with 264 pieces\" width=\"789\" height=\"1007\" title=\"-\" srcset=\"https:\/\/mouldking.store\/wp-content\/uploads\/2022\/02\/Qman-21011-Jeep-Raid-with-264-pieces-5.jpg 789w, https:\/\/mouldking.store\/wp-content\/uploads\/2022\/02\/Qman-21011-Jeep-Raid-with-264-pieces-5-235x300.jpg 235w, https:\/\/mouldking.store\/wp-content\/uploads\/2022\/02\/Qman-21011-Jeep-Raid-with-264-pieces-5-768x980.jpg 768w, https:\/\/mouldking.store\/wp-content\/uploads\/2022\/02\/Qman-21011-Jeep-Raid-with-264-pieces-5-300x383.jpg 300w, https:\/\/mouldking.store\/wp-content\/uploads\/2022\/02\/Qman-21011-Jeep-Raid-with-264-pieces-5-600x766.jpg 600w, https:\/\/mouldking.store\/wp-content\/uploads\/2022\/02\/Qman-21011-Jeep-Raid-with-264-pieces-5-118x150.jpg 118w\" sizes=\"(max-width: 789px) 100vw, 789px\" \/><figcaption id=\"caption-attachment-29914\" class=\"wp-caption-text\">Qman 21011 Jeep Raid v\u1edbi 264 m\u1ea3nh gh\u00e9p<\/figcaption><\/figure>\n<figure id=\"attachment_29912\" aria-describedby=\"caption-attachment-29912\" style=\"width: 770px\" class=\"wp-caption aligncenter\"><img loading=\"lazy\" decoding=\"async\" class=\"wp-image-29912 size-full\" src=\"https:\/\/mouldking.store\/wp-content\/uploads\/2022\/02\/Qman-21011-Jeep-Raid-with-264-pieces-3.jpg\" alt=\"Qman 21011 Jeep Raid with 264 pieces\" width=\"770\" height=\"476\" title=\"-\" srcset=\"https:\/\/mouldking.store\/wp-content\/uploads\/2022\/02\/Qman-21011-Jeep-Raid-with-264-pieces-3.jpg 770w, https:\/\/mouldking.store\/wp-content\/uploads\/2022\/02\/Qman-21011-Jeep-Raid-with-264-pieces-3-300x185.jpg 300w, https:\/\/mouldking.store\/wp-content\/uploads\/2022\/02\/Qman-21011-Jeep-Raid-with-264-pieces-3-768x475.jpg 768w, https:\/\/mouldking.store\/wp-content\/uploads\/2022\/02\/Qman-21011-Jeep-Raid-with-264-pieces-3-600x371.jpg 600w, https:\/\/mouldking.store\/wp-content\/uploads\/2022\/02\/Qman-21011-Jeep-Raid-with-264-pieces-3-150x93.jpg 150w\" sizes=\"(max-width: 770px) 100vw, 770px\" \/><figcaption id=\"caption-attachment-29912\" class=\"wp-caption-text\">Qman 21011 Jeep Raid v\u1edbi 264 m\u1ea3nh gh\u00e9p<\/figcaption><\/figure>","protected":false},"excerpt":{"rendered":"<p>Product information: Brand: Qman Gender: Unisex Name: Jeep Raid Age Range: &gt; 6 years old Model Number: 21011 Classification: Assemblage Plastic Block Shape: Self-Locking Bricks Material: Plastic Plastic Type: ABS Bricks Blocks: 264 PCS Contains detailed assembly instructions. Notice: 1. Without an original box, but we guarantee our products have quality assurance and nice packaging. [&hellip;]<\/p>","protected":false},"featured_media":29910,"comment_status":"closed","ping_status":"closed","template":"","meta":{"_acf_changed":false},"product_cat":[372],"product_tag":[4754,4755,4753,4125,4752,4751,4750,4756],"class_list":["product","first","instock","shipping-taxable","purchasable","product-type-simple"],"acf":[],"_links":{"self":[{"href":"https:\/\/mouldking.store\/vi\/wp-json\/wp\/v2\/product\/29909","targetHints":{"allow":["GET"]}}],"collection":[{"href":"https:\/\/mouldking.store\/vi\/wp-json\/wp\/v2\/product"}],"about":[{"href":"https:\/\/mouldking.store\/vi\/wp-json\/wp\/v2\/types\/product"}],"replies":[{"embeddable":true,"href":"https:\/\/mouldking.store\/vi\/wp-json\/wp\/v2\/comments?post=29909"}],"wp:featuredmedia":[{"embeddable":true,"href":"https:\/\/mouldking.store\/vi\/wp-json\/wp\/v2\/media\/29910"}],"wp:attachment":[{"href":"https:\/\/mouldking.store\/vi\/wp-json\/wp\/v2\/media?parent=29909"}],"wp:term":[{"taxonomy":"product_cat","embeddable":true,"href":"https:\/\/mouldking.store\/vi\/wp-json\/wp\/v2\/product_cat?post=29909"},{"taxonomy":"product_tag","embeddable":true,"href":"https:\/\/mouldking.store\/vi\/wp-json\/wp\/v2\/product_tag?post=29909"}],"curies":[{"name":"wp","href":"https:\/\/api.w.org\/{rel}","templated":true}]}}