{"id":29924,"date":"2022-02-23T17:18:52","date_gmt":"2022-02-23T10:18:52","guid":{"rendered":"https:\/\/mouldking.store\/?post_type=product&#038;p=29924"},"modified":"2022-02-23T17:18:52","modified_gmt":"2022-02-23T10:18:52","slug":"qman-21012-anti-ambush-armored-vehicle-with-388-pieces","status":"publish","type":"product","link":"https:\/\/mouldking.store\/vi\/shop\/qman-21012-anti-ambush-armored-vehicle-with-388-pieces\/","title":{"rendered":"Qman 21012 Anti-Ambush Armored Vehicle with 388 pieces"},"content":{"rendered":"<p>Th\u00f4ng tin s\u1ea3n ph\u1ea9m:<\/p>\n<ol>\n<li>Th\u01b0\u01a1ng hi\u1ec7u: Qman<\/li>\n<li>Gi\u1edbi t\u00ednh: Unisex<\/li>\n<li>Name: Anti-Ambush Armored Vehicle<\/li>\n<li>\u0110\u1ed9 tu\u1ed5i: &gt; 6 tu\u1ed5i<\/li>\n<li>S\u1ed1 m\u00f4 h\u00ecnh: 21012<\/li>\n<li>Ph\u00e2n lo\u1ea1i: T\u1eadp h\u1ee3p<\/li>\n<li>H\u00ecnh d\u1ea1ng kh\u1ed1i nh\u1ef1a: G\u1ea1ch t\u1ef1 kh\u00f3a<\/li>\n<li>Ch\u1ea5t li\u1ec7u: Nh\u1ef1a<\/li>\n<li>Lo\u1ea1i nh\u1ef1a: ABS<\/li>\n<li>Bricks Blocks: 388 PCS<\/li>\n<li>Ch\u1ee9a h\u01b0\u1edbng d\u1eabn l\u1eafp r\u00e1p chi ti\u1ebft.<\/li>\n<\/ol>\n<p>\u0110\u1ec3 \u00fd:<br \/>\n1. Kh\u00f4ng c\u00f3 h\u1ed9p ban \u0111\u1ea7u, nh\u01b0ng ch\u00fang t\u00f4i \u0111\u1ea3m b\u1ea3o s\u1ea3n ph\u1ea9m c\u1ee7a ch\u00fang t\u00f4i c\u00f3 ch\u1ea5t l\u01b0\u1ee3ng \u0111\u1ea3m b\u1ea3o v\u00e0 bao b\u00ec \u0111\u1eb9p.<br \/>\n2. V\u00ec t\u1ea5t c\u1ea3 c\u00e1c b\u1ed9 ph\u1eadn ch\u00fang t\u00f4i \u0111\u00e3 ki\u1ec3m tra tr\u01b0\u1edbc khi v\u1eadn chuy\u1ec3n, v\u00ec v\u1eady n\u1ebfu b\u1ea1n th\u1ea5y m\u1ed9t s\u1ed1 b\u1ed9 ph\u1eadn b\u1ecb thi\u1ebfu ho\u1eb7c h\u01b0 h\u1ecfng, \u0111\u1eebng lo l\u1eafng v\u00e0 ch\u1ec9 c\u1ea7n vui l\u00f2ng li\u00ean h\u1ec7 v\u1edbi ch\u00fang t\u00f4i v\u00e0 ch\u00fang t\u00f4i c\u00f3 th\u1ec3 g\u1eedi l\u1ea1i mi\u1ec5n ph\u00ed cho b\u1ea1n ngay l\u1eadp t\u1ee9c.<\/p>\n<figure id=\"attachment_29925\" aria-describedby=\"caption-attachment-29925\" style=\"width: 800px\" class=\"wp-caption aligncenter\"><img fetchpriority=\"high\" decoding=\"async\" class=\"wp-image-29925 size-full\" src=\"https:\/\/mouldking.store\/wp-content\/uploads\/2022\/02\/Qman-21012-Anti-Ambush-Armored-Vehicle-with-388-pieces-1.jpg\" alt=\"Qman 21012 Anti-Ambush Armored Vehicle with 388 pieces\" width=\"800\" height=\"800\" title=\"-\" srcset=\"https:\/\/mouldking.store\/wp-content\/uploads\/2022\/02\/Qman-21012-Anti-Ambush-Armored-Vehicle-with-388-pieces-1.jpg 800w, https:\/\/mouldking.store\/wp-content\/uploads\/2022\/02\/Qman-21012-Anti-Ambush-Armored-Vehicle-with-388-pieces-1-300x300.jpg 300w, https:\/\/mouldking.store\/wp-content\/uploads\/2022\/02\/Qman-21012-Anti-Ambush-Armored-Vehicle-with-388-pieces-1-768x768.jpg 768w, https:\/\/mouldking.store\/wp-content\/uploads\/2022\/02\/Qman-21012-Anti-Ambush-Armored-Vehicle-with-388-pieces-1-600x600.jpg 600w, https:\/\/mouldking.store\/wp-content\/uploads\/2022\/02\/Qman-21012-Anti-Ambush-Armored-Vehicle-with-388-pieces-1-150x150.jpg 150w\" sizes=\"(max-width: 800px) 100vw, 800px\" \/><figcaption id=\"caption-attachment-29925\" class=\"wp-caption-text\">Qman 21012 Anti-Ambush Armored Vehicle with 388 pieces<\/figcaption><\/figure>\n<figure id=\"attachment_29930\" aria-describedby=\"caption-attachment-29930\" style=\"width: 800px\" class=\"wp-caption aligncenter\"><img decoding=\"async\" class=\"wp-image-29930 size-full\" src=\"https:\/\/mouldking.store\/wp-content\/uploads\/2022\/02\/Qman-21012-Anti-Ambush-Armored-Vehicle-with-388-pieces-6.jpg\" alt=\"Qman 21012 Anti-Ambush Armored Vehicle with 388 pieces\" width=\"800\" height=\"800\" title=\"-\" srcset=\"https:\/\/mouldking.store\/wp-content\/uploads\/2022\/02\/Qman-21012-Anti-Ambush-Armored-Vehicle-with-388-pieces-6.jpg 800w, https:\/\/mouldking.store\/wp-content\/uploads\/2022\/02\/Qman-21012-Anti-Ambush-Armored-Vehicle-with-388-pieces-6-300x300.jpg 300w, https:\/\/mouldking.store\/wp-content\/uploads\/2022\/02\/Qman-21012-Anti-Ambush-Armored-Vehicle-with-388-pieces-6-768x768.jpg 768w, https:\/\/mouldking.store\/wp-content\/uploads\/2022\/02\/Qman-21012-Anti-Ambush-Armored-Vehicle-with-388-pieces-6-600x600.jpg 600w, https:\/\/mouldking.store\/wp-content\/uploads\/2022\/02\/Qman-21012-Anti-Ambush-Armored-Vehicle-with-388-pieces-6-150x150.jpg 150w\" sizes=\"(max-width: 800px) 100vw, 800px\" \/><figcaption id=\"caption-attachment-29930\" class=\"wp-caption-text\">Qman 21012 Anti-Ambush Armored Vehicle with 388 pieces<\/figcaption><\/figure>\n<figure id=\"attachment_29929\" aria-describedby=\"caption-attachment-29929\" style=\"width: 670px\" class=\"wp-caption aligncenter\"><img decoding=\"async\" class=\"wp-image-29929 size-full\" src=\"https:\/\/mouldking.store\/wp-content\/uploads\/2022\/02\/Qman-21012-Anti-Ambush-Armored-Vehicle-with-388-pieces-5.jpg\" alt=\"Qman 21012 Anti-Ambush Armored Vehicle with 388 pieces\" width=\"670\" height=\"1024\" title=\"-\" srcset=\"https:\/\/mouldking.store\/wp-content\/uploads\/2022\/02\/Qman-21012-Anti-Ambush-Armored-Vehicle-with-388-pieces-5.jpg 670w, https:\/\/mouldking.store\/wp-content\/uploads\/2022\/02\/Qman-21012-Anti-Ambush-Armored-Vehicle-with-388-pieces-5-196x300.jpg 196w, https:\/\/mouldking.store\/wp-content\/uploads\/2022\/02\/Qman-21012-Anti-Ambush-Armored-Vehicle-with-388-pieces-5-300x459.jpg 300w, https:\/\/mouldking.store\/wp-content\/uploads\/2022\/02\/Qman-21012-Anti-Ambush-Armored-Vehicle-with-388-pieces-5-600x917.jpg 600w, https:\/\/mouldking.store\/wp-content\/uploads\/2022\/02\/Qman-21012-Anti-Ambush-Armored-Vehicle-with-388-pieces-5-98x150.jpg 98w\" sizes=\"(max-width: 670px) 100vw, 670px\" \/><figcaption id=\"caption-attachment-29929\" class=\"wp-caption-text\">Qman 21012 Anti-Ambush Armored Vehicle with 388 pieces<\/figcaption><\/figure>\n<figure id=\"attachment_29928\" aria-describedby=\"caption-attachment-29928\" style=\"width: 649px\" class=\"wp-caption aligncenter\"><img loading=\"lazy\" decoding=\"async\" class=\"wp-image-29928 size-full\" src=\"https:\/\/mouldking.store\/wp-content\/uploads\/2022\/02\/Qman-21012-Anti-Ambush-Armored-Vehicle-with-388-pieces-4.jpg\" alt=\"Qman 21012 Anti-Ambush Armored Vehicle with 388 pieces\" width=\"649\" height=\"1024\" title=\"-\" srcset=\"https:\/\/mouldking.store\/wp-content\/uploads\/2022\/02\/Qman-21012-Anti-Ambush-Armored-Vehicle-with-388-pieces-4.jpg 649w, https:\/\/mouldking.store\/wp-content\/uploads\/2022\/02\/Qman-21012-Anti-Ambush-Armored-Vehicle-with-388-pieces-4-190x300.jpg 190w, https:\/\/mouldking.store\/wp-content\/uploads\/2022\/02\/Qman-21012-Anti-Ambush-Armored-Vehicle-with-388-pieces-4-300x473.jpg 300w, https:\/\/mouldking.store\/wp-content\/uploads\/2022\/02\/Qman-21012-Anti-Ambush-Armored-Vehicle-with-388-pieces-4-600x947.jpg 600w, https:\/\/mouldking.store\/wp-content\/uploads\/2022\/02\/Qman-21012-Anti-Ambush-Armored-Vehicle-with-388-pieces-4-95x150.jpg 95w\" sizes=\"(max-width: 649px) 100vw, 649px\" \/><figcaption id=\"caption-attachment-29928\" class=\"wp-caption-text\">Qman 21012 Anti-Ambush Armored Vehicle with 388 pieces<\/figcaption><\/figure>\n<figure id=\"attachment_29927\" aria-describedby=\"caption-attachment-29927\" style=\"width: 830px\" class=\"wp-caption aligncenter\"><img loading=\"lazy\" decoding=\"async\" class=\"wp-image-29927 size-full\" src=\"https:\/\/mouldking.store\/wp-content\/uploads\/2022\/02\/Qman-21012-Anti-Ambush-Armored-Vehicle-with-388-pieces-3.jpg\" alt=\"Qman 21012 Anti-Ambush Armored Vehicle with 388 pieces\" width=\"830\" height=\"892\" title=\"-\" srcset=\"https:\/\/mouldking.store\/wp-content\/uploads\/2022\/02\/Qman-21012-Anti-Ambush-Armored-Vehicle-with-388-pieces-3.jpg 830w, https:\/\/mouldking.store\/wp-content\/uploads\/2022\/02\/Qman-21012-Anti-Ambush-Armored-Vehicle-with-388-pieces-3-279x300.jpg 279w, https:\/\/mouldking.store\/wp-content\/uploads\/2022\/02\/Qman-21012-Anti-Ambush-Armored-Vehicle-with-388-pieces-3-768x825.jpg 768w, https:\/\/mouldking.store\/wp-content\/uploads\/2022\/02\/Qman-21012-Anti-Ambush-Armored-Vehicle-with-388-pieces-3-300x322.jpg 300w, https:\/\/mouldking.store\/wp-content\/uploads\/2022\/02\/Qman-21012-Anti-Ambush-Armored-Vehicle-with-388-pieces-3-600x645.jpg 600w, https:\/\/mouldking.store\/wp-content\/uploads\/2022\/02\/Qman-21012-Anti-Ambush-Armored-Vehicle-with-388-pieces-3-140x150.jpg 140w\" sizes=\"(max-width: 830px) 100vw, 830px\" \/><figcaption id=\"caption-attachment-29927\" class=\"wp-caption-text\">Qman 21012 Anti-Ambush Armored Vehicle with 388 pieces<\/figcaption><\/figure>\n<figure id=\"attachment_29926\" aria-describedby=\"caption-attachment-29926\" style=\"width: 770px\" class=\"wp-caption aligncenter\"><img loading=\"lazy\" decoding=\"async\" class=\"wp-image-29926 size-full\" src=\"https:\/\/mouldking.store\/wp-content\/uploads\/2022\/02\/Qman-21012-Anti-Ambush-Armored-Vehicle-with-388-pieces-2.jpg\" alt=\"Qman 21012 Anti-Ambush Armored Vehicle with 388 pieces\" width=\"770\" height=\"496\" title=\"-\" srcset=\"https:\/\/mouldking.store\/wp-content\/uploads\/2022\/02\/Qman-21012-Anti-Ambush-Armored-Vehicle-with-388-pieces-2.jpg 770w, https:\/\/mouldking.store\/wp-content\/uploads\/2022\/02\/Qman-21012-Anti-Ambush-Armored-Vehicle-with-388-pieces-2-300x193.jpg 300w, https:\/\/mouldking.store\/wp-content\/uploads\/2022\/02\/Qman-21012-Anti-Ambush-Armored-Vehicle-with-388-pieces-2-768x495.jpg 768w, https:\/\/mouldking.store\/wp-content\/uploads\/2022\/02\/Qman-21012-Anti-Ambush-Armored-Vehicle-with-388-pieces-2-600x386.jpg 600w, https:\/\/mouldking.store\/wp-content\/uploads\/2022\/02\/Qman-21012-Anti-Ambush-Armored-Vehicle-with-388-pieces-2-150x97.jpg 150w\" sizes=\"(max-width: 770px) 100vw, 770px\" \/><figcaption id=\"caption-attachment-29926\" class=\"wp-caption-text\">Qman 21012 Anti-Ambush Armored Vehicle with 388 pieces<\/figcaption><\/figure>","protected":false},"excerpt":{"rendered":"<p>Product information: Brand: Qman Gender: Unisex Name: Anti-Ambush Armored Vehicle Age Range: &gt; 6 years old Model Number: 21012 Classification: Assemblage Plastic Block Shape: Self-Locking Bricks Material: Plastic Plastic Type: ABS Bricks Blocks: 388 PCS Contains detailed assembly instructions. Notice: 1. Without an original box, but we guarantee our products have quality assurance and nice [&hellip;]<\/p>","protected":false},"author":105,"featured_media":29925,"comment_status":"closed","ping_status":"closed","template":"","meta":{"_acf_changed":false},"product_cat":[372],"product_tag":[4771,4772,4770,4773,4125,4769,4768,4767],"class_list":["product","first","instock","shipping-taxable","purchasable","product-type-simple"],"acf":[],"_links":{"self":[{"href":"https:\/\/mouldking.store\/vi\/wp-json\/wp\/v2\/product\/29924","targetHints":{"allow":["GET"]}}],"collection":[{"href":"https:\/\/mouldking.store\/vi\/wp-json\/wp\/v2\/product"}],"about":[{"href":"https:\/\/mouldking.store\/vi\/wp-json\/wp\/v2\/types\/product"}],"author":[{"embeddable":true,"href":"https:\/\/mouldking.store\/vi\/wp-json\/wp\/v2\/users\/105"}],"replies":[{"embeddable":true,"href":"https:\/\/mouldking.store\/vi\/wp-json\/wp\/v2\/comments?post=29924"}],"wp:featuredmedia":[{"embeddable":true,"href":"https:\/\/mouldking.store\/vi\/wp-json\/wp\/v2\/media\/29925"}],"wp:attachment":[{"href":"https:\/\/mouldking.store\/vi\/wp-json\/wp\/v2\/media?parent=29924"}],"wp:term":[{"taxonomy":"product_cat","embeddable":true,"href":"https:\/\/mouldking.store\/vi\/wp-json\/wp\/v2\/product_cat?post=29924"},{"taxonomy":"product_tag","embeddable":true,"href":"https:\/\/mouldking.store\/vi\/wp-json\/wp\/v2\/product_tag?post=29924"}],"curies":[{"name":"wp","href":"https:\/\/api.w.org\/{rel}","templated":true}]}}