{"id":29937,"date":"2022-02-23T17:25:33","date_gmt":"2022-02-23T10:25:33","guid":{"rendered":"https:\/\/mouldking.store\/?post_type=product&#038;p=29937"},"modified":"2022-02-23T17:25:33","modified_gmt":"2022-02-23T10:25:33","slug":"qman-21013-ground-air-bombing-battle-with-557-pieces","status":"publish","type":"product","link":"https:\/\/mouldking.store\/vi\/shop\/qman-21013-ground-air-bombing-battle-with-557-pieces\/","title":{"rendered":"Tr\u1eadn n\u00e9m bom tr\u00ean kh\u00f4ng Qman 21013 v\u1edbi 557 m\u1ea3nh gh\u00e9p"},"content":{"rendered":"<p>Th\u00f4ng tin s\u1ea3n ph\u1ea9m:<\/p>\n<ol>\n<li>Th\u01b0\u01a1ng hi\u1ec7u: Qman<\/li>\n<li>Gi\u1edbi t\u00ednh: Unisex<\/li>\n<li>Name: Ground-Air Bombing Battle<\/li>\n<li>\u0110\u1ed9 tu\u1ed5i: &gt; 6 tu\u1ed5i<\/li>\n<li>Model Number: 21013<\/li>\n<li>Ph\u00e2n lo\u1ea1i: T\u1eadp h\u1ee3p<\/li>\n<li>H\u00ecnh d\u1ea1ng kh\u1ed1i nh\u1ef1a: G\u1ea1ch t\u1ef1 kh\u00f3a<\/li>\n<li>Ch\u1ea5t li\u1ec7u: Nh\u1ef1a<\/li>\n<li>Lo\u1ea1i nh\u1ef1a: ABS<\/li>\n<li>Bricks Blocks: 557 PCS<\/li>\n<li>Ch\u1ee9a h\u01b0\u1edbng d\u1eabn l\u1eafp r\u00e1p chi ti\u1ebft.<\/li>\n<\/ol>\n<p>\u0110\u1ec3 \u00fd:<br \/>\n1. Kh\u00f4ng c\u00f3 h\u1ed9p ban \u0111\u1ea7u, nh\u01b0ng ch\u00fang t\u00f4i \u0111\u1ea3m b\u1ea3o s\u1ea3n ph\u1ea9m c\u1ee7a ch\u00fang t\u00f4i c\u00f3 ch\u1ea5t l\u01b0\u1ee3ng \u0111\u1ea3m b\u1ea3o v\u00e0 bao b\u00ec \u0111\u1eb9p.<br \/>\n2. V\u00ec t\u1ea5t c\u1ea3 c\u00e1c b\u1ed9 ph\u1eadn ch\u00fang t\u00f4i \u0111\u00e3 ki\u1ec3m tra tr\u01b0\u1edbc khi v\u1eadn chuy\u1ec3n, v\u00ec v\u1eady n\u1ebfu b\u1ea1n th\u1ea5y m\u1ed9t s\u1ed1 b\u1ed9 ph\u1eadn b\u1ecb thi\u1ebfu ho\u1eb7c h\u01b0 h\u1ecfng, \u0111\u1eebng lo l\u1eafng v\u00e0 ch\u1ec9 c\u1ea7n vui l\u00f2ng li\u00ean h\u1ec7 v\u1edbi ch\u00fang t\u00f4i v\u00e0 ch\u00fang t\u00f4i c\u00f3 th\u1ec3 g\u1eedi l\u1ea1i mi\u1ec5n ph\u00ed cho b\u1ea1n ngay l\u1eadp t\u1ee9c.<\/p>\n<figure id=\"attachment_29938\" aria-describedby=\"caption-attachment-29938\" style=\"width: 800px\" class=\"wp-caption aligncenter\"><img fetchpriority=\"high\" decoding=\"async\" class=\"wp-image-29938 size-full\" src=\"https:\/\/mouldking.store\/wp-content\/uploads\/2022\/02\/Qman-21013-Ground-Air-Bombing-Battle-with-557-pieces-1.jpg\" alt=\"Qman 21013 Ground-Air Bombing Battle with 557 pieces\" width=\"800\" height=\"800\" title=\"-\" srcset=\"https:\/\/mouldking.store\/wp-content\/uploads\/2022\/02\/Qman-21013-Ground-Air-Bombing-Battle-with-557-pieces-1.jpg 800w, https:\/\/mouldking.store\/wp-content\/uploads\/2022\/02\/Qman-21013-Ground-Air-Bombing-Battle-with-557-pieces-1-300x300.jpg 300w, https:\/\/mouldking.store\/wp-content\/uploads\/2022\/02\/Qman-21013-Ground-Air-Bombing-Battle-with-557-pieces-1-768x768.jpg 768w, https:\/\/mouldking.store\/wp-content\/uploads\/2022\/02\/Qman-21013-Ground-Air-Bombing-Battle-with-557-pieces-1-600x600.jpg 600w, https:\/\/mouldking.store\/wp-content\/uploads\/2022\/02\/Qman-21013-Ground-Air-Bombing-Battle-with-557-pieces-1-150x150.jpg 150w\" sizes=\"(max-width: 800px) 100vw, 800px\" \/><figcaption id=\"caption-attachment-29938\" class=\"wp-caption-text\">Tr\u1eadn n\u00e9m bom tr\u00ean kh\u00f4ng Qman 21013 v\u1edbi 557 m\u1ea3nh gh\u00e9p<\/figcaption><\/figure>\n<figure id=\"attachment_29942\" aria-describedby=\"caption-attachment-29942\" style=\"width: 800px\" class=\"wp-caption aligncenter\"><img decoding=\"async\" class=\"wp-image-29942 size-full\" src=\"https:\/\/mouldking.store\/wp-content\/uploads\/2022\/02\/Qman-21013-Ground-Air-Bombing-Battle-with-557-pieces-5.jpg\" alt=\"Qman 21013 Ground-Air Bombing Battle with 557 pieces\" width=\"800\" height=\"800\" title=\"-\" srcset=\"https:\/\/mouldking.store\/wp-content\/uploads\/2022\/02\/Qman-21013-Ground-Air-Bombing-Battle-with-557-pieces-5.jpg 800w, https:\/\/mouldking.store\/wp-content\/uploads\/2022\/02\/Qman-21013-Ground-Air-Bombing-Battle-with-557-pieces-5-300x300.jpg 300w, https:\/\/mouldking.store\/wp-content\/uploads\/2022\/02\/Qman-21013-Ground-Air-Bombing-Battle-with-557-pieces-5-768x768.jpg 768w, https:\/\/mouldking.store\/wp-content\/uploads\/2022\/02\/Qman-21013-Ground-Air-Bombing-Battle-with-557-pieces-5-600x600.jpg 600w, https:\/\/mouldking.store\/wp-content\/uploads\/2022\/02\/Qman-21013-Ground-Air-Bombing-Battle-with-557-pieces-5-150x150.jpg 150w\" sizes=\"(max-width: 800px) 100vw, 800px\" \/><figcaption id=\"caption-attachment-29942\" class=\"wp-caption-text\">Tr\u1eadn n\u00e9m bom tr\u00ean kh\u00f4ng Qman 21013 v\u1edbi 557 m\u1ea3nh gh\u00e9p<\/figcaption><\/figure>\n<figure id=\"attachment_29941\" aria-describedby=\"caption-attachment-29941\" style=\"width: 790px\" class=\"wp-caption aligncenter\"><img decoding=\"async\" class=\"wp-image-29941 size-full\" src=\"https:\/\/mouldking.store\/wp-content\/uploads\/2022\/02\/Qman-21013-Ground-Air-Bombing-Battle-with-557-pieces-4.jpg\" alt=\"Qman 21013 Ground-Air Bombing Battle with 557 pieces\" width=\"790\" height=\"821\" title=\"-\" srcset=\"https:\/\/mouldking.store\/wp-content\/uploads\/2022\/02\/Qman-21013-Ground-Air-Bombing-Battle-with-557-pieces-4.jpg 790w, https:\/\/mouldking.store\/wp-content\/uploads\/2022\/02\/Qman-21013-Ground-Air-Bombing-Battle-with-557-pieces-4-289x300.jpg 289w, https:\/\/mouldking.store\/wp-content\/uploads\/2022\/02\/Qman-21013-Ground-Air-Bombing-Battle-with-557-pieces-4-768x798.jpg 768w, https:\/\/mouldking.store\/wp-content\/uploads\/2022\/02\/Qman-21013-Ground-Air-Bombing-Battle-with-557-pieces-4-300x312.jpg 300w, https:\/\/mouldking.store\/wp-content\/uploads\/2022\/02\/Qman-21013-Ground-Air-Bombing-Battle-with-557-pieces-4-600x624.jpg 600w, https:\/\/mouldking.store\/wp-content\/uploads\/2022\/02\/Qman-21013-Ground-Air-Bombing-Battle-with-557-pieces-4-144x150.jpg 144w\" sizes=\"(max-width: 790px) 100vw, 790px\" \/><figcaption id=\"caption-attachment-29941\" class=\"wp-caption-text\">Tr\u1eadn n\u00e9m bom tr\u00ean kh\u00f4ng Qman 21013 v\u1edbi 557 m\u1ea3nh gh\u00e9p<\/figcaption><\/figure>\n<figure id=\"attachment_29939\" aria-describedby=\"caption-attachment-29939\" style=\"width: 790px\" class=\"wp-caption aligncenter\"><img loading=\"lazy\" decoding=\"async\" class=\"wp-image-29939 size-full\" src=\"https:\/\/mouldking.store\/wp-content\/uploads\/2022\/02\/Qman-21013-Ground-Air-Bombing-Battle-with-557-pieces-2.jpg\" alt=\"Qman 21013 Ground-Air Bombing Battle with 557 pieces\" width=\"790\" height=\"971\" title=\"-\" srcset=\"https:\/\/mouldking.store\/wp-content\/uploads\/2022\/02\/Qman-21013-Ground-Air-Bombing-Battle-with-557-pieces-2.jpg 790w, https:\/\/mouldking.store\/wp-content\/uploads\/2022\/02\/Qman-21013-Ground-Air-Bombing-Battle-with-557-pieces-2-244x300.jpg 244w, https:\/\/mouldking.store\/wp-content\/uploads\/2022\/02\/Qman-21013-Ground-Air-Bombing-Battle-with-557-pieces-2-768x944.jpg 768w, https:\/\/mouldking.store\/wp-content\/uploads\/2022\/02\/Qman-21013-Ground-Air-Bombing-Battle-with-557-pieces-2-300x369.jpg 300w, https:\/\/mouldking.store\/wp-content\/uploads\/2022\/02\/Qman-21013-Ground-Air-Bombing-Battle-with-557-pieces-2-600x737.jpg 600w, https:\/\/mouldking.store\/wp-content\/uploads\/2022\/02\/Qman-21013-Ground-Air-Bombing-Battle-with-557-pieces-2-122x150.jpg 122w\" sizes=\"(max-width: 790px) 100vw, 790px\" \/><figcaption id=\"caption-attachment-29939\" class=\"wp-caption-text\">Tr\u1eadn n\u00e9m bom tr\u00ean kh\u00f4ng Qman 21013 v\u1edbi 557 m\u1ea3nh gh\u00e9p<\/figcaption><\/figure>\n<figure id=\"attachment_29940\" aria-describedby=\"caption-attachment-29940\" style=\"width: 579px\" class=\"wp-caption aligncenter\"><img loading=\"lazy\" decoding=\"async\" class=\"wp-image-29940 size-full\" src=\"https:\/\/mouldking.store\/wp-content\/uploads\/2022\/02\/Qman-21013-Ground-Air-Bombing-Battle-with-557-pieces-3.jpg\" alt=\"Qman 21013 Ground-Air Bombing Battle with 557 pieces\" width=\"579\" height=\"1024\" title=\"-\" srcset=\"https:\/\/mouldking.store\/wp-content\/uploads\/2022\/02\/Qman-21013-Ground-Air-Bombing-Battle-with-557-pieces-3.jpg 579w, https:\/\/mouldking.store\/wp-content\/uploads\/2022\/02\/Qman-21013-Ground-Air-Bombing-Battle-with-557-pieces-3-170x300.jpg 170w, https:\/\/mouldking.store\/wp-content\/uploads\/2022\/02\/Qman-21013-Ground-Air-Bombing-Battle-with-557-pieces-3-300x531.jpg 300w, https:\/\/mouldking.store\/wp-content\/uploads\/2022\/02\/Qman-21013-Ground-Air-Bombing-Battle-with-557-pieces-3-85x150.jpg 85w\" sizes=\"(max-width: 579px) 100vw, 579px\" \/><figcaption id=\"caption-attachment-29940\" class=\"wp-caption-text\">Tr\u1eadn n\u00e9m bom tr\u00ean kh\u00f4ng Qman 21013 v\u1edbi 557 m\u1ea3nh gh\u00e9p<\/figcaption><\/figure>\n<figure id=\"attachment_29943\" aria-describedby=\"caption-attachment-29943\" style=\"width: 800px\" class=\"wp-caption aligncenter\"><img loading=\"lazy\" decoding=\"async\" class=\"wp-image-29943 size-full\" src=\"https:\/\/mouldking.store\/wp-content\/uploads\/2022\/02\/Qman-21013-Ground-Air-Bombing-Battle-with-557-pieces-6.jpg\" alt=\"Qman 21013 Ground-Air Bombing Battle with 557 pieces\" width=\"800\" height=\"800\" title=\"-\" srcset=\"https:\/\/mouldking.store\/wp-content\/uploads\/2022\/02\/Qman-21013-Ground-Air-Bombing-Battle-with-557-pieces-6.jpg 800w, https:\/\/mouldking.store\/wp-content\/uploads\/2022\/02\/Qman-21013-Ground-Air-Bombing-Battle-with-557-pieces-6-300x300.jpg 300w, https:\/\/mouldking.store\/wp-content\/uploads\/2022\/02\/Qman-21013-Ground-Air-Bombing-Battle-with-557-pieces-6-768x768.jpg 768w, https:\/\/mouldking.store\/wp-content\/uploads\/2022\/02\/Qman-21013-Ground-Air-Bombing-Battle-with-557-pieces-6-600x600.jpg 600w, https:\/\/mouldking.store\/wp-content\/uploads\/2022\/02\/Qman-21013-Ground-Air-Bombing-Battle-with-557-pieces-6-150x150.jpg 150w\" sizes=\"(max-width: 800px) 100vw, 800px\" \/><figcaption id=\"caption-attachment-29943\" class=\"wp-caption-text\">Tr\u1eadn n\u00e9m bom tr\u00ean kh\u00f4ng Qman 21013 v\u1edbi 557 m\u1ea3nh gh\u00e9p<\/figcaption><\/figure>","protected":false},"excerpt":{"rendered":"<p>Product information: Brand: Qman Gender: Unisex Name: Ground-Air Bombing Battle Age Range: &gt; 6 years old Model Number: 21013 Classification: Assemblage Plastic Block Shape: Self-Locking Bricks Material: Plastic Plastic Type: ABS Bricks Blocks: 557 PCS Contains detailed assembly instructions. Notice: 1. Without an original box, but we guarantee our products have quality assurance and nice [&hellip;]<\/p>","protected":false},"author":105,"featured_media":29938,"comment_status":"closed","ping_status":"closed","template":"","meta":{"_acf_changed":false},"product_cat":[372],"product_tag":[4785,4787,4786,4784,4125,4783,4782,4781],"class_list":["product","first","instock","shipping-taxable","purchasable","product-type-simple"],"acf":[],"_links":{"self":[{"href":"https:\/\/mouldking.store\/vi\/wp-json\/wp\/v2\/product\/29937","targetHints":{"allow":["GET"]}}],"collection":[{"href":"https:\/\/mouldking.store\/vi\/wp-json\/wp\/v2\/product"}],"about":[{"href":"https:\/\/mouldking.store\/vi\/wp-json\/wp\/v2\/types\/product"}],"author":[{"embeddable":true,"href":"https:\/\/mouldking.store\/vi\/wp-json\/wp\/v2\/users\/105"}],"replies":[{"embeddable":true,"href":"https:\/\/mouldking.store\/vi\/wp-json\/wp\/v2\/comments?post=29937"}],"wp:featuredmedia":[{"embeddable":true,"href":"https:\/\/mouldking.store\/vi\/wp-json\/wp\/v2\/media\/29938"}],"wp:attachment":[{"href":"https:\/\/mouldking.store\/vi\/wp-json\/wp\/v2\/media?parent=29937"}],"wp:term":[{"taxonomy":"product_cat","embeddable":true,"href":"https:\/\/mouldking.store\/vi\/wp-json\/wp\/v2\/product_cat?post=29937"},{"taxonomy":"product_tag","embeddable":true,"href":"https:\/\/mouldking.store\/vi\/wp-json\/wp\/v2\/product_tag?post=29937"}],"curies":[{"name":"wp","href":"https:\/\/api.w.org\/{rel}","templated":true}]}}