{"id":29953,"date":"2022-02-23T17:56:47","date_gmt":"2022-02-23T10:56:47","guid":{"rendered":"https:\/\/mouldking.store\/?post_type=product&#038;p=29953"},"modified":"2022-02-23T17:56:47","modified_gmt":"2022-02-23T10:56:47","slug":"qman-1803-armored-car-8-in-1-with-361-pieces","status":"publish","type":"product","link":"https:\/\/mouldking.store\/vi\/shop\/qman-1803-armored-car-8-in-1-with-361-pieces\/","title":{"rendered":"Xe b\u1ecdc th\u00e9p Qman 1803 8 trong 1 g\u1ed3m 361 m\u1ea3nh gh\u00e9p"},"content":{"rendered":"<p>Th\u00f4ng tin s\u1ea3n ph\u1ea9m:<\/p>\n<ol>\n<li>Th\u01b0\u01a1ng hi\u1ec7u: Qman<\/li>\n<li>Gi\u1edbi t\u00ednh: Unisex<\/li>\n<li>Name: Armored Car 8 in 1<\/li>\n<li>\u0110\u1ed9 tu\u1ed5i: &gt; 6 tu\u1ed5i<\/li>\n<li>S\u1ed1 m\u00f4 h\u00ecnh: 1803<\/li>\n<li>Ph\u00e2n lo\u1ea1i: T\u1eadp h\u1ee3p<\/li>\n<li>H\u00ecnh d\u1ea1ng kh\u1ed1i nh\u1ef1a: G\u1ea1ch t\u1ef1 kh\u00f3a<\/li>\n<li>Ch\u1ea5t li\u1ec7u: Nh\u1ef1a<\/li>\n<li>Lo\u1ea1i nh\u1ef1a: ABS<\/li>\n<li>Bricks Blocks: 361 PCS<\/li>\n<li>Ch\u1ee9a h\u01b0\u1edbng d\u1eabn l\u1eafp r\u00e1p chi ti\u1ebft.<\/li>\n<\/ol>\n<p>\u0110\u1ec3 \u00fd:<br \/>\n1. Kh\u00f4ng c\u00f3 h\u1ed9p ban \u0111\u1ea7u, nh\u01b0ng ch\u00fang t\u00f4i \u0111\u1ea3m b\u1ea3o s\u1ea3n ph\u1ea9m c\u1ee7a ch\u00fang t\u00f4i c\u00f3 ch\u1ea5t l\u01b0\u1ee3ng \u0111\u1ea3m b\u1ea3o v\u00e0 bao b\u00ec \u0111\u1eb9p.<br \/>\n2. V\u00ec t\u1ea5t c\u1ea3 c\u00e1c b\u1ed9 ph\u1eadn ch\u00fang t\u00f4i \u0111\u00e3 ki\u1ec3m tra tr\u01b0\u1edbc khi v\u1eadn chuy\u1ec3n, v\u00ec v\u1eady n\u1ebfu b\u1ea1n th\u1ea5y m\u1ed9t s\u1ed1 b\u1ed9 ph\u1eadn b\u1ecb thi\u1ebfu ho\u1eb7c h\u01b0 h\u1ecfng, \u0111\u1eebng lo l\u1eafng v\u00e0 ch\u1ec9 c\u1ea7n vui l\u00f2ng li\u00ean h\u1ec7 v\u1edbi ch\u00fang t\u00f4i v\u00e0 ch\u00fang t\u00f4i c\u00f3 th\u1ec3 g\u1eedi l\u1ea1i mi\u1ec5n ph\u00ed cho b\u1ea1n ngay l\u1eadp t\u1ee9c.<\/p>\n<figure id=\"attachment_29954\" aria-describedby=\"caption-attachment-29954\" style=\"width: 800px\" class=\"wp-caption aligncenter\"><img fetchpriority=\"high\" decoding=\"async\" class=\"wp-image-29954 size-full\" src=\"https:\/\/mouldking.store\/wp-content\/uploads\/2022\/02\/Qman-1803-Armored-car-8-in-1-with-361-pieces-1.jpg\" alt=\"Qman 1803 Armored Car 8 in 1 with 361 pieces\" width=\"800\" height=\"800\" title=\"-\" srcset=\"https:\/\/mouldking.store\/wp-content\/uploads\/2022\/02\/Qman-1803-Armored-car-8-in-1-with-361-pieces-1.jpg 800w, https:\/\/mouldking.store\/wp-content\/uploads\/2022\/02\/Qman-1803-Armored-car-8-in-1-with-361-pieces-1-300x300.jpg 300w, https:\/\/mouldking.store\/wp-content\/uploads\/2022\/02\/Qman-1803-Armored-car-8-in-1-with-361-pieces-1-768x768.jpg 768w, https:\/\/mouldking.store\/wp-content\/uploads\/2022\/02\/Qman-1803-Armored-car-8-in-1-with-361-pieces-1-600x600.jpg 600w, https:\/\/mouldking.store\/wp-content\/uploads\/2022\/02\/Qman-1803-Armored-car-8-in-1-with-361-pieces-1-150x150.jpg 150w\" sizes=\"(max-width: 800px) 100vw, 800px\" \/><figcaption id=\"caption-attachment-29954\" class=\"wp-caption-text\">Xe b\u1ecdc th\u00e9p Qman 1803 8 trong 1 g\u1ed3m 361 m\u1ea3nh gh\u00e9p<\/figcaption><\/figure>\n<figure id=\"attachment_29964\" aria-describedby=\"caption-attachment-29964\" style=\"width: 800px\" class=\"wp-caption aligncenter\"><img decoding=\"async\" class=\"wp-image-29964 size-full\" src=\"https:\/\/mouldking.store\/wp-content\/uploads\/2022\/02\/Qman-1803-Armored-car-8-in-1-with-361-pieces-3.jpg\" alt=\"Qman 1803 Armored Car 8 in 1 with 361 pieces\" width=\"800\" height=\"800\" title=\"-\" srcset=\"https:\/\/mouldking.store\/wp-content\/uploads\/2022\/02\/Qman-1803-Armored-car-8-in-1-with-361-pieces-3.jpg 800w, https:\/\/mouldking.store\/wp-content\/uploads\/2022\/02\/Qman-1803-Armored-car-8-in-1-with-361-pieces-3-300x300.jpg 300w, https:\/\/mouldking.store\/wp-content\/uploads\/2022\/02\/Qman-1803-Armored-car-8-in-1-with-361-pieces-3-768x768.jpg 768w, https:\/\/mouldking.store\/wp-content\/uploads\/2022\/02\/Qman-1803-Armored-car-8-in-1-with-361-pieces-3-600x600.jpg 600w, https:\/\/mouldking.store\/wp-content\/uploads\/2022\/02\/Qman-1803-Armored-car-8-in-1-with-361-pieces-3-150x150.jpg 150w\" sizes=\"(max-width: 800px) 100vw, 800px\" \/><figcaption id=\"caption-attachment-29964\" class=\"wp-caption-text\">Xe b\u1ecdc th\u00e9p Qman 1803 8 trong 1 g\u1ed3m 361 m\u1ea3nh gh\u00e9p<\/figcaption><\/figure>\n<figure id=\"attachment_29963\" aria-describedby=\"caption-attachment-29963\" style=\"width: 750px\" class=\"wp-caption aligncenter\"><img decoding=\"async\" class=\"wp-image-29963 size-full\" src=\"https:\/\/mouldking.store\/wp-content\/uploads\/2022\/02\/Qman-1803-Armored-car-8-in-1-with-361-pieces-2.jpg\" alt=\"Qman 1803 Armored Car 8 in 1 with 361 pieces\" width=\"750\" height=\"807\" title=\"-\" srcset=\"https:\/\/mouldking.store\/wp-content\/uploads\/2022\/02\/Qman-1803-Armored-car-8-in-1-with-361-pieces-2.jpg 750w, https:\/\/mouldking.store\/wp-content\/uploads\/2022\/02\/Qman-1803-Armored-car-8-in-1-with-361-pieces-2-279x300.jpg 279w, https:\/\/mouldking.store\/wp-content\/uploads\/2022\/02\/Qman-1803-Armored-car-8-in-1-with-361-pieces-2-300x323.jpg 300w, https:\/\/mouldking.store\/wp-content\/uploads\/2022\/02\/Qman-1803-Armored-car-8-in-1-with-361-pieces-2-600x646.jpg 600w, https:\/\/mouldking.store\/wp-content\/uploads\/2022\/02\/Qman-1803-Armored-car-8-in-1-with-361-pieces-2-139x150.jpg 139w\" sizes=\"(max-width: 750px) 100vw, 750px\" \/><figcaption id=\"caption-attachment-29963\" class=\"wp-caption-text\">Xe b\u1ecdc th\u00e9p Qman 1803 8 trong 1 g\u1ed3m 361 m\u1ea3nh gh\u00e9p<\/figcaption><\/figure>\n<figure id=\"attachment_29962\" aria-describedby=\"caption-attachment-29962\" style=\"width: 723px\" class=\"wp-caption aligncenter\"><img loading=\"lazy\" decoding=\"async\" class=\"wp-image-29962 size-full\" src=\"https:\/\/mouldking.store\/wp-content\/uploads\/2022\/02\/Qman-1803-Armored-car-8-in-1-with-361-pieces-8.png\" alt=\"Qman 1803 Armored Car 8 in 1 with 361 pieces\" width=\"723\" height=\"414\" title=\"-\" srcset=\"https:\/\/mouldking.store\/wp-content\/uploads\/2022\/02\/Qman-1803-Armored-car-8-in-1-with-361-pieces-8.png 723w, https:\/\/mouldking.store\/wp-content\/uploads\/2022\/02\/Qman-1803-Armored-car-8-in-1-with-361-pieces-8-300x172.png 300w, https:\/\/mouldking.store\/wp-content\/uploads\/2022\/02\/Qman-1803-Armored-car-8-in-1-with-361-pieces-8-600x344.png 600w, https:\/\/mouldking.store\/wp-content\/uploads\/2022\/02\/Qman-1803-Armored-car-8-in-1-with-361-pieces-8-150x86.png 150w\" sizes=\"(max-width: 723px) 100vw, 723px\" \/><figcaption id=\"caption-attachment-29962\" class=\"wp-caption-text\">Xe b\u1ecdc th\u00e9p Qman 1803 8 trong 1 g\u1ed3m 361 m\u1ea3nh gh\u00e9p<\/figcaption><\/figure>\n<figure id=\"attachment_29961\" aria-describedby=\"caption-attachment-29961\" style=\"width: 746px\" class=\"wp-caption aligncenter\"><img loading=\"lazy\" decoding=\"async\" class=\"wp-image-29961 size-full\" src=\"https:\/\/mouldking.store\/wp-content\/uploads\/2022\/02\/Qman-1803-Armored-car-8-in-1-with-361-pieces-7.png\" alt=\"Qman 1803 Armored Car 8 in 1 with 361 pieces\" width=\"746\" height=\"432\" title=\"-\" srcset=\"https:\/\/mouldking.store\/wp-content\/uploads\/2022\/02\/Qman-1803-Armored-car-8-in-1-with-361-pieces-7.png 746w, https:\/\/mouldking.store\/wp-content\/uploads\/2022\/02\/Qman-1803-Armored-car-8-in-1-with-361-pieces-7-300x174.png 300w, https:\/\/mouldking.store\/wp-content\/uploads\/2022\/02\/Qman-1803-Armored-car-8-in-1-with-361-pieces-7-600x347.png 600w, https:\/\/mouldking.store\/wp-content\/uploads\/2022\/02\/Qman-1803-Armored-car-8-in-1-with-361-pieces-7-150x87.png 150w\" sizes=\"(max-width: 746px) 100vw, 746px\" \/><figcaption id=\"caption-attachment-29961\" class=\"wp-caption-text\">Xe b\u1ecdc th\u00e9p Qman 1803 8 trong 1 g\u1ed3m 361 m\u1ea3nh gh\u00e9p<\/figcaption><\/figure>\n<figure id=\"attachment_29960\" aria-describedby=\"caption-attachment-29960\" style=\"width: 720px\" class=\"wp-caption aligncenter\"><img loading=\"lazy\" decoding=\"async\" class=\"wp-image-29960 size-full\" src=\"https:\/\/mouldking.store\/wp-content\/uploads\/2022\/02\/Qman-1803-Armored-car-8-in-1-with-361-pieces-6.png\" alt=\"Qman 1803 Armored Car 8 in 1 with 361 pieces\" width=\"720\" height=\"445\" title=\"-\" srcset=\"https:\/\/mouldking.store\/wp-content\/uploads\/2022\/02\/Qman-1803-Armored-car-8-in-1-with-361-pieces-6.png 720w, https:\/\/mouldking.store\/wp-content\/uploads\/2022\/02\/Qman-1803-Armored-car-8-in-1-with-361-pieces-6-300x185.png 300w, https:\/\/mouldking.store\/wp-content\/uploads\/2022\/02\/Qman-1803-Armored-car-8-in-1-with-361-pieces-6-600x371.png 600w, https:\/\/mouldking.store\/wp-content\/uploads\/2022\/02\/Qman-1803-Armored-car-8-in-1-with-361-pieces-6-150x93.png 150w\" sizes=\"(max-width: 720px) 100vw, 720px\" \/><figcaption id=\"caption-attachment-29960\" class=\"wp-caption-text\">Xe b\u1ecdc th\u00e9p Qman 1803 8 trong 1 g\u1ed3m 361 m\u1ea3nh gh\u00e9p<\/figcaption><\/figure>\n<figure id=\"attachment_29955\" aria-describedby=\"caption-attachment-29955\" style=\"width: 714px\" class=\"wp-caption aligncenter\"><img loading=\"lazy\" decoding=\"async\" class=\"wp-image-29955 size-full\" src=\"https:\/\/mouldking.store\/wp-content\/uploads\/2022\/02\/Qman-1803-Armored-car-8-in-1-with-361-pieces-1.png\" alt=\"Qman 1803 Armored Car 8 in 1 with 361 pieces\" width=\"714\" height=\"433\" title=\"-\" srcset=\"https:\/\/mouldking.store\/wp-content\/uploads\/2022\/02\/Qman-1803-Armored-car-8-in-1-with-361-pieces-1.png 714w, https:\/\/mouldking.store\/wp-content\/uploads\/2022\/02\/Qman-1803-Armored-car-8-in-1-with-361-pieces-1-300x182.png 300w, https:\/\/mouldking.store\/wp-content\/uploads\/2022\/02\/Qman-1803-Armored-car-8-in-1-with-361-pieces-1-600x364.png 600w, https:\/\/mouldking.store\/wp-content\/uploads\/2022\/02\/Qman-1803-Armored-car-8-in-1-with-361-pieces-1-150x91.png 150w\" sizes=\"(max-width: 714px) 100vw, 714px\" \/><figcaption id=\"caption-attachment-29955\" class=\"wp-caption-text\">Xe b\u1ecdc th\u00e9p Qman 1803 8 trong 1 g\u1ed3m 361 m\u1ea3nh gh\u00e9p<\/figcaption><\/figure>\n<figure id=\"attachment_29956\" aria-describedby=\"caption-attachment-29956\" style=\"width: 734px\" class=\"wp-caption aligncenter\"><img loading=\"lazy\" decoding=\"async\" class=\"wp-image-29956 size-full\" src=\"https:\/\/mouldking.store\/wp-content\/uploads\/2022\/02\/Qman-1803-Armored-car-8-in-1-with-361-pieces-2.png\" alt=\"Qman 1803 Armored Car 8 in 1 with 361 pieces\" width=\"734\" height=\"427\" title=\"-\" srcset=\"https:\/\/mouldking.store\/wp-content\/uploads\/2022\/02\/Qman-1803-Armored-car-8-in-1-with-361-pieces-2.png 734w, https:\/\/mouldking.store\/wp-content\/uploads\/2022\/02\/Qman-1803-Armored-car-8-in-1-with-361-pieces-2-300x175.png 300w, https:\/\/mouldking.store\/wp-content\/uploads\/2022\/02\/Qman-1803-Armored-car-8-in-1-with-361-pieces-2-600x349.png 600w, https:\/\/mouldking.store\/wp-content\/uploads\/2022\/02\/Qman-1803-Armored-car-8-in-1-with-361-pieces-2-150x87.png 150w\" sizes=\"(max-width: 734px) 100vw, 734px\" \/><figcaption id=\"caption-attachment-29956\" class=\"wp-caption-text\">Xe b\u1ecdc th\u00e9p Qman 1803 8 trong 1 g\u1ed3m 361 m\u1ea3nh gh\u00e9p<\/figcaption><\/figure>\n<figure id=\"attachment_29957\" aria-describedby=\"caption-attachment-29957\" style=\"width: 721px\" class=\"wp-caption aligncenter\"><img loading=\"lazy\" decoding=\"async\" class=\"wp-image-29957 size-full\" src=\"https:\/\/mouldking.store\/wp-content\/uploads\/2022\/02\/Qman-1803-Armored-car-8-in-1-with-361-pieces-3.png\" alt=\"Qman 1803 Armored Car 8 in 1 with 361 pieces\" width=\"721\" height=\"428\" title=\"-\" srcset=\"https:\/\/mouldking.store\/wp-content\/uploads\/2022\/02\/Qman-1803-Armored-car-8-in-1-with-361-pieces-3.png 721w, https:\/\/mouldking.store\/wp-content\/uploads\/2022\/02\/Qman-1803-Armored-car-8-in-1-with-361-pieces-3-300x178.png 300w, https:\/\/mouldking.store\/wp-content\/uploads\/2022\/02\/Qman-1803-Armored-car-8-in-1-with-361-pieces-3-600x356.png 600w, https:\/\/mouldking.store\/wp-content\/uploads\/2022\/02\/Qman-1803-Armored-car-8-in-1-with-361-pieces-3-150x89.png 150w\" sizes=\"(max-width: 721px) 100vw, 721px\" \/><figcaption id=\"caption-attachment-29957\" class=\"wp-caption-text\">Xe b\u1ecdc th\u00e9p Qman 1803 8 trong 1 g\u1ed3m 361 m\u1ea3nh gh\u00e9p<\/figcaption><\/figure>\n<figure id=\"attachment_29958\" aria-describedby=\"caption-attachment-29958\" style=\"width: 736px\" class=\"wp-caption aligncenter\"><img loading=\"lazy\" decoding=\"async\" class=\"wp-image-29958 size-full\" src=\"https:\/\/mouldking.store\/wp-content\/uploads\/2022\/02\/Qman-1803-Armored-car-8-in-1-with-361-pieces-4.png\" alt=\"Qman 1803 Armored Car 8 in 1 with 361 pieces\" width=\"736\" height=\"474\" title=\"-\" srcset=\"https:\/\/mouldking.store\/wp-content\/uploads\/2022\/02\/Qman-1803-Armored-car-8-in-1-with-361-pieces-4.png 736w, https:\/\/mouldking.store\/wp-content\/uploads\/2022\/02\/Qman-1803-Armored-car-8-in-1-with-361-pieces-4-300x193.png 300w, https:\/\/mouldking.store\/wp-content\/uploads\/2022\/02\/Qman-1803-Armored-car-8-in-1-with-361-pieces-4-600x386.png 600w, https:\/\/mouldking.store\/wp-content\/uploads\/2022\/02\/Qman-1803-Armored-car-8-in-1-with-361-pieces-4-150x97.png 150w\" sizes=\"(max-width: 736px) 100vw, 736px\" \/><figcaption id=\"caption-attachment-29958\" class=\"wp-caption-text\">Xe b\u1ecdc th\u00e9p Qman 1803 8 trong 1 g\u1ed3m 361 m\u1ea3nh gh\u00e9p<\/figcaption><\/figure>\n<figure id=\"attachment_29959\" aria-describedby=\"caption-attachment-29959\" style=\"width: 776px\" class=\"wp-caption aligncenter\"><img loading=\"lazy\" decoding=\"async\" class=\"wp-image-29959 size-full\" src=\"https:\/\/mouldking.store\/wp-content\/uploads\/2022\/02\/Qman-1803-Armored-car-8-in-1-with-361-pieces-5.png\" alt=\"Qman 1803 Armored Car 8 in 1 with 361 pieces\" width=\"776\" height=\"460\" title=\"-\" srcset=\"https:\/\/mouldking.store\/wp-content\/uploads\/2022\/02\/Qman-1803-Armored-car-8-in-1-with-361-pieces-5.png 776w, https:\/\/mouldking.store\/wp-content\/uploads\/2022\/02\/Qman-1803-Armored-car-8-in-1-with-361-pieces-5-300x178.png 300w, https:\/\/mouldking.store\/wp-content\/uploads\/2022\/02\/Qman-1803-Armored-car-8-in-1-with-361-pieces-5-768x455.png 768w, https:\/\/mouldking.store\/wp-content\/uploads\/2022\/02\/Qman-1803-Armored-car-8-in-1-with-361-pieces-5-600x356.png 600w, https:\/\/mouldking.store\/wp-content\/uploads\/2022\/02\/Qman-1803-Armored-car-8-in-1-with-361-pieces-5-150x89.png 150w\" sizes=\"(max-width: 776px) 100vw, 776px\" \/><figcaption id=\"caption-attachment-29959\" class=\"wp-caption-text\">Xe b\u1ecdc th\u00e9p Qman 1803 8 trong 1 g\u1ed3m 361 m\u1ea3nh gh\u00e9p<\/figcaption><\/figure>","protected":false},"excerpt":{"rendered":"<p>Product information: Brand: Qman Gender: Unisex Name: Armored Car 8 in 1 Age Range: &gt; 6 years old Model Number: 1803 Classification: Assemblage Plastic Block Shape: Self-Locking Bricks Material: Plastic Plastic Type: ABS Bricks Blocks: 361 PCS Contains detailed assembly instructions. Notice: 1. Without an original box, but we guarantee our products have quality assurance [&hellip;]<\/p>","protected":false},"featured_media":29954,"comment_status":"closed","ping_status":"closed","template":"","meta":{"_acf_changed":false},"product_cat":[372],"product_tag":[4799,4779,4800,4797,4125,4796,4798,4795,4794],"class_list":["product","first","instock","shipping-taxable","purchasable","product-type-simple"],"acf":[],"_links":{"self":[{"href":"https:\/\/mouldking.store\/vi\/wp-json\/wp\/v2\/product\/29953","targetHints":{"allow":["GET"]}}],"collection":[{"href":"https:\/\/mouldking.store\/vi\/wp-json\/wp\/v2\/product"}],"about":[{"href":"https:\/\/mouldking.store\/vi\/wp-json\/wp\/v2\/types\/product"}],"replies":[{"embeddable":true,"href":"https:\/\/mouldking.store\/vi\/wp-json\/wp\/v2\/comments?post=29953"}],"wp:featuredmedia":[{"embeddable":true,"href":"https:\/\/mouldking.store\/vi\/wp-json\/wp\/v2\/media\/29954"}],"wp:attachment":[{"href":"https:\/\/mouldking.store\/vi\/wp-json\/wp\/v2\/media?parent=29953"}],"wp:term":[{"taxonomy":"product_cat","embeddable":true,"href":"https:\/\/mouldking.store\/vi\/wp-json\/wp\/v2\/product_cat?post=29953"},{"taxonomy":"product_tag","embeddable":true,"href":"https:\/\/mouldking.store\/vi\/wp-json\/wp\/v2\/product_tag?post=29953"}],"curies":[{"name":"wp","href":"https:\/\/api.w.org\/{rel}","templated":true}]}}