{"id":29973,"date":"2022-02-23T18:04:27","date_gmt":"2022-02-23T11:04:27","guid":{"rendered":"https:\/\/mouldking.store\/?post_type=product&#038;p=29973"},"modified":"2022-02-23T18:04:27","modified_gmt":"2022-02-23T11:04:27","slug":"qman-1417-engineering-mecha-6-in-1-with-479-pieces","status":"publish","type":"product","link":"https:\/\/mouldking.store\/vi\/shop\/qman-1417-engineering-mecha-6-in-1-with-479-pieces\/","title":{"rendered":"Qman 1417 Engineering Mecha 6 trong 1 g\u1ed3m 479 chi ti\u1ebft"},"content":{"rendered":"<p>Th\u00f4ng tin s\u1ea3n ph\u1ea9m:<\/p>\n<ol>\n<li>Th\u01b0\u01a1ng hi\u1ec7u: Qman<\/li>\n<li>Gi\u1edbi t\u00ednh: Unisex<\/li>\n<li>Name: Engineering Mecha 6 in 1<\/li>\n<li>\u0110\u1ed9 tu\u1ed5i: &gt; 6 tu\u1ed5i<\/li>\n<li>Model Number: 1417<\/li>\n<li>Ph\u00e2n lo\u1ea1i: T\u1eadp h\u1ee3p<\/li>\n<li>H\u00ecnh d\u1ea1ng kh\u1ed1i nh\u1ef1a: G\u1ea1ch t\u1ef1 kh\u00f3a<\/li>\n<li>Ch\u1ea5t li\u1ec7u: Nh\u1ef1a<\/li>\n<li>Lo\u1ea1i nh\u1ef1a: ABS<\/li>\n<li>Bricks Blocks: 479 PCS<\/li>\n<li>Ch\u1ee9a h\u01b0\u1edbng d\u1eabn l\u1eafp r\u00e1p chi ti\u1ebft.<\/li>\n<\/ol>\n<p>\u0110\u1ec3 \u00fd:<br \/>\n1. Kh\u00f4ng c\u00f3 h\u1ed9p ban \u0111\u1ea7u, nh\u01b0ng ch\u00fang t\u00f4i \u0111\u1ea3m b\u1ea3o s\u1ea3n ph\u1ea9m c\u1ee7a ch\u00fang t\u00f4i c\u00f3 ch\u1ea5t l\u01b0\u1ee3ng \u0111\u1ea3m b\u1ea3o v\u00e0 bao b\u00ec \u0111\u1eb9p.<br \/>\n2. V\u00ec t\u1ea5t c\u1ea3 c\u00e1c b\u1ed9 ph\u1eadn ch\u00fang t\u00f4i \u0111\u00e3 ki\u1ec3m tra tr\u01b0\u1edbc khi v\u1eadn chuy\u1ec3n, v\u00ec v\u1eady n\u1ebfu b\u1ea1n th\u1ea5y m\u1ed9t s\u1ed1 b\u1ed9 ph\u1eadn b\u1ecb thi\u1ebfu ho\u1eb7c h\u01b0 h\u1ecfng, \u0111\u1eebng lo l\u1eafng v\u00e0 ch\u1ec9 c\u1ea7n vui l\u00f2ng li\u00ean h\u1ec7 v\u1edbi ch\u00fang t\u00f4i v\u00e0 ch\u00fang t\u00f4i c\u00f3 th\u1ec3 g\u1eedi l\u1ea1i mi\u1ec5n ph\u00ed cho b\u1ea1n ngay l\u1eadp t\u1ee9c.<\/p>\n<figure id=\"attachment_29974\" aria-describedby=\"caption-attachment-29974\" style=\"width: 800px\" class=\"wp-caption aligncenter\"><img fetchpriority=\"high\" decoding=\"async\" class=\"wp-image-29974 size-full\" src=\"https:\/\/mouldking.store\/wp-content\/uploads\/2022\/02\/Qman-1417-Engineering-Mecha-6-in-1-with-479-pieces-1.jpg\" alt=\"Qman 1417 Engineering Mecha 6 in 1 with 479 pieces\" width=\"800\" height=\"800\" title=\"-\" srcset=\"https:\/\/mouldking.store\/wp-content\/uploads\/2022\/02\/Qman-1417-Engineering-Mecha-6-in-1-with-479-pieces-1.jpg 800w, https:\/\/mouldking.store\/wp-content\/uploads\/2022\/02\/Qman-1417-Engineering-Mecha-6-in-1-with-479-pieces-1-300x300.jpg 300w, https:\/\/mouldking.store\/wp-content\/uploads\/2022\/02\/Qman-1417-Engineering-Mecha-6-in-1-with-479-pieces-1-768x768.jpg 768w, https:\/\/mouldking.store\/wp-content\/uploads\/2022\/02\/Qman-1417-Engineering-Mecha-6-in-1-with-479-pieces-1-600x600.jpg 600w, https:\/\/mouldking.store\/wp-content\/uploads\/2022\/02\/Qman-1417-Engineering-Mecha-6-in-1-with-479-pieces-1-150x150.jpg 150w\" sizes=\"(max-width: 800px) 100vw, 800px\" \/><figcaption id=\"caption-attachment-29974\" class=\"wp-caption-text\">Qman 1417 Engineering Mecha 6 trong 1 g\u1ed3m 479 chi ti\u1ebft<\/figcaption><\/figure>\n<figure id=\"attachment_29979\" aria-describedby=\"caption-attachment-29979\" style=\"width: 790px\" class=\"wp-caption aligncenter\"><img decoding=\"async\" class=\"wp-image-29979 size-full\" src=\"https:\/\/mouldking.store\/wp-content\/uploads\/2022\/02\/Qman-1417-Engineering-Mecha-6-in-1-with-479-pieces-6.jpg\" alt=\"Qman 1417 Engineering Mecha 6 in 1 with 479 pieces\" width=\"790\" height=\"1004\" title=\"-\" srcset=\"https:\/\/mouldking.store\/wp-content\/uploads\/2022\/02\/Qman-1417-Engineering-Mecha-6-in-1-with-479-pieces-6.jpg 790w, https:\/\/mouldking.store\/wp-content\/uploads\/2022\/02\/Qman-1417-Engineering-Mecha-6-in-1-with-479-pieces-6-236x300.jpg 236w, https:\/\/mouldking.store\/wp-content\/uploads\/2022\/02\/Qman-1417-Engineering-Mecha-6-in-1-with-479-pieces-6-768x976.jpg 768w, https:\/\/mouldking.store\/wp-content\/uploads\/2022\/02\/Qman-1417-Engineering-Mecha-6-in-1-with-479-pieces-6-300x381.jpg 300w, https:\/\/mouldking.store\/wp-content\/uploads\/2022\/02\/Qman-1417-Engineering-Mecha-6-in-1-with-479-pieces-6-600x763.jpg 600w, https:\/\/mouldking.store\/wp-content\/uploads\/2022\/02\/Qman-1417-Engineering-Mecha-6-in-1-with-479-pieces-6-118x150.jpg 118w\" sizes=\"(max-width: 790px) 100vw, 790px\" \/><figcaption id=\"caption-attachment-29979\" class=\"wp-caption-text\">Qman 1417 Engineering Mecha 6 trong 1 g\u1ed3m 479 chi ti\u1ebft<\/figcaption><\/figure>\n<figure id=\"attachment_29976\" aria-describedby=\"caption-attachment-29976\" style=\"width: 790px\" class=\"wp-caption aligncenter\"><img decoding=\"async\" class=\"wp-image-29976 size-full\" src=\"https:\/\/mouldking.store\/wp-content\/uploads\/2022\/02\/Qman-1417-Engineering-Mecha-6-in-1-with-479-pieces-3.jpg\" alt=\"Qman 1417 Engineering Mecha 6 in 1 with 479 pieces\" width=\"790\" height=\"826\" title=\"-\" srcset=\"https:\/\/mouldking.store\/wp-content\/uploads\/2022\/02\/Qman-1417-Engineering-Mecha-6-in-1-with-479-pieces-3.jpg 790w, https:\/\/mouldking.store\/wp-content\/uploads\/2022\/02\/Qman-1417-Engineering-Mecha-6-in-1-with-479-pieces-3-287x300.jpg 287w, https:\/\/mouldking.store\/wp-content\/uploads\/2022\/02\/Qman-1417-Engineering-Mecha-6-in-1-with-479-pieces-3-768x803.jpg 768w, https:\/\/mouldking.store\/wp-content\/uploads\/2022\/02\/Qman-1417-Engineering-Mecha-6-in-1-with-479-pieces-3-300x314.jpg 300w, https:\/\/mouldking.store\/wp-content\/uploads\/2022\/02\/Qman-1417-Engineering-Mecha-6-in-1-with-479-pieces-3-600x627.jpg 600w, https:\/\/mouldking.store\/wp-content\/uploads\/2022\/02\/Qman-1417-Engineering-Mecha-6-in-1-with-479-pieces-3-143x150.jpg 143w\" sizes=\"(max-width: 790px) 100vw, 790px\" \/><figcaption id=\"caption-attachment-29976\" class=\"wp-caption-text\">Qman 1417 Engineering Mecha 6 trong 1 g\u1ed3m 479 chi ti\u1ebft<\/figcaption><\/figure>\n<figure id=\"attachment_29978\" aria-describedby=\"caption-attachment-29978\" style=\"width: 800px\" class=\"wp-caption aligncenter\"><img loading=\"lazy\" decoding=\"async\" class=\"wp-image-29978 size-full\" src=\"https:\/\/mouldking.store\/wp-content\/uploads\/2022\/02\/Qman-1417-Engineering-Mecha-6-in-1-with-479-pieces-5.jpg\" alt=\"Qman 1417 Engineering Mecha 6 in 1 with 479 pieces\" width=\"800\" height=\"800\" title=\"-\" srcset=\"https:\/\/mouldking.store\/wp-content\/uploads\/2022\/02\/Qman-1417-Engineering-Mecha-6-in-1-with-479-pieces-5.jpg 800w, https:\/\/mouldking.store\/wp-content\/uploads\/2022\/02\/Qman-1417-Engineering-Mecha-6-in-1-with-479-pieces-5-300x300.jpg 300w, https:\/\/mouldking.store\/wp-content\/uploads\/2022\/02\/Qman-1417-Engineering-Mecha-6-in-1-with-479-pieces-5-768x768.jpg 768w, https:\/\/mouldking.store\/wp-content\/uploads\/2022\/02\/Qman-1417-Engineering-Mecha-6-in-1-with-479-pieces-5-600x600.jpg 600w, https:\/\/mouldking.store\/wp-content\/uploads\/2022\/02\/Qman-1417-Engineering-Mecha-6-in-1-with-479-pieces-5-150x150.jpg 150w\" sizes=\"(max-width: 800px) 100vw, 800px\" \/><figcaption id=\"caption-attachment-29978\" class=\"wp-caption-text\">Qman 1417 Engineering Mecha 6 trong 1 g\u1ed3m 479 chi ti\u1ebft<\/figcaption><\/figure>\n<figure id=\"attachment_29975\" aria-describedby=\"caption-attachment-29975\" style=\"width: 515px\" class=\"wp-caption aligncenter\"><img loading=\"lazy\" decoding=\"async\" class=\"wp-image-29975 size-full\" src=\"https:\/\/mouldking.store\/wp-content\/uploads\/2022\/02\/Qman-1417-Engineering-Mecha-6-in-1-with-479-pieces-2.jpg\" alt=\"Qman 1417 Engineering Mecha 6 in 1 with 479 pieces\" width=\"515\" height=\"1024\" title=\"-\" srcset=\"https:\/\/mouldking.store\/wp-content\/uploads\/2022\/02\/Qman-1417-Engineering-Mecha-6-in-1-with-479-pieces-2.jpg 515w, https:\/\/mouldking.store\/wp-content\/uploads\/2022\/02\/Qman-1417-Engineering-Mecha-6-in-1-with-479-pieces-2-151x300.jpg 151w, https:\/\/mouldking.store\/wp-content\/uploads\/2022\/02\/Qman-1417-Engineering-Mecha-6-in-1-with-479-pieces-2-300x597.jpg 300w, https:\/\/mouldking.store\/wp-content\/uploads\/2022\/02\/Qman-1417-Engineering-Mecha-6-in-1-with-479-pieces-2-75x150.jpg 75w\" sizes=\"(max-width: 515px) 100vw, 515px\" \/><figcaption id=\"caption-attachment-29975\" class=\"wp-caption-text\">Qman 1417 Engineering Mecha 6 trong 1 g\u1ed3m 479 chi ti\u1ebft<\/figcaption><\/figure>","protected":false},"excerpt":{"rendered":"<p>Product information: Brand: Qman Gender: Unisex Name: Engineering Mecha 6 in 1 Age Range: &gt; 6 years old Model Number: 1417 Classification: Assemblage Plastic Block Shape: Self-Locking Bricks Material: Plastic Plastic Type: ABS Bricks Blocks: 479 PCS Contains detailed assembly instructions. Notice: 1. Without an original box, but we guarantee our products have quality assurance [&hellip;]<\/p>","protected":false},"featured_media":29974,"comment_status":"closed","ping_status":"closed","template":"","meta":{"_acf_changed":false},"product_cat":[364],"product_tag":[4814,4762,4815,4812,4125,4811,4813,4810,4809],"class_list":["product","first","instock","shipping-taxable","purchasable","product-type-simple"],"acf":[],"_links":{"self":[{"href":"https:\/\/mouldking.store\/vi\/wp-json\/wp\/v2\/product\/29973","targetHints":{"allow":["GET"]}}],"collection":[{"href":"https:\/\/mouldking.store\/vi\/wp-json\/wp\/v2\/product"}],"about":[{"href":"https:\/\/mouldking.store\/vi\/wp-json\/wp\/v2\/types\/product"}],"replies":[{"embeddable":true,"href":"https:\/\/mouldking.store\/vi\/wp-json\/wp\/v2\/comments?post=29973"}],"wp:featuredmedia":[{"embeddable":true,"href":"https:\/\/mouldking.store\/vi\/wp-json\/wp\/v2\/media\/29974"}],"wp:attachment":[{"href":"https:\/\/mouldking.store\/vi\/wp-json\/wp\/v2\/media?parent=29973"}],"wp:term":[{"taxonomy":"product_cat","embeddable":true,"href":"https:\/\/mouldking.store\/vi\/wp-json\/wp\/v2\/product_cat?post=29973"},{"taxonomy":"product_tag","embeddable":true,"href":"https:\/\/mouldking.store\/vi\/wp-json\/wp\/v2\/product_tag?post=29973"}],"curies":[{"name":"wp","href":"https:\/\/api.w.org\/{rel}","templated":true}]}}