{"id":29981,"date":"2022-02-23T18:12:24","date_gmt":"2022-02-23T11:12:24","guid":{"rendered":"https:\/\/mouldking.store\/?post_type=product&#038;p=29981"},"modified":"2022-02-23T18:12:24","modified_gmt":"2022-02-23T11:12:24","slug":"qman-23012-df-41-ballistic-missile-with-1868-pieces","status":"publish","type":"product","link":"https:\/\/mouldking.store\/vi\/shop\/qman-23012-df-41-ballistic-missile-with-1868-pieces\/","title":{"rendered":"T\u00ean l\u1eeda \u0111\u1ea1n \u0111\u1ea1o Qman 23012 DF-41 v\u1edbi 1868 m\u1ea3nh gh\u00e9p"},"content":{"rendered":"<p>Th\u00f4ng tin s\u1ea3n ph\u1ea9m:<\/p>\n<ol>\n<li>Th\u01b0\u01a1ng hi\u1ec7u: Qman<\/li>\n<li>Gi\u1edbi t\u00ednh: Unisex<\/li>\n<li>T\u00ean: T\u00ean l\u1eeda \u0111\u1ea1n \u0111\u1ea1o DF-41<\/li>\n<li>\u0110\u1ed9 tu\u1ed5i: &gt; 6 tu\u1ed5i<\/li>\n<li>S\u1ed1 m\u00f4 h\u00ecnh: 23012<\/li>\n<li>Ph\u00e2n lo\u1ea1i: T\u1eadp h\u1ee3p<\/li>\n<li>H\u00ecnh d\u1ea1ng kh\u1ed1i nh\u1ef1a: G\u1ea1ch t\u1ef1 kh\u00f3a<\/li>\n<li>Ch\u1ea5t li\u1ec7u: Nh\u1ef1a<\/li>\n<li>Lo\u1ea1i nh\u1ef1a: ABS<\/li>\n<li>Kh\u1ed1i g\u1ea1ch: 1868 C\u00c1I<\/li>\n<li>Ch\u1ee9a h\u01b0\u1edbng d\u1eabn l\u1eafp r\u00e1p chi ti\u1ebft.<\/li>\n<\/ol>\n<p>\u0110\u1ec3 \u00fd:<br \/>\n1. Kh\u00f4ng c\u00f3 h\u1ed9p ban \u0111\u1ea7u, nh\u01b0ng ch\u00fang t\u00f4i \u0111\u1ea3m b\u1ea3o s\u1ea3n ph\u1ea9m c\u1ee7a ch\u00fang t\u00f4i c\u00f3 ch\u1ea5t l\u01b0\u1ee3ng \u0111\u1ea3m b\u1ea3o v\u00e0 bao b\u00ec \u0111\u1eb9p.<br \/>\n2. V\u00ec t\u1ea5t c\u1ea3 c\u00e1c b\u1ed9 ph\u1eadn ch\u00fang t\u00f4i \u0111\u00e3 ki\u1ec3m tra tr\u01b0\u1edbc khi v\u1eadn chuy\u1ec3n, v\u00ec v\u1eady n\u1ebfu b\u1ea1n th\u1ea5y m\u1ed9t s\u1ed1 b\u1ed9 ph\u1eadn b\u1ecb thi\u1ebfu ho\u1eb7c h\u01b0 h\u1ecfng, \u0111\u1eebng lo l\u1eafng v\u00e0 ch\u1ec9 c\u1ea7n vui l\u00f2ng li\u00ean h\u1ec7 v\u1edbi ch\u00fang t\u00f4i v\u00e0 ch\u00fang t\u00f4i c\u00f3 th\u1ec3 g\u1eedi l\u1ea1i mi\u1ec5n ph\u00ed cho b\u1ea1n ngay l\u1eadp t\u1ee9c.<\/p>\n<figure id=\"attachment_29982\" aria-describedby=\"caption-attachment-29982\" style=\"width: 800px\" class=\"wp-caption aligncenter\"><img fetchpriority=\"high\" decoding=\"async\" class=\"wp-image-29982 size-full\" src=\"https:\/\/mouldking.store\/wp-content\/uploads\/2022\/02\/Qman-23012-DF-41-Ballistic-Missile-with-1868-pieces-1.jpg\" alt=\"Qman 23012 DF-41 Ballistic Missile with 1868 pieces\" width=\"800\" height=\"800\" title=\"-\" srcset=\"https:\/\/mouldking.store\/wp-content\/uploads\/2022\/02\/Qman-23012-DF-41-Ballistic-Missile-with-1868-pieces-1.jpg 800w, https:\/\/mouldking.store\/wp-content\/uploads\/2022\/02\/Qman-23012-DF-41-Ballistic-Missile-with-1868-pieces-1-300x300.jpg 300w, https:\/\/mouldking.store\/wp-content\/uploads\/2022\/02\/Qman-23012-DF-41-Ballistic-Missile-with-1868-pieces-1-768x768.jpg 768w, https:\/\/mouldking.store\/wp-content\/uploads\/2022\/02\/Qman-23012-DF-41-Ballistic-Missile-with-1868-pieces-1-600x600.jpg 600w, https:\/\/mouldking.store\/wp-content\/uploads\/2022\/02\/Qman-23012-DF-41-Ballistic-Missile-with-1868-pieces-1-150x150.jpg 150w\" sizes=\"(max-width: 800px) 100vw, 800px\" \/><figcaption id=\"caption-attachment-29982\" class=\"wp-caption-text\">T\u00ean l\u1eeda \u0111\u1ea1n \u0111\u1ea1o Qman 23012 DF-41 v\u1edbi 1868 m\u1ea3nh gh\u00e9p<\/figcaption><\/figure>\n<figure id=\"attachment_29991\" aria-describedby=\"caption-attachment-29991\" style=\"width: 800px\" class=\"wp-caption aligncenter\"><img decoding=\"async\" class=\"wp-image-29991 size-full\" src=\"https:\/\/mouldking.store\/wp-content\/uploads\/2022\/02\/Qman-23012-DF-41-Ballistic-Missile-with-1868-pieces-10.jpg\" alt=\"Qman 23012 DF-41 Ballistic Missile with 1868 pieces\" width=\"800\" height=\"800\" title=\"-\" srcset=\"https:\/\/mouldking.store\/wp-content\/uploads\/2022\/02\/Qman-23012-DF-41-Ballistic-Missile-with-1868-pieces-10.jpg 800w, https:\/\/mouldking.store\/wp-content\/uploads\/2022\/02\/Qman-23012-DF-41-Ballistic-Missile-with-1868-pieces-10-300x300.jpg 300w, https:\/\/mouldking.store\/wp-content\/uploads\/2022\/02\/Qman-23012-DF-41-Ballistic-Missile-with-1868-pieces-10-768x768.jpg 768w, https:\/\/mouldking.store\/wp-content\/uploads\/2022\/02\/Qman-23012-DF-41-Ballistic-Missile-with-1868-pieces-10-600x600.jpg 600w, https:\/\/mouldking.store\/wp-content\/uploads\/2022\/02\/Qman-23012-DF-41-Ballistic-Missile-with-1868-pieces-10-150x150.jpg 150w\" sizes=\"(max-width: 800px) 100vw, 800px\" \/><figcaption id=\"caption-attachment-29991\" class=\"wp-caption-text\">T\u00ean l\u1eeda \u0111\u1ea1n \u0111\u1ea1o Qman 23012 DF-41 v\u1edbi 1868 m\u1ea3nh gh\u00e9p<\/figcaption><\/figure>\n<figure id=\"attachment_29984\" aria-describedby=\"caption-attachment-29984\" style=\"width: 670px\" class=\"wp-caption aligncenter\"><img decoding=\"async\" class=\"wp-image-29984 size-full\" src=\"https:\/\/mouldking.store\/wp-content\/uploads\/2022\/02\/Qman-23012-DF-41-Ballistic-Missile-with-1868-pieces-3.jpg\" alt=\"Qman 23012 DF-41 Ballistic Missile with 1868 pieces\" width=\"670\" height=\"1024\" title=\"-\" srcset=\"https:\/\/mouldking.store\/wp-content\/uploads\/2022\/02\/Qman-23012-DF-41-Ballistic-Missile-with-1868-pieces-3.jpg 670w, https:\/\/mouldking.store\/wp-content\/uploads\/2022\/02\/Qman-23012-DF-41-Ballistic-Missile-with-1868-pieces-3-196x300.jpg 196w, https:\/\/mouldking.store\/wp-content\/uploads\/2022\/02\/Qman-23012-DF-41-Ballistic-Missile-with-1868-pieces-3-300x459.jpg 300w, https:\/\/mouldking.store\/wp-content\/uploads\/2022\/02\/Qman-23012-DF-41-Ballistic-Missile-with-1868-pieces-3-600x917.jpg 600w, https:\/\/mouldking.store\/wp-content\/uploads\/2022\/02\/Qman-23012-DF-41-Ballistic-Missile-with-1868-pieces-3-98x150.jpg 98w\" sizes=\"(max-width: 670px) 100vw, 670px\" \/><figcaption id=\"caption-attachment-29984\" class=\"wp-caption-text\">T\u00ean l\u1eeda \u0111\u1ea1n \u0111\u1ea1o Qman 23012 DF-41 v\u1edbi 1868 m\u1ea3nh gh\u00e9p<\/figcaption><\/figure>\n<figure id=\"attachment_29988\" aria-describedby=\"caption-attachment-29988\" style=\"width: 674px\" class=\"wp-caption aligncenter\"><img loading=\"lazy\" decoding=\"async\" class=\"wp-image-29988 size-full\" src=\"https:\/\/mouldking.store\/wp-content\/uploads\/2022\/02\/Qman-23012-DF-41-Ballistic-Missile-with-1868-pieces-7.jpg\" alt=\"Qman 23012 DF-41 Ballistic Missile with 1868 pieces\" width=\"674\" height=\"1024\" title=\"-\" srcset=\"https:\/\/mouldking.store\/wp-content\/uploads\/2022\/02\/Qman-23012-DF-41-Ballistic-Missile-with-1868-pieces-7.jpg 674w, https:\/\/mouldking.store\/wp-content\/uploads\/2022\/02\/Qman-23012-DF-41-Ballistic-Missile-with-1868-pieces-7-197x300.jpg 197w, https:\/\/mouldking.store\/wp-content\/uploads\/2022\/02\/Qman-23012-DF-41-Ballistic-Missile-with-1868-pieces-7-300x456.jpg 300w, https:\/\/mouldking.store\/wp-content\/uploads\/2022\/02\/Qman-23012-DF-41-Ballistic-Missile-with-1868-pieces-7-600x912.jpg 600w, https:\/\/mouldking.store\/wp-content\/uploads\/2022\/02\/Qman-23012-DF-41-Ballistic-Missile-with-1868-pieces-7-99x150.jpg 99w\" sizes=\"(max-width: 674px) 100vw, 674px\" \/><figcaption id=\"caption-attachment-29988\" class=\"wp-caption-text\">T\u00ean l\u1eeda \u0111\u1ea1n \u0111\u1ea1o Qman 23012 DF-41 v\u1edbi 1868 m\u1ea3nh gh\u00e9p<\/figcaption><\/figure>\n<figure id=\"attachment_29990\" aria-describedby=\"caption-attachment-29990\" style=\"width: 668px\" class=\"wp-caption aligncenter\"><img loading=\"lazy\" decoding=\"async\" class=\"wp-image-29990 size-full\" src=\"https:\/\/mouldking.store\/wp-content\/uploads\/2022\/02\/Qman-23012-DF-41-Ballistic-Missile-with-1868-pieces-9.jpg\" alt=\"Qman 23012 DF-41 Ballistic Missile with 1868 pieces\" width=\"668\" height=\"1024\" title=\"-\" srcset=\"https:\/\/mouldking.store\/wp-content\/uploads\/2022\/02\/Qman-23012-DF-41-Ballistic-Missile-with-1868-pieces-9.jpg 668w, https:\/\/mouldking.store\/wp-content\/uploads\/2022\/02\/Qman-23012-DF-41-Ballistic-Missile-with-1868-pieces-9-196x300.jpg 196w, https:\/\/mouldking.store\/wp-content\/uploads\/2022\/02\/Qman-23012-DF-41-Ballistic-Missile-with-1868-pieces-9-300x460.jpg 300w, https:\/\/mouldking.store\/wp-content\/uploads\/2022\/02\/Qman-23012-DF-41-Ballistic-Missile-with-1868-pieces-9-600x920.jpg 600w, https:\/\/mouldking.store\/wp-content\/uploads\/2022\/02\/Qman-23012-DF-41-Ballistic-Missile-with-1868-pieces-9-98x150.jpg 98w\" sizes=\"(max-width: 668px) 100vw, 668px\" \/><figcaption id=\"caption-attachment-29990\" class=\"wp-caption-text\">T\u00ean l\u1eeda \u0111\u1ea1n \u0111\u1ea1o Qman 23012 DF-41 v\u1edbi 1868 m\u1ea3nh gh\u00e9p<\/figcaption><\/figure>\n<figure id=\"attachment_29989\" aria-describedby=\"caption-attachment-29989\" style=\"width: 750px\" class=\"wp-caption aligncenter\"><img loading=\"lazy\" decoding=\"async\" class=\"wp-image-29989 size-full\" src=\"https:\/\/mouldking.store\/wp-content\/uploads\/2022\/02\/Qman-23012-DF-41-Ballistic-Missile-with-1868-pieces-8.jpg\" alt=\"Qman 23012 DF-41 Ballistic Missile with 1868 pieces\" width=\"750\" height=\"800\" title=\"-\" srcset=\"https:\/\/mouldking.store\/wp-content\/uploads\/2022\/02\/Qman-23012-DF-41-Ballistic-Missile-with-1868-pieces-8.jpg 750w, https:\/\/mouldking.store\/wp-content\/uploads\/2022\/02\/Qman-23012-DF-41-Ballistic-Missile-with-1868-pieces-8-281x300.jpg 281w, https:\/\/mouldking.store\/wp-content\/uploads\/2022\/02\/Qman-23012-DF-41-Ballistic-Missile-with-1868-pieces-8-300x320.jpg 300w, https:\/\/mouldking.store\/wp-content\/uploads\/2022\/02\/Qman-23012-DF-41-Ballistic-Missile-with-1868-pieces-8-600x640.jpg 600w, https:\/\/mouldking.store\/wp-content\/uploads\/2022\/02\/Qman-23012-DF-41-Ballistic-Missile-with-1868-pieces-8-141x150.jpg 141w\" sizes=\"(max-width: 750px) 100vw, 750px\" \/><figcaption id=\"caption-attachment-29989\" class=\"wp-caption-text\">T\u00ean l\u1eeda \u0111\u1ea1n \u0111\u1ea1o Qman 23012 DF-41 v\u1edbi 1868 m\u1ea3nh gh\u00e9p<\/figcaption><\/figure>\n<figure id=\"attachment_29983\" aria-describedby=\"caption-attachment-29983\" style=\"width: 800px\" class=\"wp-caption aligncenter\"><img loading=\"lazy\" decoding=\"async\" class=\"wp-image-29983 size-full\" src=\"https:\/\/mouldking.store\/wp-content\/uploads\/2022\/02\/Qman-23012-DF-41-Ballistic-Missile-with-1868-pieces-2.jpg\" alt=\"Qman 23012 DF-41 Ballistic Missile with 1868 pieces\" width=\"800\" height=\"800\" title=\"-\" srcset=\"https:\/\/mouldking.store\/wp-content\/uploads\/2022\/02\/Qman-23012-DF-41-Ballistic-Missile-with-1868-pieces-2.jpg 800w, https:\/\/mouldking.store\/wp-content\/uploads\/2022\/02\/Qman-23012-DF-41-Ballistic-Missile-with-1868-pieces-2-300x300.jpg 300w, https:\/\/mouldking.store\/wp-content\/uploads\/2022\/02\/Qman-23012-DF-41-Ballistic-Missile-with-1868-pieces-2-768x768.jpg 768w, https:\/\/mouldking.store\/wp-content\/uploads\/2022\/02\/Qman-23012-DF-41-Ballistic-Missile-with-1868-pieces-2-600x600.jpg 600w, https:\/\/mouldking.store\/wp-content\/uploads\/2022\/02\/Qman-23012-DF-41-Ballistic-Missile-with-1868-pieces-2-150x150.jpg 150w\" sizes=\"(max-width: 800px) 100vw, 800px\" \/><figcaption id=\"caption-attachment-29983\" class=\"wp-caption-text\">T\u00ean l\u1eeda \u0111\u1ea1n \u0111\u1ea1o Qman 23012 DF-41 v\u1edbi 1868 m\u1ea3nh gh\u00e9p<\/figcaption><\/figure>\n<figure id=\"attachment_29987\" aria-describedby=\"caption-attachment-29987\" style=\"width: 653px\" class=\"wp-caption aligncenter\"><img loading=\"lazy\" decoding=\"async\" class=\"wp-image-29987 size-full\" src=\"https:\/\/mouldking.store\/wp-content\/uploads\/2022\/02\/Qman-23012-DF-41-Ballistic-Missile-with-1868-pieces-6.jpg\" alt=\"Qman 23012 DF-41 Ballistic Missile with 1868 pieces\" width=\"653\" height=\"1024\" title=\"-\" srcset=\"https:\/\/mouldking.store\/wp-content\/uploads\/2022\/02\/Qman-23012-DF-41-Ballistic-Missile-with-1868-pieces-6.jpg 653w, https:\/\/mouldking.store\/wp-content\/uploads\/2022\/02\/Qman-23012-DF-41-Ballistic-Missile-with-1868-pieces-6-191x300.jpg 191w, https:\/\/mouldking.store\/wp-content\/uploads\/2022\/02\/Qman-23012-DF-41-Ballistic-Missile-with-1868-pieces-6-300x470.jpg 300w, https:\/\/mouldking.store\/wp-content\/uploads\/2022\/02\/Qman-23012-DF-41-Ballistic-Missile-with-1868-pieces-6-600x941.jpg 600w, https:\/\/mouldking.store\/wp-content\/uploads\/2022\/02\/Qman-23012-DF-41-Ballistic-Missile-with-1868-pieces-6-96x150.jpg 96w\" sizes=\"(max-width: 653px) 100vw, 653px\" \/><figcaption id=\"caption-attachment-29987\" class=\"wp-caption-text\">T\u00ean l\u1eeda \u0111\u1ea1n \u0111\u1ea1o Qman 23012 DF-41 v\u1edbi 1868 m\u1ea3nh gh\u00e9p<\/figcaption><\/figure>\n<figure id=\"attachment_29986\" aria-describedby=\"caption-attachment-29986\" style=\"width: 638px\" class=\"wp-caption aligncenter\"><img loading=\"lazy\" decoding=\"async\" class=\"wp-image-29986 size-full\" src=\"https:\/\/mouldking.store\/wp-content\/uploads\/2022\/02\/Qman-23012-DF-41-Ballistic-Missile-with-1868-pieces-5.jpg\" alt=\"Qman 23012 DF-41 Ballistic Missile with 1868 pieces\" width=\"638\" height=\"1024\" title=\"-\" srcset=\"https:\/\/mouldking.store\/wp-content\/uploads\/2022\/02\/Qman-23012-DF-41-Ballistic-Missile-with-1868-pieces-5.jpg 638w, https:\/\/mouldking.store\/wp-content\/uploads\/2022\/02\/Qman-23012-DF-41-Ballistic-Missile-with-1868-pieces-5-187x300.jpg 187w, https:\/\/mouldking.store\/wp-content\/uploads\/2022\/02\/Qman-23012-DF-41-Ballistic-Missile-with-1868-pieces-5-300x482.jpg 300w, https:\/\/mouldking.store\/wp-content\/uploads\/2022\/02\/Qman-23012-DF-41-Ballistic-Missile-with-1868-pieces-5-600x963.jpg 600w, https:\/\/mouldking.store\/wp-content\/uploads\/2022\/02\/Qman-23012-DF-41-Ballistic-Missile-with-1868-pieces-5-93x150.jpg 93w\" sizes=\"(max-width: 638px) 100vw, 638px\" \/><figcaption id=\"caption-attachment-29986\" class=\"wp-caption-text\">T\u00ean l\u1eeda \u0111\u1ea1n \u0111\u1ea1o Qman 23012 DF-41 v\u1edbi 1868 m\u1ea3nh gh\u00e9p<\/figcaption><\/figure>\n<figure id=\"attachment_29985\" aria-describedby=\"caption-attachment-29985\" style=\"width: 800px\" class=\"wp-caption aligncenter\"><img loading=\"lazy\" decoding=\"async\" class=\"wp-image-29985 size-full\" src=\"https:\/\/mouldking.store\/wp-content\/uploads\/2022\/02\/Qman-23012-DF-41-Ballistic-Missile-with-1868-pieces-4.jpg\" alt=\"Qman 23012 DF-41 Ballistic Missile with 1868 pieces\" width=\"800\" height=\"949\" title=\"-\" srcset=\"https:\/\/mouldking.store\/wp-content\/uploads\/2022\/02\/Qman-23012-DF-41-Ballistic-Missile-with-1868-pieces-4.jpg 800w, https:\/\/mouldking.store\/wp-content\/uploads\/2022\/02\/Qman-23012-DF-41-Ballistic-Missile-with-1868-pieces-4-253x300.jpg 253w, https:\/\/mouldking.store\/wp-content\/uploads\/2022\/02\/Qman-23012-DF-41-Ballistic-Missile-with-1868-pieces-4-768x911.jpg 768w, https:\/\/mouldking.store\/wp-content\/uploads\/2022\/02\/Qman-23012-DF-41-Ballistic-Missile-with-1868-pieces-4-300x356.jpg 300w, https:\/\/mouldking.store\/wp-content\/uploads\/2022\/02\/Qman-23012-DF-41-Ballistic-Missile-with-1868-pieces-4-600x712.jpg 600w, https:\/\/mouldking.store\/wp-content\/uploads\/2022\/02\/Qman-23012-DF-41-Ballistic-Missile-with-1868-pieces-4-126x150.jpg 126w\" sizes=\"(max-width: 800px) 100vw, 800px\" \/><figcaption id=\"caption-attachment-29985\" class=\"wp-caption-text\">T\u00ean l\u1eeda \u0111\u1ea1n \u0111\u1ea1o Qman 23012 DF-41 v\u1edbi 1868 m\u1ea3nh gh\u00e9p<\/figcaption><\/figure>","protected":false},"excerpt":{"rendered":"<p>Product information: Brand: Qman Gender: Unisex Name: DF-41 Ballistic Missile Age Range: &gt; 6 years old Model Number: 23012 Classification: Assemblage Plastic Block Shape: Self-Locking Bricks Material: Plastic Plastic Type: ABS Bricks Blocks: 1868 PCS Contains detailed assembly instructions. Notice: 1. Without an original box, but we guarantee our products have quality assurance and nice [&hellip;]<\/p>","protected":false},"featured_media":29982,"comment_status":"closed","ping_status":"closed","template":"","meta":{"_acf_changed":false},"product_cat":[372],"product_tag":[4820,4822,4821,4819,4125,4818,4817,4816],"class_list":["product","first","instock","shipping-taxable","purchasable","product-type-simple"],"acf":[],"_links":{"self":[{"href":"https:\/\/mouldking.store\/vi\/wp-json\/wp\/v2\/product\/29981","targetHints":{"allow":["GET"]}}],"collection":[{"href":"https:\/\/mouldking.store\/vi\/wp-json\/wp\/v2\/product"}],"about":[{"href":"https:\/\/mouldking.store\/vi\/wp-json\/wp\/v2\/types\/product"}],"replies":[{"embeddable":true,"href":"https:\/\/mouldking.store\/vi\/wp-json\/wp\/v2\/comments?post=29981"}],"wp:featuredmedia":[{"embeddable":true,"href":"https:\/\/mouldking.store\/vi\/wp-json\/wp\/v2\/media\/29982"}],"wp:attachment":[{"href":"https:\/\/mouldking.store\/vi\/wp-json\/wp\/v2\/media?parent=29981"}],"wp:term":[{"taxonomy":"product_cat","embeddable":true,"href":"https:\/\/mouldking.store\/vi\/wp-json\/wp\/v2\/product_cat?post=29981"},{"taxonomy":"product_tag","embeddable":true,"href":"https:\/\/mouldking.store\/vi\/wp-json\/wp\/v2\/product_tag?post=29981"}],"curies":[{"name":"wp","href":"https:\/\/api.w.org\/{rel}","templated":true}]}}