{"id":30012,"date":"2022-02-23T18:41:14","date_gmt":"2022-02-23T11:41:14","guid":{"rendered":"https:\/\/mouldking.store\/?post_type=product&#038;p=30012"},"modified":"2022-02-23T18:41:14","modified_gmt":"2022-02-23T11:41:14","slug":"qman-41209-41212-rubiks-cube","status":"publish","type":"product","link":"https:\/\/mouldking.store\/vi\/shop\/qman-41209-41212-rubiks-cube\/","title":{"rendered":"Kh\u1ed1i Rubik Qman 41209-41212"},"content":{"rendered":"<p>Th\u00f4ng tin s\u1ea3n ph\u1ea9m:<\/p>\n<ol>\n<li>Th\u01b0\u01a1ng hi\u1ec7u: Qman<\/li>\n<li>Gi\u1edbi t\u00ednh: Unisex<\/li>\n<li>T\u00ean: Kh\u1ed1i Rubik<\/li>\n<li>\u0110\u1ed9 tu\u1ed5i: &gt; 6 tu\u1ed5i<\/li>\n<li>S\u1ed1 m\u00f4 h\u00ecnh: 41209-41212<\/li>\n<li>Ph\u00e2n lo\u1ea1i: T\u1eadp h\u1ee3p<\/li>\n<li>H\u00ecnh d\u1ea1ng kh\u1ed1i nh\u1ef1a: G\u1ea1ch t\u1ef1 kh\u00f3a<\/li>\n<li>Ch\u1ea5t li\u1ec7u: Nh\u1ef1a<\/li>\n<li>Lo\u1ea1i nh\u1ef1a: ABS<\/li>\n<li>Kh\u1ed1i g\u1ea1ch: 41209 ~148+PCS, 41210 ~152+PCS, 41211 ~126+PCS, 41212 ~147+PCS<\/li>\n<li>Ch\u1ee9a h\u01b0\u1edbng d\u1eabn l\u1eafp r\u00e1p chi ti\u1ebft.<\/li>\n<\/ol>\n<p>\u0110\u1ec3 \u00fd:<br \/>\n1. Kh\u00f4ng c\u00f3 h\u1ed9p ban \u0111\u1ea7u, nh\u01b0ng ch\u00fang t\u00f4i \u0111\u1ea3m b\u1ea3o s\u1ea3n ph\u1ea9m c\u1ee7a ch\u00fang t\u00f4i c\u00f3 ch\u1ea5t l\u01b0\u1ee3ng \u0111\u1ea3m b\u1ea3o v\u00e0 bao b\u00ec \u0111\u1eb9p.<br \/>\n2. V\u00ec t\u1ea5t c\u1ea3 c\u00e1c b\u1ed9 ph\u1eadn ch\u00fang t\u00f4i \u0111\u00e3 ki\u1ec3m tra tr\u01b0\u1edbc khi v\u1eadn chuy\u1ec3n, v\u00ec v\u1eady n\u1ebfu b\u1ea1n th\u1ea5y m\u1ed9t s\u1ed1 b\u1ed9 ph\u1eadn b\u1ecb thi\u1ebfu ho\u1eb7c h\u01b0 h\u1ecfng, \u0111\u1eebng lo l\u1eafng v\u00e0 ch\u1ec9 c\u1ea7n vui l\u00f2ng li\u00ean h\u1ec7 v\u1edbi ch\u00fang t\u00f4i v\u00e0 ch\u00fang t\u00f4i c\u00f3 th\u1ec3 g\u1eedi l\u1ea1i mi\u1ec5n ph\u00ed cho b\u1ea1n ngay l\u1eadp t\u1ee9c.<\/p>\n<figure id=\"attachment_30020\" aria-describedby=\"caption-attachment-30020\" style=\"width: 800px\" class=\"wp-caption aligncenter\"><img fetchpriority=\"high\" decoding=\"async\" class=\"wp-image-30020 size-full\" src=\"https:\/\/mouldking.store\/wp-content\/uploads\/2022\/02\/Qman-41209-41212-Rubiks-Cube-1.png\" alt=\"Qman 41209-41212 Rubik&#039;s Cube\" width=\"800\" height=\"800\" title=\"-\" srcset=\"https:\/\/mouldking.store\/wp-content\/uploads\/2022\/02\/Qman-41209-41212-Rubiks-Cube-1.png 800w, https:\/\/mouldking.store\/wp-content\/uploads\/2022\/02\/Qman-41209-41212-Rubiks-Cube-1-300x300.png 300w, https:\/\/mouldking.store\/wp-content\/uploads\/2022\/02\/Qman-41209-41212-Rubiks-Cube-1-768x768.png 768w, https:\/\/mouldking.store\/wp-content\/uploads\/2022\/02\/Qman-41209-41212-Rubiks-Cube-1-600x600.png 600w, https:\/\/mouldking.store\/wp-content\/uploads\/2022\/02\/Qman-41209-41212-Rubiks-Cube-1-150x150.png 150w\" sizes=\"(max-width: 800px) 100vw, 800px\" \/><figcaption id=\"caption-attachment-30020\" class=\"wp-caption-text\">Kh\u1ed1i Rubik Qman 41209-41212<\/figcaption><\/figure>\n<figure id=\"attachment_30019\" aria-describedby=\"caption-attachment-30019\" style=\"width: 800px\" class=\"wp-caption aligncenter\"><img decoding=\"async\" class=\"wp-image-30019 size-full\" src=\"https:\/\/mouldking.store\/wp-content\/uploads\/2022\/02\/Qman-41209-41212-Rubiks-Cube-7.jpg\" alt=\"Qman 41209-41212 Rubik&#039;s Cube\" width=\"800\" height=\"800\" title=\"-\" srcset=\"https:\/\/mouldking.store\/wp-content\/uploads\/2022\/02\/Qman-41209-41212-Rubiks-Cube-7.jpg 800w, https:\/\/mouldking.store\/wp-content\/uploads\/2022\/02\/Qman-41209-41212-Rubiks-Cube-7-300x300.jpg 300w, https:\/\/mouldking.store\/wp-content\/uploads\/2022\/02\/Qman-41209-41212-Rubiks-Cube-7-768x768.jpg 768w, https:\/\/mouldking.store\/wp-content\/uploads\/2022\/02\/Qman-41209-41212-Rubiks-Cube-7-600x600.jpg 600w, https:\/\/mouldking.store\/wp-content\/uploads\/2022\/02\/Qman-41209-41212-Rubiks-Cube-7-150x150.jpg 150w\" sizes=\"(max-width: 800px) 100vw, 800px\" \/><figcaption id=\"caption-attachment-30019\" class=\"wp-caption-text\">Kh\u1ed1i Rubik Qman 41209-41212<\/figcaption><\/figure>\n<figure id=\"attachment_30013\" aria-describedby=\"caption-attachment-30013\" style=\"width: 800px\" class=\"wp-caption aligncenter\"><img decoding=\"async\" class=\"wp-image-30013 size-full\" src=\"https:\/\/mouldking.store\/wp-content\/uploads\/2022\/02\/Qman-41209-41212-Rubiks-Cube-1.jpg\" alt=\"Qman 41209-41212 Rubik&#039;s Cube\" width=\"800\" height=\"800\" title=\"-\" srcset=\"https:\/\/mouldking.store\/wp-content\/uploads\/2022\/02\/Qman-41209-41212-Rubiks-Cube-1.jpg 800w, https:\/\/mouldking.store\/wp-content\/uploads\/2022\/02\/Qman-41209-41212-Rubiks-Cube-1-300x300.jpg 300w, https:\/\/mouldking.store\/wp-content\/uploads\/2022\/02\/Qman-41209-41212-Rubiks-Cube-1-768x768.jpg 768w, https:\/\/mouldking.store\/wp-content\/uploads\/2022\/02\/Qman-41209-41212-Rubiks-Cube-1-600x600.jpg 600w, https:\/\/mouldking.store\/wp-content\/uploads\/2022\/02\/Qman-41209-41212-Rubiks-Cube-1-150x150.jpg 150w\" sizes=\"(max-width: 800px) 100vw, 800px\" \/><figcaption id=\"caption-attachment-30013\" class=\"wp-caption-text\">Kh\u1ed1i Rubik Qman 41209-41212<\/figcaption><\/figure>\n<figure id=\"attachment_30018\" aria-describedby=\"caption-attachment-30018\" style=\"width: 353px\" class=\"wp-caption aligncenter\"><img loading=\"lazy\" decoding=\"async\" class=\"wp-image-30018 size-full\" src=\"https:\/\/mouldking.store\/wp-content\/uploads\/2022\/02\/Qman-41209-41212-Rubiks-Cube-6.jpg\" alt=\"Qman 41209-41212 Rubik&#039;s Cube\" width=\"353\" height=\"1024\" title=\"-\" srcset=\"https:\/\/mouldking.store\/wp-content\/uploads\/2022\/02\/Qman-41209-41212-Rubiks-Cube-6.jpg 353w, https:\/\/mouldking.store\/wp-content\/uploads\/2022\/02\/Qman-41209-41212-Rubiks-Cube-6-103x300.jpg 103w, https:\/\/mouldking.store\/wp-content\/uploads\/2022\/02\/Qman-41209-41212-Rubiks-Cube-6-300x870.jpg 300w, https:\/\/mouldking.store\/wp-content\/uploads\/2022\/02\/Qman-41209-41212-Rubiks-Cube-6-52x150.jpg 52w\" sizes=\"(max-width: 353px) 100vw, 353px\" \/><figcaption id=\"caption-attachment-30018\" class=\"wp-caption-text\">Kh\u1ed1i Rubik Qman 41209-41212<\/figcaption><\/figure>\n<figure id=\"attachment_30017\" aria-describedby=\"caption-attachment-30017\" style=\"width: 435px\" class=\"wp-caption aligncenter\"><img loading=\"lazy\" decoding=\"async\" class=\"wp-image-30017 size-full\" src=\"https:\/\/mouldking.store\/wp-content\/uploads\/2022\/02\/Qman-41209-41212-Rubiks-Cube-5.jpg\" alt=\"Qman 41209-41212 Rubik&#039;s Cube\" width=\"435\" height=\"1024\" title=\"-\" srcset=\"https:\/\/mouldking.store\/wp-content\/uploads\/2022\/02\/Qman-41209-41212-Rubiks-Cube-5.jpg 435w, https:\/\/mouldking.store\/wp-content\/uploads\/2022\/02\/Qman-41209-41212-Rubiks-Cube-5-127x300.jpg 127w, https:\/\/mouldking.store\/wp-content\/uploads\/2022\/02\/Qman-41209-41212-Rubiks-Cube-5-300x706.jpg 300w, https:\/\/mouldking.store\/wp-content\/uploads\/2022\/02\/Qman-41209-41212-Rubiks-Cube-5-64x150.jpg 64w\" sizes=\"(max-width: 435px) 100vw, 435px\" \/><figcaption id=\"caption-attachment-30017\" class=\"wp-caption-text\">Kh\u1ed1i Rubik Qman 41209-41212<\/figcaption><\/figure>\n<figure id=\"attachment_30016\" aria-describedby=\"caption-attachment-30016\" style=\"width: 427px\" class=\"wp-caption aligncenter\"><img loading=\"lazy\" decoding=\"async\" class=\"wp-image-30016 size-full\" src=\"https:\/\/mouldking.store\/wp-content\/uploads\/2022\/02\/Qman-41209-41212-Rubiks-Cube-4.jpg\" alt=\"Qman 41209-41212 Rubik&#039;s Cube\" width=\"427\" height=\"1024\" title=\"-\" srcset=\"https:\/\/mouldking.store\/wp-content\/uploads\/2022\/02\/Qman-41209-41212-Rubiks-Cube-4.jpg 427w, https:\/\/mouldking.store\/wp-content\/uploads\/2022\/02\/Qman-41209-41212-Rubiks-Cube-4-125x300.jpg 125w, https:\/\/mouldking.store\/wp-content\/uploads\/2022\/02\/Qman-41209-41212-Rubiks-Cube-4-300x719.jpg 300w, https:\/\/mouldking.store\/wp-content\/uploads\/2022\/02\/Qman-41209-41212-Rubiks-Cube-4-63x150.jpg 63w\" sizes=\"(max-width: 427px) 100vw, 427px\" \/><figcaption id=\"caption-attachment-30016\" class=\"wp-caption-text\">Kh\u1ed1i Rubik Qman 41209-41212<\/figcaption><\/figure>\n<figure id=\"attachment_30015\" aria-describedby=\"caption-attachment-30015\" style=\"width: 428px\" class=\"wp-caption aligncenter\"><img loading=\"lazy\" decoding=\"async\" class=\"wp-image-30015 size-full\" src=\"https:\/\/mouldking.store\/wp-content\/uploads\/2022\/02\/Qman-41209-41212-Rubiks-Cube-3.jpg\" alt=\"Qman 41209-41212 Rubik&#039;s Cube\" width=\"428\" height=\"1024\" title=\"-\" srcset=\"https:\/\/mouldking.store\/wp-content\/uploads\/2022\/02\/Qman-41209-41212-Rubiks-Cube-3.jpg 428w, https:\/\/mouldking.store\/wp-content\/uploads\/2022\/02\/Qman-41209-41212-Rubiks-Cube-3-125x300.jpg 125w, https:\/\/mouldking.store\/wp-content\/uploads\/2022\/02\/Qman-41209-41212-Rubiks-Cube-3-300x718.jpg 300w, https:\/\/mouldking.store\/wp-content\/uploads\/2022\/02\/Qman-41209-41212-Rubiks-Cube-3-63x150.jpg 63w\" sizes=\"(max-width: 428px) 100vw, 428px\" \/><figcaption id=\"caption-attachment-30015\" class=\"wp-caption-text\">Kh\u1ed1i Rubik Qman 41209-41212<\/figcaption><\/figure>\n<figure id=\"attachment_30014\" aria-describedby=\"caption-attachment-30014\" style=\"width: 720px\" class=\"wp-caption aligncenter\"><img loading=\"lazy\" decoding=\"async\" class=\"wp-image-30014 size-full\" src=\"https:\/\/mouldking.store\/wp-content\/uploads\/2022\/02\/Qman-41209-41212-Rubiks-Cube-2.jpg\" alt=\"Qman 41209-41212 Rubik&#039;s Cube\" width=\"720\" height=\"1024\" title=\"-\" srcset=\"https:\/\/mouldking.store\/wp-content\/uploads\/2022\/02\/Qman-41209-41212-Rubiks-Cube-2.jpg 720w, https:\/\/mouldking.store\/wp-content\/uploads\/2022\/02\/Qman-41209-41212-Rubiks-Cube-2-211x300.jpg 211w, https:\/\/mouldking.store\/wp-content\/uploads\/2022\/02\/Qman-41209-41212-Rubiks-Cube-2-300x427.jpg 300w, https:\/\/mouldking.store\/wp-content\/uploads\/2022\/02\/Qman-41209-41212-Rubiks-Cube-2-600x853.jpg 600w, https:\/\/mouldking.store\/wp-content\/uploads\/2022\/02\/Qman-41209-41212-Rubiks-Cube-2-105x150.jpg 105w\" sizes=\"(max-width: 720px) 100vw, 720px\" \/><figcaption id=\"caption-attachment-30014\" class=\"wp-caption-text\">Kh\u1ed1i Rubik Qman 41209-41212<\/figcaption><\/figure>","protected":false},"excerpt":{"rendered":"<p>Product information: Brand: Qman Gender: Unisex Name: Rubik&#8217;s Cube Age Range: &gt; 6 years old Model Number: 41209-41212 Classification: Assemblage Plastic Block Shape: Self-Locking Bricks Material: Plastic Plastic Type: ABS Bricks Blocks: 41209 ~148+PCS, 41210 ~152+PCS, 41211 ~126+PCS, 41212 ~147+PCS Contains detailed assembly instructions. Notice: 1. Without an original box, but we guarantee our products [&hellip;]<\/p>","protected":false},"featured_media":30020,"comment_status":"closed","ping_status":"closed","template":"","meta":{"_acf_changed":false},"product_cat":[371],"product_tag":[4838,4837,4839,4840,4841,4125,4836,4835,4647],"class_list":["product","first","instock","shipping-taxable","purchasable","product-type-variable"],"acf":[],"_links":{"self":[{"href":"https:\/\/mouldking.store\/vi\/wp-json\/wp\/v2\/product\/30012","targetHints":{"allow":["GET"]}}],"collection":[{"href":"https:\/\/mouldking.store\/vi\/wp-json\/wp\/v2\/product"}],"about":[{"href":"https:\/\/mouldking.store\/vi\/wp-json\/wp\/v2\/types\/product"}],"replies":[{"embeddable":true,"href":"https:\/\/mouldking.store\/vi\/wp-json\/wp\/v2\/comments?post=30012"}],"wp:featuredmedia":[{"embeddable":true,"href":"https:\/\/mouldking.store\/vi\/wp-json\/wp\/v2\/media\/30020"}],"wp:attachment":[{"href":"https:\/\/mouldking.store\/vi\/wp-json\/wp\/v2\/media?parent=30012"}],"wp:term":[{"taxonomy":"product_cat","embeddable":true,"href":"https:\/\/mouldking.store\/vi\/wp-json\/wp\/v2\/product_cat?post=30012"},{"taxonomy":"product_tag","embeddable":true,"href":"https:\/\/mouldking.store\/vi\/wp-json\/wp\/v2\/product_tag?post=30012"}],"curies":[{"name":"wp","href":"https:\/\/api.w.org\/{rel}","templated":true}]}}