{"id":30093,"date":"2022-02-27T22:26:42","date_gmt":"2022-02-27T15:26:42","guid":{"rendered":"https:\/\/mouldking.store\/?post_type=product&#038;p=30093"},"modified":"2022-02-27T22:26:43","modified_gmt":"2022-02-27T15:26:43","slug":"qman-5208-masha-laundry-day-with-22-pieces","status":"publish","type":"product","link":"https:\/\/mouldking.store\/vi\/shop\/qman-5208-masha-laundry-day-with-22-pieces\/","title":{"rendered":"Qman 5208 Ng\u00e0y gi\u1eb7t Masha 22 chi\u1ebfc"},"content":{"rendered":"<p>Th\u00f4ng tin s\u1ea3n ph\u1ea9m:<\/p>\n<ol>\n<li>Th\u01b0\u01a1ng hi\u1ec7u: Qman<\/li>\n<li>Gi\u1edbi t\u00ednh: Unisex<\/li>\n<li>Name: Masha Laundry Day<\/li>\n<li>\u0110\u1ed9 tu\u1ed5i: &gt; 6 tu\u1ed5i<\/li>\n<li>Model Number: 5208<\/li>\n<li>Ph\u00e2n lo\u1ea1i: T\u1eadp h\u1ee3p<\/li>\n<li>H\u00ecnh d\u1ea1ng kh\u1ed1i nh\u1ef1a: G\u1ea1ch t\u1ef1 kh\u00f3a<\/li>\n<li>Ch\u1ea5t li\u1ec7u: Nh\u1ef1a<\/li>\n<li>Lo\u1ea1i nh\u1ef1a: ABS<\/li>\n<li>Bricks Blocks: 22 PCS<\/li>\n<li>Ch\u1ee9a h\u01b0\u1edbng d\u1eabn l\u1eafp r\u00e1p chi ti\u1ebft.<\/li>\n<\/ol>\n<p>\u0110\u1ec3 \u00fd:<br \/>\n1. Kh\u00f4ng c\u00f3 h\u1ed9p ban \u0111\u1ea7u, nh\u01b0ng ch\u00fang t\u00f4i \u0111\u1ea3m b\u1ea3o s\u1ea3n ph\u1ea9m c\u1ee7a ch\u00fang t\u00f4i c\u00f3 ch\u1ea5t l\u01b0\u1ee3ng \u0111\u1ea3m b\u1ea3o v\u00e0 bao b\u00ec \u0111\u1eb9p.<br \/>\n2. V\u00ec t\u1ea5t c\u1ea3 c\u00e1c b\u1ed9 ph\u1eadn ch\u00fang t\u00f4i \u0111\u00e3 ki\u1ec3m tra tr\u01b0\u1edbc khi v\u1eadn chuy\u1ec3n, v\u00ec v\u1eady n\u1ebfu b\u1ea1n th\u1ea5y m\u1ed9t s\u1ed1 b\u1ed9 ph\u1eadn b\u1ecb thi\u1ebfu ho\u1eb7c h\u01b0 h\u1ecfng, \u0111\u1eebng lo l\u1eafng v\u00e0 ch\u1ec9 c\u1ea7n vui l\u00f2ng li\u00ean h\u1ec7 v\u1edbi ch\u00fang t\u00f4i v\u00e0 ch\u00fang t\u00f4i c\u00f3 th\u1ec3 g\u1eedi l\u1ea1i mi\u1ec5n ph\u00ed cho b\u1ea1n ngay l\u1eadp t\u1ee9c.<\/p>\n<p>&nbsp;<\/p>\n<figure id=\"attachment_30094\" aria-describedby=\"caption-attachment-30094\" style=\"width: 750px\" class=\"wp-caption aligncenter\"><img fetchpriority=\"high\" decoding=\"async\" class=\"wp-image-30094 size-full\" src=\"https:\/\/mouldking.store\/wp-content\/uploads\/2022\/02\/Qman-5208-Masha-Laundry-Day-with-22-pieces-6.jpg\" alt=\"Qman 5208 Masha Laundry Day with 22 pieces\" width=\"750\" height=\"558\" title=\"-\" srcset=\"https:\/\/mouldking.store\/wp-content\/uploads\/2022\/02\/Qman-5208-Masha-Laundry-Day-with-22-pieces-6.jpg 750w, https:\/\/mouldking.store\/wp-content\/uploads\/2022\/02\/Qman-5208-Masha-Laundry-Day-with-22-pieces-6-300x223.jpg 300w, https:\/\/mouldking.store\/wp-content\/uploads\/2022\/02\/Qman-5208-Masha-Laundry-Day-with-22-pieces-6-600x446.jpg 600w, https:\/\/mouldking.store\/wp-content\/uploads\/2022\/02\/Qman-5208-Masha-Laundry-Day-with-22-pieces-6-150x112.jpg 150w\" sizes=\"(max-width: 750px) 100vw, 750px\" \/><figcaption id=\"caption-attachment-30094\" class=\"wp-caption-text\">Qman 5208 Ng\u00e0y gi\u1eb7t Masha 22 chi\u1ebfc<\/figcaption><\/figure>\n<figure id=\"attachment_30097\" aria-describedby=\"caption-attachment-30097\" style=\"width: 750px\" class=\"wp-caption aligncenter\"><img decoding=\"async\" class=\"wp-image-30097 size-full\" src=\"https:\/\/mouldking.store\/wp-content\/uploads\/2022\/02\/Qman-5208-Masha-Laundry-Day-with-22-pieces-9.jpg\" alt=\"Qman 5208 Masha Laundry Day with 22 pieces\" width=\"750\" height=\"989\" title=\"-\" srcset=\"https:\/\/mouldking.store\/wp-content\/uploads\/2022\/02\/Qman-5208-Masha-Laundry-Day-with-22-pieces-9.jpg 750w, https:\/\/mouldking.store\/wp-content\/uploads\/2022\/02\/Qman-5208-Masha-Laundry-Day-with-22-pieces-9-228x300.jpg 228w, https:\/\/mouldking.store\/wp-content\/uploads\/2022\/02\/Qman-5208-Masha-Laundry-Day-with-22-pieces-9-300x396.jpg 300w, https:\/\/mouldking.store\/wp-content\/uploads\/2022\/02\/Qman-5208-Masha-Laundry-Day-with-22-pieces-9-600x791.jpg 600w, https:\/\/mouldking.store\/wp-content\/uploads\/2022\/02\/Qman-5208-Masha-Laundry-Day-with-22-pieces-9-114x150.jpg 114w\" sizes=\"(max-width: 750px) 100vw, 750px\" \/><figcaption id=\"caption-attachment-30097\" class=\"wp-caption-text\">Qman 5208 Ng\u00e0y gi\u1eb7t Masha 22 chi\u1ebfc<\/figcaption><\/figure>\n<figure id=\"attachment_30095\" aria-describedby=\"caption-attachment-30095\" style=\"width: 750px\" class=\"wp-caption aligncenter\"><img decoding=\"async\" class=\"wp-image-30095 size-full\" src=\"https:\/\/mouldking.store\/wp-content\/uploads\/2022\/02\/Qman-5208-Masha-Laundry-Day-with-22-pieces-7.jpg\" alt=\"Qman 5208 Masha Laundry Day with 22 pieces\" width=\"750\" height=\"643\" title=\"-\" srcset=\"https:\/\/mouldking.store\/wp-content\/uploads\/2022\/02\/Qman-5208-Masha-Laundry-Day-with-22-pieces-7.jpg 750w, https:\/\/mouldking.store\/wp-content\/uploads\/2022\/02\/Qman-5208-Masha-Laundry-Day-with-22-pieces-7-300x257.jpg 300w, https:\/\/mouldking.store\/wp-content\/uploads\/2022\/02\/Qman-5208-Masha-Laundry-Day-with-22-pieces-7-600x514.jpg 600w, https:\/\/mouldking.store\/wp-content\/uploads\/2022\/02\/Qman-5208-Masha-Laundry-Day-with-22-pieces-7-150x129.jpg 150w\" sizes=\"(max-width: 750px) 100vw, 750px\" \/><figcaption id=\"caption-attachment-30095\" class=\"wp-caption-text\">Qman 5208 Ng\u00e0y gi\u1eb7t Masha 22 chi\u1ebfc<\/figcaption><\/figure>\n<figure id=\"attachment_30102\" aria-describedby=\"caption-attachment-30102\" style=\"width: 750px\" class=\"wp-caption aligncenter\"><img loading=\"lazy\" decoding=\"async\" class=\"wp-image-30102 size-full\" src=\"https:\/\/mouldking.store\/wp-content\/uploads\/2022\/02\/Qman-5208-Masha-Laundry-Day-with-22-pieces-5.jpg\" alt=\"Qman 5208 Masha Laundry Day with 22 pieces\" width=\"750\" height=\"769\" title=\"-\" srcset=\"https:\/\/mouldking.store\/wp-content\/uploads\/2022\/02\/Qman-5208-Masha-Laundry-Day-with-22-pieces-5.jpg 750w, https:\/\/mouldking.store\/wp-content\/uploads\/2022\/02\/Qman-5208-Masha-Laundry-Day-with-22-pieces-5-293x300.jpg 293w, https:\/\/mouldking.store\/wp-content\/uploads\/2022\/02\/Qman-5208-Masha-Laundry-Day-with-22-pieces-5-300x308.jpg 300w, https:\/\/mouldking.store\/wp-content\/uploads\/2022\/02\/Qman-5208-Masha-Laundry-Day-with-22-pieces-5-600x615.jpg 600w, https:\/\/mouldking.store\/wp-content\/uploads\/2022\/02\/Qman-5208-Masha-Laundry-Day-with-22-pieces-5-146x150.jpg 146w\" sizes=\"(max-width: 750px) 100vw, 750px\" \/><figcaption id=\"caption-attachment-30102\" class=\"wp-caption-text\">Qman 5208 Ng\u00e0y gi\u1eb7t Masha 22 chi\u1ebfc<\/figcaption><\/figure>\n<figure id=\"attachment_30099\" aria-describedby=\"caption-attachment-30099\" style=\"width: 1024px\" class=\"wp-caption aligncenter\"><img loading=\"lazy\" decoding=\"async\" class=\"wp-image-30099 size-full\" src=\"https:\/\/mouldking.store\/wp-content\/uploads\/2022\/02\/Qman-5208-Masha-Laundry-Day-with-22-pieces-2.jpg\" alt=\"Qman 5208 Masha Laundry Day with 22 pieces\" width=\"1024\" height=\"536\" title=\"-\" srcset=\"https:\/\/mouldking.store\/wp-content\/uploads\/2022\/02\/Qman-5208-Masha-Laundry-Day-with-22-pieces-2.jpg 1024w, https:\/\/mouldking.store\/wp-content\/uploads\/2022\/02\/Qman-5208-Masha-Laundry-Day-with-22-pieces-2-300x157.jpg 300w, https:\/\/mouldking.store\/wp-content\/uploads\/2022\/02\/Qman-5208-Masha-Laundry-Day-with-22-pieces-2-768x402.jpg 768w, https:\/\/mouldking.store\/wp-content\/uploads\/2022\/02\/Qman-5208-Masha-Laundry-Day-with-22-pieces-2-600x314.jpg 600w, https:\/\/mouldking.store\/wp-content\/uploads\/2022\/02\/Qman-5208-Masha-Laundry-Day-with-22-pieces-2-150x79.jpg 150w\" sizes=\"(max-width: 1024px) 100vw, 1024px\" \/><figcaption id=\"caption-attachment-30099\" class=\"wp-caption-text\">Qman 5208 Ng\u00e0y gi\u1eb7t Masha 22 chi\u1ebfc<\/figcaption><\/figure>\n<figure id=\"attachment_30098\" aria-describedby=\"caption-attachment-30098\" style=\"width: 800px\" class=\"wp-caption aligncenter\"><img loading=\"lazy\" decoding=\"async\" class=\"wp-image-30098 size-full\" src=\"https:\/\/mouldking.store\/wp-content\/uploads\/2022\/02\/Qman-5208-Masha-Laundry-Day-with-22-pieces-1.jpg\" alt=\"Qman 5208 Masha Laundry Day with 22 pieces\" width=\"800\" height=\"800\" title=\"-\" srcset=\"https:\/\/mouldking.store\/wp-content\/uploads\/2022\/02\/Qman-5208-Masha-Laundry-Day-with-22-pieces-1.jpg 800w, https:\/\/mouldking.store\/wp-content\/uploads\/2022\/02\/Qman-5208-Masha-Laundry-Day-with-22-pieces-1-300x300.jpg 300w, https:\/\/mouldking.store\/wp-content\/uploads\/2022\/02\/Qman-5208-Masha-Laundry-Day-with-22-pieces-1-768x768.jpg 768w, https:\/\/mouldking.store\/wp-content\/uploads\/2022\/02\/Qman-5208-Masha-Laundry-Day-with-22-pieces-1-600x600.jpg 600w, https:\/\/mouldking.store\/wp-content\/uploads\/2022\/02\/Qman-5208-Masha-Laundry-Day-with-22-pieces-1-150x150.jpg 150w\" sizes=\"(max-width: 800px) 100vw, 800px\" \/><figcaption id=\"caption-attachment-30098\" class=\"wp-caption-text\">Qman 5208 Ng\u00e0y gi\u1eb7t Masha 22 chi\u1ebfc<\/figcaption><\/figure>\n<figure id=\"attachment_30100\" aria-describedby=\"caption-attachment-30100\" style=\"width: 800px\" class=\"wp-caption aligncenter\"><img loading=\"lazy\" decoding=\"async\" class=\"wp-image-30100 size-full\" src=\"https:\/\/mouldking.store\/wp-content\/uploads\/2022\/02\/Qman-5208-Masha-Laundry-Day-with-22-pieces-3.jpg\" alt=\"Qman 5208 Masha Laundry Day with 22 pieces\" width=\"800\" height=\"800\" title=\"-\" srcset=\"https:\/\/mouldking.store\/wp-content\/uploads\/2022\/02\/Qman-5208-Masha-Laundry-Day-with-22-pieces-3.jpg 800w, https:\/\/mouldking.store\/wp-content\/uploads\/2022\/02\/Qman-5208-Masha-Laundry-Day-with-22-pieces-3-300x300.jpg 300w, https:\/\/mouldking.store\/wp-content\/uploads\/2022\/02\/Qman-5208-Masha-Laundry-Day-with-22-pieces-3-768x768.jpg 768w, https:\/\/mouldking.store\/wp-content\/uploads\/2022\/02\/Qman-5208-Masha-Laundry-Day-with-22-pieces-3-600x600.jpg 600w, https:\/\/mouldking.store\/wp-content\/uploads\/2022\/02\/Qman-5208-Masha-Laundry-Day-with-22-pieces-3-150x150.jpg 150w\" sizes=\"(max-width: 800px) 100vw, 800px\" \/><figcaption id=\"caption-attachment-30100\" class=\"wp-caption-text\">Qman 5208 Ng\u00e0y gi\u1eb7t Masha 22 chi\u1ebfc<\/figcaption><\/figure>\n<figure id=\"attachment_30101\" aria-describedby=\"caption-attachment-30101\" style=\"width: 800px\" class=\"wp-caption aligncenter\"><img loading=\"lazy\" decoding=\"async\" class=\"wp-image-30101 size-full\" src=\"https:\/\/mouldking.store\/wp-content\/uploads\/2022\/02\/Qman-5208-Masha-Laundry-Day-with-22-pieces-4.jpg\" alt=\"Qman 5208 Masha Laundry Day with 22 pieces\" width=\"800\" height=\"800\" title=\"-\" srcset=\"https:\/\/mouldking.store\/wp-content\/uploads\/2022\/02\/Qman-5208-Masha-Laundry-Day-with-22-pieces-4.jpg 800w, https:\/\/mouldking.store\/wp-content\/uploads\/2022\/02\/Qman-5208-Masha-Laundry-Day-with-22-pieces-4-300x300.jpg 300w, https:\/\/mouldking.store\/wp-content\/uploads\/2022\/02\/Qman-5208-Masha-Laundry-Day-with-22-pieces-4-768x768.jpg 768w, https:\/\/mouldking.store\/wp-content\/uploads\/2022\/02\/Qman-5208-Masha-Laundry-Day-with-22-pieces-4-600x600.jpg 600w, https:\/\/mouldking.store\/wp-content\/uploads\/2022\/02\/Qman-5208-Masha-Laundry-Day-with-22-pieces-4-150x150.jpg 150w\" sizes=\"(max-width: 800px) 100vw, 800px\" \/><figcaption id=\"caption-attachment-30101\" class=\"wp-caption-text\">Qman 5208 Ng\u00e0y gi\u1eb7t Masha 22 chi\u1ebfc<\/figcaption><\/figure>\n<figure id=\"attachment_30096\" aria-describedby=\"caption-attachment-30096\" style=\"width: 800px\" class=\"wp-caption aligncenter\"><img loading=\"lazy\" decoding=\"async\" class=\"wp-image-30096 size-full\" src=\"https:\/\/mouldking.store\/wp-content\/uploads\/2022\/02\/Qman-5208-Masha-Laundry-Day-with-22-pieces-8.jpg\" alt=\"Qman 5208 Masha Laundry Day with 22 pieces\" width=\"800\" height=\"800\" title=\"-\" srcset=\"https:\/\/mouldking.store\/wp-content\/uploads\/2022\/02\/Qman-5208-Masha-Laundry-Day-with-22-pieces-8.jpg 800w, https:\/\/mouldking.store\/wp-content\/uploads\/2022\/02\/Qman-5208-Masha-Laundry-Day-with-22-pieces-8-300x300.jpg 300w, https:\/\/mouldking.store\/wp-content\/uploads\/2022\/02\/Qman-5208-Masha-Laundry-Day-with-22-pieces-8-768x768.jpg 768w, https:\/\/mouldking.store\/wp-content\/uploads\/2022\/02\/Qman-5208-Masha-Laundry-Day-with-22-pieces-8-600x600.jpg 600w, https:\/\/mouldking.store\/wp-content\/uploads\/2022\/02\/Qman-5208-Masha-Laundry-Day-with-22-pieces-8-150x150.jpg 150w\" sizes=\"(max-width: 800px) 100vw, 800px\" \/><figcaption id=\"caption-attachment-30096\" class=\"wp-caption-text\">Qman 5208 Ng\u00e0y gi\u1eb7t Masha 22 chi\u1ebfc<\/figcaption><\/figure>","protected":false},"excerpt":{"rendered":"<p>Product information: Brand: Qman Gender: Unisex Name: Masha Laundry Day Age Range: &gt; 6 years old Model Number: 5208 Classification: Assemblage Plastic Block Shape: Self-Locking Bricks Material: Plastic Plastic Type: ABS Bricks Blocks: 22 PCS Contains detailed assembly instructions. Notice: 1. Without an original box, but we guarantee our products have quality assurance and nice [&hellip;]<\/p>","protected":false},"featured_media":30098,"comment_status":"closed","ping_status":"closed","template":"","meta":{"_acf_changed":false},"product_cat":[581],"product_tag":[4860,4861,4825,4859,4125,4858,4857,4856],"class_list":["product","first","instock","shipping-taxable","purchasable","product-type-simple"],"acf":[],"_links":{"self":[{"href":"https:\/\/mouldking.store\/vi\/wp-json\/wp\/v2\/product\/30093","targetHints":{"allow":["GET"]}}],"collection":[{"href":"https:\/\/mouldking.store\/vi\/wp-json\/wp\/v2\/product"}],"about":[{"href":"https:\/\/mouldking.store\/vi\/wp-json\/wp\/v2\/types\/product"}],"replies":[{"embeddable":true,"href":"https:\/\/mouldking.store\/vi\/wp-json\/wp\/v2\/comments?post=30093"}],"wp:featuredmedia":[{"embeddable":true,"href":"https:\/\/mouldking.store\/vi\/wp-json\/wp\/v2\/media\/30098"}],"wp:attachment":[{"href":"https:\/\/mouldking.store\/vi\/wp-json\/wp\/v2\/media?parent=30093"}],"wp:term":[{"taxonomy":"product_cat","embeddable":true,"href":"https:\/\/mouldking.store\/vi\/wp-json\/wp\/v2\/product_cat?post=30093"},{"taxonomy":"product_tag","embeddable":true,"href":"https:\/\/mouldking.store\/vi\/wp-json\/wp\/v2\/product_tag?post=30093"}],"curies":[{"name":"wp","href":"https:\/\/api.w.org\/{rel}","templated":true}]}}