{"id":30115,"date":"2022-03-01T13:06:27","date_gmt":"2022-03-01T06:06:27","guid":{"rendered":"https:\/\/mouldking.store\/?post_type=product&#038;p=30115"},"modified":"2022-03-01T13:06:27","modified_gmt":"2022-03-01T06:06:27","slug":"qman-a0110-a0115-doraemon","status":"publish","type":"product","link":"https:\/\/mouldking.store\/vi\/shop\/qman-a0110-a0115-doraemon\/","title":{"rendered":"Qman A0110-A0115 Doraemon"},"content":{"rendered":"<p>Th\u00f4ng tin s\u1ea3n ph\u1ea9m:<\/p>\n<ol>\n<li>Th\u01b0\u01a1ng hi\u1ec7u: Qman<\/li>\n<li>Gi\u1edbi t\u00ednh: Unisex<\/li>\n<li>Name: Doraemon<\/li>\n<li>\u0110\u1ed9 tu\u1ed5i: &gt; 6 tu\u1ed5i<\/li>\n<li>Model Number: A0110-A0115<\/li>\n<li>Ph\u00e2n lo\u1ea1i: T\u1eadp h\u1ee3p<\/li>\n<li>H\u00ecnh d\u1ea1ng kh\u1ed1i nh\u1ef1a: G\u1ea1ch t\u1ef1 kh\u00f3a<\/li>\n<li>Ch\u1ea5t li\u1ec7u: Nh\u1ef1a<\/li>\n<li>Lo\u1ea1i nh\u1ef1a: ABS<\/li>\n<li>Bricks Blocks: A0110 ~125+PCS,\u00a0 A0111 ~154+PCS, A0112 ~131+PCS, A0113 ~137+PCS, A0114 ~137+PCS, A0115 ~143+PCS<\/li>\n<li>Ch\u1ee9a h\u01b0\u1edbng d\u1eabn l\u1eafp r\u00e1p chi ti\u1ebft.<\/li>\n<\/ol>\n<p>\u0110\u1ec3 \u00fd:<br \/>\n1. Kh\u00f4ng c\u00f3 h\u1ed9p ban \u0111\u1ea7u, nh\u01b0ng ch\u00fang t\u00f4i \u0111\u1ea3m b\u1ea3o s\u1ea3n ph\u1ea9m c\u1ee7a ch\u00fang t\u00f4i c\u00f3 ch\u1ea5t l\u01b0\u1ee3ng \u0111\u1ea3m b\u1ea3o v\u00e0 bao b\u00ec \u0111\u1eb9p.<br \/>\n2. V\u00ec t\u1ea5t c\u1ea3 c\u00e1c b\u1ed9 ph\u1eadn ch\u00fang t\u00f4i \u0111\u00e3 ki\u1ec3m tra tr\u01b0\u1edbc khi v\u1eadn chuy\u1ec3n, v\u00ec v\u1eady n\u1ebfu b\u1ea1n th\u1ea5y m\u1ed9t s\u1ed1 b\u1ed9 ph\u1eadn b\u1ecb thi\u1ebfu ho\u1eb7c h\u01b0 h\u1ecfng, \u0111\u1eebng lo l\u1eafng v\u00e0 ch\u1ec9 c\u1ea7n vui l\u00f2ng li\u00ean h\u1ec7 v\u1edbi ch\u00fang t\u00f4i v\u00e0 ch\u00fang t\u00f4i c\u00f3 th\u1ec3 g\u1eedi l\u1ea1i mi\u1ec5n ph\u00ed cho b\u1ea1n ngay l\u1eadp t\u1ee9c.<\/p>\n<figure id=\"attachment_30116\" aria-describedby=\"caption-attachment-30116\" style=\"width: 800px\" class=\"wp-caption aligncenter\"><img fetchpriority=\"high\" decoding=\"async\" class=\"wp-image-30116 size-full\" src=\"https:\/\/mouldking.store\/wp-content\/uploads\/2022\/03\/Qman-A0110-A0115-Doraemon-1.jpg\" alt=\"Qman A0110-A0115 Doraemon\" width=\"800\" height=\"800\" title=\"-\" srcset=\"https:\/\/mouldking.store\/wp-content\/uploads\/2022\/03\/Qman-A0110-A0115-Doraemon-1.jpg 800w, https:\/\/mouldking.store\/wp-content\/uploads\/2022\/03\/Qman-A0110-A0115-Doraemon-1-300x300.jpg 300w, https:\/\/mouldking.store\/wp-content\/uploads\/2022\/03\/Qman-A0110-A0115-Doraemon-1-768x768.jpg 768w, https:\/\/mouldking.store\/wp-content\/uploads\/2022\/03\/Qman-A0110-A0115-Doraemon-1-600x600.jpg 600w, https:\/\/mouldking.store\/wp-content\/uploads\/2022\/03\/Qman-A0110-A0115-Doraemon-1-150x150.jpg 150w\" sizes=\"(max-width: 800px) 100vw, 800px\" \/><figcaption id=\"caption-attachment-30116\" class=\"wp-caption-text\">Qman A0110-A0115 Doraemon<\/figcaption><\/figure>\n<figure id=\"attachment_30117\" aria-describedby=\"caption-attachment-30117\" style=\"width: 632px\" class=\"wp-caption aligncenter\"><img decoding=\"async\" class=\"wp-image-30117 size-full\" src=\"https:\/\/mouldking.store\/wp-content\/uploads\/2022\/03\/Qman-A0110-A0115-Doraemon-1.png\" alt=\"Qman A0110-A0115 Doraemon\" width=\"632\" height=\"451\" title=\"-\" srcset=\"https:\/\/mouldking.store\/wp-content\/uploads\/2022\/03\/Qman-A0110-A0115-Doraemon-1.png 632w, https:\/\/mouldking.store\/wp-content\/uploads\/2022\/03\/Qman-A0110-A0115-Doraemon-1-300x214.png 300w, https:\/\/mouldking.store\/wp-content\/uploads\/2022\/03\/Qman-A0110-A0115-Doraemon-1-600x428.png 600w, https:\/\/mouldking.store\/wp-content\/uploads\/2022\/03\/Qman-A0110-A0115-Doraemon-1-150x107.png 150w\" sizes=\"(max-width: 632px) 100vw, 632px\" \/><figcaption id=\"caption-attachment-30117\" class=\"wp-caption-text\">Qman A0110-A0115 Doraemon<\/figcaption><\/figure>\n<figure id=\"attachment_30118\" aria-describedby=\"caption-attachment-30118\" style=\"width: 633px\" class=\"wp-caption aligncenter\"><img decoding=\"async\" class=\"wp-image-30118 size-full\" src=\"https:\/\/mouldking.store\/wp-content\/uploads\/2022\/03\/Qman-A0110-A0115-Doraemon-2.png\" alt=\"Qman A0110-A0115 Doraemon\" width=\"633\" height=\"452\" title=\"-\" srcset=\"https:\/\/mouldking.store\/wp-content\/uploads\/2022\/03\/Qman-A0110-A0115-Doraemon-2.png 633w, https:\/\/mouldking.store\/wp-content\/uploads\/2022\/03\/Qman-A0110-A0115-Doraemon-2-300x214.png 300w, https:\/\/mouldking.store\/wp-content\/uploads\/2022\/03\/Qman-A0110-A0115-Doraemon-2-600x428.png 600w, https:\/\/mouldking.store\/wp-content\/uploads\/2022\/03\/Qman-A0110-A0115-Doraemon-2-150x107.png 150w\" sizes=\"(max-width: 633px) 100vw, 633px\" \/><figcaption id=\"caption-attachment-30118\" class=\"wp-caption-text\">Qman A0110-A0115 Doraemon<\/figcaption><\/figure>\n<figure id=\"attachment_30119\" aria-describedby=\"caption-attachment-30119\" style=\"width: 637px\" class=\"wp-caption aligncenter\"><img loading=\"lazy\" decoding=\"async\" class=\"wp-image-30119 size-full\" src=\"https:\/\/mouldking.store\/wp-content\/uploads\/2022\/03\/Qman-A0110-A0115-Doraemon-3.png\" alt=\"Qman A0110-A0115 Doraemon\" width=\"637\" height=\"451\" title=\"-\" srcset=\"https:\/\/mouldking.store\/wp-content\/uploads\/2022\/03\/Qman-A0110-A0115-Doraemon-3.png 637w, https:\/\/mouldking.store\/wp-content\/uploads\/2022\/03\/Qman-A0110-A0115-Doraemon-3-300x212.png 300w, https:\/\/mouldking.store\/wp-content\/uploads\/2022\/03\/Qman-A0110-A0115-Doraemon-3-600x425.png 600w, https:\/\/mouldking.store\/wp-content\/uploads\/2022\/03\/Qman-A0110-A0115-Doraemon-3-150x106.png 150w\" sizes=\"(max-width: 637px) 100vw, 637px\" \/><figcaption id=\"caption-attachment-30119\" class=\"wp-caption-text\">Qman A0110-A0115 Doraemon<\/figcaption><\/figure>\n<figure id=\"attachment_30120\" aria-describedby=\"caption-attachment-30120\" style=\"width: 639px\" class=\"wp-caption aligncenter\"><img loading=\"lazy\" decoding=\"async\" class=\"wp-image-30120 size-full\" src=\"https:\/\/mouldking.store\/wp-content\/uploads\/2022\/03\/Qman-A0110-A0115-Doraemon-4.png\" alt=\"Qman A0110-A0115 Doraemon\" width=\"639\" height=\"447\" title=\"-\" srcset=\"https:\/\/mouldking.store\/wp-content\/uploads\/2022\/03\/Qman-A0110-A0115-Doraemon-4.png 639w, https:\/\/mouldking.store\/wp-content\/uploads\/2022\/03\/Qman-A0110-A0115-Doraemon-4-300x210.png 300w, https:\/\/mouldking.store\/wp-content\/uploads\/2022\/03\/Qman-A0110-A0115-Doraemon-4-600x420.png 600w, https:\/\/mouldking.store\/wp-content\/uploads\/2022\/03\/Qman-A0110-A0115-Doraemon-4-150x105.png 150w\" sizes=\"(max-width: 639px) 100vw, 639px\" \/><figcaption id=\"caption-attachment-30120\" class=\"wp-caption-text\">Qman A0110-A0115 Doraemon<\/figcaption><\/figure>\n<figure id=\"attachment_30121\" aria-describedby=\"caption-attachment-30121\" style=\"width: 640px\" class=\"wp-caption aligncenter\"><img loading=\"lazy\" decoding=\"async\" class=\"wp-image-30121 size-full\" src=\"https:\/\/mouldking.store\/wp-content\/uploads\/2022\/03\/Qman-A0110-A0115-Doraemon-5.png\" alt=\"Qman A0110-A0115 Doraemon\" width=\"640\" height=\"446\" title=\"-\" srcset=\"https:\/\/mouldking.store\/wp-content\/uploads\/2022\/03\/Qman-A0110-A0115-Doraemon-5.png 640w, https:\/\/mouldking.store\/wp-content\/uploads\/2022\/03\/Qman-A0110-A0115-Doraemon-5-300x209.png 300w, https:\/\/mouldking.store\/wp-content\/uploads\/2022\/03\/Qman-A0110-A0115-Doraemon-5-600x418.png 600w, https:\/\/mouldking.store\/wp-content\/uploads\/2022\/03\/Qman-A0110-A0115-Doraemon-5-150x105.png 150w\" sizes=\"(max-width: 640px) 100vw, 640px\" \/><figcaption id=\"caption-attachment-30121\" class=\"wp-caption-text\">Qman A0110-A0115 Doraemon<\/figcaption><\/figure>\n<figure id=\"attachment_30122\" aria-describedby=\"caption-attachment-30122\" style=\"width: 640px\" class=\"wp-caption aligncenter\"><img loading=\"lazy\" decoding=\"async\" class=\"wp-image-30122 size-full\" src=\"https:\/\/mouldking.store\/wp-content\/uploads\/2022\/03\/Qman-A0110-A0115-Doraemon-6.png\" alt=\"Qman A0110-A0115 Doraemon\" width=\"640\" height=\"450\" title=\"-\" srcset=\"https:\/\/mouldking.store\/wp-content\/uploads\/2022\/03\/Qman-A0110-A0115-Doraemon-6.png 640w, https:\/\/mouldking.store\/wp-content\/uploads\/2022\/03\/Qman-A0110-A0115-Doraemon-6-300x211.png 300w, https:\/\/mouldking.store\/wp-content\/uploads\/2022\/03\/Qman-A0110-A0115-Doraemon-6-600x422.png 600w, https:\/\/mouldking.store\/wp-content\/uploads\/2022\/03\/Qman-A0110-A0115-Doraemon-6-150x105.png 150w\" sizes=\"(max-width: 640px) 100vw, 640px\" \/><figcaption id=\"caption-attachment-30122\" class=\"wp-caption-text\">Qman A0110-A0115 Doraemon<\/figcaption><\/figure>","protected":false},"excerpt":{"rendered":"<p>Product information: Brand: Qman Gender: Unisex Name: Doraemon Age Range: &gt; 6 years old Model Number: A0110-A0115 Classification: Assemblage Plastic Block Shape: Self-Locking Bricks Material: Plastic Plastic Type: ABS Bricks Blocks: A0110 ~125+PCS,\u00a0 A0111 ~154+PCS, A0112 ~131+PCS, A0113 ~137+PCS, A0114 ~137+PCS, A0115 ~143+PCS Contains detailed assembly instructions. Notice: 1. Without an original box, but we [&hellip;]<\/p>","protected":false},"featured_media":30116,"comment_status":"closed","ping_status":"closed","template":"","meta":{"_acf_changed":false},"product_cat":[581],"product_tag":[4864,4492,4125,4863,4862,4865,4866,4867,4868,4869],"class_list":["product","first","instock","shipping-taxable","purchasable","product-type-variable"],"acf":[],"_links":{"self":[{"href":"https:\/\/mouldking.store\/vi\/wp-json\/wp\/v2\/product\/30115","targetHints":{"allow":["GET"]}}],"collection":[{"href":"https:\/\/mouldking.store\/vi\/wp-json\/wp\/v2\/product"}],"about":[{"href":"https:\/\/mouldking.store\/vi\/wp-json\/wp\/v2\/types\/product"}],"replies":[{"embeddable":true,"href":"https:\/\/mouldking.store\/vi\/wp-json\/wp\/v2\/comments?post=30115"}],"wp:featuredmedia":[{"embeddable":true,"href":"https:\/\/mouldking.store\/vi\/wp-json\/wp\/v2\/media\/30116"}],"wp:attachment":[{"href":"https:\/\/mouldking.store\/vi\/wp-json\/wp\/v2\/media?parent=30115"}],"wp:term":[{"taxonomy":"product_cat","embeddable":true,"href":"https:\/\/mouldking.store\/vi\/wp-json\/wp\/v2\/product_cat?post=30115"},{"taxonomy":"product_tag","embeddable":true,"href":"https:\/\/mouldking.store\/vi\/wp-json\/wp\/v2\/product_tag?post=30115"}],"curies":[{"name":"wp","href":"https:\/\/api.w.org\/{rel}","templated":true}]}}