{"id":30130,"date":"2022-03-01T14:01:15","date_gmt":"2022-03-01T07:01:15","guid":{"rendered":"https:\/\/mouldking.store\/?post_type=product&#038;p=30130"},"modified":"2022-03-01T14:01:15","modified_gmt":"2022-03-01T07:01:15","slug":"qman-41213-41218-super-set-change-rubiks-cube","status":"publish","type":"product","link":"https:\/\/mouldking.store\/vi\/shop\/qman-41213-41218-super-set-change-rubiks-cube\/","title":{"rendered":"Qman 41213-41218 Super Set Thay \u0111\u1ed5i kh\u1ed1i Rubik"},"content":{"rendered":"<p>Th\u00f4ng tin s\u1ea3n ph\u1ea9m:<\/p>\n<ol>\n<li>Th\u01b0\u01a1ng hi\u1ec7u: Qman<\/li>\n<li>Gi\u1edbi t\u00ednh: Unisex<\/li>\n<li>T\u00ean: Super Set Thay \u0111\u1ed5i kh\u1ed1i Rubik<\/li>\n<li>\u0110\u1ed9 tu\u1ed5i: &gt; 6 tu\u1ed5i<\/li>\n<li>Model Number: 41213-41218<\/li>\n<li>Ph\u00e2n lo\u1ea1i: T\u1eadp h\u1ee3p<\/li>\n<li>H\u00ecnh d\u1ea1ng kh\u1ed1i nh\u1ef1a: G\u1ea1ch t\u1ef1 kh\u00f3a<\/li>\n<li>Ch\u1ea5t li\u1ec7u: Nh\u1ef1a<\/li>\n<li>Lo\u1ea1i nh\u1ef1a: ABS<\/li>\n<li>Bricks Blocks: 41213 ~172+PCS, 41214 ~155+PCS, 41215 ~150+PCS, 41216 ~142+PCS, 41217\u00a0 ~150+PCS, 41218\u00a0 ~158+PCS,\u00a0 \u00a0 \u00a0 \u00a0 \u00a0 \u00a0 \u00a0 \u00a0 \u00a0 \u00a0 \u00a0 \u00a0 \u00a0 \u00a0 \u00a0 \u00a0 \u00a0 \u00a0 \u00a0 \u00a0 \u00a0 \u00a0 \u00a0 \u00a0 \u00a0 41213-41218 \u00a0~927+PCS<\/li>\n<li>Ch\u1ee9a h\u01b0\u1edbng d\u1eabn l\u1eafp r\u00e1p chi ti\u1ebft.<\/li>\n<\/ol>\n<p>\u0110\u1ec3 \u00fd:<br \/>\n1. Kh\u00f4ng c\u00f3 h\u1ed9p ban \u0111\u1ea7u, nh\u01b0ng ch\u00fang t\u00f4i \u0111\u1ea3m b\u1ea3o s\u1ea3n ph\u1ea9m c\u1ee7a ch\u00fang t\u00f4i c\u00f3 ch\u1ea5t l\u01b0\u1ee3ng \u0111\u1ea3m b\u1ea3o v\u00e0 bao b\u00ec \u0111\u1eb9p.<br \/>\n2. V\u00ec t\u1ea5t c\u1ea3 c\u00e1c b\u1ed9 ph\u1eadn ch\u00fang t\u00f4i \u0111\u00e3 ki\u1ec3m tra tr\u01b0\u1edbc khi v\u1eadn chuy\u1ec3n, v\u00ec v\u1eady n\u1ebfu b\u1ea1n th\u1ea5y m\u1ed9t s\u1ed1 b\u1ed9 ph\u1eadn b\u1ecb thi\u1ebfu ho\u1eb7c h\u01b0 h\u1ecfng, \u0111\u1eebng lo l\u1eafng v\u00e0 ch\u1ec9 c\u1ea7n vui l\u00f2ng li\u00ean h\u1ec7 v\u1edbi ch\u00fang t\u00f4i v\u00e0 ch\u00fang t\u00f4i c\u00f3 th\u1ec3 g\u1eedi l\u1ea1i mi\u1ec5n ph\u00ed cho b\u1ea1n ngay l\u1eadp t\u1ee9c.<\/p>\n<figure id=\"attachment_30131\" aria-describedby=\"caption-attachment-30131\" style=\"width: 800px\" class=\"wp-caption aligncenter\"><img fetchpriority=\"high\" decoding=\"async\" class=\"wp-image-30131 size-full\" src=\"https:\/\/mouldking.store\/wp-content\/uploads\/2022\/03\/Qman-41213-41218-Super-Set-Change-Rubiks-Cube-1.jpg\" alt=\"Qman 41213-41218 Super Set Change Rubik&#039;s Cube\" width=\"800\" height=\"800\" title=\"-\" srcset=\"https:\/\/mouldking.store\/wp-content\/uploads\/2022\/03\/Qman-41213-41218-Super-Set-Change-Rubiks-Cube-1.jpg 800w, https:\/\/mouldking.store\/wp-content\/uploads\/2022\/03\/Qman-41213-41218-Super-Set-Change-Rubiks-Cube-1-300x300.jpg 300w, https:\/\/mouldking.store\/wp-content\/uploads\/2022\/03\/Qman-41213-41218-Super-Set-Change-Rubiks-Cube-1-768x768.jpg 768w, https:\/\/mouldking.store\/wp-content\/uploads\/2022\/03\/Qman-41213-41218-Super-Set-Change-Rubiks-Cube-1-600x600.jpg 600w, https:\/\/mouldking.store\/wp-content\/uploads\/2022\/03\/Qman-41213-41218-Super-Set-Change-Rubiks-Cube-1-150x150.jpg 150w\" sizes=\"(max-width: 800px) 100vw, 800px\" \/><figcaption id=\"caption-attachment-30131\" class=\"wp-caption-text\">Qman 41213-41218 Super Set Thay \u0111\u1ed5i kh\u1ed1i Rubik<\/figcaption><\/figure>\n<figure id=\"attachment_30132\" aria-describedby=\"caption-attachment-30132\" style=\"width: 790px\" class=\"wp-caption aligncenter\"><img decoding=\"async\" class=\"wp-image-30132 size-full\" src=\"https:\/\/mouldking.store\/wp-content\/uploads\/2022\/03\/Qman-41213-41218-Super-Set-Change-Rubiks-Cube-2.jpg\" alt=\"Qman 41213-41218 Super Set Change Rubik&#039;s Cube\" width=\"790\" height=\"704\" title=\"-\" srcset=\"https:\/\/mouldking.store\/wp-content\/uploads\/2022\/03\/Qman-41213-41218-Super-Set-Change-Rubiks-Cube-2.jpg 790w, https:\/\/mouldking.store\/wp-content\/uploads\/2022\/03\/Qman-41213-41218-Super-Set-Change-Rubiks-Cube-2-300x267.jpg 300w, https:\/\/mouldking.store\/wp-content\/uploads\/2022\/03\/Qman-41213-41218-Super-Set-Change-Rubiks-Cube-2-768x684.jpg 768w, https:\/\/mouldking.store\/wp-content\/uploads\/2022\/03\/Qman-41213-41218-Super-Set-Change-Rubiks-Cube-2-600x535.jpg 600w, https:\/\/mouldking.store\/wp-content\/uploads\/2022\/03\/Qman-41213-41218-Super-Set-Change-Rubiks-Cube-2-150x134.jpg 150w\" sizes=\"(max-width: 790px) 100vw, 790px\" \/><figcaption id=\"caption-attachment-30132\" class=\"wp-caption-text\">Qman 41213-41218 Super Set Thay \u0111\u1ed5i kh\u1ed1i Rubik<\/figcaption><\/figure>\n<figure id=\"attachment_30133\" aria-describedby=\"caption-attachment-30133\" style=\"width: 800px\" class=\"wp-caption aligncenter\"><img decoding=\"async\" class=\"wp-image-30133 size-full\" src=\"https:\/\/mouldking.store\/wp-content\/uploads\/2022\/03\/Qman-41213-41218-Super-Set-Change-Rubiks-Cube-3.jpg\" alt=\"Qman 41213-41218 Super Set Change Rubik&#039;s Cube\" width=\"800\" height=\"800\" title=\"-\" srcset=\"https:\/\/mouldking.store\/wp-content\/uploads\/2022\/03\/Qman-41213-41218-Super-Set-Change-Rubiks-Cube-3.jpg 800w, https:\/\/mouldking.store\/wp-content\/uploads\/2022\/03\/Qman-41213-41218-Super-Set-Change-Rubiks-Cube-3-300x300.jpg 300w, https:\/\/mouldking.store\/wp-content\/uploads\/2022\/03\/Qman-41213-41218-Super-Set-Change-Rubiks-Cube-3-768x768.jpg 768w, https:\/\/mouldking.store\/wp-content\/uploads\/2022\/03\/Qman-41213-41218-Super-Set-Change-Rubiks-Cube-3-600x600.jpg 600w, https:\/\/mouldking.store\/wp-content\/uploads\/2022\/03\/Qman-41213-41218-Super-Set-Change-Rubiks-Cube-3-150x150.jpg 150w\" sizes=\"(max-width: 800px) 100vw, 800px\" \/><figcaption id=\"caption-attachment-30133\" class=\"wp-caption-text\">Qman 41213-41218 Super Set Thay \u0111\u1ed5i kh\u1ed1i Rubik<\/figcaption><\/figure>\n<figure id=\"attachment_30134\" aria-describedby=\"caption-attachment-30134\" style=\"width: 800px\" class=\"wp-caption aligncenter\"><img loading=\"lazy\" decoding=\"async\" class=\"wp-image-30134 size-full\" src=\"https:\/\/mouldking.store\/wp-content\/uploads\/2022\/03\/Qman-41213-41218-Super-Set-Change-Rubiks-Cube-4.jpg\" alt=\"Qman 41213-41218 Super Set Change Rubik&#039;s Cube\" width=\"800\" height=\"800\" title=\"-\" srcset=\"https:\/\/mouldking.store\/wp-content\/uploads\/2022\/03\/Qman-41213-41218-Super-Set-Change-Rubiks-Cube-4.jpg 800w, https:\/\/mouldking.store\/wp-content\/uploads\/2022\/03\/Qman-41213-41218-Super-Set-Change-Rubiks-Cube-4-300x300.jpg 300w, https:\/\/mouldking.store\/wp-content\/uploads\/2022\/03\/Qman-41213-41218-Super-Set-Change-Rubiks-Cube-4-768x768.jpg 768w, https:\/\/mouldking.store\/wp-content\/uploads\/2022\/03\/Qman-41213-41218-Super-Set-Change-Rubiks-Cube-4-600x600.jpg 600w, https:\/\/mouldking.store\/wp-content\/uploads\/2022\/03\/Qman-41213-41218-Super-Set-Change-Rubiks-Cube-4-150x150.jpg 150w\" sizes=\"(max-width: 800px) 100vw, 800px\" \/><figcaption id=\"caption-attachment-30134\" class=\"wp-caption-text\">Qman 41213-41218 Super Set Thay \u0111\u1ed5i kh\u1ed1i Rubik<\/figcaption><\/figure>\n<figure id=\"attachment_30135\" aria-describedby=\"caption-attachment-30135\" style=\"width: 810px\" class=\"wp-caption aligncenter\"><img loading=\"lazy\" decoding=\"async\" class=\"wp-image-30135 size-full\" src=\"https:\/\/mouldking.store\/wp-content\/uploads\/2022\/03\/Qman-41213-41218-Super-Set-Change-Rubiks-Cube-5.jpg\" alt=\"Qman 41213-41218 Super Set Change Rubik&#039;s Cube\" width=\"810\" height=\"917\" title=\"-\" srcset=\"https:\/\/mouldking.store\/wp-content\/uploads\/2022\/03\/Qman-41213-41218-Super-Set-Change-Rubiks-Cube-5.jpg 810w, https:\/\/mouldking.store\/wp-content\/uploads\/2022\/03\/Qman-41213-41218-Super-Set-Change-Rubiks-Cube-5-265x300.jpg 265w, https:\/\/mouldking.store\/wp-content\/uploads\/2022\/03\/Qman-41213-41218-Super-Set-Change-Rubiks-Cube-5-768x869.jpg 768w, https:\/\/mouldking.store\/wp-content\/uploads\/2022\/03\/Qman-41213-41218-Super-Set-Change-Rubiks-Cube-5-300x340.jpg 300w, https:\/\/mouldking.store\/wp-content\/uploads\/2022\/03\/Qman-41213-41218-Super-Set-Change-Rubiks-Cube-5-600x679.jpg 600w, https:\/\/mouldking.store\/wp-content\/uploads\/2022\/03\/Qman-41213-41218-Super-Set-Change-Rubiks-Cube-5-132x150.jpg 132w\" sizes=\"(max-width: 810px) 100vw, 810px\" \/><figcaption id=\"caption-attachment-30135\" class=\"wp-caption-text\">Qman 41213-41218 Super Set Thay \u0111\u1ed5i kh\u1ed1i Rubik<\/figcaption><\/figure>\n<figure id=\"attachment_30136\" aria-describedby=\"caption-attachment-30136\" style=\"width: 810px\" class=\"wp-caption aligncenter\"><img loading=\"lazy\" decoding=\"async\" class=\"wp-image-30136 size-full\" src=\"https:\/\/mouldking.store\/wp-content\/uploads\/2022\/03\/Qman-41213-41218-Super-Set-Change-Rubiks-Cube-6.jpg\" alt=\"Qman 41213-41218 Super Set Change Rubik&#039;s Cube\" width=\"810\" height=\"924\" title=\"-\" srcset=\"https:\/\/mouldking.store\/wp-content\/uploads\/2022\/03\/Qman-41213-41218-Super-Set-Change-Rubiks-Cube-6.jpg 810w, https:\/\/mouldking.store\/wp-content\/uploads\/2022\/03\/Qman-41213-41218-Super-Set-Change-Rubiks-Cube-6-263x300.jpg 263w, https:\/\/mouldking.store\/wp-content\/uploads\/2022\/03\/Qman-41213-41218-Super-Set-Change-Rubiks-Cube-6-768x876.jpg 768w, https:\/\/mouldking.store\/wp-content\/uploads\/2022\/03\/Qman-41213-41218-Super-Set-Change-Rubiks-Cube-6-300x342.jpg 300w, https:\/\/mouldking.store\/wp-content\/uploads\/2022\/03\/Qman-41213-41218-Super-Set-Change-Rubiks-Cube-6-600x684.jpg 600w, https:\/\/mouldking.store\/wp-content\/uploads\/2022\/03\/Qman-41213-41218-Super-Set-Change-Rubiks-Cube-6-131x150.jpg 131w\" sizes=\"(max-width: 810px) 100vw, 810px\" \/><figcaption id=\"caption-attachment-30136\" class=\"wp-caption-text\">Qman 41213-41218 Super Set Thay \u0111\u1ed5i kh\u1ed1i Rubik<\/figcaption><\/figure>\n<figure id=\"attachment_30137\" aria-describedby=\"caption-attachment-30137\" style=\"width: 810px\" class=\"wp-caption aligncenter\"><img loading=\"lazy\" decoding=\"async\" class=\"wp-image-30137 size-full\" src=\"https:\/\/mouldking.store\/wp-content\/uploads\/2022\/03\/Qman-41213-41218-Super-Set-Change-Rubiks-Cube-7.jpg\" alt=\"Qman 41213-41218 Super Set Change Rubik&#039;s Cube\" width=\"810\" height=\"927\" title=\"-\" srcset=\"https:\/\/mouldking.store\/wp-content\/uploads\/2022\/03\/Qman-41213-41218-Super-Set-Change-Rubiks-Cube-7.jpg 810w, https:\/\/mouldking.store\/wp-content\/uploads\/2022\/03\/Qman-41213-41218-Super-Set-Change-Rubiks-Cube-7-262x300.jpg 262w, https:\/\/mouldking.store\/wp-content\/uploads\/2022\/03\/Qman-41213-41218-Super-Set-Change-Rubiks-Cube-7-768x879.jpg 768w, https:\/\/mouldking.store\/wp-content\/uploads\/2022\/03\/Qman-41213-41218-Super-Set-Change-Rubiks-Cube-7-300x343.jpg 300w, https:\/\/mouldking.store\/wp-content\/uploads\/2022\/03\/Qman-41213-41218-Super-Set-Change-Rubiks-Cube-7-600x687.jpg 600w, https:\/\/mouldking.store\/wp-content\/uploads\/2022\/03\/Qman-41213-41218-Super-Set-Change-Rubiks-Cube-7-131x150.jpg 131w\" sizes=\"(max-width: 810px) 100vw, 810px\" \/><figcaption id=\"caption-attachment-30137\" class=\"wp-caption-text\">Qman 41213-41218 Super Set Thay \u0111\u1ed5i kh\u1ed1i Rubik<\/figcaption><\/figure>\n<figure id=\"attachment_30138\" aria-describedby=\"caption-attachment-30138\" style=\"width: 810px\" class=\"wp-caption aligncenter\"><img loading=\"lazy\" decoding=\"async\" class=\"wp-image-30138 size-full\" src=\"https:\/\/mouldking.store\/wp-content\/uploads\/2022\/03\/Qman-41213-41218-Super-Set-Change-Rubiks-Cube-8.jpg\" alt=\"Qman 41213-41218 Super Set Change Rubik&#039;s Cube\" width=\"810\" height=\"927\" title=\"-\" srcset=\"https:\/\/mouldking.store\/wp-content\/uploads\/2022\/03\/Qman-41213-41218-Super-Set-Change-Rubiks-Cube-8.jpg 810w, https:\/\/mouldking.store\/wp-content\/uploads\/2022\/03\/Qman-41213-41218-Super-Set-Change-Rubiks-Cube-8-262x300.jpg 262w, https:\/\/mouldking.store\/wp-content\/uploads\/2022\/03\/Qman-41213-41218-Super-Set-Change-Rubiks-Cube-8-768x879.jpg 768w, https:\/\/mouldking.store\/wp-content\/uploads\/2022\/03\/Qman-41213-41218-Super-Set-Change-Rubiks-Cube-8-300x343.jpg 300w, https:\/\/mouldking.store\/wp-content\/uploads\/2022\/03\/Qman-41213-41218-Super-Set-Change-Rubiks-Cube-8-600x687.jpg 600w, https:\/\/mouldking.store\/wp-content\/uploads\/2022\/03\/Qman-41213-41218-Super-Set-Change-Rubiks-Cube-8-131x150.jpg 131w\" sizes=\"(max-width: 810px) 100vw, 810px\" \/><figcaption id=\"caption-attachment-30138\" class=\"wp-caption-text\">Qman 41213-41218 Super Set Thay \u0111\u1ed5i kh\u1ed1i Rubik<\/figcaption><\/figure>\n<figure id=\"attachment_30139\" aria-describedby=\"caption-attachment-30139\" style=\"width: 810px\" class=\"wp-caption aligncenter\"><img loading=\"lazy\" decoding=\"async\" class=\"wp-image-30139 size-full\" src=\"https:\/\/mouldking.store\/wp-content\/uploads\/2022\/03\/Qman-41213-41218-Super-Set-Change-Rubiks-Cube-9.jpg\" alt=\"Qman 41213-41218 Super Set Change Rubik&#039;s Cube\" width=\"810\" height=\"927\" title=\"-\" srcset=\"https:\/\/mouldking.store\/wp-content\/uploads\/2022\/03\/Qman-41213-41218-Super-Set-Change-Rubiks-Cube-9.jpg 810w, https:\/\/mouldking.store\/wp-content\/uploads\/2022\/03\/Qman-41213-41218-Super-Set-Change-Rubiks-Cube-9-262x300.jpg 262w, https:\/\/mouldking.store\/wp-content\/uploads\/2022\/03\/Qman-41213-41218-Super-Set-Change-Rubiks-Cube-9-768x879.jpg 768w, https:\/\/mouldking.store\/wp-content\/uploads\/2022\/03\/Qman-41213-41218-Super-Set-Change-Rubiks-Cube-9-300x343.jpg 300w, https:\/\/mouldking.store\/wp-content\/uploads\/2022\/03\/Qman-41213-41218-Super-Set-Change-Rubiks-Cube-9-600x687.jpg 600w, https:\/\/mouldking.store\/wp-content\/uploads\/2022\/03\/Qman-41213-41218-Super-Set-Change-Rubiks-Cube-9-131x150.jpg 131w\" sizes=\"(max-width: 810px) 100vw, 810px\" \/><figcaption id=\"caption-attachment-30139\" class=\"wp-caption-text\">Qman 41213-41218 Super Set Thay \u0111\u1ed5i kh\u1ed1i Rubik<\/figcaption><\/figure>\n<figure id=\"attachment_30140\" aria-describedby=\"caption-attachment-30140\" style=\"width: 810px\" class=\"wp-caption aligncenter\"><img loading=\"lazy\" decoding=\"async\" class=\"wp-image-30140 size-full\" src=\"https:\/\/mouldking.store\/wp-content\/uploads\/2022\/03\/Qman-41213-41218-Super-Set-Change-Rubiks-Cube-10.jpg\" alt=\"Qman 41213-41218 Super Set Change Rubik&#039;s Cube\" width=\"810\" height=\"924\" title=\"-\" srcset=\"https:\/\/mouldking.store\/wp-content\/uploads\/2022\/03\/Qman-41213-41218-Super-Set-Change-Rubiks-Cube-10.jpg 810w, https:\/\/mouldking.store\/wp-content\/uploads\/2022\/03\/Qman-41213-41218-Super-Set-Change-Rubiks-Cube-10-263x300.jpg 263w, https:\/\/mouldking.store\/wp-content\/uploads\/2022\/03\/Qman-41213-41218-Super-Set-Change-Rubiks-Cube-10-768x876.jpg 768w, https:\/\/mouldking.store\/wp-content\/uploads\/2022\/03\/Qman-41213-41218-Super-Set-Change-Rubiks-Cube-10-300x342.jpg 300w, https:\/\/mouldking.store\/wp-content\/uploads\/2022\/03\/Qman-41213-41218-Super-Set-Change-Rubiks-Cube-10-600x684.jpg 600w, https:\/\/mouldking.store\/wp-content\/uploads\/2022\/03\/Qman-41213-41218-Super-Set-Change-Rubiks-Cube-10-131x150.jpg 131w\" sizes=\"(max-width: 810px) 100vw, 810px\" \/><figcaption id=\"caption-attachment-30140\" class=\"wp-caption-text\">Qman 41213-41218 Super Set Thay \u0111\u1ed5i kh\u1ed1i Rubik<\/figcaption><\/figure>","protected":false},"excerpt":{"rendered":"<p>Product information: Brand: Qman Gender: Unisex Name: Super Set Change Rubik&#8217;s Cube Age Range: &gt; 6 years old Model Number: 41213-41218 Classification: Assemblage Plastic Block Shape: Self-Locking Bricks Material: Plastic Plastic Type: ABS Bricks Blocks: 41213 ~172+PCS, 41214 ~155+PCS, 41215 ~150+PCS, 41216 ~142+PCS, 41217\u00a0 ~150+PCS, 41218\u00a0 ~158+PCS,\u00a0 \u00a0 \u00a0 \u00a0 \u00a0 \u00a0 \u00a0 \u00a0 \u00a0 [&hellip;]<\/p>","protected":false},"featured_media":30131,"comment_status":"closed","ping_status":"closed","template":"","meta":{"_acf_changed":false},"product_cat":[371],"product_tag":[4646,4872,4871,4870,4873,4874,4875,4876,4877,4639,4644],"class_list":["product","first","instock","shipping-taxable","purchasable","product-type-variable"],"acf":[],"_links":{"self":[{"href":"https:\/\/mouldking.store\/vi\/wp-json\/wp\/v2\/product\/30130","targetHints":{"allow":["GET"]}}],"collection":[{"href":"https:\/\/mouldking.store\/vi\/wp-json\/wp\/v2\/product"}],"about":[{"href":"https:\/\/mouldking.store\/vi\/wp-json\/wp\/v2\/types\/product"}],"replies":[{"embeddable":true,"href":"https:\/\/mouldking.store\/vi\/wp-json\/wp\/v2\/comments?post=30130"}],"wp:featuredmedia":[{"embeddable":true,"href":"https:\/\/mouldking.store\/vi\/wp-json\/wp\/v2\/media\/30131"}],"wp:attachment":[{"href":"https:\/\/mouldking.store\/vi\/wp-json\/wp\/v2\/media?parent=30130"}],"wp:term":[{"taxonomy":"product_cat","embeddable":true,"href":"https:\/\/mouldking.store\/vi\/wp-json\/wp\/v2\/product_cat?post=30130"},{"taxonomy":"product_tag","embeddable":true,"href":"https:\/\/mouldking.store\/vi\/wp-json\/wp\/v2\/product_tag?post=30130"}],"curies":[{"name":"wp","href":"https:\/\/api.w.org\/{rel}","templated":true}]}}