{"id":30173,"date":"2022-03-01T14:34:55","date_gmt":"2022-03-01T07:34:55","guid":{"rendered":"https:\/\/mouldking.store\/?post_type=product&#038;p=30173"},"modified":"2022-03-01T14:34:55","modified_gmt":"2022-03-01T07:34:55","slug":"qman-4802-dilemma-weapon-with-202-pieces","status":"publish","type":"product","link":"https:\/\/mouldking.store\/vi\/shop\/qman-4802-dilemma-weapon-with-202-pieces\/","title":{"rendered":"V\u0169 kh\u00ed ti\u1ebfn tho\u00e1i l\u01b0\u1ee1ng nan Qman 4802 v\u1edbi 202 m\u1ea3nh gh\u00e9p"},"content":{"rendered":"<p>Th\u00f4ng tin s\u1ea3n ph\u1ea9m:<\/p>\n<ol>\n<li>Th\u01b0\u01a1ng hi\u1ec7u: Qman<\/li>\n<li>Gi\u1edbi t\u00ednh: Unisex<\/li>\n<li>T\u00ean: Ti\u1ebfn tho\u00e1i l\u01b0\u1ee1ng nan v\u0169 kh\u00ed<\/li>\n<li>\u0110\u1ed9 tu\u1ed5i: &gt; 6 tu\u1ed5i<\/li>\n<li>S\u1ed1 m\u00f4 h\u00ecnh: 4802<\/li>\n<li>Ph\u00e2n lo\u1ea1i: T\u1eadp h\u1ee3p<\/li>\n<li>H\u00ecnh d\u1ea1ng kh\u1ed1i nh\u1ef1a: G\u1ea1ch t\u1ef1 kh\u00f3a<\/li>\n<li>Ch\u1ea5t li\u1ec7u: Nh\u1ef1a<\/li>\n<li>Lo\u1ea1i nh\u1ef1a: ABS<\/li>\n<li>Kh\u1ed1i g\u1ea1ch: 202 C\u00c1I<\/li>\n<li>Ch\u1ee9a h\u01b0\u1edbng d\u1eabn l\u1eafp r\u00e1p chi ti\u1ebft.<\/li>\n<\/ol>\n<p>\u0110\u1ec3 \u00fd:<br \/>\n1. Kh\u00f4ng c\u00f3 h\u1ed9p ban \u0111\u1ea7u, nh\u01b0ng ch\u00fang t\u00f4i \u0111\u1ea3m b\u1ea3o s\u1ea3n ph\u1ea9m c\u1ee7a ch\u00fang t\u00f4i c\u00f3 ch\u1ea5t l\u01b0\u1ee3ng \u0111\u1ea3m b\u1ea3o v\u00e0 bao b\u00ec \u0111\u1eb9p.<br \/>\n2. V\u00ec t\u1ea5t c\u1ea3 c\u00e1c b\u1ed9 ph\u1eadn ch\u00fang t\u00f4i \u0111\u00e3 ki\u1ec3m tra tr\u01b0\u1edbc khi v\u1eadn chuy\u1ec3n, v\u00ec v\u1eady n\u1ebfu b\u1ea1n th\u1ea5y m\u1ed9t s\u1ed1 b\u1ed9 ph\u1eadn b\u1ecb thi\u1ebfu ho\u1eb7c h\u01b0 h\u1ecfng, \u0111\u1eebng lo l\u1eafng v\u00e0 ch\u1ec9 c\u1ea7n vui l\u00f2ng li\u00ean h\u1ec7 v\u1edbi ch\u00fang t\u00f4i v\u00e0 ch\u00fang t\u00f4i c\u00f3 th\u1ec3 g\u1eedi l\u1ea1i mi\u1ec5n ph\u00ed cho b\u1ea1n ngay l\u1eadp t\u1ee9c.<\/p>\n<figure id=\"attachment_30178\" aria-describedby=\"caption-attachment-30178\" style=\"width: 800px\" class=\"wp-caption aligncenter\"><img fetchpriority=\"high\" decoding=\"async\" class=\"wp-image-30178 size-full\" src=\"https:\/\/mouldking.store\/wp-content\/uploads\/2022\/03\/Qman-4802-Dilemma-Weapon-with-202-pieces-1.jpg\" alt=\"Qman 4802 Dilemma Weapon with 202 pieces\" width=\"800\" height=\"800\" title=\"-\" srcset=\"https:\/\/mouldking.store\/wp-content\/uploads\/2022\/03\/Qman-4802-Dilemma-Weapon-with-202-pieces-1.jpg 800w, https:\/\/mouldking.store\/wp-content\/uploads\/2022\/03\/Qman-4802-Dilemma-Weapon-with-202-pieces-1-300x300.jpg 300w, https:\/\/mouldking.store\/wp-content\/uploads\/2022\/03\/Qman-4802-Dilemma-Weapon-with-202-pieces-1-768x768.jpg 768w, https:\/\/mouldking.store\/wp-content\/uploads\/2022\/03\/Qman-4802-Dilemma-Weapon-with-202-pieces-1-600x600.jpg 600w, https:\/\/mouldking.store\/wp-content\/uploads\/2022\/03\/Qman-4802-Dilemma-Weapon-with-202-pieces-1-150x150.jpg 150w\" sizes=\"(max-width: 800px) 100vw, 800px\" \/><figcaption id=\"caption-attachment-30178\" class=\"wp-caption-text\">V\u0169 kh\u00ed ti\u1ebfn tho\u00e1i l\u01b0\u1ee1ng nan Qman 4802 v\u1edbi 202 m\u1ea3nh gh\u00e9p<\/figcaption><\/figure>\n<figure id=\"attachment_30174\" aria-describedby=\"caption-attachment-30174\" style=\"width: 673px\" class=\"wp-caption aligncenter\"><img decoding=\"async\" class=\"wp-image-30174 size-full\" src=\"https:\/\/mouldking.store\/wp-content\/uploads\/2022\/03\/Qman-4802-Dilemma-Weapon-with-202-pieces-1.png\" alt=\"Qman 4802 Dilemma Weapon with 202 pieces\" width=\"673\" height=\"722\" title=\"-\" srcset=\"https:\/\/mouldking.store\/wp-content\/uploads\/2022\/03\/Qman-4802-Dilemma-Weapon-with-202-pieces-1.png 673w, https:\/\/mouldking.store\/wp-content\/uploads\/2022\/03\/Qman-4802-Dilemma-Weapon-with-202-pieces-1-280x300.png 280w, https:\/\/mouldking.store\/wp-content\/uploads\/2022\/03\/Qman-4802-Dilemma-Weapon-with-202-pieces-1-300x322.png 300w, https:\/\/mouldking.store\/wp-content\/uploads\/2022\/03\/Qman-4802-Dilemma-Weapon-with-202-pieces-1-600x644.png 600w, https:\/\/mouldking.store\/wp-content\/uploads\/2022\/03\/Qman-4802-Dilemma-Weapon-with-202-pieces-1-140x150.png 140w\" sizes=\"(max-width: 673px) 100vw, 673px\" \/><figcaption id=\"caption-attachment-30174\" class=\"wp-caption-text\">V\u0169 kh\u00ed ti\u1ebfn tho\u00e1i l\u01b0\u1ee1ng nan Qman 4802 v\u1edbi 202 m\u1ea3nh gh\u00e9p<\/figcaption><\/figure>\n<figure id=\"attachment_30175\" aria-describedby=\"caption-attachment-30175\" style=\"width: 708px\" class=\"wp-caption aligncenter\"><img decoding=\"async\" class=\"wp-image-30175 size-full\" src=\"https:\/\/mouldking.store\/wp-content\/uploads\/2022\/03\/Qman-4802-Dilemma-Weapon-with-202-pieces-2.png\" alt=\"Qman 4802 Dilemma Weapon with 202 pieces\" width=\"708\" height=\"465\" title=\"-\" srcset=\"https:\/\/mouldking.store\/wp-content\/uploads\/2022\/03\/Qman-4802-Dilemma-Weapon-with-202-pieces-2.png 708w, https:\/\/mouldking.store\/wp-content\/uploads\/2022\/03\/Qman-4802-Dilemma-Weapon-with-202-pieces-2-300x197.png 300w, https:\/\/mouldking.store\/wp-content\/uploads\/2022\/03\/Qman-4802-Dilemma-Weapon-with-202-pieces-2-600x394.png 600w, https:\/\/mouldking.store\/wp-content\/uploads\/2022\/03\/Qman-4802-Dilemma-Weapon-with-202-pieces-2-150x99.png 150w\" sizes=\"(max-width: 708px) 100vw, 708px\" \/><figcaption id=\"caption-attachment-30175\" class=\"wp-caption-text\">V\u0169 kh\u00ed ti\u1ebfn tho\u00e1i l\u01b0\u1ee1ng nan Qman 4802 v\u1edbi 202 m\u1ea3nh gh\u00e9p<\/figcaption><\/figure>\n<figure id=\"attachment_30176\" aria-describedby=\"caption-attachment-30176\" style=\"width: 719px\" class=\"wp-caption aligncenter\"><img loading=\"lazy\" decoding=\"async\" class=\"wp-image-30176 size-full\" src=\"https:\/\/mouldking.store\/wp-content\/uploads\/2022\/03\/Qman-4802-Dilemma-Weapon-with-202-pieces-3.png\" alt=\"Qman 4802 Dilemma Weapon with 202 pieces\" width=\"719\" height=\"507\" title=\"-\" srcset=\"https:\/\/mouldking.store\/wp-content\/uploads\/2022\/03\/Qman-4802-Dilemma-Weapon-with-202-pieces-3.png 719w, https:\/\/mouldking.store\/wp-content\/uploads\/2022\/03\/Qman-4802-Dilemma-Weapon-with-202-pieces-3-300x212.png 300w, https:\/\/mouldking.store\/wp-content\/uploads\/2022\/03\/Qman-4802-Dilemma-Weapon-with-202-pieces-3-600x423.png 600w, https:\/\/mouldking.store\/wp-content\/uploads\/2022\/03\/Qman-4802-Dilemma-Weapon-with-202-pieces-3-150x106.png 150w\" sizes=\"(max-width: 719px) 100vw, 719px\" \/><figcaption id=\"caption-attachment-30176\" class=\"wp-caption-text\">V\u0169 kh\u00ed ti\u1ebfn tho\u00e1i l\u01b0\u1ee1ng nan Qman 4802 v\u1edbi 202 m\u1ea3nh gh\u00e9p<\/figcaption><\/figure>\n<figure id=\"attachment_30177\" aria-describedby=\"caption-attachment-30177\" style=\"width: 790px\" class=\"wp-caption aligncenter\"><img loading=\"lazy\" decoding=\"async\" class=\"wp-image-30177 size-full\" src=\"https:\/\/mouldking.store\/wp-content\/uploads\/2022\/03\/Qman-4802-Dilemma-Weapon-with-202-pieces-2.jpg\" alt=\"Qman 4802 Dilemma Weapon with 202 pieces\" width=\"790\" height=\"654\" title=\"-\" srcset=\"https:\/\/mouldking.store\/wp-content\/uploads\/2022\/03\/Qman-4802-Dilemma-Weapon-with-202-pieces-2.jpg 790w, https:\/\/mouldking.store\/wp-content\/uploads\/2022\/03\/Qman-4802-Dilemma-Weapon-with-202-pieces-2-300x248.jpg 300w, https:\/\/mouldking.store\/wp-content\/uploads\/2022\/03\/Qman-4802-Dilemma-Weapon-with-202-pieces-2-768x636.jpg 768w, https:\/\/mouldking.store\/wp-content\/uploads\/2022\/03\/Qman-4802-Dilemma-Weapon-with-202-pieces-2-600x497.jpg 600w, https:\/\/mouldking.store\/wp-content\/uploads\/2022\/03\/Qman-4802-Dilemma-Weapon-with-202-pieces-2-150x124.jpg 150w\" sizes=\"(max-width: 790px) 100vw, 790px\" \/><figcaption id=\"caption-attachment-30177\" class=\"wp-caption-text\">V\u0169 kh\u00ed ti\u1ebfn tho\u00e1i l\u01b0\u1ee1ng nan Qman 4802 v\u1edbi 202 m\u1ea3nh gh\u00e9p<\/figcaption><\/figure>","protected":false},"excerpt":{"rendered":"<p>Product information: Brand: Qman Gender: Unisex Name: Dilemma Weapon Age Range: &gt; 6 years old Model Number: 4802 Classification: Assemblage Plastic Block Shape: Self-Locking Bricks Material: Plastic Plastic Type: ABS Bricks Blocks: 202 PCS Contains detailed assembly instructions. Notice: 1. Without an original box, but we guarantee our products have quality assurance and nice packaging. [&hellip;]<\/p>","protected":false},"featured_media":30178,"comment_status":"closed","ping_status":"closed","template":"","meta":{"_acf_changed":false},"product_cat":[372],"product_tag":[4893,4894,4892,4125,4891,4890,4889,3243],"class_list":["product","first","instock","shipping-taxable","purchasable","product-type-simple"],"acf":[],"_links":{"self":[{"href":"https:\/\/mouldking.store\/vi\/wp-json\/wp\/v2\/product\/30173","targetHints":{"allow":["GET"]}}],"collection":[{"href":"https:\/\/mouldking.store\/vi\/wp-json\/wp\/v2\/product"}],"about":[{"href":"https:\/\/mouldking.store\/vi\/wp-json\/wp\/v2\/types\/product"}],"replies":[{"embeddable":true,"href":"https:\/\/mouldking.store\/vi\/wp-json\/wp\/v2\/comments?post=30173"}],"wp:featuredmedia":[{"embeddable":true,"href":"https:\/\/mouldking.store\/vi\/wp-json\/wp\/v2\/media\/30178"}],"wp:attachment":[{"href":"https:\/\/mouldking.store\/vi\/wp-json\/wp\/v2\/media?parent=30173"}],"wp:term":[{"taxonomy":"product_cat","embeddable":true,"href":"https:\/\/mouldking.store\/vi\/wp-json\/wp\/v2\/product_cat?post=30173"},{"taxonomy":"product_tag","embeddable":true,"href":"https:\/\/mouldking.store\/vi\/wp-json\/wp\/v2\/product_tag?post=30173"}],"curies":[{"name":"wp","href":"https:\/\/api.w.org\/{rel}","templated":true}]}}