{"id":30179,"date":"2022-03-01T14:42:01","date_gmt":"2022-03-01T07:42:01","guid":{"rendered":"https:\/\/mouldking.store\/?post_type=product&#038;p=30179"},"modified":"2022-03-01T14:42:01","modified_gmt":"2022-03-01T07:42:01","slug":"qman-12011-fire-rescue-mini-set-4-in-1-with-410-pieces","status":"publish","type":"product","link":"https:\/\/mouldking.store\/vi\/shop\/qman-12011-fire-rescue-mini-set-4-in-1-with-410-pieces\/","title":{"rendered":"B\u1ed9 C\u1ee9u H\u1ecfa Mini Qman 12011 4 trong 1 g\u1ed3m 410 chi ti\u1ebft"},"content":{"rendered":"<p>Th\u00f4ng tin s\u1ea3n ph\u1ea9m:<\/p>\n<ol>\n<li>Th\u01b0\u01a1ng hi\u1ec7u: Qman<\/li>\n<li>Gi\u1edbi t\u00ednh: Unisex<\/li>\n<li>Name: Fire Rescue Mini Set 4 in 1<\/li>\n<li>\u0110\u1ed9 tu\u1ed5i: &gt; 6 tu\u1ed5i<\/li>\n<li>S\u1ed1 m\u00f4 h\u00ecnh: 12011<\/li>\n<li>Ph\u00e2n lo\u1ea1i: T\u1eadp h\u1ee3p<\/li>\n<li>H\u00ecnh d\u1ea1ng kh\u1ed1i nh\u1ef1a: G\u1ea1ch t\u1ef1 kh\u00f3a<\/li>\n<li>Ch\u1ea5t li\u1ec7u: Nh\u1ef1a<\/li>\n<li>Lo\u1ea1i nh\u1ef1a: ABS<\/li>\n<li>Kh\u1ed1i g\u1ea1ch: 410 C\u00c1I<\/li>\n<li>Ch\u1ee9a h\u01b0\u1edbng d\u1eabn l\u1eafp r\u00e1p chi ti\u1ebft.<\/li>\n<\/ol>\n<p>\u0110\u1ec3 \u00fd:<br \/>\n1. Kh\u00f4ng c\u00f3 h\u1ed9p ban \u0111\u1ea7u, nh\u01b0ng ch\u00fang t\u00f4i \u0111\u1ea3m b\u1ea3o s\u1ea3n ph\u1ea9m c\u1ee7a ch\u00fang t\u00f4i c\u00f3 ch\u1ea5t l\u01b0\u1ee3ng \u0111\u1ea3m b\u1ea3o v\u00e0 bao b\u00ec \u0111\u1eb9p.<br \/>\n2. V\u00ec t\u1ea5t c\u1ea3 c\u00e1c b\u1ed9 ph\u1eadn ch\u00fang t\u00f4i \u0111\u00e3 ki\u1ec3m tra tr\u01b0\u1edbc khi v\u1eadn chuy\u1ec3n, v\u00ec v\u1eady n\u1ebfu b\u1ea1n th\u1ea5y m\u1ed9t s\u1ed1 b\u1ed9 ph\u1eadn b\u1ecb thi\u1ebfu ho\u1eb7c h\u01b0 h\u1ecfng, \u0111\u1eebng lo l\u1eafng v\u00e0 ch\u1ec9 c\u1ea7n vui l\u00f2ng li\u00ean h\u1ec7 v\u1edbi ch\u00fang t\u00f4i v\u00e0 ch\u00fang t\u00f4i c\u00f3 th\u1ec3 g\u1eedi l\u1ea1i mi\u1ec5n ph\u00ed cho b\u1ea1n ngay l\u1eadp t\u1ee9c.<\/p>\n<figure id=\"attachment_30191\" aria-describedby=\"caption-attachment-30191\" style=\"width: 790px\" class=\"wp-caption aligncenter\"><img fetchpriority=\"high\" decoding=\"async\" class=\"wp-image-30191 size-full\" src=\"https:\/\/mouldking.store\/wp-content\/uploads\/2022\/03\/Qman-12011-Fire-Rescue-Mini-Set-4-in-1-with-410-pieces-12.jpg\" alt=\"Qman 12011 Fire Rescue Mini Set 4 in 1 with 410 pieces\" width=\"790\" height=\"610\" title=\"-\" srcset=\"https:\/\/mouldking.store\/wp-content\/uploads\/2022\/03\/Qman-12011-Fire-Rescue-Mini-Set-4-in-1-with-410-pieces-12.jpg 790w, https:\/\/mouldking.store\/wp-content\/uploads\/2022\/03\/Qman-12011-Fire-Rescue-Mini-Set-4-in-1-with-410-pieces-12-300x232.jpg 300w, https:\/\/mouldking.store\/wp-content\/uploads\/2022\/03\/Qman-12011-Fire-Rescue-Mini-Set-4-in-1-with-410-pieces-12-768x593.jpg 768w, https:\/\/mouldking.store\/wp-content\/uploads\/2022\/03\/Qman-12011-Fire-Rescue-Mini-Set-4-in-1-with-410-pieces-12-600x463.jpg 600w, https:\/\/mouldking.store\/wp-content\/uploads\/2022\/03\/Qman-12011-Fire-Rescue-Mini-Set-4-in-1-with-410-pieces-12-150x116.jpg 150w\" sizes=\"(max-width: 790px) 100vw, 790px\" \/><figcaption id=\"caption-attachment-30191\" class=\"wp-caption-text\">B\u1ed9 C\u1ee9u H\u1ecfa Mini Qman 12011 4 trong 1 g\u1ed3m 410 chi ti\u1ebft<\/figcaption><\/figure>\n<figure id=\"attachment_30185\" aria-describedby=\"caption-attachment-30185\" style=\"width: 738px\" class=\"wp-caption aligncenter\"><img decoding=\"async\" class=\"wp-image-30185 size-full\" src=\"https:\/\/mouldking.store\/wp-content\/uploads\/2022\/03\/Qman-12011-Fire-Rescue-Mini-Set-4-in-1-with-410-pieces-6.jpg\" alt=\"Qman 12011 Fire Rescue Mini Set 4 in 1 with 410 pieces\" width=\"738\" height=\"1024\" title=\"-\" srcset=\"https:\/\/mouldking.store\/wp-content\/uploads\/2022\/03\/Qman-12011-Fire-Rescue-Mini-Set-4-in-1-with-410-pieces-6.jpg 738w, https:\/\/mouldking.store\/wp-content\/uploads\/2022\/03\/Qman-12011-Fire-Rescue-Mini-Set-4-in-1-with-410-pieces-6-216x300.jpg 216w, https:\/\/mouldking.store\/wp-content\/uploads\/2022\/03\/Qman-12011-Fire-Rescue-Mini-Set-4-in-1-with-410-pieces-6-300x416.jpg 300w, https:\/\/mouldking.store\/wp-content\/uploads\/2022\/03\/Qman-12011-Fire-Rescue-Mini-Set-4-in-1-with-410-pieces-6-600x833.jpg 600w, https:\/\/mouldking.store\/wp-content\/uploads\/2022\/03\/Qman-12011-Fire-Rescue-Mini-Set-4-in-1-with-410-pieces-6-108x150.jpg 108w\" sizes=\"(max-width: 738px) 100vw, 738px\" \/><figcaption id=\"caption-attachment-30185\" class=\"wp-caption-text\">B\u1ed9 C\u1ee9u H\u1ecfa Mini Qman 12011 4 trong 1 g\u1ed3m 410 chi ti\u1ebft<\/figcaption><\/figure>\n<figure id=\"attachment_30180\" aria-describedby=\"caption-attachment-30180\" style=\"width: 800px\" class=\"wp-caption aligncenter\"><img decoding=\"async\" class=\"wp-image-30180 size-full\" src=\"https:\/\/mouldking.store\/wp-content\/uploads\/2022\/03\/Qman-12011-Fire-Rescue-Mini-Set-4-in-1-with-410-pieces-1.jpg\" alt=\"Qman 12011 Fire Rescue Mini Set 4 in 1 with 410 pieces\" width=\"800\" height=\"800\" title=\"-\" srcset=\"https:\/\/mouldking.store\/wp-content\/uploads\/2022\/03\/Qman-12011-Fire-Rescue-Mini-Set-4-in-1-with-410-pieces-1.jpg 800w, https:\/\/mouldking.store\/wp-content\/uploads\/2022\/03\/Qman-12011-Fire-Rescue-Mini-Set-4-in-1-with-410-pieces-1-300x300.jpg 300w, https:\/\/mouldking.store\/wp-content\/uploads\/2022\/03\/Qman-12011-Fire-Rescue-Mini-Set-4-in-1-with-410-pieces-1-768x768.jpg 768w, https:\/\/mouldking.store\/wp-content\/uploads\/2022\/03\/Qman-12011-Fire-Rescue-Mini-Set-4-in-1-with-410-pieces-1-600x600.jpg 600w, https:\/\/mouldking.store\/wp-content\/uploads\/2022\/03\/Qman-12011-Fire-Rescue-Mini-Set-4-in-1-with-410-pieces-1-150x150.jpg 150w\" sizes=\"(max-width: 800px) 100vw, 800px\" \/><figcaption id=\"caption-attachment-30180\" class=\"wp-caption-text\">B\u1ed9 C\u1ee9u H\u1ecfa Mini Qman 12011 4 trong 1 g\u1ed3m 410 chi ti\u1ebft<\/figcaption><\/figure>\n<figure id=\"attachment_30186\" aria-describedby=\"caption-attachment-30186\" style=\"width: 790px\" class=\"wp-caption aligncenter\"><img loading=\"lazy\" decoding=\"async\" class=\"wp-image-30186 size-full\" src=\"https:\/\/mouldking.store\/wp-content\/uploads\/2022\/03\/Qman-12011-Fire-Rescue-Mini-Set-4-in-1-with-410-pieces-7.jpg\" alt=\"Qman 12011 Fire Rescue Mini Set 4 in 1 with 410 pieces\" width=\"790\" height=\"498\" title=\"-\" srcset=\"https:\/\/mouldking.store\/wp-content\/uploads\/2022\/03\/Qman-12011-Fire-Rescue-Mini-Set-4-in-1-with-410-pieces-7.jpg 790w, https:\/\/mouldking.store\/wp-content\/uploads\/2022\/03\/Qman-12011-Fire-Rescue-Mini-Set-4-in-1-with-410-pieces-7-300x189.jpg 300w, https:\/\/mouldking.store\/wp-content\/uploads\/2022\/03\/Qman-12011-Fire-Rescue-Mini-Set-4-in-1-with-410-pieces-7-768x484.jpg 768w, https:\/\/mouldking.store\/wp-content\/uploads\/2022\/03\/Qman-12011-Fire-Rescue-Mini-Set-4-in-1-with-410-pieces-7-600x378.jpg 600w, https:\/\/mouldking.store\/wp-content\/uploads\/2022\/03\/Qman-12011-Fire-Rescue-Mini-Set-4-in-1-with-410-pieces-7-150x95.jpg 150w\" sizes=\"(max-width: 790px) 100vw, 790px\" \/><figcaption id=\"caption-attachment-30186\" class=\"wp-caption-text\">B\u1ed9 C\u1ee9u H\u1ecfa Mini Qman 12011 4 trong 1 g\u1ed3m 410 chi ti\u1ebft<\/figcaption><\/figure>\n<figure id=\"attachment_30181\" aria-describedby=\"caption-attachment-30181\" style=\"width: 738px\" class=\"wp-caption aligncenter\"><img loading=\"lazy\" decoding=\"async\" class=\"wp-image-30181 size-full\" src=\"https:\/\/mouldking.store\/wp-content\/uploads\/2022\/03\/Qman-12011-Fire-Rescue-Mini-Set-4-in-1-with-410-pieces-2.jpg\" alt=\"Qman 12011 Fire Rescue Mini Set 4 in 1 with 410 pieces\" width=\"738\" height=\"1024\" title=\"-\" srcset=\"https:\/\/mouldking.store\/wp-content\/uploads\/2022\/03\/Qman-12011-Fire-Rescue-Mini-Set-4-in-1-with-410-pieces-2.jpg 738w, https:\/\/mouldking.store\/wp-content\/uploads\/2022\/03\/Qman-12011-Fire-Rescue-Mini-Set-4-in-1-with-410-pieces-2-216x300.jpg 216w, https:\/\/mouldking.store\/wp-content\/uploads\/2022\/03\/Qman-12011-Fire-Rescue-Mini-Set-4-in-1-with-410-pieces-2-300x416.jpg 300w, https:\/\/mouldking.store\/wp-content\/uploads\/2022\/03\/Qman-12011-Fire-Rescue-Mini-Set-4-in-1-with-410-pieces-2-600x833.jpg 600w, https:\/\/mouldking.store\/wp-content\/uploads\/2022\/03\/Qman-12011-Fire-Rescue-Mini-Set-4-in-1-with-410-pieces-2-108x150.jpg 108w\" sizes=\"(max-width: 738px) 100vw, 738px\" \/><figcaption id=\"caption-attachment-30181\" class=\"wp-caption-text\">B\u1ed9 C\u1ee9u H\u1ecfa Mini Qman 12011 4 trong 1 g\u1ed3m 410 chi ti\u1ebft<\/figcaption><\/figure>\n<figure id=\"attachment_30187\" aria-describedby=\"caption-attachment-30187\" style=\"width: 790px\" class=\"wp-caption aligncenter\"><img loading=\"lazy\" decoding=\"async\" class=\"wp-image-30187 size-full\" src=\"https:\/\/mouldking.store\/wp-content\/uploads\/2022\/03\/Qman-12011-Fire-Rescue-Mini-Set-4-in-1-with-410-pieces-8.jpg\" alt=\"Qman 12011 Fire Rescue Mini Set 4 in 1 with 410 pieces\" width=\"790\" height=\"506\" title=\"-\" srcset=\"https:\/\/mouldking.store\/wp-content\/uploads\/2022\/03\/Qman-12011-Fire-Rescue-Mini-Set-4-in-1-with-410-pieces-8.jpg 790w, https:\/\/mouldking.store\/wp-content\/uploads\/2022\/03\/Qman-12011-Fire-Rescue-Mini-Set-4-in-1-with-410-pieces-8-300x192.jpg 300w, https:\/\/mouldking.store\/wp-content\/uploads\/2022\/03\/Qman-12011-Fire-Rescue-Mini-Set-4-in-1-with-410-pieces-8-768x492.jpg 768w, https:\/\/mouldking.store\/wp-content\/uploads\/2022\/03\/Qman-12011-Fire-Rescue-Mini-Set-4-in-1-with-410-pieces-8-600x384.jpg 600w, https:\/\/mouldking.store\/wp-content\/uploads\/2022\/03\/Qman-12011-Fire-Rescue-Mini-Set-4-in-1-with-410-pieces-8-150x96.jpg 150w\" sizes=\"(max-width: 790px) 100vw, 790px\" \/><figcaption id=\"caption-attachment-30187\" class=\"wp-caption-text\">B\u1ed9 C\u1ee9u H\u1ecfa Mini Qman 12011 4 trong 1 g\u1ed3m 410 chi ti\u1ebft<\/figcaption><\/figure>\n<figure id=\"attachment_30182\" aria-describedby=\"caption-attachment-30182\" style=\"width: 645px\" class=\"wp-caption aligncenter\"><img loading=\"lazy\" decoding=\"async\" class=\"wp-image-30182 size-full\" src=\"https:\/\/mouldking.store\/wp-content\/uploads\/2022\/03\/Qman-12011-Fire-Rescue-Mini-Set-4-in-1-with-410-pieces-3.jpg\" alt=\"Qman 12011 Fire Rescue Mini Set 4 in 1 with 410 pieces\" width=\"645\" height=\"1024\" title=\"-\" srcset=\"https:\/\/mouldking.store\/wp-content\/uploads\/2022\/03\/Qman-12011-Fire-Rescue-Mini-Set-4-in-1-with-410-pieces-3.jpg 645w, https:\/\/mouldking.store\/wp-content\/uploads\/2022\/03\/Qman-12011-Fire-Rescue-Mini-Set-4-in-1-with-410-pieces-3-189x300.jpg 189w, https:\/\/mouldking.store\/wp-content\/uploads\/2022\/03\/Qman-12011-Fire-Rescue-Mini-Set-4-in-1-with-410-pieces-3-300x476.jpg 300w, https:\/\/mouldking.store\/wp-content\/uploads\/2022\/03\/Qman-12011-Fire-Rescue-Mini-Set-4-in-1-with-410-pieces-3-600x953.jpg 600w, https:\/\/mouldking.store\/wp-content\/uploads\/2022\/03\/Qman-12011-Fire-Rescue-Mini-Set-4-in-1-with-410-pieces-3-94x150.jpg 94w\" sizes=\"(max-width: 645px) 100vw, 645px\" \/><figcaption id=\"caption-attachment-30182\" class=\"wp-caption-text\">B\u1ed9 C\u1ee9u H\u1ecfa Mini Qman 12011 4 trong 1 g\u1ed3m 410 chi ti\u1ebft<\/figcaption><\/figure>\n<figure id=\"attachment_30188\" aria-describedby=\"caption-attachment-30188\" style=\"width: 790px\" class=\"wp-caption aligncenter\"><img loading=\"lazy\" decoding=\"async\" class=\"wp-image-30188 size-full\" src=\"https:\/\/mouldking.store\/wp-content\/uploads\/2022\/03\/Qman-12011-Fire-Rescue-Mini-Set-4-in-1-with-410-pieces-9.jpg\" alt=\"Qman 12011 Fire Rescue Mini Set 4 in 1 with 410 pieces\" width=\"790\" height=\"505\" title=\"-\" srcset=\"https:\/\/mouldking.store\/wp-content\/uploads\/2022\/03\/Qman-12011-Fire-Rescue-Mini-Set-4-in-1-with-410-pieces-9.jpg 790w, https:\/\/mouldking.store\/wp-content\/uploads\/2022\/03\/Qman-12011-Fire-Rescue-Mini-Set-4-in-1-with-410-pieces-9-300x192.jpg 300w, https:\/\/mouldking.store\/wp-content\/uploads\/2022\/03\/Qman-12011-Fire-Rescue-Mini-Set-4-in-1-with-410-pieces-9-768x491.jpg 768w, https:\/\/mouldking.store\/wp-content\/uploads\/2022\/03\/Qman-12011-Fire-Rescue-Mini-Set-4-in-1-with-410-pieces-9-600x384.jpg 600w, https:\/\/mouldking.store\/wp-content\/uploads\/2022\/03\/Qman-12011-Fire-Rescue-Mini-Set-4-in-1-with-410-pieces-9-150x96.jpg 150w\" sizes=\"(max-width: 790px) 100vw, 790px\" \/><figcaption id=\"caption-attachment-30188\" class=\"wp-caption-text\">B\u1ed9 C\u1ee9u H\u1ecfa Mini Qman 12011 4 trong 1 g\u1ed3m 410 chi ti\u1ebft<\/figcaption><\/figure>\n<figure id=\"attachment_30183\" aria-describedby=\"caption-attachment-30183\" style=\"width: 638px\" class=\"wp-caption aligncenter\"><img loading=\"lazy\" decoding=\"async\" class=\"wp-image-30183 size-full\" src=\"https:\/\/mouldking.store\/wp-content\/uploads\/2022\/03\/Qman-12011-Fire-Rescue-Mini-Set-4-in-1-with-410-pieces-4.jpg\" alt=\"Qman 12011 Fire Rescue Mini Set 4 in 1 with 410 pieces\" width=\"638\" height=\"1024\" title=\"-\" srcset=\"https:\/\/mouldking.store\/wp-content\/uploads\/2022\/03\/Qman-12011-Fire-Rescue-Mini-Set-4-in-1-with-410-pieces-4.jpg 638w, https:\/\/mouldking.store\/wp-content\/uploads\/2022\/03\/Qman-12011-Fire-Rescue-Mini-Set-4-in-1-with-410-pieces-4-187x300.jpg 187w, https:\/\/mouldking.store\/wp-content\/uploads\/2022\/03\/Qman-12011-Fire-Rescue-Mini-Set-4-in-1-with-410-pieces-4-300x482.jpg 300w, https:\/\/mouldking.store\/wp-content\/uploads\/2022\/03\/Qman-12011-Fire-Rescue-Mini-Set-4-in-1-with-410-pieces-4-600x963.jpg 600w, https:\/\/mouldking.store\/wp-content\/uploads\/2022\/03\/Qman-12011-Fire-Rescue-Mini-Set-4-in-1-with-410-pieces-4-93x150.jpg 93w\" sizes=\"(max-width: 638px) 100vw, 638px\" \/><figcaption id=\"caption-attachment-30183\" class=\"wp-caption-text\">B\u1ed9 C\u1ee9u H\u1ecfa Mini Qman 12011 4 trong 1 g\u1ed3m 410 chi ti\u1ebft<\/figcaption><\/figure>\n<figure id=\"attachment_30189\" aria-describedby=\"caption-attachment-30189\" style=\"width: 790px\" class=\"wp-caption aligncenter\"><img loading=\"lazy\" decoding=\"async\" class=\"wp-image-30189 size-full\" src=\"https:\/\/mouldking.store\/wp-content\/uploads\/2022\/03\/Qman-12011-Fire-Rescue-Mini-Set-4-in-1-with-410-pieces-10.jpg\" alt=\"Qman 12011 Fire Rescue Mini Set 4 in 1 with 410 pieces\" width=\"790\" height=\"504\" title=\"-\" srcset=\"https:\/\/mouldking.store\/wp-content\/uploads\/2022\/03\/Qman-12011-Fire-Rescue-Mini-Set-4-in-1-with-410-pieces-10.jpg 790w, https:\/\/mouldking.store\/wp-content\/uploads\/2022\/03\/Qman-12011-Fire-Rescue-Mini-Set-4-in-1-with-410-pieces-10-300x191.jpg 300w, https:\/\/mouldking.store\/wp-content\/uploads\/2022\/03\/Qman-12011-Fire-Rescue-Mini-Set-4-in-1-with-410-pieces-10-768x490.jpg 768w, https:\/\/mouldking.store\/wp-content\/uploads\/2022\/03\/Qman-12011-Fire-Rescue-Mini-Set-4-in-1-with-410-pieces-10-600x383.jpg 600w, https:\/\/mouldking.store\/wp-content\/uploads\/2022\/03\/Qman-12011-Fire-Rescue-Mini-Set-4-in-1-with-410-pieces-10-150x96.jpg 150w\" sizes=\"(max-width: 790px) 100vw, 790px\" \/><figcaption id=\"caption-attachment-30189\" class=\"wp-caption-text\">B\u1ed9 C\u1ee9u H\u1ecfa Mini Qman 12011 4 trong 1 g\u1ed3m 410 chi ti\u1ebft<\/figcaption><\/figure>\n<figure id=\"attachment_30184\" aria-describedby=\"caption-attachment-30184\" style=\"width: 658px\" class=\"wp-caption aligncenter\"><img loading=\"lazy\" decoding=\"async\" class=\"wp-image-30184 size-full\" src=\"https:\/\/mouldking.store\/wp-content\/uploads\/2022\/03\/Qman-12011-Fire-Rescue-Mini-Set-4-in-1-with-410-pieces-5.jpg\" alt=\"Qman 12011 Fire Rescue Mini Set 4 in 1 with 410 pieces\" width=\"658\" height=\"1024\" title=\"-\" srcset=\"https:\/\/mouldking.store\/wp-content\/uploads\/2022\/03\/Qman-12011-Fire-Rescue-Mini-Set-4-in-1-with-410-pieces-5.jpg 658w, https:\/\/mouldking.store\/wp-content\/uploads\/2022\/03\/Qman-12011-Fire-Rescue-Mini-Set-4-in-1-with-410-pieces-5-193x300.jpg 193w, https:\/\/mouldking.store\/wp-content\/uploads\/2022\/03\/Qman-12011-Fire-Rescue-Mini-Set-4-in-1-with-410-pieces-5-300x467.jpg 300w, https:\/\/mouldking.store\/wp-content\/uploads\/2022\/03\/Qman-12011-Fire-Rescue-Mini-Set-4-in-1-with-410-pieces-5-600x934.jpg 600w, https:\/\/mouldking.store\/wp-content\/uploads\/2022\/03\/Qman-12011-Fire-Rescue-Mini-Set-4-in-1-with-410-pieces-5-96x150.jpg 96w\" sizes=\"(max-width: 658px) 100vw, 658px\" \/><figcaption id=\"caption-attachment-30184\" class=\"wp-caption-text\">B\u1ed9 C\u1ee9u H\u1ecfa Mini Qman 12011 4 trong 1 g\u1ed3m 410 chi ti\u1ebft<\/figcaption><\/figure>\n<figure id=\"attachment_30190\" aria-describedby=\"caption-attachment-30190\" style=\"width: 790px\" class=\"wp-caption aligncenter\"><img loading=\"lazy\" decoding=\"async\" class=\"wp-image-30190 size-full\" src=\"https:\/\/mouldking.store\/wp-content\/uploads\/2022\/03\/Qman-12011-Fire-Rescue-Mini-Set-4-in-1-with-410-pieces-11.jpg\" alt=\"Qman 12011 Fire Rescue Mini Set 4 in 1 with 410 pieces\" width=\"790\" height=\"709\" title=\"-\" srcset=\"https:\/\/mouldking.store\/wp-content\/uploads\/2022\/03\/Qman-12011-Fire-Rescue-Mini-Set-4-in-1-with-410-pieces-11.jpg 790w, https:\/\/mouldking.store\/wp-content\/uploads\/2022\/03\/Qman-12011-Fire-Rescue-Mini-Set-4-in-1-with-410-pieces-11-300x269.jpg 300w, https:\/\/mouldking.store\/wp-content\/uploads\/2022\/03\/Qman-12011-Fire-Rescue-Mini-Set-4-in-1-with-410-pieces-11-768x689.jpg 768w, https:\/\/mouldking.store\/wp-content\/uploads\/2022\/03\/Qman-12011-Fire-Rescue-Mini-Set-4-in-1-with-410-pieces-11-600x538.jpg 600w, https:\/\/mouldking.store\/wp-content\/uploads\/2022\/03\/Qman-12011-Fire-Rescue-Mini-Set-4-in-1-with-410-pieces-11-150x135.jpg 150w\" sizes=\"(max-width: 790px) 100vw, 790px\" \/><figcaption id=\"caption-attachment-30190\" class=\"wp-caption-text\">B\u1ed9 C\u1ee9u H\u1ecfa Mini Qman 12011 4 trong 1 g\u1ed3m 410 chi ti\u1ebft<\/figcaption><\/figure>","protected":false},"excerpt":{"rendered":"<p>Product information: Brand: Qman Gender: Unisex Name: Fire Rescue Mini Set 4 in 1 Age Range: &gt; 6 years old Model Number: 12011 Classification: Assemblage Plastic Block Shape: Self-Locking Bricks Material: Plastic Plastic Type: ABS Bricks Blocks: 410 PCS Contains detailed assembly instructions. Notice: 1. Without an original box, but we guarantee our products have [&hellip;]<\/p>","protected":false},"featured_media":30180,"comment_status":"closed","ping_status":"closed","template":"","meta":{"_acf_changed":false},"product_cat":[364],"product_tag":[2660,4900,4898,4806,4897,4899,4896,4895],"class_list":["product","first","instock","shipping-taxable","purchasable","product-type-simple"],"acf":[],"_links":{"self":[{"href":"https:\/\/mouldking.store\/vi\/wp-json\/wp\/v2\/product\/30179","targetHints":{"allow":["GET"]}}],"collection":[{"href":"https:\/\/mouldking.store\/vi\/wp-json\/wp\/v2\/product"}],"about":[{"href":"https:\/\/mouldking.store\/vi\/wp-json\/wp\/v2\/types\/product"}],"replies":[{"embeddable":true,"href":"https:\/\/mouldking.store\/vi\/wp-json\/wp\/v2\/comments?post=30179"}],"wp:featuredmedia":[{"embeddable":true,"href":"https:\/\/mouldking.store\/vi\/wp-json\/wp\/v2\/media\/30180"}],"wp:attachment":[{"href":"https:\/\/mouldking.store\/vi\/wp-json\/wp\/v2\/media?parent=30179"}],"wp:term":[{"taxonomy":"product_cat","embeddable":true,"href":"https:\/\/mouldking.store\/vi\/wp-json\/wp\/v2\/product_cat?post=30179"},{"taxonomy":"product_tag","embeddable":true,"href":"https:\/\/mouldking.store\/vi\/wp-json\/wp\/v2\/product_tag?post=30179"}],"curies":[{"name":"wp","href":"https:\/\/api.w.org\/{rel}","templated":true}]}}